{"id":8183,"date":"2024-03-19T04:56:41","date_gmt":"2024-03-19T04:56:41","guid":{"rendered":"https:\/\/cloudmlmsoftware.com\/casa\/"},"modified":"2025-10-09T06:55:34","modified_gmt":"2025-10-09T06:55:34","slug":"casa","status":"publish","type":"page","link":"https:\/\/cloudmlmsoftware.com\/pt-pt\/","title":{"rendered":"Casa"},"content":{"rendered":"","protected":false},"excerpt":{"rendered":"","protected":false},"author":1,"featured_media":0,"parent":0,"menu_order":0,"comment_status":"closed","ping_status":"closed","template":"home-page.php","meta":{"_acf_changed":false,"footnotes":""},"class_list":["post-8183","page","type-page","status-publish","hentry"],"acf":[],"yoast_head":"<!-- This site is optimized with the Yoast SEO Premium plugin v23.6 (Yoast SEO v25.9) - https:\/\/yoast.com\/wordpress\/plugins\/seo\/ -->\n<title>MLM Software para marketing de rede | Software em nuvem mlm<\/title>\n<meta name=\"description\" content=\"Cres\u00e7a com o software Cloud MLM: plataforma MLM segura e movida a IA para neg\u00f3cios de marketing de rede. Demo\u00e7\u00e3o gratuita e pre\u00e7os transparentes! Comece hoje.\" \/>\n<meta name=\"robots\" content=\"index, follow, max-snippet:-1, max-image-preview:large, max-video-preview:-1\" \/>\n<link rel=\"canonical\" href=\"https:\/\/cloudmlmsoftware.com\/pt-pt\/\" \/>\n<meta property=\"og:locale\" content=\"pt_PT\" \/>\n<meta property=\"og:type\" content=\"article\" \/>\n<meta property=\"og:title\" content=\"Software MLM para marketing de rede e neg\u00f3cios de venda direta\" \/>\n<meta property=\"og:description\" content=\"O software \u00e9 uma ferramenta integrada de IA que ajuda empresas de marketing de rede e vendas diretas a expandir seus neg\u00f3cios de forma mais r\u00e1pida e segura.\" \/>\n<meta property=\"og:url\" content=\"https:\/\/cloudmlmsoftware.com\/pt-pt\/\" \/>\n<meta property=\"og:site_name\" content=\"Cloud MLM Software\" \/>\n<meta property=\"article:modified_time\" content=\"2025-10-09T06:55:34+00:00\" \/>\n<meta property=\"og:image\" content=\"https:\/\/cloudmlmsoftware.com\/wp-content\/uploads\/2025\/04\/cloud-mlm-software-dashboard-new1-300x211.webp\" \/>\n<meta name=\"twitter:card\" content=\"summary_large_image\" \/>\n<meta name=\"twitter:title\" content=\"Software MLM para marketing de rede e neg\u00f3cios de venda direta\" \/>\n<meta name=\"twitter:description\" content=\"O software \u00e9 uma ferramenta integrada de IA que ajuda empresas de marketing de rede e vendas diretas a expandir seus neg\u00f3cios de forma mais r\u00e1pida e segura.\" \/>\n<meta name=\"twitter:image\" content=\"https:\/\/cloudmlmsoftware.com\/wp-content\/uploads\/2025\/04\/cloud-mlm-software-dashboard-new1.webp\" \/>\n<!-- \/ Yoast SEO Premium plugin. -->","yoast_head_json":{"title":"MLM Software para marketing de rede | Software em nuvem mlm","description":"Cres\u00e7a com o software Cloud MLM: plataforma MLM segura e movida a IA para neg\u00f3cios de marketing de rede. Demo\u00e7\u00e3o gratuita e pre\u00e7os transparentes! Comece hoje.","robots":{"index":"index","follow":"follow","max-snippet":"max-snippet:-1","max-image-preview":"max-image-preview:large","max-video-preview":"max-video-preview:-1"},"canonical":"https:\/\/cloudmlmsoftware.com\/pt-pt\/","og_locale":"pt_PT","og_type":"article","og_title":"Software MLM para marketing de rede e neg\u00f3cios de venda direta","og_description":"O software \u00e9 uma ferramenta integrada de IA que ajuda empresas de marketing de rede e vendas diretas a expandir seus neg\u00f3cios de forma mais r\u00e1pida e segura.","og_url":"https:\/\/cloudmlmsoftware.com\/pt-pt\/","og_site_name":"Cloud MLM Software","article_modified_time":"2025-10-09T06:55:34+00:00","og_image":[{"url":"https:\/\/cloudmlmsoftware.com\/wp-content\/uploads\/2025\/04\/cloud-mlm-software-dashboard-new1-300x211.webp","type":"","width":"","height":""}],"twitter_card":"summary_large_image","twitter_title":"Software MLM para marketing de rede e neg\u00f3cios de venda direta","twitter_description":"O software \u00e9 uma ferramenta integrada de IA que ajuda empresas de marketing de rede e vendas diretas a expandir seus neg\u00f3cios de forma mais r\u00e1pida e segura.","twitter_image":"https:\/\/cloudmlmsoftware.com\/wp-content\/uploads\/2025\/04\/cloud-mlm-software-dashboard-new1.webp","schema":{"@context":"https:\/\/schema.org","@graph":[{"@type":"WebPage","@id":"https:\/\/cloudmlmsoftware.com\/pt-pt\/","url":"https:\/\/cloudmlmsoftware.com\/pt-pt\/","name":"MLM Software para marketing de rede | Software em nuvem mlm","isPartOf":{"@id":"https:\/\/cloudmlmsoftware.com\/pt-pt\/#website"},"datePublished":"2024-03-19T04:56:41+00:00","dateModified":"2025-10-09T06:55:34+00:00","description":"Cres\u00e7a com o software Cloud MLM: plataforma MLM segura e movida a IA para neg\u00f3cios de marketing de rede. Demo\u00e7\u00e3o gratuita e pre\u00e7os transparentes! Comece hoje.","breadcrumb":{"@id":"https:\/\/cloudmlmsoftware.com\/pt-pt\/#breadcrumb"},"inLanguage":"pt-PT","potentialAction":[{"@type":"ReadAction","target":["https:\/\/cloudmlmsoftware.com\/pt-pt\/"]}]},{"@type":"BreadcrumbList","@id":"https:\/\/cloudmlmsoftware.com\/pt-pt\/#breadcrumb","itemListElement":[{"@type":"ListItem","position":1,"name":"Home","item":"https:\/\/cloudmlmsoftware.com\/pt-pt\/"},{"@type":"ListItem","position":2,"name":"Casa"}]},{"@type":"WebSite","@id":"https:\/\/cloudmlmsoftware.com\/pt-pt\/#website","url":"https:\/\/cloudmlmsoftware.com\/pt-pt\/","name":"Cloud MLM Software","description":"","publisher":{"@id":"https:\/\/cloudmlmsoftware.com\/pt-pt\/#organization"},"potentialAction":[{"@type":"SearchAction","target":{"@type":"EntryPoint","urlTemplate":"https:\/\/cloudmlmsoftware.com\/pt-pt\/?s={search_term_string}"},"query-input":{"@type":"PropertyValueSpecification","valueRequired":true,"valueName":"search_term_string"}}],"inLanguage":"pt-PT"},{"@type":"Organization","@id":"https:\/\/cloudmlmsoftware.com\/pt-pt\/#organization","name":"Cloud MLM Software","url":"https:\/\/cloudmlmsoftware.com\/pt-pt\/","logo":{"@type":"ImageObject","inLanguage":"pt-PT","@id":"https:\/\/cloudmlmsoftware.com\/pt-pt\/#\/schema\/logo\/image\/","url":"https:\/\/cloudmlmsoftware.com\/wp-content\/uploads\/2024\/09\/cloudmlm-logo.webp","contentUrl":"https:\/\/cloudmlmsoftware.com\/wp-content\/uploads\/2024\/09\/cloudmlm-logo.webp","width":200,"height":40,"caption":"Cloud MLM Software"},"image":{"@id":"https:\/\/cloudmlmsoftware.com\/pt-pt\/#\/schema\/logo\/image\/"}}]}},"_links":{"self":[{"href":"https:\/\/cloudmlmsoftware.com\/pt-pt\/wp-json\/wp\/v2\/pages\/8183","targetHints":{"allow":["GET"]}}],"collection":[{"href":"https:\/\/cloudmlmsoftware.com\/pt-pt\/wp-json\/wp\/v2\/pages"}],"about":[{"href":"https:\/\/cloudmlmsoftware.com\/pt-pt\/wp-json\/wp\/v2\/types\/page"}],"author":[{"embeddable":true,"href":"https:\/\/cloudmlmsoftware.com\/pt-pt\/wp-json\/wp\/v2\/users\/1"}],"replies":[{"embeddable":true,"href":"https:\/\/cloudmlmsoftware.com\/pt-pt\/wp-json\/wp\/v2\/comments?post=8183"}],"version-history":[{"count":2,"href":"https:\/\/cloudmlmsoftware.com\/pt-pt\/wp-json\/wp\/v2\/pages\/8183\/revisions"}],"predecessor-version":[{"id":28351,"href":"https:\/\/cloudmlmsoftware.com\/pt-pt\/wp-json\/wp\/v2\/pages\/8183\/revisions\/28351"}],"wp:attachment":[{"href":"https:\/\/cloudmlmsoftware.com\/pt-pt\/wp-json\/wp\/v2\/media?parent=8183"}],"curies":[{"name":"wp","href":"https:\/\/api.w.org\/{rel}","templated":true}]}}