{"id":8064,"date":"2024-06-26T10:23:43","date_gmt":"2024-06-26T10:23:43","guid":{"rendered":"https:\/\/cloudmlmsoftware.com\/sobre-a-empresa\/"},"modified":"2024-09-25T11:07:17","modified_gmt":"2024-09-25T11:07:17","slug":"sobre-companhia","status":"publish","type":"page","link":"https:\/\/cloudmlmsoftware.com\/pt-pt\/sobre-companhia\/","title":{"rendered":"sobre a empresa"},"content":{"rendered":"\n<div class=\"bannerBgcolor BannerBg pt-16 pb-20 overflow-hidden relative\">\n        <div class=\"animation-wrapper\">\n            <div class=\"particle particle-1\"><\/div>\n            <div class=\"particle particle-2\"><\/div>\n            <div class=\"particle particle-3\"><\/div>\n            <div class=\"particle particle-4\"><\/div>\n        <\/div>\n        <div class=\"container mx-auto xl:h-[550px] h-auto\">\n            <div class=\"flex flex-wrap md:flex-row flex-col-reverse items-center\">\n                <div class=\"md:basis-7\/12 sm:basis-12\/12 pt-12 md:pt-0\">\n                    <h1 class=\"lg:text-mainTitleFontSize sm:text-3xl text-3xl text-white lg:leading-snug \"> Aqui est\u00e3o alguns pequenos <span class=\"font-bold animate-charcter-offwhite\">&#8216;fatos&#8217;<\/span> sobre as <span class=\"font-bold animate-charcter-offwhite\">solu\u00e7\u00f5es de software Bpract <\/span>\n                    <\/h1>\n\n                    <p class=\"offlightWhite pt-3 text-md\">oferece produtos de software inovadores, com Cloud MLM Software como nossa principal oferta. N\u00f3s nos concentramos em qualidade, excel\u00eancia e solu\u00e7\u00f5es voltadas para o cliente na ind\u00fastria de tecnologia.  <\/p>\n                <\/div>\n                <div class=\"md:basis-5\/12 sm:basis-12\/12 pl-4 pr-0 py-4\">\n                    <img decoding=\"async\" src=\"\/wp-content\/uploads\/2024\/09\/about_banner-4.webp\" alt=\"melhor software mlm\" width=\"484\" height=\"408\"\/>\n\n                <\/div>\n            <\/div>\n        <\/div>\n    <\/div>\n    <!-- ************************************************************************************* -->\n    <section class=\"p-sectionpadding\">\n\n        <div class=\"container mx-auto mt-8\">\n            <!-- Left side box -->\n            <div class=\"flex flex-wrap lg:space-x-8\">\n                <div class=\"relative hidden lg:flex lg:flex-1 w-full lg:w-4\/12 primaryColor rounded-2xl p-12 pb-0 mb-2\">\n                    <img decoding=\"async\" src=\"\/wp-content\/uploads\/2024\/08\/banner_lightDashboard.webp\" alt=\"Imagem\" class=\"absolute bottom-[-2px] left-0 right-0 mx-auto w-[86%]\"\/>\n                <\/div>\n                <div class=\"w-full lg:w-8\/12 lighter flex-col flex justify-center rounded-2xl overflow-hidden p-6 lg:p-12 mb-2\">\n                    <h2 class=\"md:text-TitlesemiFontSize titleColor text-2xl lg:leading-snug capitalize\">\n                        <span class=\"font-bold\">Bpract software solutions <\/span> offering the best MLM software <\/h2>\n\n                    <p class=\"text-textpara font-light leading-6 py-3\">A Bpract software solutions tem mais de oito anos de experi\u00eancia em oferecer os melhores servi\u00e7os aos nossos clientes em todo o mundo. O software Cloud MLM \u00e9 um dos produtos de ponta da Bpract, oferecendo uma experi\u00eancia perfeita para seus usu\u00e1rios.  <\/p>\n\n                    <p class=\"text-textpara font-light leading-6 pb-3\">\u00c9 uma ferramenta especialmente projetada que ajuda a gerenciar todas as opera\u00e7\u00f5es dentro do sistema de marketing de rede com planos de compensa\u00e7\u00e3o exclusivos, ferramentas avan\u00e7adas e equipe de suporte. Se voc\u00ea est\u00e1 procurando uma solu\u00e7\u00e3o de software eficaz, o MLM em nuvem \u00e9 a melhor escolha para voc\u00ea. Confie na <a href=\"https:\/\/bpract.com\/\" target=\"_blank\" rel=\"noopener\"><span style=\"color:#3498db;\"><b>Bpract software solutions LLP<\/b><\/span><\/a> e gerencie suas tarefas complexas da maneira mais simples poss\u00edvel. N\u00f3s o guiaremos!   <\/p>\n                <\/div>\n            <\/div>\n        <\/div>\n    <\/section>\n\n\n    <!-- ************************** -->\n    <section class=\"p-sectionpadding\">\n        <div class=\"container mx-auto\">\n            <div class=\"relative darkblue rounded-2xl p-6 md:p-12 py-16 overflow-hidden\">\n                <!-- Left side box -->\n                <div class=\"flex flex-wrap md:flex-row flex-col-reverse\">\n                    <div class=\"relative hidden lg:flex w-4\/12 bottom-0 right-0 mb-6 md:mb-0\">\n                        <img decoding=\"async\" src=\"\/wp-content\/uploads\/2024\/09\/who-weAre.webp\" alt=\"Os 5 principais softwares de mlm\" class=\"md:absolute bottom-[-80px] left-[-50px] w-full rounded-tr-xl\"\/>\n                    <\/div>\n\n                    <div class=\" w-full lg:w-8\/12 pb-4\">\n                        <h2 class=\"md:text-TitlesemiFontSize text-2xl text-white lg:leading-snug capitalize\">\n                            <span class=\"font-bold\">Quem somos n\u00f3s? <\/span>\n                        <\/h2>\n                        <h3 class=\"text-xl offWhite lg:leading-snug font-light capitalize my-3\"> O software MLM mais confi\u00e1vel no mercado <\/h3>\n\n                        <p class=\"text-textpara offWhite font-light leading-6 py-2\">Procurando pelas melhores solu\u00e7\u00f5es de software MLM para desenvolver um software MLM para o seu neg\u00f3cio MLM? Ent\u00e3o voc\u00ea est\u00e1 no lugar certo !!. O software Cloud MLM \u00e9 uma das maiores empresas de desenvolvimento de software MLM do mundo, com anos de experi\u00eancia na ind\u00fastria MLM. Se voc\u00ea administra qualquer tipo de neg\u00f3cio MLM, ter as ferramentas certas para gerenciar suas atividades \u00e9 a chave para o sucesso.<\/p>\n\n                        <p class=\"text-textpara offWhite font-light leading-6 py-2\">O nosso software de MLM \u00e9 constru\u00eddo de tal forma que pode ajud\u00e1-lo a completar v\u00e1rias tarefas do seu neg\u00f3cio usando a sua variedade de caracter\u00edsticas. Sempre entregamos software de qualidade para os nossos clientes, analisando as necessidades do seu neg\u00f3cio. O software Cloud MLM \u00e9 projetado para tornar o processo de gera\u00e7\u00e3o de leads mais produtivo. Voc\u00ea pode acompanhar os membros da sua downline que recrutou, bem como quaisquer prospectos ou leads.  <\/p>\n\n                        <div class=\"w-full flex flex-wrap mt-8\">\n                            <div class=\"lg:flex-1 w-full lg:w-4\/12\">\n                                <b class=\"font-semibold offWhite\">COME\u00c7OU A JORNADA<\/b>\n                                <div class=\"text-[65px] primaryTextColor font-bold leading-none\">2015<\/div>\n                            <\/div>\n                            <div class=\"w-full lg:w-8\/12\">\n                                <ul class=\"flex flex-wrap mt-5 lg:mt-0 list1\">\n                                    <li class=\"text-textpara offWhite leading-6 mb-3\">Solu\u00e7\u00f5es F\u00e1ceis &#038; de Emerg\u00eancia a Qualquer Momento<\/li>\n                                    <li class=\"text-textpara offWhite leading-6 mb-3\">Obtendo pre\u00e7o acess\u00edvel por at\u00e9 6 anos<\/li>\n                                    <li class=\"text-textpara offWhite leading-6 mb-3\">Equipas Mais Confi\u00e1veis e Experientes<\/li>\n                                <\/ul>\n                            <\/div>\n                        <\/div>\n                    <\/div>\n\n                <\/div>\n            <\/div>\n        <\/div>\n    <\/section>\n    <!-- =========================================================== -->\n    <section class=\"p-sectionpadding\">\n        <div class=\"container mx-auto\">\n            <div class=\"flex flex-wrap\">\n           \n                <div class=\"w-full flex flex-wrap justify-between items-center mt-4\">\n\n                    <div class=\"w-full lg:w-4\/12\">\n                    \n                        <h3 class=\"lg:text-4xl text-2xl titleColor lg:leading-snug mt-3\">\n                            <span class=\"font-bold\">Sendo uma das melhores empresas de desenvolvimento de software MLM. <\/span> damos mais import\u00e2ncia \u00e0 qualidade do nosso software e o entregamos honestamente aos nossos clientes. <\/h3>\n                    <\/div>\n              \n                    <div class=\"w-full lg:w-7\/12\">\n                        <div class=\"w-full flex flex-wrap pt-2\">\n\n                            <div class=\"w-full lg:w-6\/12 flex flex-col justify-between\">\n                                <p class=\"contentColor text-lg pt-5 leading-6 mb-3\"> Nossos principais objetivos s\u00e3o, <\/p>\n\n                                <div class=\"lightBg text-lg p-6 md:p-12 rounded-xl mt-3 titleColor font-light relative overflow-hidden h-full\">\n                                    <span class=\"dummycountMatrix\">01<\/span> Entregar o melhor software de MLM para empresas, independentemente do seu tipo, tamanho e estrutura. <\/div>\n                                <div class=\"lightBg text-lg titleColor p-6 md:p-12 rounded-xl mt-3 lg:mt-5 h-full font-light relative overflow-hidden\">\n                                    <span class=\"dummycountMatrix\">03<\/span> Permane\u00e7a como a melhor empresa de desenvolvimento de software MLM no futuro. <\/div>\n                            <\/div>\n\n                            <div class=\"w-full lg:w-6\/12 pl-0 lg:pl-5 flex flex-col justify-between\">\n                                <div class=\"lightBg text-lg p-6 md:p-12 rounded-xl mt-3 h-full titleColor font-light relative overflow-hidden\">\n                                    <span class=\"dummycountMatrix\">02<\/span> Descubre y explora nuevas tecnolog\u00edas en nuestro Software MLM de una manera rentable. <\/div>\n                                <div class=\"lightBg text-lg p-6 md:p-12 rounded-xl mt-3 lg:mt-5 h-full titleColor font-light relative overflow-hidden\">\n                                    <span class=\"dummycountMatrix\">04<\/span> Expand our MLM Software development services globally. <\/div>\n                            <\/div>\n\n                        <\/div>\n                    <\/div>\n\n                <\/div>\n            <\/div>\n        <\/div>\n    <\/section>\n    <!-- ========================================================================= -->\n    <section class=\"p-sectionpadding\">\n        <div class=\"container mx-auto\">\n\n            <div class=\"relative primaryColor rounded-2xl p-6 sm:p-12 overflow-hidden\">\n                <div class=\"flex flex-wrap\">\n                    <div class=\"w-full md:w-6\/12 pr-0 md:pr-6\">\n                        <h4 class=\"lg:text-TitlesemiFontSize text-2xl text-white lg:leading-snug mt-3\">\n                             <span class=\"font-bold\">Por que escolher o<\/span> Cloud MLM Software? <\/h4>\n                        <p class=\"text-textSubtitle text-white text-sm font-light pt-5 leading-6 mb-3\"> Only text response : Cloud MLM Software es la mejor decisi\u00f3n de software MLM que jam\u00e1s tomar\u00e1s. Si eres una startup o una red m\u00e1s grande, proporcionamos todas las caracter\u00edsticas necesarias para administrar tu negocio de MLM en l\u00ednea. El software MLM elaborado por Cloud MLM ofrece personalizaci\u00f3n completa a sus usuarios sin ninguna restricci\u00f3n. El software MLM tambi\u00e9n tiene varios colores y temas personalizados de los cuales sus usuarios pueden seleccionar su forma m\u00e1s preferida.    <\/p>\n                    <\/div>\n                    <div class=\"w-full lg:w-6\/12\">\n                        <h3 class=\"lg:text-TitlesemiFontSize text-2xl text-white lg:leading-snug mt-3\">\n                            <span class=\"font-bold\"> \u00bfQue ofrecemos? <\/span>\n                        <\/h3>\n\n                        <p class=\"text-textSubtitle text-white text-sm font-light pt-5 leading-6 mb-3\"> Las servicios que ofrecemos a nuestros clientes son <\/p>\n\n                        <ul class=\"mt-4 block pr-0 sm:pr-10\">\n\n                            <li class=\"flex items-start space-x-2 bg-white duration-300 py-3 px-4 rounded-xl mb-3 w-full md:w-auto\">\n                            <img decoding=\"async\" src=\"https:\/\/cloudmlmsoftware.com\/wp-content\/uploads\/2024\/07\/list1.webp\" width=\"20\" height=\"20\" alt=\"lista\"\/>\n                            <b class=\"font-normal text-slate-950 text-sm\">Software MLM auto-hospedado baseado na Web.<\/b>\n                            <\/li>\n                            <li class=\"flex items-start space-x-2 bg-white duration-300 py-3 px-4 rounded-xl mb-3 w-full md:w-auto\">\n                            <img decoding=\"async\" src=\"https:\/\/cloudmlmsoftware.com\/wp-content\/uploads\/2024\/07\/list1.webp\" width=\"20\" height=\"20\" alt=\"lista\"\/>\n                            <b class=\"font-normal text-slate-950 text-sm\">Personaliza\u00e7\u00f5es de software de marketing multin\u00edvel sem limites.<\/b>\n                            <\/li>\n                            <li class=\"flex items-start space-x-2 bg-white duration-300 py-3 px-4 rounded-xl mb-3 w-full md:w-auto\">\n                            <img decoding=\"async\" src=\"https:\/\/cloudmlmsoftware.com\/wp-content\/uploads\/2024\/07\/list1.webp\" width=\"20\" height=\"20\" alt=\"lista\"\/>\n                            <b class=\"font-normal text-slate-950 text-sm\">Oferece analistas de neg\u00f3cios para esclarecer d\u00favidas em planos de MLM.<\/b>\n                            <\/li>\n                            <li class=\"flex items-start space-x-2 bg-white duration-300 py-3 px-4 rounded-xl mb-3 w-full md:w-auto\">\n                            <img decoding=\"async\" src=\"https:\/\/cloudmlmsoftware.com\/wp-content\/uploads\/2024\/07\/list1.webp\" width=\"20\" height=\"20\" alt=\"lista\"\/>\n                            <b class=\"font-normal text-slate-950 text-sm\">Planos de compensa\u00e7\u00e3o de mlm econ\u00f4micos.<\/b>\n                            <\/li>\n                            \n                        <\/ul>\n                    <\/div>\n                <\/div>\n            <\/div>\n        <\/div>\n    <\/section>\n    <!-- ========================================================================= -->\n    <section class=\"p-sectionpadding\">\n        <div class=\"container mx-auto\">\n            <div class=\"w-full darkblue px-6 lg:px-10 py-10 md:py-16 rounded-2xl\">\n\n\n                <div class=\"flex flex-wrap md:flex-row flex-col-reverse w-full mb-4 items-center\">\n                    <div class=\"w-full md:w-1\/2 font-light\">\n                        <h4 class=\"text-white text-3xl lg:leading-snug capitalize mb-5\"> Onde nos <span class=\"font-bold\">encontramos<\/span>? \n                        <\/h4>\n\n                        <p class=\"text-textSubtitle text-white text-sm font-light leading-6 mb-3\"> Temos uma equipe de desenvolvedores de software com profundo conhecimento em marketing multin\u00edvel e seu algoritmo de sucesso. Utilizamos as tecnologias mais recentes para construir, proteger e garantir que voc\u00ea tenha a melhor experi\u00eancia. Fornecemos tudo o que voc\u00ea precisa para criar campanhas de marketing vencedoras e acompanhar suas atividades de venda e recrutamento, tudo a partir de um painel conveniente que ajudar\u00e1 o seu neg\u00f3cio a crescer com sucesso.  <\/p>\n\n                        <p class=\"text-textSubtitle titleColor font-light py-7 leading-6 mb-3 lighter px-6 rounded-md mt-6 border-l-8 border-sky-500\"> N\u00f3s encontramos nossos clientes em redes sociais como Skype, Whatsapp e Hangout, usamos essas plataformas para iniciar planos com empresas sobre o seu software MLM. <\/p>\n                    <\/div>\n\n                    <div class=\"w-full md:w-1\/2 font-light mb-4\">\n                            <img decoding=\"async\" src=\"\/wp-content\/uploads\/2024\/07\/wemeet.webp\" width=\"503\" height=\"336\" alt=\"Software MLM\"\/>    \n                    <\/div>\n                <\/div>\n            <\/div>\n\n        <\/div>\n    <\/section>\n\n    <!-- ========================================================================= -->\n\n\n    <section class=\"p-sectionpadding\">\n        <div class=\"container mx-auto\">\n\n            <div class=\"text-left lg:text-center\">\n\n                <h3 class=\"titleColor text-2xl lg:text-3xl lg:leading-snug capitalize mb-5 w-full lg:w-6\/12 mx-auto\"> Como conseguimos o t\u00edtulo de &#8220;M<span class=\"font-bold\">elhor empresa de desenvolvimento de software MLM<\/span>&#8220;? Aqui est\u00e3o algumas raz\u00f5es <\/h3>\n            <\/div>\n            <div class=\"flex flex-wrap mt-8 md:mt-16 w-full\">\n                <div class=\"w-full md:w-1\/2 font-light\">\n                    <ul class=\"flex flex-wrap list1 pr-0 md:pr-6\">\n                        <li class=\"text-textpara contentColor font-light leading-6 mb-3\">Utilizamos tecnolog\u00edas de primera categor\u00eda para construir el Software MLM.<\/li>\n                        <li class=\"text-textpara contentColor font-light leading-6 mb-3\">Capas adicionales para seguridad y velocidad en el software de MLM.<\/li>\n                        <li class=\"text-textpara contentColor font-light leading-6 mb-3\">El mejor soporte en el planeta despu\u00e9s de entregar el Software MLM para su negocio.<\/li>\n                        <li class=\"text-textpara contentColor font-light leading-6 mb-3\">Solo texto de respuesta: Equipo de administraci\u00f3n y desarrollo amigable que trabaja duro para hacerlo el mejor e incluso mejor.<\/li>\n                        <li class=\"text-textpara contentColor font-light leading-6 mb-3\">Personaliza como te imagines<\/li>\n                        <li class=\"text-textpara contentColor font-light leading-6 mb-3\">Software MLM untuk bisnis pemasaran multi level dan demo gratis untuk rencana Binary, Matrix, dan uni-level.<\/li>\n                        <li class=\"text-textpara contentColor font-light leading-6 mb-3\">Solo texto de respuesta: Software MLM para marketing de red multinivel y negocio de venta directa, y para necesidades de marketing de afiliados.<\/li>\n                    <\/ul>\n                <\/div>\n                <div class=\"w-full md:w-1\/2 font-light\">\n                    <ul class=\"flex flex-wrap list1\">\n                        <li class=\"text-textpara contentColor font-light leading-6 mb-3\">Utilizando Cloud MLM Software, es muy f\u00e1cil gestionar el marketing online de manera m\u00e1s f\u00e1cil y segura.<\/li>\n                        <li class=\"text-textpara contentColor font-light leading-6 mb-3\">Notre logiciel MLM ne complique jamais les choses, au contraire, il facilite les choses pour vous et vos partenaires commerciaux ainsi que pour vos utilisateurs.<\/li>\n                        <li class=\"text-textpara contentColor font-light leading-6 mb-3\">Somos el mejor equipo que desarrolla Software MLM para empresas de negocios MLM y proporciona una demostraci\u00f3n gratuita del software con planes binarios, matrix, unilevel.<\/li>\n                        <li class=\"text-textpara contentColor font-light leading-6 mb-3\">Soporte para planes ilimitados. \u00a1Binario, Matriz, unilevel, donaci\u00f3n, recarga, tablero y muchos m\u00e1s planes personalizados para seleccionar! Tu plan, tu software.  <\/li>\n                        <li class=\"text-textpara contentColor font-light leading-6 mb-3\">El Software de Cloud MLM es la soluci\u00f3n definitiva para gestionar un negocio MLM, con m\u00f3dulos probados y procesos automatizados, es el mejor Software MLM del mundo.<\/li>\n                    <\/ul>\n                <\/div>\n            <\/div>\n        <\/div>\n\n\n    <\/section>\n","protected":false},"excerpt":{"rendered":"<p>Aqui est\u00e3o alguns pequenos &#8216;fatos&#8217; sobre as solu\u00e7\u00f5es de software Bpract oferece produtos de software inovadores, com Cloud MLM Software como nossa principal oferta. N\u00f3s nos concentramos em qualidade, excel\u00eancia e solu\u00e7\u00f5es voltadas para o cliente na ind\u00fastria de tecnologia. Bpract software solutions offering the best MLM software A Bpract software solutions tem mais de [&hellip;]<\/p>\n","protected":false},"author":1,"featured_media":0,"parent":0,"menu_order":0,"comment_status":"closed","ping_status":"closed","template":"about-page.php","meta":{"_acf_changed":false,"footnotes":""},"class_list":["post-8064","page","type-page","status-publish","hentry"],"acf":[],"yoast_head":"<!-- This site is optimized with the Yoast SEO Premium plugin v23.6 (Yoast SEO v25.9) - https:\/\/yoast.com\/wordpress\/plugins\/seo\/ -->\n<title>Sobre a empresa | Software MLM na nuvem<\/title>\n<meta name=\"description\" content=\"O software Cloud MLM \u00e9 uma das melhores empresas de desenvolvimento de software MLM do mundo. Aqui explica os detalhes sobre a nossa empresa, produtos e servi\u00e7os.\" \/>\n<meta name=\"robots\" content=\"index, follow, max-snippet:-1, max-image-preview:large, max-video-preview:-1\" \/>\n<link rel=\"canonical\" href=\"https:\/\/cloudmlmsoftware.com\/pt-pt\/sobre-companhia\/\" \/>\n<meta property=\"og:locale\" content=\"pt_PT\" \/>\n<meta property=\"og:type\" content=\"article\" \/>\n<meta property=\"og:title\" content=\"sobre a empresa\" \/>\n<meta property=\"og:description\" content=\"O software Cloud MLM \u00e9 uma das melhores empresas de desenvolvimento de software MLM do mundo. Aqui explica os detalhes sobre a nossa empresa, produtos e servi\u00e7os.\" \/>\n<meta property=\"og:url\" content=\"https:\/\/cloudmlmsoftware.com\/pt-pt\/sobre-companhia\/\" \/>\n<meta property=\"og:site_name\" content=\"Cloud MLM Software\" \/>\n<meta property=\"article:modified_time\" content=\"2024-09-25T11:07:17+00:00\" \/>\n<meta property=\"og:image\" content=\"https:\/\/cloudmlmsoftware.com\/wp-content\/uploads\/2024\/07\/list1.webp\" \/>\n<meta name=\"twitter:card\" content=\"summary_large_image\" \/>\n<meta name=\"twitter:label1\" content=\"Tempo estimado de leitura\" \/>\n\t<meta name=\"twitter:data1\" content=\"6 minutos\" \/>\n<!-- \/ Yoast SEO Premium plugin. -->","yoast_head_json":{"title":"Sobre a empresa | Software MLM na nuvem","description":"O software Cloud MLM \u00e9 uma das melhores empresas de desenvolvimento de software MLM do mundo. Aqui explica os detalhes sobre a nossa empresa, produtos e servi\u00e7os.","robots":{"index":"index","follow":"follow","max-snippet":"max-snippet:-1","max-image-preview":"max-image-preview:large","max-video-preview":"max-video-preview:-1"},"canonical":"https:\/\/cloudmlmsoftware.com\/pt-pt\/sobre-companhia\/","og_locale":"pt_PT","og_type":"article","og_title":"sobre a empresa","og_description":"O software Cloud MLM \u00e9 uma das melhores empresas de desenvolvimento de software MLM do mundo. Aqui explica os detalhes sobre a nossa empresa, produtos e servi\u00e7os.","og_url":"https:\/\/cloudmlmsoftware.com\/pt-pt\/sobre-companhia\/","og_site_name":"Cloud MLM Software","article_modified_time":"2024-09-25T11:07:17+00:00","og_image":[{"url":"https:\/\/cloudmlmsoftware.com\/wp-content\/uploads\/2024\/07\/list1.webp","type":"","width":"","height":""}],"twitter_card":"summary_large_image","twitter_misc":{"Tempo estimado de leitura":"6 minutos"},"schema":{"@context":"https:\/\/schema.org","@graph":[{"@type":"WebPage","@id":"https:\/\/cloudmlmsoftware.com\/pt-pt\/sobre-companhia\/","url":"https:\/\/cloudmlmsoftware.com\/pt-pt\/sobre-companhia\/","name":"Sobre a empresa | Software MLM na nuvem","isPartOf":{"@id":"https:\/\/cloudmlmsoftware.com\/pt-pt\/#website"},"primaryImageOfPage":{"@id":"https:\/\/cloudmlmsoftware.com\/pt-pt\/sobre-companhia\/#primaryimage"},"image":{"@id":"https:\/\/cloudmlmsoftware.com\/pt-pt\/sobre-companhia\/#primaryimage"},"thumbnailUrl":"https:\/\/cloudmlmsoftware.com\/wp-content\/uploads\/2024\/07\/list1.webp","datePublished":"2024-06-26T10:23:43+00:00","dateModified":"2024-09-25T11:07:17+00:00","description":"O software Cloud MLM \u00e9 uma das melhores empresas de desenvolvimento de software MLM do mundo. Aqui explica os detalhes sobre a nossa empresa, produtos e servi\u00e7os.","breadcrumb":{"@id":"https:\/\/cloudmlmsoftware.com\/pt-pt\/sobre-companhia\/#breadcrumb"},"inLanguage":"pt-PT","potentialAction":[{"@type":"ReadAction","target":["https:\/\/cloudmlmsoftware.com\/pt-pt\/sobre-companhia\/"]}]},{"@type":"ImageObject","inLanguage":"pt-PT","@id":"https:\/\/cloudmlmsoftware.com\/pt-pt\/sobre-companhia\/#primaryimage","url":"https:\/\/cloudmlmsoftware.com\/wp-content\/uploads\/2024\/07\/list1.webp","contentUrl":"https:\/\/cloudmlmsoftware.com\/wp-content\/uploads\/2024\/07\/list1.webp"},{"@type":"BreadcrumbList","@id":"https:\/\/cloudmlmsoftware.com\/pt-pt\/sobre-companhia\/#breadcrumb","itemListElement":[{"@type":"ListItem","position":1,"name":"Home","item":"https:\/\/cloudmlmsoftware.com\/pt-pt\/"},{"@type":"ListItem","position":2,"name":"sobre a empresa"}]},{"@type":"WebSite","@id":"https:\/\/cloudmlmsoftware.com\/pt-pt\/#website","url":"https:\/\/cloudmlmsoftware.com\/pt-pt\/","name":"Cloud MLM Software","description":"","publisher":{"@id":"https:\/\/cloudmlmsoftware.com\/pt-pt\/#organization"},"potentialAction":[{"@type":"SearchAction","target":{"@type":"EntryPoint","urlTemplate":"https:\/\/cloudmlmsoftware.com\/pt-pt\/?s={search_term_string}"},"query-input":{"@type":"PropertyValueSpecification","valueRequired":true,"valueName":"search_term_string"}}],"inLanguage":"pt-PT"},{"@type":"Organization","@id":"https:\/\/cloudmlmsoftware.com\/pt-pt\/#organization","name":"Cloud MLM Software","url":"https:\/\/cloudmlmsoftware.com\/pt-pt\/","logo":{"@type":"ImageObject","inLanguage":"pt-PT","@id":"https:\/\/cloudmlmsoftware.com\/pt-pt\/#\/schema\/logo\/image\/","url":"https:\/\/cloudmlmsoftware.com\/wp-content\/uploads\/2024\/09\/cloudmlm-logo.webp","contentUrl":"https:\/\/cloudmlmsoftware.com\/wp-content\/uploads\/2024\/09\/cloudmlm-logo.webp","width":200,"height":40,"caption":"Cloud MLM Software"},"image":{"@id":"https:\/\/cloudmlmsoftware.com\/pt-pt\/#\/schema\/logo\/image\/"}}]}},"_links":{"self":[{"href":"https:\/\/cloudmlmsoftware.com\/pt-pt\/wp-json\/wp\/v2\/pages\/8064","targetHints":{"allow":["GET"]}}],"collection":[{"href":"https:\/\/cloudmlmsoftware.com\/pt-pt\/wp-json\/wp\/v2\/pages"}],"about":[{"href":"https:\/\/cloudmlmsoftware.com\/pt-pt\/wp-json\/wp\/v2\/types\/page"}],"author":[{"embeddable":true,"href":"https:\/\/cloudmlmsoftware.com\/pt-pt\/wp-json\/wp\/v2\/users\/1"}],"replies":[{"embeddable":true,"href":"https:\/\/cloudmlmsoftware.com\/pt-pt\/wp-json\/wp\/v2\/comments?post=8064"}],"version-history":[{"count":0,"href":"https:\/\/cloudmlmsoftware.com\/pt-pt\/wp-json\/wp\/v2\/pages\/8064\/revisions"}],"wp:attachment":[{"href":"https:\/\/cloudmlmsoftware.com\/pt-pt\/wp-json\/wp\/v2\/media?parent=8064"}],"curies":[{"name":"wp","href":"https:\/\/api.w.org\/{rel}","templated":true}]}}