{"id":8059,"date":"2024-07-01T12:35:50","date_gmt":"2024-07-01T12:35:50","guid":{"rendered":"https:\/\/cloudmlmsoftware.com\/testemunhos\/"},"modified":"2024-09-25T11:38:00","modified_gmt":"2024-09-25T11:38:00","slug":"testimonials","status":"publish","type":"page","link":"https:\/\/cloudmlmsoftware.com\/pt-pt\/testimonials\/","title":{"rendered":"Depoimentos"},"content":{"rendered":"\n<div class=\"bannerBgcolor BannerBg pt-16 pb-20 relative overflow-hidden\">\n        <div class=\"animation-wrapper\">\n            <div class=\"particle particle-1\"><\/div>\n            <div class=\"particle particle-2\"><\/div>\n            <div class=\"particle particle-3\"><\/div>\n            <div class=\"particle particle-4\"><\/div>\n        <\/div>\n\n        <div class=\"container mx-auto xl:h-[504px] lg:h-[450px] h-auto relative z-1\">\n            <div class=\"flex flex-wrap items-center\">\n                <div class=\"md:basis-5\/12 sm:basis-12\/12 pr-4 pr-0 py-14\">\n                    <img decoding=\"async\" src=\"\/wp-content\/uploads\/2024\/09\/testimonialBanner.webp\" width=\"467\" height=\"340\" alt=\"melhor software mlm nos EUA\"\/>\n                <\/div>\n                <div class=\"md:basis-7\/12 sm:basis-12\/12\">\n                    <h1 class=\"lg:text-mainTitleFontSize sm:text-3xl text-3xl text-white lg:leading-snug \"><span class=\"font-bold animate-charcter-offwhite\">O que nossos clientes dizem<\/span> sobre n\u00f3s<\/h1>\n                    <h2 class=\"offWhite pt-3 text-lg font-light\">Constru\u00edmos relacionamentos de confian\u00e7a com nossos clientes. Fornecemos um \u00f3timo software para eles tamb\u00e9m. Nosso lema \u00e9 atender \u00e0s necessidades de nossos clientes. Temos o prazer de postar as respostas positivas de alguns de nossos clientes abaixo.   <\/h2>\n\n\n                <\/div>\n\n            <\/div>\n        <\/div>\n    <\/div>\n","protected":false},"excerpt":{"rendered":"<p>O que nossos clientes dizem sobre n\u00f3s Constru\u00edmos relacionamentos de confian\u00e7a com nossos clientes. Fornecemos um \u00f3timo software para eles tamb\u00e9m. Nosso lema \u00e9 atender \u00e0s necessidades de nossos clientes. Temos o prazer de postar as respostas positivas de alguns de nossos clientes abaixo.<\/p>\n","protected":false},"author":1,"featured_media":0,"parent":0,"menu_order":0,"comment_status":"closed","ping_status":"closed","template":"testimonials-page.php","meta":{"_acf_changed":false,"footnotes":""},"class_list":["post-8059","page","type-page","status-publish","hentry"],"acf":[],"yoast_head":"<!-- This site is optimized with the Yoast SEO Premium plugin v23.6 (Yoast SEO v25.9) - https:\/\/yoast.com\/wordpress\/plugins\/seo\/ -->\n<title>Testemunhos | Software MLM na nuvem<\/title>\n<meta name=\"description\" content=\"Leia as valiosas avalia\u00e7\u00f5es dos nossos clientes sobre o software MLM na nuvem, ajuda-o a compreender porque nos tornamos os melhores na ind\u00fastria de MLM.\" \/>\n<meta name=\"robots\" content=\"index, follow, max-snippet:-1, max-image-preview:large, max-video-preview:-1\" \/>\n<link rel=\"canonical\" href=\"https:\/\/cloudmlmsoftware.com\/pt-pt\/testimonials\/\" \/>\n<meta property=\"og:locale\" content=\"pt_PT\" \/>\n<meta property=\"og:type\" content=\"article\" \/>\n<meta property=\"og:title\" content=\"Depoimentos\" \/>\n<meta property=\"og:description\" content=\"Leia as valiosas avalia\u00e7\u00f5es dos nossos clientes sobre o software MLM na nuvem, ajuda-o a compreender porque nos tornamos os melhores na ind\u00fastria de MLM.\" \/>\n<meta property=\"og:url\" content=\"https:\/\/cloudmlmsoftware.com\/pt-pt\/testimonials\/\" \/>\n<meta property=\"og:site_name\" content=\"Cloud MLM Software\" \/>\n<meta property=\"article:modified_time\" content=\"2024-09-25T11:38:00+00:00\" \/>\n<meta name=\"twitter:card\" content=\"summary_large_image\" \/>\n<meta name=\"twitter:label1\" content=\"Tempo estimado de leitura\" \/>\n\t<meta name=\"twitter:data1\" content=\"1 minuto\" \/>\n<!-- \/ Yoast SEO Premium plugin. -->","yoast_head_json":{"title":"Testemunhos | Software MLM na nuvem","description":"Leia as valiosas avalia\u00e7\u00f5es dos nossos clientes sobre o software MLM na nuvem, ajuda-o a compreender porque nos tornamos os melhores na ind\u00fastria de MLM.","robots":{"index":"index","follow":"follow","max-snippet":"max-snippet:-1","max-image-preview":"max-image-preview:large","max-video-preview":"max-video-preview:-1"},"canonical":"https:\/\/cloudmlmsoftware.com\/pt-pt\/testimonials\/","og_locale":"pt_PT","og_type":"article","og_title":"Depoimentos","og_description":"Leia as valiosas avalia\u00e7\u00f5es dos nossos clientes sobre o software MLM na nuvem, ajuda-o a compreender porque nos tornamos os melhores na ind\u00fastria de MLM.","og_url":"https:\/\/cloudmlmsoftware.com\/pt-pt\/testimonials\/","og_site_name":"Cloud MLM Software","article_modified_time":"2024-09-25T11:38:00+00:00","twitter_card":"summary_large_image","twitter_misc":{"Tempo estimado de leitura":"1 minuto"},"schema":{"@context":"https:\/\/schema.org","@graph":[{"@type":"WebPage","@id":"https:\/\/cloudmlmsoftware.com\/pt-pt\/testimonials\/","url":"https:\/\/cloudmlmsoftware.com\/pt-pt\/testimonials\/","name":"Testemunhos | Software MLM na nuvem","isPartOf":{"@id":"https:\/\/cloudmlmsoftware.com\/pt-pt\/#website"},"datePublished":"2024-07-01T12:35:50+00:00","dateModified":"2024-09-25T11:38:00+00:00","description":"Leia as valiosas avalia\u00e7\u00f5es dos nossos clientes sobre o software MLM na nuvem, ajuda-o a compreender porque nos tornamos os melhores na ind\u00fastria de MLM.","breadcrumb":{"@id":"https:\/\/cloudmlmsoftware.com\/pt-pt\/testimonials\/#breadcrumb"},"inLanguage":"pt-PT","potentialAction":[{"@type":"ReadAction","target":["https:\/\/cloudmlmsoftware.com\/pt-pt\/testimonials\/"]}]},{"@type":"BreadcrumbList","@id":"https:\/\/cloudmlmsoftware.com\/pt-pt\/testimonials\/#breadcrumb","itemListElement":[{"@type":"ListItem","position":1,"name":"Home","item":"https:\/\/cloudmlmsoftware.com\/pt-pt\/"},{"@type":"ListItem","position":2,"name":"Depoimentos"}]},{"@type":"WebSite","@id":"https:\/\/cloudmlmsoftware.com\/pt-pt\/#website","url":"https:\/\/cloudmlmsoftware.com\/pt-pt\/","name":"Cloud MLM Software","description":"","publisher":{"@id":"https:\/\/cloudmlmsoftware.com\/pt-pt\/#organization"},"potentialAction":[{"@type":"SearchAction","target":{"@type":"EntryPoint","urlTemplate":"https:\/\/cloudmlmsoftware.com\/pt-pt\/?s={search_term_string}"},"query-input":{"@type":"PropertyValueSpecification","valueRequired":true,"valueName":"search_term_string"}}],"inLanguage":"pt-PT"},{"@type":"Organization","@id":"https:\/\/cloudmlmsoftware.com\/pt-pt\/#organization","name":"Cloud MLM Software","url":"https:\/\/cloudmlmsoftware.com\/pt-pt\/","logo":{"@type":"ImageObject","inLanguage":"pt-PT","@id":"https:\/\/cloudmlmsoftware.com\/pt-pt\/#\/schema\/logo\/image\/","url":"https:\/\/cloudmlmsoftware.com\/wp-content\/uploads\/2024\/09\/cloudmlm-logo.webp","contentUrl":"https:\/\/cloudmlmsoftware.com\/wp-content\/uploads\/2024\/09\/cloudmlm-logo.webp","width":200,"height":40,"caption":"Cloud MLM Software"},"image":{"@id":"https:\/\/cloudmlmsoftware.com\/pt-pt\/#\/schema\/logo\/image\/"}}]}},"_links":{"self":[{"href":"https:\/\/cloudmlmsoftware.com\/pt-pt\/wp-json\/wp\/v2\/pages\/8059","targetHints":{"allow":["GET"]}}],"collection":[{"href":"https:\/\/cloudmlmsoftware.com\/pt-pt\/wp-json\/wp\/v2\/pages"}],"about":[{"href":"https:\/\/cloudmlmsoftware.com\/pt-pt\/wp-json\/wp\/v2\/types\/page"}],"author":[{"embeddable":true,"href":"https:\/\/cloudmlmsoftware.com\/pt-pt\/wp-json\/wp\/v2\/users\/1"}],"replies":[{"embeddable":true,"href":"https:\/\/cloudmlmsoftware.com\/pt-pt\/wp-json\/wp\/v2\/comments?post=8059"}],"version-history":[{"count":0,"href":"https:\/\/cloudmlmsoftware.com\/pt-pt\/wp-json\/wp\/v2\/pages\/8059\/revisions"}],"wp:attachment":[{"href":"https:\/\/cloudmlmsoftware.com\/pt-pt\/wp-json\/wp\/v2\/media?parent=8059"}],"curies":[{"name":"wp","href":"https:\/\/api.w.org\/{rel}","templated":true}]}}