{"id":8048,"date":"2024-08-02T04:59:24","date_gmt":"2024-08-02T04:59:24","guid":{"rendered":"https:\/\/cloudmlmsoftware.com\/ajuda-plano-mlm-calculadora\/"},"modified":"2024-10-07T09:45:48","modified_gmt":"2024-10-07T09:45:48","slug":"ajuda-plano-mlm-calculadora","status":"publish","type":"page","link":"https:\/\/cloudmlmsoftware.com\/pt-pt\/ajuda-plano-mlm-calculadora\/","title":{"rendered":"ajuda-plano-mlm-calculadora"},"content":{"rendered":"","protected":false},"excerpt":{"rendered":"","protected":false},"author":2,"featured_media":0,"parent":0,"menu_order":0,"comment_status":"closed","ping_status":"closed","template":"mlmcalculatorinner-page.php","meta":{"_acf_changed":false,"footnotes":""},"class_list":["post-8048","page","type-page","status-publish","hentry"],"acf":[],"yoast_head":"<!-- This site is optimized with the Yoast SEO Premium plugin v23.6 (Yoast SEO v25.9) - https:\/\/yoast.com\/wordpress\/plugins\/seo\/ -->\n<title>Ajude a planear a Calculadora de MMN - Planeie a sua estrat\u00e9gia de MMN<\/title>\n<meta name=\"description\" content=\"Assuma o controlo do seu neg\u00f3cio de MMN! A nossa calculadora simples ajuda-o a prever ganhos e comiss\u00f5es. Planeie de forma eficaz e alcance os seus objetivos!\" \/>\n<meta name=\"robots\" content=\"index, follow, max-snippet:-1, max-image-preview:large, max-video-preview:-1\" \/>\n<link rel=\"canonical\" href=\"https:\/\/cloudmlmsoftware.com\/pt-pt\/ajuda-plano-mlm-calculadora\/\" \/>\n<meta property=\"og:locale\" content=\"pt_PT\" \/>\n<meta property=\"og:type\" content=\"article\" \/>\n<meta property=\"og:title\" content=\"ajuda-plano-mlm-calculadora\" \/>\n<meta property=\"og:description\" content=\"Assuma o controlo do seu neg\u00f3cio de MMN! A nossa calculadora simples ajuda-o a prever ganhos e comiss\u00f5es. Planeie de forma eficaz e alcance os seus objetivos!\" \/>\n<meta property=\"og:url\" content=\"https:\/\/cloudmlmsoftware.com\/pt-pt\/ajuda-plano-mlm-calculadora\/\" \/>\n<meta property=\"og:site_name\" content=\"Cloud MLM Software\" \/>\n<meta property=\"article:modified_time\" content=\"2024-10-07T09:45:48+00:00\" \/>\n<meta name=\"twitter:card\" content=\"summary_large_image\" \/>\n<!-- \/ Yoast SEO Premium plugin. -->","yoast_head_json":{"title":"Ajude a planear a Calculadora de MMN - Planeie a sua estrat\u00e9gia de MMN","description":"Assuma o controlo do seu neg\u00f3cio de MMN! A nossa calculadora simples ajuda-o a prever ganhos e comiss\u00f5es. Planeie de forma eficaz e alcance os seus objetivos!","robots":{"index":"index","follow":"follow","max-snippet":"max-snippet:-1","max-image-preview":"max-image-preview:large","max-video-preview":"max-video-preview:-1"},"canonical":"https:\/\/cloudmlmsoftware.com\/pt-pt\/ajuda-plano-mlm-calculadora\/","og_locale":"pt_PT","og_type":"article","og_title":"ajuda-plano-mlm-calculadora","og_description":"Assuma o controlo do seu neg\u00f3cio de MMN! A nossa calculadora simples ajuda-o a prever ganhos e comiss\u00f5es. Planeie de forma eficaz e alcance os seus objetivos!","og_url":"https:\/\/cloudmlmsoftware.com\/pt-pt\/ajuda-plano-mlm-calculadora\/","og_site_name":"Cloud MLM Software","article_modified_time":"2024-10-07T09:45:48+00:00","twitter_card":"summary_large_image","schema":{"@context":"https:\/\/schema.org","@graph":[{"@type":"WebPage","@id":"https:\/\/cloudmlmsoftware.com\/pt-pt\/ajuda-plano-mlm-calculadora\/","url":"https:\/\/cloudmlmsoftware.com\/pt-pt\/ajuda-plano-mlm-calculadora\/","name":"Ajude a planear a Calculadora de MMN - Planeie a sua estrat\u00e9gia de MMN","isPartOf":{"@id":"https:\/\/cloudmlmsoftware.com\/pt-pt\/#website"},"datePublished":"2024-08-02T04:59:24+00:00","dateModified":"2024-10-07T09:45:48+00:00","description":"Assuma o controlo do seu neg\u00f3cio de MMN! A nossa calculadora simples ajuda-o a prever ganhos e comiss\u00f5es. Planeie de forma eficaz e alcance os seus objetivos!","breadcrumb":{"@id":"https:\/\/cloudmlmsoftware.com\/pt-pt\/ajuda-plano-mlm-calculadora\/#breadcrumb"},"inLanguage":"pt-PT","potentialAction":[{"@type":"ReadAction","target":["https:\/\/cloudmlmsoftware.com\/pt-pt\/ajuda-plano-mlm-calculadora\/"]}]},{"@type":"BreadcrumbList","@id":"https:\/\/cloudmlmsoftware.com\/pt-pt\/ajuda-plano-mlm-calculadora\/#breadcrumb","itemListElement":[{"@type":"ListItem","position":1,"name":"Home","item":"https:\/\/cloudmlmsoftware.com\/pt-pt\/"},{"@type":"ListItem","position":2,"name":"ajuda-plano-mlm-calculadora"}]},{"@type":"WebSite","@id":"https:\/\/cloudmlmsoftware.com\/pt-pt\/#website","url":"https:\/\/cloudmlmsoftware.com\/pt-pt\/","name":"Cloud MLM Software","description":"","publisher":{"@id":"https:\/\/cloudmlmsoftware.com\/pt-pt\/#organization"},"potentialAction":[{"@type":"SearchAction","target":{"@type":"EntryPoint","urlTemplate":"https:\/\/cloudmlmsoftware.com\/pt-pt\/?s={search_term_string}"},"query-input":{"@type":"PropertyValueSpecification","valueRequired":true,"valueName":"search_term_string"}}],"inLanguage":"pt-PT"},{"@type":"Organization","@id":"https:\/\/cloudmlmsoftware.com\/pt-pt\/#organization","name":"Cloud MLM Software","url":"https:\/\/cloudmlmsoftware.com\/pt-pt\/","logo":{"@type":"ImageObject","inLanguage":"pt-PT","@id":"https:\/\/cloudmlmsoftware.com\/pt-pt\/#\/schema\/logo\/image\/","url":"https:\/\/cloudmlmsoftware.com\/wp-content\/uploads\/2024\/09\/cloudmlm-logo.webp","contentUrl":"https:\/\/cloudmlmsoftware.com\/wp-content\/uploads\/2024\/09\/cloudmlm-logo.webp","width":200,"height":40,"caption":"Cloud MLM Software"},"image":{"@id":"https:\/\/cloudmlmsoftware.com\/pt-pt\/#\/schema\/logo\/image\/"}}]}},"_links":{"self":[{"href":"https:\/\/cloudmlmsoftware.com\/pt-pt\/wp-json\/wp\/v2\/pages\/8048","targetHints":{"allow":["GET"]}}],"collection":[{"href":"https:\/\/cloudmlmsoftware.com\/pt-pt\/wp-json\/wp\/v2\/pages"}],"about":[{"href":"https:\/\/cloudmlmsoftware.com\/pt-pt\/wp-json\/wp\/v2\/types\/page"}],"author":[{"embeddable":true,"href":"https:\/\/cloudmlmsoftware.com\/pt-pt\/wp-json\/wp\/v2\/users\/2"}],"replies":[{"embeddable":true,"href":"https:\/\/cloudmlmsoftware.com\/pt-pt\/wp-json\/wp\/v2\/comments?post=8048"}],"version-history":[{"count":0,"href":"https:\/\/cloudmlmsoftware.com\/pt-pt\/wp-json\/wp\/v2\/pages\/8048\/revisions"}],"wp:attachment":[{"href":"https:\/\/cloudmlmsoftware.com\/pt-pt\/wp-json\/wp\/v2\/media?parent=8048"}],"curies":[{"name":"wp","href":"https:\/\/api.w.org\/{rel}","templated":true}]}}