{"id":7989,"date":"2024-08-10T06:06:45","date_gmt":"2024-08-10T06:06:45","guid":{"rendered":"https:\/\/cloudmlmsoftware.com\/script-hyip\/"},"modified":"2024-12-02T06:22:41","modified_gmt":"2024-12-02T06:22:41","slug":"script-hyip","status":"publish","type":"page","link":"https:\/\/cloudmlmsoftware.com\/pt-pt\/script-hyip\/","title":{"rendered":"Script HYIP"},"content":{"rendered":"\n<div class=\"bannerBgcolor BannerBg pt-16 pb-20 overflow-hidden relative\">\n   <div class=\"animation-wrapper\">\n      <div class=\"particle particle-1\"><\/div>\n      <div class=\"particle particle-2\"><\/div>\n      <div class=\"particle particle-3\"><\/div>\n      <div class=\"particle particle-4\"><\/div>\n   <\/div>\n   <div class=\"container mx-auto xl:h-[504px] h-auto\">\n      <div class=\"flex flex-wrap md:flex-row flex-col-reverse items-center\">\n         <div class=\"md:basis-7\/12 sm:basis-12\/12 pt-12\">\n            <h1 class=\"lg:text-mainTitleFontSize sm:text-3xl text-3xl text-white lg:leading-snug my-4\"><span class=\"font-bold\">O que \u00e9 um <\/span><span class=\"font-bold animate-charcter-offwhite\"> script HYIP?<\/span><\/h1>\n            <p class=\"offlightWhite pt-3 text-md\">O software HYIP \u00e9 uma solu\u00e7\u00e3o de software avan\u00e7ada, concebida para criar e operar plataformas de investimento online que prometem rendimentos elevados.\nConhecido como High Yield Investment Program, ou HYIP, est\u00e1 a tornar-se popular como uma op\u00e7\u00e3o de investimento devido \u00e0 sua promessa de retornos substanciais num curto per\u00edodo de tempo. <\/p>\n            <p class=\"offlightWhite pt-3 text-md\">Em resposta a esta tend\u00eancia crescente, incorpor\u00e1mos um script HYIP no nosso software de MLM, marcando uma inova\u00e7\u00e3o significativa na ind\u00fastria.\nEste script \u00e9 uma parte fundamental de qualquer software moderno de Marketing Multin\u00edvel (MMN).\nFacilita \u00e0s empresas a gest\u00e3o dos planos de investimento e o acompanhamento dos ganhos.    <\/p>\n         <\/div>\n         <div class=\"md:basis-5\/12 sm:basis-12\/12 pl-4 pr-0 py-14\"> <img decoding=\"async\" src=\"\/wp-content\/uploads\/2024\/08\/directselling.webp\" alt=\"software mlm\" width=\"512\" height=\"422\" class=\"pulseBannerImg\"\/> <\/div>\n      <\/div>\n   <\/div>\n<\/div>\n<!-- ********************************************************* --> \n<section class=\"p-sectionpadding\">\n   <div class=\"container mx-auto pt-20\">\n      <div class=\"flex flex-wrap lg:space-x-8 mt-5\">\n         <div class=\"w-full lg:w-8\/12 overflow-hidden lighter rounded-2xl px-6 md:px-8 py-10 md:py-8 mb-2\">\n            <h2 class=\"text-3xl titleColor lg:leading-snug\">  Porque \u00e9 que <span class=\"font-bold\"> o script HYIP<\/span> <br\/> \u00e9 importante no software MLM?  <\/h2>\n            <p class=\"font-light pt-3 leading-6\">  A integra\u00e7\u00e3o do script HYIP no software MLM \u00e9 crucial.\nTraz v\u00e1rios benef\u00edcios,   <\/p>\n            <ul class=\"flex flex-wrap space-x-2 mt-6 ml-[-12px] list1\">\n               <li class=\"text-textpara contentColor font-light leading-6 mb-3 ml-2\">\n                  <b class=\"font-semibold text-lg\">Gest\u00e3o eficiente<\/b> \n                  <p class=\"font-light pt-1 leading-6\">  Simplifica a gest\u00e3o de planos de investimento e pagamentos complexos.  <\/p>\n               <\/li>\n               <li class=\"text-textpara contentColor font-light leading-6 mb-3 ml-2\">\n                  <b class=\"font-semibold text-lg\">Acompanhamento e relat\u00f3rios<\/b> \n                  <p class=\"font-light pt-1 leading-6\">  Fornece relat\u00f3rios detalhados e op\u00e7\u00f5es de acompanhamento para um melhor controlo.  <\/p>\n               <\/li>\n               <li class=\"text-textpara contentColor font-light leading-6 mb-3 ml-2\">\n                  <b class=\"font-semibold text-lg\">F\u00e1cil de utilizar<\/b> \n                  <p class=\"font-light pt-1 leading-6\">  Facilita a navega\u00e7\u00e3o e a utiliza\u00e7\u00e3o da plataforma, tanto para os administradores como para os utilizadores.  <\/p>\n               <\/li>\n            <\/ul>\n         <\/div>\n         <div class=\"lg:flex-1 w-full lg:w-4\/12 primaryColor rounded-2xl px-6 md:px-12 py-10 md:py-12 mb-2 relative overflow-hidden\">\n            <p><\/p>\n            <p class=\"text-white font-light pt-3 leading-6 offWhite\">  Cada neg\u00f3cio \u00e9 \u00fanico, assim como as suas necessidades.\nPersonalizar o script HYIP \u00e9 vital porque pode ser adaptado para atender a requisitos comerciais espec\u00edficos, ajustar-se \u00e0s necessidades crescentes das empresas e oferecer recursos que s\u00e3o mais atraentes para grupos de utilizadores espec\u00edficos.\nEsta flexibilidade garante que o script pode adaptar-se e melhorar o teu modelo de neg\u00f3cio \u00fanico, ampliando assim a tua presen\u00e7a e tr\u00e1fego online.    <\/p>\n         <\/div>\n      <\/div>\n      <p> <\/p>\n   <\/div>\n<\/section>\n<!-- ************************************************************************************* --> \n<section class=\"p-sectionpadding\">\n   <div class=\"container mx-auto\">\n      <div class=\"flex flex-wrap lg:space-x-8 mt-5\">\n         <div class=\"lg:flex-1 w-full lg:w-4\/12 primaryColor rounded-2xl px-6 md:px-12 py-10 md:py-12 mb-2 relative overflow-hidden\"> <img decoding=\"async\" src=\"\/wp-content\/uploads\/2024\/09\/features.webp\" alt=\"Imagem\" class=\"relative lg:absolute bottom-0 left-0 right-0 mx-auto\"\/> <\/div>\n         <div class=\"w-full lg:w-8\/12 overflow-hidden lighter rounded-2xl px-6 md:px-8 py-10 md:py-8 mb-2\">\n            <h3 class=\"text-3xl titleColor lg:leading-snug\"> Principais recursos do <span class=\"font-bold\">script HYIP<\/span> do CloudMLM <\/h3>\n            <p class=\"font-light pt-3 leading-6\">  O nosso script HYIP, integrado no software MLM, possui v\u00e1rias carater\u00edsticas.  <\/p>\n            <ul class=\"flex flex-wrap space-x-2 mt-6 ml-[-12px] list1\">\n               <li class=\"text-textpara contentColor font-light leading-6 mb-3 ml-2\">\n                  <b class=\"font-semibold text-lg\">Interface de f\u00e1cil utiliza\u00e7\u00e3o<\/b> \n                  <p class=\"font-light pt-1 leading-6\">  O nosso script HYIP possui uma interface de f\u00e1cil utiliza\u00e7\u00e3o que simplifica a navega\u00e7\u00e3o e o funcionamento, tornando-o acess\u00edvel a utilizadores com diferentes n\u00edveis de conhecimentos t\u00e9cnicos.  <\/p>\n               <\/li>\n               <li class=\"text-textpara contentColor font-light leading-6 mb-3 ml-2\">\n                  <b class=\"font-semibold text-lg\">Suporte a v\u00e1rios idiomas<\/b> \n                  <p class=\"font-light pt-1 leading-6\">  Para satisfazer um p\u00fablico global, o gui\u00e3o suporta v\u00e1rias l\u00ednguas, tornando-o acess\u00edvel a utilizadores de diferentes origens lingu\u00edsticas.  <\/p>\n               <\/li>\n               <li class=\"text-textpara contentColor font-light leading-6 mb-3 ml-2\">\n                  <b class=\"font-semibold text-lg\">Quadro tecnol\u00f3gico<\/b> \n                  <p class=\"font-light pt-1 leading-6\">  Constru\u00eddo na estrutura PHP-MVC, aproveita uma pilha de tecnologia familiar e amplamente utilizada.  <\/p>\n               <\/li>\n            <\/ul>\n         <\/div>\n      <\/div>\n   <\/div>\n<\/section>\n<!-- ********************************************************* --> \n<section class=\"p-sectionpadding\">\n   <div class=\"container mx-auto\">\n      <div class=\"flex flex-wrap\">\n         <div class=\"w-full md:w-8\/12\">\n            <h3 class=\"lg:text-TitlesemiFontSize text-2xl titleColor lg:leading-snug mt-3\"> <span class=\"font-bold\"> Funcionalidades <\/span> avan\u00e7adas   <\/h3>\n            <p class=\"text-textSubtitle contentColor text-sm font-light pt-5 leading-6 mb-3\">  O nosso script HYIP integrado com o software MLM n\u00e3o \u00e9 apenas uma solu\u00e7\u00e3o tecnol\u00f3gica; \u00e9 uma ferramenta estrat\u00e9gica que eleva o teu neg\u00f3cio no dom\u00ednio do investimento de alto rendimento, destacando-se pelo seu conjunto de carater\u00edsticas avan\u00e7adas.  <\/p>\n         <\/div>\n         <div class=\"w-full flex flex-wrap pt-2 justify-between\">\n            <div class=\"w-full lg:w-1\/3 pr-0 lg:pr-2 lg:py-2 py-0 flex flex-col justify-between\">\n               <div class=\"lighter px-7 py-7 rounded-xl mt-3 text-lg h-full\">\n                  <h4 class=\"font-semibold text-lg\">Estrutura MVC<\/h4>\n                  <p class=\"text-textSubtitle contentColor text-sm font-light pt-3 leading-6 mb-3\">  Escrito na estrutura Model View Controller (MVC), simplifica o in\u00edcio e a gest\u00e3o de novos s\u00edtios Web de investimento com conhecimentos m\u00ednimos de programa\u00e7\u00e3o.  <\/p>\n               <\/div>\n            <\/div>\n            <div class=\"w-full lg:w-1\/3 px-0 lg:px-2 lg:py-2 py-0 flex flex-col justify-between\">\n               <div class=\"lighter px-7 py-7 rounded-xl mt-3 text-lg h-full\">\n                  <h4 class=\"font-semibold text-lg\">Suporte a v\u00e1rias moedas<\/h4>\n                  <p class=\"text-textSubtitle contentColor text-sm font-light pt-3 leading-6 mb-3\">  Acomoda v\u00e1rias moedas globais, oferecendo op\u00e7\u00f5es de pagamento flex\u00edveis aos utilizadores.  <\/p>\n               <\/div>\n            <\/div>\n            <div class=\"w-full lg:w-1\/3 pl-0 lg:pl-2 lg:py-2 py-0 flex flex-col justify-between\">\n               <div class=\"lighter px-7 py-7 rounded-xl mt-3 text-lg h-full\">\n                  <h4 class=\"font-semibold text-lg\">Defini\u00e7\u00f5es SMTP<\/h4>\n                  <p class=\"text-textSubtitle contentColor text-sm font-light pt-3 leading-6 mb-3\">  Permite a personaliza\u00e7\u00e3o das defini\u00e7\u00f5es do Simple Mail Transfer Protocol para comunica\u00e7\u00f5es de correio eletr\u00f3nico simplificadas.  <\/p>\n               <\/div>\n            <\/div>\n            <div class=\"w-full lg:w-1\/3 lg:py-2 py-0 flex flex-col justify-between pl-0 lg:pr-2\">\n               <div class=\"lighter px-7 py-7 rounded-xl mt-3 text-lg h-full\">\n                  <h4 class=\"font-semibold text-lg\">Sistemas de pagamento automatizados<\/h4>\n                  <p class=\"text-textSubtitle contentColor text-sm font-light pt-3 leading-6 mb-3\">  Inclui sistemas de pagamento automatizados que suportam v\u00e1rios gateways de pagamento, assegurando um processamento de transac\u00e7\u00f5es suave e eficiente.  <\/p>\n               <\/div>\n            <\/div>\n            <div class=\"w-full lg:w-1\/3 px-0 lg:px-2 lg:py-2 py-0 flex flex-col justify-between\">\n               <div class=\"lighter px-7 py-7 rounded-xl mt-3 text-lg h-full\">\n                  <h4 class=\"font-semibold text-lg\">Sistema de dep\u00f3sito de f\u00e1cil utiliza\u00e7\u00e3o<\/h4>\n                  <p class=\"text-textSubtitle contentColor text-sm font-light pt-3 leading-6 mb-3\">  Incorpora os principais gateways de pagamento, simplificando o processo de dep\u00f3sito para os utilizadores.  <\/p>\n               <\/div>\n            <\/div>\n            <div class=\"w-full lg:w-1\/3 pl-0 lg:pl-2 lg:py-2 py-0 flex flex-col justify-between\">\n               <div class=\"lighter px-7 py-7 rounded-xl mt-3 text-lg h-full\">\n                  <h4 class=\"font-semibold text-lg\">Importa\u00e7\u00e3o\/Exporta\u00e7\u00e3o de dados<\/h4>\n                  <p class=\"text-textSubtitle contentColor text-sm font-light pt-3 leading-6 mb-3\">  Oferece uma gest\u00e3o f\u00e1cil dos dados com suporte para v\u00e1rios formatos de ficheiros, acess\u00edvel exclusivamente aos administradores.  <\/p>\n               <\/div>\n            <\/div>\n            <div class=\"w-full lg:w-4\/12 pr-0 lg:pr-2 lg:py-2 py-0 flex flex-col justify-between\">\n               <div class=\"lighter px-7 py-7 rounded-xl mt-3 text-lg h-full\">\n                  <h4 class=\"font-semibold text-lg\">Gest\u00e3o ilimitada de fun\u00e7\u00f5es<\/h4>\n                  <p class=\"text-textSubtitle contentColor text-sm font-light pt-3 leading-6 mb-3\">  Permite o controlo de acesso baseado em fun\u00e7\u00f5es, melhorando a seguran\u00e7a dos dados e a efici\u00eancia da gest\u00e3o.  <\/p>\n               <\/div>\n            <\/div>\n            <div class=\"w-full lg:w-8\/12 pl-0 lg:pl-2 lg:py-2 py-0 flex flex-col justify-between\">\n               <div class=\"lighter px-7 py-7 rounded-xl mt-3 text-lg h-full\">\n                  <p class=\"text-textSubtitle contentColor text-sm font-light pt-3 leading-6 mb-3\">  Estas carater\u00edsticas adicionais, combinadas com as carater\u00edsticas fundamentais do nosso script HYIP, criam uma ferramenta poderosa, vers\u00e1til e segura, aumentando a efic\u00e1cia e o apelo do software MLM no competitivo sector do investimento.  <\/p>\n               <\/div>\n            <\/div>\n         <\/div>\n      <\/div>\n   <\/div>\n<\/section>\n\n\n<section class=\"p-sectionpadding\">\n   <div class=\"container mx-auto\">\n      <div class=\"relative lighter rounded-2xl p-6 md:p-12 py-16 overflow-hidden\">\n         <div class=\"flex flex-wrap md:flex-row flex-col-reverse\">\n            <div class=\"w-full md:w-9\/12 pb-4\">\n               <h4 class=\"md:text-TitlesemiFontSize text-2xl lg:leading-snug capitalize\">\n                  <span class=\"font-bold\">Come\u00e7a com a<\/span> demonstra\u00e7\u00e3o do script <br\/> HYIP  <\/h4>\n               <p class=\"text-textpara font-light leading-6 py-3\"> Com a sua mistura de personaliza\u00e7\u00e3o, carater\u00edsticas avan\u00e7adas e design de f\u00e1cil utiliza\u00e7\u00e3o, o m\u00f3dulo HYIP \u00e9 um recurso inestim\u00e1vel para quem procura deixar uma marca no mundo dos investimentos online. <\/p>\n               <p class=\"text-textpara font-light leading-6 py-3\"> Experimente nossa demonstra\u00e7\u00e3o gratuita de software MLM e desenvolva um script HYIP para atender \u00e0s necessidades espec\u00edficas do seu neg\u00f3cio. <\/p>\n               <div class=\"flex space-x-4 mt-6\">\n                   <a href=\"\/pricing\" target=\"_blank\" rel=\"noopener\" class=\"bg-blue-500 text-white py-2 px-4 rounded hover:bg-blue-600 transition\">Obtenha pre\u00e7os<\/a> <a href=\"https:\/\/cloudmlmsoftware.com\/pt-pt\/software-mlm-instancias-de-software-dedemonstracao-gratuitas\/\" target=\"_blank\" rel=\"noopener\" class=\"bg-blue-500 text-white py-2 px-4 rounded hover:bg-blue-600 transition\">Ver demonstra\u00e7\u00e3o<\/a> \n               <\/div>\n            <\/div>\n            <div class=\"relative w-full md:w-3\/12 bottom-0 right-0 mb-6 md:mb-0\">\n               <img decoding=\"async\" src=\"\/wp-content\/uploads\/2024\/08\/widgets-reports-copy.webp\" alt=\"Imagem\" class=\"md:absolute bottom-[-80px] right-[-50px] w-full\"\/>\n            <\/div>\n         <\/div>\n      <\/div>\n   <\/div>\n<\/section>\n\n\n<p><\/p>\n","protected":false},"excerpt":{"rendered":"<p>O que \u00e9 um script HYIP? O software HYIP \u00e9 uma solu\u00e7\u00e3o de software avan\u00e7ada, concebida para criar e operar plataformas de investimento online que prometem rendimentos elevados. Conhecido como High Yield Investment Program, ou HYIP, est\u00e1 a tornar-se popular como uma op\u00e7\u00e3o de investimento devido \u00e0 sua promessa de retornos substanciais num curto per\u00edodo [&hellip;]<\/p>\n","protected":false},"author":1,"featured_media":0,"parent":0,"menu_order":0,"comment_status":"closed","ping_status":"closed","template":"hyipscript-page.php","meta":{"_acf_changed":false,"footnotes":""},"class_list":["post-7989","page","type-page","status-publish","hentry"],"acf":[],"yoast_head":"<!-- This site is optimized with the Yoast SEO Premium plugin v23.6 (Yoast SEO v25.9) - https:\/\/yoast.com\/wordpress\/plugins\/seo\/ -->\n<title>Script HYIP | Melhor script de gerenciador HYIP<\/title>\n<meta name=\"description\" content=\"Expanda suas oportunidades de neg\u00f3cios personalizando scripts HYIP. Atenda \u00e0s suas expectativas com o m\u00f3dulo HYIP, adaptado \u00e0s necessidades espec\u00edficas do neg\u00f3cio.\" \/>\n<meta name=\"robots\" content=\"index, follow, max-snippet:-1, max-image-preview:large, max-video-preview:-1\" \/>\n<link rel=\"canonical\" href=\"https:\/\/cloudmlmsoftware.com\/pt-pt\/script-hyip\/\" \/>\n<meta property=\"og:locale\" content=\"pt_PT\" \/>\n<meta property=\"og:type\" content=\"article\" \/>\n<meta property=\"og:title\" content=\"Script HYIP\" \/>\n<meta property=\"og:description\" content=\"Expanda suas oportunidades de neg\u00f3cios personalizando scripts HYIP. Atenda \u00e0s suas expectativas com o m\u00f3dulo HYIP, adaptado \u00e0s necessidades espec\u00edficas do neg\u00f3cio.\" \/>\n<meta property=\"og:url\" content=\"https:\/\/cloudmlmsoftware.com\/pt-pt\/script-hyip\/\" \/>\n<meta property=\"og:site_name\" content=\"Cloud MLM Software\" \/>\n<meta property=\"article:modified_time\" content=\"2024-12-02T06:22:41+00:00\" \/>\n<meta name=\"twitter:card\" content=\"summary_large_image\" \/>\n<meta name=\"twitter:label1\" content=\"Tempo estimado de leitura\" \/>\n\t<meta name=\"twitter:data1\" content=\"4 minutos\" \/>\n<!-- \/ Yoast SEO Premium plugin. -->","yoast_head_json":{"title":"Script HYIP | Melhor script de gerenciador HYIP","description":"Expanda suas oportunidades de neg\u00f3cios personalizando scripts HYIP. Atenda \u00e0s suas expectativas com o m\u00f3dulo HYIP, adaptado \u00e0s necessidades espec\u00edficas do neg\u00f3cio.","robots":{"index":"index","follow":"follow","max-snippet":"max-snippet:-1","max-image-preview":"max-image-preview:large","max-video-preview":"max-video-preview:-1"},"canonical":"https:\/\/cloudmlmsoftware.com\/pt-pt\/script-hyip\/","og_locale":"pt_PT","og_type":"article","og_title":"Script HYIP","og_description":"Expanda suas oportunidades de neg\u00f3cios personalizando scripts HYIP. Atenda \u00e0s suas expectativas com o m\u00f3dulo HYIP, adaptado \u00e0s necessidades espec\u00edficas do neg\u00f3cio.","og_url":"https:\/\/cloudmlmsoftware.com\/pt-pt\/script-hyip\/","og_site_name":"Cloud MLM Software","article_modified_time":"2024-12-02T06:22:41+00:00","twitter_card":"summary_large_image","twitter_misc":{"Tempo estimado de leitura":"4 minutos"},"schema":{"@context":"https:\/\/schema.org","@graph":[{"@type":"WebPage","@id":"https:\/\/cloudmlmsoftware.com\/pt-pt\/script-hyip\/","url":"https:\/\/cloudmlmsoftware.com\/pt-pt\/script-hyip\/","name":"Script HYIP | Melhor script de gerenciador HYIP","isPartOf":{"@id":"https:\/\/cloudmlmsoftware.com\/pt-pt\/#website"},"datePublished":"2024-08-10T06:06:45+00:00","dateModified":"2024-12-02T06:22:41+00:00","description":"Expanda suas oportunidades de neg\u00f3cios personalizando scripts HYIP. Atenda \u00e0s suas expectativas com o m\u00f3dulo HYIP, adaptado \u00e0s necessidades espec\u00edficas do neg\u00f3cio.","breadcrumb":{"@id":"https:\/\/cloudmlmsoftware.com\/pt-pt\/script-hyip\/#breadcrumb"},"inLanguage":"pt-PT","potentialAction":[{"@type":"ReadAction","target":["https:\/\/cloudmlmsoftware.com\/pt-pt\/script-hyip\/"]}]},{"@type":"BreadcrumbList","@id":"https:\/\/cloudmlmsoftware.com\/pt-pt\/script-hyip\/#breadcrumb","itemListElement":[{"@type":"ListItem","position":1,"name":"Home","item":"https:\/\/cloudmlmsoftware.com\/pt-pt\/"},{"@type":"ListItem","position":2,"name":"Script HYIP"}]},{"@type":"WebSite","@id":"https:\/\/cloudmlmsoftware.com\/pt-pt\/#website","url":"https:\/\/cloudmlmsoftware.com\/pt-pt\/","name":"Cloud MLM Software","description":"","publisher":{"@id":"https:\/\/cloudmlmsoftware.com\/pt-pt\/#organization"},"potentialAction":[{"@type":"SearchAction","target":{"@type":"EntryPoint","urlTemplate":"https:\/\/cloudmlmsoftware.com\/pt-pt\/?s={search_term_string}"},"query-input":{"@type":"PropertyValueSpecification","valueRequired":true,"valueName":"search_term_string"}}],"inLanguage":"pt-PT"},{"@type":"Organization","@id":"https:\/\/cloudmlmsoftware.com\/pt-pt\/#organization","name":"Cloud MLM Software","url":"https:\/\/cloudmlmsoftware.com\/pt-pt\/","logo":{"@type":"ImageObject","inLanguage":"pt-PT","@id":"https:\/\/cloudmlmsoftware.com\/pt-pt\/#\/schema\/logo\/image\/","url":"https:\/\/cloudmlmsoftware.com\/wp-content\/uploads\/2024\/09\/cloudmlm-logo.webp","contentUrl":"https:\/\/cloudmlmsoftware.com\/wp-content\/uploads\/2024\/09\/cloudmlm-logo.webp","width":200,"height":40,"caption":"Cloud MLM Software"},"image":{"@id":"https:\/\/cloudmlmsoftware.com\/pt-pt\/#\/schema\/logo\/image\/"}}]}},"_links":{"self":[{"href":"https:\/\/cloudmlmsoftware.com\/pt-pt\/wp-json\/wp\/v2\/pages\/7989","targetHints":{"allow":["GET"]}}],"collection":[{"href":"https:\/\/cloudmlmsoftware.com\/pt-pt\/wp-json\/wp\/v2\/pages"}],"about":[{"href":"https:\/\/cloudmlmsoftware.com\/pt-pt\/wp-json\/wp\/v2\/types\/page"}],"author":[{"embeddable":true,"href":"https:\/\/cloudmlmsoftware.com\/pt-pt\/wp-json\/wp\/v2\/users\/1"}],"replies":[{"embeddable":true,"href":"https:\/\/cloudmlmsoftware.com\/pt-pt\/wp-json\/wp\/v2\/comments?post=7989"}],"version-history":[{"count":0,"href":"https:\/\/cloudmlmsoftware.com\/pt-pt\/wp-json\/wp\/v2\/pages\/7989\/revisions"}],"wp:attachment":[{"href":"https:\/\/cloudmlmsoftware.com\/pt-pt\/wp-json\/wp\/v2\/media?parent=7989"}],"curies":[{"name":"wp","href":"https:\/\/api.w.org\/{rel}","templated":true}]}}