{"id":7988,"date":"2024-08-10T06:02:15","date_gmt":"2024-08-10T06:02:15","guid":{"rendered":"https:\/\/cloudmlmsoftware.com\/cloud-mlm-mobile-app\/"},"modified":"2025-10-09T07:04:03","modified_gmt":"2025-10-09T07:04:03","slug":"aplicativo-movel-cloud-mlm","status":"publish","type":"page","link":"https:\/\/cloudmlmsoftware.com\/pt-pt\/aplicativo-movel-cloud-mlm\/","title":{"rendered":"cloud-mlm-mobile-app"},"content":{"rendered":"\n<div class=\"bannerBgcolor BannerBg pt-16 pb-20 overflow-hidden relative\">\n   <div class=\"animation-wrapper\">\n      <div class=\"particle particle-1\"><\/div>\n      <div class=\"particle particle-2\"><\/div>\n      <div class=\"particle particle-3\"><\/div>\n      <div class=\"particle particle-4\"><\/div>\n   <\/div>\n   <div class=\"container mx-auto xl:h-[504px] h-auto\">\n      <div class=\"flex flex-wrap md:flex-row flex-col-reverse items-center\">\n         <div class=\"md:basis-7\/12 sm:basis-12\/12 pt-12\">\n            <h1 class=\"lg:text-mainTitleFontSize sm:text-3xl text-3xl text-white lg:leading-snug my-4\"><span class=\"font-bold animate-charcter\">Cloud <\/span>MLM <br\/> Aplica\u00e7\u00e3o m\u00f3vel  <\/h1>\n            <p class=\"offlightWhite pt-3 text-md\">Ficar \u00e0 frente das inova\u00e7\u00f5es tecnol\u00f3gicas sempre foi nossa prioridade.\nApresentamos a Cloud MLM Mobile App, uma solu\u00e7\u00e3o abrangente concebida para revolucionar a forma como as empresas de marketing multin\u00edvel operam.\nCom o objetivo de melhorar as opera\u00e7\u00f5es de MLM, esta aplica\u00e7\u00e3o m\u00f3vel d\u00e1 aos utilizadores as ferramentas necess\u00e1rias para uma gest\u00e3o eficiente, comunica\u00e7\u00e3o em tempo real e crescimento estrat\u00e9gico.    <\/p>\n               <div class=\"flex space-x-2 mt-5\"> <img decoding=\"async\" src=\"\/wp-content\/themes\/cloudmlmdemo\/assets\/images\/icon\/App-Store.webp\" \n     width=\"150\" \n     height=\"45\" \n     alt=\"Apple App Store download button for Cloud MLM Mobile App\" \n     class=\"btn1\">\n <a href=\"https:\/\/play.google.com\/store\/apps\/details?id=com.bpract.cloudmlm&#038;pli=1\" target=\"_blank\" rel=\"noopener\" class=\"relative\"><img decoding=\"async\" src=\"\/wp-content\/themes\/cloudmlmdemo\/assets\/images\/icon\/Google-Play.webp\" width=\"150\" height=\"45\" alt=\"mlm software\" class=\"transition-transform transform-gpu hover:scale-[1.02]\"><\/a> <\/div>\n         <\/div>\n         <div class=\"md:basis-5\/12 sm:basis-12\/12 pl-4 pr-0 py-14\"> <img decoding=\"async\" src=\"https:\/\/cloudmlmsoftware.com\/wp-content\/uploads\/2024\/07\/bannerImg.webp\" alt=\"software mlm\" width=\"512\" height=\"422\" class=\"pulseBannerImg\"\/> <\/div>\n      <\/div>\n   <\/div>\n<\/div>\n<!-- ************************************************************************************* --> \n<section class=\"p-sectionpadding\">\n   <div class=\"container mx-auto pt-20\">\n      <div class=\"flex flex-wrap lg:space-x-8\">\n         <div class=\"relative hidden lg:flex lg:flex-1 w-full lg:w-4\/12 primaryColor rounded-2xl p-12 pb-0 mb-2\"> <img decoding=\"async\" src=\"\/wp-content\/uploads\/2024\/07\/customeAdmin-img.webp\" alt=\"Imagem\" class=\"absolute bottom-0 left-0 right-0 mx-auto\"\/> <\/div>\n         <div class=\"w-full lg:w-8\/12 lighter flex-col flex justify-center rounded-2xl overflow-hidden p-12 mb-2\">\n            <h2 class=\"md:text-TitlesemiFontSize text-2xl lg:leading-snug capitalize\">Liga-te ao mundo com a <span class=\"font-bold\">Cloud MLM Mobile App<\/span> <\/h2>\n            <p class=\"text-textpara font-light leading-6 py-3\">No mundo do marketing de rede, cada liga\u00e7\u00e3o conta.\nA aplica\u00e7\u00e3o m\u00f3vel de ponta do software Cloud MLM responde \u00e0s diferentes necessidades dos utilizadores e ajuda-os a manterem-se ligados.\nCom anos de experi\u00eancia e conhecimentos avan\u00e7ados no fornecimento de solu\u00e7\u00f5es de software MLM de topo, compreendemos os desafios e as oportunidades \u00fanicas do sector.    <\/p>\n            <p class=\"text-textpara font-light leading-6 pb-3\">Somos especialistas em fornecer as melhores solu\u00e7\u00f5es, quer se trate de uma aplica\u00e7\u00e3o MLM para iOS ou de uma aplica\u00e7\u00e3o MLM para Android.\nA nossa aplica\u00e7\u00e3o m\u00f3vel garante que est\u00e1s sempre ligado \u00e0 tua rede.\nTodas as oportunidades est\u00e3o ao teu alcance com o uso final da aplica\u00e7\u00e3o m\u00f3vel Cloud MLM.    <\/p>\n         <\/div>\n      <\/div>\n   <\/div>\n<\/section>\n<!-- ************************************************************************************* --> \n<section class=\"p-sectionpadding\">\n   <div class=\"container mx-auto\">\n      <div class=\"flex flex-wrap\">\n         <div class=\"w-full md:w-6\/12\">\n            <h3 class=\"lg:text-TitlesemiFontSize text-2xl titleColor lg:leading-snug mt-3\">  Moldando o futuro do MLM com a nossa <span class=\"font-bold\"> aplica\u00e7\u00e3o m\u00f3vel <\/span>  <\/h3>\n            <p class=\"text-textSubtitle contentColor text-sm font-light pt-5 leading-6 mb-3\">A aplica\u00e7\u00e3o m\u00f3vel Cloud MLM garante uma comunica\u00e7\u00e3o perfeita entre os utilizadores e os seus upline, downline e potenciais clientes.  <\/p>\n         <\/div>\n         <div class=\"w-full flex flex-wrap pt-2 justify-between\">\n            <div class=\"primaryColor px-8 py-10 mt-2 rounded-xl mt-3 w-full lg:w-1\/3 lg:my-4 my-0 relative overflow-hidden\">\n               <h4 class=\"text-white text-2xl mt-4\">Moldando o futuro do MLM com a nossa aplica\u00e7\u00e3o m\u00f3vel<\/h4>\n               <p class=\"text-textSubtitle text-white text-sm font-light pt-3 leading-6 mb-3\">A aplica\u00e7\u00e3o m\u00f3vel Cloud MLM garante uma comunica\u00e7\u00e3o perfeita entre os utilizadores e os seus upline, downline e potenciais clientes.<\/p>\n               <img decoding=\"async\" src=\"\/wp-content\/uploads\/2024\/07\/customeAdmin-img.webp\" alt=\"Imagem\" class=\"relative lg:absolute bottom-[-50px] left-0 right-0 mx-auto\"\/> \n            <\/div>\n            <div class=\"w-full lg:w-1\/3 px-0 lg:px-2 lg:py-2 py-0 flex flex-col justify-between pl-0 lg:pl-4\">\n               <div class=\"lighter px-8 py-8 rounded-xl mt-2 text-lg\">\n                  <h4 class=\"font-semibold text-lg\">Conectividade sem esfor\u00e7o<\/h4>\n                  <p class=\"text-textSubtitle contentColor text-sm font-light pt-3 leading-6 mb-3\">  Integra o chat, o e-mail e as chamadas na aplica\u00e7\u00e3o para simplificar a comunica\u00e7\u00e3o dentro da rede, melhorando a colabora\u00e7\u00e3o e o apoio.  <\/p>\n               <\/div>\n               <div class=\"lighter px-8 py-8 rounded-xl mt-2 text-lg\">\n                  <h4 class=\"font-semibold text-lg\">Acompanhamento do desempenho<\/h4>\n                  <p class=\"text-textSubtitle contentColor text-sm font-light pt-3 leading-6 mb-3\">  A nossa aplica\u00e7\u00e3o de marketing de rede est\u00e1 equipada com ferramentas abrangentes de relat\u00f3rio e monitoriza\u00e7\u00e3o do desempenho.<\/p>\n               <\/div>\n            <\/div>\n            <div class=\"w-full lg:w-1\/3 px-0 lg:px-2 lg:py-2 py-0 flex flex-col justify-between\">\n               <div class=\"lighter px-8 py-8 rounded-xl mt-2 text-lg\">\n                  <h4 class=\"font-semibold text-lg\">Mobilidade e flexibilidade<\/h4>\n                  <p class=\"text-textSubtitle contentColor text-sm font-light pt-3 leading-6 mb-3\">Devido \u00e0 sua flexibilidade, a nossa aplica\u00e7\u00e3o m\u00f3vel avan\u00e7ada pode comunicar, acompanhar o progresso da equipa e realizar opera\u00e7\u00f5es comerciais sem esfor\u00e7o.\ntorna-a curta.   <\/p>\n               <\/div>\n               <div class=\"lighter px-8 py-8 rounded-xl mt-2 text-lg\">\n                  <h4 class=\"font-semibold text-lg\">Comunica\u00e7\u00e3o instant\u00e2nea<\/h4>\n                  <p class=\"text-textSubtitle contentColor text-sm font-light pt-3 leading-6 mb-3\">  A aplica\u00e7\u00e3o m\u00f3vel Cloud MLM garante uma comunica\u00e7\u00e3o perfeita entre os utilizadores e os seus upline, downline e potenciais clientes.<\/p>\n               <\/div>\n            <\/div>\n         <\/div>\n      <\/div>\n   <\/div>\n<\/section>\n<!-- ************************************************************************************* --> \n<section class=\"p-sectionpadding\">\n   <div class=\"container mx-auto\">\n      <div class=\"w-full flex lg:flex-wrap flex-wrap-reverse pt-2 justify-between\">\n         <div class=\"w-full lg:w-1\/3 px-0 lg:px-2 lg:py-2 py-0 flex flex-col justify-between pl-0 lg:pl-4\">\n            <div class=\"lighter px-4 py-4 rounded-xl mt-2 text-lg\">\n               <h4 class=\"font-semibold text-lg\">Painel de controlo<\/h4>\n               <p class=\"text-textSubtitle contentColor text-sm font-light pt-2 leading-6 mb-2\">  Os utilizadores recebem uma vis\u00e3o completa do seu neg\u00f3cio de MLM, destacando factores-chave como vendas, comiss\u00f5es e efici\u00eancia da equipa.  <\/p>\n            <\/div>\n            <div class=\"lighter px-4 py-4 rounded-xl mt-2 text-lg\">\n               <h4 class=\"font-semibold text-lg\">E-Wallet<\/h4>\n               <p class=\"text-textSubtitle contentColor text-sm font-light pt-2 leading-6 mb-2\">  A aplica\u00e7\u00e3o m\u00f3vel MLM proporciona aos utilizadores um ambiente seguro para manter e controlar as suas finan\u00e7as digitais no \u00e2mbito do neg\u00f3cio MLM.<\/p>\n            <\/div>\n            <div class=\"lighter px-4 py-4 rounded-xl mt-2 text-lg\">\n               <h4 class=\"font-semibold text-lg\">Gest\u00e3o da linha descendente<\/h4>\n               <p class=\"text-textSubtitle contentColor text-sm font-light pt-2 leading-6 mb-2\">  Ferramentas de gest\u00e3o eficientes para supervisionar as actividades da linha descendente, incluindo recrutamento, forma\u00e7\u00e3o e acompanhamento das vendas.\nEsta funcionalidade ajuda-te a definir estrat\u00e9gias e a apoiar os membros da linha descendente para um crescimento m\u00fatuo. <\/p>\n            <\/div>\n         <\/div>\n         <div class=\"w-full lg:w-1\/3 px-0 lg:px-2 lg:py-2 py-0 flex flex-col justify-between\">\n            <div class=\"lighter px-4 py-4 rounded-xl mt-2 text-lg\">\n               <h4 class=\"font-semibold text-lg\">Relat\u00f3rios<\/h4>\n               <p class=\"text-textSubtitle contentColor text-sm font-light pt-2 leading-6 mb-2\">Os utilizadores t\u00eam acesso a an\u00e1lises detalhadas e a informa\u00e7\u00f5es valiosas sobre vendas, expans\u00e3o da equipa, comiss\u00f5es e muitas outras m\u00e9tricas cruciais.  <\/p>\n            <\/div>\n            <div class=\"lighter px-4 py-4 rounded-xl mt-2 text-lg\">\n               <h4 class=\"font-semibold text-lg\">Suporte multilingue<\/h4>\n               <p class=\"text-textSubtitle contentColor text-sm font-light pt-2 leading-6 mb-2\">A aplica\u00e7\u00e3o m\u00f3vel Cloud MLM suporta sistemas de tradu\u00e7\u00e3o multilingues concebidos para converter texto ou voz de uma l\u00edngua para outra.<\/p>\n            <\/div>\n            <div class=\"lighter px-4 py-4 rounded-xl mt-2 text-lg\">\n               <h4 class=\"font-semibold text-lg\">Forma\u00e7\u00e3o e recursos<\/h4>\n               <p class=\"text-textSubtitle contentColor text-sm font-light pt-2 leading-6 mb-2\">Uma biblioteca de materiais e recursos de forma\u00e7\u00e3o que pode ser acedida em qualquer lugar e a qualquer momento.\nIsto \u00e9 essencial para o desenvolvimento cont\u00ednuo e o sucesso dos distribuidores. <\/p>\n            <\/div>\n         <\/div>\n         <div class=\"pl-0 md:pl-8 py-0 mt-2 rounded-xl mt-3 w-full lg:w-1\/3 lg:my-4 my-0 relative overflow-hidden\"> <img decoding=\"async\" src=\"https:\/\/cloudmlmsoftware.com\/sites\/all\/themes\/cloudmlm\/assets\/images\/mobileAppFull.webp\" alt=\"Imagem\" class=\"relative mx-auto\"\/> <\/div>\n      <\/div>\n   <\/div>\n<\/section>\n<!-- ************************************************************************************* --> \n<section class=\"p-sectionpadding\">\n   <div class=\"container mx-auto\">\n      <div class=\"relative lighter rounded-2xl p-6 md:p-12 py-16 overflow-hidden\">\n         <div class=\"flex flex-wrap md:flex-row flex-col-reverse\">\n            <div class=\" w-full md:w-9\/12 pb-4\">\n               <h4 class=\"md:text-TitlesemiFontSize text-2xl lg:leading-snug capitalize\"> <span class=\"font-bold\">Impulsiona as tuas opera\u00e7\u00f5es de MLM <\/span> <br\/> com as Cloud MLM Apps  <\/h4>\n               <p class=\"text-textpara font-light leading-6 py-3\">A nossa aplica\u00e7\u00e3o m\u00f3vel MLM foi concebida para capacitar os empres\u00e1rios e as empresas de marketing de rede com uma plataforma robusta que simplifica as complexidades e amplia as oportunidades.\nQuer se trate de gerir a tua equipa, acompanhar o teu progresso ou interagir com a tua rede, a nossa aplica\u00e7\u00e3o fornece um conjunto abrangente de funcionalidades concebidas para levar o teu neg\u00f3cio a novos patamares. <\/p>\n            <\/div>\n            <div class=\"relative w-full md:w-3\/12 bottom-0 right-0 mb-6 md:mb-0\"> <img decoding=\"async\" src=\"\/wp-content\/uploads\/2024\/06\/brandtheme-img.webp\" alt=\"Imagem\" class=\"md:absolute bottom-[-80px] right-[-50px] w-full\"\/> <\/div>\n         <\/div>\n      <\/div>\n   <\/div>\n<\/section>\n","protected":false},"excerpt":{"rendered":"<p>Cloud MLM Aplica\u00e7\u00e3o m\u00f3vel Ficar \u00e0 frente das inova\u00e7\u00f5es tecnol\u00f3gicas sempre foi nossa prioridade. Apresentamos a Cloud MLM Mobile App, uma solu\u00e7\u00e3o abrangente concebida para revolucionar a forma como as empresas de marketing multin\u00edvel operam. Com o objetivo de melhorar as opera\u00e7\u00f5es de MLM, esta aplica\u00e7\u00e3o m\u00f3vel d\u00e1 aos utilizadores as ferramentas necess\u00e1rias para uma [&hellip;]<\/p>\n","protected":false},"author":1,"featured_media":0,"parent":0,"menu_order":0,"comment_status":"closed","ping_status":"closed","template":"cloudmlmmobileapp-page.php","meta":{"_acf_changed":false,"footnotes":""},"class_list":["post-7988","page","type-page","status-publish","hentry"],"acf":[],"yoast_head":"<!-- This site is optimized with the Yoast SEO Premium plugin v23.6 (Yoast SEO v25.9) - https:\/\/yoast.com\/wordpress\/plugins\/seo\/ -->\n<title>Aplica\u00e7\u00e3o m\u00f3vel MLM - aprimore a sua estrat\u00e9gia de neg\u00f3cios MLM<\/title>\n<meta name=\"description\" content=\"Aplica\u00e7\u00e3o m\u00f3vel MLM concebida para simplificar o seu neg\u00f3cio de marketing de rede. Rastreie leads, gerencie equipas e expanda o seu neg\u00f3cio de MMN\" \/>\n<meta name=\"robots\" content=\"index, follow, max-snippet:-1, max-image-preview:large, max-video-preview:-1\" \/>\n<link rel=\"canonical\" href=\"https:\/\/cloudmlmsoftware.com\/pt-pt\/aplicativo-movel-cloud-mlm\/\" \/>\n<meta property=\"og:locale\" content=\"pt_PT\" \/>\n<meta property=\"og:type\" content=\"article\" \/>\n<meta property=\"og:title\" content=\"cloud-mlm-mobile-app\" \/>\n<meta property=\"og:description\" content=\"Aplica\u00e7\u00e3o m\u00f3vel MLM concebida para simplificar o seu neg\u00f3cio de marketing de rede. Rastreie leads, gerencie equipas e expanda o seu neg\u00f3cio de MMN\" \/>\n<meta property=\"og:url\" content=\"https:\/\/cloudmlmsoftware.com\/pt-pt\/aplicativo-movel-cloud-mlm\/\" \/>\n<meta property=\"og:site_name\" content=\"Cloud MLM Software\" \/>\n<meta property=\"article:modified_time\" content=\"2025-10-09T07:04:03+00:00\" \/>\n<meta property=\"og:image\" content=\"https:\/\/cloudmlmsoftware.com\/wp-content\/uploads\/2024\/07\/bannerImg.webp\" \/>\n<meta name=\"twitter:card\" content=\"summary_large_image\" \/>\n<meta name=\"twitter:label1\" content=\"Tempo estimado de leitura\" \/>\n\t<meta name=\"twitter:data1\" content=\"4 minutos\" \/>\n<!-- \/ Yoast SEO Premium plugin. -->","yoast_head_json":{"title":"Aplica\u00e7\u00e3o m\u00f3vel MLM - aprimore a sua estrat\u00e9gia de neg\u00f3cios MLM","description":"Aplica\u00e7\u00e3o m\u00f3vel MLM concebida para simplificar o seu neg\u00f3cio de marketing de rede. Rastreie leads, gerencie equipas e expanda o seu neg\u00f3cio de MMN","robots":{"index":"index","follow":"follow","max-snippet":"max-snippet:-1","max-image-preview":"max-image-preview:large","max-video-preview":"max-video-preview:-1"},"canonical":"https:\/\/cloudmlmsoftware.com\/pt-pt\/aplicativo-movel-cloud-mlm\/","og_locale":"pt_PT","og_type":"article","og_title":"cloud-mlm-mobile-app","og_description":"Aplica\u00e7\u00e3o m\u00f3vel MLM concebida para simplificar o seu neg\u00f3cio de marketing de rede. Rastreie leads, gerencie equipas e expanda o seu neg\u00f3cio de MMN","og_url":"https:\/\/cloudmlmsoftware.com\/pt-pt\/aplicativo-movel-cloud-mlm\/","og_site_name":"Cloud MLM Software","article_modified_time":"2025-10-09T07:04:03+00:00","og_image":[{"url":"https:\/\/cloudmlmsoftware.com\/wp-content\/uploads\/2024\/07\/bannerImg.webp","type":"","width":"","height":""}],"twitter_card":"summary_large_image","twitter_misc":{"Tempo estimado de leitura":"4 minutos"},"schema":{"@context":"https:\/\/schema.org","@graph":[{"@type":"WebPage","@id":"https:\/\/cloudmlmsoftware.com\/pt-pt\/aplicativo-movel-cloud-mlm\/","url":"https:\/\/cloudmlmsoftware.com\/pt-pt\/aplicativo-movel-cloud-mlm\/","name":"Aplica\u00e7\u00e3o m\u00f3vel MLM - aprimore a sua estrat\u00e9gia de neg\u00f3cios MLM","isPartOf":{"@id":"https:\/\/cloudmlmsoftware.com\/pt-pt\/#website"},"primaryImageOfPage":{"@id":"https:\/\/cloudmlmsoftware.com\/pt-pt\/aplicativo-movel-cloud-mlm\/#primaryimage"},"image":{"@id":"https:\/\/cloudmlmsoftware.com\/pt-pt\/aplicativo-movel-cloud-mlm\/#primaryimage"},"thumbnailUrl":"https:\/\/cloudmlmsoftware.com\/wp-content\/uploads\/2024\/07\/bannerImg.webp","datePublished":"2024-08-10T06:02:15+00:00","dateModified":"2025-10-09T07:04:03+00:00","description":"Aplica\u00e7\u00e3o m\u00f3vel MLM concebida para simplificar o seu neg\u00f3cio de marketing de rede. Rastreie leads, gerencie equipas e expanda o seu neg\u00f3cio de MMN","breadcrumb":{"@id":"https:\/\/cloudmlmsoftware.com\/pt-pt\/aplicativo-movel-cloud-mlm\/#breadcrumb"},"inLanguage":"pt-PT","potentialAction":[{"@type":"ReadAction","target":["https:\/\/cloudmlmsoftware.com\/pt-pt\/aplicativo-movel-cloud-mlm\/"]}]},{"@type":"ImageObject","inLanguage":"pt-PT","@id":"https:\/\/cloudmlmsoftware.com\/pt-pt\/aplicativo-movel-cloud-mlm\/#primaryimage","url":"https:\/\/cloudmlmsoftware.com\/wp-content\/uploads\/2024\/07\/bannerImg.webp","contentUrl":"https:\/\/cloudmlmsoftware.com\/wp-content\/uploads\/2024\/07\/bannerImg.webp"},{"@type":"BreadcrumbList","@id":"https:\/\/cloudmlmsoftware.com\/pt-pt\/aplicativo-movel-cloud-mlm\/#breadcrumb","itemListElement":[{"@type":"ListItem","position":1,"name":"Home","item":"https:\/\/cloudmlmsoftware.com\/pt-pt\/"},{"@type":"ListItem","position":2,"name":"cloud-mlm-mobile-app"}]},{"@type":"WebSite","@id":"https:\/\/cloudmlmsoftware.com\/pt-pt\/#website","url":"https:\/\/cloudmlmsoftware.com\/pt-pt\/","name":"Cloud MLM Software","description":"","publisher":{"@id":"https:\/\/cloudmlmsoftware.com\/pt-pt\/#organization"},"potentialAction":[{"@type":"SearchAction","target":{"@type":"EntryPoint","urlTemplate":"https:\/\/cloudmlmsoftware.com\/pt-pt\/?s={search_term_string}"},"query-input":{"@type":"PropertyValueSpecification","valueRequired":true,"valueName":"search_term_string"}}],"inLanguage":"pt-PT"},{"@type":"Organization","@id":"https:\/\/cloudmlmsoftware.com\/pt-pt\/#organization","name":"Cloud MLM Software","url":"https:\/\/cloudmlmsoftware.com\/pt-pt\/","logo":{"@type":"ImageObject","inLanguage":"pt-PT","@id":"https:\/\/cloudmlmsoftware.com\/pt-pt\/#\/schema\/logo\/image\/","url":"https:\/\/cloudmlmsoftware.com\/wp-content\/uploads\/2024\/09\/cloudmlm-logo.webp","contentUrl":"https:\/\/cloudmlmsoftware.com\/wp-content\/uploads\/2024\/09\/cloudmlm-logo.webp","width":200,"height":40,"caption":"Cloud MLM Software"},"image":{"@id":"https:\/\/cloudmlmsoftware.com\/pt-pt\/#\/schema\/logo\/image\/"}}]}},"_links":{"self":[{"href":"https:\/\/cloudmlmsoftware.com\/pt-pt\/wp-json\/wp\/v2\/pages\/7988","targetHints":{"allow":["GET"]}}],"collection":[{"href":"https:\/\/cloudmlmsoftware.com\/pt-pt\/wp-json\/wp\/v2\/pages"}],"about":[{"href":"https:\/\/cloudmlmsoftware.com\/pt-pt\/wp-json\/wp\/v2\/types\/page"}],"author":[{"embeddable":true,"href":"https:\/\/cloudmlmsoftware.com\/pt-pt\/wp-json\/wp\/v2\/users\/1"}],"replies":[{"embeddable":true,"href":"https:\/\/cloudmlmsoftware.com\/pt-pt\/wp-json\/wp\/v2\/comments?post=7988"}],"version-history":[{"count":1,"href":"https:\/\/cloudmlmsoftware.com\/pt-pt\/wp-json\/wp\/v2\/pages\/7988\/revisions"}],"predecessor-version":[{"id":28359,"href":"https:\/\/cloudmlmsoftware.com\/pt-pt\/wp-json\/wp\/v2\/pages\/7988\/revisions\/28359"}],"wp:attachment":[{"href":"https:\/\/cloudmlmsoftware.com\/pt-pt\/wp-json\/wp\/v2\/media?parent=7988"}],"curies":[{"name":"wp","href":"https:\/\/api.w.org\/{rel}","templated":true}]}}