{"id":18396,"date":"2024-09-28T06:02:05","date_gmt":"2024-09-28T06:02:05","guid":{"rendered":"https:\/\/cloudmlmsoftware.com\/software-mlm-instancias-de-software-dedemonstracao-gratuitas\/"},"modified":"2024-10-04T06:42:37","modified_gmt":"2024-10-04T06:42:37","slug":"software-mlm-instancias-de-software-dedemonstracao-gratuitas","status":"publish","type":"page","link":"https:\/\/cloudmlmsoftware.com\/pt-pt\/software-mlm-instancias-de-software-dedemonstracao-gratuitas\/","title":{"rendered":"Software MLM Inst\u00e2ncias de software dedemonstra\u00e7\u00e3o gratuitas"},"content":{"rendered":"\n<div class=\"bannerBgcolor BannerBg pt-4 md:pt-12 overflow-hidden\">\n   <div class=\"animation-wrapper\">\n      <div class=\"particle particle-1\"><\/div>\n      <div class=\"particle particle-2\"><\/div>\n      <div class=\"particle particle-3\"><\/div>\n      <div class=\"particle particle-4\"><\/div>\n   <\/div>\n   <div class=\"container mx-auto pt-2 md:h-[600px] sm:h-[400px] h-[400px] overflow-hidden relative z-1\">\n      <div class=\"flex flex-wrap items-center\">\n         <div class=\"w-full md:w-8\/12 mx-auto text-center pt-10 mb-8\">\n            <h1 class=\"lg:text-mainTitleFontSize sm:text-3xl text-3xl text-white lg:leading-snug capitalize\">  Software MLM Inst\u00e2ncias de software de<span class=\"font-bold animate-charcter-offwhite\">demonstra\u00e7\u00e3o <\/span>gratuitas  <\/h1>\n            <div class=\"w-8\/12 mx-auto text-center pt-6\"> <a href=\"https:\/\/demo.cloudmlmsoftware.com\" class=\"button primaryColor px-4 py-3 w-[132px] mx-auto rounded-md text-white md:flex text-sm md:text-md sm:block btn1\">Experimente a demonstra\u00e7\u00e3o gratuita <\/a> <\/div>\n         <\/div>\n         <div class=\"w-full p-4 relative z-9\"> <img decoding=\"async\" src=\"\/wp-content\/uploads\/2024\/08\/Demobanner.webp\" alt=\"software mlm\" width=\"692\" height=\"516\" class=\"mx-auto\"\/> <\/div>\n      <\/div>\n   <\/div>\n<\/div>\n<!-- ************************************************************************************* --> \n<section class=\"p-sectionpadding mt-16\">\n   <div class=\"container mx-auto\">\n      <div class=\"flex flex-wrap\">\n         <div class=\"w-full md:w-6\/12 p-6 pl-0 section\">\n            <div class=\"w-ful sticky-section\" id=\"section1\">\n               <h2 class=\"lg:text-TitlesemiFontSize leading-snug capitalize text-2xl titleColor\">Optimize Your MLM Business <span class=\"font-bold\">Advanced Network Management Software. <\/span>  <\/h2>\n               <p class=\"text-textpara font-light contentColor leading-6 mt-3\">  O Cloud MLM Software fornece uma forma de pr\u00e9-visualizar instantaneamente qualquer plano de compensa\u00e7\u00e3o MLM.\nPodes testar o software Binary MLM, o software Matrix MLM, o software Unilevel MLM e muitos outros.\nPodes testar o software ao vivo, desde o registo como cliente e a aprova\u00e7\u00e3o como administrador, testar as op\u00e7\u00f5es de pagamento e de sa\u00edda e at\u00e9 testar todas as funcionalidades dispon\u00edveis do software de MLM.\nLembra-te que esta ser\u00e1 uma demonstra\u00e7\u00e3o acedida por v\u00e1rias pessoas ao mesmo tempo.\nSe precisares de uma demonstra\u00e7\u00e3o personalizada s\u00f3 para ti, podes registar-te aqui e obter os detalhes de acesso.      <\/p>\n               <div class=\"mt-5 w-full mt-5\"> <a href=\"https:\/\/cloudmlmsoftware.com\/pt-pt\/contact\/\" class=\"primaryColor px-4 py-3 w-[200px] rounded-md text-white md:flex text-xs md:text-sm btn1 capitalize\" role=\"button\">Contacta-nos para mais informa\u00e7\u00f5es<\/a> <\/div>\n            <\/div>\n            <div class=\"w-full sticky-section\" id=\"section2\">\n               <h3 class=\"lg:text-TitlesemiFontSize leading-snug text-2xl capitalize titleColor\">  Um <span class=\"font-bold\"> software de MLM<\/span> constru\u00eddo para facilitar a gest\u00e3o do <span class=\"font-bold\">neg\u00f3cio de MLM <\/span>e da <span class=\"font-bold\">rede<\/span> <\/h3>\n               <p class=\"text-textpara font-light contentColor leading-6 mt-3\">  Quando se trata de gerir um neg\u00f3cio de MLM, \u00e9 uma tarefa dif\u00edcil sem software.\nExistem centenas de softwares dispon\u00edveis para esse fim, mas o software de MLM em nuvem facilita muito as coisas.   <\/p>\n               <p class=\"text-textpara font-light contentColor leading-6 mt-3\">  As op\u00e7\u00f5es s\u00e3o ilimitadas, podemos personalizar este software de acordo com as tuas necessidades.\nOs planos podem ser reescritos, os temas podem ser modificados, as skins podem ser criadas, e podemos reconstruir o software em qualquer design que preferires.\nAt\u00e9 podemos criar um design separado s\u00f3 para o teu neg\u00f3cio.\nSendo o melhor software de MLM do mercado, estamos sempre atentos a pedidos de funcionalidades e relat\u00f3rios de erros.\nSe encontraste algum erro ou comportamento incomum na nossa sec\u00e7\u00e3o de software, podes contactar-nos.\nvalorizamos o teu apoio.       <\/p>\n               <div class=\"mt-3 w-full mt-5\"> <a href=\"https:\/\/cloudmlmsoftware.com\/pt-pt\/contact\/\" class=\"primaryColor px-4 py-3 w-[200px] rounded-md text-white md:flex text-xs md:text-sm btn1 capitalize\" role=\"button\">Contacta-nos para mais informa\u00e7\u00f5es<\/a> <\/div>\n            <\/div>\n         <\/div>\n         <div class=\"w-full md:w-6\/12 p-8 pr-0 sticky-container\">\n            <div class=\"right-image\"> <img decoding=\"async\" src=\"\/wp-content\/uploads\/2024\/08\/Featurebanner.webp\" width=\"\" height=\"\" alt=\"melhor software mlm\" class=\"active\"\/> <img decoding=\"async\" src=\"\/wp-content\/uploads\/2024\/08\/directselling.webp\" width=\"\" height=\"\" alt=\"melhor software mlm\" class=\"\"\/> <\/div>\n         <\/div>\n      <\/div>\n   <\/div>\n<\/section>\n","protected":false},"excerpt":{"rendered":"<p>Software MLM Inst\u00e2ncias de software dedemonstra\u00e7\u00e3o gratuitas Experimente a demonstra\u00e7\u00e3o gratuita Optimize Your MLM Business Advanced Network Management Software. O Cloud MLM Software fornece uma forma de pr\u00e9-visualizar instantaneamente qualquer plano de compensa\u00e7\u00e3o MLM. Podes testar o software Binary MLM, o software Matrix MLM, o software Unilevel MLM e muitos outros. Podes testar o software [&hellip;]<\/p>\n","protected":false},"author":1,"featured_media":0,"parent":0,"menu_order":0,"comment_status":"closed","ping_status":"closed","template":"presetdemo-page.php","meta":{"_acf_changed":false,"footnotes":""},"class_list":["post-18396","page","type-page","status-publish","hentry"],"acf":[],"yoast_head":"<!-- This site is optimized with the Yoast SEO Premium plugin v23.6 (Yoast SEO v25.9) - https:\/\/yoast.com\/wordpress\/plugins\/seo\/ -->\n<title>Demonstra\u00e7\u00e3o de software MLM | Descubra funcionalidades e benef\u00edcios<\/title>\n<meta name=\"description\" content=\"Explore a nossa demonstra\u00e7\u00e3o de software MLM para ver as suas poderosas capacidades em a\u00e7\u00e3o. Simplifique os seus esfor\u00e7os de marketing e aumente a sua equipa hoje mesmo!\" \/>\n<meta name=\"robots\" content=\"index, follow, max-snippet:-1, max-image-preview:large, max-video-preview:-1\" \/>\n<link rel=\"canonical\" href=\"https:\/\/cloudmlmsoftware.com\/pt-pt\/software-mlm-instancias-de-software-dedemonstracao-gratuitas\/\" \/>\n<meta property=\"og:locale\" content=\"pt_PT\" \/>\n<meta property=\"og:type\" content=\"article\" \/>\n<meta property=\"og:title\" content=\"Software MLM Inst\u00e2ncias de software dedemonstra\u00e7\u00e3o gratuitas\" \/>\n<meta property=\"og:description\" content=\"Explore a nossa demonstra\u00e7\u00e3o de software MLM para ver as suas poderosas capacidades em a\u00e7\u00e3o. Simplifique os seus esfor\u00e7os de marketing e aumente a sua equipa hoje mesmo!\" \/>\n<meta property=\"og:url\" content=\"https:\/\/cloudmlmsoftware.com\/pt-pt\/software-mlm-instancias-de-software-dedemonstracao-gratuitas\/\" \/>\n<meta property=\"og:site_name\" content=\"Cloud MLM Software\" \/>\n<meta property=\"article:modified_time\" content=\"2024-10-04T06:42:37+00:00\" \/>\n<meta name=\"twitter:card\" content=\"summary_large_image\" \/>\n<meta name=\"twitter:label1\" content=\"Tempo estimado de leitura\" \/>\n\t<meta name=\"twitter:data1\" content=\"2 minutos\" \/>\n<!-- \/ Yoast SEO Premium plugin. -->","yoast_head_json":{"title":"Demonstra\u00e7\u00e3o de software MLM | Descubra funcionalidades e benef\u00edcios","description":"Explore a nossa demonstra\u00e7\u00e3o de software MLM para ver as suas poderosas capacidades em a\u00e7\u00e3o. Simplifique os seus esfor\u00e7os de marketing e aumente a sua equipa hoje mesmo!","robots":{"index":"index","follow":"follow","max-snippet":"max-snippet:-1","max-image-preview":"max-image-preview:large","max-video-preview":"max-video-preview:-1"},"canonical":"https:\/\/cloudmlmsoftware.com\/pt-pt\/software-mlm-instancias-de-software-dedemonstracao-gratuitas\/","og_locale":"pt_PT","og_type":"article","og_title":"Software MLM Inst\u00e2ncias de software dedemonstra\u00e7\u00e3o gratuitas","og_description":"Explore a nossa demonstra\u00e7\u00e3o de software MLM para ver as suas poderosas capacidades em a\u00e7\u00e3o. Simplifique os seus esfor\u00e7os de marketing e aumente a sua equipa hoje mesmo!","og_url":"https:\/\/cloudmlmsoftware.com\/pt-pt\/software-mlm-instancias-de-software-dedemonstracao-gratuitas\/","og_site_name":"Cloud MLM Software","article_modified_time":"2024-10-04T06:42:37+00:00","twitter_card":"summary_large_image","twitter_misc":{"Tempo estimado de leitura":"2 minutos"},"schema":{"@context":"https:\/\/schema.org","@graph":[{"@type":"WebPage","@id":"https:\/\/cloudmlmsoftware.com\/pt-pt\/software-mlm-instancias-de-software-dedemonstracao-gratuitas\/","url":"https:\/\/cloudmlmsoftware.com\/pt-pt\/software-mlm-instancias-de-software-dedemonstracao-gratuitas\/","name":"Demonstra\u00e7\u00e3o de software MLM | Descubra funcionalidades e benef\u00edcios","isPartOf":{"@id":"https:\/\/cloudmlmsoftware.com\/pt-pt\/#website"},"datePublished":"2024-09-28T06:02:05+00:00","dateModified":"2024-10-04T06:42:37+00:00","description":"Explore a nossa demonstra\u00e7\u00e3o de software MLM para ver as suas poderosas capacidades em a\u00e7\u00e3o. Simplifique os seus esfor\u00e7os de marketing e aumente a sua equipa hoje mesmo!","breadcrumb":{"@id":"https:\/\/cloudmlmsoftware.com\/pt-pt\/software-mlm-instancias-de-software-dedemonstracao-gratuitas\/#breadcrumb"},"inLanguage":"pt-PT","potentialAction":[{"@type":"ReadAction","target":["https:\/\/cloudmlmsoftware.com\/pt-pt\/software-mlm-instancias-de-software-dedemonstracao-gratuitas\/"]}]},{"@type":"BreadcrumbList","@id":"https:\/\/cloudmlmsoftware.com\/pt-pt\/software-mlm-instancias-de-software-dedemonstracao-gratuitas\/#breadcrumb","itemListElement":[{"@type":"ListItem","position":1,"name":"Home","item":"https:\/\/cloudmlmsoftware.com\/pt-pt\/"},{"@type":"ListItem","position":2,"name":"Software MLM Inst\u00e2ncias de software dedemonstra\u00e7\u00e3o gratuitas"}]},{"@type":"WebSite","@id":"https:\/\/cloudmlmsoftware.com\/pt-pt\/#website","url":"https:\/\/cloudmlmsoftware.com\/pt-pt\/","name":"Cloud MLM Software","description":"","publisher":{"@id":"https:\/\/cloudmlmsoftware.com\/pt-pt\/#organization"},"potentialAction":[{"@type":"SearchAction","target":{"@type":"EntryPoint","urlTemplate":"https:\/\/cloudmlmsoftware.com\/pt-pt\/?s={search_term_string}"},"query-input":{"@type":"PropertyValueSpecification","valueRequired":true,"valueName":"search_term_string"}}],"inLanguage":"pt-PT"},{"@type":"Organization","@id":"https:\/\/cloudmlmsoftware.com\/pt-pt\/#organization","name":"Cloud MLM Software","url":"https:\/\/cloudmlmsoftware.com\/pt-pt\/","logo":{"@type":"ImageObject","inLanguage":"pt-PT","@id":"https:\/\/cloudmlmsoftware.com\/pt-pt\/#\/schema\/logo\/image\/","url":"https:\/\/cloudmlmsoftware.com\/wp-content\/uploads\/2024\/09\/cloudmlm-logo.webp","contentUrl":"https:\/\/cloudmlmsoftware.com\/wp-content\/uploads\/2024\/09\/cloudmlm-logo.webp","width":200,"height":40,"caption":"Cloud MLM Software"},"image":{"@id":"https:\/\/cloudmlmsoftware.com\/pt-pt\/#\/schema\/logo\/image\/"}}]}},"_links":{"self":[{"href":"https:\/\/cloudmlmsoftware.com\/pt-pt\/wp-json\/wp\/v2\/pages\/18396","targetHints":{"allow":["GET"]}}],"collection":[{"href":"https:\/\/cloudmlmsoftware.com\/pt-pt\/wp-json\/wp\/v2\/pages"}],"about":[{"href":"https:\/\/cloudmlmsoftware.com\/pt-pt\/wp-json\/wp\/v2\/types\/page"}],"author":[{"embeddable":true,"href":"https:\/\/cloudmlmsoftware.com\/pt-pt\/wp-json\/wp\/v2\/users\/1"}],"replies":[{"embeddable":true,"href":"https:\/\/cloudmlmsoftware.com\/pt-pt\/wp-json\/wp\/v2\/comments?post=18396"}],"version-history":[{"count":0,"href":"https:\/\/cloudmlmsoftware.com\/pt-pt\/wp-json\/wp\/v2\/pages\/18396\/revisions"}],"wp:attachment":[{"href":"https:\/\/cloudmlmsoftware.com\/pt-pt\/wp-json\/wp\/v2\/media?parent=18396"}],"curies":[{"name":"wp","href":"https:\/\/api.w.org\/{rel}","templated":true}]}}