{"id":14512,"date":"2024-07-18T12:28:12","date_gmt":"2024-07-18T12:28:12","guid":{"rendered":"https:\/\/cloudmlmsoftware.com\/software-de-venda-direta\/"},"modified":"2024-09-13T06:33:48","modified_gmt":"2024-09-13T06:33:48","slug":"software-de-venda-direta","status":"publish","type":"page","link":"https:\/\/cloudmlmsoftware.com\/pt-pt\/software-de-venda-direta\/","title":{"rendered":"Software de venda direta"},"content":{"rendered":"\n<div class=\"bannerBgcolor BannerBg pt-16 relative overflow-hidden\">\n        <div class=\"animation-wrapper\">\n            <div class=\"particle particle-1\"><\/div>\n            <div class=\"particle particle-2\"><\/div>\n            <div class=\"particle particle-3\"><\/div>\n            <div class=\"particle particle-4\"><\/div>\n        <\/div>\n\n        <div class=\"container mx-auto pt-2 md:h-[700px] sm:h-[650px] h-full overflow-hidden relative z-1\">\n            <div class=\"flex flex-wrap items-center\">\n                <div class=\"w-full md:w-10\/12 mx-auto text-left md:text-center pt-10 mb-8\">\n                    <h1 class=\"lg:text-mainTitleFontSize sm:text-3xl text-3xl text-white lg:leading-snug capitalize\">\n                        Software de <span class=\"font-bold animate-charcter-offwhite\">venda direta <\/span> <\/h1>\n                    <p class=\"offWhite pt-3 md:text-lg text-md font-light md:w-11\/12 mx-auto\">Na sociedade moderna, um software bem organizado \u00e9 crucial para rastrear clientes, auditar vendas, direcionar agentes, processar compensa\u00e7\u00f5es e gerenciar pagamentos. Cloud MLM apresenta um software de venda direta desenvolvido para esse fim. Ajuda a rastrear os lucros e receitas das vendas com efici\u00eancia. Cloud MLM Software Solutions \u00e9 um importante fornecedor de solu\u00e7\u00f5es de software. Nossa tecnologia de ponta ajuda os clientes a permanecerem \u00e0 frente no competitivo neg\u00f3cio de venda direta. Fornecemos solu\u00e7\u00f5es de software confi\u00e1veis, bem avaliadas e aceitas globalmente para nossos valiosos clientes.      <\/p>\n\n                    <p class=\"offWhite pt-3 md:text-lg text-md font-light md:w-11\/12 mx-auto\">Este tipo de software \u00e9 usado para operar e gerenciar neg\u00f3cios de venda direta, que envolvem marketing e venda de bens ou servi\u00e7os diretamente aos clientes, sem intermedi\u00e1rios. Nesse m\u00e9todo, o marketing \u00e9 feito porta a porta por representantes da empresa. <\/p>\n                <\/div>\n                <div class=\"w-full p-4 relative z-9\">\n                    <img decoding=\"async\" src=\"\/wp-content\/uploads\/2024\/07\/featurebanner-img.webp\" alt=\"software mlm\" width=\"692\" height=\"516\" class=\"mx-auto\"\/>\n                <\/div>\n            <\/div>\n        <\/div>\n    <\/div>\n    <!-- ************************************************************************************* -->\n    <section class=\"p-sectionpadding\">\n\n        <div class=\"container mx-auto mt-8\">\n            <!-- Left side box -->\n            <div class=\"flex flex-wrap lg:space-x-8\">\n                <div class=\"relative hidden lg:flex lg:flex-1 w-full lg:w-4\/12 primaryColor rounded-2xl p-12 pb-0 mb-2\">\n                    <img decoding=\"async\" src=\"\/wp-content\/uploads\/2024\/07\/customeAdmin-img.webp\" alt=\"Imagem\" class=\"absolute bottom-0 left-0 right-0 mx-auto\"\/>\n                <\/div>\n                <div class=\"w-full lg:w-8\/12 lighter flex-col flex justify-center rounded-2xl overflow-hidden p-6 lg:p-12 mb-2\">\n                    <h2 class=\"md:text-TitlesemiFontSize titleColor text-2xl lg:leading-snug capitalize\">\n                        <span class=\"font-bold animate-charcter\">Principais recursos<\/span> do software de venda direta Cloud MLM <\/h2>\n\n                    <p class=\"text-textpara font-light leading-6 py-3\">Nos neg\u00f3cios de venda direta, os distribuidores e as ferramentas de neg\u00f3cios s\u00e3o as partes principais. Sem estes componentes, as empresas de venda direta n\u00e3o podem prosperar. Cloud MLM oferece solu\u00e7\u00f5es de software que fornecem algumas ferramentas para gerenciar o programa de neg\u00f3cios.   <\/p>\n\n                    <p class=\"text-textpara font-light leading-6 pb-3\">Os principais recursos de nossas solu\u00e7\u00f5es de software incluem o desenvolvimento de uma forte presen\u00e7a na ind\u00fastria de CMS de com\u00e9rcio eletr\u00f4nico. Temos uma equipe de desenvolvedores Magento certificados com anos de experi\u00eancia especializados em web design voltado para e-commerce. Tamb\u00e9m oferecemos designs web Magento personalizados.   <\/p>\n                <\/div>\n            <\/div>\n        <\/div>\n    <\/section>\n\n\n    <!-- ************************** -->\n\n    <section class=\"p-sectionpadding\">\n        <div class=\"container mx-auto\">\n            <div class=\"flex flex-wrap items-center\">\n                <div class=\" w-full md:w-7\/12 pb-4\">\n                    <h3 class=\"md:text-TitlesemiFontSize titleColor text-2xl lg:leading-snug capitalize mt-4\"> Os recursos das <span class=\"font-bold animate-charcter\">solu\u00e7\u00f5es de software<\/span> s\u00e3o <\/h3>\n\n                    <ul class=\"flex flex-wrap mt-5 list1\">\n                        <li class=\"text-textpara contentColor font-light leading-6 mb-3\">Nosso software fornece planos de venda direta totalmente protegidos e personalizados aos nossos clientes.<\/li>\n                        <li class=\"text-textpara contentColor font-light leading-6 mb-3\">As solu\u00e7\u00f5es de software fornecem um sistema de gerenciamento de clientes aos nossos clientes<\/li>\n                        <li class=\"text-textpara contentColor font-light leading-6 mb-3\">Atrav\u00e9s de nossas representa\u00e7\u00f5es gr\u00e1ficas e pict\u00f3ricas de software de venda direta voc\u00ea pode visualizar e compreender todas as atividades comerciais importantes.<\/li>\n                        <li class=\"text-textpara contentColor font-light leading-6 mb-3\">Nosso software torna os neg\u00f3cios de venda direta simples e f\u00e1ceis por meio do gerenciamento de pedidos, estoque e remessa.<\/li>\n                        <li class=\"text-textpara contentColor font-light leading-6 mb-3\">O software ajuda a gerenciar v\u00e1rios sistemas de comiss\u00f5es de forma eficiente.<\/li>\n                        <li class=\"text-textpara contentColor font-light leading-6 mb-3\">Nosso software suporta m\u00faltiplas moedas e v\u00e1rios idiomas.<\/li>\n                        <li class=\"text-textpara contentColor font-light leading-6 mb-3\">O software do \u00e9 um sistema de suporte ao cliente.<\/li>\n                        <li class=\"text-textpara contentColor font-light leading-6 mb-3\">Ajuda a gerenciar sua equipe e suas redes individuais. <\/li>\n                        <li class=\"text-textpara contentColor font-light leading-6 mb-3\">Nosso software ajuda a personalizar cada perfil de usu\u00e1rio. <\/li>\n                        <li class=\"text-textpara contentColor font-light leading-6 mb-3\">Nosso software suporta integra\u00e7\u00e3o de SMS, integra\u00e7\u00e3o de sites, integra\u00e7\u00e3o de m\u00eddia social e integra\u00e7\u00e3o m\u00f3vel. <\/li>\n                        <li class=\"text-textpara contentColor font-light leading-6 mb-3\">Fornecemos gera\u00e7\u00e3o de leads. <\/li>\n                    <\/ul>\n                <\/div>\n\n                <div class=\"w-full md:w-5\/12 pl-0 md:pl-16 mt-4\">\n                    <img decoding=\"async\" src=\"\/wp-content\/uploads\/2024\/07\/help-img.webp\" alt=\"Imagem\" class=\"w-full\"\/>\n                <\/div>\n\n            <\/div>\n        <\/div>\n    <\/section>\n    <!-- ************************** -->\n\n\n    <section class=\"p-sectionpadding\">\n        <div class=\"container mx-auto\">\n            <div class=\"w-full darkblue py-10 lg:py-16 px-6 lg:px-10 rounded-2xl\">\n                <div class=\"relative z-10\">\n                    <div class=\"flex flex-wrap items-center\">\n\n                        <div class=\"w-1\/4 hidden lg:flex\">\n                            <img decoding=\"async\" src=\"\/wp-content\/uploads\/2024\/07\/help-img.webp\" alt=\"Imagem\" class=\"w-full\"\/>\n                        <\/div>\n\n                        <div class=\"w-full lg:w-3\/4 pl-0 lg:pl-6\">\n                            <h3 class=\"text-white text-3xl lg:leading-snug capitalize mb-5 w-full\">\n                                <span class=\"font-bold animate-charcter-offwhite\">Planos de remunera\u00e7\u00e3o abrangentes <\/span> com software de venda direta Cloud MLM <\/h3>\n\n                            <p class=\"text-white mb-6 w-full font-light\">O software oferece suporte a v\u00e1rios planos de remunera\u00e7\u00e3o, garantindo que voc\u00ea possa escolher o que melhor se adapta ao seu modelo de neg\u00f3cios. Aqui est\u00e3o os diversos planos de remunera\u00e7\u00e3o dispon\u00edveis com nosso software: <\/p>\n\n                            <div class=\"flex flex-wrap mt-10 w-full\">\n                                <div class=\"w-full md:w-1\/2 font-light\">\n                                    <ul class=\"flex flex-wrap list1 \">\n                                        <li class=\"text-textpara offWhite font-light leading-6 mb-3\">Plano de compensa\u00e7\u00e3o bin\u00e1ria<\/li>\n                                        <li class=\"text-textpara offWhite font-light leading-6 mb-3\">Plano de remunera\u00e7\u00e3o de n\u00edvel uni<\/li>\n                                        <li class=\"text-textpara offWhite font-light leading-6 mb-3\">Plano de compensa\u00e7\u00e3o Monoline<\/li>\n                                        <li class=\"text-textpara offWhite font-light leading-6 mb-3\">Plano de compensa\u00e7\u00e3o de presentes<\/li>\n                                        <li class=\"text-textpara offWhite font-light leading-6 mb-3\">Plano de compensa\u00e7\u00e3o de degraus<\/li>\n                                        <li class=\"text-textpara offWhite font-light leading-6 mb-3\">Plano de compensa\u00e7\u00e3o de h\u00edbridos<\/li>\n                                    <\/ul>\n                                <\/div>\n                                <div class=\"w-full md:w-1\/2 font-light\">\n                                    <ul class=\"flex flex-wrap list1\">\n                                        <li class=\"text-textpara offWhite font-light leading-6 mb-3\">Plano de remunera\u00e7\u00e3o matricial<\/li>\n                                        <li class=\"text-textpara offWhite font-light leading-6 mb-3\">Plano de compensa\u00e7\u00e3o de investimento<\/li>\n                                        <li class=\"text-textpara offWhite font-light leading-6 mb-3\">Plano de compensa\u00e7\u00e3o geracional<\/li>\n                                        <li class=\"text-textpara offWhite font-light leading-6 mb-3\">Plano de compensa\u00e7\u00e3o partid\u00e1ria<\/li>\n                                        <li class=\"text-textpara offWhite font-light leading-6 mb-3\">Plano de compensa\u00e7\u00e3o de gera\u00e7\u00e3o<\/li>\n                                        <li class=\"text-textpara offWhite font-light leading-6 mb-3\">Romper o plano de compensa\u00e7\u00e3o<\/li>\n                                    <\/ul>\n                                <\/div>\n                            <\/div>\n                        <\/div>\n                        \n                    <\/div>\n                <\/div>\n            <\/div>\n        <\/div>\n\n    <\/section>\n    <!-- ************************************************************************************* -->\n\n    <section class=\"p-sectionpadding\">\n        <div class=\"container mx-auto\">\n            <div class=\"w-full darkblue py-10 lg:py-16 px-6 lg:px-10 rounded-2xl\">\n                <div class=\"relative z-10\">\n                    <div class=\"flex flex-wrap items-center\">\n\n                        <div class=\"w-full lg:w-3\/4 pr-0 lg:pr-6\">\n                            <h3 class=\"text-white text-3xl lg:leading-snug capitalize mb-5 w-full\">\n                                <span class=\"font-bold animate-charcter-offwhite\">Adicione recursos do<\/span> software de venda direta <\/h3>\n\n                            <p class=\"text-white mb-6 w-full font-light\">O software MLM multifuncional, flex\u00edvel, confi\u00e1vel e personaliz\u00e1vel do ajuda nossos clientes a gerenciar e controlar seu neg\u00f3cio de venda direta de maneira eficaz e eficiente. Al\u00e9m dos recursos principais, nosso software possui alguns recursos complementares. Eles s\u00e3o:  <\/p>\n\n                            <div class=\"flex flex-wrap mt-10 w-full\">\n                                <div class=\"w-full md:w-1\/2 font-light\">\n                                    <ul class=\"flex flex-wrap list1 \">\n                                        <li class=\"text-textpara offWhite font-light leading-6 mb-3\">Integra\u00e7\u00e3o de com\u00e9rcio eletr\u00f4nico<\/li>\n                                        <li class=\"text-textpara offWhite font-light leading-6 mb-3\">Integra\u00e7\u00e3o Bitcoin<\/li>\n                                        <li class=\"text-textpara offWhite font-light leading-6 mb-3\">Sistema de p\u00e1ginas de captura de leads<\/li>\n                                        <li class=\"text-textpara offWhite font-light leading-6 mb-3\">Integra\u00e7\u00e3o SMS<\/li>\n                                        <li class=\"text-textpara offWhite font-light leading-6 mb-3\">Integra\u00e7\u00e3o CRM<\/li>\n                                    <\/ul>\n                                <\/div>\n                                <div class=\"w-full md:w-1\/2 font-light\">\n                                    <ul class=\"flex flex-wrap list1\">\n                                        <li class=\"text-textpara offWhite font-light leading-6 mb-3\">Promo\u00e7\u00e3o de criptomoeda<\/li>\n                                        <li class=\"text-textpara offWhite font-light leading-6 mb-3\">Site replicado<\/li>\n                                        <li class=\"text-textpara offWhite font-light leading-6 mb-3\">Integra\u00e7\u00e3o de gateway de pagamento<\/li>\n                                        <li class=\"text-textpara offWhite font-light leading-6 mb-3\">Aplicativo m\u00f3vel<\/li>\n\n                                    <\/ul>\n                                <\/div>\n                            <\/div>\n                        <\/div>\n                        \n                        <div class=\"hidden lg:flex w-1\/4\">\n                            <img decoding=\"async\" src=\"\/wp-content\/uploads\/2024\/07\/help-img.webp\" alt=\"Imagem\" class=\"w-full\"\/>\n                        <\/div>\n                    <\/div>\n                <\/div>\n            <\/div>\n        <\/div>\n    <\/section>\n    <!-- ************************************************************************************* -->\n    <section class=\"p-sectionpadding\">\n        <div class=\"container mx-auto\">\n\n            <!-- Left side box -->\n            <div class=\"flex flex-wrap items-center\">\n\n\n                <div class=\"w-full md:w-5\/12 pr-0 md:pr-16 mt-4\">\n                    <img decoding=\"async\" src=\"\/wp-content\/uploads\/2024\/07\/help-img.webp\" alt=\"Imagem\" class=\"w-full\"\/>\n                <\/div>\n\n\n                <div class=\" w-full md:w-7\/12 pb-4\">\n                    <h3 class=\"md:text-TitlesemiFontSize titleColor text-2xl lg:leading-snug capitalize mt-4\"> Por que o <span class=\"font-bold animate-charcter\">software de venda direta <\/span> do Cloud MLM? \n                    <\/h3>\n\n                    <ul class=\"flex flex-wrap mt-5 list1\">\n                        <li class=\"text-textpara contentColor font-light leading-6 mb-3\">Nosso software \u00e9 uma ferramenta para manter o excelente desempenho do seu neg\u00f3cio.<\/li>\n                        <li class=\"text-textpara contentColor font-light leading-6 mb-3\">Nosso software oferece opera\u00e7\u00f5es comerciais eficientes entre clientes, administradores de empresas e representantes.<\/li>\n                        <li class=\"text-textpara contentColor font-light leading-6 mb-3\">\u00c9 uma solu\u00e7\u00e3o lucrativa e econ\u00f4mica para nossos clientes.<\/li>\n                        <li class=\"text-textpara contentColor font-light leading-6 mb-3\">Garantimos o bom funcionamento e uma boa integra\u00e7\u00e3o dos sistemas da empresa.<\/li>\n                        <li class=\"text-textpara contentColor font-light leading-6 mb-3\">Nosso software facilita maior produtividade para os clientes.<\/li>\n                        <li class=\"text-textpara contentColor font-light leading-6 mb-3\">Garante motiva\u00e7\u00e3o aos vendedores.<\/li>\n                        \n                    <\/ul>\n                    <p class=\"text-textpara font-light leading-6 pt-3\">O software de venda direta \u00e9 uma ferramenta que simplifica as opera\u00e7\u00f5es comerciais. O sucesso de uma empresa depende da escolha do software baseado na web certo. Antes de escolher o software, voc\u00ea deve estar ciente dos planos de remunera\u00e7\u00e3o que ele suporta, dos complementos e de tudo sobre o software. <a href=\"https:\/\/cloudmlmsoftware.com\/contact\" target=\"_blank\" rel=\"noopener\"><span style=\"color:#3498db;\">Cloud MLM<\/span><\/a> oferece o melhor software de venda direta para nossos clientes.  <\/p>\n                <\/div>\n\n              \n            <\/div>\n        <\/div>\n    <\/section>\n","protected":false},"excerpt":{"rendered":"<p>Software de venda direta Na sociedade moderna, um software bem organizado \u00e9 crucial para rastrear clientes, auditar vendas, direcionar agentes, processar compensa\u00e7\u00f5es e gerenciar pagamentos. Cloud MLM apresenta um software de venda direta desenvolvido para esse fim. Ajuda a rastrear os lucros e receitas das vendas com efici\u00eancia. Cloud MLM Software Solutions \u00e9 um importante [&hellip;]<\/p>\n","protected":false},"author":1,"featured_media":0,"parent":0,"menu_order":0,"comment_status":"closed","ping_status":"closed","template":"directsellingsoftware-page.php","meta":{"_acf_changed":false,"footnotes":""},"class_list":["post-14512","page","type-page","status-publish","hentry"],"acf":[],"yoast_head":"<!-- This site is optimized with the Yoast SEO Premium plugin v23.6 (Yoast SEO v25.9) - https:\/\/yoast.com\/wordpress\/plugins\/seo\/ -->\n<title>Software de venda direta - Cloud MLM Software<\/title>\n<meta name=\"robots\" content=\"index, follow, max-snippet:-1, max-image-preview:large, max-video-preview:-1\" \/>\n<link rel=\"canonical\" href=\"https:\/\/cloudmlmsoftware.com\/pt-pt\/software-de-venda-direta\/\" \/>\n<meta property=\"og:locale\" content=\"pt_PT\" \/>\n<meta property=\"og:type\" content=\"article\" \/>\n<meta property=\"og:title\" content=\"Software de venda direta\" \/>\n<meta property=\"og:description\" content=\"Software de venda direta Na sociedade moderna, um software bem organizado \u00e9 crucial para rastrear clientes, auditar vendas, direcionar agentes, processar compensa\u00e7\u00f5es e gerenciar pagamentos. Cloud MLM apresenta um software de venda direta desenvolvido para esse fim. Ajuda a rastrear os lucros e receitas das vendas com efici\u00eancia. Cloud MLM Software Solutions \u00e9 um importante [&hellip;]\" \/>\n<meta property=\"og:url\" content=\"https:\/\/cloudmlmsoftware.com\/pt-pt\/software-de-venda-direta\/\" \/>\n<meta property=\"og:site_name\" content=\"Cloud MLM Software\" \/>\n<meta property=\"article:modified_time\" content=\"2024-09-13T06:33:48+00:00\" \/>\n<meta name=\"twitter:card\" content=\"summary_large_image\" \/>\n<meta name=\"twitter:label1\" content=\"Tempo estimado de leitura\" \/>\n\t<meta name=\"twitter:data1\" content=\"4 minutos\" \/>\n<!-- \/ Yoast SEO Premium plugin. -->","yoast_head_json":{"title":"Software de venda direta - Cloud MLM Software","robots":{"index":"index","follow":"follow","max-snippet":"max-snippet:-1","max-image-preview":"max-image-preview:large","max-video-preview":"max-video-preview:-1"},"canonical":"https:\/\/cloudmlmsoftware.com\/pt-pt\/software-de-venda-direta\/","og_locale":"pt_PT","og_type":"article","og_title":"Software de venda direta","og_description":"Software de venda direta Na sociedade moderna, um software bem organizado \u00e9 crucial para rastrear clientes, auditar vendas, direcionar agentes, processar compensa\u00e7\u00f5es e gerenciar pagamentos. Cloud MLM apresenta um software de venda direta desenvolvido para esse fim. Ajuda a rastrear os lucros e receitas das vendas com efici\u00eancia. Cloud MLM Software Solutions \u00e9 um importante [&hellip;]","og_url":"https:\/\/cloudmlmsoftware.com\/pt-pt\/software-de-venda-direta\/","og_site_name":"Cloud MLM Software","article_modified_time":"2024-09-13T06:33:48+00:00","twitter_card":"summary_large_image","twitter_misc":{"Tempo estimado de leitura":"4 minutos"},"schema":{"@context":"https:\/\/schema.org","@graph":[{"@type":"WebPage","@id":"https:\/\/cloudmlmsoftware.com\/pt-pt\/software-de-venda-direta\/","url":"https:\/\/cloudmlmsoftware.com\/pt-pt\/software-de-venda-direta\/","name":"Software de venda direta - Cloud MLM Software","isPartOf":{"@id":"https:\/\/cloudmlmsoftware.com\/pt-pt\/#website"},"datePublished":"2024-07-18T12:28:12+00:00","dateModified":"2024-09-13T06:33:48+00:00","breadcrumb":{"@id":"https:\/\/cloudmlmsoftware.com\/pt-pt\/software-de-venda-direta\/#breadcrumb"},"inLanguage":"pt-PT","potentialAction":[{"@type":"ReadAction","target":["https:\/\/cloudmlmsoftware.com\/pt-pt\/software-de-venda-direta\/"]}]},{"@type":"BreadcrumbList","@id":"https:\/\/cloudmlmsoftware.com\/pt-pt\/software-de-venda-direta\/#breadcrumb","itemListElement":[{"@type":"ListItem","position":1,"name":"Home","item":"https:\/\/cloudmlmsoftware.com\/pt-pt\/"},{"@type":"ListItem","position":2,"name":"Software de venda direta"}]},{"@type":"WebSite","@id":"https:\/\/cloudmlmsoftware.com\/pt-pt\/#website","url":"https:\/\/cloudmlmsoftware.com\/pt-pt\/","name":"Cloud MLM Software","description":"","publisher":{"@id":"https:\/\/cloudmlmsoftware.com\/pt-pt\/#organization"},"potentialAction":[{"@type":"SearchAction","target":{"@type":"EntryPoint","urlTemplate":"https:\/\/cloudmlmsoftware.com\/pt-pt\/?s={search_term_string}"},"query-input":{"@type":"PropertyValueSpecification","valueRequired":true,"valueName":"search_term_string"}}],"inLanguage":"pt-PT"},{"@type":"Organization","@id":"https:\/\/cloudmlmsoftware.com\/pt-pt\/#organization","name":"Cloud MLM Software","url":"https:\/\/cloudmlmsoftware.com\/pt-pt\/","logo":{"@type":"ImageObject","inLanguage":"pt-PT","@id":"https:\/\/cloudmlmsoftware.com\/pt-pt\/#\/schema\/logo\/image\/","url":"https:\/\/cloudmlmsoftware.com\/wp-content\/uploads\/2024\/09\/cloudmlm-logo.webp","contentUrl":"https:\/\/cloudmlmsoftware.com\/wp-content\/uploads\/2024\/09\/cloudmlm-logo.webp","width":200,"height":40,"caption":"Cloud MLM Software"},"image":{"@id":"https:\/\/cloudmlmsoftware.com\/pt-pt\/#\/schema\/logo\/image\/"}}]}},"_links":{"self":[{"href":"https:\/\/cloudmlmsoftware.com\/pt-pt\/wp-json\/wp\/v2\/pages\/14512","targetHints":{"allow":["GET"]}}],"collection":[{"href":"https:\/\/cloudmlmsoftware.com\/pt-pt\/wp-json\/wp\/v2\/pages"}],"about":[{"href":"https:\/\/cloudmlmsoftware.com\/pt-pt\/wp-json\/wp\/v2\/types\/page"}],"author":[{"embeddable":true,"href":"https:\/\/cloudmlmsoftware.com\/pt-pt\/wp-json\/wp\/v2\/users\/1"}],"replies":[{"embeddable":true,"href":"https:\/\/cloudmlmsoftware.com\/pt-pt\/wp-json\/wp\/v2\/comments?post=14512"}],"version-history":[{"count":0,"href":"https:\/\/cloudmlmsoftware.com\/pt-pt\/wp-json\/wp\/v2\/pages\/14512\/revisions"}],"wp:attachment":[{"href":"https:\/\/cloudmlmsoftware.com\/pt-pt\/wp-json\/wp\/v2\/media?parent=14512"}],"curies":[{"name":"wp","href":"https:\/\/api.w.org\/{rel}","templated":true}]}}