{"id":14501,"date":"2024-07-31T04:24:57","date_gmt":"2024-07-31T04:24:57","guid":{"rendered":"https:\/\/cloudmlmsoftware.com\/calculadora-mlm-binaria\/"},"modified":"2024-10-08T09:46:25","modified_gmt":"2024-10-08T09:46:25","slug":"calculadora-mlm-binaria","status":"publish","type":"page","link":"https:\/\/cloudmlmsoftware.com\/pt-pt\/calculadora-mlm-binaria\/","title":{"rendered":"calculadora-mlm bin\u00e1ria"},"content":{"rendered":"","protected":false},"excerpt":{"rendered":"","protected":false},"author":1,"featured_media":0,"parent":0,"menu_order":0,"comment_status":"closed","ping_status":"closed","template":"mlmcalculatorinner-page.php","meta":{"_acf_changed":false,"footnotes":""},"class_list":["post-14501","page","type-page","status-publish","hentry"],"acf":[],"yoast_head":"<!-- This site is optimized with the Yoast SEO Premium plugin v23.6 (Yoast SEO v25.9) - https:\/\/yoast.com\/wordpress\/plugins\/seo\/ -->\n<title>Calculadora bin\u00e1ria de MMN - Calcule os ganhos e os ganhos de MMN. Comiss\u00f5es<\/title>\n<meta name=\"description\" content=\"A calculadora bin\u00e1ria de MMN calcula facilmente os ganhos, acompanha as comiss\u00f5es e projeta o sucesso do seu neg\u00f3cio de MMN com ferramentas precisas e f\u00e1ceis de utilizar.\" \/>\n<meta name=\"robots\" content=\"index, follow, max-snippet:-1, max-image-preview:large, max-video-preview:-1\" \/>\n<link rel=\"canonical\" href=\"https:\/\/cloudmlmsoftware.com\/pt-pt\/calculadora-mlm-binaria\/\" \/>\n<meta property=\"og:locale\" content=\"pt_PT\" \/>\n<meta property=\"og:type\" content=\"article\" \/>\n<meta property=\"og:title\" content=\"calculadora-mlm bin\u00e1ria\" \/>\n<meta property=\"og:description\" content=\"A calculadora bin\u00e1ria de MMN calcula facilmente os ganhos, acompanha as comiss\u00f5es e projeta o sucesso do seu neg\u00f3cio de MMN com ferramentas precisas e f\u00e1ceis de utilizar.\" \/>\n<meta property=\"og:url\" content=\"https:\/\/cloudmlmsoftware.com\/pt-pt\/calculadora-mlm-binaria\/\" \/>\n<meta property=\"og:site_name\" content=\"Cloud MLM Software\" \/>\n<meta property=\"article:modified_time\" content=\"2024-10-08T09:46:25+00:00\" \/>\n<meta name=\"twitter:card\" content=\"summary_large_image\" \/>\n<!-- \/ Yoast SEO Premium plugin. -->","yoast_head_json":{"title":"Calculadora bin\u00e1ria de MMN - Calcule os ganhos e os ganhos de MMN. Comiss\u00f5es","description":"A calculadora bin\u00e1ria de MMN calcula facilmente os ganhos, acompanha as comiss\u00f5es e projeta o sucesso do seu neg\u00f3cio de MMN com ferramentas precisas e f\u00e1ceis de utilizar.","robots":{"index":"index","follow":"follow","max-snippet":"max-snippet:-1","max-image-preview":"max-image-preview:large","max-video-preview":"max-video-preview:-1"},"canonical":"https:\/\/cloudmlmsoftware.com\/pt-pt\/calculadora-mlm-binaria\/","og_locale":"pt_PT","og_type":"article","og_title":"calculadora-mlm bin\u00e1ria","og_description":"A calculadora bin\u00e1ria de MMN calcula facilmente os ganhos, acompanha as comiss\u00f5es e projeta o sucesso do seu neg\u00f3cio de MMN com ferramentas precisas e f\u00e1ceis de utilizar.","og_url":"https:\/\/cloudmlmsoftware.com\/pt-pt\/calculadora-mlm-binaria\/","og_site_name":"Cloud MLM Software","article_modified_time":"2024-10-08T09:46:25+00:00","twitter_card":"summary_large_image","schema":{"@context":"https:\/\/schema.org","@graph":[{"@type":"WebPage","@id":"https:\/\/cloudmlmsoftware.com\/pt-pt\/calculadora-mlm-binaria\/","url":"https:\/\/cloudmlmsoftware.com\/pt-pt\/calculadora-mlm-binaria\/","name":"Calculadora bin\u00e1ria de MMN - Calcule os ganhos e os ganhos de MMN. Comiss\u00f5es","isPartOf":{"@id":"https:\/\/cloudmlmsoftware.com\/pt-pt\/#website"},"datePublished":"2024-07-31T04:24:57+00:00","dateModified":"2024-10-08T09:46:25+00:00","description":"A calculadora bin\u00e1ria de MMN calcula facilmente os ganhos, acompanha as comiss\u00f5es e projeta o sucesso do seu neg\u00f3cio de MMN com ferramentas precisas e f\u00e1ceis de utilizar.","breadcrumb":{"@id":"https:\/\/cloudmlmsoftware.com\/pt-pt\/calculadora-mlm-binaria\/#breadcrumb"},"inLanguage":"pt-PT","potentialAction":[{"@type":"ReadAction","target":["https:\/\/cloudmlmsoftware.com\/pt-pt\/calculadora-mlm-binaria\/"]}]},{"@type":"BreadcrumbList","@id":"https:\/\/cloudmlmsoftware.com\/pt-pt\/calculadora-mlm-binaria\/#breadcrumb","itemListElement":[{"@type":"ListItem","position":1,"name":"Home","item":"https:\/\/cloudmlmsoftware.com\/pt-pt\/"},{"@type":"ListItem","position":2,"name":"calculadora-mlm bin\u00e1ria"}]},{"@type":"WebSite","@id":"https:\/\/cloudmlmsoftware.com\/pt-pt\/#website","url":"https:\/\/cloudmlmsoftware.com\/pt-pt\/","name":"Cloud MLM Software","description":"","publisher":{"@id":"https:\/\/cloudmlmsoftware.com\/pt-pt\/#organization"},"potentialAction":[{"@type":"SearchAction","target":{"@type":"EntryPoint","urlTemplate":"https:\/\/cloudmlmsoftware.com\/pt-pt\/?s={search_term_string}"},"query-input":{"@type":"PropertyValueSpecification","valueRequired":true,"valueName":"search_term_string"}}],"inLanguage":"pt-PT"},{"@type":"Organization","@id":"https:\/\/cloudmlmsoftware.com\/pt-pt\/#organization","name":"Cloud MLM Software","url":"https:\/\/cloudmlmsoftware.com\/pt-pt\/","logo":{"@type":"ImageObject","inLanguage":"pt-PT","@id":"https:\/\/cloudmlmsoftware.com\/pt-pt\/#\/schema\/logo\/image\/","url":"https:\/\/cloudmlmsoftware.com\/wp-content\/uploads\/2024\/09\/cloudmlm-logo.webp","contentUrl":"https:\/\/cloudmlmsoftware.com\/wp-content\/uploads\/2024\/09\/cloudmlm-logo.webp","width":200,"height":40,"caption":"Cloud MLM Software"},"image":{"@id":"https:\/\/cloudmlmsoftware.com\/pt-pt\/#\/schema\/logo\/image\/"}}]}},"_links":{"self":[{"href":"https:\/\/cloudmlmsoftware.com\/pt-pt\/wp-json\/wp\/v2\/pages\/14501","targetHints":{"allow":["GET"]}}],"collection":[{"href":"https:\/\/cloudmlmsoftware.com\/pt-pt\/wp-json\/wp\/v2\/pages"}],"about":[{"href":"https:\/\/cloudmlmsoftware.com\/pt-pt\/wp-json\/wp\/v2\/types\/page"}],"author":[{"embeddable":true,"href":"https:\/\/cloudmlmsoftware.com\/pt-pt\/wp-json\/wp\/v2\/users\/1"}],"replies":[{"embeddable":true,"href":"https:\/\/cloudmlmsoftware.com\/pt-pt\/wp-json\/wp\/v2\/comments?post=14501"}],"version-history":[{"count":0,"href":"https:\/\/cloudmlmsoftware.com\/pt-pt\/wp-json\/wp\/v2\/pages\/14501\/revisions"}],"wp:attachment":[{"href":"https:\/\/cloudmlmsoftware.com\/pt-pt\/wp-json\/wp\/v2\/media?parent=14501"}],"curies":[{"name":"wp","href":"https:\/\/api.w.org\/{rel}","templated":true}]}}