{"id":14496,"date":"2024-08-01T10:12:53","date_gmt":"2024-08-01T10:12:53","guid":{"rendered":"https:\/\/cloudmlmsoftware.com\/calculadora-mlm-plano-binario-australiano\/"},"modified":"2024-10-04T11:47:37","modified_gmt":"2024-10-04T11:47:37","slug":"calculadora-mlm-plano-binario-australiano","status":"publish","type":"page","link":"https:\/\/cloudmlmsoftware.com\/pt-pt\/calculadora-mlm-plano-binario-australiano\/","title":{"rendered":"calculadora-mlm-plano-bin\u00e1rio-australiano"},"content":{"rendered":"","protected":false},"excerpt":{"rendered":"","protected":false},"author":2,"featured_media":0,"parent":0,"menu_order":0,"comment_status":"closed","ping_status":"closed","template":"mlmcalculatorinner-page.php","meta":{"_acf_changed":false,"footnotes":""},"class_list":["post-14496","page","type-page","status-publish","hentry"],"acf":[],"yoast_head":"<!-- This site is optimized with the Yoast SEO Premium plugin v23.6 (Yoast SEO v25.9) - https:\/\/yoast.com\/wordpress\/plugins\/seo\/ -->\n<title>Calculadora bin\u00e1ria australiana de MMN - rastreador de comiss\u00f5es preciso<\/title>\n<meta name=\"description\" content=\"Descubra como maximizar os seus ganhos com a nossa calculadora MLM bin\u00e1ria australiana. Comece j\u00e1 a calcular para obter melhores informa\u00e7\u00f5es sobre comiss\u00f5es!\" \/>\n<meta name=\"robots\" content=\"index, follow, max-snippet:-1, max-image-preview:large, max-video-preview:-1\" \/>\n<link rel=\"canonical\" href=\"https:\/\/cloudmlmsoftware.com\/pt-pt\/calculadora-mlm-plano-binario-australiano\/\" \/>\n<meta property=\"og:locale\" content=\"pt_PT\" \/>\n<meta property=\"og:type\" content=\"article\" \/>\n<meta property=\"og:title\" content=\"calculadora-mlm-plano-bin\u00e1rio-australiano\" \/>\n<meta property=\"og:description\" content=\"Descubra como maximizar os seus ganhos com a nossa calculadora MLM bin\u00e1ria australiana. Comece j\u00e1 a calcular para obter melhores informa\u00e7\u00f5es sobre comiss\u00f5es!\" \/>\n<meta property=\"og:url\" content=\"https:\/\/cloudmlmsoftware.com\/pt-pt\/calculadora-mlm-plano-binario-australiano\/\" \/>\n<meta property=\"og:site_name\" content=\"Cloud MLM Software\" \/>\n<meta property=\"article:modified_time\" content=\"2024-10-04T11:47:37+00:00\" \/>\n<meta name=\"twitter:card\" content=\"summary_large_image\" \/>\n<!-- \/ Yoast SEO Premium plugin. -->","yoast_head_json":{"title":"Calculadora bin\u00e1ria australiana de MMN - rastreador de comiss\u00f5es preciso","description":"Descubra como maximizar os seus ganhos com a nossa calculadora MLM bin\u00e1ria australiana. Comece j\u00e1 a calcular para obter melhores informa\u00e7\u00f5es sobre comiss\u00f5es!","robots":{"index":"index","follow":"follow","max-snippet":"max-snippet:-1","max-image-preview":"max-image-preview:large","max-video-preview":"max-video-preview:-1"},"canonical":"https:\/\/cloudmlmsoftware.com\/pt-pt\/calculadora-mlm-plano-binario-australiano\/","og_locale":"pt_PT","og_type":"article","og_title":"calculadora-mlm-plano-bin\u00e1rio-australiano","og_description":"Descubra como maximizar os seus ganhos com a nossa calculadora MLM bin\u00e1ria australiana. Comece j\u00e1 a calcular para obter melhores informa\u00e7\u00f5es sobre comiss\u00f5es!","og_url":"https:\/\/cloudmlmsoftware.com\/pt-pt\/calculadora-mlm-plano-binario-australiano\/","og_site_name":"Cloud MLM Software","article_modified_time":"2024-10-04T11:47:37+00:00","twitter_card":"summary_large_image","schema":{"@context":"https:\/\/schema.org","@graph":[{"@type":"WebPage","@id":"https:\/\/cloudmlmsoftware.com\/pt-pt\/calculadora-mlm-plano-binario-australiano\/","url":"https:\/\/cloudmlmsoftware.com\/pt-pt\/calculadora-mlm-plano-binario-australiano\/","name":"Calculadora bin\u00e1ria australiana de MMN - rastreador de comiss\u00f5es preciso","isPartOf":{"@id":"https:\/\/cloudmlmsoftware.com\/pt-pt\/#website"},"datePublished":"2024-08-01T10:12:53+00:00","dateModified":"2024-10-04T11:47:37+00:00","description":"Descubra como maximizar os seus ganhos com a nossa calculadora MLM bin\u00e1ria australiana. Comece j\u00e1 a calcular para obter melhores informa\u00e7\u00f5es sobre comiss\u00f5es!","breadcrumb":{"@id":"https:\/\/cloudmlmsoftware.com\/pt-pt\/calculadora-mlm-plano-binario-australiano\/#breadcrumb"},"inLanguage":"pt-PT","potentialAction":[{"@type":"ReadAction","target":["https:\/\/cloudmlmsoftware.com\/pt-pt\/calculadora-mlm-plano-binario-australiano\/"]}]},{"@type":"BreadcrumbList","@id":"https:\/\/cloudmlmsoftware.com\/pt-pt\/calculadora-mlm-plano-binario-australiano\/#breadcrumb","itemListElement":[{"@type":"ListItem","position":1,"name":"Home","item":"https:\/\/cloudmlmsoftware.com\/pt-pt\/"},{"@type":"ListItem","position":2,"name":"calculadora-mlm-plano-bin\u00e1rio-australiano"}]},{"@type":"WebSite","@id":"https:\/\/cloudmlmsoftware.com\/pt-pt\/#website","url":"https:\/\/cloudmlmsoftware.com\/pt-pt\/","name":"Cloud MLM Software","description":"","publisher":{"@id":"https:\/\/cloudmlmsoftware.com\/pt-pt\/#organization"},"potentialAction":[{"@type":"SearchAction","target":{"@type":"EntryPoint","urlTemplate":"https:\/\/cloudmlmsoftware.com\/pt-pt\/?s={search_term_string}"},"query-input":{"@type":"PropertyValueSpecification","valueRequired":true,"valueName":"search_term_string"}}],"inLanguage":"pt-PT"},{"@type":"Organization","@id":"https:\/\/cloudmlmsoftware.com\/pt-pt\/#organization","name":"Cloud MLM Software","url":"https:\/\/cloudmlmsoftware.com\/pt-pt\/","logo":{"@type":"ImageObject","inLanguage":"pt-PT","@id":"https:\/\/cloudmlmsoftware.com\/pt-pt\/#\/schema\/logo\/image\/","url":"https:\/\/cloudmlmsoftware.com\/wp-content\/uploads\/2024\/09\/cloudmlm-logo.webp","contentUrl":"https:\/\/cloudmlmsoftware.com\/wp-content\/uploads\/2024\/09\/cloudmlm-logo.webp","width":200,"height":40,"caption":"Cloud MLM Software"},"image":{"@id":"https:\/\/cloudmlmsoftware.com\/pt-pt\/#\/schema\/logo\/image\/"}}]}},"_links":{"self":[{"href":"https:\/\/cloudmlmsoftware.com\/pt-pt\/wp-json\/wp\/v2\/pages\/14496","targetHints":{"allow":["GET"]}}],"collection":[{"href":"https:\/\/cloudmlmsoftware.com\/pt-pt\/wp-json\/wp\/v2\/pages"}],"about":[{"href":"https:\/\/cloudmlmsoftware.com\/pt-pt\/wp-json\/wp\/v2\/types\/page"}],"author":[{"embeddable":true,"href":"https:\/\/cloudmlmsoftware.com\/pt-pt\/wp-json\/wp\/v2\/users\/2"}],"replies":[{"embeddable":true,"href":"https:\/\/cloudmlmsoftware.com\/pt-pt\/wp-json\/wp\/v2\/comments?post=14496"}],"version-history":[{"count":0,"href":"https:\/\/cloudmlmsoftware.com\/pt-pt\/wp-json\/wp\/v2\/pages\/14496\/revisions"}],"wp:attachment":[{"href":"https:\/\/cloudmlmsoftware.com\/pt-pt\/wp-json\/wp\/v2\/media?parent=14496"}],"curies":[{"name":"wp","href":"https:\/\/api.w.org\/{rel}","templated":true}]}}