{"id":14482,"date":"2024-05-22T13:33:38","date_gmt":"2024-05-22T13:33:38","guid":{"rendered":"https:\/\/cloudmlmsoftware.com\/gerenciador-de-backup\/"},"modified":"2024-11-08T04:37:18","modified_gmt":"2024-11-08T04:37:18","slug":"gerenciador-de-backup","status":"publish","type":"page","link":"https:\/\/cloudmlmsoftware.com\/pt-pt\/gerenciador-de-backup\/","title":{"rendered":"gerenciador de backup"},"content":{"rendered":"\n<div class=\"bannerBgcolor BannerBg pt-16 pb-20 relative overflow-hidden\">\n        <div class=\"animation-wrapper\">\n            <div class=\"particle particle-1\"><\/div>\n            <div class=\"particle particle-2\"><\/div>\n            <div class=\"particle particle-3\"><\/div>\n            <div class=\"particle particle-4\"><\/div>\n        <\/div>\n\n        <div class=\"container mx-auto xl:h-[504px] lg:h-[450px] h-auto relative z-1\">\n            <div class=\"flex flex-wrap items-center\">\n                <div class=\"md:basis-5\/12 sm:basis-12\/12 pr-4 pr-0 py-14\">\n                    <img decoding=\"async\" src=\"\/wp-content\/uploads\/2024\/08\/Modulesbanner.webp\" width=\"467\" height=\"411\" alt=\"melhor software mlm nos EUA\" class=\"pulseBannerImg\"\/>\n                <\/div>\n                <div class=\"md:basis-7\/12 sm:basis-12\/12\">\n                    <h1 class=\"lg:text-mainTitleFontSize sm:text-3xl text-3xl text-white lg:leading-snug \">\n                        Gerenciador de <span class=\"font-bold animate-charcter-offwhite\">backup<\/span> <\/h1>\n\n                    <p class=\"offlightWhite pt-3 text-md\">Sabemos que hoje o nosso mundo est\u00e1 totalmente digitalizado, por isso todas as nossas atividades di\u00e1rias s\u00e3o realizadas online. Consequentemente, tudo o que fazemos online \u00e9 armazenado como dados. Para armazenar esses dados, precisamos de um gerenciador de backup forte.   <\/p>\n\n                <\/div>\n\n            <\/div>\n        <\/div>\n    <\/div>\n    <!-- ************************************************************************************* -->\n\n    <section class=\"p-sectionpadding\">\n        <div class=\"container mx-auto pt-20\">\n           <div class=\"flex flex-wrap items-start md:items-center flex-col-reverse md:flex-row\">\n                <div class=\"flex-1 w-full md:w-8\/12 pr-0 lg:pr-7 pr-0 mt-3\">\n                    <div class=\"relative\">\n\n                        <h2 class=\"lg:text-TitlesemiFontSize text-2xl titleColor lg:leading-snug capitalize\"> O que \u00e9 um sistema <span class=\"font-bold\"> gerenciador de backup?<\/span> <\/h2>\n\n                        <p class=\"pt-6 font-light leading-6 text-textpara contentColor\">Um gerenciador de backup deve ser capaz de salvar dados em modo codificado e fornecer seguran\u00e7a aos dados do usu\u00e1rio. Dados importantes requerem mais seguran\u00e7a do que dados comuns. Isso significa que o plano de backup deve apoi\u00e1-lo no tratamento de todos os tipos de emerg\u00eancias e permitir a decodifica\u00e7\u00e3o de dados importantes sem interfer\u00eancia.   <\/p>\n\n                    <\/div>\n                <\/div>\n                <div class=\"hidden lg:flex items-end justify-right w-[360px] primaryColor rounded-2xl pt-20 pl-10 ml-0 md:ml-10 mb-2 pb-0 overflow-hidden mt-3\">\n                <img decoding=\"async\" src=\"\/wp-content\/uploads\/2024\/08\/backumdulIntro.svg\" alt=\"Imagem\" class=\"relative right-[-10px] w-full\"\/>\n            <\/div>\n            <\/div>\n        <\/div>\n    <\/section>\n\n    <!-- ================================================================================================ -->\n    <section class=\"p-sectionpadding\">\n        <div class=\"container mx-auto \">\n            <div class=\"relative darkblue rounded-2xl p-7 md:p-12 py-8 md:py-16 overflow-hidden\">\n                <div class=\"flex flex-wrap items-center\">\n\n                    <div class=\"relative w-full lg:w-5\/12 pr-0 lg:pr-12\">\n                        <img decoding=\"async\" src=\"\/wp-content\/uploads\/2024\/08\/moduleBackup2.webp\" alt=\"Imagem\" class=\"mb-4 lg:mb-0 w-full\"\/>\n                    <\/div>\n\n                    <div class=\"lg:flex-shrink-0 w-full lg:w-7\/12 \">\n                        <h3 class=\"lg:text-TitlesemiFontSize text-2xl text-white lg:leading-snug capitalize\">\n                             <span class=\"font-bold\">Recursos <\/span> de um sistema <span class=\"font-bold\">gerenciador de backup <\/span> <\/h3>\n                        <ul class=\"flex flex-wrap space-x-2 mt-4 ml-[-12px] list1\">\n                            <li class=\"text-textpara text-white font-light leading-6 mb-3 ml-2\">Uma das melhores caracter\u00edsticas de um gerenciador de backup \u00e9 que ele armazena dados em locais remotos. <\/li>\n                            <li class=\"text-textpara text-white font-light leading-6 mb-3 ml-2\">Isso ajuda a evitar a perda de dados devido a incidentes como v\u00edrus de computador, inc\u00eandio, inunda\u00e7\u00e3o, raios, exclus\u00e3o acidental e falhas no disco r\u00edgido, entre outros. <\/li>\n<li class=\"text-textpara text-white font-light leading-6 mb-3 ml-2\">Se voc\u00ea editar ou excluir algum dado, n\u00e3o importa; o gerenciador de backup sempre armazena a c\u00f3pia mais recente dos seus dados. <\/li>\n\n                        <\/ul>\n                    <\/div>\n                <\/div>\n            <\/div>\n        <\/div>\n    <\/section>\n\n\n    <!-- ************************************************************************************* -->\n    <section class=\"p-sectionpadding\">\n        <div class=\"container mx-auto\">\n            <div class=\"flex flex-wrap flex-col-reverse md:flex-row\">\n\n                <div class=\"flex-1 flex flex-col items-center justify-end w-full md:w-6\/12 lighter rounded-2xl p-7 md:p-20 pb-0 md:pb-0 mr-0 md:mr-10 mb-2 pb-0 overflow-hidden mt-3\">\n                    <h4 class=\"text-xl md:text-2xl titleColor font-semibold lg:leading-snug capitalize mb-7\"> O primeiro objetivo \u00e9 recuperar os dados ap\u00f3s sua perda, seja por exclus\u00e3o ou corrup\u00e7\u00e3o de dados <\/h4>\n                    <img decoding=\"async\" src=\"\/wp-content\/uploads\/2024\/08\/moduleBackup3.webp\" alt=\"Imagem\" class=\"w-full rounded-t-xl\"\/>\n                <\/div>\n\n                <div class=\"flex-1 flex flex-col items-center justify-end w-full md:w-6\/12 primaryColor rounded-2xl p-7 pb-0 md:pb-0 md:p-20 ml-0 md:ml-10 mb-2 pb-0 overflow-hidden mt-3\">\n                    <h4 class=\"text-xl md:text-2xl text-white font-semibold lg:leading-snug capitalize mb-7\"> E o segundo objetivo \u00e9 recuperar os dados desde os est\u00e1gios iniciais para compar\u00e1-los com os \u00faltimos resultados de dados salvos <\/h4>\n                    <img decoding=\"async\" src=\"\/wp-content\/uploads\/2024\/08\/moduleBackup4.webp\" alt=\"Imagem\" class=\"w-full rounded-t-xl\"\/>\n                <\/div>\n\n            <\/div>\n        <\/div>\n    <\/section>\n    <!-- ************************************************************************************* -->\n\n    <section class=\"p-sectionpadding\">\n        <div class=\"container mx-auto\">\n            <div class=\"flex flex-wrap flex-col-reverse lg:flex-row\">\n                <div class=\"flex-1 w-full lg:w-7\/12 pr-0 lg:pr-7 pr-0 mt-3\">\n                    <div class=\"relative\">\n\n                        <h4 class=\"lg:text-TitlesemiFontSize text-2xl titleColor lg:leading-snug capitalize\">\n                             <span class=\"font-bold\">Funcionamento<\/span> do sistema <span class=\"font-bold\">gerenciador de backup<\/span> do Cloud MLM <\/h4>\n\n                        <p class=\"pt-6 font-light leading-6 text-textpara contentColor\"> O software fornece o melhor sistema gerenciador de backup para nossos clientes. Nosso sistema de backup armazena dados no pr\u00f3prio servidor, e esses dados s\u00e3o retidos por um per\u00edodo determinado antes de serem removidos de acordo com a necessidade do cliente.  <\/p>\n\n\n                        <p class=\"pt-6 font-light leading-6 text-textpara contentColor\">O sistema de backup do cont\u00e9m pelo menos uma c\u00f3pia de todos os dados que valem a pena salvar. Nosso gerenciador de backup faz backup dos dados a cada hora do dia e os armazena com seguran\u00e7a. Assim, nossos clientes podem acessar e decodificar facilmente os dados hor\u00e1rios e os dados altamente confidenciais de nosso sistema.   <\/p>\n\n\n                    <\/div>\n                <\/div>\n\n\n                <div class=\"w-full lg:w-5\/12 mt-10\">\n                    <div class=\"backUpafter1 relative rounded-xl py-2 mb-2\">\n                        <div class=\"flex items-center\">\n                            <div class=\"w-[30px] h-[30px] mr-[20px] rounded-lg primaryColor flex items-center justify-center font-semibold text-white\">  1  <\/div>\n                            <p class=\"text-textpara font-semibold relative lighter rounded-xl py-4 px-6 w-[calc(100%-50px)]\"> Cron definido no per\u00edodo de prefer\u00eancia.<\/p>\n                        <\/div>\n                    <\/div>\n                    <div class=\"backUpafter1 relative rounded-xl py-2 mb-2\">\n                        <div class=\"flex items-center\">\n                            <div class=\"w-[30px] h-[30px] mr-[20px] rounded-lg primaryColor flex items-center justify-center font-semibold text-white\">  2  <\/div>\n                            <p class=\"text-textpara font-semibold relative lighter rounded-xl py-4 px-6 w-[calc(100%-50px)]\"> Criptografando arquivos para backup.<\/p>\n                        <\/div>\n                    <\/div>\n\n                    <div class=\"backUpafter1 relative rounded-xl py-2 mb-2\">\n                        <div class=\"flex items-center\">\n                            <div class=\"w-[30px] h-[30px] mr-[20px] rounded-lg primaryColor flex items-center justify-center font-semibold text-white\">  3  <\/div>\n                            <p class=\"text-textpara font-semibold relative lighter rounded-xl py-4 px-6 w-[calc(100%-50px)]\"> Criptografando arquivos e bancos de dados com nossos m\u00e9todos altamente seguros.<\/p>\n                        <\/div>\n                    <\/div>\n\n\n                <\/div>\n            <\/div>\n        <\/div>\n    <\/section>\n","protected":false},"excerpt":{"rendered":"<p>Gerenciador de backup Sabemos que hoje o nosso mundo est\u00e1 totalmente digitalizado, por isso todas as nossas atividades di\u00e1rias s\u00e3o realizadas online. Consequentemente, tudo o que fazemos online \u00e9 armazenado como dados. Para armazenar esses dados, precisamos de um gerenciador de backup forte. O que \u00e9 um sistema gerenciador de backup? Um gerenciador de backup [&hellip;]<\/p>\n","protected":false},"author":1,"featured_media":0,"parent":0,"menu_order":0,"comment_status":"closed","ping_status":"closed","template":"modulebackupmanager-page.php","meta":{"_acf_changed":false,"footnotes":""},"class_list":["post-14482","page","type-page","status-publish","hentry"],"acf":[],"yoast_head":"<!-- This site is optimized with the Yoast SEO Premium plugin v23.6 (Yoast SEO v25.9) - https:\/\/yoast.com\/wordpress\/plugins\/seo\/ -->\n<title>Efficient Backup Manager | Protege os teus dados com facilidade<\/title>\n<meta name=\"description\" content=\"Protege os teus dados com o nosso fi\u00e1vel Backup Manager. Solu\u00e7\u00f5es f\u00e1ceis de utilizar e eficientes para manter a tua informa\u00e7\u00e3o segura e acess\u00edvel.\" \/>\n<meta name=\"robots\" content=\"index, follow, max-snippet:-1, max-image-preview:large, max-video-preview:-1\" \/>\n<link rel=\"canonical\" href=\"https:\/\/cloudmlmsoftware.com\/pt-pt\/gerenciador-de-backup\/\" \/>\n<meta property=\"og:locale\" content=\"pt_PT\" \/>\n<meta property=\"og:type\" content=\"article\" \/>\n<meta property=\"og:title\" content=\"gerenciador de backup\" \/>\n<meta property=\"og:description\" content=\"Protege os teus dados com o nosso fi\u00e1vel Backup Manager. Solu\u00e7\u00f5es f\u00e1ceis de utilizar e eficientes para manter a tua informa\u00e7\u00e3o segura e acess\u00edvel.\" \/>\n<meta property=\"og:url\" content=\"https:\/\/cloudmlmsoftware.com\/pt-pt\/gerenciador-de-backup\/\" \/>\n<meta property=\"og:site_name\" content=\"Cloud MLM Software\" \/>\n<meta property=\"article:modified_time\" content=\"2024-11-08T04:37:18+00:00\" \/>\n<meta name=\"twitter:card\" content=\"summary_large_image\" \/>\n<meta name=\"twitter:label1\" content=\"Tempo estimado de leitura\" \/>\n\t<meta name=\"twitter:data1\" content=\"2 minutos\" \/>\n<!-- \/ Yoast SEO Premium plugin. -->","yoast_head_json":{"title":"Efficient Backup Manager | Protege os teus dados com facilidade","description":"Protege os teus dados com o nosso fi\u00e1vel Backup Manager. Solu\u00e7\u00f5es f\u00e1ceis de utilizar e eficientes para manter a tua informa\u00e7\u00e3o segura e acess\u00edvel.","robots":{"index":"index","follow":"follow","max-snippet":"max-snippet:-1","max-image-preview":"max-image-preview:large","max-video-preview":"max-video-preview:-1"},"canonical":"https:\/\/cloudmlmsoftware.com\/pt-pt\/gerenciador-de-backup\/","og_locale":"pt_PT","og_type":"article","og_title":"gerenciador de backup","og_description":"Protege os teus dados com o nosso fi\u00e1vel Backup Manager. Solu\u00e7\u00f5es f\u00e1ceis de utilizar e eficientes para manter a tua informa\u00e7\u00e3o segura e acess\u00edvel.","og_url":"https:\/\/cloudmlmsoftware.com\/pt-pt\/gerenciador-de-backup\/","og_site_name":"Cloud MLM Software","article_modified_time":"2024-11-08T04:37:18+00:00","twitter_card":"summary_large_image","twitter_misc":{"Tempo estimado de leitura":"2 minutos"},"schema":{"@context":"https:\/\/schema.org","@graph":[{"@type":"WebPage","@id":"https:\/\/cloudmlmsoftware.com\/pt-pt\/gerenciador-de-backup\/","url":"https:\/\/cloudmlmsoftware.com\/pt-pt\/gerenciador-de-backup\/","name":"Efficient Backup Manager | Protege os teus dados com facilidade","isPartOf":{"@id":"https:\/\/cloudmlmsoftware.com\/pt-pt\/#website"},"datePublished":"2024-05-22T13:33:38+00:00","dateModified":"2024-11-08T04:37:18+00:00","description":"Protege os teus dados com o nosso fi\u00e1vel Backup Manager. Solu\u00e7\u00f5es f\u00e1ceis de utilizar e eficientes para manter a tua informa\u00e7\u00e3o segura e acess\u00edvel.","breadcrumb":{"@id":"https:\/\/cloudmlmsoftware.com\/pt-pt\/gerenciador-de-backup\/#breadcrumb"},"inLanguage":"pt-PT","potentialAction":[{"@type":"ReadAction","target":["https:\/\/cloudmlmsoftware.com\/pt-pt\/gerenciador-de-backup\/"]}]},{"@type":"BreadcrumbList","@id":"https:\/\/cloudmlmsoftware.com\/pt-pt\/gerenciador-de-backup\/#breadcrumb","itemListElement":[{"@type":"ListItem","position":1,"name":"Home","item":"https:\/\/cloudmlmsoftware.com\/pt-pt\/"},{"@type":"ListItem","position":2,"name":"gerenciador de backup"}]},{"@type":"WebSite","@id":"https:\/\/cloudmlmsoftware.com\/pt-pt\/#website","url":"https:\/\/cloudmlmsoftware.com\/pt-pt\/","name":"Cloud MLM Software","description":"","publisher":{"@id":"https:\/\/cloudmlmsoftware.com\/pt-pt\/#organization"},"potentialAction":[{"@type":"SearchAction","target":{"@type":"EntryPoint","urlTemplate":"https:\/\/cloudmlmsoftware.com\/pt-pt\/?s={search_term_string}"},"query-input":{"@type":"PropertyValueSpecification","valueRequired":true,"valueName":"search_term_string"}}],"inLanguage":"pt-PT"},{"@type":"Organization","@id":"https:\/\/cloudmlmsoftware.com\/pt-pt\/#organization","name":"Cloud MLM Software","url":"https:\/\/cloudmlmsoftware.com\/pt-pt\/","logo":{"@type":"ImageObject","inLanguage":"pt-PT","@id":"https:\/\/cloudmlmsoftware.com\/pt-pt\/#\/schema\/logo\/image\/","url":"https:\/\/cloudmlmsoftware.com\/wp-content\/uploads\/2024\/09\/cloudmlm-logo.webp","contentUrl":"https:\/\/cloudmlmsoftware.com\/wp-content\/uploads\/2024\/09\/cloudmlm-logo.webp","width":200,"height":40,"caption":"Cloud MLM Software"},"image":{"@id":"https:\/\/cloudmlmsoftware.com\/pt-pt\/#\/schema\/logo\/image\/"}}]}},"_links":{"self":[{"href":"https:\/\/cloudmlmsoftware.com\/pt-pt\/wp-json\/wp\/v2\/pages\/14482","targetHints":{"allow":["GET"]}}],"collection":[{"href":"https:\/\/cloudmlmsoftware.com\/pt-pt\/wp-json\/wp\/v2\/pages"}],"about":[{"href":"https:\/\/cloudmlmsoftware.com\/pt-pt\/wp-json\/wp\/v2\/types\/page"}],"author":[{"embeddable":true,"href":"https:\/\/cloudmlmsoftware.com\/pt-pt\/wp-json\/wp\/v2\/users\/1"}],"replies":[{"embeddable":true,"href":"https:\/\/cloudmlmsoftware.com\/pt-pt\/wp-json\/wp\/v2\/comments?post=14482"}],"version-history":[{"count":0,"href":"https:\/\/cloudmlmsoftware.com\/pt-pt\/wp-json\/wp\/v2\/pages\/14482\/revisions"}],"wp:attachment":[{"href":"https:\/\/cloudmlmsoftware.com\/pt-pt\/wp-json\/wp\/v2\/media?parent=14482"}],"curies":[{"name":"wp","href":"https:\/\/api.w.org\/{rel}","templated":true}]}}