{"id":14451,"date":"2024-06-26T12:38:08","date_gmt":"2024-06-26T12:38:08","guid":{"rendered":"https:\/\/cloudmlmsoftware.com\/politica-de-reembolso\/"},"modified":"2024-09-30T05:17:11","modified_gmt":"2024-09-30T05:17:11","slug":"reembolsos-e-cancelamento","status":"publish","type":"page","link":"https:\/\/cloudmlmsoftware.com\/pt-pt\/reembolsos-e-cancelamento\/","title":{"rendered":"Pol\u00edtica de Reembolso"},"content":{"rendered":"\n<h2 class=\"lg:text-2xl leading-snug text-2xl capitalize titleColor\">N\u00f3s nos esfor\u00e7amos para fornecer aos nossos clientes o software da mais alta qualidade, juntamente com os melhores servi\u00e7os t\u00e9cnicos, de vendas e de suporte de informa\u00e7\u00f5es.<\/h2>\n\n          \n            <p class=\"pt-3\">Para ajudar a garantir que nossos produtos de software sejam exatamente o que voc\u00ea precisa, uma conta gratuita est\u00e1 dispon\u00edvel em nosso site. Tamb\u00e9m s\u00e3o fornecidas informa\u00e7\u00f5es abrangentes sobre produtos e servi\u00e7os. Para ajud\u00e1-lo a tomar a decis\u00e3o certa, voc\u00ea tamb\u00e9m pode entrar em contato com nossa equipe de suporte.  <\/p>\n\n            <p class=\"pt-5 contentColor text-sm leading-6\">Entendemos, no entanto, que circunst\u00e2ncias excepcionais podem ocorrer devido \u00e0 natureza dos produtos que fornecemos, portanto, familiarize-se com nossa Pol\u00edtica de Reembolso antes de solicitar nosso software para evitar insatisfa\u00e7\u00e3o ap\u00f3s a compra.<\/p>\n\n            <p class=\"pt-5 contentColor text-sm leading-6\">Como todos os nossos produtos s\u00e3o bens intang\u00edveis e irrevog\u00e1veis \u200b\u200b(software digital), eles v\u00eam com uma garantia de devolu\u00e7\u00e3o do dinheiro baseada em honra de 1 semana ap\u00f3s o lan\u00e7amento. Com base na honra significa que teremos prazer em devolver o seu investimento, desde que: <\/p>\n\n            <ul class=\"mt-4 block\">\n                <li class=\"flex items-start space-x-2 rounded-xl mb-3 cursor-pointer w-full md:w-auto\">\n                    <img decoding=\"async\" src=\"\/wp-content\/uploads\/2024\/07\/list1.webp\" width=\"20\" height=\"20\" alt=\"software mlm\"\/>\n                    <b class=\"font-normal contentColor text-sm\">Temos certeza de que o produto est\u00e1 com defeito (ou seja, n\u00e3o funciona de acordo com os recursos declarados na p\u00e1gina inicial do produto ou em outros documentos oficiais do produto) no computador\/dispositivo m\u00f3vel do cliente;<\/b>\n                <\/li>\n                <li class=\"flex items-start space-x-2 rounded-xl mb-3 cursor-pointer w-full md:w-auto\">\n                    <img decoding=\"async\" src=\"\/wp-content\/uploads\/2024\/07\/list1.webp\" width=\"20\" height=\"20\" alt=\"software mlm\"\/>\n                    <b class=\"font-normal contentColor text-sm\">Recebemos assist\u00eancia para descobrir os detalhes do problema por parte do cliente;<\/b>\n                <\/li>\n                <li class=\"flex items-start space-x-2 rounded-xl mb-3 cursor-pointer w-full md:w-auto\">\n                    <img decoding=\"async\" src=\"\/wp-content\/uploads\/2024\/07\/list1.webp\" width=\"20\" height=\"20\" alt=\"software mlm\"\/>\n                    <b class=\"font-normal contentColor text-sm\">N\u00e3o conseguimos resolver a defici\u00eancia dentro de um per\u00edodo de tempo razo\u00e1vel.<\/b>\n                <\/li>\n                <li class=\"flex items-start space-x-2 rounded-xl mb-3 cursor-pointer w-full md:w-auto\">\n                    <img decoding=\"async\" src=\"\/wp-content\/uploads\/2024\/07\/list1.webp\" width=\"20\" height=\"20\" alt=\"software mlm\"\/>\n                    <b class=\"font-normal contentColor text-sm\">O reembolso ser\u00e1 emitido ao cliente na \u00edntegra, sem quaisquer compensa\u00e7\u00f5es ou reembolsos adicionais.<\/b>\n                <\/li>\n\n            <\/ul>\n            <p class=\"pt-5 contentColor text-sm leading-6\">O software tamb\u00e9m coleta informa\u00e7\u00f5es potencialmente de identifica\u00e7\u00e3o pessoal, como endere\u00e7os de protocolo da Internet (IP) para usu\u00e1rios logados e para usu\u00e1rios que deixam coment\u00e1rios em https:\/\/cloudmlmsoftware. com postagens de blog. O Cloud MLM Software divulga apenas endere\u00e7os IP de usu\u00e1rios logados e comentaristas nas mesmas circunst\u00e2ncias em que usa e divulga informa\u00e7\u00f5es de identifica\u00e7\u00e3o pessoal, conforme descrito abaixo. <\/p>\n\n            <h3 class=\"leading-snug text-2xl capitalize titleColor pt-4\"> Procedimento de devolu\u00e7\u00e3o do produto: <\/h3>\n            <h4 class=\"leading-snug text-2xl capitalize titleColor pt-4\"> Os pedidos de reembolso devem ser: <\/h4>\n            <ul class=\"mt-4 block\">\n                <li class=\"flex items-start space-x-2 rounded-xl mb-3 cursor-pointer w-full md:w-auto\">\n                    <img decoding=\"async\" src=\"\/wp-content\/uploads\/2024\/07\/list1.webp\" width=\"20\" height=\"20\" alt=\"software mlm\"\/>\n                    <b class=\"font-normal contentColor text-sm\">Feito dentro de sete (7) dias a partir da data de lan\u00e7amento.<\/b>\n                <\/li>\n                <li class=\"flex items-start space-x-2 rounded-xl mb-3 cursor-pointer w-full md:w-auto\">\n                    <img decoding=\"async\" src=\"\/wp-content\/uploads\/2024\/07\/list1.webp\" width=\"20\" height=\"20\" alt=\"software mlm\"\/>\n                    <b class=\"font-normal contentColor text-sm\">Enviado por e-mail para nossa equipe de atendimento ao cliente.<\/b>\n                <\/li>\n                <li class=\"flex items-start space-x-2 rounded-xl mb-3 cursor-pointer w-full md:w-auto\">\n                    <img decoding=\"async\" src=\"\/wp-content\/uploads\/2024\/07\/list1.webp\" width=\"20\" height=\"20\" alt=\"software mlm\"\/>\n                    <b class=\"font-normal contentColor text-sm\">Inclua o endere\u00e7o de e-mail com o qual voc\u00ea se inscreveu em nosso servi\u00e7o e os motivos detalhados e fundamentados pelos quais voc\u00ea solicitou um reembolso.<\/b>\n                <\/li>\n              \n            <\/ul>\n            <p class=\"pt-5 contentColor text-sm leading-6\">Ao enviar uma solicita\u00e7\u00e3o de reembolso, aguarde at\u00e9 um (1) dia \u00fatil para nossa equipe de atendimento ao cliente entrar em contato com voc\u00ea sobre o problema.<\/p>\n            <p class=\"pt-5 contentColor text-sm leading-6\">Voc\u00ea deve esperar um e-mail de <a class=\"primaryTextColor\" href=\"mailto:info@cloudmlmsoftware.com\">info@cloudmlmsoftware. com<\/a>, esteja pronto para fornecer informa\u00e7\u00f5es adicionais aos nossos agentes de suporte e seguir todas as recomenda\u00e7\u00f5es.<\/p>\n","protected":false},"excerpt":{"rendered":"<p>N\u00f3s nos esfor\u00e7amos para fornecer aos nossos clientes o software da mais alta qualidade, juntamente com os melhores servi\u00e7os t\u00e9cnicos, de vendas e de suporte de informa\u00e7\u00f5es. Para ajudar a garantir que nossos produtos de software sejam exatamente o que voc\u00ea precisa, uma conta gratuita est\u00e1 dispon\u00edvel em nosso site. Tamb\u00e9m s\u00e3o fornecidas informa\u00e7\u00f5es abrangentes [&hellip;]<\/p>\n","protected":false},"author":1,"featured_media":0,"parent":0,"menu_order":0,"comment_status":"closed","ping_status":"closed","template":"refundpolicy-page.php","meta":{"_acf_changed":false,"footnotes":""},"class_list":["post-14451","page","type-page","status-publish","hentry"],"acf":[],"yoast_head":"<!-- This site is optimized with the Yoast SEO Premium plugin v23.6 (Yoast SEO v25.9) - https:\/\/yoast.com\/wordpress\/plugins\/seo\/ -->\n<title>Pol\u00edtica de reembolso e cancelamento \u2013 Conhe\u00e7a os seus direitos<\/title>\n<meta name=\"description\" content=\"Compreenda a nossa Pol\u00edtica de Reembolso e Cancelamento para devolu\u00e7\u00f5es sem complica\u00e7\u00f5es. Saiba mais sobre a elegibilidade, os prazos e como solicitar reembolsos.\" \/>\n<meta name=\"robots\" content=\"index, follow, max-snippet:-1, max-image-preview:large, max-video-preview:-1\" \/>\n<link rel=\"canonical\" href=\"https:\/\/cloudmlmsoftware.com\/pt-pt\/reembolsos-e-cancelamento\/\" \/>\n<meta property=\"og:locale\" content=\"pt_PT\" \/>\n<meta property=\"og:type\" content=\"article\" \/>\n<meta property=\"og:title\" content=\"Pol\u00edtica de Reembolso\" \/>\n<meta property=\"og:description\" content=\"Compreenda a nossa Pol\u00edtica de Reembolso e Cancelamento para devolu\u00e7\u00f5es sem complica\u00e7\u00f5es. Saiba mais sobre a elegibilidade, os prazos e como solicitar reembolsos.\" \/>\n<meta property=\"og:url\" content=\"https:\/\/cloudmlmsoftware.com\/pt-pt\/reembolsos-e-cancelamento\/\" \/>\n<meta property=\"og:site_name\" content=\"Cloud MLM Software\" \/>\n<meta property=\"article:modified_time\" content=\"2024-09-30T05:17:11+00:00\" \/>\n<meta name=\"twitter:card\" content=\"summary_large_image\" \/>\n<meta name=\"twitter:label1\" content=\"Tempo estimado de leitura\" \/>\n\t<meta name=\"twitter:data1\" content=\"4 minutos\" \/>\n<!-- \/ Yoast SEO Premium plugin. -->","yoast_head_json":{"title":"Pol\u00edtica de reembolso e cancelamento \u2013 Conhe\u00e7a os seus direitos","description":"Compreenda a nossa Pol\u00edtica de Reembolso e Cancelamento para devolu\u00e7\u00f5es sem complica\u00e7\u00f5es. Saiba mais sobre a elegibilidade, os prazos e como solicitar reembolsos.","robots":{"index":"index","follow":"follow","max-snippet":"max-snippet:-1","max-image-preview":"max-image-preview:large","max-video-preview":"max-video-preview:-1"},"canonical":"https:\/\/cloudmlmsoftware.com\/pt-pt\/reembolsos-e-cancelamento\/","og_locale":"pt_PT","og_type":"article","og_title":"Pol\u00edtica de Reembolso","og_description":"Compreenda a nossa Pol\u00edtica de Reembolso e Cancelamento para devolu\u00e7\u00f5es sem complica\u00e7\u00f5es. Saiba mais sobre a elegibilidade, os prazos e como solicitar reembolsos.","og_url":"https:\/\/cloudmlmsoftware.com\/pt-pt\/reembolsos-e-cancelamento\/","og_site_name":"Cloud MLM Software","article_modified_time":"2024-09-30T05:17:11+00:00","twitter_card":"summary_large_image","twitter_misc":{"Tempo estimado de leitura":"4 minutos"},"schema":{"@context":"https:\/\/schema.org","@graph":[{"@type":"WebPage","@id":"https:\/\/cloudmlmsoftware.com\/pt-pt\/reembolsos-e-cancelamento\/","url":"https:\/\/cloudmlmsoftware.com\/pt-pt\/reembolsos-e-cancelamento\/","name":"Pol\u00edtica de reembolso e cancelamento \u2013 Conhe\u00e7a os seus direitos","isPartOf":{"@id":"https:\/\/cloudmlmsoftware.com\/pt-pt\/#website"},"datePublished":"2024-06-26T12:38:08+00:00","dateModified":"2024-09-30T05:17:11+00:00","description":"Compreenda a nossa Pol\u00edtica de Reembolso e Cancelamento para devolu\u00e7\u00f5es sem complica\u00e7\u00f5es. Saiba mais sobre a elegibilidade, os prazos e como solicitar reembolsos.","breadcrumb":{"@id":"https:\/\/cloudmlmsoftware.com\/pt-pt\/reembolsos-e-cancelamento\/#breadcrumb"},"inLanguage":"pt-PT","potentialAction":[{"@type":"ReadAction","target":["https:\/\/cloudmlmsoftware.com\/pt-pt\/reembolsos-e-cancelamento\/"]}]},{"@type":"BreadcrumbList","@id":"https:\/\/cloudmlmsoftware.com\/pt-pt\/reembolsos-e-cancelamento\/#breadcrumb","itemListElement":[{"@type":"ListItem","position":1,"name":"Home","item":"https:\/\/cloudmlmsoftware.com\/pt-pt\/"},{"@type":"ListItem","position":2,"name":"Pol\u00edtica de Reembolso"}]},{"@type":"WebSite","@id":"https:\/\/cloudmlmsoftware.com\/pt-pt\/#website","url":"https:\/\/cloudmlmsoftware.com\/pt-pt\/","name":"Cloud MLM Software","description":"","publisher":{"@id":"https:\/\/cloudmlmsoftware.com\/pt-pt\/#organization"},"potentialAction":[{"@type":"SearchAction","target":{"@type":"EntryPoint","urlTemplate":"https:\/\/cloudmlmsoftware.com\/pt-pt\/?s={search_term_string}"},"query-input":{"@type":"PropertyValueSpecification","valueRequired":true,"valueName":"search_term_string"}}],"inLanguage":"pt-PT"},{"@type":"Organization","@id":"https:\/\/cloudmlmsoftware.com\/pt-pt\/#organization","name":"Cloud MLM Software","url":"https:\/\/cloudmlmsoftware.com\/pt-pt\/","logo":{"@type":"ImageObject","inLanguage":"pt-PT","@id":"https:\/\/cloudmlmsoftware.com\/pt-pt\/#\/schema\/logo\/image\/","url":"https:\/\/cloudmlmsoftware.com\/wp-content\/uploads\/2024\/09\/cloudmlm-logo.webp","contentUrl":"https:\/\/cloudmlmsoftware.com\/wp-content\/uploads\/2024\/09\/cloudmlm-logo.webp","width":200,"height":40,"caption":"Cloud MLM Software"},"image":{"@id":"https:\/\/cloudmlmsoftware.com\/pt-pt\/#\/schema\/logo\/image\/"}}]}},"_links":{"self":[{"href":"https:\/\/cloudmlmsoftware.com\/pt-pt\/wp-json\/wp\/v2\/pages\/14451","targetHints":{"allow":["GET"]}}],"collection":[{"href":"https:\/\/cloudmlmsoftware.com\/pt-pt\/wp-json\/wp\/v2\/pages"}],"about":[{"href":"https:\/\/cloudmlmsoftware.com\/pt-pt\/wp-json\/wp\/v2\/types\/page"}],"author":[{"embeddable":true,"href":"https:\/\/cloudmlmsoftware.com\/pt-pt\/wp-json\/wp\/v2\/users\/1"}],"replies":[{"embeddable":true,"href":"https:\/\/cloudmlmsoftware.com\/pt-pt\/wp-json\/wp\/v2\/comments?post=14451"}],"version-history":[{"count":0,"href":"https:\/\/cloudmlmsoftware.com\/pt-pt\/wp-json\/wp\/v2\/pages\/14451\/revisions"}],"wp:attachment":[{"href":"https:\/\/cloudmlmsoftware.com\/pt-pt\/wp-json\/wp\/v2\/media?parent=14451"}],"curies":[{"name":"wp","href":"https:\/\/api.w.org\/{rel}","templated":true}]}}