{"id":14431,"date":"2024-03-25T12:33:50","date_gmt":"2024-03-25T12:33:50","guid":{"rendered":"https:\/\/cloudmlmsoftware.com\/politica-de-privacidade\/"},"modified":"2024-09-25T14:43:21","modified_gmt":"2024-09-25T14:43:21","slug":"politica-de-privacidade","status":"publish","type":"page","link":"https:\/\/cloudmlmsoftware.com\/pt-pt\/politica-de-privacidade\/","title":{"rendered":"pol\u00edtica de Privacidade"},"content":{"rendered":"\n<h2 class=\"wp-block-heading lg:text-TitlesemiFontSize leading-snug text-2xl capitalize titleColor\">Sua privacidade \u00e9 extremamente importante para n\u00f3s.<\/h2>\n\n<h3 class=\"wp-block-heading leading-snug text-2xl capitalize titleColor pt-4\">LLP est\u00e1 localizada em:<\/h3>\n\n<p class=\"pt-3\">Unidade 1A, 4\u00ba andar, KSITIL, Zona Econ\u00f4mica Especial, Cyberpark Campus, edif\u00edcio Sahya, Nellikkode P. O, Kozhikode, 673016<\/p>\n\n<p class=\"pt-5 contentColor text-sm leading-6\">\u00c9 pol\u00edtica da Cloud MLM Software respeitar sua privacidade em rela\u00e7\u00e3o a qualquer informa\u00e7\u00e3o que possamos coletar durante a opera\u00e7\u00e3o de nosso site. Esta Pol\u00edtica de Privacidade se aplica a https:\/\/cloudmlmsoftware. com (doravante, &#8220;n\u00f3s&#8221;, &#8220;n\u00f3s&#8221; ou &#8220;https:\/\/cloudmlmsoftware. com&#8221;). Respeitamos a sua privacidade e estamos comprometidos em proteger as informa\u00e7\u00f5es de identifica\u00e7\u00e3o pessoal que voc\u00ea pode nos fornecer atrav\u00e9s do Site. Adotamos esta pol\u00edtica de privacidade (\u201cPol\u00edtica de Privacidade\u201d) para explicar quais informa\u00e7\u00f5es podem ser coletadas em nosso Site, como usamos essas informa\u00e7\u00f5es e em que circunst\u00e2ncias podemos divulg\u00e1-las a terceiros. Esta Pol\u00edtica de Privacidade aplica-se apenas \u00e0s informa\u00e7\u00f5es que coletamos atrav\u00e9s do Site e n\u00e3o se aplica \u00e0 nossa coleta de informa\u00e7\u00f5es de outras fontes.    <\/p>\n\n<p class=\"pt-5 contentColor text-sm leading-6\">Esta Pol\u00edtica de Privacidade, juntamente com os Termos e Condi\u00e7\u00f5es publicados em nosso Site, estabelecem as regras e pol\u00edticas gerais que regem o uso de nosso Site. Dependendo de suas atividades ao visitar nosso Site, poder\u00e1 ser necess\u00e1rio que voc\u00ea concorde com termos e condi\u00e7\u00f5es adicionais. <\/p>\n\n<h3 class=\"wp-block-heading pt-6 leading-snug text-2xl font-semibold capitalize titleColor\">Visitantes do site<\/h3>\n\n<p class=\"pt-5 contentColor text-sm leading-6\">Como a maioria dos operadores de sites, o Cloud MLM Software coleta informa\u00e7\u00f5es que n\u00e3o s\u00e3o de identifica\u00e7\u00e3o pessoal, do tipo que os navegadores e servidores normalmente disponibilizam, como tipo de navegador, prefer\u00eancia de idioma, site de refer\u00eancia e data e hora de cada solicita\u00e7\u00e3o de visitante. O objetivo da Cloud MLM Software ao coletar informa\u00e7\u00f5es de identifica\u00e7\u00e3o n\u00e3o pessoal \u00e9 entender melhor como os visitantes da Cloud MLM Software usam seu site. De tempos em tempos, o Cloud MLM Software pode liberar informa\u00e7\u00f5es que n\u00e3o sejam de identifica\u00e7\u00e3o pessoal de forma agregada, por exemplo. g. , publicando um relat\u00f3rio sobre as tend\u00eancias de utiliza\u00e7\u00e3o do seu site.  <\/p>\n\n<p class=\"pt-5 contentColor text-sm leading-6\">O software tamb\u00e9m coleta informa\u00e7\u00f5es potencialmente de identifica\u00e7\u00e3o pessoal, como endere\u00e7os de protocolo da Internet (IP) para usu\u00e1rios logados e para usu\u00e1rios que deixam coment\u00e1rios em https:\/\/cloudmlmsoftware. com postagens de blog. O Cloud MLM Software divulga apenas endere\u00e7os IP de usu\u00e1rios logados e comentaristas nas mesmas circunst\u00e2ncias em que usa e divulga informa\u00e7\u00f5es de identifica\u00e7\u00e3o pessoal, conforme descrito abaixo. <\/p>\n\n<h3 class=\"wp-block-heading pt-6 leading-snug text-2xl font-semibold capitalize titleColor\">Coleta de informa\u00e7\u00f5es de identifica\u00e7\u00e3o pessoal<\/h3>\n\n<p class=\"pt-3 contentColor text-sm leading-6\">Certos visitantes dos sites da Cloud MLM Software optam por interagir com a Bpract Software Solutions LLP (a empresa desenvolveu este produto) de maneiras que exigem que a Bpract Software Solutions LLP colete informa\u00e7\u00f5es de identifica\u00e7\u00e3o pessoal. A quantidade e o tipo de informa\u00e7\u00f5es que a Bpract Software Solutions LLP coleta depende da natureza da intera\u00e7\u00e3o. Por exemplo, pedimos aos visitantes que se inscrevem em um blog em https:\/\/cloudmlmsoftware. com para fornecer um nome de usu\u00e1rio e endere\u00e7o de e-mail.  <\/p>\n\n<h3 class=\"wp-block-heading pt-6 leading-snug text-2xl font-semibold capitalize titleColor\">Seguran\u00e7a<\/h3>\n\n<p class=\"pt-3 contentColor text-sm leading-6\">A seguran\u00e7a das suas Informa\u00e7\u00f5es Pessoais \u00e9 importante para n\u00f3s, mas lembre-se de que nenhum m\u00e9todo de transmiss\u00e3o pela Internet ou m\u00e9todo de armazenamento eletr\u00f4nico \u00e9 100% seguro. Embora nos esforcemos para utilizar meios comercialmente aceit\u00e1veis \u200b\u200bpara proteger as suas Informa\u00e7\u00f5es Pessoais, n\u00e3o podemos garantir a sua seguran\u00e7a absoluta. <\/p>\n\n<h3 class=\"wp-block-heading pt-6 leading-snug text-2xl font-semibold capitalize titleColor\">An\u00fancios<\/h3>\n\n<p class=\"pt-3 contentColor text-sm leading-6\">Os an\u00fancios que aparecem no nosso site podem ser entregues aos usu\u00e1rios por parceiros de publicidade, que podem definir cookies. Esses cookies permitem que o servidor de an\u00fancios reconhe\u00e7a o seu computador sempre que lhe enviar um an\u00fancio online para compilar informa\u00e7\u00f5es sobre voc\u00ea ou outras pessoas que usam o seu computador. Essas informa\u00e7\u00f5es permitem que as redes de an\u00fancios, entre outras coisas, forne\u00e7am an\u00fancios direcionados que acreditam ser do maior interesse para voc\u00ea. Esta Pol\u00edtica de Privacidade cobre o uso de cookies pelo Cloud MLM Software e n\u00e3o cobre o uso de cookies por quaisquer anunciantes.   <\/p>\n\n<h3 class=\"wp-block-heading pt-6 leading-snug text-2xl font-semibold capitalize titleColor\">Links para sites externos<\/h3>\n\n<p class=\"pt-3 contentColor text-sm leading-6\">Nosso Servi\u00e7o pode conter links para sites externos que n\u00e3o s\u00e3o operados por n\u00f3s. Se voc\u00ea clicar em um link de terceiros, voc\u00ea ser\u00e1 direcionado para o site desse terceiro. Aconselhamos vivamente que reveja a Pol\u00edtica de Privacidade e os termos e condi\u00e7\u00f5es de cada site que visitar. N\u00e3o temos controle e n\u00e3o assumimos responsabilidade pelo conte\u00fado, pol\u00edticas de privacidade ou pr\u00e1ticas de sites, produtos ou servi\u00e7os de terceiros.   <\/p>\n\n<h3 class=\"wp-block-heading pt-6 leading-snug text-2xl font-semibold capitalize titleColor\">Prote\u00e7\u00e3o de Certas Informa\u00e7\u00f5es de Identifica\u00e7\u00e3o Pessoal<\/h3>\n\n<p class=\"pt-3 contentColor text-sm leading-6\">LLP divulga informa\u00e7\u00f5es potencialmente de identifica\u00e7\u00e3o pessoal e de identifica\u00e7\u00e3o pessoal apenas para seus funcion\u00e1rios, contratados e organiza\u00e7\u00f5es afiliadas que (i) precisar saber essas informa\u00e7\u00f5es para process\u00e1-las em nome da Bpract Software Solutions LLP ou para fornecer servi\u00e7os dispon\u00edveis no site da Cloud MLM Software, e (ii) que concordaram em n\u00e3o divulg\u00e1-lo a terceiros. Alguns desses funcion\u00e1rios, prestadores de servi\u00e7os e organiza\u00e7\u00f5es afiliadas podem estar localizados fora do seu pa\u00eds de origem; ao usar o site da Cloud MLM Software, voc\u00ea concorda com a transfer\u00eancia de tais informa\u00e7\u00f5es para eles. A Bpract Software Solutions LLP n\u00e3o alugar\u00e1 ou vender\u00e1 informa\u00e7\u00f5es potencialmente de identifica\u00e7\u00e3o pessoal e de identifica\u00e7\u00e3o pessoal a ningu\u00e9m. Al\u00e9m de seus funcion\u00e1rios, contratados e organiza\u00e7\u00f5es afiliadas, conforme descrito acima, a Bpract Software Solutions LLP divulga informa\u00e7\u00f5es potencialmente de identifica\u00e7\u00e3o pessoal e de identifica\u00e7\u00e3o pessoal apenas em resposta a uma intima\u00e7\u00e3o, ordem judicial ou outra solicita\u00e7\u00e3o governamental, ou quando a Bpract Software Solutions LLP acredita de boa f\u00e9 que a divulga\u00e7\u00e3o \u00e9 razoavelmente necess\u00e1ria para proteger a propriedade ou os direitos da Bpract Software Solutions LLP, de terceiros ou do p\u00fablico em geral.     <\/p>\n\n<p class=\"pt-3 contentColor text-sm leading-6\">Se voc\u00ea se registrou em https:\/\/cloudmlmsoftware. com e forneceu seu endere\u00e7o de e-mail, a Bpract Software Solutions LLP pode ocasionalmente enviar-lhe um e-mail para inform\u00e1-lo sobre novos recursos, solicitar seus coment\u00e1rios ou apenas mant\u00ea-lo atualizado sobre o que est\u00e1 acontecendo com a Bpract Software Solutions LLP e nossos produtos. Usamos nosso blog principalmente para comunicar esse tipo de informa\u00e7\u00e3o, por isso esperamos reduzir esse tipo de e-mail ao m\u00ednimo. Se voc\u00ea nos enviar uma solicita\u00e7\u00e3o (por exemplo, por e-mail de suporte ou por meio de um de nossos mecanismos de feedback), reservamo-nos o direito de public\u00e1-la para nos ajudar a esclarecer ou responder \u00e0 sua solicita\u00e7\u00e3o ou para nos ajudar a apoiar outros usu\u00e1rios. A Bpract Software Solutions LLP toma todas as medidas razoavelmente necess\u00e1rias para proteger contra o acesso n\u00e3o autorizado, uso, altera\u00e7\u00e3o ou destrui\u00e7\u00e3o de informa\u00e7\u00f5es potencialmente de identifica\u00e7\u00e3o pessoal e de identifica\u00e7\u00e3o pessoal.   <\/p>\n\n<h3 class=\"wp-block-heading pt-6 leading-snug text-2xl font-semibold capitalize titleColor\">Estat\u00edsticas Agregadas<\/h3>\n\n<p class=\"pt-3 contentColor text-sm leading-6\">LLP pode coletar estat\u00edsticas sobre o comportamento dos visitantes de seu site. A Bpract Software Solutions LLP pode exibir essas informa\u00e7\u00f5es publicamente ou fornec\u00ea-las a terceiros. No entanto, Bpract Software Solutions LLP n\u00e3o divulga suas informa\u00e7\u00f5es de identifica\u00e7\u00e3o pessoal.  <\/p>\n\n<h3 class=\"wp-block-heading pt-6 leading-snug text-2xl font-semibold capitalize titleColor\">Divulga\u00e7\u00e3o de afiliados<\/h3>\n\n<p class=\"pt-3 contentColor text-sm leading-6\">Este site usa links afiliados e ganha uma comiss\u00e3o por determinados links. Isso n\u00e3o afeta suas compras ou o pre\u00e7o que voc\u00ea pode pagar. <\/p>\n\n<h3 class=\"wp-block-heading\">Biscoitos<\/h3>\n\n<p class=\"pt-3 contentColor text-sm leading-6\">Para enriquecer e aperfei\u00e7oar a sua experi\u00eancia online, a Cloud MLM Software utiliza \u201cCookies\u201d, tecnologias e servi\u00e7os semelhantes fornecidos por terceiros para exibir conte\u00fado personalizado, publicidade apropriada e armazenar as suas prefer\u00eancias no seu computador.<\/p>\n\n<p class=\"pt-3 contentColor text-sm leading-6\">Um cookie \u00e9 uma sequ\u00eancia de informa\u00e7\u00f5es que um site armazena no computador do visitante e que o navegador do visitante fornece ao site sempre que o visitante retorna. Bpract Software Solutions LLP usa cookies para ajudar Bpract Software Solutions LLP a identificar e rastrear visitantes, seu uso de https:\/\/cloudmlmsoftware. com e suas prefer\u00eancias de acesso ao site. Os visitantes do Cloud MLM Software que n\u00e3o desejam que cookies sejam colocados em seus computadores devem configurar seus navegadores para recusar cookies antes de usar os sites da Bpract Software Solutions LLP, com a desvantagem de que certos recursos dos sites da Bpract Software Solutions LLP podem n\u00e3o funcionar corretamente sem a ajuda de biscoitos.  <\/p>\n\n<p class=\"pt-3 contentColor text-sm leading-6\">Ao continuar a navegar em nosso site sem alterar suas configura\u00e7\u00f5es de cookies, voc\u00ea reconhece e concorda com o uso de cookies pela Cloud MLM Software.<\/p>\n\n<h3 class=\"wp-block-heading pt-6 leading-snug text-2xl font-semibold capitalize titleColor\">Com\u00e9rcio eletr\u00f4nico<\/h3>\n\n<p class=\"pt-3 contentColor text-sm leading-6\">Aqueles que realizam transa\u00e7\u00f5es com a Bpract Software Solutions LLP \u2013 ao adquirir os servi\u00e7os ou produtos da Bpract Software Solutions LLP, s\u00e3o solicitados a fornecer informa\u00e7\u00f5es adicionais, incluindo, se necess\u00e1rio, as informa\u00e7\u00f5es pessoais e financeiras necess\u00e1rias para processar essas transa\u00e7\u00f5es. Em cada caso, a Bpract Software Solutions LLP coleta tais informa\u00e7\u00f5es apenas na medida necess\u00e1ria ou apropriada para cumprir o prop\u00f3sito da intera\u00e7\u00e3o do visitante com a Bpract Software Solutions LLP. Bpract Software Solutions LLP n\u00e3o divulga informa\u00e7\u00f5es de identifica\u00e7\u00e3o pessoal al\u00e9m das descritas abaixo. E os visitantes podem sempre recusar-se a fornecer informa\u00e7\u00f5es de identifica\u00e7\u00e3o pessoal, com a ressalva de que isso pode impedi-los de participar em determinadas atividades relacionadas com o website.   <\/p>\n\n<h3 class=\"wp-block-heading pt-6 leading-snug text-2xl font-semibold capitalize titleColor\">Transfer\u00eancias Empresariais<\/h3>\n\n<p class=\"pt-3 contentColor text-sm leading-6\">Se a Bpract Software Solutions LLP, ou substancialmente todos os seus ativos, fossem adquiridos, ou no caso improv\u00e1vel de a Bpract Software Solutions LLP fechar as portas ou entrar em fal\u00eancia, as informa\u00e7\u00f5es do usu\u00e1rio seriam um dos ativos transferidos ou adquiridos por terceiros festa. Voc\u00ea reconhece que tais transfer\u00eancias podem ocorrer e que qualquer adquirente da Bpract Software Solutions LLP pode continuar a usar suas informa\u00e7\u00f5es pessoais conforme estabelecido nesta pol\u00edtica. <\/p>\n\n<h3 class=\"wp-block-heading pt-6 leading-snug text-2xl font-semibold capitalize titleColor\">Mudan\u00e7as na Pol\u00edtica de Privacidade<\/h3>\n\n<p class=\"pt-3 contentColor text-sm leading-6\">Embora a maioria das altera\u00e7\u00f5es provavelmente seja pequena, a Bpract Software Solutions LLP pode alterar sua Pol\u00edtica de Privacidade de tempos em tempos e a crit\u00e9rio exclusivo da Bpract Software Solutions LLP. Bpract Software Solutions LLP incentiva os visitantes a verificar frequentemente esta p\u00e1gina para quaisquer altera\u00e7\u00f5es em sua Pol\u00edtica de Privacidade. O uso continuado deste site ap\u00f3s qualquer altera\u00e7\u00e3o nesta Pol\u00edtica de Privacidade constituir\u00e1 sua aceita\u00e7\u00e3o de tal altera\u00e7\u00e3o.  <\/p>\n","protected":false},"excerpt":{"rendered":"<p>Sua privacidade \u00e9 extremamente importante para n\u00f3s. LLP est\u00e1 localizada em: Unidade 1A, 4\u00ba andar, KSITIL, Zona Econ\u00f4mica Especial, Cyberpark Campus, edif\u00edcio Sahya, Nellikkode P. O, Kozhikode, 673016 \u00c9 pol\u00edtica da Cloud MLM Software respeitar sua privacidade em rela\u00e7\u00e3o a qualquer informa\u00e7\u00e3o que possamos coletar durante a opera\u00e7\u00e3o de nosso site. Esta Pol\u00edtica de Privacidade [&hellip;]<\/p>\n","protected":false},"author":1,"featured_media":0,"parent":0,"menu_order":0,"comment_status":"closed","ping_status":"closed","template":"","meta":{"_acf_changed":false,"footnotes":""},"class_list":["post-14431","page","type-page","status-publish","hentry"],"acf":[],"yoast_head":"<!-- This site is optimized with the Yoast SEO Premium plugin v23.6 (Yoast SEO v25.9) - https:\/\/yoast.com\/wordpress\/plugins\/seo\/ -->\n<title>Pol\u00edtica de Privacidade | Software MLM na nuvem<\/title>\n<meta name=\"description\" content=\"Saiba como protegemos os seus dados com a nossa Pol\u00edtica de Privacidade clara. Mantenha-se informado e confiante sobre a sua seguran\u00e7a online \u2013 leia agora.\" \/>\n<meta name=\"robots\" content=\"index, follow, max-snippet:-1, max-image-preview:large, max-video-preview:-1\" \/>\n<link rel=\"canonical\" href=\"https:\/\/cloudmlmsoftware.com\/pt-pt\/politica-de-privacidade\/\" \/>\n<meta property=\"og:locale\" content=\"pt_PT\" \/>\n<meta property=\"og:type\" content=\"article\" \/>\n<meta property=\"og:title\" content=\"pol\u00edtica de Privacidade\" \/>\n<meta property=\"og:description\" content=\"Saiba como protegemos os seus dados com a nossa Pol\u00edtica de Privacidade clara. Mantenha-se informado e confiante sobre a sua seguran\u00e7a online \u2013 leia agora.\" \/>\n<meta property=\"og:url\" content=\"https:\/\/cloudmlmsoftware.com\/pt-pt\/politica-de-privacidade\/\" \/>\n<meta property=\"og:site_name\" content=\"Cloud MLM Software\" \/>\n<meta property=\"article:modified_time\" content=\"2024-09-25T14:43:21+00:00\" \/>\n<meta name=\"twitter:card\" content=\"summary_large_image\" \/>\n<meta name=\"twitter:label1\" content=\"Tempo estimado de leitura\" \/>\n\t<meta name=\"twitter:data1\" content=\"7 minutos\" \/>\n<!-- \/ Yoast SEO Premium plugin. -->","yoast_head_json":{"title":"Pol\u00edtica de Privacidade | Software MLM na nuvem","description":"Saiba como protegemos os seus dados com a nossa Pol\u00edtica de Privacidade clara. Mantenha-se informado e confiante sobre a sua seguran\u00e7a online \u2013 leia agora.","robots":{"index":"index","follow":"follow","max-snippet":"max-snippet:-1","max-image-preview":"max-image-preview:large","max-video-preview":"max-video-preview:-1"},"canonical":"https:\/\/cloudmlmsoftware.com\/pt-pt\/politica-de-privacidade\/","og_locale":"pt_PT","og_type":"article","og_title":"pol\u00edtica de Privacidade","og_description":"Saiba como protegemos os seus dados com a nossa Pol\u00edtica de Privacidade clara. Mantenha-se informado e confiante sobre a sua seguran\u00e7a online \u2013 leia agora.","og_url":"https:\/\/cloudmlmsoftware.com\/pt-pt\/politica-de-privacidade\/","og_site_name":"Cloud MLM Software","article_modified_time":"2024-09-25T14:43:21+00:00","twitter_card":"summary_large_image","twitter_misc":{"Tempo estimado de leitura":"7 minutos"},"schema":{"@context":"https:\/\/schema.org","@graph":[{"@type":"WebPage","@id":"https:\/\/cloudmlmsoftware.com\/pt-pt\/politica-de-privacidade\/","url":"https:\/\/cloudmlmsoftware.com\/pt-pt\/politica-de-privacidade\/","name":"Pol\u00edtica de Privacidade | Software MLM na nuvem","isPartOf":{"@id":"https:\/\/cloudmlmsoftware.com\/pt-pt\/#website"},"datePublished":"2024-03-25T12:33:50+00:00","dateModified":"2024-09-25T14:43:21+00:00","description":"Saiba como protegemos os seus dados com a nossa Pol\u00edtica de Privacidade clara. Mantenha-se informado e confiante sobre a sua seguran\u00e7a online \u2013 leia agora.","breadcrumb":{"@id":"https:\/\/cloudmlmsoftware.com\/pt-pt\/politica-de-privacidade\/#breadcrumb"},"inLanguage":"pt-PT","potentialAction":[{"@type":"ReadAction","target":["https:\/\/cloudmlmsoftware.com\/pt-pt\/politica-de-privacidade\/"]}]},{"@type":"BreadcrumbList","@id":"https:\/\/cloudmlmsoftware.com\/pt-pt\/politica-de-privacidade\/#breadcrumb","itemListElement":[{"@type":"ListItem","position":1,"name":"Home","item":"https:\/\/cloudmlmsoftware.com\/pt-pt\/"},{"@type":"ListItem","position":2,"name":"pol\u00edtica de Privacidade"}]},{"@type":"WebSite","@id":"https:\/\/cloudmlmsoftware.com\/pt-pt\/#website","url":"https:\/\/cloudmlmsoftware.com\/pt-pt\/","name":"Cloud MLM Software","description":"","publisher":{"@id":"https:\/\/cloudmlmsoftware.com\/pt-pt\/#organization"},"potentialAction":[{"@type":"SearchAction","target":{"@type":"EntryPoint","urlTemplate":"https:\/\/cloudmlmsoftware.com\/pt-pt\/?s={search_term_string}"},"query-input":{"@type":"PropertyValueSpecification","valueRequired":true,"valueName":"search_term_string"}}],"inLanguage":"pt-PT"},{"@type":"Organization","@id":"https:\/\/cloudmlmsoftware.com\/pt-pt\/#organization","name":"Cloud MLM Software","url":"https:\/\/cloudmlmsoftware.com\/pt-pt\/","logo":{"@type":"ImageObject","inLanguage":"pt-PT","@id":"https:\/\/cloudmlmsoftware.com\/pt-pt\/#\/schema\/logo\/image\/","url":"https:\/\/cloudmlmsoftware.com\/wp-content\/uploads\/2024\/09\/cloudmlm-logo.webp","contentUrl":"https:\/\/cloudmlmsoftware.com\/wp-content\/uploads\/2024\/09\/cloudmlm-logo.webp","width":200,"height":40,"caption":"Cloud MLM Software"},"image":{"@id":"https:\/\/cloudmlmsoftware.com\/pt-pt\/#\/schema\/logo\/image\/"}}]}},"_links":{"self":[{"href":"https:\/\/cloudmlmsoftware.com\/pt-pt\/wp-json\/wp\/v2\/pages\/14431","targetHints":{"allow":["GET"]}}],"collection":[{"href":"https:\/\/cloudmlmsoftware.com\/pt-pt\/wp-json\/wp\/v2\/pages"}],"about":[{"href":"https:\/\/cloudmlmsoftware.com\/pt-pt\/wp-json\/wp\/v2\/types\/page"}],"author":[{"embeddable":true,"href":"https:\/\/cloudmlmsoftware.com\/pt-pt\/wp-json\/wp\/v2\/users\/1"}],"replies":[{"embeddable":true,"href":"https:\/\/cloudmlmsoftware.com\/pt-pt\/wp-json\/wp\/v2\/comments?post=14431"}],"version-history":[{"count":0,"href":"https:\/\/cloudmlmsoftware.com\/pt-pt\/wp-json\/wp\/v2\/pages\/14431\/revisions"}],"wp:attachment":[{"href":"https:\/\/cloudmlmsoftware.com\/pt-pt\/wp-json\/wp\/v2\/media?parent=14431"}],"curies":[{"name":"wp","href":"https:\/\/api.w.org\/{rel}","templated":true}]}}