{"id":14421,"date":"2024-08-01T05:21:08","date_gmt":"2024-08-01T05:21:08","guid":{"rendered":"https:\/\/cloudmlmsoftware.com\/software-mlm-para-startups\/"},"modified":"2024-10-07T07:00:12","modified_gmt":"2024-10-07T07:00:12","slug":"software-mlm-para-startups","status":"publish","type":"page","link":"https:\/\/cloudmlmsoftware.com\/pt-pt\/software-mlm-para-startups\/","title":{"rendered":"software mlm para startups"},"content":{"rendered":"\n<div class=\"bannerBgcolor BannerBg pt-16 pb-20 overflow-hidden relative\">\n   <div class=\"animation-wrapper\">\n      <div class=\"particle particle-1\"><\/div>\n      <div class=\"particle particle-2\"><\/div>\n      <div class=\"particle particle-3\"><\/div>\n      <div class=\"particle particle-4\"><\/div>\n   <\/div>\n   <div class=\"container mx-auto xl:h-[504px] h-auto\">\n      <div class=\"flex flex-wrap md:flex-row flex-col-reverse items-center\">\n         <div class=\"md:basis-7\/12 sm:basis-12\/12 pt-12\">\n            <h1 class=\"lg:text-mainTitleFontSize sm:text-3xl text-3xl text-white lg:leading-snug \"><span class=\"font-bold animate-charcter-offwhite\">Software MLM <\/span> para startups <\/h1>\n            <p class=\"offlightWhite pt-3 text-md\">No ambiente inovador das start-ups, manter-se \u00e0 frente com solu\u00e7\u00f5es inovadoras \u00e9 a chave para o sucesso. Nosso software MLM para start-ups foi criado para capacitar seus neg\u00f3cios com tecnologia escalon\u00e1vel baseada em nuvem. Abrace o futuro do marketing de rede com nosso software MLM abrangente, projetado para agilizar suas opera\u00e7\u00f5es, aumentar a produtividade e impulsionar um crescimento sem precedentes.   <\/p>\n         <\/div>\n         <div class=\"md:basis-5\/12 sm:basis-12\/12 pl-4 pr-0 py-14\"> <img fetchpriority=\"high\" decoding=\"async\" src=\"\/wp-content\/uploads\/2024\/08\/RespMlmDashboard.webp\" alt=\"software mlm\" width=\"512\" height=\"422\" class=\"pulseBannerImg\"\/> <\/div>\n      <\/div>\n   <\/div>\n<\/div>\n<section class=\"p-sectionpadding\">\n   <div class=\"container mx-auto mt-20\">\n      <div class=\"relative primaryColor rounded-2xl p-6 md:p-12 py-6 mdpy-16 overflow-hidden\">\n         <div class=\"flex flex-wrap\">\n            <div class=\"lg:flex-shrink-0 w-full lg:w-7\/12\">\n               <h2 class=\"md:text-TitlesemiFontSize text-2xl titleColor text-white lg:leading-snug capitalize\"> Benef\u00edcios da implementa\u00e7\u00e3o de software Cloud MLM para <span class=\"font-bold\">empresas iniciantes. <\/span>  <\/h2>\n               <p class=\"text-textpara font-light leading-6 text-white py-3\">Nosso software MLM baseado em nuvem oferece solu\u00e7\u00f5es escalon\u00e1veis \u200b\u200be econ\u00f4micas com acesso global, garantindo o crescimento dos neg\u00f3cios sem a necessidade de infraestrutura extensa. Aproveite seguran\u00e7a aprimorada, an\u00e1lises em tempo real para tomadas de decis\u00f5es informadas e uma interface amig\u00e1vel para maior efici\u00eancia e produtividade. Simplifique as opera\u00e7\u00f5es e proteja seus dados, permitindo que sua equipe se concentre no crescimento estrat\u00e9gico em qualquer lugar do mundo.   <\/p>\n               <div class=\"text-xl text-white lg:leading-snug capitalize mt-3\"> <span class=\"font-semibold\">Desbloqueie o potencial da sua start-up com nosso principal software Cloud MLM<\/span> <\/div>\n               <p class=\"text-textpara font-light leading-6 text-white py-3\"> Utilize o poder da tecnologia e coloque seu neg\u00f3cio em um caminho de not\u00e1vel crescimento e prosperidade. Junte-se a n\u00f3s nesta jornada e vamos alcan\u00e7ar a grandeza juntos. Seu futuro come\u00e7a agora!   <\/p>\n            <\/div>\n            <div class=\"lg:absolute w-full lg:w-5\/12 bottom-0 right-0\"> <img decoding=\"async\" src=\"\/wp-content\/uploads\/2024\/08\/USERDB_Cloudtheme.webp\" alt=\"Imagem\" class=\"lg:absolute bottom-[-20px] right-[-40px] w-full\"\/> <\/div>\n         <\/div>\n      <\/div>\n   <\/div>\n<\/section>\n<section class=\"p-sectionpadding\">\n   <div class=\"container mx-auto\">\n      <div class=\"relative lighter rounded-2xl p-6 md:p-12 py-6 md:py-16 overflow-hidden\">\n         <div class=\"flex flex-wrap\">\n            <div class=\"w-full lg:w-5\/12 pr-9 flex items-center\"> <img decoding=\"async\" src=\"\/wp-content\/uploads\/2024\/08\/banner_lightDashboard.webp\" alt=\"Imagem\" class=\"w-full\"\/> <\/div>\n            <div class=\"lg:flex-shrink-0 w-full lg:w-7\/12\">\n               <h3 class=\"lg:text-TitlesemiFontSize text-2xl titleColor lg:leading-snug capitalize\"> A melhor escolha de software MLM <span class=\"font-bold\">que voc\u00ea j\u00e1 teve!<\/span>  <\/h3>\n               <p class=\"text-textpara font-light leading-6 titleColor py-3\">\u00e9 um software de MLM de alta qualidade baseado em IA, projetado para empresas de MLM com in\u00fameros usu\u00e1rios em todo o mundo. Ele fornece software MLM de com\u00e9rcio eletr\u00f4nico e planos MLM relacionados, aproveitando a intelig\u00eancia artificial para agilizar suas opera\u00e7\u00f5es comerciais e torn\u00e1-las mais eficientes!  <\/p>\n               <div class=\"text-xl titleColor lg:leading-snug mt-3\"> <span class=\"font-semibold\">Dispon\u00edvel a uma taxa fixa de <span class=\"font-bold text-2xl\">$ 550<\/span>  <\/span><\/div>\n               <ul class=\"flex flex-wrap mt-4 ml-[-12px] list1\">\n                  <li class=\"text-textpara contentColor font-light leading-6 mb-3 ml-2\">Software MLM<\/li>\n                  <li class=\"text-textpara contentColor font-light leading-6 mb-3 ml-2\">Central de ajuda<\/li>\n                  <li class=\"text-textpara contentColor font-light leading-6 mb-3 ml-2\">M\u00f3dulo funcion\u00e1rio <\/li>\n                  <li class=\"text-textpara contentColor font-light leading-6 mb-3 ml-2\">Multil\u00edngue (ingl\u00eas, espanhol, portugu\u00eas, alem\u00e3o)<\/li>\n                  <li class=\"text-textpara contentColor font-light leading-6 mb-3 ml-2\">1 Gateway de pagamento <\/li>\n               <\/ul>\n               <a href=\"https:\/\/cloudmlmsoftware.com\/pt-pt\/software-mlm-instancias-de-software-dedemonstracao-gratuitas\/\" class=\"primaryColor mt-2 px-4 h-[40px] w-[132px] btn1 items-center rounded-md text-white md:flex text-xs md:text-sm sm:flex hidden\" role=\"button\">Experimente a demonstra\u00e7\u00e3o gratuita <\/a> \n            <\/div>\n         <\/div>\n      <\/div>\n   <\/div>\n<\/section>\n<section class=\"p-sectionpadding\">\n   <div class=\"container mx-auto \">\n      <div class=\"relative darklight rounded-2xl px-6 md:px-12 pt-8 lg:pt-16 pb-0 lg:pb-16 overflow-hidden\">\n         <div class=\"flex flex-wrap\">\n            <div class=\"lg:flex-shrink-0 w-full lg:w-7\/12 pb-4\">\n               <h3 class=\"lg:text-TitlesemiFontSize text-2xl text-white lg:leading-snug capitalize\">Seu software MLM, <span class=\"font-bold\">sua marca<\/span>, seu <span class=\"font-bold\">tema de marca.<\/span><\/h3>\n               <p class=\"text-textpara font-light leading-6 offWhite py-3 pt-3 mb-4\"> tem <a href=\"https:\/\/cloudmlmsoftware.com\/pt-pt\/cloud-mlm-software-features\/\" target=\"_blank\" rel=\"noopener\"> <span style=\"color:#3498db;\"> <b>recursos exclusivos<\/b><\/a><\/span> e consiste em recursos b\u00e1sicos e avan\u00e7ados. \u00c9 a melhor plataforma que ir\u00e1 gui\u00e1-lo para administrar seu neg\u00f3cio de MLM com mais rapidez e sucesso. Al\u00e9m disso, o software Cloud MLM pode alterar facilmente o nome ou o tema da sua marca, pois oferece suporte a personaliza\u00e7\u00f5es ilimitadas.  <\/p>\n              <a href=\"https:\/\/cloudmlmsoftware.com\/pt-pt\/contact\/\" class=\"inline-block bg-white text-dark mt-3 w-auto px-4 py-3 my-2 leading-6 mdleading-10 rounded-lg text-xs md:text-sm btn1\">Ligue-se agora<\/a> \n            \n            <\/div>\n            <div class=\"relative lg:absolute w-full lg:w-5\/12 bottom-0 right-[-48px] lg:right-0\"> <img decoding=\"async\" src=\"\/wp-content\/uploads\/2024\/08\/BrandDArktheme_Home.webp\" alt=\"\" class=\"relative lg:absolute bottom-0 right-0 w-full\" width=\"500\" height=\"391\"\/> <\/div>\n         <\/div>\n      <\/div>\n   <\/div>\n   <div class=\"container mx-auto mt-8\">\n      <div class=\"flex flex-wrap lg:space-x-8\">\n         <div class=\"lg:flex-1 w-full lg:w-4\/12 primaryColor rounded-2xl px-6 md:px-12 pt-10 md:pt-12 lg:pb-0 pb-0 mb-2\">\n            <h4 class=\"lg:text-textMediumtitle text-center text-2xl text-white lg:leading-snug capitalize mb-2\"> Temas <span class=\"font-bold\"> personalizados para administradores<\/span> e utilizadores<br\/> <\/h4>\n            <p class=\"text-textpara leading-6 text-white py-4 mb-5 text-center\">Fornecemos UI personalizada para as \u00e1reas de administra\u00e7\u00e3o e de utilizador.\nAjuda a estabelecer o reconhecimento da marca para o seu neg\u00f3cio. <\/p>\n            <img decoding=\"async\" src=\"\/wp-content\/uploads\/2024\/08\/USERDB_Cloudtheme.webp\" alt=\"\" class=\"w-full relative md:absolute:bottom-[-20px]\"\/> \n         <\/div>\n         <div class=\"w-full lg:w-8\/12 lighter rounded-2xl overflow-hidden p-8 mb-2\">\n            <div class=\"flex flex-wrap items-center\">\n               <div class=\"relative w-full lg:w-6\/12\"> <img decoding=\"async\" src=\"\/wp-content\/uploads\/2024\/08\/widgets-reports-copy.webp\" alt=\"\" class=\"relative lg:left-[-35px] mb-4 lg:mb-0 w-full top-0 bottom-0 mx-auto\"\/> <\/div>\n               <div class=\"lg:flex-shrink-0 w-full lg:w-6\/12\">\n                  <h4 class=\"lg:text-textMediumtitle text-2xl titleColor lg:leading-snug capitalize\"> <span><span class=\"font-bold\">Widgets e relat\u00f3rios<\/span> em destaque com intervalo de tempo<\/span> <\/h4>\n                  <p class=\"text-textpara contentColor font-light leading-6 py-3 pt-3 \">O Cloud MLM foi concebido para fornecer widgets \u00fateis e com funcionalidades para o teu software MLM personalizado, incluindo p\u00e1ginas de replica\u00e7\u00e3o personalizadas e ferramentas de afiliados.<\/p>\n                  <a href=\"https:\/\/cloudmlmsoftware.com\/pt-pt\/software-mlm-instancias-de-software-dedemonstracao-gratuitas\/\" class=\"primaryColor mt-2 px-4 h-[40px] w-[132px] btn1 items-center rounded-md text-white md:flex text-xs md:text-sm sm:flex hidden\" role=\"button\">Experimente a demonstra\u00e7\u00e3o gratuita <\/a> \n               <\/div>\n            <\/div>\n         <\/div>\n      <\/div>\n   <\/div>\n<\/section>\n<section class=\"p-sectionpadding\">\n   <div class=\"container mx-auto\">\n      <div class=\"relative lighter rounded-2xl p-6 lg:p-12 py-6 lg:py-16 overflow-hidden\">\n         <div class=\"flex flex-wrap\">\n            <div class=\"lg:flex-shrink-0 w-full lg:w-7\/12 \">\n               <h4 class=\"text-2xl font-semibold lg:leading-snug capitalize titleColor w-full capitalize\">Por que o software Cloud MLM \u00e9 o melhor?<\/h4>\n               <p class=\"font-light py-3 pt-3 w-full mb-4\">Software \u00e9 o novo termo para sucesso. Fa\u00e7a parceria conosco e aproveite os recursos de nosso software MLM robusto para um futuro melhor no marketing de rede. Estamos aqui para ajud\u00e1-lo!   <\/p>\n               <ul class=\"flex flex-wrap space-x-2 mt-4 ml-[-12px] list1\">\n                  <li class=\"text-textpara contentColor font-light leading-6 mb-3 ml-2\">  <b class=\"block font-semibold text-lg\">Software MLM de marca branca<\/b> O software MLM de marca branca permite que as empresas lancem sua pr\u00f3pria plataforma de marketing de rede de marca. <\/li>\n                  <li class=\"text-textpara contentColor font-light leading-6 mb-3 ml-2\">  <b class=\"block font-semibold text-lg\">Sistema de software mlm auto-hospedado<\/b> O software pode ser instalado e operado na infraestrutura de servidor do pr\u00f3prio usu\u00e1rio, em vez de ser hospedado por um provedor de servi\u00e7os terceirizado. <\/li>\n                  <li class=\"text-textpara contentColor font-light leading-6 mb-3 ml-2\"> <b class=\"block font-semibold text-lg\">Sistema de tradu\u00e7\u00e3o multil\u00edngue<\/b> Este sistema foi projetado para lidar com tarefas de tradu\u00e7\u00e3o para v\u00e1rios pares de idiomas, permitindo aos usu\u00e1rios comunicar e compreender o conte\u00fado em diferentes idiomas. <\/li>\n                  <li class=\"text-textpara contentColor font-light leading-6 mb-3 ml-2\"> <b class=\"block font-semibold text-lg\">Personaliza\u00e7\u00f5es ilimitadas<\/b> O software pode ser amplamente modificado e adaptado para atender \u00e0s necessidades e requisitos espec\u00edficos de um neg\u00f3cio MLM espec\u00edfico. <\/li>\n               <\/ul>\n            <\/div>\n            <div class=\"relative w-full lg:w-5\/12 flex items-center\"> <img decoding=\"async\" src=\"\/wp-content\/uploads\/2024\/08\/sw.webp\" alt=\"melhor software mlm\" class=\"w-full\"\/> <\/div>\n         <\/div>\n      <\/div>\n   <\/div>\n<\/section>\n","protected":false},"excerpt":{"rendered":"<p>Software MLM para startups No ambiente inovador das start-ups, manter-se \u00e0 frente com solu\u00e7\u00f5es inovadoras \u00e9 a chave para o sucesso. Nosso software MLM para start-ups foi criado para capacitar seus neg\u00f3cios com tecnologia escalon\u00e1vel baseada em nuvem. Abrace o futuro do marketing de rede com nosso software MLM abrangente, projetado para agilizar suas opera\u00e7\u00f5es, [&hellip;]<\/p>\n","protected":false},"author":1,"featured_media":0,"parent":0,"menu_order":0,"comment_status":"closed","ping_status":"closed","template":"mlmforstartups-page.php","meta":{"_acf_changed":false,"footnotes":""},"class_list":["post-14421","page","type-page","status-publish","hentry"],"acf":[],"yoast_head":"<!-- This site is optimized with the Yoast SEO Premium plugin v23.6 (Yoast SEO v25.9) - https:\/\/yoast.com\/wordpress\/plugins\/seo\/ -->\n<title>Software MLM para Startups - Solu\u00e7\u00f5es Escal\u00e1veis \u200b\u200bpara o Crescimento<\/title>\n<meta name=\"description\" content=\"Software MLM para startups, solu\u00e7\u00f5es acess\u00edveis, escal\u00e1veis \u200b\u200be personaliz\u00e1veis \u200b\u200bpara ajudar a expandir o seu neg\u00f3cio de marketing de rede rapidamente.\" \/>\n<meta name=\"robots\" content=\"index, follow, max-snippet:-1, max-image-preview:large, max-video-preview:-1\" \/>\n<link rel=\"canonical\" href=\"https:\/\/cloudmlmsoftware.com\/pt-pt\/software-mlm-para-startups\/\" \/>\n<meta property=\"og:locale\" content=\"pt_PT\" \/>\n<meta property=\"og:type\" content=\"article\" \/>\n<meta property=\"og:title\" content=\"software mlm para startups\" \/>\n<meta property=\"og:description\" content=\"Software MLM para startups, solu\u00e7\u00f5es acess\u00edveis, escal\u00e1veis \u200b\u200be personaliz\u00e1veis \u200b\u200bpara ajudar a expandir o seu neg\u00f3cio de marketing de rede rapidamente.\" \/>\n<meta property=\"og:url\" content=\"https:\/\/cloudmlmsoftware.com\/pt-pt\/software-mlm-para-startups\/\" \/>\n<meta property=\"og:site_name\" content=\"Cloud MLM Software\" \/>\n<meta property=\"article:modified_time\" content=\"2024-10-07T07:00:12+00:00\" \/>\n<meta name=\"twitter:card\" content=\"summary_large_image\" \/>\n<meta name=\"twitter:label1\" content=\"Tempo estimado de leitura\" \/>\n\t<meta name=\"twitter:data1\" content=\"4 minutos\" \/>\n<!-- \/ Yoast SEO Premium plugin. -->","yoast_head_json":{"title":"Software MLM para Startups - Solu\u00e7\u00f5es Escal\u00e1veis \u200b\u200bpara o Crescimento","description":"Software MLM para startups, solu\u00e7\u00f5es acess\u00edveis, escal\u00e1veis \u200b\u200be personaliz\u00e1veis \u200b\u200bpara ajudar a expandir o seu neg\u00f3cio de marketing de rede rapidamente.","robots":{"index":"index","follow":"follow","max-snippet":"max-snippet:-1","max-image-preview":"max-image-preview:large","max-video-preview":"max-video-preview:-1"},"canonical":"https:\/\/cloudmlmsoftware.com\/pt-pt\/software-mlm-para-startups\/","og_locale":"pt_PT","og_type":"article","og_title":"software mlm para startups","og_description":"Software MLM para startups, solu\u00e7\u00f5es acess\u00edveis, escal\u00e1veis \u200b\u200be personaliz\u00e1veis \u200b\u200bpara ajudar a expandir o seu neg\u00f3cio de marketing de rede rapidamente.","og_url":"https:\/\/cloudmlmsoftware.com\/pt-pt\/software-mlm-para-startups\/","og_site_name":"Cloud MLM Software","article_modified_time":"2024-10-07T07:00:12+00:00","twitter_card":"summary_large_image","twitter_misc":{"Tempo estimado de leitura":"4 minutos"},"schema":{"@context":"https:\/\/schema.org","@graph":[{"@type":"WebPage","@id":"https:\/\/cloudmlmsoftware.com\/pt-pt\/software-mlm-para-startups\/","url":"https:\/\/cloudmlmsoftware.com\/pt-pt\/software-mlm-para-startups\/","name":"Software MLM para Startups - Solu\u00e7\u00f5es Escal\u00e1veis \u200b\u200bpara o Crescimento","isPartOf":{"@id":"https:\/\/cloudmlmsoftware.com\/pt-pt\/#website"},"datePublished":"2024-08-01T05:21:08+00:00","dateModified":"2024-10-07T07:00:12+00:00","description":"Software MLM para startups, solu\u00e7\u00f5es acess\u00edveis, escal\u00e1veis \u200b\u200be personaliz\u00e1veis \u200b\u200bpara ajudar a expandir o seu neg\u00f3cio de marketing de rede rapidamente.","breadcrumb":{"@id":"https:\/\/cloudmlmsoftware.com\/pt-pt\/software-mlm-para-startups\/#breadcrumb"},"inLanguage":"pt-PT","potentialAction":[{"@type":"ReadAction","target":["https:\/\/cloudmlmsoftware.com\/pt-pt\/software-mlm-para-startups\/"]}]},{"@type":"BreadcrumbList","@id":"https:\/\/cloudmlmsoftware.com\/pt-pt\/software-mlm-para-startups\/#breadcrumb","itemListElement":[{"@type":"ListItem","position":1,"name":"Home","item":"https:\/\/cloudmlmsoftware.com\/pt-pt\/"},{"@type":"ListItem","position":2,"name":"software mlm para startups"}]},{"@type":"WebSite","@id":"https:\/\/cloudmlmsoftware.com\/pt-pt\/#website","url":"https:\/\/cloudmlmsoftware.com\/pt-pt\/","name":"Cloud MLM Software","description":"","publisher":{"@id":"https:\/\/cloudmlmsoftware.com\/pt-pt\/#organization"},"potentialAction":[{"@type":"SearchAction","target":{"@type":"EntryPoint","urlTemplate":"https:\/\/cloudmlmsoftware.com\/pt-pt\/?s={search_term_string}"},"query-input":{"@type":"PropertyValueSpecification","valueRequired":true,"valueName":"search_term_string"}}],"inLanguage":"pt-PT"},{"@type":"Organization","@id":"https:\/\/cloudmlmsoftware.com\/pt-pt\/#organization","name":"Cloud MLM Software","url":"https:\/\/cloudmlmsoftware.com\/pt-pt\/","logo":{"@type":"ImageObject","inLanguage":"pt-PT","@id":"https:\/\/cloudmlmsoftware.com\/pt-pt\/#\/schema\/logo\/image\/","url":"https:\/\/cloudmlmsoftware.com\/wp-content\/uploads\/2024\/09\/cloudmlm-logo.webp","contentUrl":"https:\/\/cloudmlmsoftware.com\/wp-content\/uploads\/2024\/09\/cloudmlm-logo.webp","width":200,"height":40,"caption":"Cloud MLM Software"},"image":{"@id":"https:\/\/cloudmlmsoftware.com\/pt-pt\/#\/schema\/logo\/image\/"}}]}},"_links":{"self":[{"href":"https:\/\/cloudmlmsoftware.com\/pt-pt\/wp-json\/wp\/v2\/pages\/14421","targetHints":{"allow":["GET"]}}],"collection":[{"href":"https:\/\/cloudmlmsoftware.com\/pt-pt\/wp-json\/wp\/v2\/pages"}],"about":[{"href":"https:\/\/cloudmlmsoftware.com\/pt-pt\/wp-json\/wp\/v2\/types\/page"}],"author":[{"embeddable":true,"href":"https:\/\/cloudmlmsoftware.com\/pt-pt\/wp-json\/wp\/v2\/users\/1"}],"replies":[{"embeddable":true,"href":"https:\/\/cloudmlmsoftware.com\/pt-pt\/wp-json\/wp\/v2\/comments?post=14421"}],"version-history":[{"count":0,"href":"https:\/\/cloudmlmsoftware.com\/pt-pt\/wp-json\/wp\/v2\/pages\/14421\/revisions"}],"wp:attachment":[{"href":"https:\/\/cloudmlmsoftware.com\/pt-pt\/wp-json\/wp\/v2\/media?parent=14421"}],"curies":[{"name":"wp","href":"https:\/\/api.w.org\/{rel}","templated":true}]}}