{"id":14262,"date":"2024-06-26T07:24:09","date_gmt":"2024-06-26T07:24:09","guid":{"rendered":"https:\/\/cloudmlmsoftware.com\/perguntas-frequentes\/"},"modified":"2024-09-25T11:21:17","modified_gmt":"2024-09-25T11:21:17","slug":"perguntas-frequentes","status":"publish","type":"page","link":"https:\/\/cloudmlmsoftware.com\/pt-pt\/perguntas-frequentes\/","title":{"rendered":"perguntas frequentes"},"content":{"rendered":"\n<div class=\"bannerBgcolor BannerBg pt-16 pb-20 relative overflow-hidden\">\n   <div class=\"animation-wrapper\">\n      <div class=\"particle particle-1\"><\/div>\n      <div class=\"particle particle-2\"><\/div>\n      <div class=\"particle particle-3\"><\/div>\n      <div class=\"particle particle-4\"><\/div>\n   <\/div>\n   <div class=\"container mx-auto xl:h-[504px] lg:h-[450px] h-auto relative z-1\">\n      <div class=\"flex flex-wrap items-center\">\n         <div class=\"md:basis-5\/12 sm:basis-12\/12 pr-4 pr-0 py-14\">\n            <img decoding=\"async\" src=\"\/wp-content\/uploads\/2024\/09\/faq_Banner.webp\" width=\"467\" height=\"340\" alt=\"melhor software mlm nos EUA\" class=\"pulseBannerImg\"\/>\n         <\/div>\n         <div class=\"md:basis-7\/12 sm:basis-12\/12\">\n            <h1 class=\"lg:text-mainTitleFontSize sm:text-3xl text-3xl text-white lg:leading-snug \"><span class=\"font-bold animate-charcter-offwhite\">Perguntas frequentes<\/span> sobre software MLM <\/h1>\n            <p class=\"offWhite pt-3 text-md md:text-lg font-light\">Aqui fornecemos as respostas para algumas das perguntas mais frequentes sobre nosso software Cloud MLM. Se voc\u00ea tiver mais d\u00favidas, entre em contato com nossa equipe de suporte ao cliente.  <\/p>\n         <\/div>\n      <\/div>\n   <\/div>\n<\/div>\n<!-- ************************************************************************************* -->\n<section class=\"p-sectionpadding\">\n   <div class=\"container mx-auto pt-20\">\n      <div class=\"flex flex-wrap\">\n         <div class=\"md:w-4\/12 w-full pr-0 sm:pr-4\">\n            <div class=\"relative flex flex-col-reverse sm:flex-col\" id=\"faqLeft\">\n               <ul id=\"tabs\" class=\"pt-2 md:px-1 w-full w-full lg:w-10\/12 space-y-2 titleColor text-md \">\n                  <li class=\"text-center lighter rounded-lg faqcatgryBtn active\">\n                     <a id=\"default-tab\" class=\"block px-4 py-3\" href=\"#first\">Carater\u00edsticas e capacidades do software<\/a>\n                  <\/li>\n                  <li class=\"text-center lighter rounded-lg faqcatgryBtn\">\n                     <a class=\"block px-4 py-3\" href=\"#second\">Requisitos t\u00e9cnicos e configura\u00e7\u00e3o<\/a>\n                  <\/li>\n                  <li class=\"text-center lighter rounded-lg faqcatgryBtn\">\n                     <a class=\"block px-4 py-3\" href=\"#third\">Compras e forma\u00e7\u00e3o de pre\u00e7os<\/a>\n                  <\/li>\n               <\/ul>\n               <img decoding=\"async\" src=\"\/wp-content\/uploads\/2024\/08\/faq-copy.webp\" class=\"my-8\" width=\"320\" height=\"333\" alt=\"melhor software mlm nos EUA\"\/>\n            <\/div>\n         <\/div>\n         <div class=\"md:w-8\/12 w-full pl-0 sm:pl-4 faqRight\" id=\"tab-contents\">\n            <div id=\"first\" class=\"md:p-4\">\n               <ul class=\"accordion-list\">\n                  <li class=\"accdnBtn lightBg mb-4 rounded-xl active\">\n                     <div class=\"p-4 pr-6 relative font-medium cursor-pointer flex justify-between items-center btn-header-link titleColor\">O Cloud MLM \u00e9 um software com IA<span class=\"iconarrow2\">?<\/span><\/div>\n                     <div class=\"accordion-content px-4 pb-4 answer\" style=\"display: block;\">\n                        <p class=\"text-textpara contentColor font-light leading-6 mb-3\">Sim, o Cloud MLM fornece um sistema de gest\u00e3o de MLM com IA para os utilizadores melhorarem as opera\u00e7\u00f5es de MLM, oferecendo automatiza\u00e7\u00e3o, an\u00e1lise de dados e otimiza\u00e7\u00e3o dos processos de recrutamento.<\/p>\n                     <\/div>\n                  <\/li>\n                  <!-- ******************* -->\n                  <li class=\"accdnBtn font-medium lightBg mb-4 rounded-xl\">\n                     <div class=\"p-4 pr-6 relative cursor-pointer flex justify-between items-center btn-header-link titleColor\">Este software suporta diferentes idiomas<span class=\"iconarrow2\">?<\/span><\/div>\n                     <div class=\"accordion-content px-4 pb-4 answer\">\n                        <p class=\"text-textpara contentColor font-light leading-6 mb-3\">Sim, o software Cloud MLM tem um sistema multilingue, permitindo-te fazer neg\u00f3cios em diferentes l\u00ednguas para os mesmos produtos ou servi\u00e7os.<\/p>\n                     <\/div>\n                  <\/li>\n                  <!-- ******************* -->\n                  <li class=\"accdnBtn font-medium lightBg mb-4 rounded-xl\">\n                     <div class=\"p-4 pr-6 relative cursor-pointer flex justify-between items-center btn-header-link titleColor\">Este \u00e9 um pacote auto-hospedado?\nExiste algum plano mensal? <span class=\"iconarrow2\">\u2bc6<\/span> \n                     <\/div>\n                     <div class=\"accordion-content px-4 pb-4 answer\">\n                        <p class=\"text-textpara contentColor font-light leading-6 mb-3\">N\u00e3o, n\u00e3o h\u00e1 nenhuma taxa mensal.\nUma vez adquirido o software, \u00e9 teu para usares nos teus pr\u00f3prios servidores. <\/p>\n                     <\/div>\n                  <\/li>\n                  <!-- ******************* -->\n                  <li class=\"accdnBtn font-medium lightBg mb-4 rounded-xl\">\n                     <div class=\"p-4 pr-6 relative cursor-pointer flex justify-between items-center btn-header-link titleColor\">Este software suporta bitcoin ou criptomoedas? <span class=\"iconarrow2\">\u2bc6<\/span>\n                     <\/div>\n                     <div class=\"accordion-content px-4 pb-4 answer\">\n                        <p class=\"text-textpara contentColor font-light leading-6 mb-3\">Sim, o software tem uma API extra para que possas integrar bitcoin ou criptomoeda com ele.<\/p>\n                     <\/div>\n                  <\/li>\n                  <!-- ******************* -->\n                  <li class=\"accdnBtn font-medium lightBg mb-4 rounded-xl\">\n                     <div class=\"p-4 pr-6 relative cursor-pointer flex justify-between items-center btn-header-link titleColor\">Este software MLM \u00e9 personaliz\u00e1vel? <span class=\"iconarrow2\">\u2bc6<\/span>\n                     <\/div>\n                     <div class=\"accordion-content px-4 pb-4 answer\">\n                        <p class=\"text-textpara contentColor font-light leading-6 mb-3\">Sim, este software permite personaliza\u00e7\u00f5es ilimitadas em fun\u00e7\u00e3o das tuas necessidades.<\/p>\n                     <\/div>\n                  <\/li>\n                  <!-- ******************* -->\n                  <li class=\"accdnBtn font-medium lightBg mb-4 rounded-xl\">\n                     <div class=\"p-4 pr-6 relative cursor-pointer flex justify-between items-center btn-header-link titleColor\">Este \u00e9 um software MLM de marca branca? <span class=\"iconarrow2\">\u2bc6<\/span>\n                     <\/div>\n                     <div class=\"accordion-content px-4 pb-4 answer\">\n                        <p class=\"text-textpara contentColor font-light leading-6 mb-3\">Sim, o software Cloud MLM \u00e9 um software MLM de marca branca.\nPodes usar o teu pr\u00f3prio log\u00f3tipo e o nome da tua empresa no software. <\/p>\n                     <\/div>\n                  <\/li>\n                  <!-- ******************* -->\n                  <li class=\"accdnBtn font-medium lightBg mb-4 rounded-xl\">\n                     <div class=\"p-4 pr-6 relative cursor-pointer flex justify-between items-center btn-header-link titleColor\">A integra\u00e7\u00e3o de SMS e e-mail est\u00e1 dispon\u00edvel neste software? <span class=\"iconarrow2\"> \u2bc6<\/span>\n                     <\/div>\n                     <div class=\"accordion-content px-4 pb-4 answer\">\n                        <p class=\"text-textpara contentColor font-light leading-6 mb-3\">Sim, o software est\u00e1 integrado aos m\u00f3dulos de Email e SMS.<\/p>\n                     <\/div>\n                  <\/li>\n                  <!-- ******************* -->\n                  <li class=\"accdnBtn font-medium lightBg mb-4 rounded-xl\">\n                     <div class=\"p-4 pr-6 relative cursor-pointer flex justify-between items-center btn-header-link titleColor\">Voc\u00eas oferecem instala\u00e7\u00e3o e suporte para o software? <span class=\"iconarrow2\">\u2bc6<\/span>\n                     <\/div>\n                     <div class=\"accordion-content px-4 pb-4 answer\">\n                        <p class=\"text-textpara contentColor font-light leading-6 mb-3\">Sim, oferecemos instala\u00e7\u00e3o e suporte t\u00e9cnico gratuito por 6 meses.<\/p>\n                     <\/div>\n                  <\/li>\n                  <!-- ******************* -->\n                  <li class=\"accdnBtn font-medium lightBg mb-4 rounded-xl\">\n                     <div class=\"p-4 pr-6 relative cursor-pointer flex justify-between items-center btn-header-link titleColor\">\u00c9 poss\u00edvel vender produtos usando este software? <span class=\"iconarrow2\">\u2bc6<\/span>\n                     <\/div>\n                     <div class=\"accordion-content px-4 pb-4 answer\">\n                        <p class=\"text-textpara contentColor font-light leading-6 mb-3\">Sim, voc\u00ea pode integrar um sistema de e-commerce com este software MLM, permitindo adicionar produtos do backend e vender atrav\u00e9s deste sistema.<\/p>\n                     <\/div>\n                  <\/li>\n                  <!-- ******************* -->\n                  <li class=\"accdnBtn font-medium lightBg mb-4 rounded-xl\">\n                     <div class=\"p-4 pr-6 relative cursor-pointer flex justify-between items-center btn-header-link titleColor\">Posso verificar os recursos do seu software antes de compr\u00e1-lo? <span class=\"iconarrow2\">\u2bc6<\/span>\n                     <\/div>\n                     <div class=\"accordion-content px-4 pb-4 answer\">\n                        <p class=\"text-textpara contentColor font-light leading-6 mb-3\">Sim, voc\u00ea pode verificar os recursos do nosso software MLM acessando nossa se\u00e7\u00e3o de demonstra\u00e7\u00e3o gratuita do software MLM. <\/p>\n                     <\/div>\n                  <\/li>\n                  <!-- ******************* -->\n                  <li class=\"accdnBtn font-medium lightBg mb-4 rounded-xl\">\n                     <div class=\"p-4 pr-6 relative cursor-pointer flex justify-between items-center btn-header-link titleColor\">O software MLM em nuvem \u00e9 compat\u00edvel com todos os planos de remunera\u00e7\u00e3o de MLM? <span class=\"iconarrow2\"> \u2bc6<\/span>\n                     <\/div>\n                     <div class=\"accordion-content px-4 pb-4 answer\">\n                        <p class=\"text-textpara contentColor font-light leading-6 mb-3\">Sim, o software Cloud MLM oferece suporte a todos os planos de remunera\u00e7\u00e3o e planos de MLM personalizados, se necess\u00e1rio. <\/p>\n                     <\/div>\n                  <\/li>\n                  <!-- ******************* -->\n               <\/ul>\n            <\/div>\n            <!-- ================================================= -->\n            <div id=\"second\" class=\"md:p-4 hidden \">\n               <ul class=\"accordion-list\">\n                  <li class=\"accdnBtn lightBg mb-4 rounded-xl\">\n                     <div class=\"p-4 pr-6 font-medium relative cursor-pointer flex justify-between items-center btn-header-link titleColor\">Quais s\u00e3o os requisitos m\u00ednimos? <span class=\"iconarrow2\">\u2bc6<\/span>\n                     <\/div>\n                     <div class=\"accordion-content px-4 pb-4 answer\">\n                        <p class=\"text-textpara contentColor font-light leading-6 mb-3\">N\u00e3o h\u00e1 muitos, mas precisas de PHP >= 7.2, OpenSSL PHP Extension, PDO PHP Extension, Mbstring PHP Extension, Tokenizer PHP Extension e XML PHP Extension para executar este software.\nSe estiveres a usar cloud\/shared\/VPS ou alojamento dedicado, ajudar-te-emos a p\u00f4-lo a funcionar.  .  <\/p>\n                     <\/div>\n                  <\/li>\n                  <li class=\"accdnBtn lightBg mb-4 rounded-xl\">\n                     <div class=\"p-4 pr-6 font-medium relative cursor-pointer flex justify-between items-center btn-header-link titleColor\">Preciso de um certificado SSL? <span class=\"iconarrow2\">\u2bc6<\/span>\n                     <\/div>\n                     <div class=\"accordion-content px-4 pb-4 answer\">\n                        <p class=\"text-textpara contentColor font-light leading-6 mb-3\">Sim, encorajamos-te a utilizar Certificados SSL para tornar os teus processos de pagamento seguros.<\/p>\n                     <\/div>\n                  <\/li>\n                  <!-- ******************* -->\n                  <li class=\"accdnBtn lightBg mb-4 rounded-xl\">\n                     <div class=\"p-4 font-medium pr-6 relative cursor-pointer flex justify-between items-center btn-header-link titleColor\">O software pode ser carregado no nosso servidor? <span class=\"iconarrow2\">\u2bc6<\/span>\n                     <\/div>\n                     <div class=\"accordion-content px-4 pb-4 answer\">\n                        <p class=\"text-textpara contentColor font-light leading-6 mb-3\">  Sim, o software Cloud MLM \u00e9 um software MLM auto-hospedado, pelo que podes instal\u00e1-lo nos teus pr\u00f3prios servidores  <\/p>\n                     <\/div>\n                  <\/li>\n                  <!-- ******************* -->\n                  <li class=\"accdnBtn lightBg mb-4 rounded-xl\">\n                     <div class=\"p-4 font-medium pr-6 relative cursor-pointer flex justify-between items-center btn-header-link titleColor\">O teu software suporta APIs de terceiros? <span class=\"iconarrow2\">\u2bc6<\/span>\n                     <\/div>\n                     <div class=\"accordion-content px-4 pb-4 answer\">\n                        <p class=\"text-textpara contentColor font-light leading-6 mb-3\">  Sim, o software Cloud MLM suporta todas as APIs de terceiros atrav\u00e9s de uma integra\u00e7\u00e3o adequada.  <\/p>\n                     <\/div>\n                  <\/li>\n                  <!-- ******************* -->\n                  <!-- ******************* -->\n                  <li class=\"accdnBtn lightBg mb-4 rounded-xl\">\n                     <div class=\"p-4 font-medium pr-6 relative cursor-pointer flex justify-between items-center btn-header-link titleColor\">Posso migrar do meu sistema atual para o software Cloud MLM? <span class=\"iconarrow2\">\u2bc6<\/span>\n                     <\/div>\n                     <div class=\"accordion-content px-4 pb-4 answer\">\n                        <p class=\"text-textpara contentColor font-light leading-6 mb-3\">  Sim, \u00e9 poss\u00edvel, e o custo pode ser calculado depois de analisares a tua base de dados existente  <\/p>\n                     <\/div>\n                  <\/li>\n                  <!-- ******************* -->\n               <\/ul>\n            <\/div>\n            <!-- ================================================= -->\n            <div id=\"third\" class=\"md:p-4 hidden \">\n               <ul class=\"accordion-list\">\n                  <li class=\"accdnBtn lightBg mb-4 rounded-xl\">\n                     <div class=\"p-4 font-medium pr-6 relative cursor-pointer flex justify-between items-center btn-header-link titleColor\">O pre\u00e7o \u00e9 negoci\u00e1vel? <span class=\"iconarrow2\">\u2bc6<\/span>\n                     <\/div>\n                     <div class=\"accordion-content px-4 pb-4 answer\">\n                        <p class=\"text-textpara contentColor font-light leading-6 mb-3\">Contacta-nos para obteres software MLM personalizado com base nos teus requisitos e, sim, o pre\u00e7o \u00e9 negoci\u00e1vel com base nesses requisitos.<\/p>\n                     <\/div>\n                  <\/li>\n                  <li class=\"accdnBtn lightBg mb-4 rounded-xl\">\n                     <div class=\"p-4 font-medium pr-6 relative cursor-pointer flex justify-between items-center btn-header-link titleColor\">Como posso comprar um software de MLM na nuvem? <span class=\"iconarrow2\">\u2bc6<\/span>\n                     <\/div>\n                     <div class=\"accordion-content px-4 pb-4 answer\">\n                        <p class=\"text-textpara contentColor font-light leading-6 mb-3\">Podes comprar o software Cloud MLM preenchendo o formul\u00e1rio na sec\u00e7\u00e3o &#8220;Contacte-nos&#8221;, ou podes enviar um e-mail para info@cloudmlmsoftware.com.\nA nossa equipa entrar\u00e1 em contacto contigo o mais rapidamente poss\u00edvel para discutir o plano.\nSe estiveres satisfeito, podes fazer o pagamento online atrav\u00e9s do nosso portal de pagamento.  <\/p>\n                     <\/div>\n                  <\/li>\n                  <li class=\"accdnBtn lightBg mb-4 rounded-xl\">\n                     <div class=\"p-4 font-medium pr-6 relative cursor-pointer flex justify-between items-center btn-header-link titleColor\">Quais s\u00e3o os pagamentos suportados pelo software Cloud MLM? <span class=\"iconarrow2\">\u2bc6<\/span>\n                     <\/div>\n                     <div class=\"accordion-content px-4 pb-4 answer\">\n                        <p class=\"text-textpara contentColor font-light leading-6 mb-3\">O software Cloud MLM suporta quase todos os gateways de pagamento como 2Checkout, Adyen, Amazon Pay, Authorize.net, BitPay, BlueSnap, Braintree, CardinalCommerce, PayPal, Payza, SagePay, Stripe, etc.<\/p>\n                     <\/div>\n                  <\/li>\n                  <li class=\"accdnBtn lightBg mb-4 rounded-xl\">\n                     <div class=\"p-4 font-medium pr-6 relative cursor-pointer flex justify-between items-center btn-header-link titleColor\">Forneces documenta\u00e7\u00e3o KYC? <span class=\"iconarrow2\">\u2bc6<\/span>\n                     <\/div>\n                     <div class=\"accordion-content px-4 pb-4 answer\">\n                        <p class=\"text-textpara contentColor font-light leading-6 mb-3\">Sim, o software possui um <a href=\"https:\/\/cloudmlmsoftware.com\/kyc-documentation\" target=\"_blank\" rel=\"noopener\"><span style=\"color:#3498db;\"><b>m\u00f3dulo de verifica\u00e7\u00e3o KYC<\/b> para seguran\u00e7a extra.<\/span><\/a><\/p>\n                     <\/div>\n                  <\/li>\n               <\/ul>\n            <\/div>\n            <!-- ================================================= -->\n         <\/div>\n      <\/div>\n   <\/div>\n<\/section>\n","protected":false},"excerpt":{"rendered":"<p>Perguntas frequentes sobre software MLM Aqui fornecemos as respostas para algumas das perguntas mais frequentes sobre nosso software Cloud MLM. Se voc\u00ea tiver mais d\u00favidas, entre em contato com nossa equipe de suporte ao cliente. Carater\u00edsticas e capacidades do software Requisitos t\u00e9cnicos e configura\u00e7\u00e3o Compras e forma\u00e7\u00e3o de pre\u00e7os O Cloud MLM \u00e9 um software [&hellip;]<\/p>\n","protected":false},"author":1,"featured_media":0,"parent":0,"menu_order":0,"comment_status":"closed","ping_status":"closed","template":"faqs-page.php","meta":{"_acf_changed":false,"footnotes":""},"class_list":["post-14262","page","type-page","status-publish","hentry"],"acf":[],"yoast_head":"<!-- This site is optimized with the Yoast SEO Premium plugin v23.6 (Yoast SEO v25.9) - https:\/\/yoast.com\/wordpress\/plugins\/seo\/ -->\n<title>Perguntas frequentes sobre o software MLM<\/title>\n<meta name=\"description\" content=\"Estas s\u00e3o as perguntas mais frequentes sobre o Cloud MLM Software, isto ir\u00e1 ajud\u00e1-lo a esclarecer todas as d\u00favidas sobre o nosso produto, servi\u00e7o, pre\u00e7o, etc.\" \/>\n<meta name=\"robots\" content=\"index, follow, max-snippet:-1, max-image-preview:large, max-video-preview:-1\" \/>\n<link rel=\"canonical\" href=\"https:\/\/cloudmlmsoftware.com\/pt-pt\/perguntas-frequentes\/\" \/>\n<meta property=\"og:locale\" content=\"pt_PT\" \/>\n<meta property=\"og:type\" content=\"article\" \/>\n<meta property=\"og:title\" content=\"perguntas frequentes\" \/>\n<meta property=\"og:description\" content=\"Estas s\u00e3o as perguntas mais frequentes sobre o Cloud MLM Software, isto ir\u00e1 ajud\u00e1-lo a esclarecer todas as d\u00favidas sobre o nosso produto, servi\u00e7o, pre\u00e7o, etc.\" \/>\n<meta property=\"og:url\" content=\"https:\/\/cloudmlmsoftware.com\/pt-pt\/perguntas-frequentes\/\" \/>\n<meta property=\"og:site_name\" content=\"Cloud MLM Software\" \/>\n<meta property=\"article:modified_time\" content=\"2024-09-25T11:21:17+00:00\" \/>\n<meta name=\"twitter:card\" content=\"summary_large_image\" \/>\n<meta name=\"twitter:label1\" content=\"Tempo estimado de leitura\" \/>\n\t<meta name=\"twitter:data1\" content=\"4 minutos\" \/>\n<!-- \/ Yoast SEO Premium plugin. -->","yoast_head_json":{"title":"Perguntas frequentes sobre o software MLM","description":"Estas s\u00e3o as perguntas mais frequentes sobre o Cloud MLM Software, isto ir\u00e1 ajud\u00e1-lo a esclarecer todas as d\u00favidas sobre o nosso produto, servi\u00e7o, pre\u00e7o, etc.","robots":{"index":"index","follow":"follow","max-snippet":"max-snippet:-1","max-image-preview":"max-image-preview:large","max-video-preview":"max-video-preview:-1"},"canonical":"https:\/\/cloudmlmsoftware.com\/pt-pt\/perguntas-frequentes\/","og_locale":"pt_PT","og_type":"article","og_title":"perguntas frequentes","og_description":"Estas s\u00e3o as perguntas mais frequentes sobre o Cloud MLM Software, isto ir\u00e1 ajud\u00e1-lo a esclarecer todas as d\u00favidas sobre o nosso produto, servi\u00e7o, pre\u00e7o, etc.","og_url":"https:\/\/cloudmlmsoftware.com\/pt-pt\/perguntas-frequentes\/","og_site_name":"Cloud MLM Software","article_modified_time":"2024-09-25T11:21:17+00:00","twitter_card":"summary_large_image","twitter_misc":{"Tempo estimado de leitura":"4 minutos"},"schema":{"@context":"https:\/\/schema.org","@graph":[{"@type":"WebPage","@id":"https:\/\/cloudmlmsoftware.com\/pt-pt\/perguntas-frequentes\/","url":"https:\/\/cloudmlmsoftware.com\/pt-pt\/perguntas-frequentes\/","name":"Perguntas frequentes sobre o software MLM","isPartOf":{"@id":"https:\/\/cloudmlmsoftware.com\/pt-pt\/#website"},"datePublished":"2024-06-26T07:24:09+00:00","dateModified":"2024-09-25T11:21:17+00:00","description":"Estas s\u00e3o as perguntas mais frequentes sobre o Cloud MLM Software, isto ir\u00e1 ajud\u00e1-lo a esclarecer todas as d\u00favidas sobre o nosso produto, servi\u00e7o, pre\u00e7o, etc.","breadcrumb":{"@id":"https:\/\/cloudmlmsoftware.com\/pt-pt\/perguntas-frequentes\/#breadcrumb"},"inLanguage":"pt-PT","potentialAction":[{"@type":"ReadAction","target":["https:\/\/cloudmlmsoftware.com\/pt-pt\/perguntas-frequentes\/"]}]},{"@type":"BreadcrumbList","@id":"https:\/\/cloudmlmsoftware.com\/pt-pt\/perguntas-frequentes\/#breadcrumb","itemListElement":[{"@type":"ListItem","position":1,"name":"Home","item":"https:\/\/cloudmlmsoftware.com\/pt-pt\/"},{"@type":"ListItem","position":2,"name":"perguntas frequentes"}]},{"@type":"WebSite","@id":"https:\/\/cloudmlmsoftware.com\/pt-pt\/#website","url":"https:\/\/cloudmlmsoftware.com\/pt-pt\/","name":"Cloud MLM Software","description":"","publisher":{"@id":"https:\/\/cloudmlmsoftware.com\/pt-pt\/#organization"},"potentialAction":[{"@type":"SearchAction","target":{"@type":"EntryPoint","urlTemplate":"https:\/\/cloudmlmsoftware.com\/pt-pt\/?s={search_term_string}"},"query-input":{"@type":"PropertyValueSpecification","valueRequired":true,"valueName":"search_term_string"}}],"inLanguage":"pt-PT"},{"@type":"Organization","@id":"https:\/\/cloudmlmsoftware.com\/pt-pt\/#organization","name":"Cloud MLM Software","url":"https:\/\/cloudmlmsoftware.com\/pt-pt\/","logo":{"@type":"ImageObject","inLanguage":"pt-PT","@id":"https:\/\/cloudmlmsoftware.com\/pt-pt\/#\/schema\/logo\/image\/","url":"https:\/\/cloudmlmsoftware.com\/wp-content\/uploads\/2024\/09\/cloudmlm-logo.webp","contentUrl":"https:\/\/cloudmlmsoftware.com\/wp-content\/uploads\/2024\/09\/cloudmlm-logo.webp","width":200,"height":40,"caption":"Cloud MLM Software"},"image":{"@id":"https:\/\/cloudmlmsoftware.com\/pt-pt\/#\/schema\/logo\/image\/"}}]}},"_links":{"self":[{"href":"https:\/\/cloudmlmsoftware.com\/pt-pt\/wp-json\/wp\/v2\/pages\/14262","targetHints":{"allow":["GET"]}}],"collection":[{"href":"https:\/\/cloudmlmsoftware.com\/pt-pt\/wp-json\/wp\/v2\/pages"}],"about":[{"href":"https:\/\/cloudmlmsoftware.com\/pt-pt\/wp-json\/wp\/v2\/types\/page"}],"author":[{"embeddable":true,"href":"https:\/\/cloudmlmsoftware.com\/pt-pt\/wp-json\/wp\/v2\/users\/1"}],"replies":[{"embeddable":true,"href":"https:\/\/cloudmlmsoftware.com\/pt-pt\/wp-json\/wp\/v2\/comments?post=14262"}],"version-history":[{"count":0,"href":"https:\/\/cloudmlmsoftware.com\/pt-pt\/wp-json\/wp\/v2\/pages\/14262\/revisions"}],"wp:attachment":[{"href":"https:\/\/cloudmlmsoftware.com\/pt-pt\/wp-json\/wp\/v2\/media?parent=14262"}],"curies":[{"name":"wp","href":"https:\/\/api.w.org\/{rel}","templated":true}]}}