{"id":14104,"date":"2024-05-22T13:41:43","date_gmt":"2024-05-22T13:41:43","guid":{"rendered":"https:\/\/cloudmlmsoftware.com\/voucher-eletronico-para-software-mlm\/"},"modified":"2024-11-08T06:03:13","modified_gmt":"2024-11-08T06:03:13","slug":"e-voucher-para-o-mlm-software","status":"publish","type":"page","link":"https:\/\/cloudmlmsoftware.com\/pt-pt\/e-voucher-para-o-mlm-software\/","title":{"rendered":"voucher eletr\u00f4nico para software mlm"},"content":{"rendered":"\n<div class=\"bannerBgcolor BannerBg pt-16 pb-20 relative overflow-hidden\">\n        <div class=\"animation-wrapper\">\n            <div class=\"particle particle-1\"><\/div>\n            <div class=\"particle particle-2\"><\/div>\n            <div class=\"particle particle-3\"><\/div>\n            <div class=\"particle particle-4\"><\/div>\n        <\/div>\n\n        <div class=\"container mx-auto xl:h-[504px] lg:h-[450px] h-auto relative z-1\">\n            <div class=\"flex flex-wrap items-center\">\n                <div class=\"md:basis-5\/12 sm:basis-12\/12 pr-4 pr-0 py-14\">\n                    <img decoding=\"async\" src=\"\/wp-content\/uploads\/2024\/08\/Modulesbanner.webp\" width=\"467\" height=\"411\" alt=\"melhor software mlm nos EUA\" class=\"pulseBannerImg\"\/>\n                <\/div>\n                <div class=\"md:basis-7\/12 sm:basis-12\/12\">\n                    <h1 class=\"lg:text-mainTitleFontSize sm:text-3xl text-3xl text-white lg:leading-snug capitalize\">\n                         M\u00f3dulo de <span class=\"font-bold animate-charcter-offwhite\">voucher<\/span> eletr\u00f4nico <\/h1>\n\n\n                    <p class=\"offlightWhite pt-3 text-md\">Um m\u00f3dulo de software MLM \u00e9 um pacote para estender a funcionalidade do software MLM. Existem muitos pacotes de m\u00f3dulos que voc\u00ea pode combinar e usar com seu software MLM. Cloud MLM facilita a extens\u00e3o de m\u00f3dulos com software MLM.  <\/p>\n                <\/div>\n\n            <\/div>\n        <\/div>\n    <\/div>\n    <!-- ************************************************************************************* -->\n\n    <section class=\"p-sectionpadding\">\n        <div class=\"container mx-auto pt-20\">\n            <div class=\"flex flex-wrap items-start md:items-center flex-col-reverse md:flex-row\">\n                <div class=\"flex-1 w-full pr-0 md:pr-7 pr-0 mt-3\">\n                    <div class=\"relative\">\n\n                        <h2 class=\"lg:text-TitlesemiFontSize text-2xl titleColor lg:leading-snug capitalize\">\n                            <span class=\"font-bold\">Simplificando transa\u00e7\u00f5es com m\u00f3dulo de voucher eletr\u00f4nico: <\/span> <span class=\"font-bold\">simplificando o modelo de neg\u00f3cios de MLM para usu\u00e1rios<\/span> \n\n                        <\/h2>\n\n                        <p class=\"pt-6 font-light leading-6 text-textpara contentColor\">O m\u00f3dulo E-Voucher permite aos usu\u00e1rios fazer transa\u00e7\u00f5es com mais facilidade e seguran\u00e7a. Este recurso permite gerar vouchers eletr\u00f4nicos configur\u00e1veis \u200b\u200bpara promo\u00e7\u00f5es, recompensas e incentivos com transa\u00e7\u00f5es f\u00e1ceis e seguras.  Os membros podem comprar, transferir e resgatar vouchers eletr\u00f4nicos de forma conveniente na interface do usu\u00e1rio para impulsionar seu envolvimento. Com rastreamento em tempo real e relat\u00f3rios abrangentes, o m\u00f3dulo E-Voucher permite total visibilidade e gerenciamento do seu sistema de gerenciamento de vouchers para expans\u00e3o da rede e reten\u00e7\u00e3o de membros.  <\/p>\n\n                    <\/div>\n                <\/div>\n                <div class=\"hidden lg:flex items-end justify-right w-[360px] primaryColor rounded-2xl pt-20 pl-10 ml-0 md:ml-10 mb-2 pb-0 overflow-hidden mt-3\">\n                    <img decoding=\"async\" src=\"\/wp-content\/uploads\/2024\/08\/moduleEvoucherIntro.svg\" alt=\"software bst mlm\" class=\"relative right-[-10px] w-full\"\/>\n                <\/div>\n            <\/div>\n        <\/div>\n    <\/section>\n\n    <!-- ================================================================================================ -->\n    <section class=\"p-sectionpadding\">\n        <div class=\"container mx-auto \">\n            <div class=\"relative darkblue rounded-2xl px-7 md:px-12 py-16\">\n\n                <h3 class=\"text-3xl text-white lg:leading-snug capitalize w-full lg:w-6\/12 mx-auto text-center mb-10\">\n                     <span class=\"font-bold\">Recursos<\/span> do sistema de <span class=\"font-bold\">voucher<\/span> eletr\u00f4nico do Cloud MLM <\/h3>\n\n                <div class=\"flex flex-wrap md:w-10\/12 mx-auto\">\n\n                    <div class=\"relative w-full lg:w-6\/12 pr-0 lg:pr-5\">\n                        <ul class=\"flex flex-wrap space-x-2 mt-4 ml-[-12px] list1 mt-6\">\n                            <li class=\"text-textpara text-white font-light leading-6 mb-3 ml-2\">Interfaces f\u00e1ceis de usar <\/li>\n                            <li class=\"text-textpara text-white font-light leading-6 mb-3 ml-2\">Os usu\u00e1rios podem comprar produtos com esses c\u00f3digos de voucher eletr\u00f4nico.<\/li>\n                            <li class=\"text-textpara text-white font-light leading-6 mb-3 ml-2\">Qualquer quantidade de tipos de voucher eletr\u00f4nico pode ser feita<\/li>\n                            <li class=\"text-textpara text-white font-light leading-6 mb-3 ml-2\">Se n\u00e3o houver mais voucher e houver saldo na carteira eletr\u00f4nica, os usu\u00e1rios podem solicitar o voucher eletr\u00f4nico ao administrador com um clique de bot\u00e3o.<\/li>\n                            <li class=\"text-textpara text-white font-light leading-6 mb-3 ml-2\">Os vouchers eletr\u00f4nicos ser\u00e3o criados de forma altamente segura e cada voucher eletr\u00f4nico ser\u00e1 \u00fanico. incapazes de adivinhar ou usar for\u00e7a bruta, os vouchers eletr\u00f4nicos ser\u00e3o altamente seguros. <\/li>\n                            <li class=\"text-textpara text-white font-light leading-6 mb-3 ml-2\">O voucher eletr\u00f4nico pode ser gerenciado facilmente pelo administrador no back-end. pode personalizar taxas de comiss\u00e3o, descontos e outros elementos em e-vouchers. <\/li>\n                            <li class=\"text-textpara text-white font-light leading-6 mb-3 ml-2\">Os relat\u00f3rios do voucher eletr\u00f4nico podem ser visualizados ou impressos pelo administrador, os usu\u00e1rios podem visualizar o hist\u00f3rico do voucher eletr\u00f4nico e os relat\u00f3rios de uso. <\/li>\n\n                        <\/ul>\n                    <\/div>\n\n                    <div class=\"lg:flex-shrink-0 w-full lg:w-6\/12 pl-0 lg:pl-5\">\n\n                        <ul class=\"flex flex-wrap space-x-2 mt-4 ml-[-12px] list1 mt-6\">\n                            <li class=\"text-textpara text-white font-light leading-6 mb-3 ml-2\">Os poderes de codifica\u00e7\u00e3o e rastreamento de vouchers eletr\u00f4nicos diminuem o risco de fraude e perda de vouchers.<\/li>\n                            <li class=\"text-textpara text-white font-light leading-6 mb-3 ml-2\">Permitir o marketing de MLM e o gerenciamento de vouchers por meio do Conceito de Pedido de Franquia \/ Membro.<\/li>\n                            <li class=\"text-textpara text-white font-light leading-6 mb-3 ml-2\">Bloquear\/desbloquear recurso de voucher<\/li>\n                            <li class=\"text-textpara text-white font-light leading-6 mb-3 ml-2\">Exportando para Excel\/Word<\/li>\n                            <li class=\"text-textpara text-white font-light leading-6 mb-3 ml-2\">Acompanhamento completo do voucher<\/li>\n                            <li class=\"text-textpara text-white font-light leading-6 mb-3 ml-2\">Aplicativo desktop para impress\u00e3o de vouchers<\/li>\n                            <li class=\"text-textpara text-white font-light leading-6 mb-3 ml-2\">O e-voucher pode ser enviado por Email \/ Fax \/ SMS<\/li>\n                            <li class=\"text-textpara text-white font-light leading-6 mb-3 ml-2\">V\u00e1rios relat\u00f3rios MIS<\/li>\n                            <li class=\"text-textpara text-white font-light leading-6 mb-3 ml-2\">Backup autom\u00e1tico<\/li>\n                        <\/ul>\n                    <\/div>\n                <\/div>\n            <\/div>\n        <\/div>\n    <\/section>\n\n    <!-- ************************************************************************************* -->\n    <section class=\"p-sectionpadding\">\n        <div class=\"container mx-auto\">\n            <div class=\"flex flex-wrap\">\n                <div class=\"w-full lg:w-6\/12\">\n                    <h3 class=\"lg:text-TitlesemiFontSize text-2xl titleColor lg:leading-snug mt-3 capitalize\">\n                         <span class=\"font-bold\">Import\u00e2ncia<\/span> do m\u00f3dulo <span class=\"font-bold\">E-voucher<\/span> do Cloud MLM <\/h3>\n                <\/div>\n\n                <div class=\"w-full flex flex-wrap pt-2 justify-between\">\n                    <div class=\"w-full lg:w-1\/3 my-3\">\n                        <div class=\"primaryColor px-7 lg:px-10 py-3 rounded-xl h-full\">\n                            <h4 class=\"text-white text-2xl font-semibold mt-4\">Com o uso de vouchers E, transa\u00e7\u00f5es e pagamentos podem ser feitos de forma segura<\/h4>\n                            <p class=\"text-white font-light text-md pt-6\">Existem v\u00e1rios m\u00e9todos dispon\u00edveis para inscri\u00e7\u00e3o e pagamentos de produtos. Por\u00e9m, nem todos s\u00e3o seguros e n\u00e3o oferecem prote\u00e7\u00e3o para transa\u00e7\u00f5es e pagamentos. Mas com a ajuda da tecnologia, as transa\u00e7\u00f5es e os pagamentos podem agora ser tornados seguros atrav\u00e9s da utiliza\u00e7\u00e3o de vouchers eletr\u00f3nicos. Os vouchers eletr\u00f4nicos tamb\u00e9m s\u00e3o conhecidos como vouchers pr\u00e9-pagos, cupons pr\u00e9-pagos e raspadinhas.   <\/p>\n                        <\/div>\n                    <\/div>\n\n\n                    <div class=\"w-full lg:w-2\/3 px-0 lg:px-4 lg:my-3 flex flex-col justify-between\">\n                        <div class=\"lighter px-7 py-10 rounded-xl h-full flex flex-col justify-center\">\n                            <h4 class=\"titleColor text-xl font-semibold mt-4\">Coleta pagamentos facilmente de membros em todo o mundo<\/h4>\n                            <p class=\"contentColor font-light text-md mt-4\">Para as empresas de MLM, torna-se dif\u00edcil receber pagamentos de clientes em todo o mundo. Muitas empresas adotaram o uso de vouchers eletr\u00f4nicos para facilitar a cobran\u00e7a de pagamentos globais. <\/p>\n                        <\/div>\n                        <div class=\"lighter px-8 py-10 rounded-xl mt-3 h-full\">\n                            <h4 class=\"titleColor text-xl font-semibold\">Oferece maior flexibilidade aos clientes e empresas para realizar transa\u00e7\u00f5es na web com baix\u00edssimo custo. <\/h4>\n                            <p class=\"contentColor font-light text-md mt-4\">O sistema de e-voucher \u00e9 uma forma segura de receber pagamento de ades\u00e3o\/patroc\u00ednio\/produto. As conhecidas e grandes empresas da rede MLM adotaram o m\u00e9todo E-voucher para cobrar pagamentos de clientes. Existem muitos mais m\u00f3dulos no Cloud MLM Software que podem ajud\u00e1-lo a impulsionar o seu neg\u00f3cio!  <\/p>\n                        <\/div>\n                    <\/div>\n                <\/div>\n            <\/div>\n        <\/div>\n    <\/section>\n","protected":false},"excerpt":{"rendered":"<p>M\u00f3dulo de voucher eletr\u00f4nico Um m\u00f3dulo de software MLM \u00e9 um pacote para estender a funcionalidade do software MLM. Existem muitos pacotes de m\u00f3dulos que voc\u00ea pode combinar e usar com seu software MLM. Cloud MLM facilita a extens\u00e3o de m\u00f3dulos com software MLM. Simplificando transa\u00e7\u00f5es com m\u00f3dulo de voucher eletr\u00f4nico: simplificando o modelo de [&hellip;]<\/p>\n","protected":false},"author":1,"featured_media":0,"parent":0,"menu_order":0,"comment_status":"closed","ping_status":"closed","template":"moduleevoucher-page.php","meta":{"_acf_changed":false,"footnotes":""},"class_list":["post-14104","page","type-page","status-publish","hentry"],"acf":[],"yoast_head":"<!-- This site is optimized with the Yoast SEO Premium plugin v23.6 (Yoast SEO v25.9) - https:\/\/yoast.com\/wordpress\/plugins\/seo\/ -->\n<title>Voucher eletr\u00f4nico | Simplifique recompensas e pagamentos digitais<\/title>\n<meta name=\"description\" content=\"E-Voucher para recompensas e pagamentos digitais cont\u00ednuos. Gerencie vouchers facilmente com recursos seguros, eficientes e f\u00e1ceis de usar.\" \/>\n<meta name=\"robots\" content=\"index, follow, max-snippet:-1, max-image-preview:large, max-video-preview:-1\" \/>\n<link rel=\"canonical\" href=\"https:\/\/cloudmlmsoftware.com\/pt-pt\/e-voucher-para-o-mlm-software\/\" \/>\n<meta property=\"og:locale\" content=\"pt_PT\" \/>\n<meta property=\"og:type\" content=\"article\" \/>\n<meta property=\"og:title\" content=\"voucher eletr\u00f4nico para software mlm\" \/>\n<meta property=\"og:description\" content=\"E-Voucher para recompensas e pagamentos digitais cont\u00ednuos. Gerencie vouchers facilmente com recursos seguros, eficientes e f\u00e1ceis de usar.\" \/>\n<meta property=\"og:url\" content=\"https:\/\/cloudmlmsoftware.com\/pt-pt\/e-voucher-para-o-mlm-software\/\" \/>\n<meta property=\"og:site_name\" content=\"Cloud MLM Software\" \/>\n<meta property=\"article:modified_time\" content=\"2024-11-08T06:03:13+00:00\" \/>\n<meta name=\"twitter:card\" content=\"summary_large_image\" \/>\n<meta name=\"twitter:label1\" content=\"Tempo estimado de leitura\" \/>\n\t<meta name=\"twitter:data1\" content=\"3 minutos\" \/>\n<!-- \/ Yoast SEO Premium plugin. -->","yoast_head_json":{"title":"Voucher eletr\u00f4nico | Simplifique recompensas e pagamentos digitais","description":"E-Voucher para recompensas e pagamentos digitais cont\u00ednuos. Gerencie vouchers facilmente com recursos seguros, eficientes e f\u00e1ceis de usar.","robots":{"index":"index","follow":"follow","max-snippet":"max-snippet:-1","max-image-preview":"max-image-preview:large","max-video-preview":"max-video-preview:-1"},"canonical":"https:\/\/cloudmlmsoftware.com\/pt-pt\/e-voucher-para-o-mlm-software\/","og_locale":"pt_PT","og_type":"article","og_title":"voucher eletr\u00f4nico para software mlm","og_description":"E-Voucher para recompensas e pagamentos digitais cont\u00ednuos. Gerencie vouchers facilmente com recursos seguros, eficientes e f\u00e1ceis de usar.","og_url":"https:\/\/cloudmlmsoftware.com\/pt-pt\/e-voucher-para-o-mlm-software\/","og_site_name":"Cloud MLM Software","article_modified_time":"2024-11-08T06:03:13+00:00","twitter_card":"summary_large_image","twitter_misc":{"Tempo estimado de leitura":"3 minutos"},"schema":{"@context":"https:\/\/schema.org","@graph":[{"@type":"WebPage","@id":"https:\/\/cloudmlmsoftware.com\/pt-pt\/e-voucher-para-o-mlm-software\/","url":"https:\/\/cloudmlmsoftware.com\/pt-pt\/e-voucher-para-o-mlm-software\/","name":"Voucher eletr\u00f4nico | Simplifique recompensas e pagamentos digitais","isPartOf":{"@id":"https:\/\/cloudmlmsoftware.com\/pt-pt\/#website"},"datePublished":"2024-05-22T13:41:43+00:00","dateModified":"2024-11-08T06:03:13+00:00","description":"E-Voucher para recompensas e pagamentos digitais cont\u00ednuos. Gerencie vouchers facilmente com recursos seguros, eficientes e f\u00e1ceis de usar.","breadcrumb":{"@id":"https:\/\/cloudmlmsoftware.com\/pt-pt\/e-voucher-para-o-mlm-software\/#breadcrumb"},"inLanguage":"pt-PT","potentialAction":[{"@type":"ReadAction","target":["https:\/\/cloudmlmsoftware.com\/pt-pt\/e-voucher-para-o-mlm-software\/"]}]},{"@type":"BreadcrumbList","@id":"https:\/\/cloudmlmsoftware.com\/pt-pt\/e-voucher-para-o-mlm-software\/#breadcrumb","itemListElement":[{"@type":"ListItem","position":1,"name":"Home","item":"https:\/\/cloudmlmsoftware.com\/pt-pt\/"},{"@type":"ListItem","position":2,"name":"voucher eletr\u00f4nico para software mlm"}]},{"@type":"WebSite","@id":"https:\/\/cloudmlmsoftware.com\/pt-pt\/#website","url":"https:\/\/cloudmlmsoftware.com\/pt-pt\/","name":"Cloud MLM Software","description":"","publisher":{"@id":"https:\/\/cloudmlmsoftware.com\/pt-pt\/#organization"},"potentialAction":[{"@type":"SearchAction","target":{"@type":"EntryPoint","urlTemplate":"https:\/\/cloudmlmsoftware.com\/pt-pt\/?s={search_term_string}"},"query-input":{"@type":"PropertyValueSpecification","valueRequired":true,"valueName":"search_term_string"}}],"inLanguage":"pt-PT"},{"@type":"Organization","@id":"https:\/\/cloudmlmsoftware.com\/pt-pt\/#organization","name":"Cloud MLM Software","url":"https:\/\/cloudmlmsoftware.com\/pt-pt\/","logo":{"@type":"ImageObject","inLanguage":"pt-PT","@id":"https:\/\/cloudmlmsoftware.com\/pt-pt\/#\/schema\/logo\/image\/","url":"https:\/\/cloudmlmsoftware.com\/wp-content\/uploads\/2024\/09\/cloudmlm-logo.webp","contentUrl":"https:\/\/cloudmlmsoftware.com\/wp-content\/uploads\/2024\/09\/cloudmlm-logo.webp","width":200,"height":40,"caption":"Cloud MLM Software"},"image":{"@id":"https:\/\/cloudmlmsoftware.com\/pt-pt\/#\/schema\/logo\/image\/"}}]}},"_links":{"self":[{"href":"https:\/\/cloudmlmsoftware.com\/pt-pt\/wp-json\/wp\/v2\/pages\/14104","targetHints":{"allow":["GET"]}}],"collection":[{"href":"https:\/\/cloudmlmsoftware.com\/pt-pt\/wp-json\/wp\/v2\/pages"}],"about":[{"href":"https:\/\/cloudmlmsoftware.com\/pt-pt\/wp-json\/wp\/v2\/types\/page"}],"author":[{"embeddable":true,"href":"https:\/\/cloudmlmsoftware.com\/pt-pt\/wp-json\/wp\/v2\/users\/1"}],"replies":[{"embeddable":true,"href":"https:\/\/cloudmlmsoftware.com\/pt-pt\/wp-json\/wp\/v2\/comments?post=14104"}],"version-history":[{"count":0,"href":"https:\/\/cloudmlmsoftware.com\/pt-pt\/wp-json\/wp\/v2\/pages\/14104\/revisions"}],"wp:attachment":[{"href":"https:\/\/cloudmlmsoftware.com\/pt-pt\/wp-json\/wp\/v2\/media?parent=14104"}],"curies":[{"name":"wp","href":"https:\/\/api.w.org\/{rel}","templated":true}]}}