{"id":14094,"date":"2024-05-22T13:40:50","date_gmt":"2024-05-22T13:40:50","guid":{"rendered":"https:\/\/cloudmlmsoftware.com\/modulo-de-carteira-eletronica-para-software-mlm\/"},"modified":"2024-11-08T04:58:01","modified_gmt":"2024-11-08T04:58:01","slug":"modulo-e-wallet-para-software-mlm","status":"publish","type":"page","link":"https:\/\/cloudmlmsoftware.com\/pt-pt\/modulo-e-wallet-para-software-mlm\/","title":{"rendered":"m\u00f3dulo de carteira eletr\u00f4nica para software mlm"},"content":{"rendered":"\n<div class=\"bannerBgcolor BannerBg pt-16 pb-20 relative overflow-hidden\">\n        <div class=\"animation-wrapper\">\n            <div class=\"particle particle-1\"><\/div>\n            <div class=\"particle particle-2\"><\/div>\n            <div class=\"particle particle-3\"><\/div>\n            <div class=\"particle particle-4\"><\/div>\n        <\/div>\n\n        <div class=\"container mx-auto xl:h-[504px] lg:h-[450px] h-auto relative z-1\">\n            <div class=\"flex flex-wrap items-center\">\n                <div class=\"md:basis-5\/12 sm:basis-12\/12 pr-4 pr-0 py-14\">\n                    <img decoding=\"async\" src=\"\/wp-content\/uploads\/2024\/08\/Modulesbanner.webp\" width=\"467\" height=\"411\" alt=\"melhor software mlm nos EUA\" class=\"pulseBannerImg\"\/>\n                <\/div>\n                <div class=\"md:basis-7\/12 sm:basis-12\/12\">\n                    <h1 class=\"lg:text-mainTitleFontSize sm:text-3xl text-3xl text-white lg:leading-snug capitalize\">\n                         M\u00f3dulo de <span class=\"font-bold animate-charcter-offwhite\">carteira eletr\u00f4nica <\/span> <\/h1>\n\n\n                    <p class=\"offlightWhite pt-3 text-md\"> Um m\u00f3dulo E-Wallet em software MLM \u00e9 uma carteira digital segura, projetada para gerenciar as finan\u00e7as dos membros de uma empresa MLM. Com a ajuda de uma E Wallet, os usu\u00e1rios podem armazenar as comiss\u00f5es e b\u00f4nus ganhos, transferi-los para outros membros e tamb\u00e9m fazer saques com facilidade.  <\/p>\n                <\/div>\n\n            <\/div>\n        <\/div>\n    <\/div>\n    <!-- ************************************************************************************* -->\n\n    <section class=\"p-sectionpadding\">\n        <div class=\"container mx-auto pt-20\">\n            <div class=\"flex flex-wrap items-start md:items-center flex-col-reverse md:flex-row\">\n                <div class=\"flex-1 w-full pr-0 md:pr-7 pr-0 mt-3\">\n                    <div class=\"relative\">\n\n                        <h2 class=\"lg:text-TitlesemiFontSize text-2xl titleColor lg:leading-snug capitalize\">\n                            <span class=\"font-bold\">Capacitando empresas de MLM<\/span> com <span class=\"font-bold\">carteira eletr\u00f4nica segura<\/span> e <span class=\"font-bold\">sistema de voucher virtual <\/span> \n\n                        <\/h2>\n\n                        <p class=\"pt-6 font-light leading-6 text-textpara contentColor\">E-Wallet \u00e9 seguro para gerenciamento de ganhos e transa\u00e7\u00f5es dos membros. Os membros podem armazenar, transferir e retirar fundos com a E-Wallet de forma segura e r\u00e1pida. O saldo ser\u00e1 atualizado instantaneamente quando cada transa\u00e7\u00e3o ocorrer em tempo real e os detalhes completos estar\u00e3o dispon\u00edveis na \u00e1rea de membros. Tamb\u00e9m oferecemos suporte a v\u00e1rias moedas no E-Wallet. Assim, os membros n\u00e3o precisam se preocupar com problemas de transa\u00e7\u00e3o de dinheiro ao fazer compras, transfer\u00eancias ou solicita\u00e7\u00f5es de pagamento relacionadas ao seu neg\u00f3cio de MLM.     <\/p>\n\n                        <p class=\"pt-6 font-light leading-6 text-textpara contentColor\"> O m\u00f3dulo de carteira eletr\u00f4nica do est\u00e1 mudando a maneira como seus membros controlam seus ganhos e gerenciam o dinheiro em seu neg\u00f3cio de MLM. Seus clientes podem economizar suas comiss\u00f5es\/b\u00f4nus, enviar dinheiro para outros membros e sac\u00e1-lo quando quiserem usando a interface f\u00e1cil e amig\u00e1vel do E-Wallet.  <\/p>\n\n                    <\/div>\n                <\/div>\n                <div class=\"hidden lg:flex items-end justify-right w-[360px] primaryColor rounded-2xl pt-20 pl-10 ml-0 md:ml-10 mb-2 pb-0 overflow-hidden mt-3\">\n                    <img decoding=\"async\" src=\"\/wp-content\/uploads\/2024\/08\/moduleEvalletIntro.svg\" alt=\"Imagem\" class=\"relative right-[-10px] w-full\"\/>\n                <\/div>\n            <\/div>\n        <\/div>\n    <\/section>\n\n    <!-- ================================================================================================ -->\n    <section class=\"p-sectionpadding\">\n        <div class=\"container mx-auto \">\n            <div class=\"relative darkblue rounded-2xl p-7 lg:p-12 py-16 overflow-hidden\">\n                <div class=\"flex flex-wrap items-center\">\n\n                    <div class=\"relative w-full lg:w-5\/12 pr-0 lg:pr-12\">\n                        <img decoding=\"async\" src=\"\/wp-content\/uploads\/2024\/08\/moduleEwallet2.webp\" alt=\"Imagem\" class=\"w-full mb-4\"\/>\n                    <\/div>\n\n                    <div class=\"lg:flex-shrink-0 w-full lg:w-7\/12 \">\n                        <h3 class=\"text-3xl text-white lg:leading-snug capitalize\">\n                             <span class=\"font-bold\">Recursos<\/span> do m\u00f3dulo <span class=\"font-bold\"> E-wallet<\/span> <\/h3>\n  <p class=\"pt-6 font-light leading-6 text-textpara text-white\"> O sistema de carteiras eletr\u00f4nicas ajuda voc\u00ea a <\/p>\n                        <ul class=\"flex flex-wrap space-x-2 mt-4 ml-[-12px] list1 mt-6\">\n                            \n                            <li class=\"text-textpara text-white font-light leading-6 mb-3 ml-2\">Integre sua conta banc\u00e1ria<\/li>\n                            <li class=\"text-textpara text-white font-light leading-6 mb-3 ml-2\">Integre cart\u00e3o pr\u00e9-pago \u00e0 sua carteira eletr\u00f4nica<\/li>\n                            <li class=\"text-textpara text-white font-light leading-6 mb-3 ml-2\">Integre seu cart\u00e3o de cr\u00e9dito<\/li>\n                            <li class=\"text-textpara text-white font-light leading-6 mb-3 ml-2\">Transfira dinheiro de casa, do trabalho ou de qualquer lugar do mundo.<\/li>\n                        <\/ul>\n                    <\/div>\n                <\/div>\n            <\/div>\n        <\/div>\n    <\/section>\n\n    <!-- ************************************************************************************* -->\n\n    <section class=\"p-sectionpadding\">\n        <div class=\"container mx-auto\">\n\n            <h3 class=\"text-3xl titleColor lg:leading-snug mb-4 capitalize\"> O m\u00f3dulo <span class=\"font-bold\">E-Wallet<\/span> do inclui <\/h3>\n\n            <div class=\"w-full flex flex-wrap pt-2\">\n\n                <div class=\"mt-3 w-1\/2 group md:w-3\/12 mt-4 pr-2 md:pr-4\">\n                    <div class=\"lighter p-8 rounded-2xl mt-3 text-lg h-full\">\n                        <img decoding=\"async\" src=\"\/wp-content\/uploads\/2024\/07\/epingeneration-img.webp\" alt=\"Imagem\" class=\"mt-4 transform scale-100 group-hover:scale-110 transition-transform duration-400\" width=\"42\" height=\"42\"\/>\n                        <h4 class=\"titleColor text-xl font-semibold mt-5\"> Gera\u00e7\u00e3o de Pinos Eletr\u00f4nicos <\/h4>\n                    <\/div>\n                <\/div>\n                \n                \n                <!-- *************** -->\n                <div class=\"mt-3 w-1\/2 group md:w-3\/12 mt-4 pr-0 md:pr-3 pl-2 md:pl-0\">\n                    <div class=\"lighter p-8 rounded-2xl mt-3 text-lg h-full\">\n                        <img decoding=\"async\" src=\"\/wp-content\/uploads\/2024\/07\/epinTransfer-img.webp\" alt=\"Imagem\" class=\"mt-4 mt-4 transform scale-100 group-hover:scale-110 transition-transform duration-400\" width=\"42\" height=\"42\"\/>\n                        <h4 class=\"titleColor text-xl font-semibold mt-5\"> Transfer\u00eancia de Pinos Eletr\u00f4nicos <\/h4>\n                    <\/div>\n                <\/div>\n                <!-- *************** -->\n\n                <div class=\"mt-3 w-1\/2 group md:w-3\/12 mt-4 pr-2 md:pr-4\">\n                    <div class=\"lighter p-8 rounded-2xl mt-3 text-lg h-full\">\n                        <img decoding=\"async\" src=\"\/wp-content\/uploads\/2024\/07\/Refund-img.webp\" alt=\"Imagem\" class=\"mt-4 mt-4 transform scale-100 group-hover:scale-110 transition-transform duration-400\" width=\"42\" height=\"42\"\/>\n                        <h4 class=\"titleColor text-xl font-semibold mt-5\"> Reembolso de E-Pin de gera\u00e7\u00e3o <\/h4>\n                    <\/div>\n                <\/div>\n                <!-- *************** -->\n\n                <div class=\"mt-3 w-1\/2 group md:w-3\/12 mt-4 pr-0 md:pr-0 pl-2 md:pl-0\">\n                    <div class=\"lighter p-8 rounded-2xl mt-3 text-lg h-full pr-0 sm:pr-7\">\n                        <img decoding=\"async\" src=\"\/wp-content\/uploads\/2024\/07\/History-img.webp\" alt=\"Imagem\" class=\"mt-4 mt-4 transform scale-100 group-hover:scale-110 transition-transform duration-400\" width=\"42\" height=\"42\"\/>\n                        <h4 class=\"titleColor text-xl font-semibold mt-5\"> Hist\u00f3rico de transfer\u00eancia de E-Pins <\/h4>\n                    <\/div>\n                <\/div>\n                <!-- *************** -->\n                \n                <div class=\"mt-3 w-1\/2 group md:w-3\/12 mt-4 pr-2 md:pr-4\">\n                    <div class=\"lighter p-8 rounded-2xl mt-3 text-lg h-full\">\n                        <img decoding=\"async\" src=\"\/wp-content\/uploads\/2024\/07\/Statement-img.webp\" alt=\"Imagem\" class=\"mt-4 mt-4 transform scale-100 group-hover:scale-110 transition-transform duration-400\" width=\"42\" height=\"42\"\/>\n                        <h4 class=\"titleColor text-xl font-semibold mt-5\"> Extrato da carteira <\/h4>\n                    <\/div>\n                <\/div>\n                <!-- *************** -->\n                <div class=\"mt-3 w-1\/2 group md:w-3\/12 mt-4 pr-0 md:pr-3 pl-2 md:pl-0\">\n                    <div class=\"lighter p-8 rounded-2xl mt-3 text-lg h-full\">\n                        <img decoding=\"async\" src=\"\/wp-content\/uploads\/2024\/07\/Fund-img.webp\" alt=\"Imagem\" class=\"mt-4 mt-4 transform scale-100 group-hover:scale-110 transition-transform duration-400\" width=\"42\" height=\"42\"\/>\n                        <h4 class=\"titleColor text-xl font-semibold mt-5\"> Transfer\u00eancia de fundos para outros IDs <\/h4>\n                    <\/div>\n                <\/div>\n                <!-- *************** -->\n\n                <div class=\"mt-3 w-1\/2 group md:w-3\/12 mt-4 pr-2 md:pr-4\">\n                    <div class=\"lighter p-8 rounded-2xl mt-3 text-lg h-full\">\n                        <img decoding=\"async\" src=\"\/wp-content\/uploads\/2024\/07\/Add-remove-img.webp\" alt=\"Imagem\" class=\"mt-4 mt-4 transform scale-100 group-hover:scale-110 transition-transform duration-400\" width=\"42\" height=\"42\"\/>\n                        <h4 class=\"titleColor text-xl font-semibold mt-5\"> Adicionar\/remover fundos \u00e0 carteira <\/h4>\n                    <\/div>\n                <\/div>\n                <!-- *************** -->\n\n                <div class=\"mt-3 w-1\/2 group md:w-3\/12 mt-4 pr-0 md:pr-0 pl-2 md:pl-0\">\n                    <div class=\"lighter p-8 rounded-2xl mt-3 text-lg h-full\">\n                        <img decoding=\"async\" src=\"\/wp-content\/uploads\/2024\/07\/CR-DR-img.webp\" alt=\"Imagem\" class=\"mt-4 mt-4 transform scale-100 group-hover:scale-110 transition-transform duration-400\" width=\"42\" height=\"42\"\/>\n                        <h4 class=\"titleColor text-xl font-semibold mt-5\"> CR\/DR e todas as transa\u00e7\u00f5es conforme necessidade <\/h4>\n                    <\/div>\n                <\/div>\n                <!-- *************** -->\n\n            <\/div>\n        <\/div>\n    <\/section>\n    <!-- ============================================================================================= -->\n\n    <section class=\"p-sectionpadding\">\n        <div class=\"container mx-auto\">\n\n            <div class=\"w-full md:w-5\/12 mx-auto text-center\">\n                <h4 class=\"text-2xl md:text-4xl titleColor md:leading-snug capitalize\">\n                     <span class=\"font-bold\">Import\u00e2ncia <\/span> do <span class=\"font-bold\">m\u00f3dulo<\/span> do sistema E-wallet do Cloud MLM\n                <\/h4>\n                \n            <\/div>\n\n            <div class=\"w-full flex items-start flex-wrap pt-6 justify-between\">\n\n                <div class=\"mt-3 w-full lg:w-2\/3 pr-0 lg:pr-10 mt-4\">\n                    \n\n                    <ul class=\"mt-4 block pr-0 sm:pr-10\">\n                        <li class=\"flex items-start space-x-2 darkblue duration-300 py-4 px-4 rounded-xl mb-4 cursor-pointer w-full md:w-auto\">\n                            <img decoding=\"async\" src=\"\/wp-content\/uploads\/2024\/07\/list1.webp\" width=\"20\" height=\"20\" alt=\"software mlm\"\/>\n                            <b class=\"font-normal text-white text-sm\">Para lidar com as transa\u00e7\u00f5es econ\u00f4micas de todos os clientes, o software Cloud MLM est\u00e1 integrado ao sistema e-Wallet, que \u00e9 uma carteira virtual para clientes<\/b>\n                        <\/li>\n                        <li class=\"flex items-start space-x-2 darkblue duration-300 py-4 px-4 rounded-xl mb-4 cursor-pointer w-full md:w-auto\">\n                            <img decoding=\"async\" src=\"\/wp-content\/uploads\/2024\/07\/list1.webp\" width=\"20\" height=\"20\" alt=\"software mlm\"\/>\n                            <b class=\"font-normal text-white text-sm\">O valor da carteira eletr\u00f4nica \u00e9 usado para comprar os E-pins<\/b>\n                        <\/li>\n                        <li class=\"flex items-start space-x-2 darkblue duration-300 py-4 px-4 rounded-xl mb-4 cursor-pointer w-full md:w-auto\">\n                            <img decoding=\"async\" src=\"\/wp-content\/uploads\/2024\/07\/list1.webp\" width=\"20\" height=\"20\" alt=\"software mlm\"\/>\n                            <b class=\"font-normal text-white text-sm\">O valor da carteira eletr\u00f4nica \u00e9 utilizado para comprar ou encomendar os produtos<\/b>\n                        <\/li>\n                        <li class=\"flex items-start space-x-2 darkblue duration-300 py-4 px-4 rounded-xl mb-4 cursor-pointer w-full md:w-auto\">\n                            <img decoding=\"async\" src=\"\/wp-content\/uploads\/2024\/07\/list1.webp\" width=\"20\" height=\"20\" alt=\"software mlm\"\/>\n                            <b class=\"font-normal text-white text-sm\">O valor da carteira eletr\u00f4nica \u00e9 utilizado para novos cadastros<\/b>\n                        <\/li>\n                        <li class=\"flex items-start space-x-2 darkblue duration-300 py-4 px-4 rounded-xl mb-4 cursor-pointer w-full md:w-auto\">\n                            <img decoding=\"async\" src=\"\/wp-content\/uploads\/2024\/07\/list1.webp\" width=\"20\" height=\"20\" alt=\"software mlm\"\/>\n                            <b class=\"font-normal text-white text-sm\">O valor deduzido com o objetivo de entregar os lucros pode ser facilmente transferido para a carteira eletr\u00f4nica<\/b>\n                        <\/li>\n                        <li class=\"flex items-start space-x-2 darkblue duration-300 py-4 px-4 rounded-xl mb-4 cursor-pointer w-full md:w-auto\">\n                            <img decoding=\"async\" src=\"\/wp-content\/uploads\/2024\/07\/list1.webp\" width=\"20\" height=\"20\" alt=\"software mlm\"\/>\n                            <b class=\"font-normal text-white text-sm\">O dinheiro pode ser facilmente transferido para a carteira eletr\u00f4nica de qualquer outro cliente<\/b>\n                        <\/li>\n\n                    <\/ul>\n\n                <\/div>\n\n                <div class=\"mt-3 w-full lg:w-1\/3\">\n                    <div class=\"primaryColor px-10 py-16 rounded-xl mt-3 flex items-center justify-center\">\n\n                        <p class=\"text-white text-lg mt-4\">O sistema de carteira eletr\u00f4nica \u00e9 uma porta de entrada para controlar e gerenciar todas as transa\u00e7\u00f5es financeiras de entrada e sa\u00edda de usu\u00e1rios em neg\u00f3cios de MLM. As empresas de MLM podem transferir valores diretamente na conta de carteira eletr\u00f4nica de seus membros e usu\u00e1rios usando o sistema de carteira eletr\u00f4nica Cloud MLM, bem como permitir que enviem o dinheiro para outras contas em todo o mundo. <\/p>\n                    <\/div>\n                <\/div>\n            <\/div>\n        <\/div>\n    <\/section>\n","protected":false},"excerpt":{"rendered":"<p>M\u00f3dulo de carteira eletr\u00f4nica Um m\u00f3dulo E-Wallet em software MLM \u00e9 uma carteira digital segura, projetada para gerenciar as finan\u00e7as dos membros de uma empresa MLM. Com a ajuda de uma E Wallet, os usu\u00e1rios podem armazenar as comiss\u00f5es e b\u00f4nus ganhos, transferi-los para outros membros e tamb\u00e9m fazer saques com facilidade. Capacitando empresas de [&hellip;]<\/p>\n","protected":false},"author":1,"featured_media":0,"parent":0,"menu_order":0,"comment_status":"closed","ping_status":"closed","template":"moduleewallet-page.php","meta":{"_acf_changed":false,"footnotes":""},"class_list":["post-14094","page","type-page","status-publish","hentry"],"acf":[],"yoast_head":"<!-- This site is optimized with the Yoast SEO Premium plugin v23.6 (Yoast SEO v25.9) - https:\/\/yoast.com\/wordpress\/plugins\/seo\/ -->\n<title>Carteira Eletr\u00f4nica | Gerenciamento de pagamentos digitais f\u00e1cil e seguro<\/title>\n<meta name=\"description\" content=\"E-Wallet para gerenciamento de pagamentos digitais seguro e cont\u00ednuo. Simplifique as transa\u00e7\u00f5es com recursos r\u00e1pidos, confi\u00e1veis \u200b\u200be f\u00e1ceis de usar.\" \/>\n<meta name=\"robots\" content=\"index, follow, max-snippet:-1, max-image-preview:large, max-video-preview:-1\" \/>\n<link rel=\"canonical\" href=\"https:\/\/cloudmlmsoftware.com\/pt-pt\/modulo-e-wallet-para-software-mlm\/\" \/>\n<meta property=\"og:locale\" content=\"pt_PT\" \/>\n<meta property=\"og:type\" content=\"article\" \/>\n<meta property=\"og:title\" content=\"m\u00f3dulo de carteira eletr\u00f4nica para software mlm\" \/>\n<meta property=\"og:description\" content=\"E-Wallet para gerenciamento de pagamentos digitais seguro e cont\u00ednuo. Simplifique as transa\u00e7\u00f5es com recursos r\u00e1pidos, confi\u00e1veis \u200b\u200be f\u00e1ceis de usar.\" \/>\n<meta property=\"og:url\" content=\"https:\/\/cloudmlmsoftware.com\/pt-pt\/modulo-e-wallet-para-software-mlm\/\" \/>\n<meta property=\"og:site_name\" content=\"Cloud MLM Software\" \/>\n<meta property=\"article:modified_time\" content=\"2024-11-08T04:58:01+00:00\" \/>\n<meta name=\"twitter:card\" content=\"summary_large_image\" \/>\n<meta name=\"twitter:label1\" content=\"Tempo estimado de leitura\" \/>\n\t<meta name=\"twitter:data1\" content=\"3 minutos\" \/>\n<!-- \/ Yoast SEO Premium plugin. -->","yoast_head_json":{"title":"Carteira Eletr\u00f4nica | Gerenciamento de pagamentos digitais f\u00e1cil e seguro","description":"E-Wallet para gerenciamento de pagamentos digitais seguro e cont\u00ednuo. Simplifique as transa\u00e7\u00f5es com recursos r\u00e1pidos, confi\u00e1veis \u200b\u200be f\u00e1ceis de usar.","robots":{"index":"index","follow":"follow","max-snippet":"max-snippet:-1","max-image-preview":"max-image-preview:large","max-video-preview":"max-video-preview:-1"},"canonical":"https:\/\/cloudmlmsoftware.com\/pt-pt\/modulo-e-wallet-para-software-mlm\/","og_locale":"pt_PT","og_type":"article","og_title":"m\u00f3dulo de carteira eletr\u00f4nica para software mlm","og_description":"E-Wallet para gerenciamento de pagamentos digitais seguro e cont\u00ednuo. Simplifique as transa\u00e7\u00f5es com recursos r\u00e1pidos, confi\u00e1veis \u200b\u200be f\u00e1ceis de usar.","og_url":"https:\/\/cloudmlmsoftware.com\/pt-pt\/modulo-e-wallet-para-software-mlm\/","og_site_name":"Cloud MLM Software","article_modified_time":"2024-11-08T04:58:01+00:00","twitter_card":"summary_large_image","twitter_misc":{"Tempo estimado de leitura":"3 minutos"},"schema":{"@context":"https:\/\/schema.org","@graph":[{"@type":"WebPage","@id":"https:\/\/cloudmlmsoftware.com\/pt-pt\/modulo-e-wallet-para-software-mlm\/","url":"https:\/\/cloudmlmsoftware.com\/pt-pt\/modulo-e-wallet-para-software-mlm\/","name":"Carteira Eletr\u00f4nica | Gerenciamento de pagamentos digitais f\u00e1cil e seguro","isPartOf":{"@id":"https:\/\/cloudmlmsoftware.com\/pt-pt\/#website"},"datePublished":"2024-05-22T13:40:50+00:00","dateModified":"2024-11-08T04:58:01+00:00","description":"E-Wallet para gerenciamento de pagamentos digitais seguro e cont\u00ednuo. Simplifique as transa\u00e7\u00f5es com recursos r\u00e1pidos, confi\u00e1veis \u200b\u200be f\u00e1ceis de usar.","breadcrumb":{"@id":"https:\/\/cloudmlmsoftware.com\/pt-pt\/modulo-e-wallet-para-software-mlm\/#breadcrumb"},"inLanguage":"pt-PT","potentialAction":[{"@type":"ReadAction","target":["https:\/\/cloudmlmsoftware.com\/pt-pt\/modulo-e-wallet-para-software-mlm\/"]}]},{"@type":"BreadcrumbList","@id":"https:\/\/cloudmlmsoftware.com\/pt-pt\/modulo-e-wallet-para-software-mlm\/#breadcrumb","itemListElement":[{"@type":"ListItem","position":1,"name":"Home","item":"https:\/\/cloudmlmsoftware.com\/pt-pt\/"},{"@type":"ListItem","position":2,"name":"m\u00f3dulo de carteira eletr\u00f4nica para software mlm"}]},{"@type":"WebSite","@id":"https:\/\/cloudmlmsoftware.com\/pt-pt\/#website","url":"https:\/\/cloudmlmsoftware.com\/pt-pt\/","name":"Cloud MLM Software","description":"","publisher":{"@id":"https:\/\/cloudmlmsoftware.com\/pt-pt\/#organization"},"potentialAction":[{"@type":"SearchAction","target":{"@type":"EntryPoint","urlTemplate":"https:\/\/cloudmlmsoftware.com\/pt-pt\/?s={search_term_string}"},"query-input":{"@type":"PropertyValueSpecification","valueRequired":true,"valueName":"search_term_string"}}],"inLanguage":"pt-PT"},{"@type":"Organization","@id":"https:\/\/cloudmlmsoftware.com\/pt-pt\/#organization","name":"Cloud MLM Software","url":"https:\/\/cloudmlmsoftware.com\/pt-pt\/","logo":{"@type":"ImageObject","inLanguage":"pt-PT","@id":"https:\/\/cloudmlmsoftware.com\/pt-pt\/#\/schema\/logo\/image\/","url":"https:\/\/cloudmlmsoftware.com\/wp-content\/uploads\/2024\/09\/cloudmlm-logo.webp","contentUrl":"https:\/\/cloudmlmsoftware.com\/wp-content\/uploads\/2024\/09\/cloudmlm-logo.webp","width":200,"height":40,"caption":"Cloud MLM Software"},"image":{"@id":"https:\/\/cloudmlmsoftware.com\/pt-pt\/#\/schema\/logo\/image\/"}}]}},"_links":{"self":[{"href":"https:\/\/cloudmlmsoftware.com\/pt-pt\/wp-json\/wp\/v2\/pages\/14094","targetHints":{"allow":["GET"]}}],"collection":[{"href":"https:\/\/cloudmlmsoftware.com\/pt-pt\/wp-json\/wp\/v2\/pages"}],"about":[{"href":"https:\/\/cloudmlmsoftware.com\/pt-pt\/wp-json\/wp\/v2\/types\/page"}],"author":[{"embeddable":true,"href":"https:\/\/cloudmlmsoftware.com\/pt-pt\/wp-json\/wp\/v2\/users\/1"}],"replies":[{"embeddable":true,"href":"https:\/\/cloudmlmsoftware.com\/pt-pt\/wp-json\/wp\/v2\/comments?post=14094"}],"version-history":[{"count":0,"href":"https:\/\/cloudmlmsoftware.com\/pt-pt\/wp-json\/wp\/v2\/pages\/14094\/revisions"}],"wp:attachment":[{"href":"https:\/\/cloudmlmsoftware.com\/pt-pt\/wp-json\/wp\/v2\/media?parent=14094"}],"curies":[{"name":"wp","href":"https:\/\/api.w.org\/{rel}","templated":true}]}}