{"id":14072,"date":"2024-05-22T13:36:32","date_gmt":"2024-05-22T13:36:32","guid":{"rendered":"https:\/\/cloudmlmsoftware.com\/modulo-multimoeda\/"},"modified":"2024-09-17T12:20:33","modified_gmt":"2024-09-17T12:20:33","slug":"modulo-de-multiplas-moedas","status":"publish","type":"page","link":"https:\/\/cloudmlmsoftware.com\/pt-pt\/modulo-de-multiplas-moedas\/","title":{"rendered":"m\u00f3dulo multimoeda"},"content":{"rendered":"\n<div class=\"bannerBgcolor BannerBg pt-16 pb-20 relative overflow-hidden\">\n        <div class=\"animation-wrapper\">\n            <div class=\"particle particle-1\"><\/div>\n            <div class=\"particle particle-2\"><\/div>\n            <div class=\"particle particle-3\"><\/div>\n            <div class=\"particle particle-4\"><\/div>\n        <\/div>\n\n        <div class=\"container mx-auto xl:h-[504px] lg:h-[450px] h-auto relative z-1\">\n            <div class=\"flex flex-wrap items-center\">\n                <div class=\"md:basis-5\/12 sm:basis-12\/12 pr-4 pr-0 py-14\">\n                    <img decoding=\"async\" src=\"\/wp-content\/uploads\/2024\/08\/Modulesbanner.webp\" width=\"467\" height=\"411\" alt=\"melhor software mlm nos EUA\" class=\"pulseBannerImg\"\/>\n                <\/div>\n                <div class=\"md:basis-7\/12 sm:basis-12\/12\">\n                    <h1 class=\"lg:text-mainTitleFontSize sm:text-3xl text-3xl text-white lg:leading-snug \">\n                        M\u00f3dulo <span class=\"font-bold animate-charcter-offwhite\">multimoeda<\/span> <\/h1>\n\n                    <p class=\"offlightWhite pt-3 text-md\">No atual mercado global, as empresas precisam realizar neg\u00f3cios em diferentes pa\u00edses e moedas. O software Cloud MLM inclui um m\u00f3dulo multimoeda, que \u00e9 \u00fatil quando voc\u00ea precisa mostrar convers\u00f5es em pelo menos duas moedas.  <\/p>\n\n                <\/div>\n\n            <\/div>\n        <\/div>\n    <\/div>\n    <!-- ************************************************************************************* -->\n\n    <section class=\"p-sectionpadding\">\n        <div class=\"container mx-auto pt-20\">\n            <div class=\"flex flex-wrap items-start md:items-center flex-col-reverse md:flex-row\">\n                <div class=\"flex-1 w-full pr-0 md:pr-7 pr-0 mt-3\">\n                    <div class=\"relative\">\n\n                        <h2 class=\"text-3xl titleColor lg:leading-snug capitalize\">\n                             <span class=\"font-bold\">Capacitando neg\u00f3cios globais:<\/span> integra\u00e7\u00e3o multimoeda com software <span class=\"font-bold\">Cloud MLM<\/span> <\/h2>\n                       \n                        <p class=\"pt-6 font-light leading-6 text-textpara contentColor\">Nosso m\u00f3dulo multimoedas permite que voc\u00ea realize neg\u00f3cios com o mesmo produto em moedas diferentes. O \u00fanico requisito \u00e9 que o produto tenha o mesmo nome tanto no idioma local quanto em ingl\u00eas. Este recurso ajuda voc\u00ea a conduzir seus neg\u00f3cios na moeda com a qual voc\u00ea est\u00e1 familiarizado \u2013 a sua. Normalmente, a moeda padr\u00e3o definida no software MLM b\u00e1sico \u00e9 o d\u00f3lar americano ($). Se voc\u00ea deseja configurar outra moeda em seu software MLM, podemos integrar este m\u00f3dulo ao Cloud MLM Software e personaliz\u00e1-lo para atender \u00e0s suas necessidades espec\u00edficas. A op\u00e7\u00e3o multimoeda funciona bem com o recurso multil\u00edngue, permitindo que os usu\u00e1rios realizem neg\u00f3cios em v\u00e1rios idiomas e, assim, obtenham mais respostas dos clientes.      <\/p>\n                        <p class=\"pt-6 font-light leading-6 text-textpara contentColor\">O m\u00f3dulo multimoeda Cloud MLM aprimora seu site com recursos para altera\u00e7\u00f5es de moeda, informa\u00e7\u00f5es e metadados de moeda e exibi\u00e7\u00e3o de valores e pre\u00e7os. Tamb\u00e9m estamos preparados para fornecer uma op\u00e7\u00e3o completa de integra\u00e7\u00e3o multimoeda junto com o software MLM para as moedas espec\u00edficas exigidas pelos clientes, oferecendo suporte para qualquer moeda dentro do nosso pacote de software MLM. Nossos desenvolvedores profissionais est\u00e3o equipados para oferecer uma op\u00e7\u00e3o produtiva em v\u00e1rias moedas com seu software MLM. O Cloud MLM Software fornece integra\u00e7\u00e3o multimoeda com plataformas CMS de com\u00e9rcio eletr\u00f4nico, como OpenCart e Magento, adaptadas \u00e0s demandas do cliente.    <\/p>\n                    <\/div>\n                <\/div>\n                <div class=\"hidden lg:flex items-end justify-right w-[360px] primaryColor rounded-2xl pt-20 pl-10 ml-0 md:ml-10 mb-2 pb-0 overflow-hidden mt-3\">\n                    <img decoding=\"async\" src=\"\/wp-content\/uploads\/2024\/08\/modulemulticurrencyIntro.svg\" alt=\"Imagem\" class=\"relative right-[-10px] w-full rounded-tl-xl\"\/>\n                <\/div>\n            <\/div>\n        <\/div>\n    <\/section>\n\n    <!-- ================================================================================================ -->\n    <section class=\"p-sectionpadding\">\n        <div class=\"container mx-auto \">\n            <div class=\"relative darkblue rounded-2xl p-7 md:p-12 py-16 overflow-hidden\">\n                <div class=\"flex flex-wrap items-center\">\n\n                    <div class=\"relative w-full lg:w-5\/12 pr-0 lg:pr-12\">\n                        <img decoding=\"async\" src=\"\/wp-content\/uploads\/2024\/08\/modulemullanguage2.webp\" alt=\"Imagem\" class=\"mb-4 w-full\"\/>\n                    <\/div>\n\n                    <div class=\"lg:flex-shrink-0 w-full lg:w-7\/12 \">\n                        <h3 class=\"text-3xl text-white lg:leading-snug capitalize\">\n                             <span class=\"font-bold\">Recursos<\/span> do m\u00f3dulo <span class=\"font-bold\">Multi-Moeda <\/span> <\/h3>\n                        <ul class=\"flex flex-wrap space-x-2 mt-6 ml-[-12px] list1\">\n                            <li class=\"text-textpara text-white font-light leading-6 mb-3 ml-2\">Ele permite que voc\u00ea fa\u00e7a neg\u00f3cios em v\u00e1rias moedas pelas mesmas mercadorias ou servi\u00e7os<\/li>\n                            <li class=\"text-textpara text-white font-light leading-6 mb-3 ml-2\">Experi\u00eancia do cliente<\/li>\n                            <li class=\"text-textpara text-white font-light leading-6 mb-3 ml-2\">Localiza\u00e7\u00e3o<\/li>\n                            <li class=\"text-textpara text-white font-light leading-6 mb-3 ml-2\">Progresso universal investindo no mercado internacional<\/li>\n                            <li class=\"text-textpara text-white font-light leading-6 mb-3 ml-2\">Pagar atrav\u00e9s de diferentes meios<\/li>\n                            <li class=\"text-textpara text-white font-light leading-6 mb-3 ml-2\">Ganhe mais clientes<\/li>\n                            <li class=\"text-textpara text-white font-light leading-6 mb-3 ml-2\">O software de marketing Cloud MLM deve ajudar o neg\u00f3cio de vendas e as taxas a serem pagas em v\u00e1rias moedas.<\/li>\n                            <li class=\"text-textpara text-white font-light leading-6 mb-3 ml-2\">Defina a moeda conforme as necessidades<\/li>\n\n                        <\/ul>\n                    <\/div>\n                <\/div>\n            <\/div>\n        <\/div>\n    <\/section>\n\n\n    <!-- ************************************************************************************* -->\n    <section class=\"p-sectionpadding\">\n        <div class=\"container mx-auto\">\n            <div class=\"w-full md:w-6\/12\">\n                <h3 class=\"lg:text-TitlesemiFontSize text-2xl titleColor lg:leading-snug mt-3 capitalize\">\n                    <span class=\"font-bold\">Vantagens<\/span> do m\u00f3dulo <span class=\"font-bold\">Multi-Moeda <\/span> <\/h3>\n                <p class=\"text-textSubtitle contentColor text-sm font-light pt-5 leading-6 mb-3\"> Aqui est\u00e3o as vantagens do nosso m\u00f3dulo multimoedas. <\/p>\n            <\/div>\n\n            <div class=\"relative primaryColor rounded-2xl p-7 sm:p-9 overflow-hidden mt-8\">\n                <div class=\"flex flex-wrap items-center lg:flex-row flex-col-reverse\">\n                    <div class=\"w-full lg:w-7\/12\">\n                      \n                            <h2 class=\"text-2xl text-white font-light leading-8 py-3 pr-0 sm:pr-10\"> Como <span class=\"font-bold\">administrador<\/span> do software, o m\u00f3dulo multimoeda <span class=\"font-bold\">Cloud MLM <\/span> oferece suporte para voc\u00ea,<\/h2>\n                        \n                        <ul class=\"mt-4 block pr-0 sm:pr-10\">\n                            <li class=\"flex items-center space-x-2 bg-white duration-300 py-3 px-4 rounded-xl mb-3 w-full md:w-auto\">\n                                <img decoding=\"async\" src=\"\/wp-content\/uploads\/2024\/07\/list1.webp\" width=\"20\" height=\"20\" alt=\"software mlm\"\/>\n                                <b class=\"font-normal text-slate-950 text-sm\">Escolha uma moeda local ou a moeda principal da sua empresa<\/b>\n                            <\/li>\n                            <li class=\"flex items-center space-x-2 bg-white duration-300 py-3 px-4 rounded-xl mb-3 w-full md:w-auto\">\n                                <img decoding=\"async\" src=\"\/wp-content\/uploads\/2024\/07\/list1.webp\" width=\"20\" height=\"20\" alt=\"software mlm\"\/>\n                                <b class=\"font-normal text-slate-950 text-sm\">Ative uma lista de outras moedas para seus revendedores<\/b>\n                            <\/li>\n                            <li class=\"flex items-center space-x-2 bg-white duration-300 py-3 px-4 rounded-xl mb-3 w-full md:w-auto\">\n                                <img decoding=\"async\" src=\"\/wp-content\/uploads\/2024\/07\/list1.webp\" width=\"20\" height=\"20\" alt=\"software mlm\"\/>\n                                <b class=\"font-normal text-slate-950 text-sm\">Restaure as taxas de convers\u00e3o de moeda em intervalos peri\u00f3dicos<\/b>\n                            <\/li>\n\n                        <\/ul>\n                    <\/div>\n\n                    <div class=\"lg:flex-shrink-0 w-full lg:w-5\/12 mt-3\">\n                        <img decoding=\"async\" src=\"\/wp-content\/uploads\/2024\/08\/modulemulticurrency3.svg\" alt=\"Imagem\" class=\"mb-4 w-full\"\/>\n\n                    <\/div>\n                <\/div>\n            <\/div>\n            <!-- ********************** -->\n\n\n            <div class=\"relative offade rounded-2xl p-7 sm:p-12 overflow-hidden mt-16\">\n                <div class=\"flex flex-wrap items-center lg:flex-row flex-col-reverse\">\n                    <div class=\"lg:flex-shrink-0 w-full lg:w-5\/12 mt-3\">\n                        <img decoding=\"async\" src=\"\/wp-content\/uploads\/2024\/08\/modulemultilanguage4.webp\" alt=\"Imagem\" class=\"relative mb-4 lg:mb-0 bottom-0 lg:bottom-[-90px] left-0 lg:left-[-80px] w-full rounded lg:rounded-tr-xl\"\/>\n                    <\/div>\n\n\n                    <div class=\"w-full lg:w-7\/12\">\n                      \n                            <h2 class=\"text-2xl titleColor font-light leading-8 py-3 pr-0 sm:pr-10\"> Como <span class=\"font-bold\">revendedor<\/span>, o m\u00f3dulo multimoeda Cloud MLM oferece suporte para voc\u00ea,<\/h2>\n                        \n                        <ul class=\"mt-4 block pr-0 sm:pr-10\">\n                            <li class=\"flex items-start space-x-2 bg-white py-3 px-4 rounded-xl mb-3 w-full md:w-auto\">\n                                <img decoding=\"async\" src=\"\/wp-content\/uploads\/2024\/07\/list1.webp\" width=\"20\" height=\"20\" alt=\"software mlm\"\/>\n                                <b class=\"font-normal text-slate-950 text-sm\">Veja os relat\u00f3rios na sua moeda principal.<\/b>\n                            <\/li>\n                            <li class=\"flex items-start space-x-2 bg-white py-3 px-4 rounded-xl mb-3 w-full md:w-auto\">\n                                <img decoding=\"async\" src=\"\/wp-content\/uploads\/2024\/07\/list1.webp\" width=\"20\" height=\"20\" alt=\"software mlm\"\/>\n                                <b class=\"font-normal text-slate-950 text-sm\">Aceite a moeda desejada enquanto acessa a coluna de valor para uma empresa ou outras fun\u00e7\u00f5es semelhantes.<\/b>\n                            <\/li>\n                            <li class=\"flex items-start space-x-2 bg-white py-3 px-4 rounded-xl mb-3 w-full md:w-auto\">\n                                <img decoding=\"async\" src=\"\/wp-content\/uploads\/2024\/07\/list1.webp\" width=\"20\" height=\"20\" alt=\"software mlm\"\/>\n                                <b class=\"font-normal text-slate-950 text-sm\">Desenvolva ordens comerciais, ordens de investimento e contas nessa moeda preferida.<\/b>\n                            <\/li>\n\n                        <\/ul>\n                    <\/div>\n\n                    \n                <\/div>\n            <\/div>\n            <!-- ********************** -->\n\n        <\/div>\n    <\/section>\n","protected":false},"excerpt":{"rendered":"<p>M\u00f3dulo multimoeda No atual mercado global, as empresas precisam realizar neg\u00f3cios em diferentes pa\u00edses e moedas. O software Cloud MLM inclui um m\u00f3dulo multimoeda, que \u00e9 \u00fatil quando voc\u00ea precisa mostrar convers\u00f5es em pelo menos duas moedas. Capacitando neg\u00f3cios globais: integra\u00e7\u00e3o multimoeda com software Cloud MLM Nosso m\u00f3dulo multimoedas permite que voc\u00ea realize neg\u00f3cios com [&hellip;]<\/p>\n","protected":false},"author":1,"featured_media":0,"parent":0,"menu_order":0,"comment_status":"closed","ping_status":"closed","template":"modulemulticurrency-page.php","meta":{"_acf_changed":false,"footnotes":""},"class_list":["post-14072","page","type-page","status-publish","hentry"],"acf":[],"yoast_head":"<!-- This site is optimized with the Yoast SEO Premium plugin v23.6 (Yoast SEO v25.9) - https:\/\/yoast.com\/wordpress\/plugins\/seo\/ -->\n<title>m\u00f3dulo multimoeda - Cloud MLM Software<\/title>\n<meta name=\"robots\" content=\"index, follow, max-snippet:-1, max-image-preview:large, max-video-preview:-1\" \/>\n<link rel=\"canonical\" href=\"https:\/\/cloudmlmsoftware.com\/pt-pt\/modulo-de-multiplas-moedas\/\" \/>\n<meta property=\"og:locale\" content=\"pt_PT\" \/>\n<meta property=\"og:type\" content=\"article\" \/>\n<meta property=\"og:title\" content=\"m\u00f3dulo multimoeda\" \/>\n<meta property=\"og:description\" content=\"M\u00f3dulo multimoeda No atual mercado global, as empresas precisam realizar neg\u00f3cios em diferentes pa\u00edses e moedas. O software Cloud MLM inclui um m\u00f3dulo multimoeda, que \u00e9 \u00fatil quando voc\u00ea precisa mostrar convers\u00f5es em pelo menos duas moedas. Capacitando neg\u00f3cios globais: integra\u00e7\u00e3o multimoeda com software Cloud MLM Nosso m\u00f3dulo multimoedas permite que voc\u00ea realize neg\u00f3cios com [&hellip;]\" \/>\n<meta property=\"og:url\" content=\"https:\/\/cloudmlmsoftware.com\/pt-pt\/modulo-de-multiplas-moedas\/\" \/>\n<meta property=\"og:site_name\" content=\"Cloud MLM Software\" \/>\n<meta property=\"article:modified_time\" content=\"2024-09-17T12:20:33+00:00\" \/>\n<meta name=\"twitter:card\" content=\"summary_large_image\" \/>\n<meta name=\"twitter:label1\" content=\"Tempo estimado de leitura\" \/>\n\t<meta name=\"twitter:data1\" content=\"2 minutos\" \/>\n<!-- \/ Yoast SEO Premium plugin. -->","yoast_head_json":{"title":"m\u00f3dulo multimoeda - Cloud MLM Software","robots":{"index":"index","follow":"follow","max-snippet":"max-snippet:-1","max-image-preview":"max-image-preview:large","max-video-preview":"max-video-preview:-1"},"canonical":"https:\/\/cloudmlmsoftware.com\/pt-pt\/modulo-de-multiplas-moedas\/","og_locale":"pt_PT","og_type":"article","og_title":"m\u00f3dulo multimoeda","og_description":"M\u00f3dulo multimoeda No atual mercado global, as empresas precisam realizar neg\u00f3cios em diferentes pa\u00edses e moedas. O software Cloud MLM inclui um m\u00f3dulo multimoeda, que \u00e9 \u00fatil quando voc\u00ea precisa mostrar convers\u00f5es em pelo menos duas moedas. Capacitando neg\u00f3cios globais: integra\u00e7\u00e3o multimoeda com software Cloud MLM Nosso m\u00f3dulo multimoedas permite que voc\u00ea realize neg\u00f3cios com [&hellip;]","og_url":"https:\/\/cloudmlmsoftware.com\/pt-pt\/modulo-de-multiplas-moedas\/","og_site_name":"Cloud MLM Software","article_modified_time":"2024-09-17T12:20:33+00:00","twitter_card":"summary_large_image","twitter_misc":{"Tempo estimado de leitura":"2 minutos"},"schema":{"@context":"https:\/\/schema.org","@graph":[{"@type":"WebPage","@id":"https:\/\/cloudmlmsoftware.com\/pt-pt\/modulo-de-multiplas-moedas\/","url":"https:\/\/cloudmlmsoftware.com\/pt-pt\/modulo-de-multiplas-moedas\/","name":"m\u00f3dulo multimoeda - Cloud MLM Software","isPartOf":{"@id":"https:\/\/cloudmlmsoftware.com\/pt-pt\/#website"},"datePublished":"2024-05-22T13:36:32+00:00","dateModified":"2024-09-17T12:20:33+00:00","breadcrumb":{"@id":"https:\/\/cloudmlmsoftware.com\/pt-pt\/modulo-de-multiplas-moedas\/#breadcrumb"},"inLanguage":"pt-PT","potentialAction":[{"@type":"ReadAction","target":["https:\/\/cloudmlmsoftware.com\/pt-pt\/modulo-de-multiplas-moedas\/"]}]},{"@type":"BreadcrumbList","@id":"https:\/\/cloudmlmsoftware.com\/pt-pt\/modulo-de-multiplas-moedas\/#breadcrumb","itemListElement":[{"@type":"ListItem","position":1,"name":"Home","item":"https:\/\/cloudmlmsoftware.com\/pt-pt\/"},{"@type":"ListItem","position":2,"name":"m\u00f3dulo multimoeda"}]},{"@type":"WebSite","@id":"https:\/\/cloudmlmsoftware.com\/pt-pt\/#website","url":"https:\/\/cloudmlmsoftware.com\/pt-pt\/","name":"Cloud MLM Software","description":"","publisher":{"@id":"https:\/\/cloudmlmsoftware.com\/pt-pt\/#organization"},"potentialAction":[{"@type":"SearchAction","target":{"@type":"EntryPoint","urlTemplate":"https:\/\/cloudmlmsoftware.com\/pt-pt\/?s={search_term_string}"},"query-input":{"@type":"PropertyValueSpecification","valueRequired":true,"valueName":"search_term_string"}}],"inLanguage":"pt-PT"},{"@type":"Organization","@id":"https:\/\/cloudmlmsoftware.com\/pt-pt\/#organization","name":"Cloud MLM Software","url":"https:\/\/cloudmlmsoftware.com\/pt-pt\/","logo":{"@type":"ImageObject","inLanguage":"pt-PT","@id":"https:\/\/cloudmlmsoftware.com\/pt-pt\/#\/schema\/logo\/image\/","url":"https:\/\/cloudmlmsoftware.com\/wp-content\/uploads\/2024\/09\/cloudmlm-logo.webp","contentUrl":"https:\/\/cloudmlmsoftware.com\/wp-content\/uploads\/2024\/09\/cloudmlm-logo.webp","width":200,"height":40,"caption":"Cloud MLM Software"},"image":{"@id":"https:\/\/cloudmlmsoftware.com\/pt-pt\/#\/schema\/logo\/image\/"}}]}},"_links":{"self":[{"href":"https:\/\/cloudmlmsoftware.com\/pt-pt\/wp-json\/wp\/v2\/pages\/14072","targetHints":{"allow":["GET"]}}],"collection":[{"href":"https:\/\/cloudmlmsoftware.com\/pt-pt\/wp-json\/wp\/v2\/pages"}],"about":[{"href":"https:\/\/cloudmlmsoftware.com\/pt-pt\/wp-json\/wp\/v2\/types\/page"}],"author":[{"embeddable":true,"href":"https:\/\/cloudmlmsoftware.com\/pt-pt\/wp-json\/wp\/v2\/users\/1"}],"replies":[{"embeddable":true,"href":"https:\/\/cloudmlmsoftware.com\/pt-pt\/wp-json\/wp\/v2\/comments?post=14072"}],"version-history":[{"count":0,"href":"https:\/\/cloudmlmsoftware.com\/pt-pt\/wp-json\/wp\/v2\/pages\/14072\/revisions"}],"wp:attachment":[{"href":"https:\/\/cloudmlmsoftware.com\/pt-pt\/wp-json\/wp\/v2\/media?parent=14072"}],"curies":[{"name":"wp","href":"https:\/\/api.w.org\/{rel}","templated":true}]}}