{"id":14062,"date":"2024-05-22T13:35:48","date_gmt":"2024-05-22T13:35:48","guid":{"rendered":"https:\/\/cloudmlmsoftware.com\/sistema-multilingue\/"},"modified":"2024-11-07T12:35:29","modified_gmt":"2024-11-07T12:35:29","slug":"sistema-multi-lingual","status":"publish","type":"page","link":"https:\/\/cloudmlmsoftware.com\/pt-pt\/sistema-multi-lingual\/","title":{"rendered":"sistema multil\u00edngue"},"content":{"rendered":"\n<div class=\"bannerBgcolor BannerBg pt-16 pb-20 relative overflow-hidden\">\n        <div class=\"animation-wrapper\">\n            <div class=\"particle particle-1\"><\/div>\n            <div class=\"particle particle-2\"><\/div>\n            <div class=\"particle particle-3\"><\/div>\n            <div class=\"particle particle-4\"><\/div>\n        <\/div>\n\n        <div class=\"container mx-auto xl:h-[504px] lg:h-[450px] h-auto relative z-1\">\n            <div class=\"flex flex-wrap items-center\">\n                <div class=\"md:basis-5\/12 sm:basis-12\/12 pr-4 pr-0 py-14\">\n                    <img decoding=\"async\" src=\"\/wp-content\/uploads\/2024\/08\/Modulesbanner.webp\" width=\"467\" height=\"411\" alt=\"melhor software mlm nos EUA\" class=\"pulseBannerImg\"\/>\n                <\/div>\n                <div class=\"md:basis-7\/12 sm:basis-12\/12\">\n                    <h1 class=\"lg:text-mainTitleFontSize sm:text-3xl text-3xl text-white lg:leading-snug \">\n                        Sistema <span class=\"font-bold animate-charcter-offwhite\">Multil\u00edngue<\/span> <\/h1>\n\n                    <p class=\"offlightWhite pt-3 text-md\">Um sistema MLM multil\u00edngue permite que usu\u00e1rios de todo o mundo naveguem facilmente pelo seu sistema e gerenciem todas as atividades de MLM. O software Cloud MLM \u00e9 uma das melhores op\u00e7\u00f5es para um sistema MLM multil\u00edngue em nosso portf\u00f3lio de software.  <\/p>\n\n                <\/div>\n\n            <\/div>\n        <\/div>\n    <\/div>\n    <!-- ************************************************************************************* -->\n\n    <section class=\"p-sectionpadding\">\n        <div class=\"container mx-auto pt-20\">\n            <div class=\"flex flex-wrap flex-col-reverse md:flex-row\">\n                <div class=\"flex-1 w-full pr-0 md:pr-7 pr-0 mt-3\">\n                    <div class=\"relative\">\n\n                        <h2 class=\"text-3xl titleColor lg:leading-snug capitalize\">\n                             <span class=\"font-bold\">Desbloqueando mercados globais:<\/span> <span class=\"font-bold\">a import\u00e2ncia do software MLM multil\u00edngue<\/span> <\/h2>\n                       \n                        <p class=\"pt-6 font-light leading-6 text-textpara contentColor\">Todos sabemos que o ingl\u00eas \u00e9 considerado uma l\u00edngua universal. No entanto, ser\u00e1 esta linguagem global familiar a milh\u00f5es de pessoas em todo o mundo? A resposta \u00e9 \u201cn\u00e3o\u201d \u2013 muitas pessoas no mundo s\u00f3 conhecem as suas l\u00ednguas nativas. Como propriet\u00e1rio de uma empresa que pretende vender seu produto globalmente, voc\u00ea deve considerar isso.    <\/p>\n                        <p class=\"pt-6 font-light leading-6 text-textpara contentColor\">Hoje, o software MLM multil\u00edngue \u00e9 essencial para expandir um neg\u00f3cio MLM al\u00e9m de suas fronteiras e aumentar a popularidade da empresa. Um sistema MLM multil\u00edngue permite que usu\u00e1rios de todo o mundo naveguem facilmente em seu sistema e gerenciem todas as atividades de MLM. O software Cloud MLM \u00e9 uma das melhores op\u00e7\u00f5es dispon\u00edveis para um sistema MLM multil\u00edngue. J\u00e1 configuramos idiomas como ingl\u00eas, espanhol, franc\u00eas, italiano, portugu\u00eas e chin\u00eas e fornecemos uma se\u00e7\u00e3o separada no software para adicionar idiomas adicionais conforme suas necessidades.    <\/p>\n                    <\/div>\n                <\/div>\n                <div class=\"hidden lg:flex items-end justify-right w-[360px] primaryColor rounded-2xl pt-20 pl-10 ml-0 md:ml-10 mb-2 pb-0 overflow-hidden mt-3\">\n                    <img decoding=\"async\" src=\"\/wp-content\/uploads\/2024\/08\/modulemultilingualIntro.webp\" alt=\"Imagem\" class=\"relative right-[-10px] w-full rounded-tl-xl\"\/>\n                <\/div>\n            <\/div>\n        <\/div>\n    <\/section>\n\n    <!-- ================================================================================================ -->\n    <section class=\"p-sectionpadding\">\n        <div class=\"container mx-auto \">\n            <div class=\"relative darkblue rounded-2xl p-7 lg:p-12 py-16 overflow-hidden\">\n                <div class=\"flex flex-wrap items-center\">\n\n                    <div class=\"relative w-full lg:w-5\/12 pr-0 lg:pr-12\">\n                        <img decoding=\"async\" src=\"\/wp-content\/uploads\/2024\/08\/modulemultilingual2-1.webp\" alt=\"Imagem\" class=\"mb-4 w-full\"\/>\n                    <\/div>\n\n                    <div class=\"lg:flex-shrink-0 w-full lg:w-7\/12 \">\n                        <h3 class=\"text-3xl text-white lg:leading-snug capitalize\">\n                             <span class=\"font-bold\">Rompendo Fronteiras: <\/span> Solu\u00e7\u00f5es MLM Multil\u00edngues e Multimoedas Perfeitamente <\/h3>\n                        <p class=\"pt-6 font-light leading-6 text-textpara offWhite\">Com nosso sistema MLM multil\u00edngue, voc\u00ea pode facilmente atrair muitos usu\u00e1rios de todo o mundo e vender produtos para eles. Voc\u00ea pode estar se perguntando como ocorrem as transa\u00e7\u00f5es monet\u00e1rias. N\u00e3o se preocupe: junto com v\u00e1rios idiomas, nosso software oferece um m\u00e9todo de pagamento em v\u00e1rias moedas. Este sistema permite que usu\u00e1rios de v\u00e1rios pa\u00edses transacionem dinheiro em suas pr\u00f3prias moedas.    <\/p>\n                        \n                        <p class=\"pt-6 font-light leading-6 text-textpara offWhite\"> Assim, os propriet\u00e1rios de empresas podem vender os seus produtos globalmente e potencialmente aumentar a receita de vendas. Nosso sistema multil\u00edngue e multimoeda funciona em un\u00edssono; por exemplo, se um cliente da Espanha estiver pronto para comprar um produto da sua empresa, o idioma do painel do usu\u00e1rio muda para espanhol e a forma de pagamento muda para a moeda local simultaneamente. Al\u00e9m disso, nosso sistema multimoeda vem com integra\u00e7\u00e3o CMS.   <\/p>\n                    <\/div>\n                <\/div>\n            <\/div>\n        <\/div>\n    <\/section>\n","protected":false},"excerpt":{"rendered":"<p>Sistema Multil\u00edngue Um sistema MLM multil\u00edngue permite que usu\u00e1rios de todo o mundo naveguem facilmente pelo seu sistema e gerenciem todas as atividades de MLM. O software Cloud MLM \u00e9 uma das melhores op\u00e7\u00f5es para um sistema MLM multil\u00edngue em nosso portf\u00f3lio de software. Desbloqueando mercados globais: a import\u00e2ncia do software MLM multil\u00edngue Todos sabemos [&hellip;]<\/p>\n","protected":false},"author":1,"featured_media":0,"parent":0,"menu_order":0,"comment_status":"closed","ping_status":"closed","template":"modulemultilingualsystem-page.php","meta":{"_acf_changed":false,"footnotes":""},"class_list":["post-14062","page","type-page","status-publish","hentry"],"acf":[],"yoast_head":"<!-- This site is optimized with the Yoast SEO Premium plugin v23.6 (Yoast SEO v25.9) - https:\/\/yoast.com\/wordpress\/plugins\/seo\/ -->\n<title>Sistema Multi-Lingual para neg\u00f3cios MLM | Alcance Global Simplificado<\/title>\n<meta name=\"description\" content=\"Expande o alcance do teu neg\u00f3cio de MLM com um sistema multilingue. Suporte lingu\u00edstico sem falhas para uma melhor experi\u00eancia do utilizador e crescimento internacional.\" \/>\n<meta name=\"robots\" content=\"index, follow, max-snippet:-1, max-image-preview:large, max-video-preview:-1\" \/>\n<link rel=\"canonical\" href=\"https:\/\/cloudmlmsoftware.com\/pt-pt\/sistema-multi-lingual\/\" \/>\n<meta property=\"og:locale\" content=\"pt_PT\" \/>\n<meta property=\"og:type\" content=\"article\" \/>\n<meta property=\"og:title\" content=\"sistema multil\u00edngue\" \/>\n<meta property=\"og:description\" content=\"Expande o alcance do teu neg\u00f3cio de MLM com um sistema multilingue. Suporte lingu\u00edstico sem falhas para uma melhor experi\u00eancia do utilizador e crescimento internacional.\" \/>\n<meta property=\"og:url\" content=\"https:\/\/cloudmlmsoftware.com\/pt-pt\/sistema-multi-lingual\/\" \/>\n<meta property=\"og:site_name\" content=\"Cloud MLM Software\" \/>\n<meta property=\"article:modified_time\" content=\"2024-11-07T12:35:29+00:00\" \/>\n<meta name=\"twitter:card\" content=\"summary_large_image\" \/>\n<meta name=\"twitter:label1\" content=\"Tempo estimado de leitura\" \/>\n\t<meta name=\"twitter:data1\" content=\"2 minutos\" \/>\n<!-- \/ Yoast SEO Premium plugin. -->","yoast_head_json":{"title":"Sistema Multi-Lingual para neg\u00f3cios MLM | Alcance Global Simplificado","description":"Expande o alcance do teu neg\u00f3cio de MLM com um sistema multilingue. Suporte lingu\u00edstico sem falhas para uma melhor experi\u00eancia do utilizador e crescimento internacional.","robots":{"index":"index","follow":"follow","max-snippet":"max-snippet:-1","max-image-preview":"max-image-preview:large","max-video-preview":"max-video-preview:-1"},"canonical":"https:\/\/cloudmlmsoftware.com\/pt-pt\/sistema-multi-lingual\/","og_locale":"pt_PT","og_type":"article","og_title":"sistema multil\u00edngue","og_description":"Expande o alcance do teu neg\u00f3cio de MLM com um sistema multilingue. Suporte lingu\u00edstico sem falhas para uma melhor experi\u00eancia do utilizador e crescimento internacional.","og_url":"https:\/\/cloudmlmsoftware.com\/pt-pt\/sistema-multi-lingual\/","og_site_name":"Cloud MLM Software","article_modified_time":"2024-11-07T12:35:29+00:00","twitter_card":"summary_large_image","twitter_misc":{"Tempo estimado de leitura":"2 minutos"},"schema":{"@context":"https:\/\/schema.org","@graph":[{"@type":"WebPage","@id":"https:\/\/cloudmlmsoftware.com\/pt-pt\/sistema-multi-lingual\/","url":"https:\/\/cloudmlmsoftware.com\/pt-pt\/sistema-multi-lingual\/","name":"Sistema Multi-Lingual para neg\u00f3cios MLM | Alcance Global Simplificado","isPartOf":{"@id":"https:\/\/cloudmlmsoftware.com\/pt-pt\/#website"},"datePublished":"2024-05-22T13:35:48+00:00","dateModified":"2024-11-07T12:35:29+00:00","description":"Expande o alcance do teu neg\u00f3cio de MLM com um sistema multilingue. Suporte lingu\u00edstico sem falhas para uma melhor experi\u00eancia do utilizador e crescimento internacional.","breadcrumb":{"@id":"https:\/\/cloudmlmsoftware.com\/pt-pt\/sistema-multi-lingual\/#breadcrumb"},"inLanguage":"pt-PT","potentialAction":[{"@type":"ReadAction","target":["https:\/\/cloudmlmsoftware.com\/pt-pt\/sistema-multi-lingual\/"]}]},{"@type":"BreadcrumbList","@id":"https:\/\/cloudmlmsoftware.com\/pt-pt\/sistema-multi-lingual\/#breadcrumb","itemListElement":[{"@type":"ListItem","position":1,"name":"Home","item":"https:\/\/cloudmlmsoftware.com\/pt-pt\/"},{"@type":"ListItem","position":2,"name":"sistema multil\u00edngue"}]},{"@type":"WebSite","@id":"https:\/\/cloudmlmsoftware.com\/pt-pt\/#website","url":"https:\/\/cloudmlmsoftware.com\/pt-pt\/","name":"Cloud MLM Software","description":"","publisher":{"@id":"https:\/\/cloudmlmsoftware.com\/pt-pt\/#organization"},"potentialAction":[{"@type":"SearchAction","target":{"@type":"EntryPoint","urlTemplate":"https:\/\/cloudmlmsoftware.com\/pt-pt\/?s={search_term_string}"},"query-input":{"@type":"PropertyValueSpecification","valueRequired":true,"valueName":"search_term_string"}}],"inLanguage":"pt-PT"},{"@type":"Organization","@id":"https:\/\/cloudmlmsoftware.com\/pt-pt\/#organization","name":"Cloud MLM Software","url":"https:\/\/cloudmlmsoftware.com\/pt-pt\/","logo":{"@type":"ImageObject","inLanguage":"pt-PT","@id":"https:\/\/cloudmlmsoftware.com\/pt-pt\/#\/schema\/logo\/image\/","url":"https:\/\/cloudmlmsoftware.com\/wp-content\/uploads\/2024\/09\/cloudmlm-logo.webp","contentUrl":"https:\/\/cloudmlmsoftware.com\/wp-content\/uploads\/2024\/09\/cloudmlm-logo.webp","width":200,"height":40,"caption":"Cloud MLM Software"},"image":{"@id":"https:\/\/cloudmlmsoftware.com\/pt-pt\/#\/schema\/logo\/image\/"}}]}},"_links":{"self":[{"href":"https:\/\/cloudmlmsoftware.com\/pt-pt\/wp-json\/wp\/v2\/pages\/14062","targetHints":{"allow":["GET"]}}],"collection":[{"href":"https:\/\/cloudmlmsoftware.com\/pt-pt\/wp-json\/wp\/v2\/pages"}],"about":[{"href":"https:\/\/cloudmlmsoftware.com\/pt-pt\/wp-json\/wp\/v2\/types\/page"}],"author":[{"embeddable":true,"href":"https:\/\/cloudmlmsoftware.com\/pt-pt\/wp-json\/wp\/v2\/users\/1"}],"replies":[{"embeddable":true,"href":"https:\/\/cloudmlmsoftware.com\/pt-pt\/wp-json\/wp\/v2\/comments?post=14062"}],"version-history":[{"count":0,"href":"https:\/\/cloudmlmsoftware.com\/pt-pt\/wp-json\/wp\/v2\/pages\/14062\/revisions"}],"wp:attachment":[{"href":"https:\/\/cloudmlmsoftware.com\/pt-pt\/wp-json\/wp\/v2\/media?parent=14062"}],"curies":[{"name":"wp","href":"https:\/\/api.w.org\/{rel}","templated":true}]}}