{"id":14052,"date":"2024-05-22T13:34:29","date_gmt":"2024-05-22T13:34:29","guid":{"rendered":"https:\/\/cloudmlmsoftware.com\/documentacao-kyc\/"},"modified":"2024-11-07T12:43:06","modified_gmt":"2024-11-07T12:43:06","slug":"documentacao-kyc","status":"publish","type":"page","link":"https:\/\/cloudmlmsoftware.com\/pt-pt\/documentacao-kyc\/","title":{"rendered":"documenta\u00e7\u00e3o kyc"},"content":{"rendered":"\n<div class=\"bannerBgcolor BannerBg pt-16 pb-20 relative overflow-hidden\">\n        <div class=\"animation-wrapper\">\n            <div class=\"particle particle-1\"><\/div>\n            <div class=\"particle particle-2\"><\/div>\n            <div class=\"particle particle-3\"><\/div>\n            <div class=\"particle particle-4\"><\/div>\n        <\/div>\n\n        <div class=\"container mx-auto xl:h-[504px] lg:h-[450px] h-auto relative z-1\">\n            <div class=\"flex flex-wrap items-center\">\n                <div class=\"md:basis-5\/12 sm:basis-12\/12 pr-4 pr-0 py-14\">\n                    <img decoding=\"async\" src=\"\/wp-content\/uploads\/2024\/08\/Modulesbanner.webp\" width=\"467\" height=\"411\" alt=\"melhor software mlm nos EUA\" class=\"pulseBannerImg\"\/>\n                <\/div>\n                <div class=\"md:basis-7\/12 sm:basis-12\/12\">\n                    <h1 class=\"lg:text-mainTitleFontSize sm:text-3xl text-3xl text-white lg:leading-snug \">\n                        Documenta\u00e7\u00e3o <span class=\"font-bold animate-charcter-offwhite\">KYC<\/span> <\/h1>\n\n                    <p class=\"offlightWhite pt-3 text-md\">A documenta\u00e7\u00e3o KYC \u00e9 fornecida n\u00e3o apenas no momento de novas ades\u00f5es, mas tamb\u00e9m para atualiza\u00e7\u00e3o de contas. Atualizar as contas dos membros \u00e9 necess\u00e1rio no neg\u00f3cio de MLM porque h\u00e1 muitos membros; alguns s\u00e3o mais ativos enquanto outros s\u00e3o inativos.  <\/p>\n\n                <\/div>\n\n            <\/div>\n        <\/div>\n    <\/div>\n    <!-- ************************************************************************************* -->\n\n    <section class=\"p-sectionpadding\">\n        <div class=\"container mx-auto pt-20\">\n            <div class=\"flex flex-wrap items-start md:items-center flex-col-reverse md:flex-row\">\n                <div class=\"flex-1 w-full pr-0 md:pr-7 pr-0 mt-3\">\n                    <div class=\"relative\">\n\n                        <h2 class=\"lg:text-TitlesemiFontSize text-2xl titleColor lg:leading-snug capitalize\">\n                             <span class=\"font-bold\">Import\u00e2ncia<\/span> do <span class=\"font-bold\">KYC <\/span> nos neg\u00f3cios de MLM? <\/h2>\n                        <h3 class=\"text-lg mt-6\">Por que documenta\u00e7\u00e3o KYC em software mlm?<\/h3>\n                        <p class=\"pt-6 font-light leading-6 text-textpara contentColor\">O software inclui um m\u00f3dulo de documenta\u00e7\u00e3o KYC principalmente para evitar atividades fraudulentas no neg\u00f3cio de MLM. Dado que a maioria das atividades de MLM s\u00e3o realizadas online, alguns indiv\u00edduos podem ingressar no neg\u00f3cio usando nomes falsos e envolver-se em lavagem de dinheiro. Devido ao grande n\u00famero de clientes, \u00e9 um desafio para os propriet\u00e1rios de empresas identificar facilmente esses indiv\u00edduos fraudulentos.   <\/p>\n                        <p class=\"pt-6 font-light leading-6 text-textpara contentColor\">Isto destaca a import\u00e2ncia do software MLM no neg\u00f3cio MLM. Em nosso software MLM, fornecemos um m\u00f3dulo KYC que auxilia os empres\u00e1rios na preven\u00e7\u00e3o de atividades fraudulentas. Para a documenta\u00e7\u00e3o KYC, os clientes que ingressam no neg\u00f3cio de MLM devem enviar aos propriet\u00e1rios sua prova de identidade, como t\u00edtulo de eleitor ou carteira de motorista. Somente ap\u00f3s o envio bem-sucedido o usu\u00e1rio poder\u00e1 ingressar no neg\u00f3cio. Al\u00e9m disso, a documenta\u00e7\u00e3o KYC ajuda os propriet\u00e1rios de empresas a investigar o hist\u00f3rico de ades\u00e3o de clientes para determinar se eles t\u00eam algum encargo financeiro anterior, permitindo que os propriet\u00e1rios os atendam melhor.     <\/p>\n                    <\/div>\n                <\/div>\n                <div class=\"hidden lg:flex items-end justify-right w-[360px] primaryColor rounded-2xl pt-20 pl-10 ml-0 md:ml-10 mb-2 pb-0 overflow-hidden mt-3\">\n                    <img decoding=\"async\" src=\"\/wp-content\/uploads\/2024\/08\/modulekycIntro.svg\" alt=\"Imagem\" class=\"relative right-[-10px] w-full rounded-tl-xl\"\/>\n                <\/div>\n            <\/div>\n        <\/div>\n    <\/section>\n\n    <!-- ================================================================================================ -->\n    <section class=\"p-sectionpadding\">\n        <div class=\"container mx-auto \">\n            <div class=\"relative darkblue rounded-2xl p-7 lg:p-12 py-16 overflow-hidden\">\n                <div class=\"flex flex-wrap items-center\">\n\n                    <div class=\"relative w-full lg:w-5\/12 pr-0 lg:pr-12\">\n                        <img decoding=\"async\" src=\"\/wp-content\/uploads\/2024\/08\/modulekyc2-1.webp\" alt=\"Imagem\" class=\"mb-4 lg:mb-0 w-full\"\/>\n                    <\/div>\n\n                    <div class=\"lg:flex-shrink-0 w-full lg:w-7\/12 \">\n                        <h4 class=\"lg:text-TitlesemiFontSize text-2xl text-white lg:leading-snug capitalize\">\n                             <span class=\"font-bold\">Periodicidade<\/span> de atualiza\u00e7\u00e3o KYC <\/h4>\n                        <p class=\"pt-6 font-light leading-6 text-textpara offWhite\">A documenta\u00e7\u00e3o KYC \u00e9 exigida n\u00e3o apenas no momento de novas ades\u00f5es, mas tamb\u00e9m no momento da atualiza\u00e7\u00e3o da conta. Atualizar as contas dos membros \u00e9 essencial no neg\u00f3cio de MLM porque h\u00e1 numerosos membros; alguns s\u00e3o mais ativos, enquanto outros s\u00e3o inativos. Os propriet\u00e1rios de empresas precisam principalmente de membros ativos em seus neg\u00f3cios, por isso d\u00e3o mais prioridade a eles e atualizam seus n\u00edveis. Ao n\u00edvel da atualiza\u00e7\u00e3o, o utilizador dever\u00e1 fornecer documenta\u00e7\u00e3o KYC atualizada. Al\u00e9m disso, os membros existentes que desejam criar uma nova conta tamb\u00e9m devem fornecer documenta\u00e7\u00e3o KYC atualizada com base nas pol\u00edticas KYC mais recentes.     <\/p>\n                    <\/div>\n                <\/div>\n            <\/div>\n        <\/div>\n    <\/section>\n\n\n    <!-- ************************************************************************************* -->\n    <section class=\"p-sectionpadding\">\n        <div class=\"container mx-auto\">\n            <div class=\"flex flex-wrap flex-col-reverse md:flex-row\">\n\n                <div class=\"w-full md:w-6\/12 primaryColor rounded-2xl p-7 lg:p-10 mb-2 pb-8 md:pb-0 overflow-hidden mr-0 md:mr-5 mt-10 md:mt-3\">\n                <h4 class=\"text-2xl md:text-3xl text-white font-semibold lg:leading-snug capitalize mb-7\"> Confirma\u00e7\u00e3o de documentos KYC <\/h4>\n                <p class=\"pt-2 font-light leading-8 text-lg text-white\">Saiba que seus clientes est\u00e3o processando onde a empresa pode conhecer e verificar seus membros e clientes. Os desenvolvedores de software do entendem a import\u00e2ncia da privacidade desses documentos e do uso de dados de fontes independentes e confi\u00e1veis \u200b\u200be da seguran\u00e7a das informa\u00e7\u00f5es para manter uma melhor pol\u00edtica de privacidade. <\/p>\n            <\/div>\n\n                <div class=\"flex-1 flex flex-col items-center justify-end w-full md:w-6\/12 lighter rounded-2xl p-7 md:p-20 pb-0 md:pb-0 ml-0 md:ml-5 mb-2 pb-0 overflow-hidden mt-3\">\n                    <h4 class=\"text-xl md:text-3xl titleColor text-center font-bold lg:leading-snug capitalize mb-7\"> Conclus\u00e3o KYC <\/h4>\n                    <img decoding=\"async\" src=\"\/wp-content\/uploads\/2024\/07\/kycphoto-img.webp\" alt=\"Imagem\" class=\"w-full relative bottom-[-34px]\"\/>\n                <\/div>\n\n              \n\n            <\/div>\n        <\/div>\n    <\/section>\n","protected":false},"excerpt":{"rendered":"<p>Documenta\u00e7\u00e3o KYC A documenta\u00e7\u00e3o KYC \u00e9 fornecida n\u00e3o apenas no momento de novas ades\u00f5es, mas tamb\u00e9m para atualiza\u00e7\u00e3o de contas. Atualizar as contas dos membros \u00e9 necess\u00e1rio no neg\u00f3cio de MLM porque h\u00e1 muitos membros; alguns s\u00e3o mais ativos enquanto outros s\u00e3o inativos. Import\u00e2ncia do KYC nos neg\u00f3cios de MLM? Por que documenta\u00e7\u00e3o KYC em [&hellip;]<\/p>\n","protected":false},"author":1,"featured_media":0,"parent":0,"menu_order":0,"comment_status":"closed","ping_status":"closed","template":"modulekycdocumentation-page.php","meta":{"_acf_changed":false,"footnotes":""},"class_list":["post-14052","page","type-page","status-publish","hentry"],"acf":[],"yoast_head":"<!-- This site is optimized with the Yoast SEO Premium plugin v23.6 (Yoast SEO v25.9) - https:\/\/yoast.com\/wordpress\/plugins\/seo\/ -->\n<title>M\u00f3dulo de documenta\u00e7\u00e3o KYC seguro | Simplifique a verifica\u00e7\u00e3o<\/title>\n<meta name=\"description\" content=\"Simplifica o teu processo de verifica\u00e7\u00e3o com o nosso m\u00f3dulo de Documenta\u00e7\u00e3o KYC. Solu\u00e7\u00f5es seguras, eficientes e em conformidade para transac\u00e7\u00f5es perfeitas.\" \/>\n<meta name=\"robots\" content=\"index, follow, max-snippet:-1, max-image-preview:large, max-video-preview:-1\" \/>\n<link rel=\"canonical\" href=\"https:\/\/cloudmlmsoftware.com\/pt-pt\/documentacao-kyc\/\" \/>\n<meta property=\"og:locale\" content=\"pt_PT\" \/>\n<meta property=\"og:type\" content=\"article\" \/>\n<meta property=\"og:title\" content=\"documenta\u00e7\u00e3o kyc\" \/>\n<meta property=\"og:description\" content=\"Simplifica o teu processo de verifica\u00e7\u00e3o com o nosso m\u00f3dulo de Documenta\u00e7\u00e3o KYC. Solu\u00e7\u00f5es seguras, eficientes e em conformidade para transac\u00e7\u00f5es perfeitas.\" \/>\n<meta property=\"og:url\" content=\"https:\/\/cloudmlmsoftware.com\/pt-pt\/documentacao-kyc\/\" \/>\n<meta property=\"og:site_name\" content=\"Cloud MLM Software\" \/>\n<meta property=\"article:modified_time\" content=\"2024-11-07T12:43:06+00:00\" \/>\n<meta name=\"twitter:card\" content=\"summary_large_image\" \/>\n<meta name=\"twitter:label1\" content=\"Tempo estimado de leitura\" \/>\n\t<meta name=\"twitter:data1\" content=\"2 minutos\" \/>\n<!-- \/ Yoast SEO Premium plugin. -->","yoast_head_json":{"title":"M\u00f3dulo de documenta\u00e7\u00e3o KYC seguro | Simplifique a verifica\u00e7\u00e3o","description":"Simplifica o teu processo de verifica\u00e7\u00e3o com o nosso m\u00f3dulo de Documenta\u00e7\u00e3o KYC. Solu\u00e7\u00f5es seguras, eficientes e em conformidade para transac\u00e7\u00f5es perfeitas.","robots":{"index":"index","follow":"follow","max-snippet":"max-snippet:-1","max-image-preview":"max-image-preview:large","max-video-preview":"max-video-preview:-1"},"canonical":"https:\/\/cloudmlmsoftware.com\/pt-pt\/documentacao-kyc\/","og_locale":"pt_PT","og_type":"article","og_title":"documenta\u00e7\u00e3o kyc","og_description":"Simplifica o teu processo de verifica\u00e7\u00e3o com o nosso m\u00f3dulo de Documenta\u00e7\u00e3o KYC. Solu\u00e7\u00f5es seguras, eficientes e em conformidade para transac\u00e7\u00f5es perfeitas.","og_url":"https:\/\/cloudmlmsoftware.com\/pt-pt\/documentacao-kyc\/","og_site_name":"Cloud MLM Software","article_modified_time":"2024-11-07T12:43:06+00:00","twitter_card":"summary_large_image","twitter_misc":{"Tempo estimado de leitura":"2 minutos"},"schema":{"@context":"https:\/\/schema.org","@graph":[{"@type":"WebPage","@id":"https:\/\/cloudmlmsoftware.com\/pt-pt\/documentacao-kyc\/","url":"https:\/\/cloudmlmsoftware.com\/pt-pt\/documentacao-kyc\/","name":"M\u00f3dulo de documenta\u00e7\u00e3o KYC seguro | Simplifique a verifica\u00e7\u00e3o","isPartOf":{"@id":"https:\/\/cloudmlmsoftware.com\/pt-pt\/#website"},"datePublished":"2024-05-22T13:34:29+00:00","dateModified":"2024-11-07T12:43:06+00:00","description":"Simplifica o teu processo de verifica\u00e7\u00e3o com o nosso m\u00f3dulo de Documenta\u00e7\u00e3o KYC. Solu\u00e7\u00f5es seguras, eficientes e em conformidade para transac\u00e7\u00f5es perfeitas.","breadcrumb":{"@id":"https:\/\/cloudmlmsoftware.com\/pt-pt\/documentacao-kyc\/#breadcrumb"},"inLanguage":"pt-PT","potentialAction":[{"@type":"ReadAction","target":["https:\/\/cloudmlmsoftware.com\/pt-pt\/documentacao-kyc\/"]}]},{"@type":"BreadcrumbList","@id":"https:\/\/cloudmlmsoftware.com\/pt-pt\/documentacao-kyc\/#breadcrumb","itemListElement":[{"@type":"ListItem","position":1,"name":"Home","item":"https:\/\/cloudmlmsoftware.com\/pt-pt\/"},{"@type":"ListItem","position":2,"name":"documenta\u00e7\u00e3o kyc"}]},{"@type":"WebSite","@id":"https:\/\/cloudmlmsoftware.com\/pt-pt\/#website","url":"https:\/\/cloudmlmsoftware.com\/pt-pt\/","name":"Cloud MLM Software","description":"","publisher":{"@id":"https:\/\/cloudmlmsoftware.com\/pt-pt\/#organization"},"potentialAction":[{"@type":"SearchAction","target":{"@type":"EntryPoint","urlTemplate":"https:\/\/cloudmlmsoftware.com\/pt-pt\/?s={search_term_string}"},"query-input":{"@type":"PropertyValueSpecification","valueRequired":true,"valueName":"search_term_string"}}],"inLanguage":"pt-PT"},{"@type":"Organization","@id":"https:\/\/cloudmlmsoftware.com\/pt-pt\/#organization","name":"Cloud MLM Software","url":"https:\/\/cloudmlmsoftware.com\/pt-pt\/","logo":{"@type":"ImageObject","inLanguage":"pt-PT","@id":"https:\/\/cloudmlmsoftware.com\/pt-pt\/#\/schema\/logo\/image\/","url":"https:\/\/cloudmlmsoftware.com\/wp-content\/uploads\/2024\/09\/cloudmlm-logo.webp","contentUrl":"https:\/\/cloudmlmsoftware.com\/wp-content\/uploads\/2024\/09\/cloudmlm-logo.webp","width":200,"height":40,"caption":"Cloud MLM Software"},"image":{"@id":"https:\/\/cloudmlmsoftware.com\/pt-pt\/#\/schema\/logo\/image\/"}}]}},"_links":{"self":[{"href":"https:\/\/cloudmlmsoftware.com\/pt-pt\/wp-json\/wp\/v2\/pages\/14052","targetHints":{"allow":["GET"]}}],"collection":[{"href":"https:\/\/cloudmlmsoftware.com\/pt-pt\/wp-json\/wp\/v2\/pages"}],"about":[{"href":"https:\/\/cloudmlmsoftware.com\/pt-pt\/wp-json\/wp\/v2\/types\/page"}],"author":[{"embeddable":true,"href":"https:\/\/cloudmlmsoftware.com\/pt-pt\/wp-json\/wp\/v2\/users\/1"}],"replies":[{"embeddable":true,"href":"https:\/\/cloudmlmsoftware.com\/pt-pt\/wp-json\/wp\/v2\/comments?post=14052"}],"version-history":[{"count":0,"href":"https:\/\/cloudmlmsoftware.com\/pt-pt\/wp-json\/wp\/v2\/pages\/14052\/revisions"}],"wp:attachment":[{"href":"https:\/\/cloudmlmsoftware.com\/pt-pt\/wp-json\/wp\/v2\/media?parent=14052"}],"curies":[{"name":"wp","href":"https:\/\/api.w.org\/{rel}","templated":true}]}}