{"id":13872,"date":"2024-05-22T13:10:45","date_gmt":"2024-05-22T13:10:45","guid":{"rendered":"https:\/\/cloudmlmsoftware.com\/e-mails\/"},"modified":"2024-10-14T09:12:30","modified_gmt":"2024-10-14T09:12:30","slug":"e-mails","status":"publish","type":"page","link":"https:\/\/cloudmlmsoftware.com\/pt-pt\/e-mails\/","title":{"rendered":"e-mails"},"content":{"rendered":"\n<div class=\"bannerBgcolor BannerBg pt-16 pb-20 relative overflow-hidden\">\n        <div class=\"animation-wrapper\">\n            <div class=\"particle particle-1\"><\/div>\n            <div class=\"particle particle-2\"><\/div>\n            <div class=\"particle particle-3\"><\/div>\n            <div class=\"particle particle-4\"><\/div>\n        <\/div>\n\n        <div class=\"container mx-auto xl:h-[504px] lg:h-[450px] h-auto relative z-1\">\n            <div class=\"flex flex-wrap items-center\">\n                <div class=\"md:basis-5\/12 sm:basis-12\/12 pr-4 pr-0 py-14\">\n                    <img decoding=\"async\" src=\"\/wp-content\/uploads\/2024\/08\/Modulesbanner.webp\" width=\"467\" height=\"411\" alt=\"melhor software mlm nos EUA\" class=\"pulseBannerImg\"\/>\n                <\/div>\n                <div class=\"md:basis-7\/12 sm:basis-12\/12\">\n                    <h1 class=\"lg:text-mainTitleFontSize sm:text-3xl text-3xl text-white lg:leading-snug \">\n                        <span class=\"font-bold animate-charcter-offwhite\">E-mails <\/span>\n                    <\/h1>\n\n                    <p class=\"offlightWhite pt-3 text-md\">Os e-mails s\u00e3o um fator significativo que influencia qualquer neg\u00f3cio. Agora que nosso mundo est\u00e1 totalmente digitalizado, muitas empresas utilizam t\u00e9cnicas de email marketing para vender seus produtos e servi\u00e7os no mercado. Essa t\u00e9cnica \u00e9 altamente econ\u00f4mica porque requer apenas a coleta de alguns endere\u00e7os de e-mail comerciais de executivos e o simples envio de e-mails com o conte\u00fado do seu produto para esses endere\u00e7os.   <\/p>\n\n                <\/div>\n\n            <\/div>\n        <\/div>\n    <\/div>\n    <!-- ************************************************************************************* -->\n\n\n    <section class=\"p-sectionpadding\">\n        <div class=\"container mx-auto pt-20\">\n            <div class=\"flex flex-wrap items-start md:items-center flex-col-reverse md:flex-row\">\n                <div class=\"flex-1 w-full md:w-8\/12 pr-0 lg:pr-7 pr-0 mt-3\">\n                    <div class=\"relative\">\n\n                        <h2 class=\"lg:text-TitlesemiFontSize text-2xl titleColor lg:leading-snug capitalize\"> Os <span class=\"font-bold\">e-mails s\u00e3o importantes<\/span> para o seu neg\u00f3cio de MLM? <\/h2>\n\n\n                        \n\n                        <p class=\"pt-6 font-light leading-6 text-textpara contentColor\">Os e-mails desempenham um papel crucial nos neg\u00f3cios de MLM e seu impacto nas opera\u00e7\u00f5es comerciais pode ser significativo. Usando o software MLM, os e-mails se tornam uma ferramenta vital para comunica\u00e7\u00e3o e marketing. No software MLM, normalmente existe um m\u00f3dulo de e-mail que permite ao administrador agendar hor\u00e1rios, t\u00f3picos e configurar op\u00e7\u00f5es avan\u00e7adas em um painel de gerenciamento. Os e-mails s\u00e3o ent\u00e3o enviados automaticamente para os endere\u00e7os fornecidos em intervalos regulares.    <\/p>\n\n\n                        <p class=\"pt-5 font-light leading-6 text-textpara contentColor\">Ter um sistema de e-mail integrado ao software MLM \u00e9 uma vantagem definitiva para qualquer neg\u00f3cio. Nosso software MLM baseado em nuvem incorpora um m\u00f3dulo de e-mail de primeira linha projetado para fornecer resultados excelentes. Com nosso software MLM em nuvem, voc\u00ea pode utilizar totalmente os recursos do m\u00f3dulo de e-mail. Este m\u00f3dulo \u00e9 otimizado para velocidade e precis\u00e3o no envio de e-mails e pode ser facilmente gerenciado pelo administrador.    <\/p>\n\n                    <\/div>\n                <\/div>\n\n\n                <div class=\"hidden lg:flex items-end justify-right w-[360px] primaryColor rounded-2xl pt-20 pl-10 ml-0 md:ml-10 mb-2 pb-0 overflow-hidden mt-3\">\n                    <img decoding=\"async\" src=\"\/wp-content\/uploads\/2024\/08\/emailmodule.svg\" alt=\"Imagem\" class=\"relative right-[-10px] w-full\"\/>\n                <\/div>\n            <\/div>\n        <\/div>\n    <\/section>\n    <!-- ================================================================================================ -->\n    <section class=\"p-sectionpadding\">\n        <div class=\"container mx-auto \">\n            <div class=\"relative darkblue rounded-2xl p-7 lg:p-12 py-16 overflow-hidden\">\n                <div class=\"flex flex-wrap items-center\">\n\n                    <div class=\"relative w-full lg:w-5\/12 pr-0 lg:pr-12\">\n                        <img decoding=\"async\" src=\"\/wp-content\/uploads\/2024\/08\/moduleemail2.webp\" alt=\"Imagem\" class=\"mb-4 lg:mb-0 w-full\"\/>\n                    <\/div>\n\n                    <div class=\"lg:flex-shrink-0 w-full lg:w-7\/12 \">\n                        <h4 class=\"lg:text-TitlesemiFontSize text-2xl text-white lg:leading-snug capitalize\">\n                             <span class=\"font-bold\">Recursos do m\u00f3dulo<\/span> Email do Cloud MLM <\/h4>\n                        <ul class=\"flex flex-wrap space-x-2 mt-4 ml-[-12px] list1\">\n                            <li class=\"text-textpara text-white font-light leading-6 mb-3 ml-2\">Nosso sistema de m\u00f3dulo de e-mail ajuda a aumentar clientes em potencial e a receita das vendas de seu produto, utilizando suas pr\u00f3prias listas de marketing por e-mail. <\/li>\n                            <li class=\"text-textpara text-white font-light leading-6 mb-3 ml-2\">O sistema de m\u00f3dulo de e-mail do software Cloud MLM permite que todos os tipos de propriet\u00e1rios de empresas se conectem com seus clientes e membros a partir de qualquer dispositivo, em qualquer lugar do mundo. <\/li>\n                            <li class=\"text-textpara text-white font-light leading-6 mb-3 ml-2\">Voc\u00ea pode facilmente adicionar e remover participantes em nosso sistema de e-mail. Nosso m\u00f3dulo de e-mail oferece um servi\u00e7o de e-mail automatizado 24 horas por dia, 7 dias por semana, que consome o m\u00ednimo de mem\u00f3ria enquanto opera em segundo plano.  <\/li>\n                            <li class=\"text-textpara text-white font-light leading-6 mb-3 ml-2\"> Nosso software \u00e9 integrado a plug-ins de redes sociais, permitindo que voc\u00ea insira facilmente links de redes sociais em e-mails e aumente a confian\u00e7a em seu produto. <\/li>\n                           \n                        <\/ul>\n                    <\/div>\n                <\/div>\n            <\/div>\n        <\/div>\n    <\/section>\n","protected":false},"excerpt":{"rendered":"<p>E-mails Os e-mails s\u00e3o um fator significativo que influencia qualquer neg\u00f3cio. Agora que nosso mundo est\u00e1 totalmente digitalizado, muitas empresas utilizam t\u00e9cnicas de email marketing para vender seus produtos e servi\u00e7os no mercado. Essa t\u00e9cnica \u00e9 altamente econ\u00f4mica porque requer apenas a coleta de alguns endere\u00e7os de e-mail comerciais de executivos e o simples envio [&hellip;]<\/p>\n","protected":false},"author":1,"featured_media":0,"parent":0,"menu_order":0,"comment_status":"closed","ping_status":"closed","template":"moduleemail-page.php","meta":{"_acf_changed":false,"footnotes":""},"class_list":["post-13872","page","type-page","status-publish","hentry"],"acf":[],"yoast_head":"<!-- This site is optimized with the Yoast SEO Premium plugin v23.6 (Yoast SEO v25.9) - https:\/\/yoast.com\/wordpress\/plugins\/seo\/ -->\n<title>Sistema de e-mail para uma comunica\u00e7\u00e3o eficiente<\/title>\n<meta name=\"description\" content=\"Atualize para o nosso avan\u00e7ado sistema de e-mail para agilizar a sua comunica\u00e7\u00e3o e aumentar a produtividade.\" \/>\n<meta name=\"robots\" content=\"index, follow, max-snippet:-1, max-image-preview:large, max-video-preview:-1\" \/>\n<link rel=\"canonical\" href=\"https:\/\/cloudmlmsoftware.com\/pt-pt\/e-mails\/\" \/>\n<meta property=\"og:locale\" content=\"pt_PT\" \/>\n<meta property=\"og:type\" content=\"article\" \/>\n<meta property=\"og:title\" content=\"e-mails\" \/>\n<meta property=\"og:description\" content=\"Atualize para o nosso avan\u00e7ado sistema de e-mail para agilizar a sua comunica\u00e7\u00e3o e aumentar a produtividade.\" \/>\n<meta property=\"og:url\" content=\"https:\/\/cloudmlmsoftware.com\/pt-pt\/e-mails\/\" \/>\n<meta property=\"og:site_name\" content=\"Cloud MLM Software\" \/>\n<meta property=\"article:modified_time\" content=\"2024-10-14T09:12:30+00:00\" \/>\n<meta name=\"twitter:card\" content=\"summary_large_image\" \/>\n<meta name=\"twitter:label1\" content=\"Tempo estimado de leitura\" \/>\n\t<meta name=\"twitter:data1\" content=\"3 minutos\" \/>\n<!-- \/ Yoast SEO Premium plugin. -->","yoast_head_json":{"title":"Sistema de e-mail para uma comunica\u00e7\u00e3o eficiente","description":"Atualize para o nosso avan\u00e7ado sistema de e-mail para agilizar a sua comunica\u00e7\u00e3o e aumentar a produtividade.","robots":{"index":"index","follow":"follow","max-snippet":"max-snippet:-1","max-image-preview":"max-image-preview:large","max-video-preview":"max-video-preview:-1"},"canonical":"https:\/\/cloudmlmsoftware.com\/pt-pt\/e-mails\/","og_locale":"pt_PT","og_type":"article","og_title":"e-mails","og_description":"Atualize para o nosso avan\u00e7ado sistema de e-mail para agilizar a sua comunica\u00e7\u00e3o e aumentar a produtividade.","og_url":"https:\/\/cloudmlmsoftware.com\/pt-pt\/e-mails\/","og_site_name":"Cloud MLM Software","article_modified_time":"2024-10-14T09:12:30+00:00","twitter_card":"summary_large_image","twitter_misc":{"Tempo estimado de leitura":"3 minutos"},"schema":{"@context":"https:\/\/schema.org","@graph":[{"@type":"WebPage","@id":"https:\/\/cloudmlmsoftware.com\/pt-pt\/e-mails\/","url":"https:\/\/cloudmlmsoftware.com\/pt-pt\/e-mails\/","name":"Sistema de e-mail para uma comunica\u00e7\u00e3o eficiente","isPartOf":{"@id":"https:\/\/cloudmlmsoftware.com\/pt-pt\/#website"},"datePublished":"2024-05-22T13:10:45+00:00","dateModified":"2024-10-14T09:12:30+00:00","description":"Atualize para o nosso avan\u00e7ado sistema de e-mail para agilizar a sua comunica\u00e7\u00e3o e aumentar a produtividade.","breadcrumb":{"@id":"https:\/\/cloudmlmsoftware.com\/pt-pt\/e-mails\/#breadcrumb"},"inLanguage":"pt-PT","potentialAction":[{"@type":"ReadAction","target":["https:\/\/cloudmlmsoftware.com\/pt-pt\/e-mails\/"]}]},{"@type":"BreadcrumbList","@id":"https:\/\/cloudmlmsoftware.com\/pt-pt\/e-mails\/#breadcrumb","itemListElement":[{"@type":"ListItem","position":1,"name":"Home","item":"https:\/\/cloudmlmsoftware.com\/pt-pt\/"},{"@type":"ListItem","position":2,"name":"e-mails"}]},{"@type":"WebSite","@id":"https:\/\/cloudmlmsoftware.com\/pt-pt\/#website","url":"https:\/\/cloudmlmsoftware.com\/pt-pt\/","name":"Cloud MLM Software","description":"","publisher":{"@id":"https:\/\/cloudmlmsoftware.com\/pt-pt\/#organization"},"potentialAction":[{"@type":"SearchAction","target":{"@type":"EntryPoint","urlTemplate":"https:\/\/cloudmlmsoftware.com\/pt-pt\/?s={search_term_string}"},"query-input":{"@type":"PropertyValueSpecification","valueRequired":true,"valueName":"search_term_string"}}],"inLanguage":"pt-PT"},{"@type":"Organization","@id":"https:\/\/cloudmlmsoftware.com\/pt-pt\/#organization","name":"Cloud MLM Software","url":"https:\/\/cloudmlmsoftware.com\/pt-pt\/","logo":{"@type":"ImageObject","inLanguage":"pt-PT","@id":"https:\/\/cloudmlmsoftware.com\/pt-pt\/#\/schema\/logo\/image\/","url":"https:\/\/cloudmlmsoftware.com\/wp-content\/uploads\/2024\/09\/cloudmlm-logo.webp","contentUrl":"https:\/\/cloudmlmsoftware.com\/wp-content\/uploads\/2024\/09\/cloudmlm-logo.webp","width":200,"height":40,"caption":"Cloud MLM Software"},"image":{"@id":"https:\/\/cloudmlmsoftware.com\/pt-pt\/#\/schema\/logo\/image\/"}}]}},"_links":{"self":[{"href":"https:\/\/cloudmlmsoftware.com\/pt-pt\/wp-json\/wp\/v2\/pages\/13872","targetHints":{"allow":["GET"]}}],"collection":[{"href":"https:\/\/cloudmlmsoftware.com\/pt-pt\/wp-json\/wp\/v2\/pages"}],"about":[{"href":"https:\/\/cloudmlmsoftware.com\/pt-pt\/wp-json\/wp\/v2\/types\/page"}],"author":[{"embeddable":true,"href":"https:\/\/cloudmlmsoftware.com\/pt-pt\/wp-json\/wp\/v2\/users\/1"}],"replies":[{"embeddable":true,"href":"https:\/\/cloudmlmsoftware.com\/pt-pt\/wp-json\/wp\/v2\/comments?post=13872"}],"version-history":[{"count":0,"href":"https:\/\/cloudmlmsoftware.com\/pt-pt\/wp-json\/wp\/v2\/pages\/13872\/revisions"}],"wp:attachment":[{"href":"https:\/\/cloudmlmsoftware.com\/pt-pt\/wp-json\/wp\/v2\/media?parent=13872"}],"curies":[{"name":"wp","href":"https:\/\/api.w.org\/{rel}","templated":true}]}}