{"id":13180,"date":"2024-03-22T13:59:08","date_gmt":"2024-03-22T13:59:08","guid":{"rendered":"https:\/\/cloudmlmsoftware.com\/servicos\/desenvolvimento-web\/"},"modified":"2024-11-08T09:13:07","modified_gmt":"2024-11-08T09:13:07","slug":"desenvolvimento-web","status":"publish","type":"page","link":"https:\/\/cloudmlmsoftware.com\/pt-pt\/services\/desenvolvimento-web\/","title":{"rendered":"desenvolvimento web"},"content":{"rendered":"\n<div class=\"bannerBgcolor BannerBg pt-16 relative overflow-hidden\">\n   <div class=\"animation-wrapper\">\n      <div class=\"particle particle-1\"><\/div>\n      <div class=\"particle particle-2\"><\/div>\n      <div class=\"particle particle-3\"><\/div>\n      <div class=\"particle particle-4\"><\/div>\n   <\/div>\n   <div class=\"container mx-auto pt-2 md:h-[600px] sm:h-[400px] h-[550px] overflow-hidden relative z-1\">\n      <div class=\"flex flex-wrap items-center\">\n         <div class=\"w-full md:w-10\/12 mx-auto text-center pt-10 mb-8\">\n            <h1 class=\"lg:text-mainTitleFontSize sm:text-3xl text-3xl text-white lg:leading-snug capitalize\">\n               Desenvolvimento <span class=\"font-bold animate-charcter-offwhite\">Web<\/span>\n            <\/h1>\n            <p class=\"offWhite pt-3 text-md md:text-lg font-light md:w-11\/12 mx-auto\">Melhore a sua presen\u00e7a online com os servi\u00e7os de desenvolvimento web da Cloud MLM Software Solutions. Desenvolvemos sites responsivos, din\u00e2micos e f\u00e1ceis de usar que atendem aos objetivos do seu neg\u00f3cio, garantindo uma experi\u00eancia tranquila e envolvente para seus usu\u00e1rios.  <\/p>\n<div class=\"w-8\/12 mx-auto text-center pt-6\">\n<a href=\"https:\/\/demo.cloudmlmsoftware.com\" class=\"button primaryColor px-4 py-3 w-[132px] mx-auto rounded-md text-white md:flex text-sm md:text-md sm:block btn1\">Experimente \n uma demonstra\u00e7\u00e3o gratuita <\/a>\n<\/div>\n         <\/div>\n        <div class=\"w-full p-4 relative z-9\">\n<img fetchpriority=\"high\" decoding=\"async\" src=\"https:\/\/cloudmlmsoftware.com\/wp-content\/themes\/cloudmlmdemo\/assets\/images\/banner\/ServicesBanner.webp\" alt=\"software mlm\" width=\"900\" height=\"643\" class=\"mx-auto\"\/>\n<img decoding=\"async\" src=\"\/wp-content\/uploads\/2024\/08\/seraniImg1.webp\" alt=\"software mlm\" width=\"32\" height=\"32\" class=\"sevraniImg sevraniImg1\"\/>\n<img decoding=\"async\" src=\"\/wp-content\/uploads\/2024\/08\/seraniImg2.webp\" alt=\"software mlm\" width=\"20\" height=\"20\" class=\"sevraniImg sevraniImg2\"\/>\n<img loading=\"lazy\" decoding=\"async\" src=\"\/wp-content\/uploads\/2024\/08\/seraniImg3.webp\" alt=\"software mlm\" width=\"28\" height=\"28\" class=\"sevraniImg sevraniImg3\"\/>\n<img loading=\"lazy\" decoding=\"async\" src=\"\/wp-content\/uploads\/2024\/08\/seraniImg4.webp\" alt=\"software mlm\" width=\"24\" height=\"24\" class=\"sevraniImg sevraniImg4\"\/>\n<img loading=\"lazy\" decoding=\"async\" src=\"\/wp-content\/uploads\/2024\/08\/seraniImg5.webp\" alt=\"software mlm\" width=\"34\" height=\"34\" class=\"sevraniImg sevraniImg5\"\/>\n<img loading=\"lazy\" decoding=\"async\" src=\"\/wp-content\/uploads\/2024\/08\/seraniImg6.webp\" alt=\"software mlm\" width=\"24\" height=\"24\" class=\"sevraniImg sevraniImg6\"\/>\n<img loading=\"lazy\" decoding=\"async\" src=\"\/wp-content\/uploads\/2024\/08\/seraniImg7.webp\" alt=\"software mlm\" width=\"24\" height=\"24\" class=\"sevraniImg sevraniImg7\"\/>\n<img loading=\"lazy\" decoding=\"async\" src=\"\/wp-content\/uploads\/2024\/08\/seraniImg8.webp\" alt=\"software mlm\" width=\"24\" height=\"24\" class=\"sevraniImg sevraniImg8\"\/>\n<\/div>\n      <\/div>\n   <\/div>\n<\/div>\n<!-- ************************************************************************************* -->\n<section class=\"p-sectionpadding\">\n   <div class=\"container mx-auto mt-20\">\n      <div class=\"relative darkblue rounded-2xl p-6 md:p-12 py-10 md:py-16 overflow-hidden\">\n         <!-- Left side box -->\n         <div class=\"flex flex-wrap md:flex-row flex-col-reverse items-center\">\n            <div class=\" w-full md:w-8\/12 pb-4 pr-0 md:pr-12\">\n               <h2 class=\"md:text-TitlesemiFontSize text-xl text-white lg:leading-snug capitalize\">\n                  <span class=\"font-bold\">Transforme seu neg\u00f3cio de MLM online: \n<\/span> \n solu\u00e7\u00f5es profissionais da Web da Cloud MLM\n               <\/h2>\n               <p class=\"text-textpara offWhite font-light leading-6 py-3\">\nUm site \u00e9 crucial para um neg\u00f3cio de MLM, oferecendo uma presen\u00e7a online profissional, recrutamento simplificado e comunica\u00e7\u00e3o eficiente. Ele fornece ferramentas para monitorar o desempenho, gerenciar downlines e processar transa\u00e7\u00f5es, aumentando a credibilidade e o potencial de crescimento. \n               <\/p>\n               <p class=\"text-textpara offWhite font-light leading-6 py-3\">Software Solutions \u00e9 uma empresa que fornece sites para empresas de marketing multin\u00edvel. Oferecemos recursos e designs adaptados para atender \u00e0s necessidades espec\u00edficas das empresas de MLM. Desenvolvemos muitos sites de MLM exclusivos focados em objetivos de neg\u00f3cios, o que nos torna a melhor empresa de desenvolvimento web do mundo.  \n               <\/p>\n            <\/div>\n            <div class=\"relative w-full md:w-4\/12 bottom-0 right-0 mb-6 md:mb-0\">\n               <img decoding=\"async\" src=\"\/wp-content\/uploads\/2024\/08\/webdevservcintro.webp\" alt=\"Imagem\" class=\"w-full\"\/>\n            <\/div>\n         <\/div>\n      <\/div>\n   <\/div>\n<\/section>\n<!-- ************************** -->\n<section class=\"p-sectionpadding\">\n   <div class=\"container mx-auto\">\n      <div class=\"w-full flex flex-wrap justify-between lg:space-x-8 space-x-0\">\n         <div class=\"lg:flex-1 w-full lg:w-6\/12 primaryColor px-7 pt-12 pb-6 md:pb-[100px] rounded-xl mt-5 text-lg relative overflow-hidden flex flex-col-reverse lg:flex-col\">\n            <div class=\"mt-3\">\n               <h3 class=\"text-2xl text-white lg:leading-snug capitalize\">Recursos \n de <span class=\"font-bold\">administra\u00e7\u00e3o<\/span>\n               <\/h3>\n               <ul class=\"flex flex-wrap mt-5 list1\">\n                  <li class=\"text-textpara offWhite leading-6 mb-3 ml-2\">Gerenciar o perfil do membro<\/li>\n                  <li class=\"text-textpara offWhite leading-6 mb-3 ml-2\">\u00c1rea de login segura com acesso total <\/li>\n                  <li class=\"text-textpara offWhite leading-6 mb-3 ml-2\">Gerenciar contas <\/li>\n                  <li class=\"text-textpara offWhite leading-6 mb-3 ml-2\">Gerenciar relat\u00f3rios<\/li>\n                  <li class=\"text-textpara offWhite leading-6 mb-3 ml-2\">Enviar mensagem\/alertas<\/li>\n               <\/ul>\n            <\/div>\n            <img decoding=\"async\" src=\"\/wp-content\/uploads\/2024\/08\/directselling.webp\" alt=\"Imagem\" class=\"md:absolute bottom-0 right-0 w-[270px]\"\/>\n         <\/div>\n         <div class=\"lg:flex-1 w-full lg:w-6\/12 lighter px-7 pt-12 pb-6 md:pb-[100px] rounded-xl mt-5 text-lg relative overflow-hidden flex flex-col-reverse lg:flex-col\">\n            <div class=\"mt-3\">\n               <h3 class=\"text-2xl titleColor lg:leading-snug capitalize\">Recursos \n do <span class=\"font-bold\">usu\u00e1rio<\/span>\n               <\/h3>\n               <ul class=\"flex flex-wrap mt-5 list1\">\n                  <li class=\"text-textpara leading-6 mb-3 ml-2\">Registro on-line<\/li>\n                  <li class=\"text-textpara leading-6 mb-3 ml-2\">\u00c1rvore Geneal\u00f3gica<\/li>\n                  <li class=\"text-textpara leading-6 mb-3 ml-2\">Ver\/editar perfil de membro<\/li>\n                  <li class=\"text-textpara leading-6 mb-3 ml-2\">Status dos relat\u00f3rios on-line<\/li>\n                  <li class=\"text-textpara leading-6 mb-3 ml-2\">Encontre detalhes do incentivo<\/li>\n                  <li class=\"text-textpara leading-6 mb-3 ml-2\">Mensagens on-line<\/li>\n                  <li class=\"text-textpara leading-6 mb-3 ml-2\">Suporte T\u00e9cnico<\/li>\n               <\/ul>\n            <\/div>\n            <img decoding=\"async\" src=\"\/wp-content\/uploads\/2024\/08\/USERDB_Cloudtheme.webp\" alt=\"Imagem\" class=\"md:absolute bottom-0 right-0 w-[270px]\"\/>\n         <\/div>\n      <\/div>\n   <\/div>\n<\/section>\n<!-- ************************************************************************************* -->\n<section class=\"p-sectionpadding\">\n   <div class=\"container mx-auto\">\n      <div class=\"flex flex-wrap\">\n         <div class=\"w-full md:w-7\/12\">\n            <h3 class=\"lg:text-TitlesemiFontSize text-2xl titleColor lg:leading-snug mt-3 capitalize\">\n                <span class=\"font-bold\">Coisas a serem <\/span> revisadas ao selecionar uma \n empresa de desenvolvimento de sites\n            <\/h3>\n            <p class=\"text-textSubtitle contentColor text-lg font-semibold pt-5 leading-6 mb-3\">\n Alguns fatores que voc\u00ea precisa considerar s\u00e3o,\n            <\/p>\n         <\/div>\n         <div class=\"w-full flex flex-wrap justify-between mt-10\">\n            <div class=\"w-full flex flex-wrap justify-between lg:space-x-5 space-x-0 space-y-5 lg:space-y-0\">\n               <div class=\"flex-1 w-full lg:w-9\/12\">\n                  <div class=\"w-full flex flex-wrap justify-between lg:space-x-5 space-x-0 space-y-5 lg:space-y-0\">\n                     <div class=\"flex-1 lighter w-full lg:w-8\/12 px-12 py-12 rounded-xl text-lg flex items-center\">\n Certifique-se de que o site da sua empresa seja projetado de acordo com suas especifica\u00e7\u00f5es e para sua conveni\u00eancia. Confirme se todas as d\u00favidas foram respondidas e se a empresa de desenvolvimento de sites entende totalmente suas necessidades.  <\/div>\n                     <div class=\"lighter w-full lg:w-4\/12 px-12 py-12 rounded-xl mt-3 text-lg w-full\">\n Escolha uma empresa que esteja dentro do seu or\u00e7amento e comece a trabalhar cuidadosamente com \n seus desenvolvedores.\n                     <\/div>\n                  <\/div>\n               <\/div>\n               <div class=\"w-full darkblue lg:w-3\/12 text-white px-10 py-12 rounded-xl mt-3 text-lg w-full\">\n A experi\u00eancia \u00e9 uma vari\u00e1vel essencial a se ter em mente ao decidir por uma empresa de \n desenvolvimento web.\n               <\/div>\n            <\/div>\n            <div class=\"w-full flex flex-wrap justify-between lg:space-x-5 space-x-0\">\n               <div class=\"flex-1 w-full lg:w-9\/12 primaryColor px-7 py-12 text-white rounded-xl mt-5 text-lg w-full flex items-center\">\n Para garantir que o site da sua empresa seja projetado conforme necess\u00e1rio, sempre que \n voc\u00ea desejar. Verifique se todas as perguntas foram esclarecidas e se a empresa de desenvolvimento \n de sites entendeu o que voc\u00ea exigiu que fizessem. \n               <\/div>\n               <div class=\"w-full lg:w-3\/12 primaryColor px-8 py-12 rounded-xl mt-5 text-lg relative overflow-hidden min-h-[148px] lg:flex hidden w-full\">\n                  <img decoding=\"async\" src=\"\/wp-content\/uploads\/2024\/08\/WebsiteDevelopment3.webp\" alt=\"Imagem\" class=\"w-full\"\/>\n               <\/div>\n            <\/div>\n         <\/div>\n      <\/div>\n   <\/div>\n<\/section>\n<!-- ************************************************************************************* -->\n<section class=\"p-sectionpadding\">\n   <div class=\"container mx-auto\">\n      <div class=\"relative darklight rounded-2xl p-6 md:p-10 py-16 overflow-hidden\">\n         <!-- Left side box -->\n         <div class=\"flex flex-wrap md:flex-row flex-col-reverse items-center\">\n            <div class=\"relative hidden lg:block lg:w-4\/12 pr-0 md:pr-8\">\n               <img decoding=\"async\" src=\"\/wp-content\/uploads\/2024\/08\/webDevelopmentIntro.webp\" alt=\"Imagem\" class=\"w-full\"\/>\n            <\/div>\n            <div class=\" w-full lg:w-8\/12 pb-4\">\n               <h4 class=\"text-2xl titleColor text-white lg:leading-snug capitalize\">\n                  <span class=\"font-bold\">Desbloqueando o sucesso: <\/span> \nencontrando o parceiro de desenvolvimento de sites certo para o seu or\u00e7amento\n               <\/h4>\n               <p class=\"text-textpara offWhite font-light leading-6 py-3\">Antes de come\u00e7ar a procurar uma \n empresa provedora de servi\u00e7os de desenvolvimento de sites, voc\u00ea deve definir o or\u00e7amento que est\u00e1 \ndisposto a pagar. Certifique-se de contratar uma empresa como a Cloud MLM Software Solutions que seja excelente e\n esteja dentro do seu or\u00e7amento. Conclua sua pr\u00f3pria pesquisa e veja como os pre\u00e7os foram criados e, em seguida, estabele\u00e7a \num or\u00e7amento e passe para a pr\u00f3xima etapa.  \n               <\/p>\n               <p class=\"text-textpara offWhite font-light leading-6 pt-3\">Nossa empresa pode desenvolver v\u00e1rios \n tipos de aplicativos para o seu neg\u00f3cio e somos criativos na cria\u00e7\u00e3o de aplicativos de neg\u00f3cios. Isso inclui \n software MLM para web e Android. Desenvolvemos aplica\u00e7\u00f5es de alta qualidade utilizando as mais recentes \n tecnologias. Trabalhamos com sucesso com muitas empresas de MLM para atingir facilmente o objetivo \n acima de maneira adequada.   \n               <\/p>\n            <\/div>\n         <\/div>\n      <\/div>\n   <\/div>\n<\/section>\n<!-- ==================== ========================================================= -->\n","protected":false},"excerpt":{"rendered":"<p>Desenvolvimento Web Melhore a sua presen\u00e7a online com os servi\u00e7os de desenvolvimento web da Cloud MLM Software Solutions. Desenvolvemos sites responsivos, din\u00e2micos e f\u00e1ceis de usar que atendem aos objetivos do seu neg\u00f3cio, garantindo uma experi\u00eancia tranquila e envolvente para seus usu\u00e1rios. Experimente uma demonstra\u00e7\u00e3o gratuita Transforme seu neg\u00f3cio de MLM online: solu\u00e7\u00f5es profissionais da [&hellip;]<\/p>\n","protected":false},"author":1,"featured_media":0,"parent":8136,"menu_order":0,"comment_status":"closed","ping_status":"closed","template":"webdevelopment-page.php","meta":{"_acf_changed":false,"footnotes":""},"class_list":["post-13180","page","type-page","status-publish","hentry"],"acf":[],"yoast_head":"<!-- This site is optimized with the Yoast SEO Premium plugin v23.6 (Yoast SEO v25.9) - https:\/\/yoast.com\/wordpress\/plugins\/seo\/ -->\n<title>Servi\u00e7os de Desenvolvimento Web | Crie sites modernos e escal\u00e1veis<\/title>\n<meta name=\"description\" content=\"Servi\u00e7os de desenvolvimento web para a cria\u00e7\u00e3o de sites modernos, escal\u00e1veis \u200b\u200be responsivos. Aumente a funcionalidade e a experi\u00eancia do usu\u00e1rio.\" \/>\n<meta name=\"robots\" content=\"index, follow, max-snippet:-1, max-image-preview:large, max-video-preview:-1\" \/>\n<link rel=\"canonical\" href=\"https:\/\/cloudmlmsoftware.com\/pt-pt\/services\/desenvolvimento-web\/\" \/>\n<meta property=\"og:locale\" content=\"pt_PT\" \/>\n<meta property=\"og:type\" content=\"article\" \/>\n<meta property=\"og:title\" content=\"desenvolvimento web\" \/>\n<meta property=\"og:description\" content=\"Servi\u00e7os de desenvolvimento web para a cria\u00e7\u00e3o de sites modernos, escal\u00e1veis \u200b\u200be responsivos. Aumente a funcionalidade e a experi\u00eancia do usu\u00e1rio.\" \/>\n<meta property=\"og:url\" content=\"https:\/\/cloudmlmsoftware.com\/pt-pt\/services\/desenvolvimento-web\/\" \/>\n<meta property=\"og:site_name\" content=\"Cloud MLM Software\" \/>\n<meta property=\"article:modified_time\" content=\"2024-11-08T09:13:07+00:00\" \/>\n<meta property=\"og:image\" content=\"https:\/\/cloudmlmsoftware.com\/wp-content\/themes\/cloudmlmdemo\/assets\/images\/banner\/ServicesBanner.webp\" \/>\n<meta name=\"twitter:card\" content=\"summary_large_image\" \/>\n<meta name=\"twitter:label1\" content=\"Tempo estimado de leitura\" \/>\n\t<meta name=\"twitter:data1\" content=\"5 minutos\" \/>\n<!-- \/ Yoast SEO Premium plugin. -->","yoast_head_json":{"title":"Servi\u00e7os de Desenvolvimento Web | Crie sites modernos e escal\u00e1veis","description":"Servi\u00e7os de desenvolvimento web para a cria\u00e7\u00e3o de sites modernos, escal\u00e1veis \u200b\u200be responsivos. Aumente a funcionalidade e a experi\u00eancia do usu\u00e1rio.","robots":{"index":"index","follow":"follow","max-snippet":"max-snippet:-1","max-image-preview":"max-image-preview:large","max-video-preview":"max-video-preview:-1"},"canonical":"https:\/\/cloudmlmsoftware.com\/pt-pt\/services\/desenvolvimento-web\/","og_locale":"pt_PT","og_type":"article","og_title":"desenvolvimento web","og_description":"Servi\u00e7os de desenvolvimento web para a cria\u00e7\u00e3o de sites modernos, escal\u00e1veis \u200b\u200be responsivos. Aumente a funcionalidade e a experi\u00eancia do usu\u00e1rio.","og_url":"https:\/\/cloudmlmsoftware.com\/pt-pt\/services\/desenvolvimento-web\/","og_site_name":"Cloud MLM Software","article_modified_time":"2024-11-08T09:13:07+00:00","og_image":[{"url":"https:\/\/cloudmlmsoftware.com\/wp-content\/themes\/cloudmlmdemo\/assets\/images\/banner\/ServicesBanner.webp","type":"","width":"","height":""}],"twitter_card":"summary_large_image","twitter_misc":{"Tempo estimado de leitura":"5 minutos"},"schema":{"@context":"https:\/\/schema.org","@graph":[{"@type":"WebPage","@id":"https:\/\/cloudmlmsoftware.com\/pt-pt\/services\/desenvolvimento-web\/","url":"https:\/\/cloudmlmsoftware.com\/pt-pt\/services\/desenvolvimento-web\/","name":"Servi\u00e7os de Desenvolvimento Web | Crie sites modernos e escal\u00e1veis","isPartOf":{"@id":"https:\/\/cloudmlmsoftware.com\/pt-pt\/#website"},"primaryImageOfPage":{"@id":"https:\/\/cloudmlmsoftware.com\/pt-pt\/services\/desenvolvimento-web\/#primaryimage"},"image":{"@id":"https:\/\/cloudmlmsoftware.com\/pt-pt\/services\/desenvolvimento-web\/#primaryimage"},"thumbnailUrl":"https:\/\/cloudmlmsoftware.com\/wp-content\/themes\/cloudmlmdemo\/assets\/images\/banner\/ServicesBanner.webp","datePublished":"2024-03-22T13:59:08+00:00","dateModified":"2024-11-08T09:13:07+00:00","description":"Servi\u00e7os de desenvolvimento web para a cria\u00e7\u00e3o de sites modernos, escal\u00e1veis \u200b\u200be responsivos. Aumente a funcionalidade e a experi\u00eancia do usu\u00e1rio.","breadcrumb":{"@id":"https:\/\/cloudmlmsoftware.com\/pt-pt\/services\/desenvolvimento-web\/#breadcrumb"},"inLanguage":"pt-PT","potentialAction":[{"@type":"ReadAction","target":["https:\/\/cloudmlmsoftware.com\/pt-pt\/services\/desenvolvimento-web\/"]}]},{"@type":"ImageObject","inLanguage":"pt-PT","@id":"https:\/\/cloudmlmsoftware.com\/pt-pt\/services\/desenvolvimento-web\/#primaryimage","url":"https:\/\/cloudmlmsoftware.com\/wp-content\/themes\/cloudmlmdemo\/assets\/images\/banner\/ServicesBanner.webp","contentUrl":"https:\/\/cloudmlmsoftware.com\/wp-content\/themes\/cloudmlmdemo\/assets\/images\/banner\/ServicesBanner.webp"},{"@type":"BreadcrumbList","@id":"https:\/\/cloudmlmsoftware.com\/pt-pt\/services\/desenvolvimento-web\/#breadcrumb","itemListElement":[{"@type":"ListItem","position":1,"name":"Home","item":"https:\/\/cloudmlmsoftware.com\/pt-pt\/"},{"@type":"ListItem","position":2,"name":"Servi\u00e7os","item":"https:\/\/cloudmlmsoftware.com\/pt-pt\/services\/"},{"@type":"ListItem","position":3,"name":"desenvolvimento web"}]},{"@type":"WebSite","@id":"https:\/\/cloudmlmsoftware.com\/pt-pt\/#website","url":"https:\/\/cloudmlmsoftware.com\/pt-pt\/","name":"Cloud MLM Software","description":"","publisher":{"@id":"https:\/\/cloudmlmsoftware.com\/pt-pt\/#organization"},"potentialAction":[{"@type":"SearchAction","target":{"@type":"EntryPoint","urlTemplate":"https:\/\/cloudmlmsoftware.com\/pt-pt\/?s={search_term_string}"},"query-input":{"@type":"PropertyValueSpecification","valueRequired":true,"valueName":"search_term_string"}}],"inLanguage":"pt-PT"},{"@type":"Organization","@id":"https:\/\/cloudmlmsoftware.com\/pt-pt\/#organization","name":"Cloud MLM Software","url":"https:\/\/cloudmlmsoftware.com\/pt-pt\/","logo":{"@type":"ImageObject","inLanguage":"pt-PT","@id":"https:\/\/cloudmlmsoftware.com\/pt-pt\/#\/schema\/logo\/image\/","url":"https:\/\/cloudmlmsoftware.com\/wp-content\/uploads\/2024\/09\/cloudmlm-logo.webp","contentUrl":"https:\/\/cloudmlmsoftware.com\/wp-content\/uploads\/2024\/09\/cloudmlm-logo.webp","width":200,"height":40,"caption":"Cloud MLM Software"},"image":{"@id":"https:\/\/cloudmlmsoftware.com\/pt-pt\/#\/schema\/logo\/image\/"}}]}},"_links":{"self":[{"href":"https:\/\/cloudmlmsoftware.com\/pt-pt\/wp-json\/wp\/v2\/pages\/13180","targetHints":{"allow":["GET"]}}],"collection":[{"href":"https:\/\/cloudmlmsoftware.com\/pt-pt\/wp-json\/wp\/v2\/pages"}],"about":[{"href":"https:\/\/cloudmlmsoftware.com\/pt-pt\/wp-json\/wp\/v2\/types\/page"}],"author":[{"embeddable":true,"href":"https:\/\/cloudmlmsoftware.com\/pt-pt\/wp-json\/wp\/v2\/users\/1"}],"replies":[{"embeddable":true,"href":"https:\/\/cloudmlmsoftware.com\/pt-pt\/wp-json\/wp\/v2\/comments?post=13180"}],"version-history":[{"count":0,"href":"https:\/\/cloudmlmsoftware.com\/pt-pt\/wp-json\/wp\/v2\/pages\/13180\/revisions"}],"up":[{"embeddable":true,"href":"https:\/\/cloudmlmsoftware.com\/pt-pt\/wp-json\/wp\/v2\/pages\/8136"}],"wp:attachment":[{"href":"https:\/\/cloudmlmsoftware.com\/pt-pt\/wp-json\/wp\/v2\/media?parent=13180"}],"curies":[{"name":"wp","href":"https:\/\/api.w.org\/{rel}","templated":true}]}}