{"id":13151,"date":"2024-03-22T05:18:17","date_gmt":"2024-03-22T05:18:17","guid":{"rendered":"https:\/\/cloudmlmsoftware.com\/servicos\/desenvolvimento-magento\/"},"modified":"2024-11-08T10:27:02","modified_gmt":"2024-11-08T10:27:02","slug":"desenvolvimento-magento","status":"publish","type":"page","link":"https:\/\/cloudmlmsoftware.com\/pt-pt\/services\/desenvolvimento-magento\/","title":{"rendered":"desenvolvimento magento"},"content":{"rendered":"\n<div class=\"bannerBgcolor BannerBg pt-16 relative overflow-hidden\">\n   <div class=\"animation-wrapper\">\n      <div class=\"particle particle-1\"><\/div>\n      <div class=\"particle particle-2\"><\/div>\n      <div class=\"particle particle-3\"><\/div>\n      <div class=\"particle particle-4\"><\/div>\n   <\/div>\n   <div class=\"container mx-auto pt-2 md:h-[600px] sm:h-[400px] h-[500px] overflow-hidden relative z-1\">\n      <div class=\"flex flex-wrap items-center\">\n         <div class=\"w-full md:w-10\/12 mx-auto text-center pt-10 mb-8\">\n            <h1 class=\"lg:text-mainTitleFontSize sm:text-3xl text-3xl text-white lg:leading-snug capitalize\"> Desenvolvimento <span class=\"font-bold animate-charcter-offwhite\">Magento<\/span> <\/h1>\n            <p class=\"offWhite pt-3 text-md md:text-lg font-light md:w-11\/12 mx-auto\">Software Solutions \u00e9 uma empresa l\u00edder em desenvolvimento de Magento, onde voc\u00ea pode encontrar habilidades em Magento em n\u00edvel mestre. Fornecemos sites Magento escalon\u00e1veis \u200b\u200be de alto desempenho para o seu neg\u00f3cio. <\/p>\n<div class=\"w-8\/12 mx-auto text-center pt-6\">\n<a href=\"https:\/\/demo.cloudmlmsoftware.com\" class=\"button primaryColor px-4 py-3 w-[132px] mx-auto rounded-md text-white md:flex text-sm md:text-md sm:block btn1\">Experimente a demonstra\u00e7\u00e3o gratuita <\/a>\n<\/div>\n         <\/div>\n         <div class=\"w-full p-4 relative z-9\">\n<img fetchpriority=\"high\" decoding=\"async\" src=\"https:\/\/cloudmlmsoftware.com\/wp-content\/themes\/cloudmlmdemo\/assets\/images\/banner\/ServicesBanner.webp\" alt=\"software mlm\" width=\"900\" height=\"643\" class=\"mx-auto\"\/>\n<img decoding=\"async\" src=\"\/wp-content\/uploads\/2024\/08\/seraniImg1.webp\" alt=\"software mlm\" width=\"32\" height=\"32\" class=\"sevraniImg sevraniImg1\"\/>\n<img decoding=\"async\" src=\"\/wp-content\/uploads\/2024\/08\/seraniImg2.webp\" alt=\"software mlm\" width=\"20\" height=\"20\" class=\"sevraniImg sevraniImg2\"\/>\n<img loading=\"lazy\" decoding=\"async\" src=\"\/wp-content\/uploads\/2024\/08\/seraniImg3.webp\" alt=\"software mlm\" width=\"28\" height=\"28\" class=\"sevraniImg sevraniImg3\"\/>\n<img loading=\"lazy\" decoding=\"async\" src=\"\/wp-content\/uploads\/2024\/08\/seraniImg4.webp\" alt=\"software mlm\" width=\"24\" height=\"24\" class=\"sevraniImg sevraniImg4\"\/>\n<img loading=\"lazy\" decoding=\"async\" src=\"\/wp-content\/uploads\/2024\/08\/seraniImg5.webp\" alt=\"software mlm\" width=\"34\" height=\"34\" class=\"sevraniImg sevraniImg5\"\/>\n<img loading=\"lazy\" decoding=\"async\" src=\"\/wp-content\/uploads\/2024\/08\/seraniImg6.webp\" alt=\"software mlm\" width=\"24\" height=\"24\" class=\"sevraniImg sevraniImg6\"\/>\n<img loading=\"lazy\" decoding=\"async\" src=\"\/wp-content\/uploads\/2024\/08\/seraniImg7.webp\" alt=\"software mlm\" width=\"24\" height=\"24\" class=\"sevraniImg sevraniImg7\"\/>\n<img loading=\"lazy\" decoding=\"async\" src=\"\/wp-content\/uploads\/2024\/08\/seraniImg8.webp\" alt=\"software mlm\" width=\"24\" height=\"24\" class=\"sevraniImg sevraniImg8\"\/>\n<\/div>\n      <\/div>\n   <\/div>\n<\/div>\n<!-- ************************************************************************************* --> \n<section class=\"p-sectionpadding\">\n   <div class=\"container mx-auto pt-20\">\n      <!-- Left side box --> \n      <div class=\"flex flex-wrap lg:space-x-8\">\n         <div class=\"relative hidden lg:flex lg:flex-1 w-full lg:w-4\/12 primaryColor rounded-2xl p-12 pb-0 mb-2\"> <img decoding=\"async\" src=\"\/wp-content\/uploads\/2024\/08\/majento3.webp\" alt=\"Imagem\" class=\"absolute bottom-0 left-0 right-0 mx-auto w-[70%]\"\/> <\/div>\n         <div class=\"w-full lg:w-8\/12 lighter flex-col flex justify-center rounded-2xl overflow-hidden p-12 mb-2\">\n            <h2 class=\"md:text-TitlesemiFontSize text-2xl lg:leading-snug capitalize\">Sobre com\u00e9rcio <span class=\"font-bold\">eletr\u00f4nico Magento<\/span> <\/h2>\n            <p class=\"text-textpara font-light leading-6 py-3\">A plataforma Magento Ecommerce \u00e9 a maior e mais popular escolha de empresas de c\u00f3digo aberto de com\u00e9rcio eletr\u00f4nico do mundo, com cerca de 25% de participa\u00e7\u00e3o de mercado. \u00c9 a solu\u00e7\u00e3o certa para comerciantes online, pois oferece servi\u00e7os significativos e facilidade de uso para clientes e gerentes de loja. Com esta plataforma, voc\u00ea pode facilmente melhorar a lucratividade por meio de implementa\u00e7\u00e3o lucrativa, aumento do n\u00famero de visitantes, suporte multil\u00edngue e multinacional, e assim por diante.  <\/p>\n            <p class=\"text-textpara font-light leading-6 pb-3\">Ele est\u00e1 se desenvolvendo como um magnata na ind\u00fastria de CMS de com\u00e9rcio eletr\u00f4nico. Contamos com uma equipe de desenvolvedores Magento certificados e com anos de experi\u00eancia com especializa\u00e7\u00e3o na orienta\u00e7\u00e3o de com\u00e9rcio eletr\u00f4nico na web e por isso tamb\u00e9m apresentamos web designs Magento customizados. <\/p>\n         <\/div>\n      <\/div>\n   <\/div>\n<\/section>\n<!-- ************************** --> \n<section class=\"p-sectionpadding\">\n   <div class=\"container mx-auto\">\n      <!-- Left side box --> \n      <div class=\"flex flex-wrap items-center p-4\">\n         <div class=\" w-full md:w-6\/12 pb-4\">\n            <h3 class=\"md:text-TitlesemiFontSize text-2xl lg:leading-snug capitalize mt-4\"> Recursos do desenvolvimento <span class=\"font-bold\">Magento do Cloud MLM<\/span> <\/h3>\n            <ul class=\"flex flex-wrap space-x-2 mt-5 list1\">\n               <li class=\"text-textpara contentColor font-light leading-6 mb-3 ml-2\">Solu\u00e7\u00f5es personalizadas &#8211; Fornecemos solu\u00e7\u00f5es personalizadas com integra\u00e7\u00e3o consistente<\/li>\n               <li class=\"text-textpara contentColor font-light leading-6 mb-3 ml-2\">Flexibilidade para selecionar servi\u00e7o de hospedagem<\/li>\n               <li class=\"text-textpara contentColor font-light leading-6 mb-3 ml-2\">Suporte de rel\u00f3gio &#8211; Venda seus produtos 24 horas por dia, 7 horas<\/li>\n               <li class=\"text-textpara contentColor font-light leading-6 mb-3 ml-2\">M\u00f3dulos sob medida<\/li>\n               <li class=\"text-textpara contentColor font-light leading-6 mb-3 ml-2\">Compras seguras &#8211; Oferecemos compras altamente seguras e protegidas<\/li>\n               <li class=\"text-textpara contentColor font-light leading-6 mb-3 ml-2\">Baixas taxas de opera\u00e7\u00e3o<\/li>\n               <li class=\"text-textpara contentColor font-light leading-6 mb-3 ml-2\">Etiqueta de pre\u00e7o -Buscamos etiquetas de pre\u00e7os competitivas <\/li>\n               <li class=\"text-textpara contentColor font-light leading-6 mb-3 ml-2\">Comunidade Ativa <\/li>\n            <\/ul>\n         <\/div>\n         <div class=\"w-full md:w-6\/12 pl-0 md:pl-16 mt-4\"> <img decoding=\"async\" src=\"\/wp-content\/uploads\/2024\/08\/majentoApi.webp\" alt=\"Imagem\" class=\"w-full\"\/> <\/div>\n      <\/div>\n   <\/div>\n<\/section>\n<!-- ************************** --> \n<section class=\"p-sectionpadding\">\n   <div class=\"container mx-auto\">\n      <div class=\"relative darklight rounded-2xl p-12 md:p-12 py-16 overflow-hidden\">\n         <!-- Left side box --> \n         <div class=\"flex flex-wrap items-center mt-4\">\n            <div class=\"relative w-full md:w-3\/12 left-0 md:left-[-50px]\"> <img decoding=\"async\" src=\"\/wp-content\/uploads\/2024\/08\/cloud-magento.webp\" alt=\"Imagem\" class=\"w-full\"\/> <\/div>\n            <div class=\" w-full md:w-9\/12 pb-4 mt-4\">\n               <h3 class=\"md:text-TitlesemiFontSize text-2xl text-white lg:leading-snug capitalize\">O que \u00e9 <span class=\"font-bold\">desenvolvimento Magento?<\/span>  <\/h3>\n               <p class=\"text-textpara font-light leading-6 offWhite py-3\">Software Solutions \u00e9 especialista em trabalhar na \u00e1rea de design e desenvolvimento de Magento. Magento oferece muitos benef\u00edcios: solu\u00e7\u00f5es de com\u00e9rcio eletr\u00f4nico personaliz\u00e1veis \u200b\u200b\u200b\u200be escalon\u00e1veis, recursos robustos de SEO, extenso mercado de plug-ins e extens\u00f5es, design compat\u00edvel com dispositivos m\u00f3veis, ferramentas de marketing poderosas, gerenciamento de v\u00e1rias lojas e forte suporte da comunidade.  <\/p>\n            <\/div>\n         <\/div>\n      <\/div>\n   <\/div>\n<\/section>\n<!-- ************************** --> \n<section class=\"p-sectionpadding\">\n   <div class=\"container mx-auto\">\n      <div class=\"flex flex-wrap\">\n         <div class=\"w-full md:w-6\/12\">\n            <h3 class=\"lg:text-TitlesemiFontSize text-2xl titleColor lg:leading-snug mt-3\"> Alguns dos <span class=\"font-bold\">benef\u00edcios<\/span>  <\/h3>\n            <p class=\"text-textSubtitle contentColor text-sm font-light pt-5 leading-6 mb-3\"> Magento permite que voc\u00ea jogue suas cartas da maneira certa. Ele fornece uma cole\u00e7\u00e3o de recursos flex\u00edveis e milhares de extens\u00f5es que podem ser utilizadas para moldar uma solu\u00e7\u00e3o, perfeita para suas necessidades de com\u00e9rcio eletr\u00f4nico.  <\/p>\n         <\/div>\n         <div class=\"w-full flex flex-wrap pt-2 justify-between\">\n            <div class=\"magentotBgDark px-16 py-16 rounded-xl mt-3 w-full lg:w-1\/3 lg:my-4 my-0 lg:mt-[27px] relative overflow-hidden\">\n               <img decoding=\"async\" src=\"\/wp-content\/uploads\/2024\/07\/magentologolight.webp\"\/> \n               <p class=\"text-white text-3xl mt-4\">Rico em recursos e poderoso<\/p>\n               <img decoding=\"async\" src=\"\/wp-content\/uploads\/2024\/07\/magentolightIcon.webp\" class=\"absolute bottom-[-20px] right-[-40px]\"\/> \n            <\/div>\n            <div class=\"w-full lg:w-1\/3 px-0 lg:px-4 lg:py-4 py-0 flex flex-col justify-between pl-0 lg:pl-8\">\n               <div class=\"lighter px-8 py-10 rounded-xl mt-3 text-lg text-center\"> Com nossa equipe de desenvolvedores Magento profissional e aprovada, cada site \u00e9 totalmente otimizado para persist\u00eancia e efic\u00e1cia. <\/div>\n               <div class=\"lighter px-10 py-12 rounded-xl mt-3 text-lg text-center\"> Protegemos as lojas online dos nossos clientes Magento com monitoramento cont\u00ednuo e melhorias no site. Desde a integra\u00e7\u00e3o de novos recursos at\u00e9 invasores de sites, oferecemos prote\u00e7\u00e3o imediata.  <\/div>\n            <\/div>\n            <div class=\"w-full lg:w-1\/3 px-0 lg:px-4 lg:py-4 py-0 flex flex-col justify-between\">\n               <div class=\"lighter px-10 py-12 rounded-xl mt-3 text-lg text-center\"> Servi\u00e7os como gerenciamento de cat\u00e1logo e com\u00e9rcio m\u00f3vel ajudam a ampliar sua base de clientes, enquanto ferramentas de marketing e an\u00e1lise ajudam a verificar o que funciona e o que n\u00e3o funciona. <\/div>\n               <div class=\"lighter px-10 py-[55px] rounded-xl mt-3 text-lg text-center mt-8\"> Nossos desenvolvedores Magento certificados criam extens\u00f5es confi\u00e1veis \u200b\u200bque aumentam a produtividade e a receita. <\/div>\n            <\/div>\n         <\/div>\n      <\/div>\n   <\/div>\n<\/section>\n<!-- ************************************************************************************* --> \n<section class=\"p-sectionpadding\">\n   <div class=\"container mx-auto\">\n      <div class=\"flex flex-wrap items-center\">\n         <div class=\"w-full darkblue py-12 px-3 lg:px-12 rounded-2xl\">\n            <div class=\"relative z-10 pl-6 lg:pl-0\">\n               <div class=\"text-left lg:text-center\">\n                  <h3 class=\"text-white text-3xl lg:leading-snug capitalize mb-5 w-full lg:w-4\/12 mx-auto\"> Servi\u00e7os de <span class=\"font-bold\">desenvolvimento Magento<\/span> <\/h3>\n                  <p class=\"text-white mb-6 w-full lg:w-8\/12 mx-auto font-light\">Nossa equipe de desenvolvedores possui habilidades completas no desenvolvimento de lojas de com\u00e9rcio eletr\u00f4nico atualizadas e de grande escala que atendem \u00e0s necessidades do seu neg\u00f3cio. Se voc\u00ea quiser nos escolher para o seu projeto, verifique nossos servi\u00e7os relacionados ao Magento: <\/p>\n               <\/div>\n               <div class=\"flex flex-wrap mt-16 w-full md:w-10\/12 mx-auto\">\n                  <div class=\"w-full md:w-1\/2 font-light\">\n                     <ul class=\"flex flex-wrap space-x-2 list1 \">\n                        <li class=\"text-textpara offWhite font-light leading-6 mb-3 ml-2\">Design de com\u00e9rcio eletr\u00f4nico Magento<\/li>\n                        <li class=\"text-textpara offWhite font-light leading-6 mb-3 ml-2\">Personaliza\u00e7\u00e3o Magento<\/li>\n                        <li class=\"text-textpara offWhite font-light leading-6 mb-3 ml-2\">Desenvolvimento de com\u00e9rcio eletr\u00f4nico Magento<\/li>\n                        <li class=\"text-textpara offWhite font-light leading-6 mb-3 ml-2\">Desenvolvimento de tema Magento<\/li>\n                        <li class=\"text-textpara offWhite font-light leading-6 mb-3 ml-2\">Desenvolvimento de vitrine Magento personalizada<\/li>\n                        <li class=\"text-textpara offWhite font-light leading-6 mb-3 ml-2\">Desenvolvimento de sites Magento<\/li>\n                     <\/ul>\n                  <\/div>\n                  <div class=\"w-full md:w-1\/2 font-light\">\n                     <ul class=\"flex flex-wrap space-x-2 list1\">\n                        <li class=\"text-textpara offWhite font-light leading-6 mb-3 ml-2\">Servi\u00e7os de design de temas Magento personalizados<\/li>\n                        <li class=\"text-textpara offWhite font-light leading-6 mb-3 ml-2\">Integra\u00e7\u00e3o com gateway de pagamento Magento<\/li>\n                        <li class=\"text-textpara offWhite font-light leading-6 mb-3 ml-2\">Marketing de com\u00e9rcio eletr\u00f4nico Magento e servi\u00e7os de otimiza\u00e7\u00e3o<\/li>\n                        <li class=\"text-textpara offWhite font-light leading-6 mb-3 ml-2\">Integra\u00e7\u00e3o de m\u00e9todos de envio Magento<\/li>\n                        <li class=\"text-textpara offWhite font-light leading-6 mb-3 ml-2\">Servi\u00e7os de esfola Magento<\/li>\n                     <\/ul>\n                  <\/div>\n               <\/div>\n            <\/div>\n         <\/div>\n      <\/div>\n   <\/div>\n<\/section>\n<!-- ************************************************************************************* --> \n<section class=\"p-sectionpadding\">\n   <div class=\"container mx-auto\">\n      <div class=\"relative lighter rounded-2xl p-6 md:p-12 py-16 overflow-hidden\">\n         <!-- Left side box --> \n         <div class=\"flex flex-wrap md:flex-row flex-col-reverse\">\n            <div class=\" w-full md:w-9\/12 pb-4\">\n               <h4 class=\"md:text-TitlesemiFontSize text-2xl lg:leading-snug capitalize\"> Efici\u00eancia no desenvolvimento de sites <span class=\"font-bold\">Magento<\/span> <\/h4>\n               <p class=\"text-textpara font-light leading-6 py-3\">Hoje, Magento se tornou o primeiro nome em design e desenvolvimento de sites de com\u00e9rcio eletr\u00f4nico. A Cloud MLM Software Solutions \u00e9 uma empresa eficiente de desenvolvimento de sites Magento. Fornecemos uma plataforma espec\u00edfica para servi\u00e7os de desenvolvimento Magento, integrando recursos para garantir a melhor presen\u00e7a comercial no dom\u00ednio da web. Notar\u00edamos os modelos mais destacados e lucrativos de desenvolvimento Magento para o desenvolvimento do seu com\u00e9rcio eletr\u00f4nico.    <\/p>\n            <\/div>\n            <div class=\"relative w-full md:w-3\/12 bottom-0 right-0 mb-6 md:mb-0 pl-0 md:pl-12\"> <img decoding=\"async\" src=\"\/wp-content\/uploads\/2024\/08\/majento4.webp\" alt=\"Imagem\" class=\"w-full\"\/> <\/div>\n         <\/div>\n      <\/div>\n   <\/div>\n<\/section>\n","protected":false},"excerpt":{"rendered":"<p>Desenvolvimento Magento Software Solutions \u00e9 uma empresa l\u00edder em desenvolvimento de Magento, onde voc\u00ea pode encontrar habilidades em Magento em n\u00edvel mestre. Fornecemos sites Magento escalon\u00e1veis \u200b\u200be de alto desempenho para o seu neg\u00f3cio. Experimente a demonstra\u00e7\u00e3o gratuita Sobre com\u00e9rcio eletr\u00f4nico Magento A plataforma Magento Ecommerce \u00e9 a maior e mais popular escolha de empresas [&hellip;]<\/p>\n","protected":false},"author":1,"featured_media":0,"parent":8136,"menu_order":0,"comment_status":"closed","ping_status":"closed","template":"magento-page.php","meta":{"_acf_changed":false,"footnotes":""},"class_list":["post-13151","page","type-page","status-publish","hentry"],"acf":[],"yoast_head":"<!-- This site is optimized with the Yoast SEO Premium plugin v23.6 (Yoast SEO v25.9) - https:\/\/yoast.com\/wordpress\/plugins\/seo\/ -->\n<title>Servi\u00e7os de desenvolvimento Magento | Crie sites robustos de com\u00e9rcio eletr\u00f4nico<\/title>\n<meta name=\"description\" content=\"Servi\u00e7os de desenvolvimento Magento que oferecem solu\u00e7\u00f5es de loja online ricas em recursos, seguras e f\u00e1ceis de usar para todos os seus requisitos de com\u00e9rcio eletr\u00f4nico.\" \/>\n<meta name=\"robots\" content=\"index, follow, max-snippet:-1, max-image-preview:large, max-video-preview:-1\" \/>\n<link rel=\"canonical\" href=\"https:\/\/cloudmlmsoftware.com\/pt-pt\/services\/desenvolvimento-magento\/\" \/>\n<meta property=\"og:locale\" content=\"pt_PT\" \/>\n<meta property=\"og:type\" content=\"article\" \/>\n<meta property=\"og:title\" content=\"desenvolvimento magento\" \/>\n<meta property=\"og:description\" content=\"Servi\u00e7os de desenvolvimento Magento que oferecem solu\u00e7\u00f5es de loja online ricas em recursos, seguras e f\u00e1ceis de usar para todos os seus requisitos de com\u00e9rcio eletr\u00f4nico.\" \/>\n<meta property=\"og:url\" content=\"https:\/\/cloudmlmsoftware.com\/pt-pt\/services\/desenvolvimento-magento\/\" \/>\n<meta property=\"og:site_name\" content=\"Cloud MLM Software\" \/>\n<meta property=\"article:modified_time\" content=\"2024-11-08T10:27:02+00:00\" \/>\n<meta property=\"og:image\" content=\"https:\/\/cloudmlmsoftware.com\/wp-content\/themes\/cloudmlmdemo\/assets\/images\/banner\/ServicesBanner.webp\" \/>\n<meta name=\"twitter:card\" content=\"summary_large_image\" \/>\n<meta name=\"twitter:label1\" content=\"Tempo estimado de leitura\" \/>\n\t<meta name=\"twitter:data1\" content=\"3 minutos\" \/>\n<!-- \/ Yoast SEO Premium plugin. -->","yoast_head_json":{"title":"Servi\u00e7os de desenvolvimento Magento | Crie sites robustos de com\u00e9rcio eletr\u00f4nico","description":"Servi\u00e7os de desenvolvimento Magento que oferecem solu\u00e7\u00f5es de loja online ricas em recursos, seguras e f\u00e1ceis de usar para todos os seus requisitos de com\u00e9rcio eletr\u00f4nico.","robots":{"index":"index","follow":"follow","max-snippet":"max-snippet:-1","max-image-preview":"max-image-preview:large","max-video-preview":"max-video-preview:-1"},"canonical":"https:\/\/cloudmlmsoftware.com\/pt-pt\/services\/desenvolvimento-magento\/","og_locale":"pt_PT","og_type":"article","og_title":"desenvolvimento magento","og_description":"Servi\u00e7os de desenvolvimento Magento que oferecem solu\u00e7\u00f5es de loja online ricas em recursos, seguras e f\u00e1ceis de usar para todos os seus requisitos de com\u00e9rcio eletr\u00f4nico.","og_url":"https:\/\/cloudmlmsoftware.com\/pt-pt\/services\/desenvolvimento-magento\/","og_site_name":"Cloud MLM Software","article_modified_time":"2024-11-08T10:27:02+00:00","og_image":[{"url":"https:\/\/cloudmlmsoftware.com\/wp-content\/themes\/cloudmlmdemo\/assets\/images\/banner\/ServicesBanner.webp","type":"","width":"","height":""}],"twitter_card":"summary_large_image","twitter_misc":{"Tempo estimado de leitura":"3 minutos"},"schema":{"@context":"https:\/\/schema.org","@graph":[{"@type":"WebPage","@id":"https:\/\/cloudmlmsoftware.com\/pt-pt\/services\/desenvolvimento-magento\/","url":"https:\/\/cloudmlmsoftware.com\/pt-pt\/services\/desenvolvimento-magento\/","name":"Servi\u00e7os de desenvolvimento Magento | Crie sites robustos de com\u00e9rcio eletr\u00f4nico","isPartOf":{"@id":"https:\/\/cloudmlmsoftware.com\/pt-pt\/#website"},"primaryImageOfPage":{"@id":"https:\/\/cloudmlmsoftware.com\/pt-pt\/services\/desenvolvimento-magento\/#primaryimage"},"image":{"@id":"https:\/\/cloudmlmsoftware.com\/pt-pt\/services\/desenvolvimento-magento\/#primaryimage"},"thumbnailUrl":"https:\/\/cloudmlmsoftware.com\/wp-content\/themes\/cloudmlmdemo\/assets\/images\/banner\/ServicesBanner.webp","datePublished":"2024-03-22T05:18:17+00:00","dateModified":"2024-11-08T10:27:02+00:00","description":"Servi\u00e7os de desenvolvimento Magento que oferecem solu\u00e7\u00f5es de loja online ricas em recursos, seguras e f\u00e1ceis de usar para todos os seus requisitos de com\u00e9rcio eletr\u00f4nico.","breadcrumb":{"@id":"https:\/\/cloudmlmsoftware.com\/pt-pt\/services\/desenvolvimento-magento\/#breadcrumb"},"inLanguage":"pt-PT","potentialAction":[{"@type":"ReadAction","target":["https:\/\/cloudmlmsoftware.com\/pt-pt\/services\/desenvolvimento-magento\/"]}]},{"@type":"ImageObject","inLanguage":"pt-PT","@id":"https:\/\/cloudmlmsoftware.com\/pt-pt\/services\/desenvolvimento-magento\/#primaryimage","url":"https:\/\/cloudmlmsoftware.com\/wp-content\/themes\/cloudmlmdemo\/assets\/images\/banner\/ServicesBanner.webp","contentUrl":"https:\/\/cloudmlmsoftware.com\/wp-content\/themes\/cloudmlmdemo\/assets\/images\/banner\/ServicesBanner.webp"},{"@type":"BreadcrumbList","@id":"https:\/\/cloudmlmsoftware.com\/pt-pt\/services\/desenvolvimento-magento\/#breadcrumb","itemListElement":[{"@type":"ListItem","position":1,"name":"Home","item":"https:\/\/cloudmlmsoftware.com\/pt-pt\/"},{"@type":"ListItem","position":2,"name":"Servi\u00e7os","item":"https:\/\/cloudmlmsoftware.com\/pt-pt\/services\/"},{"@type":"ListItem","position":3,"name":"desenvolvimento magento"}]},{"@type":"WebSite","@id":"https:\/\/cloudmlmsoftware.com\/pt-pt\/#website","url":"https:\/\/cloudmlmsoftware.com\/pt-pt\/","name":"Cloud MLM Software","description":"","publisher":{"@id":"https:\/\/cloudmlmsoftware.com\/pt-pt\/#organization"},"potentialAction":[{"@type":"SearchAction","target":{"@type":"EntryPoint","urlTemplate":"https:\/\/cloudmlmsoftware.com\/pt-pt\/?s={search_term_string}"},"query-input":{"@type":"PropertyValueSpecification","valueRequired":true,"valueName":"search_term_string"}}],"inLanguage":"pt-PT"},{"@type":"Organization","@id":"https:\/\/cloudmlmsoftware.com\/pt-pt\/#organization","name":"Cloud MLM Software","url":"https:\/\/cloudmlmsoftware.com\/pt-pt\/","logo":{"@type":"ImageObject","inLanguage":"pt-PT","@id":"https:\/\/cloudmlmsoftware.com\/pt-pt\/#\/schema\/logo\/image\/","url":"https:\/\/cloudmlmsoftware.com\/wp-content\/uploads\/2024\/09\/cloudmlm-logo.webp","contentUrl":"https:\/\/cloudmlmsoftware.com\/wp-content\/uploads\/2024\/09\/cloudmlm-logo.webp","width":200,"height":40,"caption":"Cloud MLM Software"},"image":{"@id":"https:\/\/cloudmlmsoftware.com\/pt-pt\/#\/schema\/logo\/image\/"}}]}},"_links":{"self":[{"href":"https:\/\/cloudmlmsoftware.com\/pt-pt\/wp-json\/wp\/v2\/pages\/13151","targetHints":{"allow":["GET"]}}],"collection":[{"href":"https:\/\/cloudmlmsoftware.com\/pt-pt\/wp-json\/wp\/v2\/pages"}],"about":[{"href":"https:\/\/cloudmlmsoftware.com\/pt-pt\/wp-json\/wp\/v2\/types\/page"}],"author":[{"embeddable":true,"href":"https:\/\/cloudmlmsoftware.com\/pt-pt\/wp-json\/wp\/v2\/users\/1"}],"replies":[{"embeddable":true,"href":"https:\/\/cloudmlmsoftware.com\/pt-pt\/wp-json\/wp\/v2\/comments?post=13151"}],"version-history":[{"count":0,"href":"https:\/\/cloudmlmsoftware.com\/pt-pt\/wp-json\/wp\/v2\/pages\/13151\/revisions"}],"up":[{"embeddable":true,"href":"https:\/\/cloudmlmsoftware.com\/pt-pt\/wp-json\/wp\/v2\/pages\/8136"}],"wp:attachment":[{"href":"https:\/\/cloudmlmsoftware.com\/pt-pt\/wp-json\/wp\/v2\/media?parent=13151"}],"curies":[{"name":"wp","href":"https:\/\/api.w.org\/{rel}","templated":true}]}}