{"id":13127,"date":"2024-03-21T14:08:07","date_gmt":"2024-03-21T14:08:07","guid":{"rendered":"https:\/\/cloudmlmsoftware.com\/servicos\/desenvolvimento-opencart\/"},"modified":"2024-11-08T09:58:43","modified_gmt":"2024-11-08T09:58:43","slug":"desenvolvimento-de-opencart","status":"publish","type":"page","link":"https:\/\/cloudmlmsoftware.com\/pt-pt\/services\/desenvolvimento-de-opencart\/","title":{"rendered":"desenvolvimento opencart"},"content":{"rendered":"\n<div class=\"bannerBgcolor BannerBg pt-16 relative overflow-hidden\">\n   <div class=\"animation-wrapper\">\n      <div class=\"particle particle-1\"><\/div>\n      <div class=\"particle particle-2\"><\/div>\n      <div class=\"particle particle-3\"><\/div>\n      <div class=\"particle particle-4\"><\/div>\n   <\/div>\n   <div class=\"container mx-auto pt-2 md:h-[600px] sm:h-[400px] h-[550px] overflow-hidden relative z-1\">\n      <div class=\"flex flex-wrap items-center\">\n         <div class=\"w-full md:w-10\/12 mx-auto text-center pt-10 mb-8\">\n            <h1 class=\"lg:text-mainTitleFontSize sm:text-3xl text-3xl text-white lg:leading-snug capitalize\"> Desenvolvimento <span class=\"font-bold animate-charcter-offwhite\">Opencart<\/span> <\/h1>\n            <p class=\"offWhite pt-3 text-md md:text-lg font-light md:w-11\/12 mx-auto\">fornece servi\u00e7os de desenvolvimento Opencart inteligentes para ajud\u00e1-lo a realizar tarefas de neg\u00f3cios abrangentes de maneira f\u00e1cil e eficaz, melhorar o desempenho de sua loja, aumentar sua percep\u00e7\u00e3o do fluxo de neg\u00f3cios e, finalmente, melhor satisfazer as necessidades dos seus clientes.<\/p>\n<div class=\"w-8\/12 mx-auto text-center pt-6\">\n<a href=\"https:\/\/demo.cloudmlmsoftware.com\" class=\"button primaryColor px-4 py-3 w-[132px] mx-auto rounded-md text-white md:flex text-sm md:text-md sm:block btn1\">Experimente a demonstra\u00e7\u00e3o gratuita <\/a>\n<\/div>\n         <\/div>\n        <div class=\"w-full p-4 relative z-9\">\n<img fetchpriority=\"high\" decoding=\"async\" src=\"https:\/\/cloudmlmsoftware.com\/wp-content\/themes\/cloudmlmdemo\/assets\/images\/banner\/ServicesBanner.webp\" alt=\"software mlm\" width=\"900\" height=\"643\" class=\"mx-auto\"\/>\n<img decoding=\"async\" src=\"\/wp-content\/uploads\/2024\/08\/seraniImg1.webp\" alt=\"software mlm\" width=\"32\" height=\"32\" class=\"sevraniImg sevraniImg1\"\/>\n<img decoding=\"async\" src=\"\/wp-content\/uploads\/2024\/08\/seraniImg2.webp\" alt=\"software mlm\" width=\"20\" height=\"20\" class=\"sevraniImg sevraniImg2\"\/>\n<img loading=\"lazy\" decoding=\"async\" src=\"\/wp-content\/uploads\/2024\/08\/seraniImg3.webp\" alt=\"software mlm\" width=\"28\" height=\"28\" class=\"sevraniImg sevraniImg3\"\/>\n<img loading=\"lazy\" decoding=\"async\" src=\"\/wp-content\/uploads\/2024\/08\/seraniImg4.webp\" alt=\"software mlm\" width=\"24\" height=\"24\" class=\"sevraniImg sevraniImg4\"\/>\n<img loading=\"lazy\" decoding=\"async\" src=\"\/wp-content\/uploads\/2024\/08\/seraniImg5.webp\" alt=\"software mlm\" width=\"34\" height=\"34\" class=\"sevraniImg sevraniImg5\"\/>\n<img loading=\"lazy\" decoding=\"async\" src=\"\/wp-content\/uploads\/2024\/08\/seraniImg6.webp\" alt=\"software mlm\" width=\"24\" height=\"24\" class=\"sevraniImg sevraniImg6\"\/>\n<img loading=\"lazy\" decoding=\"async\" src=\"\/wp-content\/uploads\/2024\/08\/seraniImg7.webp\" alt=\"software mlm\" width=\"24\" height=\"24\" class=\"sevraniImg sevraniImg7\"\/>\n<img loading=\"lazy\" decoding=\"async\" src=\"\/wp-content\/uploads\/2024\/08\/seraniImg8.webp\" alt=\"software mlm\" width=\"24\" height=\"24\" class=\"sevraniImg sevraniImg8\"\/>\n<\/div>\n      <\/div>\n   <\/div>\n<\/div>\n<!-- ************************************************************************************* --> \n<section class=\"p-sectionpadding\">\n   <div class=\"container mx-auto mt-20\">\n      <div class=\"relative darklight rounded-2xl p-6 md:p-12 py-16 overflow-hidden\">\n         <!-- Left side box --> \n         <div class=\"flex flex-wrap md:flex-row flex-col-reverse\">\n            <div class=\"w-full md:w-9\/12 pb-4 md:pr-12 pr-0\">\n               <h2 class=\"md:text-TitlesemiFontSize text-2xl text-white lg:leading-snug capitalize\">O que \u00e9 <span class=\"font-bold\">Opencart?<\/span> <\/h2>\n               <p class=\"text-textpara font-light leading-6 offWhite py-3\">Opencart \u00e9 uma solu\u00e7\u00e3o din\u00e2mica de carrinho de compras de c\u00f3digo aberto que vem com recursos avan\u00e7ados. \u00c9 f\u00e1cil de usar, amig\u00e1vel aos mecanismos de pesquisa e vem com uma interface visualmente atraente. Esta solu\u00e7\u00e3o de com\u00e9rcio eletr\u00f4nico ajuda os vendedores online a criar seu pr\u00f3prio neg\u00f3cio online e atuar no com\u00e9rcio eletr\u00f4nico de maneira econ\u00f4mica.  <\/p>\n               <p class=\"text-textpara font-light leading-6 offWhite pb-3\">fornece servi\u00e7os de desenvolvimento Opencart inteligentes para ajud\u00e1-lo a realizar tarefas de neg\u00f3cios abrangentes de maneira f\u00e1cil e eficaz, melhorar o desempenho de sua loja, aumentar sua percep\u00e7\u00e3o do fluxo de neg\u00f3cios e, finalmente, melhorar satisfazer as necessidades dos seus clientes.<\/p>\n            <\/div>\n            <div class=\"relative w-full md:w-3\/12 bottom-0 right-0 mb-6 md:mb-0\"> <img decoding=\"async\" src=\"\/wp-content\/uploads\/2024\/08\/opencartservice.webp\" alt=\"Imagem\" class=\"w-full\"\/> <\/div>\n         <\/div>\n      <\/div>\n   <\/div>\n<\/section>\n<!-- ************************** --> \n<section class=\"p-sectionpadding\">\n   <div class=\"container mx-auto\">\n      <!-- Left side box --> \n      <div class=\"flex flex-wrap items-center\">\n         <div class=\"w-full md:w-6\/12 pr-0 md:pr-16 mt-4\"> <img decoding=\"async\" src=\"\/wp-content\/uploads\/2024\/08\/opencar-innerpage.webp\" alt=\"Imagem\" class=\"w-full\"\/> <\/div>\n         <div class=\" w-full md:w-6\/12 pb-4\">\n            <h2 class=\"md:text-TitlesemiFontSize text-2xl lg:leading-snug capitalize mt-4\">  <span class=\"font-bold\">Servi\u00e7os de desenvolvimento Opencart <\/span> que oferecemos <\/h2>\n            <ul class=\"flex flex-wrap space-x-2 mt-2 list1\">\n               <li class=\"text-textpara contentColor font-light leading-6 mb-3 ml-2\">Design personalizado, desenvolvimento e integra\u00e7\u00e3o<\/li>\n               <li class=\"text-textpara contentColor font-light leading-6 mb-3 ml-2\">Personaliza\u00e7\u00e3o \/ instala\u00e7\u00e3o do Opencart<\/li>\n               <li class=\"text-textpara contentColor font-light leading-6 mb-3 ml-2\">Desenvolvimento de loja de com\u00e9rcio eletr\u00f4nico personalizada<\/li>\n               <li class=\"text-textpara contentColor font-light leading-6 mb-3 ml-2\">Design e desenvolvimento de tema adapt\u00e1vel Opencart<\/li>\n               <li class=\"text-textpara contentColor font-light leading-6 mb-3 ml-2\">Servi\u00e7os de suporte e manuten\u00e7\u00e3o<\/li>\n               <li class=\"text-textpara contentColor font-light leading-6 mb-3 ml-2\">Integra\u00e7\u00e3o de gateway de pagamento<\/li>\n               <li class=\"text-textpara contentColor font-light leading-6 mb-3 ml-2\">Desenvolvimento e customiza\u00e7\u00e3o do m\u00f3dulo Opencart <\/li>\n            <\/ul>\n         <\/div>\n      <\/div>\n   <\/div>\n<\/section>\n<!-- ************************** --> \n<section class=\"p-sectionpadding\">\n   <div class=\"container mx-auto\">\n      <div class=\"relative darklight rounded-2xl p-6 md:p-12 py-16 overflow-hidden\">\n         <!-- Left side box --> \n         <div class=\"flex flex-wrap items-center mt-4\">\n            <div class=\"relative w-full md:w-3\/12\"> <img decoding=\"async\" src=\"\/wp-content\/uploads\/2024\/08\/opencart4.webp\" alt=\"Imagem\" class=\"w-full\"\/> <\/div>\n            <div class=\" w-full md:w-9\/12 pb-4 mt-4 pl-0 md:pl-12\">\n               <h2 class=\"md:text-TitlesemiFontSize text-2xl text-white lg:leading-snug capitalize\">Como os <span class=\"font-bold\">servi\u00e7os de desenvolvimento Opencart<\/span> ajudam seu neg\u00f3cio de com\u00e9rcio eletr\u00f4nico? <\/h2>\n               <p class=\"text-textpara font-light leading-6 offWhite py-3\">Hoje, existem v\u00e1rias solu\u00e7\u00f5es de carrinho de compras dispon\u00edveis na ind\u00fastria de marketing online. Entre eles, o software de carrinho de compras de com\u00e9rcio eletr\u00f4nico Opencart \u00e9, na verdade, a ferramenta mais acess\u00edvel. Al\u00e9m de fornecer uma interface simples de usar, mas visualmente atraente para portais de com\u00e9rcio eletr\u00f4nico, oferece quase tudo para transformar um site de com\u00e9rcio eletr\u00f4nico simples em um site que atraia vendas.  <\/p>\n               <p class=\"text-textpara font-light leading-6 offWhite pb-3\">Existe a possibilidade de um patrocinador usar software MLM e trazer um n\u00famero ilimitado de refer\u00eancias. Isso tamb\u00e9m pode contribuir muito para o seu sucesso. <\/p>\n            <\/div>\n         <\/div>\n      <\/div>\n   <\/div>\n<\/section>\n<!-- ************************** --> \n<section class=\"p-sectionpadding\">\n   <div class=\"container mx-auto\">\n      <div class=\"flex flex-wrap\">\n         <div class=\"w-full md:w-6\/12\">\n            <h2 class=\"lg:text-TitlesemiFontSize text-2xl titleColor lg:leading-snug mt-3\"> Alguns dos <span class=\"font-bold\">benef\u00edcios<\/span>  <\/h2>\n         <\/div>\n         <div class=\"w-full flex flex-wrap pt-2 justify-between\">\n            <div class=\"opencartBgDark px-10 py-16 rounded-xl mt-3 w-full lg:w-1\/3 lg:my-4 my-0 lg:mt-[27px] relative overflow-hidden\">\n               <img decoding=\"async\" src=\"\/wp-content\/uploads\/2024\/07\/opencartLogolight.webp\"\/> \n               <p class=\"text-white text-2xl mt-4\"><\/p>\n               <img decoding=\"async\" src=\"\/wp-content\/uploads\/2024\/07\/opencartlightIcon.webp\" class=\"absolute bottom-[-20px] right-[-40px]\"\/> \n            <\/div>\n            <div class=\"w-full lg:w-1\/3 px-0 lg:px-4 lg:py-4 py-0 flex flex-col justify-between pl-0 lg:pl-8\">\n               <div class=\"lighter px-8 py-12 rounded-xl mt-3 text-lg text-center\"> Produtos e tipos abrangentes, op\u00e7\u00f5es em v\u00e1rios idiomas e moedas, backup e restaura\u00e7\u00e3o de emerg\u00eancia <\/div>\n               <div class=\"lighter px-10 py-[60px] rounded-xl mt-3 text-lg text-center\"> Modelos atraentes acess\u00edveis para Opencart. <\/div>\n            <\/div>\n            <div class=\"w-full lg:w-1\/3 px-0 lg:px-4 lg:py-4 py-0 flex flex-col justify-between\">\n               <div class=\"lighter px-7 py-12 rounded-xl mt-3 text-lg text-center\"> Otimizado para SEO devido a recursos intr\u00ednsecos, como rotulagem personalizada, URLs baseados em produtos e tipos autorizados <\/div>\n               <div class=\"lighter px-10 py-12 rounded-xl mt-3 text-lg text-center mt-7\"> Suporte ilimitado aplic\u00e1vel via comunidade permite ajuda regular para atualiza\u00e7\u00f5es, relat\u00f3rios de bugs, integra\u00e7\u00e3o e suporte conceitual. <\/div>\n            <\/div>\n         <\/div>\n      <\/div>\n   <\/div>\n<\/section>\n<!-- ************************************************************************************* --> \n<section class=\"p-sectionpadding\">\n   <div class=\"container mx-auto\">\n      <div class=\"flex flex-wrap items-center\">\n         <div class=\"w-full darkblue py-12 px-3 lg:px-12 rounded-2xl\">\n            <div class=\"relative z-10 pl-6 lg:pl-0\">\n               <div class=\"text-left lg:text-center\">\n                  <h3 class=\"text-white text-3xl lg:leading-snug capitalize mb-5 w-full md:w-4\/12 mx-auto\"> Por que <span class=\"font-bold\">Cloud MLM<\/span> para desenvolvimento de <span class=\"font-bold\">carrinho aberto?<\/span> <\/h3>\n                  <p class=\"text-white mb-6 w-full lg:w-6\/12 mx-auto font-light\">Nossa equipe de desenvolvimento Opencart \u00e9 formada com profundo conhecimento nas seguintes habilidades e tecnologias principais<\/p>\n               <\/div>\n               <div class=\"flex flex-wrap mt-16 w-full md:w-10\/12 mx-auto\">\n                  <div class=\"w-full md:w-1\/2 font-light\">\n                     <ul class=\"flex flex-wrap space-x-2 mt-2 list1 lg:pr-6 pr-0\">\n                        <li class=\"text-textpara offWhite font-light leading-6 mb-3 ml-2\">Temos habilidade completa em PHP, MySQL, SQL Server, . Net, AJAX, HTML\/CSS, D HTML, XML e java Script.<\/li>\n                        <li class=\"text-textpara offWhite font-light leading-6 mb-3 ml-2\">Somos baseados no cliente e somos conhecidos pela distribui\u00e7\u00e3o oportuna<\/li>\n                        <li class=\"text-textpara offWhite font-light leading-6 mb-3 ml-2\">Equipe bem capaz e profissional de desenvolvedores Opencart.<\/li>\n                        <li class=\"text-textpara offWhite font-light leading-6 mb-3 ml-2\">Solu\u00e7\u00f5es Opencart personalizadas oferecem projetos de grande e pequena escala<\/li>\n                        <li class=\"text-textpara offWhite font-light leading-6 mb-3 ml-2\">Suporte ao cliente 24 horas por dia, 7 dias por semana<\/li>\n                     <\/ul>\n                  <\/div>\n                  <div class=\"w-full md:w-1\/2 font-light\">\n                     <ul class=\"flex flex-wrap space-x-2 mt-2 list1\">\n                        <li class=\"text-textpara offWhite font-light leading-6 mb-3 ml-2\">Comunica\u00e7\u00e3o Consistente<\/li>\n                        <li class=\"text-textpara offWhite font-light leading-6 mb-3 ml-2\">Gerenciamos voc\u00ea protegido para todo o espectro de servi\u00e7os de desenvolvimento Opencart<\/li>\n                        <li class=\"text-textpara offWhite font-light leading-6 mb-3 ml-2\">Oferecemos pre\u00e7os modestos<\/li>\n                        <li class=\"text-textpara offWhite font-light leading-6 mb-3 ml-2\">Integra\u00e7\u00e3o de gateway de pagamento<\/li>\n                        <li class=\"text-textpara offWhite font-light leading-6 mb-3 ml-2\">100% de satisfa\u00e7\u00e3o do cliente<\/li>\n                     <\/ul>\n                  <\/div>\n               <\/div>\n            <\/div>\n         <\/div>\n      <\/div>\n   <\/div>\n<\/section>\n<!-- ************************************************************************************* --> \n<section class=\"p-sectionpadding\">\n   <div class=\"container mx-auto mt-8\">\n      <!-- Left side box --> \n      <div class=\"flex flex-wrap lg:space-x-8\">\n         <div class=\"lg:flex-1 w-full lg:w-4\/12 primaryColor rounded-2xl p-12 pb-0 mb-2\">\n            <h4 class=\"text-3xl text-white lg:leading-snug capitalize\"><span class=\"font-bold\">Compet\u00eancias do como<\/span> uma empresa de <span class=\"font-bold\">desenvolvimento Opencart<\/span> <\/h4>\n            <img decoding=\"async\" src=\"\/wp-content\/uploads\/2024\/08\/opencart3.webp\" alt=\"Imagem\" class=\"w-full mt-4 rounded-t-lg\"\/> \n         <\/div>\n         <div class=\"w-full lg:w-8\/12 lighter flex-col flex justify-center rounded-2xl overflow-hidden p-12 mb-2\">\n            <h4 class=\"text-3xl titleColor lg:leading-snug capitalize\"> <span class=\"font-bold\">Com Opencart,<\/span> podemos <\/h4>\n            <ul class=\"mt-6 lg:pr-6 pr-0\">\n               <li class=\"text-textpara offWhite leading-6 mb-3 flex items-start space-x-2\">\n                  <div class=\"primaryColor p-1 rounded-lg flex items-center justify-center w-8 h-8\"> <img decoding=\"async\" src=\"\/wp-content\/uploads\/2024\/07\/Develop-and-integrate.webp\" width=\"20\" height=\"20\" alt=\"software mlm\"\/> <\/div>\n                  <span class=\"titleColor\">Desenvolva e integre um novo tema personalizado para sua loja online<\/span> \n               <\/li>\n               <li class=\"text-textpara offWhite leading-6 mb-3 flex items-start space-x-2\">\n                  <div class=\"primaryColor p-1 rounded-lg flex items-center justify-center w-8 h-8\"> <img decoding=\"async\" src=\"\/wp-content\/uploads\/2024\/07\/Change-default-modules.webp\" width=\"20\" height=\"20\" alt=\"software mlm\"\/> <\/div>\n                  <span class=\"titleColor\">Altere os m\u00f3dulos padr\u00e3o de acordo com suas necessidades.<\/span> \n               <\/li>\n               <li class=\"text-textpara offWhite leading-6 mb-3 flex items-start space-x-2\">\n                  <div class=\"primaryColor p-1 rounded-lg flex items-center justify-center w-8 h-8\"> <img decoding=\"async\" src=\"\/wp-content\/uploads\/2024\/07\/Create-extra.webp\" width=\"20\" height=\"20\" alt=\"software mlm\"\/> <\/div>\n                  <span class=\"titleColor\">Crie m\u00f3dulos e desenvolvimentos personalizados extras que atendam \u00e0s suas necessidades.<\/span> \n               <\/li>\n               <li class=\"text-textpara offWhite leading-6 mb-3 flex items-start space-x-2\">\n                  <div class=\"primaryColor p-1 rounded-lg flex items-center justify-center w-8 h-8\"> <img decoding=\"async\" src=\"\/wp-content\/uploads\/2024\/07\/Debug.webp\" width=\"20\" height=\"20\" alt=\"software mlm\"\/> <\/div>\n                  <span class=\"titleColor\">Depure seu Opencart atual.<\/span> \n               <\/li>\n               <li class=\"text-textpara offWhite leading-6 mb-3 flex items-start space-x-2\">\n                  <div class=\"primaryColor p-1 rounded-lg flex items-center justify-center w-8 h-8\"> <img decoding=\"async\" src=\"\/wp-content\/uploads\/2024\/07\/Test-your-store.webp\" width=\"20\" height=\"20\" alt=\"software mlm\"\/> <\/div>\n                  <span class=\"titleColor\">Teste a capacidade de estresse da sua loja<\/span> \n               <\/li>\n            <\/ul>\n         <\/div>\n      <\/div>\n   <\/div>\n<\/section>\n","protected":false},"excerpt":{"rendered":"<p>Desenvolvimento Opencart fornece servi\u00e7os de desenvolvimento Opencart inteligentes para ajud\u00e1-lo a realizar tarefas de neg\u00f3cios abrangentes de maneira f\u00e1cil e eficaz, melhorar o desempenho de sua loja, aumentar sua percep\u00e7\u00e3o do fluxo de neg\u00f3cios e, finalmente, melhor satisfazer as necessidades dos seus clientes. Experimente a demonstra\u00e7\u00e3o gratuita O que \u00e9 Opencart? Opencart \u00e9 uma solu\u00e7\u00e3o [&hellip;]<\/p>\n","protected":false},"author":1,"featured_media":0,"parent":8136,"menu_order":0,"comment_status":"closed","ping_status":"closed","template":"opencart-page.php","meta":{"_acf_changed":false,"footnotes":""},"class_list":["post-13127","page","type-page","status-publish","hentry"],"acf":[],"yoast_head":"<!-- This site is optimized with the Yoast SEO Premium plugin v23.6 (Yoast SEO v25.9) - https:\/\/yoast.com\/wordpress\/plugins\/seo\/ -->\n<title>Servi\u00e7os de desenvolvimento Opencart | Crie lojas online poderosas<\/title>\n<meta name=\"description\" content=\"Servi\u00e7os de desenvolvimento Opencart para criar lojas online poderosas e personaliz\u00e1veis. Melhore a funcionalidade e a experi\u00eancia do usu\u00e1rio com solu\u00e7\u00f5es especializadas.\" \/>\n<meta name=\"robots\" content=\"index, follow, max-snippet:-1, max-image-preview:large, max-video-preview:-1\" \/>\n<link rel=\"canonical\" href=\"https:\/\/cloudmlmsoftware.com\/pt-pt\/services\/desenvolvimento-de-opencart\/\" \/>\n<meta property=\"og:locale\" content=\"pt_PT\" \/>\n<meta property=\"og:type\" content=\"article\" \/>\n<meta property=\"og:title\" content=\"desenvolvimento opencart\" \/>\n<meta property=\"og:description\" content=\"Servi\u00e7os de desenvolvimento Opencart para criar lojas online poderosas e personaliz\u00e1veis. Melhore a funcionalidade e a experi\u00eancia do usu\u00e1rio com solu\u00e7\u00f5es especializadas.\" \/>\n<meta property=\"og:url\" content=\"https:\/\/cloudmlmsoftware.com\/pt-pt\/services\/desenvolvimento-de-opencart\/\" \/>\n<meta property=\"og:site_name\" content=\"Cloud MLM Software\" \/>\n<meta property=\"article:modified_time\" content=\"2024-11-08T09:58:43+00:00\" \/>\n<meta property=\"og:image\" content=\"https:\/\/cloudmlmsoftware.com\/wp-content\/themes\/cloudmlmdemo\/assets\/images\/banner\/ServicesBanner.webp\" \/>\n<meta name=\"twitter:card\" content=\"summary_large_image\" \/>\n<meta name=\"twitter:label1\" content=\"Tempo estimado de leitura\" \/>\n\t<meta name=\"twitter:data1\" content=\"3 minutos\" \/>\n<!-- \/ Yoast SEO Premium plugin. -->","yoast_head_json":{"title":"Servi\u00e7os de desenvolvimento Opencart | Crie lojas online poderosas","description":"Servi\u00e7os de desenvolvimento Opencart para criar lojas online poderosas e personaliz\u00e1veis. Melhore a funcionalidade e a experi\u00eancia do usu\u00e1rio com solu\u00e7\u00f5es especializadas.","robots":{"index":"index","follow":"follow","max-snippet":"max-snippet:-1","max-image-preview":"max-image-preview:large","max-video-preview":"max-video-preview:-1"},"canonical":"https:\/\/cloudmlmsoftware.com\/pt-pt\/services\/desenvolvimento-de-opencart\/","og_locale":"pt_PT","og_type":"article","og_title":"desenvolvimento opencart","og_description":"Servi\u00e7os de desenvolvimento Opencart para criar lojas online poderosas e personaliz\u00e1veis. Melhore a funcionalidade e a experi\u00eancia do usu\u00e1rio com solu\u00e7\u00f5es especializadas.","og_url":"https:\/\/cloudmlmsoftware.com\/pt-pt\/services\/desenvolvimento-de-opencart\/","og_site_name":"Cloud MLM Software","article_modified_time":"2024-11-08T09:58:43+00:00","og_image":[{"url":"https:\/\/cloudmlmsoftware.com\/wp-content\/themes\/cloudmlmdemo\/assets\/images\/banner\/ServicesBanner.webp","type":"","width":"","height":""}],"twitter_card":"summary_large_image","twitter_misc":{"Tempo estimado de leitura":"3 minutos"},"schema":{"@context":"https:\/\/schema.org","@graph":[{"@type":"WebPage","@id":"https:\/\/cloudmlmsoftware.com\/pt-pt\/services\/desenvolvimento-de-opencart\/","url":"https:\/\/cloudmlmsoftware.com\/pt-pt\/services\/desenvolvimento-de-opencart\/","name":"Servi\u00e7os de desenvolvimento Opencart | Crie lojas online poderosas","isPartOf":{"@id":"https:\/\/cloudmlmsoftware.com\/pt-pt\/#website"},"primaryImageOfPage":{"@id":"https:\/\/cloudmlmsoftware.com\/pt-pt\/services\/desenvolvimento-de-opencart\/#primaryimage"},"image":{"@id":"https:\/\/cloudmlmsoftware.com\/pt-pt\/services\/desenvolvimento-de-opencart\/#primaryimage"},"thumbnailUrl":"https:\/\/cloudmlmsoftware.com\/wp-content\/themes\/cloudmlmdemo\/assets\/images\/banner\/ServicesBanner.webp","datePublished":"2024-03-21T14:08:07+00:00","dateModified":"2024-11-08T09:58:43+00:00","description":"Servi\u00e7os de desenvolvimento Opencart para criar lojas online poderosas e personaliz\u00e1veis. Melhore a funcionalidade e a experi\u00eancia do usu\u00e1rio com solu\u00e7\u00f5es especializadas.","breadcrumb":{"@id":"https:\/\/cloudmlmsoftware.com\/pt-pt\/services\/desenvolvimento-de-opencart\/#breadcrumb"},"inLanguage":"pt-PT","potentialAction":[{"@type":"ReadAction","target":["https:\/\/cloudmlmsoftware.com\/pt-pt\/services\/desenvolvimento-de-opencart\/"]}]},{"@type":"ImageObject","inLanguage":"pt-PT","@id":"https:\/\/cloudmlmsoftware.com\/pt-pt\/services\/desenvolvimento-de-opencart\/#primaryimage","url":"https:\/\/cloudmlmsoftware.com\/wp-content\/themes\/cloudmlmdemo\/assets\/images\/banner\/ServicesBanner.webp","contentUrl":"https:\/\/cloudmlmsoftware.com\/wp-content\/themes\/cloudmlmdemo\/assets\/images\/banner\/ServicesBanner.webp"},{"@type":"BreadcrumbList","@id":"https:\/\/cloudmlmsoftware.com\/pt-pt\/services\/desenvolvimento-de-opencart\/#breadcrumb","itemListElement":[{"@type":"ListItem","position":1,"name":"Home","item":"https:\/\/cloudmlmsoftware.com\/pt-pt\/"},{"@type":"ListItem","position":2,"name":"Servi\u00e7os","item":"https:\/\/cloudmlmsoftware.com\/pt-pt\/services\/"},{"@type":"ListItem","position":3,"name":"desenvolvimento opencart"}]},{"@type":"WebSite","@id":"https:\/\/cloudmlmsoftware.com\/pt-pt\/#website","url":"https:\/\/cloudmlmsoftware.com\/pt-pt\/","name":"Cloud MLM Software","description":"","publisher":{"@id":"https:\/\/cloudmlmsoftware.com\/pt-pt\/#organization"},"potentialAction":[{"@type":"SearchAction","target":{"@type":"EntryPoint","urlTemplate":"https:\/\/cloudmlmsoftware.com\/pt-pt\/?s={search_term_string}"},"query-input":{"@type":"PropertyValueSpecification","valueRequired":true,"valueName":"search_term_string"}}],"inLanguage":"pt-PT"},{"@type":"Organization","@id":"https:\/\/cloudmlmsoftware.com\/pt-pt\/#organization","name":"Cloud MLM Software","url":"https:\/\/cloudmlmsoftware.com\/pt-pt\/","logo":{"@type":"ImageObject","inLanguage":"pt-PT","@id":"https:\/\/cloudmlmsoftware.com\/pt-pt\/#\/schema\/logo\/image\/","url":"https:\/\/cloudmlmsoftware.com\/wp-content\/uploads\/2024\/09\/cloudmlm-logo.webp","contentUrl":"https:\/\/cloudmlmsoftware.com\/wp-content\/uploads\/2024\/09\/cloudmlm-logo.webp","width":200,"height":40,"caption":"Cloud MLM Software"},"image":{"@id":"https:\/\/cloudmlmsoftware.com\/pt-pt\/#\/schema\/logo\/image\/"}}]}},"_links":{"self":[{"href":"https:\/\/cloudmlmsoftware.com\/pt-pt\/wp-json\/wp\/v2\/pages\/13127","targetHints":{"allow":["GET"]}}],"collection":[{"href":"https:\/\/cloudmlmsoftware.com\/pt-pt\/wp-json\/wp\/v2\/pages"}],"about":[{"href":"https:\/\/cloudmlmsoftware.com\/pt-pt\/wp-json\/wp\/v2\/types\/page"}],"author":[{"embeddable":true,"href":"https:\/\/cloudmlmsoftware.com\/pt-pt\/wp-json\/wp\/v2\/users\/1"}],"replies":[{"embeddable":true,"href":"https:\/\/cloudmlmsoftware.com\/pt-pt\/wp-json\/wp\/v2\/comments?post=13127"}],"version-history":[{"count":0,"href":"https:\/\/cloudmlmsoftware.com\/pt-pt\/wp-json\/wp\/v2\/pages\/13127\/revisions"}],"up":[{"embeddable":true,"href":"https:\/\/cloudmlmsoftware.com\/pt-pt\/wp-json\/wp\/v2\/pages\/8136"}],"wp:attachment":[{"href":"https:\/\/cloudmlmsoftware.com\/pt-pt\/wp-json\/wp\/v2\/media?parent=13127"}],"curies":[{"name":"wp","href":"https:\/\/api.w.org\/{rel}","templated":true}]}}