{"id":13091,"date":"2024-03-21T13:51:56","date_gmt":"2024-03-21T13:51:56","guid":{"rendered":"https:\/\/cloudmlmsoftware.com\/servicos\/integracao-de-comercio-eletronico\/"},"modified":"2024-11-08T09:50:16","modified_gmt":"2024-11-08T09:50:16","slug":"integracao-de-comercio-eletronico","status":"publish","type":"page","link":"https:\/\/cloudmlmsoftware.com\/pt-pt\/services\/integracao-de-comercio-eletronico\/","title":{"rendered":"integra\u00e7\u00e3o de com\u00e9rcio eletr\u00f4nico"},"content":{"rendered":"\n<div class=\"bannerBgcolor BannerBg pt-16 relative overflow-hidden\">\n   <div class=\"animation-wrapper\">\n      <div class=\"particle particle-1\"><\/div>\n      <div class=\"particle particle-2\"><\/div>\n      <div class=\"particle particle-3\"><\/div>\n      <div class=\"particle particle-4\"><\/div>\n   <\/div>\n   <div class=\"container mx-auto pt-2 md:h-[600px] sm:h-[400px] h-[500px] overflow-hidden relative z-1\">\n      <div class=\"flex flex-wrap items-center\">\n         <div class=\"w-full md:w-10\/12 mx-auto text-center pt-10 mb-8\">\n            <h1 class=\"lg:text-mainTitleFontSize sm:text-3xl text-3xl text-white lg:leading-snug capitalize\"> Integra\u00e7\u00e3o <span class=\"font-bold animate-charcter-offwhite\">de com\u00e9rcio eletr\u00f4nico<\/span> <\/h1>\n            <p class=\"offWhite pt-3 text-md md:text-lg font-light md:w-11\/12 mx-auto\">O software vem com m\u00f3dulos principais para fazer integra\u00e7\u00e3o com v\u00e1rias solu\u00e7\u00f5es de com\u00e9rcio eletr\u00f4nico. Temos uma equipe de especialistas designada para integrar e-commerce com software MLM. <\/p>\n<div class=\"w-8\/12 mx-auto text-center pt-6\">\n<a href=\"https:\/\/demo.cloudmlmsoftware.com\" class=\"button primaryColor px-4 py-3 w-[132px] mx-auto rounded-md text-white md:flex text-sm md:text-md sm:block btn1\">Experimente \n uma demonstra\u00e7\u00e3o gratuita <\/a>\n<\/div>\n         <\/div>\n         <div class=\"w-full p-4 relative z-9\">\n<img fetchpriority=\"high\" decoding=\"async\" src=\"https:\/\/cloudmlmsoftware.com\/wp-content\/themes\/cloudmlmdemo\/assets\/images\/banner\/ServicesBanner.webp\" alt=\"software mlm\" width=\"900\" height=\"643\" class=\"mx-auto\"\/>\n<img decoding=\"async\" src=\"\/wp-content\/uploads\/2024\/08\/seraniImg1.webp\" alt=\"software mlm\" width=\"32\" height=\"32\" class=\"sevraniImg sevraniImg1\"\/>\n<img decoding=\"async\" src=\"\/wp-content\/uploads\/2024\/08\/seraniImg2.webp\" alt=\"software mlm\" width=\"20\" height=\"20\" class=\"sevraniImg sevraniImg2\"\/>\n<img loading=\"lazy\" decoding=\"async\" src=\"\/wp-content\/uploads\/2024\/08\/seraniImg3.webp\" alt=\"software mlm\" width=\"28\" height=\"28\" class=\"sevraniImg sevraniImg3\"\/>\n<img loading=\"lazy\" decoding=\"async\" src=\"\/wp-content\/uploads\/2024\/08\/seraniImg4.webp\" alt=\"software mlm\" width=\"24\" height=\"24\" class=\"sevraniImg sevraniImg4\"\/>\n<img loading=\"lazy\" decoding=\"async\" src=\"\/wp-content\/uploads\/2024\/08\/seraniImg5.webp\" alt=\"software mlm\" width=\"34\" height=\"34\" class=\"sevraniImg sevraniImg5\"\/>\n<img loading=\"lazy\" decoding=\"async\" src=\"\/wp-content\/uploads\/2024\/08\/seraniImg6.webp\" alt=\"software mlm\" width=\"24\" height=\"24\" class=\"sevraniImg sevraniImg6\"\/>\n<img loading=\"lazy\" decoding=\"async\" src=\"\/wp-content\/uploads\/2024\/08\/seraniImg7.webp\" alt=\"software mlm\" width=\"24\" height=\"24\" class=\"sevraniImg sevraniImg7\"\/>\n<img loading=\"lazy\" decoding=\"async\" src=\"\/wp-content\/uploads\/2024\/08\/seraniImg8.webp\" alt=\"software mlm\" width=\"24\" height=\"24\" class=\"sevraniImg sevraniImg8\"\/>\n<\/div>\n      <\/div>\n   <\/div>\n<\/div>\n      <!-- ************************************************************************************* --> \n \n<section class=\"p-sectionpadding\">\n   <div class=\"container mx-auto pt-20\">\n<div class=\"relative wordpressBg rounded-2xl p-7 sm:p-12 overflow-hidden mt-20\">\n         <div class=\"flex flex-wrap items-center\">\n            <div class=\"lg:flex-shrink-0 w-full lg:w-6\/12 mt-3 \">\n               <img decoding=\"async\" src=\"\/wp-content\/uploads\/2024\/10\/wordpress-logo.webp\" width=\"180\" height=\"51\" alt=\"software mlm\"\/> \n               <h4 class=\"lg:text-TitlesemiFontSize text-2xl text-slate-950 lg:leading-snug capitalize\"> integra\u00e7\u00e3o<\/h4>\n               <p class=\"text-textpara text-slate-950 font-light leading-6 py-3 pt-3 \">WordPress \u00e9 um sistema de gerenciamento de conte\u00fado vers\u00e1til e amplamente utilizado, mas personaliz\u00e1-lo e integr\u00e1-lo com outras plataformas pode ser um desafio. Nossa equipe \u00e9 especializada no desenvolvimento de WordPress, incluindo design de temas personalizados, integra\u00e7\u00e3o de API e convers\u00e3o de sites existentes para WordPress. \n<\/p>\n               <p class=\"text-textpara text-slate-950 font-light leading-6 py-3 pt-3\">Com um processo de desenvolvimento estruturado e uma lista de verifica\u00e7\u00e3o detalhada, garantimos uma integra\u00e7\u00e3o perfeita com o WordPress. Seu site ser\u00e1 otimizado para desempenho, livre de bugs e ter\u00e1 suporte mesmo ap\u00f3s o lan\u00e7amento. <\/p>\n             <p class=\"text-textpara text-slate-950 font-light leading-6 py-3 pt-3\">Temos um acordo? Leia mais sobre <a class=\"transition-transform transform-gpu hover:scale-[1.02] wordpressTextColor cursor-pointer\" href=\"https:\/\/cloudmlmsoftware.com\/pt-pt\/services\/integracao-do-woocommerce-com-o-software-cloud-mlm\/\"><b>Desenvolvimento WordPress.<\/b><\/a> <\/p>\n            <\/div>\n            <div class=\"w-full lg:w-6\/12\">\n               <h4 class=\"text-md text-slate-950 font-light leading-6 py-3 pl-0 sm:pl-10\"> Por que escolher nosso WordPress?<\/h4>\n               <ul class=\"mt-4 block pl-0 sm:pl-10\">\n                  <li class=\"flex items-center space-x-2 bg-white duration-300 py-3 px-4 rounded-xl mb-3 w-full md:w-auto\"> <img decoding=\"async\" src=\"\/wp-content\/uploads\/2024\/07\/list1.webp\" width=\"20\" height=\"20\" alt=\"software mlm\"\/> <b class=\"font-normal text-slate-950 text-sm\">Converter PSD em temas WordPress personalizados<\/b> <\/li>\n                  <li class=\"flex items-center space-x-2 bg-white duration-300 py-3 px-4 rounded-xl mb-3 w-full md:w-auto\"> <img decoding=\"async\" src=\"\/wp-content\/uploads\/2024\/07\/list1.webp\" width=\"20\" height=\"20\" alt=\"Converter PSD em temas WordPress personalizados\"\/> <b class=\"font-normal text-slate-950 text-sm\">Projetar e desenvolver temas WordPress personalizados<\/b> <\/li>\n                  <li class=\"flex items-center space-x-2 bg-white duration-300 py-3 px-4 rounded-xl mb-3 w-full md:w-auto\"> <img decoding=\"async\" src=\"\/wp-content\/uploads\/2024\/07\/list1.webp\" width=\"20\" height=\"20\" alt=\"software mlm\"\/> <b class=\"font-normal text-slate-950 text-sm\">Integre WordPress com v\u00e1rias APIs<\/b> <\/li>\n                  <li class=\"flex items-center space-x-2 bg-white duration-300 py-3 px-4 rounded-xl mb-3 w-full md:w-auto\"> <img decoding=\"async\" src=\"\/wp-content\/uploads\/2024\/07\/list1.webp\" width=\"20\" height=\"20\" alt=\"software mlm\"\/> <b class=\"font-normal text-slate-950 text-sm\">Integre WordPress com software MLM<\/b> <\/li>\n               <\/ul>\n            <\/div>\n         <\/div>\n      <\/div>\n<!-- ************************************************************************************* --> \n\n      <div class=\"relative opencartBg rounded-2xl p-7 sm:p-12 overflow-hidden mt-20\">\n         <div class=\"flex flex-wrap items-center lg:flex-row flex-col-reverse\">\n            <div class=\"w-full lg:w-6\/12\">\n               <h2 class=\"text-lg text-slate-950 font-light leading-6 py-3 pr-0 sm:pr-10\"> Oferecemos pr\u00e1ticas de codifica\u00e7\u00e3o de alto padr\u00e3o para todos os nossos produtos. Pudermos: <\/h2>\n               <ul class=\"mt-4 block pr-0 sm:pr-10\">\n                  <li class=\"flex items-center space-x-2 bg-white duration-300 py-3 px-4 rounded-xl mb-3 w-full md:w-auto\"> <img decoding=\"async\" src=\"\/wp-content\/uploads\/2024\/07\/list1.webp\" width=\"20\" height=\"20\" alt=\"software mlm\"\/> <b class=\"font-normal text-slate-950 text-sm\">Converta PSD em modelo opencart.<\/b> <\/li>\n                  <li class=\"flex items-center space-x-2 bg-white duration-300 py-3 px-4 rounded-xl mb-3 w-full md:w-auto\"> <img decoding=\"async\" src=\"\/wp-content\/uploads\/2024\/07\/list1.webp\" width=\"20\" height=\"20\" alt=\"software mlm\"\/> <b class=\"font-normal text-slate-950 text-sm\">Projete e desenvolva um modelo opencart do zero.<\/b> <\/li>\n                  <li class=\"flex items-center space-x-2 bg-white duration-300 py-3 px-4 rounded-xl mb-3 w-full md:w-auto\"> <img decoding=\"async\" src=\"\/wp-content\/uploads\/2024\/07\/list1.webp\" width=\"20\" height=\"20\" alt=\"software mlm\"\/> <b class=\"font-normal text-slate-950 text-sm\">Integre o opencart com v\u00e1rias APIs,<\/b> <\/li>\n                  <li class=\"flex items-center space-x-2 bg-white duration-300 py-3 px-4 rounded-xl mb-3 w-full md:w-auto\"> <img decoding=\"async\" src=\"\/wp-content\/uploads\/2024\/07\/list1.webp\" width=\"20\" height=\"20\" alt=\"software mlm\"\/> <b class=\"font-normal text-slate-950 text-sm\">Integre o opencart com o software MLM.<\/b> <\/li>\n               <\/ul>\n            <\/div>\n            <div class=\"lg:flex-shrink-0 w-full lg:w-6\/12 mt-3\">\n               <img decoding=\"async\" src=\"\/wp-content\/uploads\/2024\/07\/opencart-logo.webp\" width=\"260\" height=\"51\" alt=\"software mlm\"\/> \n               <h3 class=\"lg:text-TitlesemiFontSize text-2xl text-slate-950 lg:leading-snug capitalize\"> Desenvolvimento <\/h3>\n               <p class=\"text-textpara contentColor font-light leading-6 py-3 pt-3 text-slate-950\">Opencart \u00e9 o sistema de com\u00e9rcio eletr\u00f4nico mais popular e flex\u00edvel que existe. \u00c9 de c\u00f3digo aberto e de uso gratuito, embora possa ser dif\u00edcil personaliz\u00e1-lo conforme necess\u00e1rio. Temos uma equipe especializada para desenvolvimento de carrinho aberto, incluindo design de modelo opencart personalizado, integra\u00e7\u00e3o e convers\u00e3o de outros sites de com\u00e9rcio eletr\u00f4nico existentes em opencart.  <\/p>\n               <p class=\"text-textpara text-slate-950 font-light leading-6 py-3 pt-3\">Com um conjunto de regras fixas e um checklist para o desenvolvimento do opencart, fazemos isso perfeitamente. ent\u00e3o nunca fica cheio de erros e isolado ap\u00f3s a produ\u00e7\u00e3o.  <\/p>\n               <p class=\"text-textpara text-slate-950 font-light leading-6 py-3 pt-3\">Leia sobre o processo de desenvolvimento na <a class=\"opencartTextColor cursor-pointer\" href=\"https:\/\/cloudmlmsoftware.com\/pt-pt\/services\/desenvolvimento-de-opencart\/\"><b>p\u00e1gina de desenvolvimento do Opencart.<\/b><\/a><\/p>\n            <\/div>\n         <\/div>\n      <\/div>\n      <!-- ************************************************************************************* --> \n      <div class=\"relative magentotBg rounded-2xl p-7 sm:p-12 overflow-hidden mt-20\">\n         <div class=\"flex flex-wrap items-center\">\n            <div class=\"lg:flex-shrink-0 w-full lg:w-6\/12 mt-3 \">\n               <img decoding=\"async\" src=\"\/wp-content\/uploads\/2024\/07\/Magento-logo.webp\" width=\"180\" height=\"51\" alt=\"software mlm\"\/> \n               <h4 class=\"lg:text-TitlesemiFontSize text-2xl text-slate-950 lg:leading-snug capitalize\"> Desenvolvimento <\/h4>\n               <p class=\"text-textpara text-slate-950 font-light leading-6 py-3 pt-3 \">Magento tem sido reconhecido como o favorito dos \u00faltimos anos. com sua alta escalabilidade e seguran\u00e7a, Magento est\u00e1 caminhando para a primeira linha de solu\u00e7\u00f5es de com\u00e9rcio eletr\u00f4nico. <\/p>\n               <p class=\"text-textpara text-slate-950 font-light leading-6 py-3 pt-3\">O desenvolvimento do Magento \u00e9 feito por meio de planejamento e execu\u00e7\u00e3o profundos, mas n\u00e3o se preocupe, levamos o seu neg\u00f3cio a s\u00e9rio, n\u00f3s o tornamos melhor do nosso lado. <\/p>\n               <p class=\"text-textpara text-slate-950 font-light leading-6 py-3 pt-3\">Temos um acordo? Leia mais sobre a <a class=\"transition-transform transform-gpu hover:scale-[1.02] magentoTextColor cursor-pointer\" href=\"\"><b>p\u00e1gina de desenvolvimento do Magento.<\/b><\/a> <\/p>\n            <\/div>\n            <div class=\"w-full lg:w-6\/12\">\n               <h4 class=\"text-md text-slate-950 font-light leading-6 py-3 pl-0 sm:pl-10\"> O desenvolvimento do Magento \u00e9 gerenciado por um grupo de programadores talentosos que tornam o desenvolvimento do Magento mais f\u00e1cil para voc\u00ea. Aqui podemos: <\/h4>\n               <ul class=\"mt-4 block pl-0 sm:pl-10\">\n                  <li class=\"flex items-center space-x-2 bg-white duration-300 py-3 px-4 rounded-xl mb-3 w-full md:w-auto\"> <img decoding=\"async\" src=\"\/wp-content\/uploads\/2024\/07\/list1.webp\" width=\"20\" height=\"20\" alt=\"software mlm\"\/> <b class=\"font-normal text-slate-950 text-sm\">Desenvolva modelo PSD para Magento<\/b> <\/li>\n                  <li class=\"flex items-center space-x-2 bg-white duration-300 py-3 px-4 rounded-xl mb-3 w-full md:w-auto\"> <img decoding=\"async\" src=\"\/wp-content\/uploads\/2024\/07\/list1.webp\" width=\"20\" height=\"20\" alt=\"software mlm\"\/> <b class=\"font-normal text-slate-950 text-sm\">Projetar e desenvolver modelo Magento<\/b> <\/li>\n                  <li class=\"flex items-center space-x-2 bg-white duration-300 py-3 px-4 rounded-xl mb-3 w-full md:w-auto\"> <img decoding=\"async\" src=\"\/wp-content\/uploads\/2024\/07\/list1.webp\" width=\"20\" height=\"20\" alt=\"software mlm\"\/> <b class=\"font-normal text-slate-950 text-sm\">Integre Magento com v\u00e1rias APIs<\/b> <\/li>\n                  <li class=\"flex items-center space-x-2 bg-white duration-300 py-3 px-4 rounded-xl mb-3 w-full md:w-auto\"> <img decoding=\"async\" src=\"\/wp-content\/uploads\/2024\/07\/list1.webp\" width=\"20\" height=\"20\" alt=\"software mlm\"\/> <b class=\"font-normal text-slate-950 text-sm\">Integre Magento com software MLM<\/b> <\/li>\n               <\/ul>\n            <\/div>\n         <\/div>\n      <\/div>\n      <!-- ************************************************************************************* --> \n      <div class=\"relative shopifyBg rounded-2xl p-7 sm:p-12 overflow-hidden mt-20\">\n         <div class=\"flex flex-wrap items-center\">\n            <div class=\"w-full lg:w-6\/12\">\n               <h4 class=\"text-md text-slate-950 font-light leading-6 py-3 pr-0 sm:pr-10\"> Nossa abordagem meticulosa, guiada por um conjunto estruturado de regras e uma lista de verifica\u00e7\u00e3o completa, garante que nossos projetos de desenvolvimento do Shopify sejam executados com perfei\u00e7\u00e3o, resultando em integra\u00e7\u00f5es est\u00e1veis \u200b\u200be eficientes. <\/h4>\n               <ul class=\"mt-4 block pr-0 sm:pr-10\">\n                  <li class=\"flex items-center space-x-2 bg-white duration-300 py-3 px-4 rounded-xl mb-3 w-full md:w-auto\"> <img decoding=\"async\" src=\"\/wp-content\/uploads\/2024\/07\/list1.webp\" width=\"20\" height=\"20\" alt=\"software mlm\"\/> <b class=\"font-normal text-slate-950 text-sm\">Modelos personalizados do Shopify<\/b> <\/li>\n                  <li class=\"flex items-center space-x-2 bg-white duration-300 py-3 px-4 rounded-xl mb-3 w-full md:w-auto\"> <img decoding=\"async\" src=\"\/wp-content\/uploads\/2024\/07\/list1.webp\" width=\"20\" height=\"20\" alt=\"software mlm\"\/> <b class=\"font-normal text-slate-950 text-sm\">Design de modelo personalizado<\/b> <\/li>\n                  <li class=\"flex items-center space-x-2 bg-white duration-300 py-3 px-4 rounded-xl mb-3 w-full md:w-auto\"> <img decoding=\"async\" src=\"\/wp-content\/uploads\/2024\/07\/list1.webp\" width=\"20\" height=\"20\" alt=\"software mlm\"\/> <b class=\"font-normal text-slate-950 text-sm\">Integra\u00e7\u00e3o de API<\/b> <\/li>\n                  <li class=\"flex items-center space-x-2 bg-white duration-300 py-3 px-4 rounded-xl mb-3 w-full md:w-auto\"> <img decoding=\"async\" src=\"\/wp-content\/uploads\/2024\/07\/list1.webp\" width=\"20\" height=\"20\" alt=\"software mlm\"\/> <b class=\"font-normal text-slate-950 text-sm\">Integra\u00e7\u00e3o de software MLM<\/b> <\/li>\n               <\/ul>\n            <\/div>\n            <div class=\"lg:flex-shrink-0 w-full lg:w-6\/12 mt-3 \">\n               <img decoding=\"async\" src=\"\/wp-content\/uploads\/2024\/08\/Shopify_Logo.webp\" width=\"180\" height=\"51\" alt=\"software mlm\"\/> \n               <h4 class=\"lg:text-TitlesemiFontSize text-2xl text-slate-950 lg:leading-snug capitalize\"> Integra\u00e7\u00e3o <\/h4>\n               <p class=\"text-textpara text-slate-950 font-light leading-6 py-3 pt-3 \">Integra\u00e7\u00e3o de com\u00e9rcio eletr\u00f4nico com Shopify por Cloud MLM Software<\/p>\n               <p class=\"text-textpara text-slate-950 font-light leading-6 py-3 pt-3\">Shopify se destaca como uma plataforma l\u00edder de com\u00e9rcio eletr\u00f4nico, conhecida por sua versatilidade e interface amig\u00e1vel. No entanto, personaliz\u00e1-lo para atender a requisitos espec\u00edficos de neg\u00f3cios pode ser uma tarefa complexa. Na Cloud MLM Software, nossa equipe de especialistas se destaca no desenvolvimento do Shopify, oferecendo servi\u00e7os que v\u00e3o desde o design de modelos personalizados at\u00e9 a integra\u00e7\u00e3o perfeita de sites de com\u00e9rcio eletr\u00f4nico existentes no Shopify.   <\/p>\n               <p class=\"text-textpara text-slate-950 font-light leading-6 py-3 pt-3\">Para obter informa\u00e7\u00f5es detalhadas sobre nosso processo de desenvolvimento, visite nossa <a class=\"transition-transform transform-gpu hover:scale-[1.02] shopifyTextColor cursor-pointer\" href=\"https:\/\/cloudmlmsoftware.com\/pt-pt\/services\/integracao-do-shopify-no-software-cloud-mlm\/\"><b>p\u00e1gina de desenvolvimento no Shopify.<\/b><\/a><\/p>\n            <\/div>\n         <\/div>\n      <\/div>\n      <!-- ************************************************************************************* --> \n   <\/div>\n<\/section>\n","protected":false},"excerpt":{"rendered":"<p>Integra\u00e7\u00e3o de com\u00e9rcio eletr\u00f4nico O software vem com m\u00f3dulos principais para fazer integra\u00e7\u00e3o com v\u00e1rias solu\u00e7\u00f5es de com\u00e9rcio eletr\u00f4nico. Temos uma equipe de especialistas designada para integrar e-commerce com software MLM. Experimente uma demonstra\u00e7\u00e3o gratuita integra\u00e7\u00e3o WordPress \u00e9 um sistema de gerenciamento de conte\u00fado vers\u00e1til e amplamente utilizado, mas personaliz\u00e1-lo e integr\u00e1-lo com outras plataformas [&hellip;]<\/p>\n","protected":false},"author":1,"featured_media":0,"parent":8136,"menu_order":0,"comment_status":"closed","ping_status":"closed","template":"ecommerse-page.php","meta":{"_acf_changed":false,"footnotes":""},"class_list":["post-13091","page","type-page","status-publish","hentry"],"acf":[],"yoast_head":"<!-- This site is optimized with the Yoast SEO Premium plugin v23.6 (Yoast SEO v25.9) - https:\/\/yoast.com\/wordpress\/plugins\/seo\/ -->\n<title>Servi\u00e7os de integra\u00e7\u00e3o de com\u00e9rcio eletr\u00f4nico | Solu\u00e7\u00f5es on-line perfeitas<\/title>\n<meta name=\"description\" content=\"Servi\u00e7os de integra\u00e7\u00e3o de com\u00e9rcio eletr\u00f4nico para conectar sua loja perfeitamente. Aumente a efici\u00eancia, simplifique as opera\u00e7\u00f5es e aprimore a experi\u00eancia do usu\u00e1rio.\" \/>\n<meta name=\"robots\" content=\"index, follow, max-snippet:-1, max-image-preview:large, max-video-preview:-1\" \/>\n<link rel=\"canonical\" href=\"https:\/\/cloudmlmsoftware.com\/pt-pt\/services\/integracao-de-comercio-eletronico\/\" \/>\n<meta property=\"og:locale\" content=\"pt_PT\" \/>\n<meta property=\"og:type\" content=\"article\" \/>\n<meta property=\"og:title\" content=\"integra\u00e7\u00e3o de com\u00e9rcio eletr\u00f4nico\" \/>\n<meta property=\"og:description\" content=\"Servi\u00e7os de integra\u00e7\u00e3o de com\u00e9rcio eletr\u00f4nico para conectar sua loja perfeitamente. Aumente a efici\u00eancia, simplifique as opera\u00e7\u00f5es e aprimore a experi\u00eancia do usu\u00e1rio.\" \/>\n<meta property=\"og:url\" content=\"https:\/\/cloudmlmsoftware.com\/pt-pt\/services\/integracao-de-comercio-eletronico\/\" \/>\n<meta property=\"og:site_name\" content=\"Cloud MLM Software\" \/>\n<meta property=\"article:modified_time\" content=\"2024-11-08T09:50:16+00:00\" \/>\n<meta property=\"og:image\" content=\"https:\/\/cloudmlmsoftware.com\/wp-content\/themes\/cloudmlmdemo\/assets\/images\/banner\/ServicesBanner.webp\" \/>\n<meta name=\"twitter:card\" content=\"summary_large_image\" \/>\n<meta name=\"twitter:label1\" content=\"Tempo estimado de leitura\" \/>\n\t<meta name=\"twitter:data1\" content=\"7 minutos\" \/>\n<!-- \/ Yoast SEO Premium plugin. -->","yoast_head_json":{"title":"Servi\u00e7os de integra\u00e7\u00e3o de com\u00e9rcio eletr\u00f4nico | Solu\u00e7\u00f5es on-line perfeitas","description":"Servi\u00e7os de integra\u00e7\u00e3o de com\u00e9rcio eletr\u00f4nico para conectar sua loja perfeitamente. Aumente a efici\u00eancia, simplifique as opera\u00e7\u00f5es e aprimore a experi\u00eancia do usu\u00e1rio.","robots":{"index":"index","follow":"follow","max-snippet":"max-snippet:-1","max-image-preview":"max-image-preview:large","max-video-preview":"max-video-preview:-1"},"canonical":"https:\/\/cloudmlmsoftware.com\/pt-pt\/services\/integracao-de-comercio-eletronico\/","og_locale":"pt_PT","og_type":"article","og_title":"integra\u00e7\u00e3o de com\u00e9rcio eletr\u00f4nico","og_description":"Servi\u00e7os de integra\u00e7\u00e3o de com\u00e9rcio eletr\u00f4nico para conectar sua loja perfeitamente. Aumente a efici\u00eancia, simplifique as opera\u00e7\u00f5es e aprimore a experi\u00eancia do usu\u00e1rio.","og_url":"https:\/\/cloudmlmsoftware.com\/pt-pt\/services\/integracao-de-comercio-eletronico\/","og_site_name":"Cloud MLM Software","article_modified_time":"2024-11-08T09:50:16+00:00","og_image":[{"url":"https:\/\/cloudmlmsoftware.com\/wp-content\/themes\/cloudmlmdemo\/assets\/images\/banner\/ServicesBanner.webp","type":"","width":"","height":""}],"twitter_card":"summary_large_image","twitter_misc":{"Tempo estimado de leitura":"7 minutos"},"schema":{"@context":"https:\/\/schema.org","@graph":[{"@type":"WebPage","@id":"https:\/\/cloudmlmsoftware.com\/pt-pt\/services\/integracao-de-comercio-eletronico\/","url":"https:\/\/cloudmlmsoftware.com\/pt-pt\/services\/integracao-de-comercio-eletronico\/","name":"Servi\u00e7os de integra\u00e7\u00e3o de com\u00e9rcio eletr\u00f4nico | Solu\u00e7\u00f5es on-line perfeitas","isPartOf":{"@id":"https:\/\/cloudmlmsoftware.com\/pt-pt\/#website"},"primaryImageOfPage":{"@id":"https:\/\/cloudmlmsoftware.com\/pt-pt\/services\/integracao-de-comercio-eletronico\/#primaryimage"},"image":{"@id":"https:\/\/cloudmlmsoftware.com\/pt-pt\/services\/integracao-de-comercio-eletronico\/#primaryimage"},"thumbnailUrl":"https:\/\/cloudmlmsoftware.com\/wp-content\/themes\/cloudmlmdemo\/assets\/images\/banner\/ServicesBanner.webp","datePublished":"2024-03-21T13:51:56+00:00","dateModified":"2024-11-08T09:50:16+00:00","description":"Servi\u00e7os de integra\u00e7\u00e3o de com\u00e9rcio eletr\u00f4nico para conectar sua loja perfeitamente. Aumente a efici\u00eancia, simplifique as opera\u00e7\u00f5es e aprimore a experi\u00eancia do usu\u00e1rio.","breadcrumb":{"@id":"https:\/\/cloudmlmsoftware.com\/pt-pt\/services\/integracao-de-comercio-eletronico\/#breadcrumb"},"inLanguage":"pt-PT","potentialAction":[{"@type":"ReadAction","target":["https:\/\/cloudmlmsoftware.com\/pt-pt\/services\/integracao-de-comercio-eletronico\/"]}]},{"@type":"ImageObject","inLanguage":"pt-PT","@id":"https:\/\/cloudmlmsoftware.com\/pt-pt\/services\/integracao-de-comercio-eletronico\/#primaryimage","url":"https:\/\/cloudmlmsoftware.com\/wp-content\/themes\/cloudmlmdemo\/assets\/images\/banner\/ServicesBanner.webp","contentUrl":"https:\/\/cloudmlmsoftware.com\/wp-content\/themes\/cloudmlmdemo\/assets\/images\/banner\/ServicesBanner.webp"},{"@type":"BreadcrumbList","@id":"https:\/\/cloudmlmsoftware.com\/pt-pt\/services\/integracao-de-comercio-eletronico\/#breadcrumb","itemListElement":[{"@type":"ListItem","position":1,"name":"Home","item":"https:\/\/cloudmlmsoftware.com\/pt-pt\/"},{"@type":"ListItem","position":2,"name":"Servi\u00e7os","item":"https:\/\/cloudmlmsoftware.com\/pt-pt\/services\/"},{"@type":"ListItem","position":3,"name":"integra\u00e7\u00e3o de com\u00e9rcio eletr\u00f4nico"}]},{"@type":"WebSite","@id":"https:\/\/cloudmlmsoftware.com\/pt-pt\/#website","url":"https:\/\/cloudmlmsoftware.com\/pt-pt\/","name":"Cloud MLM Software","description":"","publisher":{"@id":"https:\/\/cloudmlmsoftware.com\/pt-pt\/#organization"},"potentialAction":[{"@type":"SearchAction","target":{"@type":"EntryPoint","urlTemplate":"https:\/\/cloudmlmsoftware.com\/pt-pt\/?s={search_term_string}"},"query-input":{"@type":"PropertyValueSpecification","valueRequired":true,"valueName":"search_term_string"}}],"inLanguage":"pt-PT"},{"@type":"Organization","@id":"https:\/\/cloudmlmsoftware.com\/pt-pt\/#organization","name":"Cloud MLM Software","url":"https:\/\/cloudmlmsoftware.com\/pt-pt\/","logo":{"@type":"ImageObject","inLanguage":"pt-PT","@id":"https:\/\/cloudmlmsoftware.com\/pt-pt\/#\/schema\/logo\/image\/","url":"https:\/\/cloudmlmsoftware.com\/wp-content\/uploads\/2024\/09\/cloudmlm-logo.webp","contentUrl":"https:\/\/cloudmlmsoftware.com\/wp-content\/uploads\/2024\/09\/cloudmlm-logo.webp","width":200,"height":40,"caption":"Cloud MLM Software"},"image":{"@id":"https:\/\/cloudmlmsoftware.com\/pt-pt\/#\/schema\/logo\/image\/"}}]}},"_links":{"self":[{"href":"https:\/\/cloudmlmsoftware.com\/pt-pt\/wp-json\/wp\/v2\/pages\/13091","targetHints":{"allow":["GET"]}}],"collection":[{"href":"https:\/\/cloudmlmsoftware.com\/pt-pt\/wp-json\/wp\/v2\/pages"}],"about":[{"href":"https:\/\/cloudmlmsoftware.com\/pt-pt\/wp-json\/wp\/v2\/types\/page"}],"author":[{"embeddable":true,"href":"https:\/\/cloudmlmsoftware.com\/pt-pt\/wp-json\/wp\/v2\/users\/1"}],"replies":[{"embeddable":true,"href":"https:\/\/cloudmlmsoftware.com\/pt-pt\/wp-json\/wp\/v2\/comments?post=13091"}],"version-history":[{"count":0,"href":"https:\/\/cloudmlmsoftware.com\/pt-pt\/wp-json\/wp\/v2\/pages\/13091\/revisions"}],"up":[{"embeddable":true,"href":"https:\/\/cloudmlmsoftware.com\/pt-pt\/wp-json\/wp\/v2\/pages\/8136"}],"wp:attachment":[{"href":"https:\/\/cloudmlmsoftware.com\/pt-pt\/wp-json\/wp\/v2\/media?parent=13091"}],"curies":[{"name":"wp","href":"https:\/\/api.w.org\/{rel}","templated":true}]}}