{"id":12396,"date":"2024-05-22T13:37:59","date_gmt":"2024-05-22T13:37:59","guid":{"rendered":"https:\/\/cloudmlmsoftware.com\/resposta-automatica\/"},"modified":"2024-11-08T04:45:12","modified_gmt":"2024-11-08T04:45:12","slug":"resposta-automatica","status":"publish","type":"page","link":"https:\/\/cloudmlmsoftware.com\/pt-pt\/resposta-automatica\/","title":{"rendered":"resposta autom\u00e1tica"},"content":{"rendered":"\n<div class=\"bannerBgcolor BannerBg pt-16 pb-20 relative overflow-hidden\">\n        <div class=\"animation-wrapper\">\n            <div class=\"particle particle-1\"><\/div>\n            <div class=\"particle particle-2\"><\/div>\n            <div class=\"particle particle-3\"><\/div>\n            <div class=\"particle particle-4\"><\/div>\n        <\/div>\n\n        <div class=\"container mx-auto xl:h-[504px] lg:h-[450px] h-auto relative z-1\">\n            <div class=\"flex flex-wrap items-center\">\n                <div class=\"md:basis-5\/12 sm:basis-12\/12 pr-4 pr-0 py-14\">\n                    <img decoding=\"async\" src=\"\/wp-content\/uploads\/2024\/08\/Modulesbanner.webp\" width=\"467\" height=\"411\" alt=\"melhor software mlm nos EUA\" class=\"pulseBannerImg\"\/>\n                <\/div>\n                <div class=\"md:basis-7\/12 sm:basis-12\/12\">\n                    <h1 class=\"lg:text-mainTitleFontSize sm:text-3xl text-3xl text-white lg:leading-snug \"> <span class=\"font-bold animate-charcter-offwhite\">Resposta<\/span> autom\u00e1tica \n                    <\/h1>\n\n\n                    <p class=\"offlightWhite pt-3 text-md\">Resposta autom\u00e1tica \u00e9 um programa de software usado para enviar e-mails automaticamente com base em programa\u00e7\u00f5es ou op\u00e7\u00f5es definidas por um usu\u00e1rio administrador.<\/p>\n                <\/div>\n\n            <\/div>\n        <\/div>\n    <\/div>\n    <!-- ************************************************************************************* -->\n\n    <section class=\"p-sectionpadding\">\n        <div class=\"container mx-auto pt-20\">\n            <div class=\"flex flex-wrap items-start md:items-center flex-col-reverse md:flex-row\">\n                <div class=\"flex-1 w-full pr-0 md:pr-7 pr-0 mt-3\">\n                    <div class=\"relative\">\n\n                        <h2 class=\"lg:text-TitlesemiFontSize text-2xl titleColor lg:leading-snug capitalize\"> O que \u00e9 uma <span class=\"font-bold\">resposta autom\u00e1tica?<\/span>\n                        <\/h2>\n\n                        <p class=\"pt-6 font-light leading-6 text-textpara contentColor\">Um usu\u00e1rio administrador pode definir hor\u00e1rio, assunto e op\u00e7\u00f5es avan\u00e7adas no painel de administra\u00e7\u00e3o e promover seu neg\u00f3cio por meio de e-mails automatizados. Tamb\u00e9m \u00e9 definido como uma ferramenta de email marketing, ou seja, o sistema pode enviar automaticamente mensagens personalizadas ou mensagens din\u00e2micas em um intervalo.  <\/p>\n                        <p class=\"pt-6 font-light leading-6 text-textpara contentColor\">Um software MLM com resposta autom\u00e1tica pode ser uma boa escolha para voc\u00ea se voc\u00ea planeja enviar e-mails de seu sistema. No Cloud MLM Software, voc\u00ea pode usar o m\u00f3dulo de resposta autom\u00e1tica em todas as suas possibilidades. Tamb\u00e9m otimizamos o sistema para melhor velocidade e precis\u00e3o. este m\u00f3dulo pode ser facilmente gerenciado pelo lado do administrador.    <\/p>\n                    <\/div>\n                <\/div>\n                <div class=\"hidden lg:flex items-end justify-right w-[360px] primaryColor rounded-2xl pt-20 pl-10 ml-0 md:ml-10 mb-2 pb-0 overflow-hidden mt-3\">\n                    <img decoding=\"async\" src=\"\/wp-content\/uploads\/2024\/08\/atursondrIntro.webp\" alt=\"Imagem\" class=\"relative right-[-10px] w-full\"\/>\n                <\/div>\n            <\/div>\n        <\/div>\n    <\/section>\n\n    <!-- ================================================================================================ -->\n    <section class=\"p-sectionpadding\">\n        <div class=\"container mx-auto \">\n            <div class=\"relative darkblue rounded-2xl p-7 lg:p-12 py-16 overflow-hidden\">\n                <div class=\"flex flex-wrap items-center\">\n\n                    <div class=\"relative w-full lg:w-5\/12 pr-0 lg:pr-12\">\n                        <img decoding=\"async\" src=\"\/wp-content\/uploads\/2024\/08\/moduleautoresponder2.webp\" alt=\"Imagem\" class=\"mb-4 w-full\"\/>\n                    <\/div>\n\n                    <div class=\"lg:flex-shrink-0 w-full lg:w-7\/12 \">\n                        <h3 class=\"text-3xl text-white lg:leading-snug capitalize\">\n                             <span class=\"font-bold\">Recursos<\/span> do m\u00f3dulo de <span class=\"font-bold\">resposta autom\u00e1tica<\/span> <\/h3>\n                        <ul class=\"flex flex-wrap space-x-2 mt-4 ml-[-12px] list1 mt-6\">\n                            <li class=\"text-textpara text-white font-light leading-6 mb-3 ml-2\">Este sistema robusto torna mais f\u00e1cil melhorar, liderar e lucrar com suas pr\u00f3prias listas de marketing por e-mail. <\/li>\n                            <li class=\"text-textpara text-white font-light leading-6 mb-3 ml-2\">Usando respostas autom\u00e1ticas de marketing por e-mail do Cloud MLM, todos, como empresas, organiza\u00e7\u00f5es, clubes, empres\u00e1rios e profissionais de neg\u00f3cios em casa, podem facilmente manter contato com seus clientes, promessas e membros de qualquer computador em qualquer lugar do mundo.<\/li>\n                            <li class=\"text-textpara text-white font-light leading-6 mb-3 ml-2\">Voc\u00ea pode adicionar participantes no sistema de resposta autom\u00e1tica e remov\u00ea-los sempre que necess\u00e1rio.<\/li>\n                            <li class=\"text-textpara text-white font-light leading-6 mb-3 ml-2\">Seu sistema cron automatizado funciona 24 horas por dia, 7 dias por semana e usa apenas bits de mem\u00f3ria para trabalhar em segundo plano.<\/li>\n                            <li class=\"text-textpara text-white font-light leading-6 mb-3 ml-2\">Ao receber a configura\u00e7\u00e3o do Auto-Responder, ele funciona no piloto autom\u00e1tico.<\/li>\n                        <\/ul>\n                    <\/div>\n                <\/div>\n            <\/div>\n        <\/div>\n    <\/section>\n\n    <!-- ************************************************************************************* -->\n\n    <section class=\"p-sectionpadding\">\n        <div class=\"container mx-auto\">\n            <div class=\"flex flex-wrap\">\n                <div class=\"w-full\">\n                    <h3 class=\"lg:text-TitlesemiFontSize text-2xl titleColor lg:leading-snug mt-3\"> Alguns dos <span class=\"font-bold\">benef\u00edcios<\/span> \n                    <\/h3>\n                    <p class=\"text-textSubtitle contentColor text-sm font-light pt-5 leading-6 mb-3\"> O recurso de resposta autom\u00e1tica do nosso software Cloud MLM foi projetado para agilizar a comunica\u00e7\u00e3o e aprimorar o envolvimento com sua rede. Esta ferramenta envia automaticamente respostas ou mensagens oportunas e relevantes para seus leads e clientes, garantindo intera\u00e7\u00e3o cont\u00ednua sem esfor\u00e7o manual. Ao automatizar acompanhamentos, confirma\u00e7\u00f5es e mensagens promocionais, reduz significativamente o tempo de resposta e aumenta a efici\u00eancia. Isso permite que voc\u00ea mantenha uma presen\u00e7a consistente com seus contatos, levando a uma melhor satisfa\u00e7\u00e3o do cliente e a taxas de convers\u00e3o mais altas. Esteja voc\u00ea estimulando leads ou apoiando clientes existentes, nossa resposta autom\u00e1tica garante que seu neg\u00f3cio de MLM se comunique de maneira eficaz e r\u00e1pida.     <\/p>\n                <\/div>\n\n                <div class=\"w-full flex flex-wrap pt-2 justify-between\">\n\n\n                    <div class=\"w-full lg:w-1\/3 pr-0 lg:pr-5 lg:py-4 py-0 flex flex-col justify-between\">\n                        <div class=\"lighter px-7 py-8 rounded-xl mt-3 text-lg h-full flex flex-col justify-center\">\n                            <h4 class=\"text-xl titleColor lg:leading-snug mb-3 font-semibold mb-2\">Nome da captura<\/h4>\n                            <p class=\"text-textSubtitle contentColor text-sm font-light leading-6\">Anotando nomes e endere\u00e7os de e-mail e at\u00e9 n\u00fameros de telefone.<\/p>\n                        <\/div>\n                        <div class=\"darkblue px-7 py-8 rounded-xl mt-4 text-lg h-full\">\n                            <h4 class=\"text-xl text-white lg:leading-snug mb-4 font-semibold mt-2\">Link para m\u00eddias sociais <\/h4>\n                            <p class=\"text-textSubtitle text-white text-sm font-light leading-6\">Obtenha t\u00edtulos e cabe\u00e7alhos melhores e voc\u00ea poder\u00e1 obter mais pessoas<\/p>\n                        <\/div>\n                    <\/div>\n\n                    <div class=\"w-full lg:w-1\/3 pr-0 lg:pr-5 lg:py-4 py-0 flex flex-col justify-between\">\n                        <div class=\"primaryColor px-7 py-8 rounded-xl mt-3 text-lg h-full \">\n                            <h4 class=\"text-xl text-white lg:leading-snug mb-3 font-semibold mb-2\">Enviar e-mails de transmiss\u00e3o <\/h4>\n                            <p class=\"text-textSubtitle text-white text-sm font-light leading-6\">Quando voc\u00ea deseja enviar um e-mail em uma data espec\u00edfica, n\u00e3o precisa sentar e enviar naquele dia; em vez disso, adicione \u00e0 lista o e-mail a ser enviado. Isso \u00e9 muito significativo quando voc\u00ea inicia um novo produto ou realiza vendas de outro produto. <\/p>\n                        <\/div>\n                        <div class=\"lighter px-7 lg:px-10 py-6 rounded-xl text-lg mt-3 lg:mt-4 h-full\">\n                            <h4 class=\"text-xl titleColor lg:leading-snug mb-3 font-semibold mb-2\">Link para blogs<\/h4>\n                            <p class=\"text-textSubtitle contentColor text-sm font-light leading-6\">Obtenha melhores resultados usando blogs<\/p>\n                        <\/div>\n                    <\/div>\n\n                    <div class=\"lighter px-7 lg:px-10 py-6 rounded-xl mt-3 w-full lg:w-1\/3 lg:my-4 my-0 lg:mt-[27px] relative overflow-hidden flex flex-col justify-center\">\n                        <h4 class=\"text-xl titleColor lg:leading-snug mb-4 font-semibold\">Envie e-mails agendados<\/h4>\n                        <p class=\"text-textSubtitle contentColor text-sm font-light leading-6\">Envie e-mails de forma programada. por exemplo: Quando voc\u00ea decidiu enviar 5 e-mails, ao inv\u00e9s de enviar todos os dias, voc\u00ea pode configurar para guardar todos os 5 e-mails com anteced\u00eancia e dar instru\u00e7\u00f5es de forma a enviar os e-mails em um intervalo de 1 dia para as pessoas na lista e ainda voc\u00ea pode estend\u00ea-lo para o per\u00edodo de um ano.<\/p>\n                    <\/div>\n\n                <\/div>\n            <\/div>\n        <\/div>\n    <\/section>\n\n    <!-- ************************************************************************************* -->\n\n    <section class=\"p-sectionpadding\">\n        <div class=\"container mx-auto\">\n\n            <div class=\"w-full flex items-start flex-wrap pt-2 justify-between\">\n\n                <div class=\"primaryColor px-7 lg:px-12 py-16 rounded-2xl mt-3 w-full lg:w-1\/3 relative overflow-hidden\">\n                    <h4 class=\"text-3xl text-white lg:leading-snug mb-4 capitalize\">\n                         <span class=\"font-bold\">Tipos<\/span> de sistema <span class=\"font-bold\">MLM Autoresponder<\/span> <\/h4>\n\n\n                    <p class=\"text-textSubtitle text-white text-sm font-light leading-6\">Um bom autoresponder que ajuda voc\u00ea a aproveitar os leads obtidos, podendo importar seus leads e saber que est\u00e3o sendo enviados. Existem 3 tipos b\u00e1sicos de sistemas no mercado. Voc\u00ea quer decidir qual \u00e9 o melhor e mais adequado para voc\u00ea.  <\/p>\n                <\/div>\n\n                <div class=\"px-0 lg:px-12 mt-3 w-full lg:w-2\/3\">\n                    <ul class=\"mt-10 lg:mt-0\">\n\n                        <li class=\"text-textpara offWhite leading-6 mb-6 flex items-start\">\n                            <div class=\"darkblue p-2 rounded-2xl flex items-center justify-center w-[60px] h-[60px] mr-6\">\n                                <img decoding=\"async\" src=\"\/wp-content\/uploads\/2024\/07\/Bulk-Emailers-img.webp\" width=\"32\" height=\"32\" alt=\"software mlm\"\/>\n                            <\/div>\n\n                            <div class=\"flex-1\">\n                                <h4 class=\"text-xl titleColor lg:leading-snug mb-3 font-semibold mb-2\">Emailers em massa <\/h4>\n                                <p class=\"titleColor\">Neste, voc\u00ea transfere mensagens uma vez para a lista que importou. Voc\u00ea pode transferir hor\u00e1rios diferentes para a mesma lista, caso seja a mesma mensagem, ou transferir v\u00e1rias mensagens de cada vez. <\/p>\n                            <\/div>\n                        <\/li>\n                        <!-- ********************** -->\n\n                        <li class=\"text-textpara offWhite leading-6 mb-6 flex items-start\">\n                            <div class=\"darkblue p-2 rounded-2xl flex items-center justify-center w-[60px] h-[60px] mr-6\">\n                                <img decoding=\"async\" src=\"\/wp-content\/uploads\/2024\/07\/Open-Loop-img.webp\" width=\"32\" height=\"32\" alt=\"software mlm\"\/>\n                            <\/div>\n\n                            <div class=\"flex-1\">\n                                <h4 class=\"text-xl titleColor lg:leading-snug mb-3 font-semibold mb-2\">Open Loop&#8221; Respostas autom\u00e1ticas <\/h4>\n                                <p class=\"titleColor\">Hoje, as respostas autom\u00e1ticas de circuito aberto s\u00e3o raras. Muitos ISPs t\u00eam filtrado e-mails de Open Loops ARs. A \u00fanica maneira de realmente fazer um circuito aberto hoje \u00e9 hosped\u00e1-lo voc\u00ea mesmo, o que pode ser bastante caro e \u00e9 para os tecnicamente avan\u00e7ados (n\u00e3o muito duplic\u00e1vel).  <\/p>\n                            <\/div>\n                        <\/li>\n                        <!-- ********************** -->\n\n\n                        <li class=\"text-textpara offWhite leading-6 mb-6 flex items-start\">\n                            <div class=\"darkblue p-2 rounded-2xl flex items-center justify-center w-[60px] h-[60px] mr-6\">\n                                <img decoding=\"async\" src=\"\/wp-content\/uploads\/2024\/07\/Closed-Loop-img.webp\" width=\"32\" height=\"32\" alt=\"software mlm\"\/>\n                            <\/div>\n\n                            <div class=\"flex-1\">\n                                <h4 class=\"text-xl titleColor lg:leading-snug mb-3 font-semibold mb-2\">Respostas autom\u00e1ticas de circuito fechado <\/h4>\n                                <p class=\"titleColor\">Isso exige que voc\u00ea gere seus pr\u00f3prios leads por meio de uma p\u00e1gina de captura de leads. ARs de circuito fechado t\u00eam a maior taxa de entrega, mas voc\u00ea n\u00e3o pode importar leads comprados para o sistema deles. Eles permitem que voc\u00ea configure uma s\u00e9rie de mensagens a serem entregues aos clientes em potencial ao longo do tempo.  <\/p>\n                            <\/div>\n                        <\/li>\n                        <!-- ********************** -->\n\n\n                    <\/ul>\n                <\/div>\n            <\/div>\n        <\/div>\n    <\/section>\n    <!-- ============================================================================================= -->\n    <section class=\"p-sectionpadding\">\n\n        <div class=\"container mx-auto\">\n            <div class=\"flex flex-wrap items-center\">\n                <div class=\"w-full xl:w-9\/12 mx-auto pt-10 mb-8\">\n                    <h4 class=\"lg:text-TitlesemiFontSize text-2xl titleColor lg:leading-snug text-center lg:w-7\/12 md:w-full mx-auto mt-7 capitalize\">\n                        <span class=\"font-bold animate-charcter\">Chaves<\/span> para <span class=\"font-bold animate-charcter\">ter sucesso<\/span> com AutoResponders <\/h4>\n                <\/div>\n                <div class=\"flex flex-wrap mt-8\">\n                    <div class=\"w-full lg:w-6\/12 mx-auto lg:pr-10 pr-0\">\n                        <ul class=\"flex flex-wrap ml-[-12px] list1 mt-6\">\n                            <li class=\"text-md font-light leading-6 mb-4 ml-2\">Certifique-se de ter seu pr\u00f3prio site <\/li>\n                            <li class=\"text-md font-light leading-6 mb-4 ml-2\">As empresas de mlm t\u00eam seus pr\u00f3prios sites replicados e est\u00e3o bem quando voc\u00ea tem um cliente potencial realmente \u201cquente\u201d em jogo. Mas quando se trata de prospectar e construir suas listas, voc\u00ea deseja ter seu pr\u00f3prio site por v\u00e1rios motivos. <\/li>\n                            <li class=\"text-md font-light font-light leading-6 mb-4 ml-2\">Ter seu pr\u00f3prio site permite que voc\u00ea construa sua pr\u00f3pria credibilidade.<\/li>\n                            <li class=\"text-md font-light leading-6 mb-4 ml-2\">Ter seu pr\u00f3prio site permite que voc\u00ea construa um relacionamento pessoal com clientes potenciais.<\/li>\n                            <li class=\"text-md font-light leading-6 mb-4 ml-2\">Ter seu pr\u00f3prio site ajuda voc\u00ea a se destacar nos resultados dos buscadores.<\/li>\n                            <li class=\"text-md font-light leading-6 mb-4 ml-2\">Ter seu pr\u00f3prio site ajuda voc\u00ea a se destacar da concorr\u00eancia.<\/li>\n                            <li class=\"text-md font-light leading-6 mb-4 ml-2\">Seu site pode ser um site simples de uma p\u00e1gina que oferece uma vis\u00e3o geral de quem voc\u00ea \u00e9, sua empresa, seu estilo de vida, etc. <\/li>\n                            <li class=\"text-md font-light leading-6 mb-4 ml-2\">Seu site deve convidar os visitantes a solicitar informa\u00e7\u00f5es gratuitas de voc\u00ea. Isso nos leva \u00e0 pr\u00f3xima chave: <\/li>\n                        <\/ul>\n\n                    <\/div>\n\n                    <div class=\"w-full lg:w-6\/12 mx-auto lg:pl-10 pl-0\">\n                        <ul class=\"flex flex-wrap ml-[-12px] list1 mt-6\">\n\n                            <li class=\"text-md font-light leading-6 mb-4 ml-2\">Adicione um formul\u00e1rio de inscri\u00e7\u00e3o ao seu site.<\/li>\n                            <li class=\"text-md font-light leading-6 mb-4 ml-2\">O formul\u00e1rio de inscri\u00e7\u00e3o deve pedir um nome e endere\u00e7o de e-mail. Este formul\u00e1rio \u00e9 a chave para transformar visitantes do site em clientes potenciais. <\/li>\n                            <li class=\"text-md font-light leading-6 mb-4 ml-2\">Suas mensagens do AutoResponder s\u00e3o onde voc\u00ea incluiria um link para o site replicado oferecido pela sua empresa de mlm.<\/li>\n                            <li class=\"text-md font-light leading-6 mb-4 ml-2\">Um benef\u00edcio adicional de construir suas pr\u00f3prias listas direcionadas com seu pr\u00f3prio site e resposta autom\u00e1tica \u00e9 que se sua empresa de mlm tiver problemas, fechar as portas ou ficar indispon\u00edvel por qualquer motivo, voc\u00ea poder\u00e1 continuar construindo sua pr\u00f3pria credibilidade, mudar para outra empresa e continuar as opera\u00e7\u00f5es sem precisar recome\u00e7ar do zero absoluto.<\/li>\n                            <li class=\"text-md font-light leading-6 mb-4 ml-2\">Ent\u00e3o, na verdade, um autoresponder \u00e9 algo que serve para coletar informa\u00e7\u00f5es e voc\u00ea pode enviar e-mails para esses endere\u00e7os que incluem mensagens de vendas, mensagens de marketing, que devem conter conte\u00fado de qualidade que seu cliente realmente deva apreciar e que promova seu produto. <\/li>\n                        <\/ul>\n\n\n\n                    <\/div>\n                <\/div>\n\n            <\/div>\n        <\/div>\n    <\/section>\n","protected":false},"excerpt":{"rendered":"<p>Resposta autom\u00e1tica Resposta autom\u00e1tica \u00e9 um programa de software usado para enviar e-mails automaticamente com base em programa\u00e7\u00f5es ou op\u00e7\u00f5es definidas por um usu\u00e1rio administrador. O que \u00e9 uma resposta autom\u00e1tica? Um usu\u00e1rio administrador pode definir hor\u00e1rio, assunto e op\u00e7\u00f5es avan\u00e7adas no painel de administra\u00e7\u00e3o e promover seu neg\u00f3cio por meio de e-mails automatizados. Tamb\u00e9m [&hellip;]<\/p>\n","protected":false},"author":1,"featured_media":0,"parent":0,"menu_order":0,"comment_status":"closed","ping_status":"closed","template":"moduleautoresponder-page.php","meta":{"_acf_changed":false,"footnotes":""},"class_list":["post-12396","page","type-page","status-publish","hentry"],"acf":[],"yoast_head":"<!-- This site is optimized with the Yoast SEO Premium plugin v23.6 (Yoast SEO v25.9) - https:\/\/yoast.com\/wordpress\/plugins\/seo\/ -->\n<title>Resposta autom\u00e1tica inteligente | Automatize sua comunica\u00e7\u00e3o facilmente<\/title>\n<meta name=\"description\" content=\"Automatize sua comunica\u00e7\u00e3o com nosso respondedor autom\u00e1tico inteligente. Economize tempo, aumente o envolvimento e forne\u00e7a respostas oportunas e sem esfor\u00e7o.\" \/>\n<meta name=\"robots\" content=\"index, follow, max-snippet:-1, max-image-preview:large, max-video-preview:-1\" \/>\n<link rel=\"canonical\" href=\"https:\/\/cloudmlmsoftware.com\/pt-pt\/resposta-automatica\/\" \/>\n<meta property=\"og:locale\" content=\"pt_PT\" \/>\n<meta property=\"og:type\" content=\"article\" \/>\n<meta property=\"og:title\" content=\"resposta autom\u00e1tica\" \/>\n<meta property=\"og:description\" content=\"Automatize sua comunica\u00e7\u00e3o com nosso respondedor autom\u00e1tico inteligente. Economize tempo, aumente o envolvimento e forne\u00e7a respostas oportunas e sem esfor\u00e7o.\" \/>\n<meta property=\"og:url\" content=\"https:\/\/cloudmlmsoftware.com\/pt-pt\/resposta-automatica\/\" \/>\n<meta property=\"og:site_name\" content=\"Cloud MLM Software\" \/>\n<meta property=\"article:modified_time\" content=\"2024-11-08T04:45:12+00:00\" \/>\n<meta name=\"twitter:card\" content=\"summary_large_image\" \/>\n<meta name=\"twitter:label1\" content=\"Tempo estimado de leitura\" \/>\n\t<meta name=\"twitter:data1\" content=\"6 minutos\" \/>\n<!-- \/ Yoast SEO Premium plugin. -->","yoast_head_json":{"title":"Resposta autom\u00e1tica inteligente | Automatize sua comunica\u00e7\u00e3o facilmente","description":"Automatize sua comunica\u00e7\u00e3o com nosso respondedor autom\u00e1tico inteligente. Economize tempo, aumente o envolvimento e forne\u00e7a respostas oportunas e sem esfor\u00e7o.","robots":{"index":"index","follow":"follow","max-snippet":"max-snippet:-1","max-image-preview":"max-image-preview:large","max-video-preview":"max-video-preview:-1"},"canonical":"https:\/\/cloudmlmsoftware.com\/pt-pt\/resposta-automatica\/","og_locale":"pt_PT","og_type":"article","og_title":"resposta autom\u00e1tica","og_description":"Automatize sua comunica\u00e7\u00e3o com nosso respondedor autom\u00e1tico inteligente. Economize tempo, aumente o envolvimento e forne\u00e7a respostas oportunas e sem esfor\u00e7o.","og_url":"https:\/\/cloudmlmsoftware.com\/pt-pt\/resposta-automatica\/","og_site_name":"Cloud MLM Software","article_modified_time":"2024-11-08T04:45:12+00:00","twitter_card":"summary_large_image","twitter_misc":{"Tempo estimado de leitura":"6 minutos"},"schema":{"@context":"https:\/\/schema.org","@graph":[{"@type":"WebPage","@id":"https:\/\/cloudmlmsoftware.com\/pt-pt\/resposta-automatica\/","url":"https:\/\/cloudmlmsoftware.com\/pt-pt\/resposta-automatica\/","name":"Resposta autom\u00e1tica inteligente | Automatize sua comunica\u00e7\u00e3o facilmente","isPartOf":{"@id":"https:\/\/cloudmlmsoftware.com\/pt-pt\/#website"},"datePublished":"2024-05-22T13:37:59+00:00","dateModified":"2024-11-08T04:45:12+00:00","description":"Automatize sua comunica\u00e7\u00e3o com nosso respondedor autom\u00e1tico inteligente. Economize tempo, aumente o envolvimento e forne\u00e7a respostas oportunas e sem esfor\u00e7o.","breadcrumb":{"@id":"https:\/\/cloudmlmsoftware.com\/pt-pt\/resposta-automatica\/#breadcrumb"},"inLanguage":"pt-PT","potentialAction":[{"@type":"ReadAction","target":["https:\/\/cloudmlmsoftware.com\/pt-pt\/resposta-automatica\/"]}]},{"@type":"BreadcrumbList","@id":"https:\/\/cloudmlmsoftware.com\/pt-pt\/resposta-automatica\/#breadcrumb","itemListElement":[{"@type":"ListItem","position":1,"name":"Home","item":"https:\/\/cloudmlmsoftware.com\/pt-pt\/"},{"@type":"ListItem","position":2,"name":"resposta autom\u00e1tica"}]},{"@type":"WebSite","@id":"https:\/\/cloudmlmsoftware.com\/pt-pt\/#website","url":"https:\/\/cloudmlmsoftware.com\/pt-pt\/","name":"Cloud MLM Software","description":"","publisher":{"@id":"https:\/\/cloudmlmsoftware.com\/pt-pt\/#organization"},"potentialAction":[{"@type":"SearchAction","target":{"@type":"EntryPoint","urlTemplate":"https:\/\/cloudmlmsoftware.com\/pt-pt\/?s={search_term_string}"},"query-input":{"@type":"PropertyValueSpecification","valueRequired":true,"valueName":"search_term_string"}}],"inLanguage":"pt-PT"},{"@type":"Organization","@id":"https:\/\/cloudmlmsoftware.com\/pt-pt\/#organization","name":"Cloud MLM Software","url":"https:\/\/cloudmlmsoftware.com\/pt-pt\/","logo":{"@type":"ImageObject","inLanguage":"pt-PT","@id":"https:\/\/cloudmlmsoftware.com\/pt-pt\/#\/schema\/logo\/image\/","url":"https:\/\/cloudmlmsoftware.com\/wp-content\/uploads\/2024\/09\/cloudmlm-logo.webp","contentUrl":"https:\/\/cloudmlmsoftware.com\/wp-content\/uploads\/2024\/09\/cloudmlm-logo.webp","width":200,"height":40,"caption":"Cloud MLM Software"},"image":{"@id":"https:\/\/cloudmlmsoftware.com\/pt-pt\/#\/schema\/logo\/image\/"}}]}},"_links":{"self":[{"href":"https:\/\/cloudmlmsoftware.com\/pt-pt\/wp-json\/wp\/v2\/pages\/12396","targetHints":{"allow":["GET"]}}],"collection":[{"href":"https:\/\/cloudmlmsoftware.com\/pt-pt\/wp-json\/wp\/v2\/pages"}],"about":[{"href":"https:\/\/cloudmlmsoftware.com\/pt-pt\/wp-json\/wp\/v2\/types\/page"}],"author":[{"embeddable":true,"href":"https:\/\/cloudmlmsoftware.com\/pt-pt\/wp-json\/wp\/v2\/users\/1"}],"replies":[{"embeddable":true,"href":"https:\/\/cloudmlmsoftware.com\/pt-pt\/wp-json\/wp\/v2\/comments?post=12396"}],"version-history":[{"count":0,"href":"https:\/\/cloudmlmsoftware.com\/pt-pt\/wp-json\/wp\/v2\/pages\/12396\/revisions"}],"wp:attachment":[{"href":"https:\/\/cloudmlmsoftware.com\/pt-pt\/wp-json\/wp\/v2\/media?parent=12396"}],"curies":[{"name":"wp","href":"https:\/\/api.w.org\/{rel}","templated":true}]}}