{"id":8070,"date":"2024-06-26T10:23:43","date_gmt":"2024-06-26T10:23:43","guid":{"rendered":"https:\/\/cloudmlmsoftware.com\/sullazienda\/"},"modified":"2024-09-25T11:06:06","modified_gmt":"2024-09-25T11:06:06","slug":"circa-la-societa","status":"publish","type":"page","link":"https:\/\/cloudmlmsoftware.com\/it\/circa-la-societa\/","title":{"rendered":"Informazioni sull&#8217;azienda"},"content":{"rendered":"\n<div class=\"bannerBgcolor BannerBg pt-16 pb-20 overflow-hidden relative\">\n        <div class=\"animation-wrapper\">\n            <div class=\"particle particle-1\"><\/div>\n            <div class=\"particle particle-2\"><\/div>\n            <div class=\"particle particle-3\"><\/div>\n            <div class=\"particle particle-4\"><\/div>\n        <\/div>\n        <div class=\"container mx-auto xl:h-[550px] h-auto\">\n            <div class=\"flex flex-wrap md:flex-row flex-col-reverse items-center\">\n                <div class=\"md:basis-7\/12 sm:basis-12\/12 pt-12 md:pt-0\">\n                    <h1 class=\"lg:text-mainTitleFontSize sm:text-3xl text-3xl text-white lg:leading-snug \"> Eccone un po&#8221;<span class=\"font-bold animate-charcter-offwhite\">Fatti<\/span>&#8216;<span class=\"font-bold animate-charcter-offwhite\">DiSoluzioni software Bpract<\/span>\n                    <\/h1>\n\n                    <p class=\"offlightWhite pt-3 text-md\">Bpract Software Solutions offre prodotti software innovativi, con il software Cloud MLM come nostra offerta di punta. Ci concentriamo su qualit\u00e0, eccellenza e soluzioni orientate al cliente nel settore tecnologico.  <\/p>\n                <\/div>\n                <div class=\"md:basis-5\/12 sm:basis-12\/12 pl-4 pr-0 py-4\">\n                    <img decoding=\"async\" src=\"\/wp-content\/uploads\/2024\/09\/about_banner-4.webp\" alt=\"miglior software mlm\" width=\"484\" height=\"408\"\/>\n\n                <\/div>\n            <\/div>\n        <\/div>\n    <\/div>\n    <!-- ************************************************************************************* -->\n    <section class=\"p-sectionpadding\">\n\n        <div class=\"container mx-auto mt-8\">\n            <!-- Left side box -->\n            <div class=\"flex flex-wrap lg:space-x-8\">\n                <div class=\"relative hidden lg:flex lg:flex-1 w-full lg:w-4\/12 primaryColor rounded-2xl p-12 pb-0 mb-2\">\n                    <img decoding=\"async\" src=\"\/wp-content\/uploads\/2024\/08\/banner_lightDashboard.webp\" alt=\"immagine\" class=\"absolute bottom-[-2px] left-0 right-0 mx-auto w-[86%]\"\/>\n                <\/div>\n                <div class=\"w-full lg:w-8\/12 lighter flex-col flex justify-center rounded-2xl overflow-hidden p-6 lg:p-12 mb-2\">\n                    <h2 class=\"md:text-TitlesemiFontSize titleColor text-2xl lg:leading-snug capitalize\">\n                        <span class=\"font-bold\">Soluzioni software Bpract<\/span> che offrono il miglior software MLM <\/h2>\n\n                    <p class=\"text-textpara font-light leading-6 py-3\">Bpract software solutions ha oltre otto anni di esperienza nel fornire i migliori servizi ai nostri clienti in tutto il mondo. Cloud MLM \u00e8 uno dei prodotti di punta di Bpract, che offre un&#8217;esperienza senza interruzioni ai suoi utenti.  <\/p>\n\n                    <p class=\"text-textpara font-light leading-6 pb-3\">\u00c8 uno strumento appositamente progettato che aiuta a gestire tutte le operazioni all&#8217;interno del sistema di network marketing con piani di compensazione unici, strumenti avanzati e team di supporto. Se stai cercando una soluzione software efficace, il cloud MLM \u00e8 la scelta migliore per te. Affidati alle <a href=\"https:\/\/bpract.com\/\" target=\"_blank\" rel=\"noopener\"><span style=\"color:#3498db;\"><b>soluzioni software Bpract LLP<\/b><\/span><\/a> e gestisci le tue attivit\u00e0 complesse nel modo pi\u00f9 semplice possibile. Ti guideremo attraverso!   <\/p>\n                <\/div>\n            <\/div>\n        <\/div>\n    <\/section>\n\n\n    <!-- ************************** -->\n    <section class=\"p-sectionpadding\">\n        <div class=\"container mx-auto\">\n            <div class=\"relative darkblue rounded-2xl p-6 md:p-12 py-16 overflow-hidden\">\n                <!-- Left side box -->\n                <div class=\"flex flex-wrap md:flex-row flex-col-reverse\">\n                    <div class=\"relative hidden lg:flex w-4\/12 bottom-0 right-0 mb-6 md:mb-0\">\n                        <img decoding=\"async\" src=\"\/wp-content\/uploads\/2024\/09\/who-weAre.webp\" alt=\"I 5 migliori software mlm\" class=\"md:absolute bottom-[-80px] left-[-50px] w-full rounded-tr-xl\"\/>\n                    <\/div>\n\n                    <div class=\" w-full lg:w-8\/12 pb-4\">\n                        <h2 class=\"md:text-TitlesemiFontSize text-2xl text-white lg:leading-snug capitalize\">\n                            <span class=\"font-bold\">Chi siamo? <\/span>\n                        <\/h2>\n                        <h3 class=\"text-xl offWhite lg:leading-snug font-light capitalize my-3\"> Il software MLM pi\u00f9 affidabile sul mercato <\/h3>\n\n                        <p class=\"text-textpara offWhite font-light leading-6 py-2\">Cercate le migliori soluzioni di software MLM per sviluppare un software MLM per il vostro business MLM? Allora sei nel posto giusto!! Cloud MLM \u00e8 una delle pi\u00f9 grandi societ\u00e0 di sviluppo di software MLM al mondo, con anni di esperienza nel settore MLM. Se gestisci qualsiasi tipo di attivit\u00e0 MLM, avere gli strumenti giusti per gestire le tue attivit\u00e0 \u00e8 la chiave del successo.<\/p>\n\n                        <p class=\"text-textpara offWhite font-light leading-6 py-2\">Il nostro software MLM \u00e8 costruito in modo tale da poterti assistere nel completamento di diversi compiti della tua attivit\u00e0 utilizzando la sua variet\u00e0 di funzionalit\u00e0. Consegna sempre software di qualit\u00e0 per i nostri clienti analizzando le loro esigenze aziendali. Il software Cloud MLM \u00e8 progettato per rendere il processo di generazione di lead pi\u00f9 produttivo. Puoi tenere traccia dei membri del tuo downline che hai reclutato, cos\u00ec come di eventuali prospect o lead.  <\/p>\n\n                        <div class=\"w-full flex flex-wrap mt-8\">\n                            <div class=\"lg:flex-1 w-full lg:w-4\/12\">\n                                <b class=\"font-semibold offWhite\">INIZIATO IL VIAGGIO<\/b>\n                                <div class=\"text-[65px] primaryTextColor font-bold leading-none\">2015<\/div>\n                            <\/div>\n                            <div class=\"w-full lg:w-8\/12\">\n                                <ul class=\"flex flex-wrap mt-5 lg:mt-0 list1\">\n                                    <li class=\"text-textpara offWhite leading-6 mb-3\">Soluzioni facili ed emergenziali in qualsiasi momento<\/li>\n                                    <li class=\"text-textpara offWhite leading-6 mb-3\">Ottieni un prezzo conveniente fino a 6 anni<\/li>\n                                    <li class=\"text-textpara offWhite leading-6 mb-3\">Squadre pi\u00f9 affidabili ed esperte<\/li>\n                                <\/ul>\n                            <\/div>\n                        <\/div>\n                    <\/div>\n\n                <\/div>\n            <\/div>\n        <\/div>\n    <\/section>\n    <!-- =========================================================== -->\n    <section class=\"p-sectionpadding\">\n        <div class=\"container mx-auto\">\n            <div class=\"flex flex-wrap\">\n           \n                <div class=\"w-full flex flex-wrap justify-between items-center mt-4\">\n\n                    <div class=\"w-full lg:w-4\/12\">\n                    \n                        <h3 class=\"lg:text-4xl text-2xl titleColor lg:leading-snug mt-3\">\n                            <span class=\"font-bold\">Essere una delle migliori societ\u00e0 di sviluppo software MLM. <\/span> Diamo pi\u00f9 importanza alla qualit\u00e0 del nostro software e lo consegniamo onestamente ai nostri clienti. <\/h3>\n                    <\/div>\n              \n                    <div class=\"w-full lg:w-7\/12\">\n                        <div class=\"w-full flex flex-wrap pt-2\">\n\n                            <div class=\"w-full lg:w-6\/12 flex flex-col justify-between\">\n                                <p class=\"contentColor text-lg pt-5 leading-6 mb-3\"> I nostri obiettivi principali sono, <\/p>\n\n                                <div class=\"lightBg text-lg p-6 md:p-12 rounded-xl mt-3 titleColor font-light relative overflow-hidden h-full\">\n                                    <span class=\"dummycountMatrix\">01<\/span> Offrire il miglior software MLM per le aziende indipendentemente dal tipo, dalla dimensione e dalla struttura. <\/div>\n                                <div class=\"lightBg text-lg titleColor p-6 md:p-12 rounded-xl mt-3 lg:mt-5 h-full font-light relative overflow-hidden\">\n                                    <span class=\"dummycountMatrix\">03<\/span> Rimani come la migliore azienda di sviluppo di software MLM in futuro. <\/div>\n                            <\/div>\n\n                            <div class=\"w-full lg:w-6\/12 pl-0 lg:pl-5 flex flex-col justify-between\">\n                                <div class=\"lightBg text-lg p-6 md:p-12 rounded-xl mt-3 h-full titleColor font-light relative overflow-hidden\">\n                                    <span class=\"dummycountMatrix\">02<\/span> Scopri ed esplora nuove tecnologie nel nostro MLM Software in modo economicamente conveniente. <\/div>\n                                <div class=\"lightBg text-lg p-6 md:p-12 rounded-xl mt-3 lg:mt-5 h-full titleColor font-light relative overflow-hidden\">\n                                    <span class=\"dummycountMatrix\">04<\/span> Espandi i nostri servizi di sviluppo del software MLM in tutto il mondo. <\/div>\n                            <\/div>\n\n                        <\/div>\n                    <\/div>\n\n                <\/div>\n            <\/div>\n        <\/div>\n    <\/section>\n    <!-- ========================================================================= -->\n    <section class=\"p-sectionpadding\">\n        <div class=\"container mx-auto\">\n\n            <div class=\"relative primaryColor rounded-2xl p-6 sm:p-12 overflow-hidden\">\n                <div class=\"flex flex-wrap\">\n                    <div class=\"w-full md:w-6\/12 pr-0 md:pr-6\">\n                        <h4 class=\"lg:text-TitlesemiFontSize text-2xl text-white lg:leading-snug mt-3\">\n                             <span class=\"font-bold\">Perch\u00e9 scegliere<\/span> Cloud MLM Software? <\/h4>\n                        <p class=\"text-textSubtitle text-white text-sm font-light pt-5 leading-6 mb-3\"> Cloud MLM Software \u00e8 la migliore decisione di software MLM che potrai mai intraprendere. Se sei una startup o una rete pi\u00f9 grande, forniamo tutte le funzionalit\u00e0 necessarie per gestire il tuo business MLM online. Il software MLM creato da Cloud MLM offre un&#8217;ampia personalizzazione ai suoi utenti senza alcun limite. Il software MLM ha anche vari colori e temi personalizzati tra cui gli utenti possono scegliere la loro forma preferita.    <\/p>\n                    <\/div>\n                    <div class=\"w-full lg:w-6\/12\">\n                        <h3 class=\"lg:text-TitlesemiFontSize text-2xl text-white lg:leading-snug mt-3\">\n                            <span class=\"font-bold\"> Cosa offriamo? <\/span>\n                        <\/h3>\n\n                        <p class=\"text-textSubtitle text-white text-sm font-light pt-5 leading-6 mb-3\"> I servizi che offriamo ai nostri clienti sono <\/p>\n\n                        <ul class=\"mt-4 block pr-0 sm:pr-10\">\n\n                            <li class=\"flex items-start space-x-2 bg-white duration-300 py-3 px-4 rounded-xl mb-3 w-full md:w-auto\">\n                            <img decoding=\"async\" src=\"https:\/\/cloudmlmsoftware.com\/wp-content\/uploads\/2024\/07\/list1.webp\" width=\"20\" height=\"20\" alt=\"lista\"\/>\n                            <b class=\"font-normal text-slate-950 text-sm\">Software MLM self-hosted basato sul Web.<\/b>\n                            <\/li>\n                            <li class=\"flex items-start space-x-2 bg-white duration-300 py-3 px-4 rounded-xl mb-3 w-full md:w-auto\">\n                            <img decoding=\"async\" src=\"https:\/\/cloudmlmsoftware.com\/wp-content\/uploads\/2024\/07\/list1.webp\" width=\"20\" height=\"20\" alt=\"lista\"\/>\n                            <b class=\"font-normal text-slate-950 text-sm\">Personalizzazioni software di marketing multilivello senza limiti.<\/b>\n                            <\/li>\n                            <li class=\"flex items-start space-x-2 bg-white duration-300 py-3 px-4 rounded-xl mb-3 w-full md:w-auto\">\n                            <img decoding=\"async\" src=\"https:\/\/cloudmlmsoftware.com\/wp-content\/uploads\/2024\/07\/list1.webp\" width=\"20\" height=\"20\" alt=\"lista\"\/>\n                            <b class=\"font-normal text-slate-950 text-sm\">Offre analisti aziendali per chiarire dubbi sui piani MLM.<\/b>\n                            <\/li>\n                            <li class=\"flex items-start space-x-2 bg-white duration-300 py-3 px-4 rounded-xl mb-3 w-full md:w-auto\">\n                            <img decoding=\"async\" src=\"https:\/\/cloudmlmsoftware.com\/wp-content\/uploads\/2024\/07\/list1.webp\" width=\"20\" height=\"20\" alt=\"lista\"\/>\n                            <b class=\"font-normal text-slate-950 text-sm\">Piani di remunerazione MLM convenienti.<\/b>\n                            <\/li>\n                            \n                        <\/ul>\n                    <\/div>\n                <\/div>\n            <\/div>\n        <\/div>\n    <\/section>\n    <!-- ========================================================================= -->\n    <section class=\"p-sectionpadding\">\n        <div class=\"container mx-auto\">\n            <div class=\"w-full darkblue px-6 lg:px-10 py-10 md:py-16 rounded-2xl\">\n\n\n                <div class=\"flex flex-wrap md:flex-row flex-col-reverse w-full mb-4 items-center\">\n                    <div class=\"w-full md:w-1\/2 font-light\">\n                        <h4 class=\"text-white text-3xl lg:leading-snug capitalize mb-5\"> \u00bfD\u00f3nde nos <span class=\"font-bold\">encontramos?<\/span> \n                        <\/h4>\n\n                        <p class=\"text-textSubtitle text-white text-sm font-light leading-6 mb-3\"> Abbiamo un team di sviluppatori software con una profonda conoscenza del marketing multilivello e del suo algoritmo di successo. Utilizziamo le tecnologie pi\u00f9 recenti per creare, proteggere e garantire che tu abbia la migliore esperienza. Forniamo tutto ci\u00f2 di cui hai bisogno per creare campagne di marketing vincenti e tenere traccia delle tue attivit\u00e0 di vendita e reclutamento, il tutto da un&#8217;unica comoda dashboard che aiuter\u00e0 la tua azienda a crescere con successo.  <\/p>\n\n                        <p class=\"text-textSubtitle titleColor font-light py-7 leading-6 mb-3 lighter px-6 rounded-md mt-6 border-l-8 border-sky-500\"> Incontriamo i nostri clienti su reti sociali come Skype, Whatsapp e Hangout, utilizziamo tali piattaforme per avviare piani con le aziende sul loro software MLM. <\/p>\n                    <\/div>\n\n                    <div class=\"w-full md:w-1\/2 font-light mb-4\">\n                            <img decoding=\"async\" src=\"\/wp-content\/uploads\/2024\/07\/wemeet.webp\" width=\"503\" height=\"336\" alt=\"Software MLM\"\/>    \n                    <\/div>\n                <\/div>\n            <\/div>\n\n        <\/div>\n    <\/section>\n\n    <!-- ========================================================================= -->\n\n\n    <section class=\"p-sectionpadding\">\n        <div class=\"container mx-auto\">\n\n            <div class=\"text-left lg:text-center\">\n\n                <h3 class=\"titleColor text-2xl lg:text-3xl lg:leading-snug capitalize mb-5 w-full lg:w-6\/12 mx-auto\"> Come abbiamo ottenuto il titolo <span class=\"font-bold\">&#8220;Migliore societ\u00e0 di sviluppo di software MLM&#8221;?<\/span> Ecco alcune ragioni. <\/h3>\n            <\/div>\n            <div class=\"flex flex-wrap mt-8 md:mt-16 w-full\">\n                <div class=\"w-full md:w-1\/2 font-light\">\n                    <ul class=\"flex flex-wrap list1 pr-0 md:pr-6\">\n                        <li class=\"text-textpara contentColor font-light leading-6 mb-3\">Utilizziamo tecnologie di prim&#8217;ordine per costruire il software MLM.<\/li>\n                        <li class=\"text-textpara contentColor font-light leading-6 mb-3\">Ulteriori strati per la sicurezza e la velocit\u00e0 nel Software MLM.<\/li>\n                        <li class=\"text-textpara contentColor font-light leading-6 mb-3\">Il miglior supporto del pianeta dopo aver fornito il Software MLM per il tuo business.<\/li>\n                        <li class=\"text-textpara contentColor font-light leading-6 mb-3\">Team di gestione e sviluppo amichevole che lavora duro per renderlo il migliore e ancora migliore.<\/li>\n                        <li class=\"text-textpara contentColor font-light leading-6 mb-3\">Personalizza come immagini<\/li>\n                        <li class=\"text-textpara contentColor font-light leading-6 mb-3\">Software MLM per affari di marketing multilivello e demo gratuita per i piani binario, Matrix e unilivello.<\/li>\n                        <li class=\"text-textpara contentColor font-light leading-6 mb-3\">Software MLM per network marketing multilivello e business di vendita diretta, e per le esigenze di marketing affiliato.<\/li>\n                    <\/ul>\n                <\/div>\n                <div class=\"w-full md:w-1\/2 font-light\">\n                    <ul class=\"flex flex-wrap list1\">\n                        <li class=\"text-textpara contentColor font-light leading-6 mb-3\">Utilizzando il software Cloud MLM, \u00e8 molto facile gestire il marketing online in modo pi\u00f9 facile e sicuro.<\/li>\n                        <li class=\"text-textpara contentColor font-light leading-6 mb-3\">Il nostro software MLM non complica mai le cose, anzi le rende pi\u00f9 facili per te, i tuoi partner commerciali e i tuoi utenti.<\/li>\n                        <li class=\"text-textpara contentColor font-light leading-6 mb-3\">Siamo il miglior team che sviluppa software MLM per le aziende di business MLM e forniamo una demo gratuita del software con piani binari, matrix, unilevel.<\/li>\n                        <li class=\"text-textpara contentColor font-light leading-6 mb-3\">Supporto per piani illimitati. Binary, Matrix, unilevel, donazione, ricarica, board e molti altri piani personalizzati tra cui scegliere! Il tuo piano, il tuo software.  <\/li>\n                        <li class=\"text-textpara contentColor font-light leading-6 mb-3\">Cloud MLM Software \u00e8 la soluzione definitiva per la gestione dell&#8217;attivit\u00e0 MLM, con moduli testati e processi automatizzati, Il miglior software MLM al mondo.<\/li>\n                    <\/ul>\n                <\/div>\n            <\/div>\n        <\/div>\n\n\n    <\/section>\n","protected":false},"excerpt":{"rendered":"<p>Eccone un po&#8221;Fatti&#8216;DiSoluzioni software Bpract Bpract Software Solutions offre prodotti software innovativi, con il software Cloud MLM come nostra offerta di punta. Ci concentriamo su qualit\u00e0, eccellenza e soluzioni orientate al cliente nel settore tecnologico. Soluzioni software Bpract che offrono il miglior software MLM Bpract software solutions ha oltre otto anni di esperienza nel fornire [&hellip;]<\/p>\n","protected":false},"author":1,"featured_media":0,"parent":0,"menu_order":0,"comment_status":"closed","ping_status":"closed","template":"about-page.php","meta":{"_acf_changed":false,"footnotes":""},"class_list":["post-8070","page","type-page","status-publish","hentry"],"acf":[],"yoast_head":"<!-- This site is optimized with the Yoast SEO Premium plugin v23.6 (Yoast SEO v25.9) - https:\/\/yoast.com\/wordpress\/plugins\/seo\/ -->\n<title>Informazioni sull&#039;azienda | Software Cloud MLM<\/title>\n<meta name=\"description\" content=\"Cloud MLM software \u00e8 una delle migliori societ\u00e0 di sviluppo software MLM al mondo. Qui vengono spiegati i dettagli sulla nostra azienda, sui nostri prodotti e servizi.\" \/>\n<meta name=\"robots\" content=\"index, follow, max-snippet:-1, max-image-preview:large, max-video-preview:-1\" \/>\n<link rel=\"canonical\" href=\"https:\/\/cloudmlmsoftware.com\/it\/circa-la-societa\/\" \/>\n<meta property=\"og:locale\" content=\"it_IT\" \/>\n<meta property=\"og:type\" content=\"article\" \/>\n<meta property=\"og:title\" content=\"Informazioni sull&#039;azienda\" \/>\n<meta property=\"og:description\" content=\"Cloud MLM software \u00e8 una delle migliori societ\u00e0 di sviluppo software MLM al mondo. Qui vengono spiegati i dettagli sulla nostra azienda, sui nostri prodotti e servizi.\" \/>\n<meta property=\"og:url\" content=\"https:\/\/cloudmlmsoftware.com\/it\/circa-la-societa\/\" \/>\n<meta property=\"og:site_name\" content=\"Cloud MLM Software\" \/>\n<meta property=\"article:modified_time\" content=\"2024-09-25T11:06:06+00:00\" \/>\n<meta property=\"og:image\" content=\"https:\/\/cloudmlmsoftware.com\/wp-content\/uploads\/2024\/07\/list1.webp\" \/>\n<meta name=\"twitter:card\" content=\"summary_large_image\" \/>\n<meta name=\"twitter:label1\" content=\"Tempo di lettura stimato\" \/>\n\t<meta name=\"twitter:data1\" content=\"6 minuti\" \/>\n<!-- \/ Yoast SEO Premium plugin. -->","yoast_head_json":{"title":"Informazioni sull'azienda | Software Cloud MLM","description":"Cloud MLM software \u00e8 una delle migliori societ\u00e0 di sviluppo software MLM al mondo. Qui vengono spiegati i dettagli sulla nostra azienda, sui nostri prodotti e servizi.","robots":{"index":"index","follow":"follow","max-snippet":"max-snippet:-1","max-image-preview":"max-image-preview:large","max-video-preview":"max-video-preview:-1"},"canonical":"https:\/\/cloudmlmsoftware.com\/it\/circa-la-societa\/","og_locale":"it_IT","og_type":"article","og_title":"Informazioni sull'azienda","og_description":"Cloud MLM software \u00e8 una delle migliori societ\u00e0 di sviluppo software MLM al mondo. Qui vengono spiegati i dettagli sulla nostra azienda, sui nostri prodotti e servizi.","og_url":"https:\/\/cloudmlmsoftware.com\/it\/circa-la-societa\/","og_site_name":"Cloud MLM Software","article_modified_time":"2024-09-25T11:06:06+00:00","og_image":[{"url":"https:\/\/cloudmlmsoftware.com\/wp-content\/uploads\/2024\/07\/list1.webp","type":"","width":"","height":""}],"twitter_card":"summary_large_image","twitter_misc":{"Tempo di lettura stimato":"6 minuti"},"schema":{"@context":"https:\/\/schema.org","@graph":[{"@type":"WebPage","@id":"https:\/\/cloudmlmsoftware.com\/it\/circa-la-societa\/","url":"https:\/\/cloudmlmsoftware.com\/it\/circa-la-societa\/","name":"Informazioni sull'azienda | Software Cloud MLM","isPartOf":{"@id":"https:\/\/cloudmlmsoftware.com\/it\/#website"},"primaryImageOfPage":{"@id":"https:\/\/cloudmlmsoftware.com\/it\/circa-la-societa\/#primaryimage"},"image":{"@id":"https:\/\/cloudmlmsoftware.com\/it\/circa-la-societa\/#primaryimage"},"thumbnailUrl":"https:\/\/cloudmlmsoftware.com\/wp-content\/uploads\/2024\/07\/list1.webp","datePublished":"2024-06-26T10:23:43+00:00","dateModified":"2024-09-25T11:06:06+00:00","description":"Cloud MLM software \u00e8 una delle migliori societ\u00e0 di sviluppo software MLM al mondo. Qui vengono spiegati i dettagli sulla nostra azienda, sui nostri prodotti e servizi.","breadcrumb":{"@id":"https:\/\/cloudmlmsoftware.com\/it\/circa-la-societa\/#breadcrumb"},"inLanguage":"it-IT","potentialAction":[{"@type":"ReadAction","target":["https:\/\/cloudmlmsoftware.com\/it\/circa-la-societa\/"]}]},{"@type":"ImageObject","inLanguage":"it-IT","@id":"https:\/\/cloudmlmsoftware.com\/it\/circa-la-societa\/#primaryimage","url":"https:\/\/cloudmlmsoftware.com\/wp-content\/uploads\/2024\/07\/list1.webp","contentUrl":"https:\/\/cloudmlmsoftware.com\/wp-content\/uploads\/2024\/07\/list1.webp"},{"@type":"BreadcrumbList","@id":"https:\/\/cloudmlmsoftware.com\/it\/circa-la-societa\/#breadcrumb","itemListElement":[{"@type":"ListItem","position":1,"name":"Home","item":"https:\/\/cloudmlmsoftware.com\/it\/"},{"@type":"ListItem","position":2,"name":"Informazioni sull&#8217;azienda"}]},{"@type":"WebSite","@id":"https:\/\/cloudmlmsoftware.com\/it\/#website","url":"https:\/\/cloudmlmsoftware.com\/it\/","name":"Cloud MLM Software","description":"","publisher":{"@id":"https:\/\/cloudmlmsoftware.com\/it\/#organization"},"potentialAction":[{"@type":"SearchAction","target":{"@type":"EntryPoint","urlTemplate":"https:\/\/cloudmlmsoftware.com\/it\/?s={search_term_string}"},"query-input":{"@type":"PropertyValueSpecification","valueRequired":true,"valueName":"search_term_string"}}],"inLanguage":"it-IT"},{"@type":"Organization","@id":"https:\/\/cloudmlmsoftware.com\/it\/#organization","name":"Cloud MLM Software","url":"https:\/\/cloudmlmsoftware.com\/it\/","logo":{"@type":"ImageObject","inLanguage":"it-IT","@id":"https:\/\/cloudmlmsoftware.com\/it\/#\/schema\/logo\/image\/","url":"https:\/\/cloudmlmsoftware.com\/wp-content\/uploads\/2024\/09\/cloudmlm-logo.webp","contentUrl":"https:\/\/cloudmlmsoftware.com\/wp-content\/uploads\/2024\/09\/cloudmlm-logo.webp","width":200,"height":40,"caption":"Cloud MLM Software"},"image":{"@id":"https:\/\/cloudmlmsoftware.com\/it\/#\/schema\/logo\/image\/"}}]}},"_links":{"self":[{"href":"https:\/\/cloudmlmsoftware.com\/it\/wp-json\/wp\/v2\/pages\/8070","targetHints":{"allow":["GET"]}}],"collection":[{"href":"https:\/\/cloudmlmsoftware.com\/it\/wp-json\/wp\/v2\/pages"}],"about":[{"href":"https:\/\/cloudmlmsoftware.com\/it\/wp-json\/wp\/v2\/types\/page"}],"author":[{"embeddable":true,"href":"https:\/\/cloudmlmsoftware.com\/it\/wp-json\/wp\/v2\/users\/1"}],"replies":[{"embeddable":true,"href":"https:\/\/cloudmlmsoftware.com\/it\/wp-json\/wp\/v2\/comments?post=8070"}],"version-history":[{"count":0,"href":"https:\/\/cloudmlmsoftware.com\/it\/wp-json\/wp\/v2\/pages\/8070\/revisions"}],"wp:attachment":[{"href":"https:\/\/cloudmlmsoftware.com\/it\/wp-json\/wp\/v2\/media?parent=8070"}],"curies":[{"name":"wp","href":"https:\/\/api.w.org\/{rel}","templated":true}]}}