{"id":7994,"date":"2024-08-10T06:06:45","date_gmt":"2024-08-10T06:06:45","guid":{"rendered":"https:\/\/cloudmlmsoftware.com\/script-hyip\/"},"modified":"2024-12-02T06:22:13","modified_gmt":"2024-12-02T06:22:13","slug":"scrittura-hyip","status":"publish","type":"page","link":"https:\/\/cloudmlmsoftware.com\/it\/scrittura-hyip\/","title":{"rendered":"Script HYIP"},"content":{"rendered":"\n<div class=\"bannerBgcolor BannerBg pt-16 pb-20 overflow-hidden relative\">\n   <div class=\"animation-wrapper\">\n      <div class=\"particle particle-1\"><\/div>\n      <div class=\"particle particle-2\"><\/div>\n      <div class=\"particle particle-3\"><\/div>\n      <div class=\"particle particle-4\"><\/div>\n   <\/div>\n   <div class=\"container mx-auto xl:h-[504px] h-auto\">\n      <div class=\"flex flex-wrap md:flex-row flex-col-reverse items-center\">\n         <div class=\"md:basis-7\/12 sm:basis-12\/12 pt-12\">\n            <h1 class=\"lg:text-mainTitleFontSize sm:text-3xl text-3xl text-white lg:leading-snug my-4\"><span class=\"font-bold\">Che cos&#8217;\u00e8 <\/span><span class=\"font-bold animate-charcter-offwhite\"> Uno script HYIP?<\/span><\/h1>\n            <p class=\"offlightWhite pt-3 text-md\">Il software HYIP \u00e8 una soluzione software avanzata creata su misura per creare e gestire piattaforme di investimento online che promettono alti rendimenti.\nConosciuto come Programma di Investimento ad Alto Rendimento, o HYIP, sta diventando un&#8217;opzione di investimento molto popolare grazie alla sua promessa di ottenere rendimenti sostanziosi in un breve periodo. <\/p>\n            <p class=\"offlightWhite pt-3 text-md\">In risposta a questa tendenza crescente, abbiamo incorporato uno script HYIP nel nostro software MLM, segnando un&#8217;innovazione significativa nel settore.\nQuesto script \u00e8 una parte fondamentale di ogni moderno software di Multi-Level Marketing (MLM).\nRende pi\u00f9 facile per le aziende gestire i piani di investimento e monitorare i guadagni.    <\/p>\n         <\/div>\n         <div class=\"md:basis-5\/12 sm:basis-12\/12 pl-4 pr-0 py-14\"> <img decoding=\"async\" src=\"\/wp-content\/uploads\/2024\/08\/directselling.webp\" alt=\"software mlm\" width=\"512\" height=\"422\" class=\"pulseBannerImg\"\/> <\/div>\n      <\/div>\n   <\/div>\n<\/div>\n<!-- ********************************************************* --> \n<section class=\"p-sectionpadding\">\n   <div class=\"container mx-auto pt-20\">\n      <div class=\"flex flex-wrap lg:space-x-8 mt-5\">\n         <div class=\"w-full lg:w-8\/12 overflow-hidden lighter rounded-2xl px-6 md:px-8 py-10 md:py-8 mb-2\">\n            <h2 class=\"text-3xl titleColor lg:leading-snug\">  Perch\u00e9 lo <span class=\"font-bold\"> script HYIP<\/span> <br\/> \u00e8 importante nel software MLM?  <\/h2>\n            <p class=\"font-light pt-3 leading-6\">  L&#8217;integrazione dello script HYIP nel software MLM \u00e8 fondamentale.\nPorta diversi vantaggi,   <\/p>\n            <ul class=\"flex flex-wrap space-x-2 mt-6 ml-[-12px] list1\">\n               <li class=\"text-textpara contentColor font-light leading-6 mb-3 ml-2\">\n                  <b class=\"font-semibold text-lg\">Gestione efficiente<\/b> \n                  <p class=\"font-light pt-1 leading-6\">  Semplifica la gestione di piani di investimento e pagamenti complessi.  <\/p>\n               <\/li>\n               <li class=\"text-textpara contentColor font-light leading-6 mb-3 ml-2\">\n                  <b class=\"font-semibold text-lg\">Tracciamento e reportistica<\/b> \n                  <p class=\"font-light pt-1 leading-6\">  Fornisce report dettagliati e opzioni di tracciamento per un migliore controllo.  <\/p>\n               <\/li>\n               <li class=\"text-textpara contentColor font-light leading-6 mb-3 ml-2\">\n                  <b class=\"font-semibold text-lg\">Facile da usare<\/b> \n                  <p class=\"font-light pt-1 leading-6\">  Rende pi\u00f9 facile la navigazione e l&#8217;utilizzo della piattaforma sia per gli amministratori che per gli utenti.  <\/p>\n               <\/li>\n            <\/ul>\n         <\/div>\n         <div class=\"lg:flex-1 w-full lg:w-4\/12 primaryColor rounded-2xl px-6 md:px-12 py-10 md:py-12 mb-2 relative overflow-hidden\">\n            <p><\/p>\n            <p class=\"text-white font-light pt-3 leading-6 offWhite\"> Ogni azienda \u00e8 unica, e lo sono anche le sue esigenze. La personalizzazione dello script HYIP \u00e8 fondamentale perch\u00e9 pu\u00f2 essere adattato per soddisfare requisiti aziendali specifici, adattarsi alle crescenti esigenze delle aziende e offrire funzionalit\u00e0 pi\u00f9 attraenti per gruppi di utenti specifici. Questa flessibilit\u00e0 garantisce che lo script possa adattarsi e migliorare il tuo modello di business unico, amplificando cos\u00ec la tua presenza e il tuo traffico online.   <\/p>\n         <\/div>\n      <\/div>\n      <p> <\/p>\n   <\/div>\n<\/section>\n<!-- ************************************************************************************* --> \n<section class=\"p-sectionpadding\">\n   <div class=\"container mx-auto\">\n      <div class=\"flex flex-wrap lg:space-x-8 mt-5\">\n         <div class=\"lg:flex-1 w-full lg:w-4\/12 primaryColor rounded-2xl px-6 md:px-12 py-10 md:py-12 mb-2 relative overflow-hidden\"> <img decoding=\"async\" src=\"\/wp-content\/uploads\/2024\/09\/features.webp\" alt=\"Immagine\" class=\"relative lg:absolute bottom-0 left-0 right-0 mx-auto\"\/> <\/div>\n         <div class=\"w-full lg:w-8\/12 overflow-hidden lighter rounded-2xl px-6 md:px-8 py-10 md:py-8 mb-2\">\n            <h3 class=\"text-3xl titleColor lg:leading-snug\"> Caratteristiche principali dello <span class=\"font-bold\">script HYIP<\/span> di CloudMLM <\/h3>\n            <p class=\"font-light pt-3 leading-6\">  Il nostro script HYIP, integrato nel software MLM, vanta diverse caratteristiche.  <\/p>\n            <ul class=\"flex flex-wrap space-x-2 mt-6 ml-[-12px] list1\">\n               <li class=\"text-textpara contentColor font-light leading-6 mb-3 ml-2\">\n                  <b class=\"font-semibold text-lg\">Interfaccia intuitiva<\/b> \n                  <p class=\"font-light pt-1 leading-6\">  Il nostro script HYIP vanta un&#8217;interfaccia user-friendly che semplifica la navigazione e il funzionamento, rendendolo accessibile agli utenti con diversi livelli di competenza tecnologica.  <\/p>\n               <\/li>\n               <li class=\"text-textpara contentColor font-light leading-6 mb-3 ml-2\">\n                  <b class=\"font-semibold text-lg\">Supporto multilingue<\/b> \n                  <p class=\"font-light pt-1 leading-6\">  Per soddisfare un pubblico globale, lo script supporta pi\u00f9 lingue, rendendolo accessibile a utenti con background linguistici diversi.  <\/p>\n               <\/li>\n               <li class=\"text-textpara contentColor font-light leading-6 mb-3 ml-2\">\n                  <b class=\"font-semibold text-lg\">Quadro tecnologico<\/b> \n                  <p class=\"font-light pt-1 leading-6\">  Costruito sul framework PHP-MVC, sfrutta uno stack tecnologico familiare e ampiamente utilizzato.  <\/p>\n               <\/li>\n            <\/ul>\n         <\/div>\n      <\/div>\n   <\/div>\n<\/section>\n<!-- ********************************************************* --> \n<section class=\"p-sectionpadding\">\n   <div class=\"container mx-auto\">\n      <div class=\"flex flex-wrap\">\n         <div class=\"w-full md:w-8\/12\">\n            <h3 class=\"lg:text-TitlesemiFontSize text-2xl titleColor lg:leading-snug mt-3\"> <span class=\"font-bold\"> Funzionalit\u00e0 <\/span> avanzate   <\/h3>\n            <p class=\"text-textSubtitle contentColor text-sm font-light pt-5 leading-6 mb-3\">  Il nostro script HYIP integrato con il software MLM non \u00e8 solo una soluzione tecnologica, ma uno strumento strategico che eleva la tua attivit\u00e0 nel settore degli investimenti ad alto rendimento e si distingue per una serie di funzioni avanzate.  <\/p>\n         <\/div>\n         <div class=\"w-full flex flex-wrap pt-2 justify-between\">\n            <div class=\"w-full lg:w-1\/3 pr-0 lg:pr-2 lg:py-2 py-0 flex flex-col justify-between\">\n               <div class=\"lighter px-7 py-7 rounded-xl mt-3 text-lg h-full\">\n                  <h4 class=\"font-semibold text-lg\">Struttura MVC<\/h4>\n                  <p class=\"text-textSubtitle contentColor text-sm font-light pt-3 leading-6 mb-3\">  Scritto in Model View Controller (MVC) Framework, semplifica l&#8217;avvio e la gestione di nuovi siti web di investimento con conoscenze minime di codifica.  <\/p>\n               <\/div>\n            <\/div>\n            <div class=\"w-full lg:w-1\/3 px-0 lg:px-2 lg:py-2 py-0 flex flex-col justify-between\">\n               <div class=\"lighter px-7 py-7 rounded-xl mt-3 text-lg h-full\">\n                  <h4 class=\"font-semibold text-lg\">Supporto di pi\u00f9 valute<\/h4>\n                  <p class=\"text-textSubtitle contentColor text-sm font-light pt-3 leading-6 mb-3\">  Accetta diverse valute globali, offrendo agli utenti opzioni di pagamento flessibili.  <\/p>\n               <\/div>\n            <\/div>\n            <div class=\"w-full lg:w-1\/3 pl-0 lg:pl-2 lg:py-2 py-0 flex flex-col justify-between\">\n               <div class=\"lighter px-7 py-7 rounded-xl mt-3 text-lg h-full\">\n                  <h4 class=\"font-semibold text-lg\">Impostazioni SMTP<\/h4>\n                  <p class=\"text-textSubtitle contentColor text-sm font-light pt-3 leading-6 mb-3\">  Permette di personalizzare le impostazioni del Simple Mail Transfer Protocol per semplificare le comunicazioni via e-mail.  <\/p>\n               <\/div>\n            <\/div>\n            <div class=\"w-full lg:w-1\/3 lg:py-2 py-0 flex flex-col justify-between pl-0 lg:pr-2\">\n               <div class=\"lighter px-7 py-7 rounded-xl mt-3 text-lg h-full\">\n                  <h4 class=\"font-semibold text-lg\">Sistemi di pagamento automatizzati<\/h4>\n                  <p class=\"text-textSubtitle contentColor text-sm font-light pt-3 leading-6 mb-3\">  Include sistemi di pagamento automatizzati che supportano diversi gateway di pagamento, garantendo un&#8217;elaborazione delle transazioni fluida ed efficiente.  <\/p>\n               <\/div>\n            <\/div>\n            <div class=\"w-full lg:w-1\/3 px-0 lg:px-2 lg:py-2 py-0 flex flex-col justify-between\">\n               <div class=\"lighter px-7 py-7 rounded-xl mt-3 text-lg h-full\">\n                  <h4 class=\"font-semibold text-lg\">Sistema di deposito facile da usare<\/h4>\n                  <p class=\"text-textSubtitle contentColor text-sm font-light pt-3 leading-6 mb-3\">  Incorpora i principali gateway di pagamento, semplificando il processo di deposito per gli utenti.  <\/p>\n               <\/div>\n            <\/div>\n            <div class=\"w-full lg:w-1\/3 pl-0 lg:pl-2 lg:py-2 py-0 flex flex-col justify-between\">\n               <div class=\"lighter px-7 py-7 rounded-xl mt-3 text-lg h-full\">\n                  <h4 class=\"font-semibold text-lg\">Importazione\/Esportazione di dati<\/h4>\n                  <p class=\"text-textSubtitle contentColor text-sm font-light pt-3 leading-6 mb-3\">  Offre una facile gestione dei dati con il supporto di vari formati di file, accessibili esclusivamente agli amministratori.  <\/p>\n               <\/div>\n            <\/div>\n            <div class=\"w-full lg:w-4\/12 pr-0 lg:pr-2 lg:py-2 py-0 flex flex-col justify-between\">\n               <div class=\"lighter px-7 py-7 rounded-xl mt-3 text-lg h-full\">\n                  <h4 class=\"font-semibold text-lg\">Gestione illimitata dei ruoli<\/h4>\n                  <p class=\"text-textSubtitle contentColor text-sm font-light pt-3 leading-6 mb-3\">  Consente un controllo degli accessi basato sui ruoli, migliorando la sicurezza dei dati e l&#8217;efficienza della gestione.  <\/p>\n               <\/div>\n            <\/div>\n            <div class=\"w-full lg:w-8\/12 pl-0 lg:pl-2 lg:py-2 py-0 flex flex-col justify-between\">\n               <div class=\"lighter px-7 py-7 rounded-xl mt-3 text-lg h-full\">\n                  <p class=\"text-textSubtitle contentColor text-sm font-light pt-3 leading-6 mb-3\">  Queste caratteristiche aggiuntive, combinate con le caratteristiche fondamentali del nostro script HYIP, creano uno strumento potente, versatile e sicuro, migliorando l&#8217;efficacia e l&#8217;attrattiva del software MLM nel competitivo settore degli investimenti.  <\/p>\n               <\/div>\n            <\/div>\n         <\/div>\n      <\/div>\n   <\/div>\n<\/section>\n\n\n<section class=\"p-sectionpadding\">\n   <div class=\"container mx-auto\">\n      <div class=\"relative lighter rounded-2xl p-6 md:p-12 py-16 overflow-hidden\">\n         <div class=\"flex flex-wrap md:flex-row flex-col-reverse\">\n            <div class=\"w-full md:w-9\/12 pb-4\">\n               <h4 class=\"md:text-TitlesemiFontSize text-2xl lg:leading-snug capitalize\">\n                  <span class=\"font-bold\">Inizia con la<\/span> demo dello script HYIP <\/h4>\n               <p class=\"text-textpara font-light leading-6 py-3\"> Grazie al suo mix di personalizzazione, funzioni avanzate e design facile da usare, il modulo HYIP \u00e8 una risorsa preziosa per chiunque voglia farsi notare nel mondo degli investimenti online. <\/p>\n               <p class=\"text-textpara font-light leading-6 py-3\"> Prova la nostra demo gratuita del software MLM e sviluppa uno script HYIP per soddisfare le esigenze specifiche della tua azienda. <\/p>\n               <div class=\"flex space-x-4 mt-6\">\n                   <a href=\"\/pricing\" target=\"_blank\" rel=\"noopener\" class=\"bg-blue-500 text-white py-2 px-4 rounded hover:bg-blue-600 transition\">Ottieni i prezzi <\/a> <a href=\"https:\/\/cloudmlmsoftware.com\/it\/software-mlm-istanze-di-softwaredemo-gratuite\/\" target=\"_blank\" rel=\"noopener\" class=\"bg-blue-500 text-white py-2 px-4 rounded hover:bg-blue-600 transition\">Visualizza la demo<\/a> \n               <\/div>\n            <\/div>\n            <div class=\"relative w-full md:w-3\/12 bottom-0 right-0 mb-6 md:mb-0\">\n               <img decoding=\"async\" src=\"\/wp-content\/uploads\/2024\/08\/widgets-reports-copy.webp\" alt=\"Ottieni i prezzi Visualizza la demo\" class=\"md:absolute bottom-[-80px] right-[-50px] w-full\"\/>\n            <\/div>\n         <\/div>\n      <\/div>\n   <\/div>\n<\/section>\n\n\n<p><\/p>\n","protected":false},"excerpt":{"rendered":"<p>Che cos&#8217;\u00e8 Uno script HYIP? Il software HYIP \u00e8 una soluzione software avanzata creata su misura per creare e gestire piattaforme di investimento online che promettono alti rendimenti. Conosciuto come Programma di Investimento ad Alto Rendimento, o HYIP, sta diventando un&#8217;opzione di investimento molto popolare grazie alla sua promessa di ottenere rendimenti sostanziosi in un [&hellip;]<\/p>\n","protected":false},"author":1,"featured_media":0,"parent":0,"menu_order":0,"comment_status":"closed","ping_status":"closed","template":"hyipscript-page.php","meta":{"_acf_changed":false,"footnotes":""},"class_list":["post-7994","page","type-page","status-publish","hentry"],"acf":[],"yoast_head":"<!-- This site is optimized with the Yoast SEO Premium plugin v23.6 (Yoast SEO v25.9) - https:\/\/yoast.com\/wordpress\/plugins\/seo\/ -->\n<title>Script HYIP | Miglior script per la gestione HYIP<\/title>\n<meta name=\"description\" content=\"Espandi le tue opportunit\u00e0 di business personalizzando gli script HYIP. Soddisfa le tue aspettative con il modulo HYIP, adattato alle specifiche esigenze aziendali.\" \/>\n<meta name=\"robots\" content=\"index, follow, max-snippet:-1, max-image-preview:large, max-video-preview:-1\" \/>\n<link rel=\"canonical\" href=\"https:\/\/cloudmlmsoftware.com\/it\/scrittura-hyip\/\" \/>\n<meta property=\"og:locale\" content=\"it_IT\" \/>\n<meta property=\"og:type\" content=\"article\" \/>\n<meta property=\"og:title\" content=\"Script HYIP\" \/>\n<meta property=\"og:description\" content=\"Espandi le tue opportunit\u00e0 di business personalizzando gli script HYIP. Soddisfa le tue aspettative con il modulo HYIP, adattato alle specifiche esigenze aziendali.\" \/>\n<meta property=\"og:url\" content=\"https:\/\/cloudmlmsoftware.com\/it\/scrittura-hyip\/\" \/>\n<meta property=\"og:site_name\" content=\"Cloud MLM Software\" \/>\n<meta property=\"article:modified_time\" content=\"2024-12-02T06:22:13+00:00\" \/>\n<meta name=\"twitter:card\" content=\"summary_large_image\" \/>\n<meta name=\"twitter:label1\" content=\"Tempo di lettura stimato\" \/>\n\t<meta name=\"twitter:data1\" content=\"4 minuti\" \/>\n<!-- \/ Yoast SEO Premium plugin. -->","yoast_head_json":{"title":"Script HYIP | Miglior script per la gestione HYIP","description":"Espandi le tue opportunit\u00e0 di business personalizzando gli script HYIP. Soddisfa le tue aspettative con il modulo HYIP, adattato alle specifiche esigenze aziendali.","robots":{"index":"index","follow":"follow","max-snippet":"max-snippet:-1","max-image-preview":"max-image-preview:large","max-video-preview":"max-video-preview:-1"},"canonical":"https:\/\/cloudmlmsoftware.com\/it\/scrittura-hyip\/","og_locale":"it_IT","og_type":"article","og_title":"Script HYIP","og_description":"Espandi le tue opportunit\u00e0 di business personalizzando gli script HYIP. Soddisfa le tue aspettative con il modulo HYIP, adattato alle specifiche esigenze aziendali.","og_url":"https:\/\/cloudmlmsoftware.com\/it\/scrittura-hyip\/","og_site_name":"Cloud MLM Software","article_modified_time":"2024-12-02T06:22:13+00:00","twitter_card":"summary_large_image","twitter_misc":{"Tempo di lettura stimato":"4 minuti"},"schema":{"@context":"https:\/\/schema.org","@graph":[{"@type":"WebPage","@id":"https:\/\/cloudmlmsoftware.com\/it\/scrittura-hyip\/","url":"https:\/\/cloudmlmsoftware.com\/it\/scrittura-hyip\/","name":"Script HYIP | Miglior script per la gestione HYIP","isPartOf":{"@id":"https:\/\/cloudmlmsoftware.com\/it\/#website"},"datePublished":"2024-08-10T06:06:45+00:00","dateModified":"2024-12-02T06:22:13+00:00","description":"Espandi le tue opportunit\u00e0 di business personalizzando gli script HYIP. Soddisfa le tue aspettative con il modulo HYIP, adattato alle specifiche esigenze aziendali.","breadcrumb":{"@id":"https:\/\/cloudmlmsoftware.com\/it\/scrittura-hyip\/#breadcrumb"},"inLanguage":"it-IT","potentialAction":[{"@type":"ReadAction","target":["https:\/\/cloudmlmsoftware.com\/it\/scrittura-hyip\/"]}]},{"@type":"BreadcrumbList","@id":"https:\/\/cloudmlmsoftware.com\/it\/scrittura-hyip\/#breadcrumb","itemListElement":[{"@type":"ListItem","position":1,"name":"Home","item":"https:\/\/cloudmlmsoftware.com\/it\/"},{"@type":"ListItem","position":2,"name":"Script HYIP"}]},{"@type":"WebSite","@id":"https:\/\/cloudmlmsoftware.com\/it\/#website","url":"https:\/\/cloudmlmsoftware.com\/it\/","name":"Cloud MLM Software","description":"","publisher":{"@id":"https:\/\/cloudmlmsoftware.com\/it\/#organization"},"potentialAction":[{"@type":"SearchAction","target":{"@type":"EntryPoint","urlTemplate":"https:\/\/cloudmlmsoftware.com\/it\/?s={search_term_string}"},"query-input":{"@type":"PropertyValueSpecification","valueRequired":true,"valueName":"search_term_string"}}],"inLanguage":"it-IT"},{"@type":"Organization","@id":"https:\/\/cloudmlmsoftware.com\/it\/#organization","name":"Cloud MLM Software","url":"https:\/\/cloudmlmsoftware.com\/it\/","logo":{"@type":"ImageObject","inLanguage":"it-IT","@id":"https:\/\/cloudmlmsoftware.com\/it\/#\/schema\/logo\/image\/","url":"https:\/\/cloudmlmsoftware.com\/wp-content\/uploads\/2024\/09\/cloudmlm-logo.webp","contentUrl":"https:\/\/cloudmlmsoftware.com\/wp-content\/uploads\/2024\/09\/cloudmlm-logo.webp","width":200,"height":40,"caption":"Cloud MLM Software"},"image":{"@id":"https:\/\/cloudmlmsoftware.com\/it\/#\/schema\/logo\/image\/"}}]}},"_links":{"self":[{"href":"https:\/\/cloudmlmsoftware.com\/it\/wp-json\/wp\/v2\/pages\/7994","targetHints":{"allow":["GET"]}}],"collection":[{"href":"https:\/\/cloudmlmsoftware.com\/it\/wp-json\/wp\/v2\/pages"}],"about":[{"href":"https:\/\/cloudmlmsoftware.com\/it\/wp-json\/wp\/v2\/types\/page"}],"author":[{"embeddable":true,"href":"https:\/\/cloudmlmsoftware.com\/it\/wp-json\/wp\/v2\/users\/1"}],"replies":[{"embeddable":true,"href":"https:\/\/cloudmlmsoftware.com\/it\/wp-json\/wp\/v2\/comments?post=7994"}],"version-history":[{"count":0,"href":"https:\/\/cloudmlmsoftware.com\/it\/wp-json\/wp\/v2\/pages\/7994\/revisions"}],"wp:attachment":[{"href":"https:\/\/cloudmlmsoftware.com\/it\/wp-json\/wp\/v2\/media?parent=7994"}],"curies":[{"name":"wp","href":"https:\/\/api.w.org\/{rel}","templated":true}]}}