{"id":24425,"date":"2025-03-13T08:59:08","date_gmt":"2025-03-13T08:59:08","guid":{"rendered":"https:\/\/cloudmlmsoftware.com\/modulo-di-invio-di-e-mail-di-massa\/"},"modified":"2025-03-17T10:18:39","modified_gmt":"2025-03-17T10:18:39","slug":"modulo-di-invio-di-e-mail-di-massa","status":"publish","type":"page","link":"https:\/\/cloudmlmsoftware.com\/it\/modulo-di-invio-di-e-mail-di-massa\/","title":{"rendered":"Modulo di invio di e -mail di massa"},"content":{"rendered":"\n<div class=\"bannerBgcolor BannerBg pt-16 pb-20 relative overflow-hidden\">\n        <div class=\"animation-wrapper\">\n            <div class=\"particle particle-1\"><\/div>\n            <div class=\"particle particle-2\"><\/div>\n            <div class=\"particle particle-3\"><\/div>\n            <div class=\"particle particle-4\"><\/div>\n        <\/div>\n\n        <div class=\"container mx-auto xl:h-[504px] lg:h-[450px] h-auto relative z-1\">\n            <div class=\"flex flex-wrap items-center\">\n                <div class=\"md:basis-5\/12 sm:basis-12\/12 pr-4 pr-0 py-14\">\n                    <img decoding=\"async\" src=\"\/wp-content\/uploads\/2024\/08\/Modulesbanner.webp\" width=\"467\" height=\"411\" alt=\"miglior software mlm negli Stati Uniti\" class=\"pulseBannerImg\"\/>\n                <\/div>\n                <div class=\"md:basis-7\/12 sm:basis-12\/12\">\n                    <h1 class=\"lg:text-mainTitleFontSize sm:text-3xl text-3xl text-white lg:leading-snug \">\n                        <span class=\"font-bold animate-charcter-offwhite\">Modulo di invio di e -mail di massa\n                        <\/span>\n                    <\/h1>\n\n                    <p class=\"offlightWhite pt-3 text-md\">La comunicazione via e -mail svolge un ruolo vitale nel successo aziendale. Con il modulo di invio di e -mail di massa, puoi facilmente raggiungere un vasto pubblico, inviare promozioni mirate e mantenere la tua rete coinvolta. Questa funzione consente alle aziende di semplificare le campagne e -mail, garantendo una consegna efficiente di newsletter, aggiornamenti e contenuti di marketing. Automatizzando le e -mail in blocco, \u00e8 possibile risparmiare tempo, ridurre i costi e massimizzare l&#8217;impegno, rendendolo uno strumento essenziale per la crescita moderna aziendale.   \n<\/p>\n\n                <\/div>\n\n            <\/div>\n        <\/div>\n    <\/div>\n    <!-- ************************************************************************************* -->\n\n\n    <section class=\"p-sectionpadding\">\n        <div class=\"container mx-auto pt-20\">\n            <div class=\"flex flex-wrap items-start md:items-center flex-col-reverse md:flex-row\">\n                <div class=\"flex-1 w-full md:w-8\/12 pr-0 lg:pr-7 pr-0 mt-3\">\n                    <div class=\"relative\">\n\n                        <h2 class=\"lg:text-TitlesemiFontSize text-2xl titleColor lg:leading-snug capitalize\">\n Effortless <span class=\"font-bold\"> Bulk Email Communication <\/span>for Your MLM Business\n                        <\/h2>\n\n\n                        \n\n                        <p class=\"pt-6 font-light leading-6 text-textpara contentColor\">Una comunicazione efficace \u00e8 la chiave per il successo di MLM e le e -mail svolgono un ruolo cruciale nel mantenere la rete coinvolta. Il modulo di invio di e -mail di massa nel software Cloud MLM consente agli amministratori di pianificare, personalizzare e automatizzare le e -mail con facilit\u00e0. \n<\/p>\n\n\n                        <p class=\"pt-5 font-light leading-6 text-textpara contentColor\">Il nostro modulo di posta elettronica basato sul cloud \u00e8 progettato per velocit\u00e0, precisione e affidabilit\u00e0, garantendo la consegna senza soluzione di continuit\u00e0 di messaggi, aggiornamenti e notifiche promozionali. Resta in contatto con il tuo team e i potenziali clienti massimizzati senza sforzo, massimizzando l&#8217;impatto delle tue campagne di posta elettronica.  \n<\/p>\n\n                    <\/div>\n                <\/div>\n\n\n                <div class=\"hidden lg:flex items-end justify-right w-[360px] primaryColor rounded-2xl pt-20 pl-10 ml-0 md:ml-10 mb-2 pb-0 overflow-hidden mt-3\">\n                    <img decoding=\"async\" src=\"\/wp-content\/uploads\/2025\/03\/Bulk-Email-Service.webp\" alt=\"Immagine\" class=\"relative right-[-10px] w-full\"\/>\n                <\/div>\n            <\/div>\n        <\/div>\n    <\/section>\n    <!-- ================================================================================================ -->\n    <section class=\"p-sectionpadding\">\n        <div class=\"container mx-auto \">\n            <div class=\"relative darkblue rounded-2xl p-7 lg:p-12 py-16 overflow-hidden\">\n                <div class=\"flex flex-wrap items-center\">\n\n                    <div class=\"relative w-full lg:w-5\/12 pr-0 lg:pr-12\">\n                        <img decoding=\"async\" src=\"\/wp-content\/uploads\/2025\/03\/BulkEmail.webp\" alt=\"Servizio di posta elettronica di massa\" class=\"mb-4 lg:mb-0 w-full\"\/>\n                    <\/div>\n\n                    <div class=\"lg:flex-shrink-0 w-full lg:w-7\/12 \">\n                        <h4 class=\"lg:text-TitlesemiFontSize text-2xl text-white lg:leading-snug capitalize\">\n                             <span class=\"font-bold\"> Features of Cloud MLM&#8217;s <\/span>\n Mass Email Sending Module\n                        <\/h4>\n                        <ul class=\"flex flex-wrap space-x-2 mt-4 ml-[-12px] list1\">\n                            <li class=\"text-textpara text-white font-light leading-6 mb-3 ml-2\">Efficace sensibilizzazione dei clienti: inviare e -mail in blocco ai tuoi elenchi di marketing e trasformare i lead in clienti fedeli.\n<\/li>\n                            <li class=\"text-textpara text-white font-light leading-6 mb-3 ml-2\">Accessibilit\u00e0 globale: connettiti con il tuo team e i clienti da qualsiasi dispositivo, in qualsiasi parte del mondo.\n <\/li>\n                            <li class=\"text-textpara text-white font-light leading-6 mb-3 ml-2\">You can easily add and remove participants in our email system. Our email module offers a 24\/7 automated email service that consumes minimal memory while operating in the background. \n<\/li>\n                            <li class=\"text-textpara text-white font-light leading-6 mb-3 ml-2\"> Seamless Social Media Integration \u2013 Enhance trust by inserting social network links directly into your emails.\n<\/li>\n                           \n                        <\/ul>\n                    <\/div>\n                <\/div>\n            <\/div>\n        <\/div>\n    <\/section>\n","protected":false},"excerpt":{"rendered":"<p>Modulo di invio di e -mail di massa La comunicazione via e -mail svolge un ruolo vitale nel successo aziendale. Con il modulo di invio di e -mail di massa, puoi facilmente raggiungere un vasto pubblico, inviare promozioni mirate e mantenere la tua rete coinvolta. Questa funzione consente alle aziende di semplificare le campagne e [&hellip;]<\/p>\n","protected":false},"author":3,"featured_media":0,"parent":0,"menu_order":0,"comment_status":"closed","ping_status":"closed","template":"moduleemail-page.php","meta":{"_acf_changed":false,"footnotes":""},"class_list":["post-24425","page","type-page","status-publish","hentry"],"acf":[],"yoast_head":"<!-- This site is optimized with the Yoast SEO Premium plugin v23.6 (Yoast SEO v25.9) - https:\/\/yoast.com\/wordpress\/plugins\/seo\/ -->\n<title>Modulo di invio di e -mail di massa - Cloud MLM Software<\/title>\n<meta name=\"description\" content=\"Invia e -mail di massa senza sforzo con il nostro modulo di invio di e -mail di massa. Automatizza le campagne, personalizza i messaggi e aumentano il coinvolgimento. Provalo oggi\" \/>\n<meta name=\"robots\" content=\"index, follow, max-snippet:-1, max-image-preview:large, max-video-preview:-1\" \/>\n<link rel=\"canonical\" href=\"https:\/\/cloudmlmsoftware.com\/it\/modulo-di-invio-di-e-mail-di-massa\/\" \/>\n<meta property=\"og:locale\" content=\"it_IT\" \/>\n<meta property=\"og:type\" content=\"article\" \/>\n<meta property=\"og:title\" content=\"Modulo di invio di e -mail di massa\" \/>\n<meta property=\"og:description\" content=\"Invia e -mail di massa senza sforzo con il nostro modulo di invio di e -mail di massa. Automatizza le campagne, personalizza i messaggi e aumentano il coinvolgimento. Provalo oggi\" \/>\n<meta property=\"og:url\" content=\"https:\/\/cloudmlmsoftware.com\/it\/modulo-di-invio-di-e-mail-di-massa\/\" \/>\n<meta property=\"og:site_name\" content=\"Cloud MLM Software\" \/>\n<meta property=\"article:modified_time\" content=\"2025-03-17T10:18:39+00:00\" \/>\n<meta name=\"twitter:card\" content=\"summary_large_image\" \/>\n<meta name=\"twitter:label1\" content=\"Tempo di lettura stimato\" \/>\n\t<meta name=\"twitter:data1\" content=\"1 minuto\" \/>\n<!-- \/ Yoast SEO Premium plugin. -->","yoast_head_json":{"title":"Modulo di invio di e -mail di massa - Cloud MLM Software","description":"Invia e -mail di massa senza sforzo con il nostro modulo di invio di e -mail di massa. Automatizza le campagne, personalizza i messaggi e aumentano il coinvolgimento. Provalo oggi","robots":{"index":"index","follow":"follow","max-snippet":"max-snippet:-1","max-image-preview":"max-image-preview:large","max-video-preview":"max-video-preview:-1"},"canonical":"https:\/\/cloudmlmsoftware.com\/it\/modulo-di-invio-di-e-mail-di-massa\/","og_locale":"it_IT","og_type":"article","og_title":"Modulo di invio di e -mail di massa","og_description":"Invia e -mail di massa senza sforzo con il nostro modulo di invio di e -mail di massa. Automatizza le campagne, personalizza i messaggi e aumentano il coinvolgimento. Provalo oggi","og_url":"https:\/\/cloudmlmsoftware.com\/it\/modulo-di-invio-di-e-mail-di-massa\/","og_site_name":"Cloud MLM Software","article_modified_time":"2025-03-17T10:18:39+00:00","twitter_card":"summary_large_image","twitter_misc":{"Tempo di lettura stimato":"1 minuto"},"schema":{"@context":"https:\/\/schema.org","@graph":[{"@type":"WebPage","@id":"https:\/\/cloudmlmsoftware.com\/it\/modulo-di-invio-di-e-mail-di-massa\/","url":"https:\/\/cloudmlmsoftware.com\/it\/modulo-di-invio-di-e-mail-di-massa\/","name":"Modulo di invio di e -mail di massa - Cloud MLM Software","isPartOf":{"@id":"https:\/\/cloudmlmsoftware.com\/it\/#website"},"datePublished":"2025-03-13T08:59:08+00:00","dateModified":"2025-03-17T10:18:39+00:00","description":"Invia e -mail di massa senza sforzo con il nostro modulo di invio di e -mail di massa. Automatizza le campagne, personalizza i messaggi e aumentano il coinvolgimento. Provalo oggi","breadcrumb":{"@id":"https:\/\/cloudmlmsoftware.com\/it\/modulo-di-invio-di-e-mail-di-massa\/#breadcrumb"},"inLanguage":"it-IT","potentialAction":[{"@type":"ReadAction","target":["https:\/\/cloudmlmsoftware.com\/it\/modulo-di-invio-di-e-mail-di-massa\/"]}]},{"@type":"BreadcrumbList","@id":"https:\/\/cloudmlmsoftware.com\/it\/modulo-di-invio-di-e-mail-di-massa\/#breadcrumb","itemListElement":[{"@type":"ListItem","position":1,"name":"Home","item":"https:\/\/cloudmlmsoftware.com\/it\/"},{"@type":"ListItem","position":2,"name":"Modulo di invio di e -mail di massa"}]},{"@type":"WebSite","@id":"https:\/\/cloudmlmsoftware.com\/it\/#website","url":"https:\/\/cloudmlmsoftware.com\/it\/","name":"Cloud MLM Software","description":"","publisher":{"@id":"https:\/\/cloudmlmsoftware.com\/it\/#organization"},"potentialAction":[{"@type":"SearchAction","target":{"@type":"EntryPoint","urlTemplate":"https:\/\/cloudmlmsoftware.com\/it\/?s={search_term_string}"},"query-input":{"@type":"PropertyValueSpecification","valueRequired":true,"valueName":"search_term_string"}}],"inLanguage":"it-IT"},{"@type":"Organization","@id":"https:\/\/cloudmlmsoftware.com\/it\/#organization","name":"Cloud MLM Software","url":"https:\/\/cloudmlmsoftware.com\/it\/","logo":{"@type":"ImageObject","inLanguage":"it-IT","@id":"https:\/\/cloudmlmsoftware.com\/it\/#\/schema\/logo\/image\/","url":"https:\/\/cloudmlmsoftware.com\/wp-content\/uploads\/2024\/09\/cloudmlm-logo.webp","contentUrl":"https:\/\/cloudmlmsoftware.com\/wp-content\/uploads\/2024\/09\/cloudmlm-logo.webp","width":200,"height":40,"caption":"Cloud MLM Software"},"image":{"@id":"https:\/\/cloudmlmsoftware.com\/it\/#\/schema\/logo\/image\/"}}]}},"_links":{"self":[{"href":"https:\/\/cloudmlmsoftware.com\/it\/wp-json\/wp\/v2\/pages\/24425","targetHints":{"allow":["GET"]}}],"collection":[{"href":"https:\/\/cloudmlmsoftware.com\/it\/wp-json\/wp\/v2\/pages"}],"about":[{"href":"https:\/\/cloudmlmsoftware.com\/it\/wp-json\/wp\/v2\/types\/page"}],"author":[{"embeddable":true,"href":"https:\/\/cloudmlmsoftware.com\/it\/wp-json\/wp\/v2\/users\/3"}],"replies":[{"embeddable":true,"href":"https:\/\/cloudmlmsoftware.com\/it\/wp-json\/wp\/v2\/comments?post=24425"}],"version-history":[{"count":1,"href":"https:\/\/cloudmlmsoftware.com\/it\/wp-json\/wp\/v2\/pages\/24425\/revisions"}],"predecessor-version":[{"id":24426,"href":"https:\/\/cloudmlmsoftware.com\/it\/wp-json\/wp\/v2\/pages\/24425\/revisions\/24426"}],"wp:attachment":[{"href":"https:\/\/cloudmlmsoftware.com\/it\/wp-json\/wp\/v2\/media?parent=24425"}],"curies":[{"name":"wp","href":"https:\/\/api.w.org\/{rel}","templated":true}]}}