{"id":18394,"date":"2024-09-28T06:02:05","date_gmt":"2024-09-28T06:02:05","guid":{"rendered":"https:\/\/cloudmlmsoftware.com\/software-mlm-istanze-di-softwaredemo-gratuite\/"},"modified":"2024-10-04T06:39:42","modified_gmt":"2024-10-04T06:39:42","slug":"software-mlm-istanze-di-softwaredemo-gratuite","status":"publish","type":"page","link":"https:\/\/cloudmlmsoftware.com\/it\/software-mlm-istanze-di-softwaredemo-gratuite\/","title":{"rendered":"Software MLM &#8211; Istanze di softwaredemo gratuite"},"content":{"rendered":"\n<div class=\"bannerBgcolor BannerBg pt-4 md:pt-12 overflow-hidden\">\n   <div class=\"animation-wrapper\">\n      <div class=\"particle particle-1\"><\/div>\n      <div class=\"particle particle-2\"><\/div>\n      <div class=\"particle particle-3\"><\/div>\n      <div class=\"particle particle-4\"><\/div>\n   <\/div>\n   <div class=\"container mx-auto pt-2 md:h-[600px] sm:h-[400px] h-[400px] overflow-hidden relative z-1\">\n      <div class=\"flex flex-wrap items-center\">\n         <div class=\"w-full md:w-8\/12 mx-auto text-center pt-10 mb-8\">\n            <h1 class=\"lg:text-mainTitleFontSize sm:text-3xl text-3xl text-white lg:leading-snug capitalize\"> Software MLM &#8211; Istanze di software<span class=\"font-bold animate-charcter-offwhite\">demo <\/span>gratuite <\/h1>\n            <div class=\"w-8\/12 mx-auto text-center pt-6\"> <a href=\"https:\/\/demo.cloudmlmsoftware.com\" class=\"button primaryColor px-4 py-3 w-[132px] mx-auto rounded-md text-white md:flex text-sm md:text-md sm:block btn1\">Prova la demo gratuita <\/a> <\/div>\n         <\/div>\n         <div class=\"w-full p-4 relative z-9\"> <img decoding=\"async\" src=\"\/wp-content\/uploads\/2024\/08\/Demobanner.webp\" alt=\"software mlm\" width=\"692\" height=\"516\" class=\"mx-auto\"\/> <\/div>\n      <\/div>\n   <\/div>\n<\/div>\n<!-- ************************************************************************************* --> \n<section class=\"p-sectionpadding mt-16\">\n   <div class=\"container mx-auto\">\n      <div class=\"flex flex-wrap\">\n         <div class=\"w-full md:w-6\/12 p-6 pl-0 section\">\n            <div class=\"w-ful sticky-section\" id=\"section1\">\n               <h2 class=\"lg:text-TitlesemiFontSize leading-snug capitalize text-2xl titleColor\">Optimize Your MLM Business <span class=\"font-bold\">Advanced Network Management Software. <\/span>  <\/h2>\n               <p class=\"text-textpara font-light contentColor leading-6 mt-3\"> Il software Cloud MLM offre un modo per visualizzare istantaneamente in anteprima qualsiasi piano di compensazione MLM. Questi includono la demo del software MLM binario, la demo del software MLM Matrix, la demo del software MLM Unilevel e molto altro. Puoi testare il software dal vivo, dalla registrazione come cliente all&#8217;approvazione come amministratore, testare le opzioni di pagamento e pagamento e persino testare tutte le funzionalit\u00e0 disponibili del software MLM. Ricorda che questa sar\u00e0 una demo a cui potranno accedere pi\u00f9 persone alla volta. Se hai bisogno di una demo personalizzata solo per te, puoi registrarti qui e ottenere i dettagli di accesso.     <\/p>\n               <div class=\"mt-5 w-full mt-5\"> <a href=\"https:\/\/cloudmlmsoftware.com\/it\/contact\/\" class=\"primaryColor px-4 py-3 w-[200px] rounded-md text-white md:flex text-xs md:text-sm btn1 capitalize\" role=\"button\">Contatta per maggiori dettagli<\/a> <\/div>\n            <\/div>\n            <div class=\"w-full sticky-section\" id=\"section2\">\n               <h3 class=\"lg:text-TitlesemiFontSize leading-snug text-2xl capitalize titleColor\"> Un <span class=\"font-bold\"> software MLM<\/span> costruito per una facile gestione dell&#8217;<span class=\"font-bold\">attivit\u00e0 MLM <\/span>e della <span class=\"font-bold\">rete<\/span>. <\/h3>\n               <p class=\"text-textpara font-light contentColor leading-6 mt-3\"> Quando si tratta di gestire un&#8217;attivit\u00e0 MLM, \u00e8 un compito difficile senza software. Esistono centinaia di software disponibili a tale scopo, ma il software MLM cloud rende le cose davvero semplici.  <\/p>\n               <p class=\"text-textpara font-light contentColor leading-6 mt-3\"> Le opzioni sono illimitate, possiamo personalizzare questo software secondo le tue esigenze. I piani possono essere riscritti, i temi possono essere modificati, le skin possono essere realizzate e possiamo ricostruire il software in qualsiasi design tu preferisca. anche noi potremmo creare un design separato solo per la tua attivit\u00e0. Essendo il miglior software MLM sul mercato, esaminiamo sempre le richieste di funzionalit\u00e0 e le segnalazioni di bug. se hai riscontrato bug o comportamenti insoliti nella nostra sezione software, puoi contattarci. apprezziamo il tuo supporto.      <\/p>\n               <div class=\"mt-3 w-full mt-5\"> <a href=\"https:\/\/cloudmlmsoftware.com\/it\/contact\/\" class=\"primaryColor px-4 py-3 w-[200px] rounded-md text-white md:flex text-xs md:text-sm btn1 capitalize\" role=\"button\">Contatta per maggiori dettagli<\/a> <\/div>\n            <\/div>\n         <\/div>\n         <div class=\"w-full md:w-6\/12 p-8 pr-0 sticky-container\">\n            <div class=\"right-image\"> <img decoding=\"async\" src=\"\/wp-content\/uploads\/2024\/08\/Featurebanner.webp\" width=\"\" height=\"\" alt=\"miglior software mlm\" class=\"active\"\/> <img decoding=\"async\" src=\"\/wp-content\/uploads\/2024\/08\/directselling.webp\" width=\"\" height=\"\" alt=\"miglior software mlm\" class=\"\"\/> <\/div>\n         <\/div>\n      <\/div>\n   <\/div>\n<\/section>\n","protected":false},"excerpt":{"rendered":"<p>Software MLM &#8211; Istanze di softwaredemo gratuite Prova la demo gratuita Optimize Your MLM Business Advanced Network Management Software. Il software Cloud MLM offre un modo per visualizzare istantaneamente in anteprima qualsiasi piano di compensazione MLM. Questi includono la demo del software MLM binario, la demo del software MLM Matrix, la demo del software MLM [&hellip;]<\/p>\n","protected":false},"author":1,"featured_media":0,"parent":0,"menu_order":0,"comment_status":"closed","ping_status":"closed","template":"presetdemo-page.php","meta":{"_acf_changed":false,"footnotes":""},"class_list":["post-18394","page","type-page","status-publish","hentry"],"acf":[],"yoast_head":"<!-- This site is optimized with the Yoast SEO Premium plugin v23.6 (Yoast SEO v25.9) - https:\/\/yoast.com\/wordpress\/plugins\/seo\/ -->\n<title>Demo del software MLM - Scopri funzionalit\u00e0 e vantaggi disponibili<\/title>\n<meta name=\"description\" content=\"Demo del software MLM. Prova la nostra versione di prova gratuita per esplorare gli strumenti di gestione dei membri, monitoraggio delle vendite e ottimizzazione aziendale.\" \/>\n<meta name=\"robots\" content=\"index, follow, max-snippet:-1, max-image-preview:large, max-video-preview:-1\" \/>\n<link rel=\"canonical\" href=\"https:\/\/cloudmlmsoftware.com\/it\/software-mlm-istanze-di-softwaredemo-gratuite\/\" \/>\n<meta property=\"og:locale\" content=\"it_IT\" \/>\n<meta property=\"og:type\" content=\"article\" \/>\n<meta property=\"og:title\" content=\"Software MLM - Istanze di softwaredemo gratuite\" \/>\n<meta property=\"og:description\" content=\"Demo del software MLM. Prova la nostra versione di prova gratuita per esplorare gli strumenti di gestione dei membri, monitoraggio delle vendite e ottimizzazione aziendale.\" \/>\n<meta property=\"og:url\" content=\"https:\/\/cloudmlmsoftware.com\/it\/software-mlm-istanze-di-softwaredemo-gratuite\/\" \/>\n<meta property=\"og:site_name\" content=\"Cloud MLM Software\" \/>\n<meta property=\"article:modified_time\" content=\"2024-10-04T06:39:42+00:00\" \/>\n<meta name=\"twitter:card\" content=\"summary_large_image\" \/>\n<meta name=\"twitter:label1\" content=\"Tempo di lettura stimato\" \/>\n\t<meta name=\"twitter:data1\" content=\"2 minuti\" \/>\n<!-- \/ Yoast SEO Premium plugin. -->","yoast_head_json":{"title":"Demo del software MLM - Scopri funzionalit\u00e0 e vantaggi disponibili","description":"Demo del software MLM. Prova la nostra versione di prova gratuita per esplorare gli strumenti di gestione dei membri, monitoraggio delle vendite e ottimizzazione aziendale.","robots":{"index":"index","follow":"follow","max-snippet":"max-snippet:-1","max-image-preview":"max-image-preview:large","max-video-preview":"max-video-preview:-1"},"canonical":"https:\/\/cloudmlmsoftware.com\/it\/software-mlm-istanze-di-softwaredemo-gratuite\/","og_locale":"it_IT","og_type":"article","og_title":"Software MLM - Istanze di softwaredemo gratuite","og_description":"Demo del software MLM. Prova la nostra versione di prova gratuita per esplorare gli strumenti di gestione dei membri, monitoraggio delle vendite e ottimizzazione aziendale.","og_url":"https:\/\/cloudmlmsoftware.com\/it\/software-mlm-istanze-di-softwaredemo-gratuite\/","og_site_name":"Cloud MLM Software","article_modified_time":"2024-10-04T06:39:42+00:00","twitter_card":"summary_large_image","twitter_misc":{"Tempo di lettura stimato":"2 minuti"},"schema":{"@context":"https:\/\/schema.org","@graph":[{"@type":"WebPage","@id":"https:\/\/cloudmlmsoftware.com\/it\/software-mlm-istanze-di-softwaredemo-gratuite\/","url":"https:\/\/cloudmlmsoftware.com\/it\/software-mlm-istanze-di-softwaredemo-gratuite\/","name":"Demo del software MLM - Scopri funzionalit\u00e0 e vantaggi disponibili","isPartOf":{"@id":"https:\/\/cloudmlmsoftware.com\/it\/#website"},"datePublished":"2024-09-28T06:02:05+00:00","dateModified":"2024-10-04T06:39:42+00:00","description":"Demo del software MLM. Prova la nostra versione di prova gratuita per esplorare gli strumenti di gestione dei membri, monitoraggio delle vendite e ottimizzazione aziendale.","breadcrumb":{"@id":"https:\/\/cloudmlmsoftware.com\/it\/software-mlm-istanze-di-softwaredemo-gratuite\/#breadcrumb"},"inLanguage":"it-IT","potentialAction":[{"@type":"ReadAction","target":["https:\/\/cloudmlmsoftware.com\/it\/software-mlm-istanze-di-softwaredemo-gratuite\/"]}]},{"@type":"BreadcrumbList","@id":"https:\/\/cloudmlmsoftware.com\/it\/software-mlm-istanze-di-softwaredemo-gratuite\/#breadcrumb","itemListElement":[{"@type":"ListItem","position":1,"name":"Home","item":"https:\/\/cloudmlmsoftware.com\/it\/"},{"@type":"ListItem","position":2,"name":"Software MLM &#8211; Istanze di softwaredemo gratuite"}]},{"@type":"WebSite","@id":"https:\/\/cloudmlmsoftware.com\/it\/#website","url":"https:\/\/cloudmlmsoftware.com\/it\/","name":"Cloud MLM Software","description":"","publisher":{"@id":"https:\/\/cloudmlmsoftware.com\/it\/#organization"},"potentialAction":[{"@type":"SearchAction","target":{"@type":"EntryPoint","urlTemplate":"https:\/\/cloudmlmsoftware.com\/it\/?s={search_term_string}"},"query-input":{"@type":"PropertyValueSpecification","valueRequired":true,"valueName":"search_term_string"}}],"inLanguage":"it-IT"},{"@type":"Organization","@id":"https:\/\/cloudmlmsoftware.com\/it\/#organization","name":"Cloud MLM Software","url":"https:\/\/cloudmlmsoftware.com\/it\/","logo":{"@type":"ImageObject","inLanguage":"it-IT","@id":"https:\/\/cloudmlmsoftware.com\/it\/#\/schema\/logo\/image\/","url":"https:\/\/cloudmlmsoftware.com\/wp-content\/uploads\/2024\/09\/cloudmlm-logo.webp","contentUrl":"https:\/\/cloudmlmsoftware.com\/wp-content\/uploads\/2024\/09\/cloudmlm-logo.webp","width":200,"height":40,"caption":"Cloud MLM Software"},"image":{"@id":"https:\/\/cloudmlmsoftware.com\/it\/#\/schema\/logo\/image\/"}}]}},"_links":{"self":[{"href":"https:\/\/cloudmlmsoftware.com\/it\/wp-json\/wp\/v2\/pages\/18394","targetHints":{"allow":["GET"]}}],"collection":[{"href":"https:\/\/cloudmlmsoftware.com\/it\/wp-json\/wp\/v2\/pages"}],"about":[{"href":"https:\/\/cloudmlmsoftware.com\/it\/wp-json\/wp\/v2\/types\/page"}],"author":[{"embeddable":true,"href":"https:\/\/cloudmlmsoftware.com\/it\/wp-json\/wp\/v2\/users\/1"}],"replies":[{"embeddable":true,"href":"https:\/\/cloudmlmsoftware.com\/it\/wp-json\/wp\/v2\/comments?post=18394"}],"version-history":[{"count":0,"href":"https:\/\/cloudmlmsoftware.com\/it\/wp-json\/wp\/v2\/pages\/18394\/revisions"}],"wp:attachment":[{"href":"https:\/\/cloudmlmsoftware.com\/it\/wp-json\/wp\/v2\/media?parent=18394"}],"curies":[{"name":"wp","href":"https:\/\/api.w.org\/{rel}","templated":true}]}}