{"id":14514,"date":"2024-07-18T12:28:12","date_gmt":"2024-07-18T12:28:12","guid":{"rendered":"https:\/\/cloudmlmsoftware.com\/software-di-vendita-diretta\/"},"modified":"2024-09-25T13:12:42","modified_gmt":"2024-09-25T13:12:42","slug":"software-di-vendita-diretta","status":"publish","type":"page","link":"https:\/\/cloudmlmsoftware.com\/it\/software-di-vendita-diretta\/","title":{"rendered":"Software di vendita diretta"},"content":{"rendered":"\n<div class=\"bannerBgcolor BannerBg pt-16 relative overflow-hidden\">\n        <div class=\"animation-wrapper\">\n            <div class=\"particle particle-1\"><\/div>\n            <div class=\"particle particle-2\"><\/div>\n            <div class=\"particle particle-3\"><\/div>\n            <div class=\"particle particle-4\"><\/div>\n        <\/div>\n\n        <div class=\"container mx-auto pt-2 md:h-[700px] sm:h-[650px] h-full overflow-hidden relative z-1\">\n            <div class=\"flex flex-wrap items-center\">\n                <div class=\"w-full md:w-10\/12 mx-auto text-left md:text-center pt-10 mb-8\">\n                    <h1 class=\"lg:text-mainTitleFontSize sm:text-3xl text-3xl text-white lg:leading-snug capitalize\">\n                        Software di <span class=\"font-bold animate-charcter-offwhite\">vendita diretta<\/span> <\/h1>\n                    <p class=\"offWhite pt-3 md:text-lg text-md font-light md:w-11\/12 mx-auto\">Nella societ\u00e0 moderna, un software ben organizzato \u00e8 fondamentale per monitorare i clienti, controllare le vendite, dirigere gli agenti, elaborare i compensi e gestire i pagamenti. Cloud MLM presenta un software di vendita diretta progettato per questo scopo. Aiuta a monitorare in modo efficiente i profitti e i redditi delle vendite. Cloud MLM Software Solutions \u00e8 un importante fornitore di soluzioni software. La nostra tecnologia di fascia alta aiuta i clienti a rimanere all&#8217;avanguardia nel competitivo settore della vendita diretta. Forniamo soluzioni software affidabili, di prim&#8217;ordine e accettate a livello globale per i nostri preziosi clienti.      <\/p>\n\n                    <p class=\"offWhite pt-3 md:text-lg text-md font-light md:w-11\/12 mx-auto\">Questo tipo di software viene utilizzato per gestire e gestire attivit\u00e0 di vendita diretta, che implicano il marketing e la vendita di beni o servizi direttamente ai clienti senza intermediari. In questo metodo, il marketing viene effettuato porta a porta dai rappresentanti dell&#8217;azienda. <\/p>\n                <\/div>\n                <div class=\"w-full p-4 relative z-9\">\n                    <img decoding=\"async\" src=\"\/wp-content\/uploads\/2024\/07\/featurebanner-img.webp\" alt=\"software mlm\" width=\"692\" height=\"516\" class=\"mx-auto\"\/>\n                <\/div>\n            <\/div>\n        <\/div>\n    <\/div>\n    <!-- ************************************************************************************* -->\n    <section class=\"p-sectionpadding\">\n\n        <div class=\"container mx-auto mt-8\">\n            <!-- Left side box -->\n            <div class=\"flex flex-wrap lg:space-x-8\">\n                <div class=\"relative hidden lg:flex lg:flex-1 w-full lg:w-4\/12 primaryColor rounded-2xl p-12 pb-0 mb-2\">\n                    <img decoding=\"async\" src=\"\/wp-content\/uploads\/2024\/07\/customeAdmin-img.webp\" alt=\"software mlm\" class=\"absolute bottom-0 left-0 right-0 mx-auto\"\/>\n                <\/div>\n                <div class=\"w-full lg:w-8\/12 lighter flex-col flex justify-center rounded-2xl overflow-hidden p-6 lg:p-12 mb-2\">\n                    <h2 class=\"md:text-TitlesemiFontSize titleColor text-2xl lg:leading-snug capitalize\">\n                        <span class=\"font-bold animate-charcter\">Caratteristiche principali <\/span> del software di vendita diretta di Cloud MLM <\/h2>\n\n                    <p class=\"text-textpara font-light leading-6 py-3\">Nelle attivit\u00e0 di vendita diretta, i distributori e gli strumenti aziendali rappresentano le parti principali. Senza questi componenti le imprese di vendita diretta non possono prosperare. Cloud MLM offre soluzioni software che forniscono alcuni strumenti per gestire il programma aziendale.   <\/p>\n\n                    <p class=\"text-textpara font-light leading-6 pb-3\">Le caratteristiche principali delle nostre soluzioni software includono lo sviluppo di una forte presenza nel settore CMS per l&#8217;e-commerce. Abbiamo un team di sviluppatori Magento certificati con anni di esperienza specializzati nel web design orientato all&#8217;e-commerce. Offriamo anche progetti web Magento personalizzati.   <\/p>\n                <\/div>\n            <\/div>\n        <\/div>\n    <\/section>\n\n\n    <!-- ************************** -->\n\n    <section class=\"p-sectionpadding\">\n        <div class=\"container mx-auto\">\n            <div class=\"flex flex-wrap items-center\">\n                <div class=\" w-full md:w-7\/12 pb-4\">\n                    <h3 class=\"md:text-TitlesemiFontSize titleColor text-2xl lg:leading-snug capitalize mt-4\"> Le caratteristiche delle <span class=\"font-bold animate-charcter\">soluzioni software<\/span> sono <\/h3>\n\n                    <ul class=\"flex flex-wrap mt-5 list1\">\n                        <li class=\"text-textpara contentColor font-light leading-6 mb-3\">Il nostro software fornisce ai nostri clienti piani di vendita diretta completamente protetti e personalizzati.<\/li>\n                        <li class=\"text-textpara contentColor font-light leading-6 mb-3\">Le soluzioni software forniscono ai nostri clienti un sistema di gestione dei clienti<\/li>\n                        <li class=\"text-textpara contentColor font-light leading-6 mb-3\">Attraverso le nostre rappresentazioni grafiche e pittoriche del software di vendita diretta \u00e8 possibile visualizzare e comprendere tutte le attivit\u00e0 aziendali importanti.<\/li>\n                        <li class=\"text-textpara contentColor font-light leading-6 mb-3\">Il nostro software semplifica e facilita l&#8217;attivit\u00e0 di vendita diretta attraverso la gestione degli ordini, l&#8217;inventario e la spedizione.<\/li>\n                        <li class=\"text-textpara contentColor font-light leading-6 mb-3\">Il software aiuta a gestire in modo efficiente vari sistemi di commissioni.<\/li>\n                        <li class=\"text-textpara contentColor font-light leading-6 mb-3\">Il nostro software supporta pi\u00f9 valute e pi\u00f9 lingue.<\/li>\n                        <li class=\"text-textpara contentColor font-light leading-6 mb-3\">Il software \u00e8 un sistema di supporto del cliente.<\/li>\n                        <li class=\"text-textpara contentColor font-light leading-6 mb-3\">Aiuta a gestire il tuo team e le loro reti individuali. <\/li>\n                        <li class=\"text-textpara contentColor font-light leading-6 mb-3\">Il nostro software aiuta a personalizzare ogni singolo profilo utente. <\/li>\n                        <li class=\"text-textpara contentColor font-light leading-6 mb-3\">Il nostro software supporta l&#8217;integrazione SMS, l&#8217;integrazione del sito Web, l&#8217;integrazione dei social media e l&#8217;integrazione mobile. <\/li>\n                        <li class=\"text-textpara contentColor font-light leading-6 mb-3\">Forniamo lead generation. <\/li>\n                    <\/ul>\n                <\/div>\n\n                <div class=\"w-full md:w-5\/12 pl-0 md:pl-16 mt-4\">\n                    <img decoding=\"async\" src=\"\/wp-content\/uploads\/2024\/07\/help-img.webp\" alt=\"software mlm\" class=\"w-full\"\/>\n                <\/div>\n\n            <\/div>\n        <\/div>\n    <\/section>\n    <!-- ************************** -->\n\n\n    <section class=\"p-sectionpadding\">\n        <div class=\"container mx-auto\">\n            <div class=\"w-full darkblue py-10 lg:py-16 px-6 lg:px-10 rounded-2xl\">\n                <div class=\"relative z-10\">\n                    <div class=\"flex flex-wrap items-center\">\n\n                        <div class=\"w-1\/4 hidden lg:flex\">\n                            <img decoding=\"async\" src=\"\/wp-content\/uploads\/2024\/07\/help-img.webp\" alt=\"software mlm\" class=\"w-full\"\/>\n                        <\/div>\n\n                        <div class=\"w-full lg:w-3\/4 pl-0 lg:pl-6\">\n                            <h3 class=\"text-white text-3xl lg:leading-snug capitalize mb-5 w-full\">\n                                <span class=\"font-bold animate-charcter-offwhite\">Piani di compensazione completi <\/span> con il software di vendita diretta Cloud MLM <\/h3>\n\n                            <p class=\"text-white mb-6 w-full font-light\">Il software supporta vari piani di compensazione, garantendoti la possibilit\u00e0 di scegliere la soluzione migliore per il tuo modello di business. Ecco i diversi piani di compensazione disponibili con il nostro software: <\/p>\n\n                            <div class=\"flex flex-wrap mt-10 w-full\">\n                                <div class=\"w-full md:w-1\/2 font-light\">\n                                    <ul class=\"flex flex-wrap list1 \">\n                                        <li class=\"text-textpara offWhite font-light leading-6 mb-3\">Piano di compensazione binario<\/li>\n                                        <li class=\"text-textpara offWhite font-light leading-6 mb-3\">Piano compensi uni-livello<\/li>\n                                        <li class=\"text-textpara offWhite font-light leading-6 mb-3\">Piano di compensazione monolinea<\/li>\n                                        <li class=\"text-textpara offWhite font-light leading-6 mb-3\">Piano di compensazione dei regali<\/li>\n                                        <li class=\"text-textpara offWhite font-light leading-6 mb-3\">Piano di compensazione dei gradini delle scale<\/li>\n                                        <li class=\"text-textpara offWhite font-light leading-6 mb-3\">Piano di compensazione degli ibridi<\/li>\n                                    <\/ul>\n                                <\/div>\n                                <div class=\"w-full md:w-1\/2 font-light\">\n                                    <ul class=\"flex flex-wrap list1\">\n                                        <li class=\"text-textpara offWhite font-light leading-6 mb-3\">Piano di compensazione a matrice<\/li>\n                                        <li class=\"text-textpara offWhite font-light leading-6 mb-3\">Piano di compensazione degli investimenti<\/li>\n                                        <li class=\"text-textpara offWhite font-light leading-6 mb-3\">Piano di compensazione generazionale<\/li>\n                                        <li class=\"text-textpara offWhite font-light leading-6 mb-3\">Piano di compensazione del partito<\/li>\n                                        <li class=\"text-textpara offWhite font-light leading-6 mb-3\">Piano di compensazione generazionale<\/li>\n                                        <li class=\"text-textpara offWhite font-light leading-6 mb-3\">Piano di compensazione per la rottura<\/li>\n                                    <\/ul>\n                                <\/div>\n                            <\/div>\n                        <\/div>\n                        \n                    <\/div>\n                <\/div>\n            <\/div>\n        <\/div>\n\n    <\/section>\n    <!-- ************************************************************************************* -->\n\n    <section class=\"p-sectionpadding\">\n        <div class=\"container mx-auto\">\n            <div class=\"w-full darkblue py-10 lg:py-16 px-6 lg:px-10 rounded-2xl\">\n                <div class=\"relative z-10\">\n                    <div class=\"flex flex-wrap items-center\">\n\n                        <div class=\"w-full lg:w-3\/4 pr-0 lg:pr-6\">\n                            <h3 class=\"text-white text-3xl lg:leading-snug capitalize mb-5 w-full\">\n                                <span class=\"font-bold animate-charcter-offwhite\">Funzionalit\u00e0 aggiuntive del <\/span> software di vendita diretta <\/h3>\n\n                            <p class=\"text-white mb-6 w-full font-light\">Il software MLM multifunzionale, flessibile, affidabile e personalizzabile di aiuta i nostri clienti a gestire e controllare la tua attivit\u00e0 di vendita diretta in modo efficace ed efficiente. Oltre alle funzionalit\u00e0 principali, il nostro software dispone di alcune funzionalit\u00e0 aggiuntive. Sono:  <\/p>\n\n                            <div class=\"flex flex-wrap mt-10 w-full\">\n                                <div class=\"w-full md:w-1\/2 font-light\">\n                                    <ul class=\"flex flex-wrap list1 \">\n                                        <li class=\"text-textpara offWhite font-light leading-6 mb-3\">Integrazione dell&#8217;e-commerce<\/li>\n                                        <li class=\"text-textpara offWhite font-light leading-6 mb-3\">Integrazione Bitcoin<\/li>\n                                        <li class=\"text-textpara offWhite font-light leading-6 mb-3\">Sistema di pagine di acquisizione lead<\/li>\n                                        <li class=\"text-textpara offWhite font-light leading-6 mb-3\">Integraci\u00f3n de SMS<\/li>\n                                        <li class=\"text-textpara offWhite font-light leading-6 mb-3\">Integrazione CRM<\/li>\n                                    <\/ul>\n                                <\/div>\n                                <div class=\"w-full md:w-1\/2 font-light\">\n                                    <ul class=\"flex flex-wrap list1\">\n                                        <li class=\"text-textpara offWhite font-light leading-6 mb-3\">Promozione della criptovaluta<\/li>\n                                        <li class=\"text-textpara offWhite font-light leading-6 mb-3\">Sito web replicato<\/li>\n                                        <li class=\"text-textpara offWhite font-light leading-6 mb-3\">Integrazione del gateway di pagamento<\/li>\n                                        <li class=\"text-textpara offWhite font-light leading-6 mb-3\">Applicazione mobile<\/li>\n\n                                    <\/ul>\n                                <\/div>\n                            <\/div>\n                        <\/div>\n                        \n                        <div class=\"hidden lg:flex w-1\/4\">\n                            <img decoding=\"async\" src=\"\/wp-content\/uploads\/2024\/07\/help-img.webp\" alt=\"software mlm\" class=\"w-full\"\/>\n                        <\/div>\n                    <\/div>\n                <\/div>\n            <\/div>\n        <\/div>\n    <\/section>\n    <!-- ************************************************************************************* -->\n    <section class=\"p-sectionpadding\">\n        <div class=\"container mx-auto\">\n\n            <!-- Left side box -->\n            <div class=\"flex flex-wrap items-center\">\n\n\n                <div class=\"w-full md:w-5\/12 pr-0 md:pr-16 mt-4\">\n                    <img decoding=\"async\" src=\"\/wp-content\/uploads\/2024\/07\/help-img.webp\" alt=\"software mlm\" class=\"w-full\"\/>\n                <\/div>\n\n\n                <div class=\" w-full md:w-7\/12 pb-4\">\n                    <h3 class=\"md:text-TitlesemiFontSize titleColor text-2xl lg:leading-snug capitalize mt-4\"> Perch\u00e9 il <span class=\"font-bold animate-charcter\">software di vendita diretta<\/span> di Cloud MLM? \n                    <\/h3>\n\n                    <ul class=\"flex flex-wrap mt-5 list1\">\n                        <li class=\"text-textpara contentColor font-light leading-6 mb-3\">Il nostro software \u00e8 uno strumento per mantenere eccellenti prestazioni aziendali.<\/li>\n                        <li class=\"text-textpara contentColor font-light leading-6 mb-3\">Il nostro software offre operazioni aziendali efficienti tra clienti, amministratori aziendali e rappresentanti.<\/li>\n                        <li class=\"text-textpara contentColor font-light leading-6 mb-3\">\u00c8 una soluzione redditizia ed economica per i nostri clienti.<\/li>\n                        <li class=\"text-textpara contentColor font-light leading-6 mb-3\">Garantiamo il buon funzionamento e una buona integrazione dei sistemi aziendali.<\/li>\n                        <li class=\"text-textpara contentColor font-light leading-6 mb-3\">Il nostro software facilita una maggiore produttivit\u00e0 per i clienti.<\/li>\n                        <li class=\"text-textpara contentColor font-light leading-6 mb-3\">Garantisce la motivazione ai venditori.<\/li>\n                        \n                    <\/ul>\n                    <p class=\"text-textpara font-light leading-6 pt-3\">Il software di vendita diretta \u00e8 uno strumento che semplifica le operazioni aziendali. Il successo di un&#8217;azienda dipende dalla scelta del giusto software basato sul web. Prima di scegliere il software, dovresti essere a conoscenza dei piani di compensazione supportati, dei componenti aggiuntivi e di tutto ci\u00f2 che riguarda il software. <a href=\"https:\/\/cloudmlmsoftware.com\/contact\" target=\"_blank\" rel=\"noopener\"><span style=\"color:#3498db;\">Cloud MLM<\/span><\/a> offre il miglior software di vendita diretta per i nostri clienti.  <\/p>\n                <\/div>\n\n              \n            <\/div>\n        <\/div>\n    <\/section>\n","protected":false},"excerpt":{"rendered":"<p>Software di vendita diretta Nella societ\u00e0 moderna, un software ben organizzato \u00e8 fondamentale per monitorare i clienti, controllare le vendite, dirigere gli agenti, elaborare i compensi e gestire i pagamenti. Cloud MLM presenta un software di vendita diretta progettato per questo scopo. Aiuta a monitorare in modo efficiente i profitti e i redditi delle vendite. [&hellip;]<\/p>\n","protected":false},"author":1,"featured_media":0,"parent":0,"menu_order":0,"comment_status":"closed","ping_status":"closed","template":"directsellingsoftware-page.php","meta":{"_acf_changed":false,"footnotes":""},"class_list":["post-14514","page","type-page","status-publish","hentry"],"acf":[],"yoast_head":"<!-- This site is optimized with the Yoast SEO Premium plugin v23.6 (Yoast SEO v25.9) - https:\/\/yoast.com\/wordpress\/plugins\/seo\/ -->\n<title>Software di vendita diretta: la chiave per aumentare le vendite aziendali<\/title>\n<meta name=\"description\" content=\"Il miglior software di vendita diretta per semplificare i processi di vendita, gestire i team e migliorare il coinvolgimento dei clienti per la tua attivit\u00e0. Prova la versione di prova gratuita ora\" \/>\n<meta name=\"robots\" content=\"index, follow, max-snippet:-1, max-image-preview:large, max-video-preview:-1\" \/>\n<link rel=\"canonical\" href=\"https:\/\/cloudmlmsoftware.com\/it\/software-di-vendita-diretta\/\" \/>\n<meta property=\"og:locale\" content=\"it_IT\" \/>\n<meta property=\"og:type\" content=\"article\" \/>\n<meta property=\"og:title\" content=\"Software di vendita diretta\" \/>\n<meta property=\"og:description\" content=\"Il miglior software di vendita diretta per semplificare i processi di vendita, gestire i team e migliorare il coinvolgimento dei clienti per la tua attivit\u00e0. Prova la versione di prova gratuita ora\" \/>\n<meta property=\"og:url\" content=\"https:\/\/cloudmlmsoftware.com\/it\/software-di-vendita-diretta\/\" \/>\n<meta property=\"og:site_name\" content=\"Cloud MLM Software\" \/>\n<meta property=\"article:modified_time\" content=\"2024-09-25T13:12:42+00:00\" \/>\n<meta name=\"twitter:card\" content=\"summary_large_image\" \/>\n<meta name=\"twitter:label1\" content=\"Tempo di lettura stimato\" \/>\n\t<meta name=\"twitter:data1\" content=\"5 minuti\" \/>\n<!-- \/ Yoast SEO Premium plugin. -->","yoast_head_json":{"title":"Software di vendita diretta: la chiave per aumentare le vendite aziendali","description":"Il miglior software di vendita diretta per semplificare i processi di vendita, gestire i team e migliorare il coinvolgimento dei clienti per la tua attivit\u00e0. Prova la versione di prova gratuita ora","robots":{"index":"index","follow":"follow","max-snippet":"max-snippet:-1","max-image-preview":"max-image-preview:large","max-video-preview":"max-video-preview:-1"},"canonical":"https:\/\/cloudmlmsoftware.com\/it\/software-di-vendita-diretta\/","og_locale":"it_IT","og_type":"article","og_title":"Software di vendita diretta","og_description":"Il miglior software di vendita diretta per semplificare i processi di vendita, gestire i team e migliorare il coinvolgimento dei clienti per la tua attivit\u00e0. Prova la versione di prova gratuita ora","og_url":"https:\/\/cloudmlmsoftware.com\/it\/software-di-vendita-diretta\/","og_site_name":"Cloud MLM Software","article_modified_time":"2024-09-25T13:12:42+00:00","twitter_card":"summary_large_image","twitter_misc":{"Tempo di lettura stimato":"5 minuti"},"schema":{"@context":"https:\/\/schema.org","@graph":[{"@type":"WebPage","@id":"https:\/\/cloudmlmsoftware.com\/it\/software-di-vendita-diretta\/","url":"https:\/\/cloudmlmsoftware.com\/it\/software-di-vendita-diretta\/","name":"Software di vendita diretta: la chiave per aumentare le vendite aziendali","isPartOf":{"@id":"https:\/\/cloudmlmsoftware.com\/it\/#website"},"datePublished":"2024-07-18T12:28:12+00:00","dateModified":"2024-09-25T13:12:42+00:00","description":"Il miglior software di vendita diretta per semplificare i processi di vendita, gestire i team e migliorare il coinvolgimento dei clienti per la tua attivit\u00e0. Prova la versione di prova gratuita ora","breadcrumb":{"@id":"https:\/\/cloudmlmsoftware.com\/it\/software-di-vendita-diretta\/#breadcrumb"},"inLanguage":"it-IT","potentialAction":[{"@type":"ReadAction","target":["https:\/\/cloudmlmsoftware.com\/it\/software-di-vendita-diretta\/"]}]},{"@type":"BreadcrumbList","@id":"https:\/\/cloudmlmsoftware.com\/it\/software-di-vendita-diretta\/#breadcrumb","itemListElement":[{"@type":"ListItem","position":1,"name":"Home","item":"https:\/\/cloudmlmsoftware.com\/it\/"},{"@type":"ListItem","position":2,"name":"Software di vendita diretta"}]},{"@type":"WebSite","@id":"https:\/\/cloudmlmsoftware.com\/it\/#website","url":"https:\/\/cloudmlmsoftware.com\/it\/","name":"Cloud MLM Software","description":"","publisher":{"@id":"https:\/\/cloudmlmsoftware.com\/it\/#organization"},"potentialAction":[{"@type":"SearchAction","target":{"@type":"EntryPoint","urlTemplate":"https:\/\/cloudmlmsoftware.com\/it\/?s={search_term_string}"},"query-input":{"@type":"PropertyValueSpecification","valueRequired":true,"valueName":"search_term_string"}}],"inLanguage":"it-IT"},{"@type":"Organization","@id":"https:\/\/cloudmlmsoftware.com\/it\/#organization","name":"Cloud MLM Software","url":"https:\/\/cloudmlmsoftware.com\/it\/","logo":{"@type":"ImageObject","inLanguage":"it-IT","@id":"https:\/\/cloudmlmsoftware.com\/it\/#\/schema\/logo\/image\/","url":"https:\/\/cloudmlmsoftware.com\/wp-content\/uploads\/2024\/09\/cloudmlm-logo.webp","contentUrl":"https:\/\/cloudmlmsoftware.com\/wp-content\/uploads\/2024\/09\/cloudmlm-logo.webp","width":200,"height":40,"caption":"Cloud MLM Software"},"image":{"@id":"https:\/\/cloudmlmsoftware.com\/it\/#\/schema\/logo\/image\/"}}]}},"_links":{"self":[{"href":"https:\/\/cloudmlmsoftware.com\/it\/wp-json\/wp\/v2\/pages\/14514","targetHints":{"allow":["GET"]}}],"collection":[{"href":"https:\/\/cloudmlmsoftware.com\/it\/wp-json\/wp\/v2\/pages"}],"about":[{"href":"https:\/\/cloudmlmsoftware.com\/it\/wp-json\/wp\/v2\/types\/page"}],"author":[{"embeddable":true,"href":"https:\/\/cloudmlmsoftware.com\/it\/wp-json\/wp\/v2\/users\/1"}],"replies":[{"embeddable":true,"href":"https:\/\/cloudmlmsoftware.com\/it\/wp-json\/wp\/v2\/comments?post=14514"}],"version-history":[{"count":0,"href":"https:\/\/cloudmlmsoftware.com\/it\/wp-json\/wp\/v2\/pages\/14514\/revisions"}],"wp:attachment":[{"href":"https:\/\/cloudmlmsoftware.com\/it\/wp-json\/wp\/v2\/media?parent=14514"}],"curies":[{"name":"wp","href":"https:\/\/api.w.org\/{rel}","templated":true}]}}