{"id":14484,"date":"2024-05-22T13:33:38","date_gmt":"2024-05-22T13:33:38","guid":{"rendered":"https:\/\/cloudmlmsoftware.com\/backup-manager\/"},"modified":"2024-11-08T04:37:29","modified_gmt":"2024-11-08T04:37:29","slug":"gestione-backup","status":"publish","type":"page","link":"https:\/\/cloudmlmsoftware.com\/it\/gestione-backup\/","title":{"rendered":"backup-manager"},"content":{"rendered":"\n<div class=\"bannerBgcolor BannerBg pt-16 pb-20 relative overflow-hidden\">\n        <div class=\"animation-wrapper\">\n            <div class=\"particle particle-1\"><\/div>\n            <div class=\"particle particle-2\"><\/div>\n            <div class=\"particle particle-3\"><\/div>\n            <div class=\"particle particle-4\"><\/div>\n        <\/div>\n\n        <div class=\"container mx-auto xl:h-[504px] lg:h-[450px] h-auto relative z-1\">\n            <div class=\"flex flex-wrap items-center\">\n                <div class=\"md:basis-5\/12 sm:basis-12\/12 pr-4 pr-0 py-14\">\n                    <img decoding=\"async\" src=\"\/wp-content\/uploads\/2024\/08\/Modulesbanner.webp\" width=\"467\" height=\"411\" alt=\"miglior software mlm negli Stati Uniti\" class=\"pulseBannerImg\"\/>\n                <\/div>\n                <div class=\"md:basis-7\/12 sm:basis-12\/12\">\n                    <h1 class=\"lg:text-mainTitleFontSize sm:text-3xl text-3xl text-white lg:leading-snug \">\n                        Gestore di <span class=\"font-bold animate-charcter-offwhite\">backup<\/span> <\/h1>\n\n                    <p class=\"offlightWhite pt-3 text-md\">Sappiamo che oggi il nostro mondo \u00e8 completamente digitalizzato, quindi tutte le nostre attivit\u00e0 quotidiane si svolgono online. Di conseguenza, tutto ci\u00f2 che facciamo online viene archiviato come dati. Per archiviare questi dati, abbiamo bisogno di un potente gestore di backup.   <\/p>\n\n                <\/div>\n\n            <\/div>\n        <\/div>\n    <\/div>\n    <!-- ************************************************************************************* -->\n\n    <section class=\"p-sectionpadding\">\n        <div class=\"container mx-auto pt-20\">\n           <div class=\"flex flex-wrap items-start md:items-center flex-col-reverse md:flex-row\">\n                <div class=\"flex-1 w-full md:w-8\/12 pr-0 lg:pr-7 pr-0 mt-3\">\n                    <div class=\"relative\">\n\n                        <h2 class=\"lg:text-TitlesemiFontSize text-2xl titleColor lg:leading-snug capitalize\"> Cos&#8217;\u00e8 un sistema <span class=\"font-bold\">di gestione del backup?<\/span> <\/h2>\n\n                        <p class=\"pt-6 font-light leading-6 text-textpara contentColor\">Un gestore di backup deve essere in grado di salvare i dati in modalit\u00e0 codificata e fornire sicurezza ai dati dell&#8217;utente. I dati importanti richiedono maggiore sicurezza rispetto ai dati ordinari. Ci\u00f2 significa che il piano di backup dovrebbe supportarti nella gestione di tutti i tipi di emergenze e consentirti di decodificare dati importanti senza interferenze.   <\/p>\n\n                    <\/div>\n                <\/div>\n                <div class=\"hidden lg:flex items-end justify-right w-[360px] primaryColor rounded-2xl pt-20 pl-10 ml-0 md:ml-10 mb-2 pb-0 overflow-hidden mt-3\">\n                <img decoding=\"async\" src=\"\/wp-content\/uploads\/2024\/08\/backumdulIntro.svg\" alt=\"Immagine\" class=\"relative right-[-10px] w-full\"\/>\n            <\/div>\n            <\/div>\n        <\/div>\n    <\/section>\n\n    <!-- ================================================================================================ -->\n    <section class=\"p-sectionpadding\">\n        <div class=\"container mx-auto \">\n            <div class=\"relative darkblue rounded-2xl p-7 md:p-12 py-8 md:py-16 overflow-hidden\">\n                <div class=\"flex flex-wrap items-center\">\n\n                    <div class=\"relative w-full lg:w-5\/12 pr-0 lg:pr-12\">\n                        <img decoding=\"async\" src=\"\/wp-content\/uploads\/2024\/08\/moduleBackup2.webp\" alt=\"Immagine\" class=\"mb-4 lg:mb-0 w-full\"\/>\n                    <\/div>\n\n                    <div class=\"lg:flex-shrink-0 w-full lg:w-7\/12 \">\n                        <h3 class=\"lg:text-TitlesemiFontSize text-2xl text-white lg:leading-snug capitalize\">\n                             <span class=\"font-bold\">Caratteristiche<\/span> di un sistema di <span class=\"font-bold\">gestione del backup<\/span> <\/h3>\n                        <ul class=\"flex flex-wrap space-x-2 mt-4 ml-[-12px] list1\">\n                            <li class=\"text-textpara text-white font-light leading-6 mb-3 ml-2\">Una delle migliori caratteristiche di un gestore di backup \u00e8 che archivia i dati in posizioni remote. <\/li>\n                            <li class=\"text-textpara text-white font-light leading-6 mb-3 ml-2\">Ci\u00f2 aiuta a prevenire la perdita di dati dovuta a incidenti quali virus informatici, incendi, inondazioni, fulmini, cancellazioni accidentali e guasti del disco rigido, tra gli altri. <\/li>\n<li class=\"text-textpara text-white font-light leading-6 mb-3 ml-2\">Se modifichi o elimini dati, non importa; il gestore backup archivia sempre l&#8217;ultima copia dei tuoi dati. <\/li>\n\n                        <\/ul>\n                    <\/div>\n                <\/div>\n            <\/div>\n        <\/div>\n    <\/section>\n\n\n    <!-- ************************************************************************************* -->\n    <section class=\"p-sectionpadding\">\n        <div class=\"container mx-auto\">\n            <div class=\"flex flex-wrap flex-col-reverse md:flex-row\">\n\n                <div class=\"flex-1 flex flex-col items-center justify-end w-full md:w-6\/12 lighter rounded-2xl p-7 md:p-20 pb-0 md:pb-0 mr-0 md:mr-10 mb-2 pb-0 overflow-hidden mt-3\">\n                    <h4 class=\"text-xl md:text-2xl titleColor font-semibold lg:leading-snug capitalize mb-7\"> Il primo scopo \u00e8 recuperare i dati dopo la loro perdita, sia essa dovuta alla cancellazione o alla corruzione dei dati <\/h4>\n                    <img decoding=\"async\" src=\"\/wp-content\/uploads\/2024\/08\/moduleBackup3.webp\" alt=\"Immagine\" class=\"w-full rounded-t-xl\"\/>\n                <\/div>\n\n                <div class=\"flex-1 flex flex-col items-center justify-end w-full md:w-6\/12 primaryColor rounded-2xl p-7 pb-0 md:pb-0 md:p-20 ml-0 md:ml-10 mb-2 pb-0 overflow-hidden mt-3\">\n                    <h4 class=\"text-xl md:text-2xl text-white font-semibold lg:leading-snug capitalize mb-7\"> E il secondo scopo \u00e8 recuperare i dati dalle fasi iniziali per confrontarli con i risultati degli ultimi dati salvati <\/h4>\n                    <img decoding=\"async\" src=\"\/wp-content\/uploads\/2024\/08\/moduleBackup4.webp\" alt=\"Immagine\" class=\"w-full rounded-t-xl\"\/>\n                <\/div>\n\n            <\/div>\n        <\/div>\n    <\/section>\n    <!-- ************************************************************************************* -->\n\n    <section class=\"p-sectionpadding\">\n        <div class=\"container mx-auto\">\n            <div class=\"flex flex-wrap flex-col-reverse lg:flex-row\">\n                <div class=\"flex-1 w-full lg:w-7\/12 pr-0 lg:pr-7 pr-0 mt-3\">\n                    <div class=\"relative\">\n\n                        <h4 class=\"lg:text-TitlesemiFontSize text-2xl titleColor lg:leading-snug capitalize\">\n                             <span class=\"font-bold\">Funzionamento <\/span> del sistema di <span class=\"font-bold\"> gestione dei backup<\/span> di Cloud MLM <\/h4>\n\n                        <p class=\"pt-6 font-light leading-6 text-textpara contentColor\"> Il software fornisce ai nostri clienti il \u200b\u200bmiglior sistema di gestione dei backup. Il nostro sistema di backup memorizza i dati sul server stesso e questi dati vengono conservati per un periodo specificato prima di essere rimossi in base alle esigenze del cliente.  <\/p>\n\n\n                        <p class=\"pt-6 font-light leading-6 text-textpara contentColor\">Il sistema di backup di contiene almeno una copia di tutti i dati che vale la pena salvare. Il nostro gestore di backup esegue il backup dei dati ogni ora del giorno e li archivia in modo sicuro. Pertanto, i nostri clienti possono accedere e decodificare facilmente i dati orari e i dati altamente riservati dal nostro sistema.   <\/p>\n\n\n                    <\/div>\n                <\/div>\n\n\n                <div class=\"w-full lg:w-5\/12 mt-10\">\n                    <div class=\"backUpafter1 relative rounded-xl py-2 mb-2\">\n                        <div class=\"flex items-center\">\n                            <div class=\"w-[30px] h-[30px] mr-[20px] rounded-lg primaryColor flex items-center justify-center font-semibold text-white\">  1  <\/div>\n                            <p class=\"text-textpara font-semibold relative lighter rounded-xl py-4 px-6 w-[calc(100%-50px)]\"> Cron impostato nel periodo di tempo preferito.<\/p>\n                        <\/div>\n                    <\/div>\n                    <div class=\"backUpafter1 relative rounded-xl py-2 mb-2\">\n                        <div class=\"flex items-center\">\n                            <div class=\"w-[30px] h-[30px] mr-[20px] rounded-lg primaryColor flex items-center justify-center font-semibold text-white\">  2  <\/div>\n                            <p class=\"text-textpara font-semibold relative lighter rounded-xl py-4 px-6 w-[calc(100%-50px)]\"> Crittografia dei file di cui eseguire il backup.<\/p>\n                        <\/div>\n                    <\/div>\n\n                    <div class=\"backUpafter1 relative rounded-xl py-2 mb-2\">\n                        <div class=\"flex items-center\">\n                            <div class=\"w-[30px] h-[30px] mr-[20px] rounded-lg primaryColor flex items-center justify-center font-semibold text-white\">  3  <\/div>\n                            <p class=\"text-textpara font-semibold relative lighter rounded-xl py-4 px-6 w-[calc(100%-50px)]\"> Crittografia di file e database con i nostri metodi altamente sicuri.<\/p>\n                        <\/div>\n                    <\/div>\n\n\n                <\/div>\n            <\/div>\n        <\/div>\n    <\/section>\n","protected":false},"excerpt":{"rendered":"<p>Gestore di backup Sappiamo che oggi il nostro mondo \u00e8 completamente digitalizzato, quindi tutte le nostre attivit\u00e0 quotidiane si svolgono online. Di conseguenza, tutto ci\u00f2 che facciamo online viene archiviato come dati. Per archiviare questi dati, abbiamo bisogno di un potente gestore di backup. Cos&#8217;\u00e8 un sistema di gestione del backup? Un gestore di backup [&hellip;]<\/p>\n","protected":false},"author":1,"featured_media":0,"parent":0,"menu_order":0,"comment_status":"closed","ping_status":"closed","template":"modulebackupmanager-page.php","meta":{"_acf_changed":false,"footnotes":""},"class_list":["post-14484","page","type-page","status-publish","hentry"],"acf":[],"yoast_head":"<!-- This site is optimized with the Yoast SEO Premium plugin v23.6 (Yoast SEO v25.9) - https:\/\/yoast.com\/wordpress\/plugins\/seo\/ -->\n<title>Efficiente Backup Manager | Proteggi i tuoi dati con facilit\u00e0<\/title>\n<meta name=\"description\" content=\"Proteggi i tuoi dati con il nostro affidabile Backup Manager. Soluzioni facili da usare ed efficienti per mantenere le tue informazioni sicure e accessibili.\" \/>\n<meta name=\"robots\" content=\"index, follow, max-snippet:-1, max-image-preview:large, max-video-preview:-1\" \/>\n<link rel=\"canonical\" href=\"https:\/\/cloudmlmsoftware.com\/it\/gestione-backup\/\" \/>\n<meta property=\"og:locale\" content=\"it_IT\" \/>\n<meta property=\"og:type\" content=\"article\" \/>\n<meta property=\"og:title\" content=\"backup-manager\" \/>\n<meta property=\"og:description\" content=\"Proteggi i tuoi dati con il nostro affidabile Backup Manager. Soluzioni facili da usare ed efficienti per mantenere le tue informazioni sicure e accessibili.\" \/>\n<meta property=\"og:url\" content=\"https:\/\/cloudmlmsoftware.com\/it\/gestione-backup\/\" \/>\n<meta property=\"og:site_name\" content=\"Cloud MLM Software\" \/>\n<meta property=\"article:modified_time\" content=\"2024-11-08T04:37:29+00:00\" \/>\n<meta name=\"twitter:card\" content=\"summary_large_image\" \/>\n<meta name=\"twitter:label1\" content=\"Tempo di lettura stimato\" \/>\n\t<meta name=\"twitter:data1\" content=\"3 minuti\" \/>\n<!-- \/ Yoast SEO Premium plugin. -->","yoast_head_json":{"title":"Efficiente Backup Manager | Proteggi i tuoi dati con facilit\u00e0","description":"Proteggi i tuoi dati con il nostro affidabile Backup Manager. Soluzioni facili da usare ed efficienti per mantenere le tue informazioni sicure e accessibili.","robots":{"index":"index","follow":"follow","max-snippet":"max-snippet:-1","max-image-preview":"max-image-preview:large","max-video-preview":"max-video-preview:-1"},"canonical":"https:\/\/cloudmlmsoftware.com\/it\/gestione-backup\/","og_locale":"it_IT","og_type":"article","og_title":"backup-manager","og_description":"Proteggi i tuoi dati con il nostro affidabile Backup Manager. Soluzioni facili da usare ed efficienti per mantenere le tue informazioni sicure e accessibili.","og_url":"https:\/\/cloudmlmsoftware.com\/it\/gestione-backup\/","og_site_name":"Cloud MLM Software","article_modified_time":"2024-11-08T04:37:29+00:00","twitter_card":"summary_large_image","twitter_misc":{"Tempo di lettura stimato":"3 minuti"},"schema":{"@context":"https:\/\/schema.org","@graph":[{"@type":"WebPage","@id":"https:\/\/cloudmlmsoftware.com\/it\/gestione-backup\/","url":"https:\/\/cloudmlmsoftware.com\/it\/gestione-backup\/","name":"Efficiente Backup Manager | Proteggi i tuoi dati con facilit\u00e0","isPartOf":{"@id":"https:\/\/cloudmlmsoftware.com\/it\/#website"},"datePublished":"2024-05-22T13:33:38+00:00","dateModified":"2024-11-08T04:37:29+00:00","description":"Proteggi i tuoi dati con il nostro affidabile Backup Manager. Soluzioni facili da usare ed efficienti per mantenere le tue informazioni sicure e accessibili.","breadcrumb":{"@id":"https:\/\/cloudmlmsoftware.com\/it\/gestione-backup\/#breadcrumb"},"inLanguage":"it-IT","potentialAction":[{"@type":"ReadAction","target":["https:\/\/cloudmlmsoftware.com\/it\/gestione-backup\/"]}]},{"@type":"BreadcrumbList","@id":"https:\/\/cloudmlmsoftware.com\/it\/gestione-backup\/#breadcrumb","itemListElement":[{"@type":"ListItem","position":1,"name":"Home","item":"https:\/\/cloudmlmsoftware.com\/it\/"},{"@type":"ListItem","position":2,"name":"backup-manager"}]},{"@type":"WebSite","@id":"https:\/\/cloudmlmsoftware.com\/it\/#website","url":"https:\/\/cloudmlmsoftware.com\/it\/","name":"Cloud MLM Software","description":"","publisher":{"@id":"https:\/\/cloudmlmsoftware.com\/it\/#organization"},"potentialAction":[{"@type":"SearchAction","target":{"@type":"EntryPoint","urlTemplate":"https:\/\/cloudmlmsoftware.com\/it\/?s={search_term_string}"},"query-input":{"@type":"PropertyValueSpecification","valueRequired":true,"valueName":"search_term_string"}}],"inLanguage":"it-IT"},{"@type":"Organization","@id":"https:\/\/cloudmlmsoftware.com\/it\/#organization","name":"Cloud MLM Software","url":"https:\/\/cloudmlmsoftware.com\/it\/","logo":{"@type":"ImageObject","inLanguage":"it-IT","@id":"https:\/\/cloudmlmsoftware.com\/it\/#\/schema\/logo\/image\/","url":"https:\/\/cloudmlmsoftware.com\/wp-content\/uploads\/2024\/09\/cloudmlm-logo.webp","contentUrl":"https:\/\/cloudmlmsoftware.com\/wp-content\/uploads\/2024\/09\/cloudmlm-logo.webp","width":200,"height":40,"caption":"Cloud MLM Software"},"image":{"@id":"https:\/\/cloudmlmsoftware.com\/it\/#\/schema\/logo\/image\/"}}]}},"_links":{"self":[{"href":"https:\/\/cloudmlmsoftware.com\/it\/wp-json\/wp\/v2\/pages\/14484","targetHints":{"allow":["GET"]}}],"collection":[{"href":"https:\/\/cloudmlmsoftware.com\/it\/wp-json\/wp\/v2\/pages"}],"about":[{"href":"https:\/\/cloudmlmsoftware.com\/it\/wp-json\/wp\/v2\/types\/page"}],"author":[{"embeddable":true,"href":"https:\/\/cloudmlmsoftware.com\/it\/wp-json\/wp\/v2\/users\/1"}],"replies":[{"embeddable":true,"href":"https:\/\/cloudmlmsoftware.com\/it\/wp-json\/wp\/v2\/comments?post=14484"}],"version-history":[{"count":0,"href":"https:\/\/cloudmlmsoftware.com\/it\/wp-json\/wp\/v2\/pages\/14484\/revisions"}],"wp:attachment":[{"href":"https:\/\/cloudmlmsoftware.com\/it\/wp-json\/wp\/v2\/media?parent=14484"}],"curies":[{"name":"wp","href":"https:\/\/api.w.org\/{rel}","templated":true}]}}