{"id":14433,"date":"2024-03-25T12:33:50","date_gmt":"2024-03-25T12:33:50","guid":{"rendered":"https:\/\/cloudmlmsoftware.com\/politica-sulla-riservatezza\/"},"modified":"2024-09-25T14:42:12","modified_gmt":"2024-09-25T14:42:12","slug":"politica-sulla-riservatezza","status":"publish","type":"page","link":"https:\/\/cloudmlmsoftware.com\/it\/politica-sulla-riservatezza\/","title":{"rendered":"politica sulla riservatezza"},"content":{"rendered":"\n<h2 class=\"wp-block-heading lg:text-TitlesemiFontSize leading-snug text-2xl capitalize titleColor\">La tua privacy \u00e8 di fondamentale importanza per noi.<\/h2>\n\n<h3 class=\"wp-block-heading leading-snug text-2xl capitalize titleColor pt-4\">LLP si trova a:<\/h3>\n\n<p class=\"pt-3\">Unit\u00e0 1A, 4\u00b0 piano, KSITIL, Zona economica speciale, Cyberpark Campus, edificio Sahya, Nellikkode P. O, Kozhikode, 673016<\/p>\n\n<p class=\"pt-5 contentColor text-sm leading-6\">La politica di Cloud MLM Software \u00e8 quella di rispettare la tua privacy in merito a qualsiasi informazione che potremmo raccogliere durante il funzionamento del nostro sito web. La presente Informativa sulla privacy si applica a https:\/\/cloudmlmsoftware. com (di seguito, &#8220;noi&#8221;, &#8220;noi&#8221; o &#8220;https:\/\/cloudmlmsoftware. com&#8221;). Rispettiamo la tua privacy e ci impegniamo a proteggere le informazioni di identificazione personale che potresti fornirci attraverso il sito web. Abbiamo adottato questa politica sulla privacy (&#8220;Politica sulla privacy&#8221;) per spiegare quali informazioni possono essere raccolte sul nostro sito Web, come utilizziamo queste informazioni e in quali circostanze possiamo divulgare le informazioni a terzi. La presente Informativa sulla privacy si applica solo alle informazioni che raccogliamo attraverso il sito Web e non si applica alla nostra raccolta di informazioni da altre fonti.    <\/p>\n\n<p class=\"pt-5 contentColor text-sm leading-6\">La presente Informativa sulla privacy, insieme ai Termini e alle condizioni pubblicati sul nostro sito Web, stabilisce le regole e le politiche generali che regolano l&#8217;utilizzo del nostro sito Web. A seconda delle attivit\u00e0 che svolgi durante la visita al nostro sito Web, potrebbe essere richiesto di accettare termini e condizioni aggiuntivi. <\/p>\n\n<h3 class=\"wp-block-heading pt-6 leading-snug text-2xl font-semibold capitalize titleColor\">Visitatori del sito web<\/h3>\n\n<p class=\"pt-5 contentColor text-sm leading-6\">Come la maggior parte degli operatori di siti Web, il software Cloud MLM raccoglie informazioni di identificazione non personale del tipo che i browser Web e i server in genere rendono disponibili, come il tipo di browser, la preferenza della lingua, il sito di riferimento e la data e l&#8217;ora di ciascuna richiesta del visitatore. Lo scopo di Cloud MLM Software nella raccolta di informazioni di identificazione non personale \u00e8 quello di comprendere meglio come i visitatori di Cloud MLM Software utilizzano il suo sito web. Di tanto in tanto, il software Cloud MLM pu\u00f2 rilasciare informazioni di identificazione non personale in forma aggregata, ad es. G. , pubblicando un rapporto sulle tendenze nell&#8217;utilizzo del proprio sito web.  <\/p>\n\n<p class=\"pt-5 contentColor text-sm leading-6\">Il software raccoglie anche informazioni potenzialmente di identificazione personale come indirizzi IP (protocollo Internet) per gli utenti che hanno effettuato l&#8217;accesso e per gli utenti che lasciano commenti su https:\/\/cloudmlmsoftware. com post del blog. Il software Cloud MLM rivela gli indirizzi IP degli utenti e dei commentatori registrati solo nelle stesse circostanze in cui utilizza e divulga informazioni di identificazione personale come descritto di seguito. <\/p>\n\n<h3 class=\"wp-block-heading pt-6 leading-snug text-2xl font-semibold capitalize titleColor\">Raccolta di informazioni di identificazione personale<\/h3>\n\n<p class=\"pt-3 contentColor text-sm leading-6\">Alcuni visitatori dei siti Web di Cloud MLM Software scelgono di interagire con Bpract Software Solutions LLP (la societ\u00e0 ha sviluppato questo prodotto) in modi che richiedono a Bpract Software Solutions LLP di raccogliere informazioni di identificazione personale. La quantit\u00e0 e il tipo di informazioni raccolte da Bpract Software Solutions LLP dipendono dalla natura dell&#8217;interazione. Ad esempio, chiediamo ai visitatori che si iscrivono a un blog su https:\/\/cloudmlmsoftware. com per fornire un nome utente e un indirizzo email.  <\/p>\n\n<h3 class=\"wp-block-heading pt-6 leading-snug text-2xl font-semibold capitalize titleColor\">Sicurezza<\/h3>\n\n<p class=\"pt-3 contentColor text-sm leading-6\">La sicurezza delle tue informazioni personali \u00e8 importante per noi, ma ricorda che nessun metodo di trasmissione su Internet o metodo di archiviazione elettronica \u00e8 sicuro al 100%. Sebbene ci sforziamo di utilizzare mezzi commercialmente accettabili per proteggere le tue informazioni personali, non possiamo garantirne l&#8217;assoluta sicurezza. <\/p>\n\n<h3 class=\"wp-block-heading pt-6 leading-snug text-2xl font-semibold capitalize titleColor\">Pubblicit\u00e0<\/h3>\n\n<p class=\"pt-3 contentColor text-sm leading-6\">Gli annunci visualizzati sul nostro sito Web possono essere forniti agli utenti da partner pubblicitari, che possono impostare cookie. Questi cookie consentono all&#8217;ad server di riconoscere il tuo computer ogni volta che ti inviano una pubblicit\u00e0 online per raccogliere informazioni su di te o su altri che utilizzano il tuo computer. Queste informazioni consentono alle reti pubblicitarie, tra le altre cose, di fornire annunci pubblicitari mirati che ritengono possano interessarti di pi\u00f9. La presente Informativa sulla privacy copre l&#8217;uso dei cookie da parte del software Cloud MLM e non copre l&#8217;uso dei cookie da parte di eventuali inserzionisti.   <\/p>\n\n<h3 class=\"wp-block-heading pt-6 leading-snug text-2xl font-semibold capitalize titleColor\">Collegamenti a siti esterni<\/h3>\n\n<p class=\"pt-3 contentColor text-sm leading-6\">Il nostro Servizio pu\u00f2 contenere collegamenti a siti esterni che non sono gestiti da noi. Se fai clic su un collegamento di terze parti, verrai indirizzato al sito di quella terza parte. Ti consigliamo vivamente di rivedere l&#8217;Informativa sulla privacy e i termini e le condizioni di ogni sito che visiti. Non abbiamo alcun controllo e non ci assumiamo alcuna responsabilit\u00e0 per il contenuto, le politiche sulla privacy o le pratiche di siti, prodotti o servizi di terze parti.   <\/p>\n\n<h3 class=\"wp-block-heading pt-6 leading-snug text-2xl font-semibold capitalize titleColor\">Protezione di alcune informazioni di identificazione personale<\/h3>\n\n<p class=\"pt-3 contentColor text-sm leading-6\">LLP divulga informazioni potenzialmente identificative e di identificazione personale solo a quelli dei suoi dipendenti, appaltatori e organizzazioni affiliate che (i) hanno bisogno di conoscere tali informazioni per elaborarle per conto di Bpract Software Solutions LLP o per fornire servizi disponibili sul sito Web di Cloud MLM Software, e (ii) che hanno accettato di non divulgarli ad altri. Alcuni di questi dipendenti, appaltatori e organizzazioni affiliate potrebbero trovarsi al di fuori del tuo Paese d&#8217;origine; utilizzando il sito web di Cloud MLM Software, acconsenti al trasferimento di tali informazioni a loro. Bpract Software Solutions LLP non affitter\u00e0 n\u00e9 vender\u00e0 a nessuno informazioni potenzialmente identificative e di identificazione personale. Ad eccezione dei suoi dipendenti, appaltatori e organizzazioni affiliate, come descritto sopra, Bpract Software Solutions LLP divulga informazioni potenzialmente identificative e di identificazione personale solo in risposta a un mandato di comparizione, ordinanza del tribunale o altra richiesta governativa, o quando Bpract Software Solutions LLP ritiene in buona fede che la divulgazione \u00e8 ragionevolmente necessaria per proteggere la propriet\u00e0 o i diritti di Bpract Software Solutions LLP, di terzi o del pubblico in generale.     <\/p>\n\n<p class=\"pt-3 contentColor text-sm leading-6\">Se ti sei registrato con https:\/\/cloudmlmsoftware. com e abbiamo fornito il tuo indirizzo e-mail, Bpract Software Solutions LLP potrebbe occasionalmente inviarti un&#8217;e-mail per informarti sulle nuove funzionalit\u00e0, sollecitare il tuo feedback o semplicemente tenerti aggiornato su ci\u00f2 che sta accadendo con Bpract Software Solutions LLP e i nostri prodotti. Utilizziamo principalmente il nostro blog per comunicare questo tipo di informazioni, quindi prevediamo di mantenere questo tipo di email al minimo. Se ci invii una richiesta (ad esempio tramite un&#8217;e-mail di supporto o tramite uno dei nostri meccanismi di feedback), ci riserviamo il diritto di pubblicarla per aiutarci a chiarire o rispondere alla tua richiesta o per aiutarci a supportare altri utenti. Bpract Software Solutions LLP adotta tutte le misure ragionevolmente necessarie per proteggere dall&#8217;accesso, dall&#8217;uso, dall&#8217;alterazione o dalla distruzione non autorizzati di informazioni potenzialmente identificative e di identificazione personale.   <\/p>\n\n<h3 class=\"wp-block-heading pt-6 leading-snug text-2xl font-semibold capitalize titleColor\">Statistiche aggregate<\/h3>\n\n<p class=\"pt-3 contentColor text-sm leading-6\">LLP pu\u00f2 raccogliere statistiche sul comportamento dei visitatori del proprio sito web. Bpract Software Solutions LLP pu\u00f2 visualizzare queste informazioni pubblicamente o fornirle ad altri. Tuttavia, Bpract Software Solutions LLP non divulga le tue informazioni di identificazione personale.  <\/p>\n\n<h3 class=\"wp-block-heading pt-6 leading-snug text-2xl font-semibold capitalize titleColor\">Divulgazione degli affiliati<\/h3>\n\n<p class=\"pt-3 contentColor text-sm leading-6\">Questo sito utilizza collegamenti di affiliazione e guadagna una commissione da determinati collegamenti. Ci\u00f2 non influisce sui tuoi acquisti o sul prezzo che potresti pagare. <\/p>\n\n<h3 class=\"wp-block-heading\">Biscotti<\/h3>\n\n<p class=\"pt-3 contentColor text-sm leading-6\">Per arricchire e perfezionare la tua esperienza online, Cloud MLM Software utilizza &#8220;Cookie&#8221;, tecnologie e servizi simili forniti da altri per visualizzare contenuti personalizzati, pubblicit\u00e0 appropriata e memorizzare le tue preferenze sul tuo computer.<\/p>\n\n<p class=\"pt-3 contentColor text-sm leading-6\">Un cookie \u00e8 una stringa di informazioni che un sito Web memorizza sul computer di un visitatore e che il browser del visitatore fornisce al sito Web ogni volta che il visitatore ritorna. Bpract Software Solutions LLP utilizza i cookie per aiutare Bpract Software Solutions LLP a identificare e monitorare i visitatori e il loro utilizzo di https:\/\/cloudmlmsoftware. com e le loro preferenze di accesso al sito web. I visitatori del software Cloud MLM che non desiderano che i cookie vengano inseriti nei propri computer devono impostare i propri browser in modo che rifiuti i cookie prima di utilizzare i siti Web di Bpract Software Solutions LLP, con lo svantaggio che alcune funzionalit\u00e0 dei siti Web di Bpract Software Solutions LLP potrebbero non funzionare correttamente senza l&#8217;aiuto di biscotti.  <\/p>\n\n<p class=\"pt-3 contentColor text-sm leading-6\">Continuando a navigare sul nostro sito web senza modificare le impostazioni dei cookie, riconosci e accetti l&#8217;utilizzo dei cookie da parte del software Cloud MLM.<\/p>\n\n<h3 class=\"wp-block-heading pt-6 leading-snug text-2xl font-semibold capitalize titleColor\">Commercio elettronico<\/h3>\n\n<p class=\"pt-3 contentColor text-sm leading-6\">A coloro che effettuano transazioni con Bpract Software Solutions LLP, acquistando servizi o prodotti di Bpract Software Solutions LLP, viene chiesto di fornire ulteriori informazioni, comprese, se necessario, le informazioni personali e finanziarie necessarie per elaborare tali transazioni. In ogni caso, Bpract Software Solutions LLP raccoglie tali informazioni solo nella misura necessaria o appropriata per soddisfare lo scopo dell\u2019interazione del visitatore con Bpract Software Solutions LLP. Bpract Software Solutions LLP non divulga informazioni di identificazione personale diverse da quelle descritte di seguito. Inoltre, i visitatori possono sempre rifiutarsi di fornire informazioni di identificazione personale, con l&#8217;avvertenza che ci\u00f2 potrebbe impedire loro di impegnarsi in determinate attivit\u00e0 relative al sito web.   <\/p>\n\n<h3 class=\"wp-block-heading pt-6 leading-snug text-2xl font-semibold capitalize titleColor\">Trasferimenti d&#8217;impresa<\/h3>\n\n<p class=\"pt-3 contentColor text-sm leading-6\">Se Bpract Software Solutions LLP, o sostanzialmente tutti i suoi beni, venissero acquisiti, o nell&#8217;improbabile caso in cui Bpract Software Solutions LLP cessi l&#8217;attivit\u00e0 o entri in bancarotta, le informazioni dell&#8217;utente sarebbero uno dei beni trasferiti o acquisiti da un terzo festa. Riconosci che tali trasferimenti possono verificarsi e che qualsiasi acquirente di Bpract Software Solutions LLP pu\u00f2 continuare a utilizzare le tue informazioni personali come stabilito nella presente politica. <\/p>\n\n<h3 class=\"wp-block-heading pt-6 leading-snug text-2xl font-semibold capitalize titleColor\">Modifiche all&#8217;informativa sulla privacy<\/h3>\n\n<p class=\"pt-3 contentColor text-sm leading-6\">Sebbene la maggior parte delle modifiche siano probabilmente minori, Bpract Software Solutions LLP pu\u00f2 modificare la propria Informativa sulla privacy di tanto in tanto e ad esclusiva discrezione di Bpract Software Solutions LLP. Bpract Software Solutions LLP incoraggia i visitatori a controllare frequentemente questa pagina per eventuali modifiche alla sua Informativa sulla privacy. L&#8217;uso continuato di questo sito dopo qualsiasi modifica alla presente Informativa sulla privacy costituir\u00e0 l&#8217;accettazione di tale modifica.  <\/p>\n","protected":false},"excerpt":{"rendered":"<p>La tua privacy \u00e8 di fondamentale importanza per noi. LLP si trova a: Unit\u00e0 1A, 4\u00b0 piano, KSITIL, Zona economica speciale, Cyberpark Campus, edificio Sahya, Nellikkode P. O, Kozhikode, 673016 La politica di Cloud MLM Software \u00e8 quella di rispettare la tua privacy in merito a qualsiasi informazione che potremmo raccogliere durante il funzionamento del [&hellip;]<\/p>\n","protected":false},"author":1,"featured_media":0,"parent":0,"menu_order":0,"comment_status":"closed","ping_status":"closed","template":"","meta":{"_acf_changed":false,"footnotes":""},"class_list":["post-14433","page","type-page","status-publish","hentry"],"acf":[],"yoast_head":"<!-- This site is optimized with the Yoast SEO Premium plugin v23.6 (Yoast SEO v25.9) - https:\/\/yoast.com\/wordpress\/plugins\/seo\/ -->\n<title>Informativa sulla privacy | Software MLM cloud<\/title>\n<meta name=\"description\" content=\"Scopri come proteggiamo i tuoi dati con la nostra chiara Informativa sulla privacy. Rimani informato e sicuro della tua sicurezza online: leggila ora.\" \/>\n<meta name=\"robots\" content=\"index, follow, max-snippet:-1, max-image-preview:large, max-video-preview:-1\" \/>\n<link rel=\"canonical\" href=\"https:\/\/cloudmlmsoftware.com\/it\/politica-sulla-riservatezza\/\" \/>\n<meta property=\"og:locale\" content=\"it_IT\" \/>\n<meta property=\"og:type\" content=\"article\" \/>\n<meta property=\"og:title\" content=\"politica sulla riservatezza\" \/>\n<meta property=\"og:description\" content=\"Scopri come proteggiamo i tuoi dati con la nostra chiara Informativa sulla privacy. Rimani informato e sicuro della tua sicurezza online: leggila ora.\" \/>\n<meta property=\"og:url\" content=\"https:\/\/cloudmlmsoftware.com\/it\/politica-sulla-riservatezza\/\" \/>\n<meta property=\"og:site_name\" content=\"Cloud MLM Software\" \/>\n<meta property=\"article:modified_time\" content=\"2024-09-25T14:42:12+00:00\" \/>\n<meta name=\"twitter:card\" content=\"summary_large_image\" \/>\n<meta name=\"twitter:label1\" content=\"Tempo di lettura stimato\" \/>\n\t<meta name=\"twitter:data1\" content=\"7 minuti\" \/>\n<!-- \/ Yoast SEO Premium plugin. -->","yoast_head_json":{"title":"Informativa sulla privacy | Software MLM cloud","description":"Scopri come proteggiamo i tuoi dati con la nostra chiara Informativa sulla privacy. Rimani informato e sicuro della tua sicurezza online: leggila ora.","robots":{"index":"index","follow":"follow","max-snippet":"max-snippet:-1","max-image-preview":"max-image-preview:large","max-video-preview":"max-video-preview:-1"},"canonical":"https:\/\/cloudmlmsoftware.com\/it\/politica-sulla-riservatezza\/","og_locale":"it_IT","og_type":"article","og_title":"politica sulla riservatezza","og_description":"Scopri come proteggiamo i tuoi dati con la nostra chiara Informativa sulla privacy. Rimani informato e sicuro della tua sicurezza online: leggila ora.","og_url":"https:\/\/cloudmlmsoftware.com\/it\/politica-sulla-riservatezza\/","og_site_name":"Cloud MLM Software","article_modified_time":"2024-09-25T14:42:12+00:00","twitter_card":"summary_large_image","twitter_misc":{"Tempo di lettura stimato":"7 minuti"},"schema":{"@context":"https:\/\/schema.org","@graph":[{"@type":"WebPage","@id":"https:\/\/cloudmlmsoftware.com\/it\/politica-sulla-riservatezza\/","url":"https:\/\/cloudmlmsoftware.com\/it\/politica-sulla-riservatezza\/","name":"Informativa sulla privacy | Software MLM cloud","isPartOf":{"@id":"https:\/\/cloudmlmsoftware.com\/it\/#website"},"datePublished":"2024-03-25T12:33:50+00:00","dateModified":"2024-09-25T14:42:12+00:00","description":"Scopri come proteggiamo i tuoi dati con la nostra chiara Informativa sulla privacy. Rimani informato e sicuro della tua sicurezza online: leggila ora.","breadcrumb":{"@id":"https:\/\/cloudmlmsoftware.com\/it\/politica-sulla-riservatezza\/#breadcrumb"},"inLanguage":"it-IT","potentialAction":[{"@type":"ReadAction","target":["https:\/\/cloudmlmsoftware.com\/it\/politica-sulla-riservatezza\/"]}]},{"@type":"BreadcrumbList","@id":"https:\/\/cloudmlmsoftware.com\/it\/politica-sulla-riservatezza\/#breadcrumb","itemListElement":[{"@type":"ListItem","position":1,"name":"Home","item":"https:\/\/cloudmlmsoftware.com\/it\/"},{"@type":"ListItem","position":2,"name":"politica sulla riservatezza"}]},{"@type":"WebSite","@id":"https:\/\/cloudmlmsoftware.com\/it\/#website","url":"https:\/\/cloudmlmsoftware.com\/it\/","name":"Cloud MLM Software","description":"","publisher":{"@id":"https:\/\/cloudmlmsoftware.com\/it\/#organization"},"potentialAction":[{"@type":"SearchAction","target":{"@type":"EntryPoint","urlTemplate":"https:\/\/cloudmlmsoftware.com\/it\/?s={search_term_string}"},"query-input":{"@type":"PropertyValueSpecification","valueRequired":true,"valueName":"search_term_string"}}],"inLanguage":"it-IT"},{"@type":"Organization","@id":"https:\/\/cloudmlmsoftware.com\/it\/#organization","name":"Cloud MLM Software","url":"https:\/\/cloudmlmsoftware.com\/it\/","logo":{"@type":"ImageObject","inLanguage":"it-IT","@id":"https:\/\/cloudmlmsoftware.com\/it\/#\/schema\/logo\/image\/","url":"https:\/\/cloudmlmsoftware.com\/wp-content\/uploads\/2024\/09\/cloudmlm-logo.webp","contentUrl":"https:\/\/cloudmlmsoftware.com\/wp-content\/uploads\/2024\/09\/cloudmlm-logo.webp","width":200,"height":40,"caption":"Cloud MLM Software"},"image":{"@id":"https:\/\/cloudmlmsoftware.com\/it\/#\/schema\/logo\/image\/"}}]}},"_links":{"self":[{"href":"https:\/\/cloudmlmsoftware.com\/it\/wp-json\/wp\/v2\/pages\/14433","targetHints":{"allow":["GET"]}}],"collection":[{"href":"https:\/\/cloudmlmsoftware.com\/it\/wp-json\/wp\/v2\/pages"}],"about":[{"href":"https:\/\/cloudmlmsoftware.com\/it\/wp-json\/wp\/v2\/types\/page"}],"author":[{"embeddable":true,"href":"https:\/\/cloudmlmsoftware.com\/it\/wp-json\/wp\/v2\/users\/1"}],"replies":[{"embeddable":true,"href":"https:\/\/cloudmlmsoftware.com\/it\/wp-json\/wp\/v2\/comments?post=14433"}],"version-history":[{"count":0,"href":"https:\/\/cloudmlmsoftware.com\/it\/wp-json\/wp\/v2\/pages\/14433\/revisions"}],"wp:attachment":[{"href":"https:\/\/cloudmlmsoftware.com\/it\/wp-json\/wp\/v2\/media?parent=14433"}],"curies":[{"name":"wp","href":"https:\/\/api.w.org\/{rel}","templated":true}]}}