{"id":14423,"date":"2024-08-01T05:21:08","date_gmt":"2024-08-01T05:21:08","guid":{"rendered":"https:\/\/cloudmlmsoftware.com\/mlm-software-per-startup\/"},"modified":"2024-10-07T06:59:22","modified_gmt":"2024-10-07T06:59:22","slug":"mlm-software-per-startup","status":"publish","type":"page","link":"https:\/\/cloudmlmsoftware.com\/it\/mlm-software-per-startup\/","title":{"rendered":"mlm-software-per-startup"},"content":{"rendered":"\n<div class=\"bannerBgcolor BannerBg pt-16 pb-20 overflow-hidden relative\">\n   <div class=\"animation-wrapper\">\n      <div class=\"particle particle-1\"><\/div>\n      <div class=\"particle particle-2\"><\/div>\n      <div class=\"particle particle-3\"><\/div>\n      <div class=\"particle particle-4\"><\/div>\n   <\/div>\n   <div class=\"container mx-auto xl:h-[504px] h-auto\">\n      <div class=\"flex flex-wrap md:flex-row flex-col-reverse items-center\">\n         <div class=\"md:basis-7\/12 sm:basis-12\/12 pt-12\">\n            <h1 class=\"lg:text-mainTitleFontSize sm:text-3xl text-3xl text-white lg:leading-snug \"><span class=\"font-bold animate-charcter-offwhite\">Software MLM<\/span> per startup <\/h1>\n            <p class=\"offlightWhite pt-3 text-md\">Nell\u2019ambiente innovativo delle start-up, restare all\u2019avanguardia con soluzioni innovative \u00e8 la chiave del successo. Il nostro software MLM per start-up \u00e8 realizzato per potenziare la tua azienda con una tecnologia scalabile e basata sul cloud. Abbraccia il futuro del network marketing con il nostro software MLM completo, progettato per semplificare le tue operazioni, migliorare la produttivit\u00e0 e favorire una crescita senza precedenti.   <\/p>\n         <\/div>\n         <div class=\"md:basis-5\/12 sm:basis-12\/12 pl-4 pr-0 py-14\"> <img fetchpriority=\"high\" decoding=\"async\" src=\"\/wp-content\/uploads\/2024\/08\/RespMlmDashboard.webp\" alt=\"software mlm\" width=\"512\" height=\"422\" class=\"pulseBannerImg\"\/> <\/div>\n      <\/div>\n   <\/div>\n<\/div>\n<section class=\"p-sectionpadding\">\n   <div class=\"container mx-auto mt-20\">\n      <div class=\"relative primaryColor rounded-2xl p-6 md:p-12 py-6 mdpy-16 overflow-hidden\">\n         <div class=\"flex flex-wrap\">\n            <div class=\"lg:flex-shrink-0 w-full lg:w-7\/12\">\n               <h2 class=\"md:text-TitlesemiFontSize text-2xl titleColor text-white lg:leading-snug capitalize\"> Vantaggi dell&#8217;implementazione del software Cloud MLM per <span class=\"font-bold\"> le startup<\/span>.  <\/h2>\n               <p class=\"text-textpara font-light leading-6 text-white py-3\">Il nostro software MLM basato su cloud offre soluzioni scalabili ed economicamente vantaggiose con accesso globale, garantendo la crescita del business senza la necessit\u00e0 di infrastrutture estese. Goditi una maggiore sicurezza, analisi in tempo reale per un processo decisionale informato e un&#8217;interfaccia intuitiva per migliorare efficienza e produttivit\u00e0. Semplifica le operazioni e proteggi i tuoi dati, consentendo al tuo team di concentrarsi sulla crescita strategica da qualsiasi parte del mondo.   <\/p>\n               <div class=\"text-xl text-white lg:leading-snug capitalize mt-3\"> <span class=\"font-semibold\">Sblocca il potenziale della tua start-up con il nostro esclusivo software Cloud MLM<\/span> <\/div>\n               <p class=\"text-textpara font-light leading-6 text-white py-3\"> Utilizza il potere della tecnologia e avvia la tua attivit\u00e0 su un percorso di notevole crescita e prosperit\u00e0. Unisciti a noi in questo viaggio e raggiungiamo insieme la grandezza. Il tuo futuro inizia adesso!   <\/p>\n            <\/div>\n            <div class=\"lg:absolute w-full lg:w-5\/12 bottom-0 right-0\"> <img decoding=\"async\" src=\"\/wp-content\/uploads\/2024\/08\/USERDB_Cloudtheme.webp\" alt=\"software mlm\" class=\"lg:absolute bottom-[-20px] right-[-40px] w-full\"\/> <\/div>\n         <\/div>\n      <\/div>\n   <\/div>\n<\/section>\n<section class=\"p-sectionpadding\">\n   <div class=\"container mx-auto\">\n      <div class=\"relative lighter rounded-2xl p-6 md:p-12 py-6 md:py-16 overflow-hidden\">\n         <div class=\"flex flex-wrap\">\n            <div class=\"w-full lg:w-5\/12 pr-9 flex items-center\"> <img decoding=\"async\" src=\"\/wp-content\/uploads\/2024\/08\/banner_lightDashboard.webp\" alt=\"software mlm\" class=\"w-full\"\/> <\/div>\n            <div class=\"lg:flex-shrink-0 w-full lg:w-7\/12\">\n               <h3 class=\"lg:text-TitlesemiFontSize text-2xl titleColor lg:leading-snug capitalize\"> La migliore scelta di software MLM <span class=\"font-bold\">che potrai mai<\/span> ottenere!  <\/h3>\n               <p class=\"text-textpara font-light leading-6 titleColor py-3\">\u00e8 un software MLM di alta qualit\u00e0, basato sull&#8217;intelligenza artificiale, progettato per aziende MLM con innumerevoli utenti in tutto il mondo. Fornisce software MLM per l&#8217;e-commerce e relativi piani MLM, sfruttando l&#8217;intelligenza artificiale per semplificare le operazioni aziendali e renderle pi\u00f9 efficienti!  <\/p>\n               <div class=\"text-xl titleColor lg:leading-snug mt-3\"> <span class=\"font-semibold\">Disponibile ad una tariffa fissa di <span class=\"font-bold text-2xl\">$ 550<\/span>  <\/span><\/div>\n               <ul class=\"flex flex-wrap mt-4 ml-[-12px] list1\">\n                  <li class=\"text-textpara contentColor font-light leading-6 mb-3 ml-2\">Software MLM<\/li>\n                  <li class=\"text-textpara contentColor font-light leading-6 mb-3 ml-2\">Centro assistenza<\/li>\n                  <li class=\"text-textpara contentColor font-light leading-6 mb-3 ml-2\">Modulo dipendenti <\/li>\n                  <li class=\"text-textpara contentColor font-light leading-6 mb-3 ml-2\">Multilingue (inglese, spagnolo, portoghese, tedesco)<\/li>\n                  <li class=\"text-textpara contentColor font-light leading-6 mb-3 ml-2\">1 Portale di pagamento <\/li>\n               <\/ul>\n               <a href=\"https:\/\/cloudmlmsoftware.com\/it\/software-mlm-istanze-di-softwaredemo-gratuite\/\" class=\"primaryColor mt-2 px-4 h-[40px] w-[132px] btn1 items-center rounded-md text-white md:flex text-xs md:text-sm sm:flex hidden\" role=\"button\">Prova la demo gratuita <\/a> \n            <\/div>\n         <\/div>\n      <\/div>\n   <\/div>\n<\/section>\n<section class=\"p-sectionpadding\">\n   <div class=\"container mx-auto \">\n      <div class=\"relative darklight rounded-2xl px-6 md:px-12 pt-8 lg:pt-16 pb-0 lg:pb-16 overflow-hidden\">\n         <div class=\"flex flex-wrap\">\n            <div class=\"lg:flex-shrink-0 w-full lg:w-7\/12 pb-4\">\n               <h3 class=\"lg:text-TitlesemiFontSize text-2xl text-white lg:leading-snug capitalize\">Il tuo software MLM, il <span class=\"font-bold\">nome del tuo marchio<\/span>, il <span class=\"font-bold\">tema del tuo marchio.<\/span><\/h3>\n               <p class=\"text-textpara font-light leading-6 offWhite py-3 pt-3 mb-4\"> Cloud MLM ha <a href=\"https:\/\/cloudmlmsoftware.com\/it\/cloud-mlm-software-features\/\" target=\"_blank\" rel=\"noopener\" style=\"color:#3498db;\"> <b>caratteristiche uniche<\/b><\/a><\/span> e comprende funzionalit\u00e0 di base e avanzate. \u00c8 la migliore piattaforma che ti guider\u00e0 a gestire la tua attivit\u00e0 MLM in modo pi\u00f9 rapido e con successo. Inoltre, il software Cloud MLM pu\u00f2 facilmente modificare il nome del tuo marchio o il tema del tuo marchio poich\u00e9 supporta personalizzazioni illimitate.<\/p>\n <a href=\"https:\/\/cloudmlmsoftware.com\/it\/contact\/\" class=\"inline-block bg-white text-dark mt-3 w-auto px-4 py-3 my-2 leading-6 mdleading-10 rounded-lg text-xs md:text-sm btn1\">Connettiti ora<\/a> \n            <\/div>\n            <\/div>\n            <div class=\"relative lg:absolute w-full lg:w-5\/12 bottom-0 right-[-48px] lg:right-0\"> <img decoding=\"async\" src=\"\/wp-content\/uploads\/2024\/08\/BrandDArktheme_Home.webp\" alt=\"\" class=\"relative lg:absolute bottom-0 right-0 w-full\" width=\"500\" height=\"391\"\/> <\/div>\n         <\/div>\n      <\/div>\n   <\/div>\n   <div class=\"container mx-auto mt-8\">\n      <div class=\"flex flex-wrap lg:space-x-8\">\n         <div class=\"lg:flex-1 w-full lg:w-4\/12 primaryColor rounded-2xl px-6 md:px-12 pt-10 md:pt-12 lg:pb-0 pb-0 mb-2\">\n            <h4 class=\"lg:text-textMediumtitle text-center text-2xl text-white lg:leading-snug capitalize mb-2\"> Temi <span class=\"font-bold\">personalizzati per amministratori<\/span> e utenti<br\/> <\/h4>\n            <p class=\"text-textpara leading-6 text-white py-4 mb-5 text-center\">Forniamo un&#8217;interfaccia utente personalizzata per le aree di amministrazione e per gli utenti.\nAiuta a stabilire il riconoscimento del marchio per la tua azienda. <\/p>\n            <img decoding=\"async\" src=\"\/wp-content\/uploads\/2024\/08\/USERDB_Cloudtheme.webp\" alt=\"\" class=\"w-full relative md:absolute:bottom-[-20px]\"\/> \n         <\/div>\n         <div class=\"w-full lg:w-8\/12 lighter rounded-2xl overflow-hidden p-8 mb-2\">\n            <div class=\"flex flex-wrap items-center\">\n               <div class=\"relative w-full lg:w-6\/12\"> <img decoding=\"async\" src=\"\/wp-content\/uploads\/2024\/08\/widgets-reports-copy.webp\" alt=\"\" class=\"relative lg:left-[-35px] mb-4 lg:mb-0 w-full top-0 bottom-0 mx-auto\"\/> <\/div>\n               <div class=\"lg:flex-shrink-0 w-full lg:w-6\/12\">\n                  <h4 class=\"lg:text-textMediumtitle text-2xl titleColor lg:leading-snug capitalize\"> <span><span class=\"font-bold\">Widget e report<\/span> in primo piano con intervallo di tempo<\/span> <\/h4>\n                  <p class=\"text-textpara contentColor font-light leading-6 py-3 pt-3 \">Cloud MLM \u00e8 stato progettato per fornire widget utili e funzionali al tuo software MLM personalizzato, tra cui pagine di replica personalizzate e strumenti di affiliazione.<\/p>\n                  <a href=\"https:\/\/cloudmlmsoftware.com\/it\/software-mlm-istanze-di-softwaredemo-gratuite\/\" class=\"primaryColor mt-2 px-4 h-[40px] w-[132px] btn1 items-center rounded-md text-white md:flex text-xs md:text-sm sm:flex hidden\" role=\"button\">Prova la demo gratuita <\/a> \n               <\/div>\n            <\/div>\n         <\/div>\n      <\/div>\n   <\/div>\n<\/section>\n<section class=\"p-sectionpadding\">\n   <div class=\"container mx-auto\">\n      <div class=\"relative lighter rounded-2xl p-6 lg:p-12 py-6 lg:py-16 overflow-hidden\">\n         <div class=\"flex flex-wrap\">\n            <div class=\"lg:flex-shrink-0 w-full lg:w-7\/12 \">\n               <h4 class=\"text-2xl font-semibold lg:leading-snug capitalize titleColor w-full capitalize\">Perch\u00e9 il software Cloud MLM \u00e8 il migliore?<\/h4>\n               <p class=\"font-light py-3 pt-3 w-full mb-4\">Il software \u00e8 il nuovo termine per indicare il successo. Collabora con noi e sfrutta le capacit\u00e0 del nostro robusto software MLM per un futuro migliore nel network marketing. Siamo qui per aiutarti!   <\/p>\n               <ul class=\"flex flex-wrap space-x-2 mt-4 ml-[-12px] list1\">\n                  <li class=\"text-textpara contentColor font-light leading-6 mb-3 ml-2\">  <b class=\"block font-semibold text-lg\">Software MLM White Label<\/b> Il software MLM White Label consente alle aziende di lanciare la propria piattaforma di network marketing con marchio. <\/li>\n                  <li class=\"text-textpara contentColor font-light leading-6 mb-3 ml-2\">  <b class=\"block font-semibold text-lg\">Sistema software mlm self-hosted<\/b> Il software pu\u00f2 essere installato e gestito sull&#8217;infrastruttura server dell&#8217;utente, anzich\u00e9 essere ospitato da un fornitore di servizi di terze parti. <\/li>\n                  <li class=\"text-textpara contentColor font-light leading-6 mb-3 ml-2\"> <b class=\"block font-semibold text-lg\">Sistema di traduzione multilingue<\/b> Questo sistema \u00e8 progettato per gestire attivit\u00e0 di traduzione per varie coppie linguistiche, consentendo agli utenti di comunicare e comprendere contenuti in diverse lingue. <\/li>\n                  <li class=\"text-textpara contentColor font-light leading-6 mb-3 ml-2\"> <b class=\"block font-semibold text-lg\">Personalizzazioni illimitate<\/b> Il software pu\u00f2 essere ampiamente modificato e adattato per soddisfare le esigenze e i requisiti specifici di una particolare attivit\u00e0 MLM. <\/li>\n               <\/ul>\n            <\/div>\n            <div class=\"relative w-full lg:w-5\/12 flex items-center\"> <img decoding=\"async\" src=\"\/wp-content\/uploads\/2024\/08\/sw.webp\" alt=\"miglior software mlm\" class=\"w-full\"\/> <\/div>\n         <\/div>\n      <\/div>\n   <\/div>\n<\/section>\n","protected":false},"excerpt":{"rendered":"<p>Software MLM per startup Nell\u2019ambiente innovativo delle start-up, restare all\u2019avanguardia con soluzioni innovative \u00e8 la chiave del successo. Il nostro software MLM per start-up \u00e8 realizzato per potenziare la tua azienda con una tecnologia scalabile e basata sul cloud. Abbraccia il futuro del network marketing con il nostro software MLM completo, progettato per semplificare le [&hellip;]<\/p>\n","protected":false},"author":1,"featured_media":0,"parent":0,"menu_order":0,"comment_status":"closed","ping_status":"closed","template":"mlmforstartups-page.php","meta":{"_acf_changed":false,"footnotes":""},"class_list":["post-14423","page","type-page","status-publish","hentry"],"acf":[],"yoast_head":"<!-- This site is optimized with the Yoast SEO Premium plugin v23.6 (Yoast SEO v25.9) - https:\/\/yoast.com\/wordpress\/plugins\/seo\/ -->\n<title>Software MLM per startup - Soluzioni scalabili per la crescita<\/title>\n<meta name=\"description\" content=\"Software MLM per startup: soluzioni convenienti, scalabili e personalizzabili per aiutarti a far crescere rapidamente la tua attivit\u00e0 di network marketing.\" \/>\n<meta name=\"robots\" content=\"index, follow, max-snippet:-1, max-image-preview:large, max-video-preview:-1\" \/>\n<link rel=\"canonical\" href=\"https:\/\/cloudmlmsoftware.com\/it\/mlm-software-per-startup\/\" \/>\n<meta property=\"og:locale\" content=\"it_IT\" \/>\n<meta property=\"og:type\" content=\"article\" \/>\n<meta property=\"og:title\" content=\"mlm-software-per-startup\" \/>\n<meta property=\"og:description\" content=\"Software MLM per startup: soluzioni convenienti, scalabili e personalizzabili per aiutarti a far crescere rapidamente la tua attivit\u00e0 di network marketing.\" \/>\n<meta property=\"og:url\" content=\"https:\/\/cloudmlmsoftware.com\/it\/mlm-software-per-startup\/\" \/>\n<meta property=\"og:site_name\" content=\"Cloud MLM Software\" \/>\n<meta property=\"article:modified_time\" content=\"2024-10-07T06:59:22+00:00\" \/>\n<meta name=\"twitter:card\" content=\"summary_large_image\" \/>\n<meta name=\"twitter:label1\" content=\"Tempo di lettura stimato\" \/>\n\t<meta name=\"twitter:data1\" content=\"4 minuti\" \/>\n<!-- \/ Yoast SEO Premium plugin. -->","yoast_head_json":{"title":"Software MLM per startup - Soluzioni scalabili per la crescita","description":"Software MLM per startup: soluzioni convenienti, scalabili e personalizzabili per aiutarti a far crescere rapidamente la tua attivit\u00e0 di network marketing.","robots":{"index":"index","follow":"follow","max-snippet":"max-snippet:-1","max-image-preview":"max-image-preview:large","max-video-preview":"max-video-preview:-1"},"canonical":"https:\/\/cloudmlmsoftware.com\/it\/mlm-software-per-startup\/","og_locale":"it_IT","og_type":"article","og_title":"mlm-software-per-startup","og_description":"Software MLM per startup: soluzioni convenienti, scalabili e personalizzabili per aiutarti a far crescere rapidamente la tua attivit\u00e0 di network marketing.","og_url":"https:\/\/cloudmlmsoftware.com\/it\/mlm-software-per-startup\/","og_site_name":"Cloud MLM Software","article_modified_time":"2024-10-07T06:59:22+00:00","twitter_card":"summary_large_image","twitter_misc":{"Tempo di lettura stimato":"4 minuti"},"schema":{"@context":"https:\/\/schema.org","@graph":[{"@type":"WebPage","@id":"https:\/\/cloudmlmsoftware.com\/it\/mlm-software-per-startup\/","url":"https:\/\/cloudmlmsoftware.com\/it\/mlm-software-per-startup\/","name":"Software MLM per startup - Soluzioni scalabili per la crescita","isPartOf":{"@id":"https:\/\/cloudmlmsoftware.com\/it\/#website"},"datePublished":"2024-08-01T05:21:08+00:00","dateModified":"2024-10-07T06:59:22+00:00","description":"Software MLM per startup: soluzioni convenienti, scalabili e personalizzabili per aiutarti a far crescere rapidamente la tua attivit\u00e0 di network marketing.","breadcrumb":{"@id":"https:\/\/cloudmlmsoftware.com\/it\/mlm-software-per-startup\/#breadcrumb"},"inLanguage":"it-IT","potentialAction":[{"@type":"ReadAction","target":["https:\/\/cloudmlmsoftware.com\/it\/mlm-software-per-startup\/"]}]},{"@type":"BreadcrumbList","@id":"https:\/\/cloudmlmsoftware.com\/it\/mlm-software-per-startup\/#breadcrumb","itemListElement":[{"@type":"ListItem","position":1,"name":"Home","item":"https:\/\/cloudmlmsoftware.com\/it\/"},{"@type":"ListItem","position":2,"name":"mlm-software-per-startup"}]},{"@type":"WebSite","@id":"https:\/\/cloudmlmsoftware.com\/it\/#website","url":"https:\/\/cloudmlmsoftware.com\/it\/","name":"Cloud MLM Software","description":"","publisher":{"@id":"https:\/\/cloudmlmsoftware.com\/it\/#organization"},"potentialAction":[{"@type":"SearchAction","target":{"@type":"EntryPoint","urlTemplate":"https:\/\/cloudmlmsoftware.com\/it\/?s={search_term_string}"},"query-input":{"@type":"PropertyValueSpecification","valueRequired":true,"valueName":"search_term_string"}}],"inLanguage":"it-IT"},{"@type":"Organization","@id":"https:\/\/cloudmlmsoftware.com\/it\/#organization","name":"Cloud MLM Software","url":"https:\/\/cloudmlmsoftware.com\/it\/","logo":{"@type":"ImageObject","inLanguage":"it-IT","@id":"https:\/\/cloudmlmsoftware.com\/it\/#\/schema\/logo\/image\/","url":"https:\/\/cloudmlmsoftware.com\/wp-content\/uploads\/2024\/09\/cloudmlm-logo.webp","contentUrl":"https:\/\/cloudmlmsoftware.com\/wp-content\/uploads\/2024\/09\/cloudmlm-logo.webp","width":200,"height":40,"caption":"Cloud MLM Software"},"image":{"@id":"https:\/\/cloudmlmsoftware.com\/it\/#\/schema\/logo\/image\/"}}]}},"_links":{"self":[{"href":"https:\/\/cloudmlmsoftware.com\/it\/wp-json\/wp\/v2\/pages\/14423","targetHints":{"allow":["GET"]}}],"collection":[{"href":"https:\/\/cloudmlmsoftware.com\/it\/wp-json\/wp\/v2\/pages"}],"about":[{"href":"https:\/\/cloudmlmsoftware.com\/it\/wp-json\/wp\/v2\/types\/page"}],"author":[{"embeddable":true,"href":"https:\/\/cloudmlmsoftware.com\/it\/wp-json\/wp\/v2\/users\/1"}],"replies":[{"embeddable":true,"href":"https:\/\/cloudmlmsoftware.com\/it\/wp-json\/wp\/v2\/comments?post=14423"}],"version-history":[{"count":0,"href":"https:\/\/cloudmlmsoftware.com\/it\/wp-json\/wp\/v2\/pages\/14423\/revisions"}],"wp:attachment":[{"href":"https:\/\/cloudmlmsoftware.com\/it\/wp-json\/wp\/v2\/media?parent=14423"}],"curies":[{"name":"wp","href":"https:\/\/api.w.org\/{rel}","templated":true}]}}