{"id":14252,"date":"2024-06-26T07:24:09","date_gmt":"2024-06-26T07:24:09","guid":{"rendered":"https:\/\/cloudmlmsoftware.com\/domande-frequenti\/"},"modified":"2024-09-25T11:19:26","modified_gmt":"2024-09-25T11:19:26","slug":"domande-frequenti","status":"publish","type":"page","link":"https:\/\/cloudmlmsoftware.com\/it\/domande-frequenti\/","title":{"rendered":"domande frequenti"},"content":{"rendered":"\n<div class=\"bannerBgcolor BannerBg pt-16 pb-20 relative overflow-hidden\">\n   <div class=\"animation-wrapper\">\n      <div class=\"particle particle-1\"><\/div>\n      <div class=\"particle particle-2\"><\/div>\n      <div class=\"particle particle-3\"><\/div>\n      <div class=\"particle particle-4\"><\/div>\n   <\/div>\n   <div class=\"container mx-auto xl:h-[504px] lg:h-[450px] h-auto relative z-1\">\n      <div class=\"flex flex-wrap items-center\">\n         <div class=\"md:basis-5\/12 sm:basis-12\/12 pr-4 pr-0 py-14\">\n            <img decoding=\"async\" src=\"\/wp-content\/uploads\/2024\/09\/faq_Banner.webp\" width=\"467\" height=\"340\" alt=\"miglior software mlm negli Stati Uniti\" class=\"pulseBannerImg\"\/>\n         <\/div>\n         <div class=\"md:basis-7\/12 sm:basis-12\/12\">\n            <h1 class=\"lg:text-mainTitleFontSize sm:text-3xl text-3xl text-white lg:leading-snug \"><span class=\"font-bold animate-charcter-offwhite\">Domande frequenti<\/span> sul software MLM <\/h1>\n            <p class=\"offWhite pt-3 text-md md:text-lg font-light\">Qui forniamo le risposte ad alcune delle domande pi\u00f9 frequenti sul nostro software Cloud MLM. Se hai ulteriori domande, contatta il nostro team di assistenza clienti.  <\/p>\n         <\/div>\n      <\/div>\n   <\/div>\n<\/div>\n<!-- ************************************************************************************* -->\n<section class=\"p-sectionpadding\">\n   <div class=\"container mx-auto pt-20\">\n      <div class=\"flex flex-wrap\">\n         <div class=\"md:w-4\/12 w-full pr-0 sm:pr-4\">\n            <div class=\"relative flex flex-col-reverse sm:flex-col\" id=\"faqLeft\">\n               <ul id=\"tabs\" class=\"pt-2 md:px-1 w-full w-full lg:w-10\/12 space-y-2 titleColor text-md \">\n                  <li class=\"text-center lighter rounded-lg faqcatgryBtn active\">\n                     <a id=\"default-tab\" class=\"block px-4 py-3\" href=\"#first\">Caratteristiche e funzionalit\u00e0 del software<\/a>\n                  <\/li>\n                  <li class=\"text-center lighter rounded-lg faqcatgryBtn\">\n                     <a class=\"block px-4 py-3\" href=\"#second\">Requisiti tecnici e configurazione<\/a>\n                  <\/li>\n                  <li class=\"text-center lighter rounded-lg faqcatgryBtn\">\n                     <a class=\"block px-4 py-3\" href=\"#third\">Acquisti e prezzi<\/a>\n                  <\/li>\n               <\/ul>\n               <img decoding=\"async\" src=\"\/wp-content\/uploads\/2024\/08\/faq-copy.webp\" class=\"my-8\" width=\"320\" height=\"333\" alt=\"miglior software mlm negli Stati Uniti\"\/>\n            <\/div>\n         <\/div>\n         <div class=\"md:w-8\/12 w-full pl-0 sm:pl-4 faqRight\" id=\"tab-contents\">\n            <div id=\"first\" class=\"md:p-4\">\n               <ul class=\"accordion-list\">\n                  <li class=\"accdnBtn lightBg mb-4 rounded-xl active\">\n                     <div class=\"p-4 pr-6 relative font-medium cursor-pointer flex justify-between items-center btn-header-link titleColor\">Cloud MLM \u00e8 un software abilitato all&#8217;intelligenza artificiale<span class=\"iconarrow2\">?<\/span><\/div>\n                     <div class=\"accordion-content px-4 pb-4 answer\" style=\"display: block;\">\n                        <p class=\"text-textpara contentColor font-light leading-6 mb-3\">S\u00ec, Cloud MLM fornisce agli utenti un sistema di gestione MLM AI per migliorare le operazioni MLM, offrendo automazione, analisi dei dati e ottimizzazione dei processi di reclutamento.<\/p>\n                     <\/div>\n                  <\/li>\n                  <!-- ******************* -->\n                  <li class=\"accdnBtn font-medium lightBg mb-4 rounded-xl\">\n                     <div class=\"p-4 pr-6 relative cursor-pointer flex justify-between items-center btn-header-link titleColor\">Questo software supporta diverse lingue<span class=\"iconarrow2\">?<\/span><\/div>\n                     <div class=\"accordion-content px-4 pb-4 answer\">\n                        <p class=\"text-textpara contentColor font-light leading-6 mb-3\">S\u00ec, il software Cloud MLM ha un sistema multilingue che ti permette di fare affari in diverse lingue per gli stessi prodotti o servizi.<\/p>\n                     <\/div>\n                  <\/li>\n                  <!-- ******************* -->\n                  <li class=\"accdnBtn font-medium lightBg mb-4 rounded-xl\">\n                     <div class=\"p-4 pr-6 relative cursor-pointer flex justify-between items-center btn-header-link titleColor\">Si tratta di un pacchetto self-hosted?\nEsiste un piano mensile? <span class=\"iconarrow2\">\u2bc6<\/span> \n                     <\/div>\n                     <div class=\"accordion-content px-4 pb-4 answer\">\n                        <p class=\"text-textpara contentColor font-light leading-6 mb-3\">No, non c&#8217;\u00e8 un canone mensile.\nUna volta acquistato il software, potrai utilizzarlo nei tuoi server. <\/p>\n                     <\/div>\n                  <\/li>\n                  <!-- ******************* -->\n                  <li class=\"accdnBtn font-medium lightBg mb-4 rounded-xl\">\n                     <div class=\"p-4 pr-6 relative cursor-pointer flex justify-between items-center btn-header-link titleColor\">Questo software supporta bitcoin o criptovalute? <span class=\"iconarrow2\">\u2bc6<\/span>\n                     <\/div>\n                     <div class=\"accordion-content px-4 pb-4 answer\">\n                        <p class=\"text-textpara contentColor font-light leading-6 mb-3\">S\u00ec, il software ha un&#8217;API aggiuntiva che ti permette di integrare bitcoin o criptovalute.<\/p>\n                     <\/div>\n                  <\/li>\n                  <!-- ******************* -->\n                  <li class=\"accdnBtn font-medium lightBg mb-4 rounded-xl\">\n                     <div class=\"p-4 pr-6 relative cursor-pointer flex justify-between items-center btn-header-link titleColor\">Questo software MLM \u00e8 personalizzabile? <span class=\"iconarrow2\">\u2bc6<\/span>\n                     <\/div>\n                     <div class=\"accordion-content px-4 pb-4 answer\">\n                        <p class=\"text-textpara contentColor font-light leading-6 mb-3\">S\u00ec, questo software offre personalizzazioni illimitate in base alle tue esigenze.<\/p>\n                     <\/div>\n                  <\/li>\n                  <!-- ******************* -->\n                  <li class=\"accdnBtn font-medium lightBg mb-4 rounded-xl\">\n                     <div class=\"p-4 pr-6 relative cursor-pointer flex justify-between items-center btn-header-link titleColor\">Si tratta di un software MLM a marchio bianco? <span class=\"iconarrow2\">\u2bc6<\/span>\n                     <\/div>\n                     <div class=\"accordion-content px-4 pb-4 answer\">\n                        <p class=\"text-textpara contentColor font-light leading-6 mb-3\">S\u00ec, il software Cloud MLM \u00e8 un software MLM white label.\nPuoi utilizzare il tuo logo e il nome della tua azienda sul software. <\/p>\n                     <\/div>\n                  <\/li>\n                  <!-- ******************* -->\n                  <li class=\"accdnBtn font-medium lightBg mb-4 rounded-xl\">\n                     <div class=\"p-4 pr-6 relative cursor-pointer flex justify-between items-center btn-header-link titleColor\">L&#8217;integrazione di SMS ed e-mail \u00e8 disponibile in questo software? <span class=\"iconarrow2\">\u2bc6<\/span>\n                     <\/div>\n                     <div class=\"accordion-content px-4 pb-4 answer\">\n                        <p class=\"text-textpara contentColor font-light leading-6 mb-3\">S\u00ec, il software \u00e8 integrato con moduli Email e SMS.<\/p>\n                     <\/div>\n                  <\/li>\n                  <!-- ******************* -->\n                  <li class=\"accdnBtn font-medium lightBg mb-4 rounded-xl\">\n                     <div class=\"p-4 pr-6 relative cursor-pointer flex justify-between items-center btn-header-link titleColor\">Offrite installazione e supporto per il software? <span class=\"iconarrow2\">\u2bc6<\/span>\n                     <\/div>\n                     <div class=\"accordion-content px-4 pb-4 answer\">\n                        <p class=\"text-textpara contentColor font-light leading-6 mb-3\">S\u00ec, forniamo installazione e supporto tecnico gratuito per 6 mesi.<\/p>\n                     <\/div>\n                  <\/li>\n                  <!-- ******************* -->\n                  <li class=\"accdnBtn font-medium lightBg mb-4 rounded-xl\">\n                     <div class=\"p-4 pr-6 relative cursor-pointer flex justify-between items-center btn-header-link titleColor\">\u00c8 possibile vendere prodotti utilizzando questo software? <span class=\"iconarrow2\">\u2bc6<\/span>\n                     <\/div>\n                     <div class=\"accordion-content px-4 pb-4 answer\">\n                        <p class=\"text-textpara contentColor font-light leading-6 mb-3\">S\u00ec, puoi integrare un sistema di e-commerce con questo software MLM, permettendoti di aggiungere prodotti dal backend e venderli attraverso questo sistema.<\/p>\n                     <\/div>\n                  <\/li>\n                  <!-- ******************* -->\n                  <li class=\"accdnBtn font-medium lightBg mb-4 rounded-xl\">\n                     <div class=\"p-4 pr-6 relative cursor-pointer flex justify-between items-center btn-header-link titleColor\">Posso verificare le funzionalit\u00e0 del vostro software prima di acquistarlo? <span class=\"iconarrow2\">\u2bc6<\/span>\n                     <\/div>\n                     <div class=\"accordion-content px-4 pb-4 answer\">\n                        <p class=\"text-textpara contentColor font-light leading-6 mb-3\">S\u00ec, puoi verificare le funzionalit\u00e0 del nostro software MLM accedendo alla nostra sezione demo gratuita del software MLM. <\/p>\n                     <\/div>\n                  <\/li>\n                  <!-- ******************* -->\n                  <li class=\"accdnBtn font-medium lightBg mb-4 rounded-xl\">\n                     <div class=\"p-4 pr-6 relative cursor-pointer flex justify-between items-center btn-header-link titleColor\">Il software MLM cloud \u00e8 compatibile con tutti i piani di compensazione MLM? <span class=\"iconarrow2\">\u2bc6<\/span>\n                     <\/div>\n                     <div class=\"accordion-content px-4 pb-4 answer\">\n                        <p class=\"text-textpara contentColor font-light leading-6 mb-3\">S\u00ec, il software Cloud MLM supporta tutti i piani compensi e i piani MLM personalizzati, se necessario. <\/p>\n                     <\/div>\n                  <\/li>\n                  <!-- ******************* -->\n               <\/ul>\n            <\/div>\n            <!-- ================================================= -->\n            <div id=\"second\" class=\"md:p-4 hidden \">\n               <ul class=\"accordion-list\">\n                  <li class=\"accdnBtn lightBg mb-4 rounded-xl\">\n                     <div class=\"p-4 pr-6 font-medium relative cursor-pointer flex justify-between items-center btn-header-link titleColor\">Quali sono i requisiti minimi? <span class=\"iconarrow2\">\u2bc6<\/span>\n                     <\/div>\n                     <div class=\"accordion-content px-4 pb-4 answer\">\n                        <p class=\"text-textpara contentColor font-light leading-6 mb-3\">Non ce ne sono molti, ma per far funzionare questo software \u00e8 necessario avere PHP >= 7.2, OpenSSL PHP Extension, PDO PHP Extension, Mbstring PHP Extension, Tokenizer PHP Extension e XML PHP Extension.\nSe utilizzi un hosting cloud\/shared\/VPS o dedicato, ti aiuteremo a farlo funzionare.  .  <\/p>\n                     <\/div>\n                  <\/li>\n                  <li class=\"accdnBtn lightBg mb-4 rounded-xl\">\n                     <div class=\"p-4 pr-6 font-medium relative cursor-pointer flex justify-between items-center btn-header-link titleColor\">Ho bisogno di un certificato SSL? <span class=\"iconarrow2\">\u2bc6<\/span>\n                     <\/div>\n                     <div class=\"accordion-content px-4 pb-4 answer\">\n                        <p class=\"text-textpara contentColor font-light leading-6 mb-3\">S\u00ec, ti invitiamo a utilizzare i certificati SSL per rendere sicure le tue procedure di pagamento.<\/p>\n                     <\/div>\n                  <\/li>\n                  <!-- ******************* -->\n                  <li class=\"accdnBtn lightBg mb-4 rounded-xl\">\n                     <div class=\"p-4 font-medium pr-6 relative cursor-pointer flex justify-between items-center btn-header-link titleColor\">Il software pu\u00f2 essere caricato sul nostro server? <span class=\"iconarrow2\">\u2bc6<\/span>\n                     <\/div>\n                     <div class=\"accordion-content px-4 pb-4 answer\">\n                        <p class=\"text-textpara contentColor font-light leading-6 mb-3\">  S\u00ec, il software Cloud MLM \u00e8 un software MLM self-hosted, quindi puoi installarlo sui tuoi server.  <\/p>\n                     <\/div>\n                  <\/li>\n                  <!-- ******************* -->\n                  <li class=\"accdnBtn lightBg mb-4 rounded-xl\">\n                     <div class=\"p-4 font-medium pr-6 relative cursor-pointer flex justify-between items-center btn-header-link titleColor\">Il tuo software supporta API di terze parti? <span class=\"iconarrow2\">\u2bc6<\/span>\n                     <\/div>\n                     <div class=\"accordion-content px-4 pb-4 answer\">\n                        <p class=\"text-textpara contentColor font-light leading-6 mb-3\">  S\u00ec, il software Cloud MLM supporta tutte le API di terze parti attraverso una corretta integrazione.  <\/p>\n                     <\/div>\n                  <\/li>\n                  <!-- ******************* -->\n                  <!-- ******************* -->\n                  <li class=\"accdnBtn lightBg mb-4 rounded-xl\">\n                     <div class=\"p-4 font-medium pr-6 relative cursor-pointer flex justify-between items-center btn-header-link titleColor\">Posso migrare dal mio sistema esistente al software Cloud MLM? <span class=\"iconarrow2\">\u2bc6<\/span>\n                     <\/div>\n                     <div class=\"accordion-content px-4 pb-4 answer\">\n                        <p class=\"text-textpara contentColor font-light leading-6 mb-3\">  S\u00ec, \u00e8 possibile e il costo pu\u00f2 essere calcolato dopo aver analizzato il database esistente.  <\/p>\n                     <\/div>\n                  <\/li>\n                  <!-- ******************* -->\n               <\/ul>\n            <\/div>\n            <!-- ================================================= -->\n            <div id=\"third\" class=\"md:p-4 hidden \">\n               <ul class=\"accordion-list\">\n                  <li class=\"accdnBtn lightBg mb-4 rounded-xl\">\n                     <div class=\"p-4 font-medium pr-6 relative cursor-pointer flex justify-between items-center btn-header-link titleColor\">Il prezzo \u00e8 negoziabile? <span class=\"iconarrow2\">\u2bc6<\/span>\n                     <\/div>\n                     <div class=\"accordion-content px-4 pb-4 answer\">\n                        <p class=\"text-textpara contentColor font-light leading-6 mb-3\">Contattaci per ottenere un software MLM personalizzato in base alle tue esigenze e s\u00ec, il prezzo \u00e8 negoziabile in base a tali esigenze.<\/p>\n                     <\/div>\n                  <\/li>\n                  <li class=\"accdnBtn lightBg mb-4 rounded-xl\">\n                     <div class=\"p-4 font-medium pr-6 relative cursor-pointer flex justify-between items-center btn-header-link titleColor\">Come posso acquistare un software Cloud MLM? <span class=\"iconarrow2\">\u2bc6<\/span>\n                     <\/div>\n                     <div class=\"accordion-content px-4 pb-4 answer\">\n                        <p class=\"text-textpara contentColor font-light leading-6 mb-3\">Puoi acquistare il software Cloud MLM compilando il modulo nella sezione Contattaci oppure inviando un&#8217;e-mail a info@cloudmlmsoftware.com.\nIl nostro team ti contatter\u00e0 al pi\u00f9 presto per discutere del piano.\nSe sei soddisfatto, puoi effettuare il pagamento online attraverso il nostro gateway di pagamento.  <\/p>\n                     <\/div>\n                  <\/li>\n                  <li class=\"accdnBtn lightBg mb-4 rounded-xl\">\n                     <div class=\"p-4 font-medium pr-6 relative cursor-pointer flex justify-between items-center btn-header-link titleColor\">Quali sono i pagamenti supportati dal software Cloud MLM? <span class=\"iconarrow2\">\u2bc6<\/span>\n                     <\/div>\n                     <div class=\"accordion-content px-4 pb-4 answer\">\n                        <p class=\"text-textpara contentColor font-light leading-6 mb-3\">Il software Cloud MLM supporta quasi tutti i gateway di pagamento come 2Checkout, Adyen, Amazon Pay, Authorize.net, BitPay, BlueSnap, Braintree, CardinalCommerce, PayPal, Payza, SagePay, Stripe, ecc.<\/p>\n                     <\/div>\n                  <\/li>\n                  <li class=\"accdnBtn lightBg mb-4 rounded-xl\">\n                     <div class=\"p-4 font-medium pr-6 relative cursor-pointer flex justify-between items-center btn-header-link titleColor\">Fornite la documentazione KYC? <span class=\"iconarrow2\">\u2bc6<\/span>\n                     <\/div>\n                     <div class=\"accordion-content px-4 pb-4 answer\">\n                        <p class=\"text-textpara contentColor font-light leading-6 mb-3\">S\u00ec, il software ha un <a href=\"https:\/\/cloudmlmsoftware.com\/kyc-documentation\" target=\"_blank\" rel=\"noopener\"><span style=\"color:#3498db;\"><b>modulo di verifica KYC<\/b><\/span> per una maggiore sicurezza.<\/a><\/p>\n                     <\/div>\n                  <\/li>\n               <\/ul>\n            <\/div>\n            <!-- ================================================= -->\n         <\/div>\n      <\/div>\n   <\/div>\n<\/section>\n","protected":false},"excerpt":{"rendered":"<p>Domande frequenti sul software MLM Qui forniamo le risposte ad alcune delle domande pi\u00f9 frequenti sul nostro software Cloud MLM. Se hai ulteriori domande, contatta il nostro team di assistenza clienti. Caratteristiche e funzionalit\u00e0 del software Requisiti tecnici e configurazione Acquisti e prezzi Cloud MLM \u00e8 un software abilitato all&#8217;intelligenza artificiale? S\u00ec, Cloud MLM fornisce [&hellip;]<\/p>\n","protected":false},"author":1,"featured_media":0,"parent":0,"menu_order":0,"comment_status":"closed","ping_status":"closed","template":"faqs-page.php","meta":{"_acf_changed":false,"footnotes":""},"class_list":["post-14252","page","type-page","status-publish","hentry"],"acf":[],"yoast_head":"<!-- This site is optimized with the Yoast SEO Premium plugin v23.6 (Yoast SEO v25.9) - https:\/\/yoast.com\/wordpress\/plugins\/seo\/ -->\n<title>Domande frequenti sul software MLM<\/title>\n<meta name=\"description\" content=\"Ecco le domande pi\u00f9 frequenti sul software Cloud MLM, che ti aiuteranno a risolvere tutti i dubbi sul nostro prodotto, servizio, prezzo, ecc.\" \/>\n<meta name=\"robots\" content=\"index, follow, max-snippet:-1, max-image-preview:large, max-video-preview:-1\" \/>\n<link rel=\"canonical\" href=\"https:\/\/cloudmlmsoftware.com\/it\/domande-frequenti\/\" \/>\n<meta property=\"og:locale\" content=\"it_IT\" \/>\n<meta property=\"og:type\" content=\"article\" \/>\n<meta property=\"og:title\" content=\"domande frequenti\" \/>\n<meta property=\"og:description\" content=\"Ecco le domande pi\u00f9 frequenti sul software Cloud MLM, che ti aiuteranno a risolvere tutti i dubbi sul nostro prodotto, servizio, prezzo, ecc.\" \/>\n<meta property=\"og:url\" content=\"https:\/\/cloudmlmsoftware.com\/it\/domande-frequenti\/\" \/>\n<meta property=\"og:site_name\" content=\"Cloud MLM Software\" \/>\n<meta property=\"article:modified_time\" content=\"2024-09-25T11:19:26+00:00\" \/>\n<meta name=\"twitter:card\" content=\"summary_large_image\" \/>\n<meta name=\"twitter:label1\" content=\"Tempo di lettura stimato\" \/>\n\t<meta name=\"twitter:data1\" content=\"4 minuti\" \/>\n<!-- \/ Yoast SEO Premium plugin. -->","yoast_head_json":{"title":"Domande frequenti sul software MLM","description":"Ecco le domande pi\u00f9 frequenti sul software Cloud MLM, che ti aiuteranno a risolvere tutti i dubbi sul nostro prodotto, servizio, prezzo, ecc.","robots":{"index":"index","follow":"follow","max-snippet":"max-snippet:-1","max-image-preview":"max-image-preview:large","max-video-preview":"max-video-preview:-1"},"canonical":"https:\/\/cloudmlmsoftware.com\/it\/domande-frequenti\/","og_locale":"it_IT","og_type":"article","og_title":"domande frequenti","og_description":"Ecco le domande pi\u00f9 frequenti sul software Cloud MLM, che ti aiuteranno a risolvere tutti i dubbi sul nostro prodotto, servizio, prezzo, ecc.","og_url":"https:\/\/cloudmlmsoftware.com\/it\/domande-frequenti\/","og_site_name":"Cloud MLM Software","article_modified_time":"2024-09-25T11:19:26+00:00","twitter_card":"summary_large_image","twitter_misc":{"Tempo di lettura stimato":"4 minuti"},"schema":{"@context":"https:\/\/schema.org","@graph":[{"@type":"WebPage","@id":"https:\/\/cloudmlmsoftware.com\/it\/domande-frequenti\/","url":"https:\/\/cloudmlmsoftware.com\/it\/domande-frequenti\/","name":"Domande frequenti sul software MLM","isPartOf":{"@id":"https:\/\/cloudmlmsoftware.com\/it\/#website"},"datePublished":"2024-06-26T07:24:09+00:00","dateModified":"2024-09-25T11:19:26+00:00","description":"Ecco le domande pi\u00f9 frequenti sul software Cloud MLM, che ti aiuteranno a risolvere tutti i dubbi sul nostro prodotto, servizio, prezzo, ecc.","breadcrumb":{"@id":"https:\/\/cloudmlmsoftware.com\/it\/domande-frequenti\/#breadcrumb"},"inLanguage":"it-IT","potentialAction":[{"@type":"ReadAction","target":["https:\/\/cloudmlmsoftware.com\/it\/domande-frequenti\/"]}]},{"@type":"BreadcrumbList","@id":"https:\/\/cloudmlmsoftware.com\/it\/domande-frequenti\/#breadcrumb","itemListElement":[{"@type":"ListItem","position":1,"name":"Home","item":"https:\/\/cloudmlmsoftware.com\/it\/"},{"@type":"ListItem","position":2,"name":"domande frequenti"}]},{"@type":"WebSite","@id":"https:\/\/cloudmlmsoftware.com\/it\/#website","url":"https:\/\/cloudmlmsoftware.com\/it\/","name":"Cloud MLM Software","description":"","publisher":{"@id":"https:\/\/cloudmlmsoftware.com\/it\/#organization"},"potentialAction":[{"@type":"SearchAction","target":{"@type":"EntryPoint","urlTemplate":"https:\/\/cloudmlmsoftware.com\/it\/?s={search_term_string}"},"query-input":{"@type":"PropertyValueSpecification","valueRequired":true,"valueName":"search_term_string"}}],"inLanguage":"it-IT"},{"@type":"Organization","@id":"https:\/\/cloudmlmsoftware.com\/it\/#organization","name":"Cloud MLM Software","url":"https:\/\/cloudmlmsoftware.com\/it\/","logo":{"@type":"ImageObject","inLanguage":"it-IT","@id":"https:\/\/cloudmlmsoftware.com\/it\/#\/schema\/logo\/image\/","url":"https:\/\/cloudmlmsoftware.com\/wp-content\/uploads\/2024\/09\/cloudmlm-logo.webp","contentUrl":"https:\/\/cloudmlmsoftware.com\/wp-content\/uploads\/2024\/09\/cloudmlm-logo.webp","width":200,"height":40,"caption":"Cloud MLM Software"},"image":{"@id":"https:\/\/cloudmlmsoftware.com\/it\/#\/schema\/logo\/image\/"}}]}},"_links":{"self":[{"href":"https:\/\/cloudmlmsoftware.com\/it\/wp-json\/wp\/v2\/pages\/14252","targetHints":{"allow":["GET"]}}],"collection":[{"href":"https:\/\/cloudmlmsoftware.com\/it\/wp-json\/wp\/v2\/pages"}],"about":[{"href":"https:\/\/cloudmlmsoftware.com\/it\/wp-json\/wp\/v2\/types\/page"}],"author":[{"embeddable":true,"href":"https:\/\/cloudmlmsoftware.com\/it\/wp-json\/wp\/v2\/users\/1"}],"replies":[{"embeddable":true,"href":"https:\/\/cloudmlmsoftware.com\/it\/wp-json\/wp\/v2\/comments?post=14252"}],"version-history":[{"count":0,"href":"https:\/\/cloudmlmsoftware.com\/it\/wp-json\/wp\/v2\/pages\/14252\/revisions"}],"wp:attachment":[{"href":"https:\/\/cloudmlmsoftware.com\/it\/wp-json\/wp\/v2\/media?parent=14252"}],"curies":[{"name":"wp","href":"https:\/\/api.w.org\/{rel}","templated":true}]}}