{"id":14084,"date":"2024-05-22T13:39:22","date_gmt":"2024-05-22T13:39:22","guid":{"rendered":"https:\/\/cloudmlmsoftware.com\/modulo-sistema-ticket-per-software-mlm\/"},"modified":"2024-09-17T12:08:03","modified_gmt":"2024-09-17T12:08:03","slug":"modulo-di-sistema-di-ticket-per-mlm-software","status":"publish","type":"page","link":"https:\/\/cloudmlmsoftware.com\/it\/modulo-di-sistema-di-ticket-per-mlm-software\/","title":{"rendered":"modulo-sistema-ticket-per-software-mlm"},"content":{"rendered":"\n<div class=\"bannerBgcolor BannerBg pt-16 pb-20 relative overflow-hidden\">\n        <div class=\"animation-wrapper\">\n            <div class=\"particle particle-1\"><\/div>\n            <div class=\"particle particle-2\"><\/div>\n            <div class=\"particle particle-3\"><\/div>\n            <div class=\"particle particle-4\"><\/div>\n        <\/div>\n\n        <div class=\"container mx-auto xl:h-[504px] lg:h-[450px] h-auto relative z-1\">\n            <div class=\"flex flex-wrap items-center\">\n                <div class=\"md:basis-5\/12 sm:basis-12\/12 pr-4 pr-0 py-14\">\n                    <img decoding=\"async\" src=\"\/wp-content\/uploads\/2024\/08\/Modulesbanner.webp\" width=\"467\" height=\"411\" alt=\"miglior software mlm negli Stati Uniti\" class=\"pulseBannerImg\"\/>\n                <\/div>\n                <div class=\"md:basis-7\/12 sm:basis-12\/12\">\n                    <h1 class=\"lg:text-mainTitleFontSize sm:text-3xl text-3xl text-white lg:leading-snug capitalize\">\n                         Modulo <span class=\"font-bold animate-charcter-offwhite\">sistema di biglietteria <\/span> <\/h1>\n\n\n                    <p class=\"offlightWhite pt-3 text-md\">Il processo di risoluzione dei problemi per il team di supporto pu\u00f2 essere impegnativo, poich\u00e9 l&#8217;assegnazione dei singoli problemi ai membri del team \u00e8 generalmente noiosa. Tuttavia, con l&#8217;utilizzo del nostro Cloud Ticket System, la gestione del processo di supporto diventa molto pi\u00f9 semplice.  <\/p>\n                <\/div>\n\n            <\/div>\n        <\/div>\n    <\/div>\n    <!-- ************************************************************************************* -->\n\n    <section class=\"p-sectionpadding\">\n        <div class=\"container mx-auto pt-20\">\n            <div class=\"flex flex-wrap items-start md:items-center flex-col-reverse md:flex-row\">\n                <div class=\"flex-1 w-full pr-0 md:pr-7 pr-0 mt-3\">\n                    <div class=\"relative\">\n\n                        <h2 class=\"lg:text-TitlesemiFontSize text-2xl titleColor lg:leading-snug capitalize\">\n                             <span class=\"font-bold\">Presentazione del sistema di ticket cloud: <\/span> integrazione di supporto avanzata per il software Cloud MLM <\/h2>\n\n                        <p class=\"pt-6 font-light leading-6 text-textpara contentColor\">Cloud Ticket System \u00e8 un modulo software MLM che pu\u00f2 essere integrato con il software Cloud MLM, in modo che gli utenti possano ottenere risposte e supporto tempestivi. Questo modulo fornisce opzioni per creare ticket di problema per gli utenti cloud MLM, un amministratore verr\u00e0 informato di questo problema e potr\u00e0 assegnare questo particolare problema al dipartimento.  <\/p>\n\n                    <\/div>\n                <\/div>\n                <div class=\"hidden lg:flex items-end justify-right w-[360px] primaryColor rounded-2xl pt-20 pl-10 ml-0 md:ml-10 mb-2 pb-0 overflow-hidden mt-3\">\n                    <img decoding=\"async\" src=\"\/wp-content\/uploads\/2024\/08\/moduleticketIntro.svg\" alt=\"immagine\" class=\"relative right-[-10px] w-full rounded-tl-xl\"\/>\n                <\/div>\n            <\/div>\n        <\/div>\n    <\/section>\n\n    <!-- ================================================================================================ -->\n    <section class=\"p-sectionpadding\">\n        <div class=\"container mx-auto \">\n            <div class=\"relative darkblue rounded-2xl p-7 lg:p-12 py-16 overflow-hidden\">\n                <div class=\"flex flex-wrap items-center\">\n\n                    <div class=\"relative w-full lg:w-5\/12 pr-0 lg:pr-12\">\n                        <img decoding=\"async\" src=\"\/wp-content\/uploads\/2024\/08\/moduleautoresponder3.webp\" alt=\"immagine\" class=\"mb-4 w-full\"\/>\n                    <\/div>\n\n                    <div class=\"lg:flex-shrink-0 w-full lg:w-7\/12 \">\n                        <h3 class=\"text-3xl text-white lg:leading-snug capitalize\">\n                             <span class=\"font-bold\">Caratteristiche<\/span> del modulo <span class=\"font-bold\">Ticket System<\/span> <\/h3>\n                        <ul class=\"flex flex-wrap space-x-2 mt-4 ml-[-12px] list1 mt-6\">\n                            <li class=\"text-textpara text-white font-light leading-6 mb-3 ml-2\">Sezioni separate Amministratore, Utente e Dipendente <\/li>\n                            <li class=\"text-textpara text-white font-light leading-6 mb-3 ml-2\">Sistema di chat per amministratori e utenti<\/li>\n                            <li class=\"text-textpara text-white font-light leading-6 mb-3 ml-2\">Sistema di assegnazione automatica<\/li>\n                            <li class=\"text-textpara text-white font-light leading-6 mb-3 ml-2\">Sistema di notifica dei progressi<\/li>\n                            <li class=\"text-textpara text-white font-light leading-6 mb-3 ml-2\">Impostazioni dei privilegi dei dipendenti<\/li>\n                            <li class=\"text-textpara text-white font-light leading-6 mb-3 ml-2\">Sistema di tracciamento dei problemi<\/li>\n                            <li class=\"text-textpara text-white font-light leading-6 mb-3 ml-2\">Sistema di posta<\/li>\n                        <\/ul>\n                    <\/div>\n                <\/div>\n            <\/div>\n        <\/div>\n    <\/section>\n\n    <!-- ************************************************************************************* -->\n\n    <section class=\"p-sectionpadding\">\n        <div class=\"container mx-auto\">\n\n            <div class=\"w-full flex flex-col-reverse lg:flex-row items-start flex-wrap pt-2 justify-between\">\n\n                <div class=\"mt-3 w-full lg:w-2\/3 pr-0 lg:pr-10 mt-4\">\n                    <h4 class=\"text-3xl titleColor lg:leading-snug mb-4 capitalize\">\n                         <span class=\"font-bold\">Gestione semplificata dei ticket:<\/span> maggiore potere a utenti e amministratori per una <span class=\"font-bold\">risoluzione efficiente dei problemi <\/span> \n                    <\/h4>\n\n\n                    <p class=\"text-textSubtitle contentColor text-sm font-light mt-6 leading-6\">Sia l&#8217;utente che l&#8217;amministratore possono vedere lo stato di avanzamento del problema e l&#8217;utente pu\u00f2 creare un ticket in base allo stato dell&#8217;errore. Quindi l&#8217;amministratore pu\u00f2 lavorare prima su ogni problema critico. Dalla fase di creazione del ticket l&#8217;utente pu\u00f2 aggiungere degli allegati, ovvero degli screenshot delle problematiche. dal pannello di controllo dell&#8217;amministratore, l&#8217;amministratore pu\u00f2 vedere i ticket e il suo team pu\u00f2 lavorarci sopra. l&#8217;amministratore pu\u00f2 modificare lo stato del problema una volta risolto il problema. Se il problema non viene risolto, l&#8217;utente pu\u00f2 riaprirlo e impostarlo su APERTO.     <\/p>\n\n\n                    <p class=\"text-textSubtitle contentColor text-sm font-light mt-6 leading-6\">Ogni azione sullo stato di avanzamento del problema verr\u00e0 notificata all&#8217;amministratore. Questo modulo fornisce anche un&#8217;opzione di chat per utenti e amministratori in modo che possano chattare in base al ticket. Con questo fantastico modulo, l&#8217;amministratore pu\u00f2 creare dipendenti e anche impostare l&#8217;autorizzazione per ciascun dipendente. Un&#8217;assegnazione automatica \u00e8 una funzionalit\u00e0 del sistema di ticket cloud, qui l&#8217;amministratore pu\u00f2 impostare l&#8217;assegnazione automatica a ciascun dipendente, quindi ticket particolari in base al tipo verranno assegnati automaticamente al dipendente, quindi pu\u00f2 lavorarci sopra. L&#8217;accesso separato per i dipendenti \u00e8 disponibile nel sistema di ticket cloud.    <\/p>\n\n                <\/div>\n\n                <div class=\"mt-3 w-full lg:w-1\/3\">\n                    <img decoding=\"async\" src=\"\/wp-content\/uploads\/2024\/08\/moduleautoresponder4.svg\" alt=\"immagine\" class=\"mt-4 w-full\"\/>\n                <\/div>\n            <\/div>\n        <\/div>\n    <\/section>\n","protected":false},"excerpt":{"rendered":"<p>Modulo sistema di biglietteria Il processo di risoluzione dei problemi per il team di supporto pu\u00f2 essere impegnativo, poich\u00e9 l&#8217;assegnazione dei singoli problemi ai membri del team \u00e8 generalmente noiosa. Tuttavia, con l&#8217;utilizzo del nostro Cloud Ticket System, la gestione del processo di supporto diventa molto pi\u00f9 semplice. Presentazione del sistema di ticket cloud: integrazione [&hellip;]<\/p>\n","protected":false},"author":1,"featured_media":0,"parent":0,"menu_order":0,"comment_status":"closed","ping_status":"closed","template":"moduleticketsystem-page.php","meta":{"_acf_changed":false,"footnotes":""},"class_list":["post-14084","page","type-page","status-publish","hentry"],"acf":[],"yoast_head":"<!-- This site is optimized with the Yoast SEO Premium plugin v23.6 (Yoast SEO v25.9) - https:\/\/yoast.com\/wordpress\/plugins\/seo\/ -->\n<title>modulo-sistema-ticket-per-software-mlm - Cloud MLM Software<\/title>\n<meta name=\"robots\" content=\"index, follow, max-snippet:-1, max-image-preview:large, max-video-preview:-1\" \/>\n<link rel=\"canonical\" href=\"https:\/\/cloudmlmsoftware.com\/it\/modulo-di-sistema-di-ticket-per-mlm-software\/\" \/>\n<meta property=\"og:locale\" content=\"it_IT\" \/>\n<meta property=\"og:type\" content=\"article\" \/>\n<meta property=\"og:title\" content=\"modulo-sistema-ticket-per-software-mlm\" \/>\n<meta property=\"og:description\" content=\"Modulo sistema di biglietteria Il processo di risoluzione dei problemi per il team di supporto pu\u00f2 essere impegnativo, poich\u00e9 l&#8217;assegnazione dei singoli problemi ai membri del team \u00e8 generalmente noiosa. Tuttavia, con l&#8217;utilizzo del nostro Cloud Ticket System, la gestione del processo di supporto diventa molto pi\u00f9 semplice. Presentazione del sistema di ticket cloud: integrazione [&hellip;]\" \/>\n<meta property=\"og:url\" content=\"https:\/\/cloudmlmsoftware.com\/it\/modulo-di-sistema-di-ticket-per-mlm-software\/\" \/>\n<meta property=\"og:site_name\" content=\"Cloud MLM Software\" \/>\n<meta property=\"article:modified_time\" content=\"2024-09-17T12:08:03+00:00\" \/>\n<meta name=\"twitter:card\" content=\"summary_large_image\" \/>\n<meta name=\"twitter:label1\" content=\"Tempo di lettura stimato\" \/>\n\t<meta name=\"twitter:data1\" content=\"2 minuti\" \/>\n<!-- \/ Yoast SEO Premium plugin. -->","yoast_head_json":{"title":"modulo-sistema-ticket-per-software-mlm - Cloud MLM Software","robots":{"index":"index","follow":"follow","max-snippet":"max-snippet:-1","max-image-preview":"max-image-preview:large","max-video-preview":"max-video-preview:-1"},"canonical":"https:\/\/cloudmlmsoftware.com\/it\/modulo-di-sistema-di-ticket-per-mlm-software\/","og_locale":"it_IT","og_type":"article","og_title":"modulo-sistema-ticket-per-software-mlm","og_description":"Modulo sistema di biglietteria Il processo di risoluzione dei problemi per il team di supporto pu\u00f2 essere impegnativo, poich\u00e9 l&#8217;assegnazione dei singoli problemi ai membri del team \u00e8 generalmente noiosa. Tuttavia, con l&#8217;utilizzo del nostro Cloud Ticket System, la gestione del processo di supporto diventa molto pi\u00f9 semplice. Presentazione del sistema di ticket cloud: integrazione [&hellip;]","og_url":"https:\/\/cloudmlmsoftware.com\/it\/modulo-di-sistema-di-ticket-per-mlm-software\/","og_site_name":"Cloud MLM Software","article_modified_time":"2024-09-17T12:08:03+00:00","twitter_card":"summary_large_image","twitter_misc":{"Tempo di lettura stimato":"2 minuti"},"schema":{"@context":"https:\/\/schema.org","@graph":[{"@type":"WebPage","@id":"https:\/\/cloudmlmsoftware.com\/it\/modulo-di-sistema-di-ticket-per-mlm-software\/","url":"https:\/\/cloudmlmsoftware.com\/it\/modulo-di-sistema-di-ticket-per-mlm-software\/","name":"modulo-sistema-ticket-per-software-mlm - Cloud MLM Software","isPartOf":{"@id":"https:\/\/cloudmlmsoftware.com\/it\/#website"},"datePublished":"2024-05-22T13:39:22+00:00","dateModified":"2024-09-17T12:08:03+00:00","breadcrumb":{"@id":"https:\/\/cloudmlmsoftware.com\/it\/modulo-di-sistema-di-ticket-per-mlm-software\/#breadcrumb"},"inLanguage":"it-IT","potentialAction":[{"@type":"ReadAction","target":["https:\/\/cloudmlmsoftware.com\/it\/modulo-di-sistema-di-ticket-per-mlm-software\/"]}]},{"@type":"BreadcrumbList","@id":"https:\/\/cloudmlmsoftware.com\/it\/modulo-di-sistema-di-ticket-per-mlm-software\/#breadcrumb","itemListElement":[{"@type":"ListItem","position":1,"name":"Home","item":"https:\/\/cloudmlmsoftware.com\/it\/"},{"@type":"ListItem","position":2,"name":"modulo-sistema-ticket-per-software-mlm"}]},{"@type":"WebSite","@id":"https:\/\/cloudmlmsoftware.com\/it\/#website","url":"https:\/\/cloudmlmsoftware.com\/it\/","name":"Cloud MLM Software","description":"","publisher":{"@id":"https:\/\/cloudmlmsoftware.com\/it\/#organization"},"potentialAction":[{"@type":"SearchAction","target":{"@type":"EntryPoint","urlTemplate":"https:\/\/cloudmlmsoftware.com\/it\/?s={search_term_string}"},"query-input":{"@type":"PropertyValueSpecification","valueRequired":true,"valueName":"search_term_string"}}],"inLanguage":"it-IT"},{"@type":"Organization","@id":"https:\/\/cloudmlmsoftware.com\/it\/#organization","name":"Cloud MLM Software","url":"https:\/\/cloudmlmsoftware.com\/it\/","logo":{"@type":"ImageObject","inLanguage":"it-IT","@id":"https:\/\/cloudmlmsoftware.com\/it\/#\/schema\/logo\/image\/","url":"https:\/\/cloudmlmsoftware.com\/wp-content\/uploads\/2024\/09\/cloudmlm-logo.webp","contentUrl":"https:\/\/cloudmlmsoftware.com\/wp-content\/uploads\/2024\/09\/cloudmlm-logo.webp","width":200,"height":40,"caption":"Cloud MLM Software"},"image":{"@id":"https:\/\/cloudmlmsoftware.com\/it\/#\/schema\/logo\/image\/"}}]}},"_links":{"self":[{"href":"https:\/\/cloudmlmsoftware.com\/it\/wp-json\/wp\/v2\/pages\/14084","targetHints":{"allow":["GET"]}}],"collection":[{"href":"https:\/\/cloudmlmsoftware.com\/it\/wp-json\/wp\/v2\/pages"}],"about":[{"href":"https:\/\/cloudmlmsoftware.com\/it\/wp-json\/wp\/v2\/types\/page"}],"author":[{"embeddable":true,"href":"https:\/\/cloudmlmsoftware.com\/it\/wp-json\/wp\/v2\/users\/1"}],"replies":[{"embeddable":true,"href":"https:\/\/cloudmlmsoftware.com\/it\/wp-json\/wp\/v2\/comments?post=14084"}],"version-history":[{"count":0,"href":"https:\/\/cloudmlmsoftware.com\/it\/wp-json\/wp\/v2\/pages\/14084\/revisions"}],"wp:attachment":[{"href":"https:\/\/cloudmlmsoftware.com\/it\/wp-json\/wp\/v2\/media?parent=14084"}],"curies":[{"name":"wp","href":"https:\/\/api.w.org\/{rel}","templated":true}]}}