{"id":14074,"date":"2024-05-22T13:36:32","date_gmt":"2024-05-22T13:36:32","guid":{"rendered":"https:\/\/cloudmlmsoftware.com\/modulo-multivaluta\/"},"modified":"2024-09-17T12:14:01","modified_gmt":"2024-09-17T12:14:01","slug":"multi-modulo-di-valuta","status":"publish","type":"page","link":"https:\/\/cloudmlmsoftware.com\/it\/multi-modulo-di-valuta\/","title":{"rendered":"modulo multivaluta"},"content":{"rendered":"\n<div class=\"bannerBgcolor BannerBg pt-16 pb-20 relative overflow-hidden\">\n        <div class=\"animation-wrapper\">\n            <div class=\"particle particle-1\"><\/div>\n            <div class=\"particle particle-2\"><\/div>\n            <div class=\"particle particle-3\"><\/div>\n            <div class=\"particle particle-4\"><\/div>\n        <\/div>\n\n        <div class=\"container mx-auto xl:h-[504px] lg:h-[450px] h-auto relative z-1\">\n            <div class=\"flex flex-wrap items-center\">\n                <div class=\"md:basis-5\/12 sm:basis-12\/12 pr-4 pr-0 py-14\">\n                    <img decoding=\"async\" src=\"\/wp-content\/uploads\/2024\/08\/Modulesbanner.webp\" width=\"467\" height=\"411\" alt=\"miglior software mlm negli Stati Uniti\" class=\"pulseBannerImg\"\/>\n                <\/div>\n                <div class=\"md:basis-7\/12 sm:basis-12\/12\">\n                    <h1 class=\"lg:text-mainTitleFontSize sm:text-3xl text-3xl text-white lg:leading-snug \">\n                        Modulo <span class=\"font-bold animate-charcter-offwhite\">multivaluta<\/span> <\/h1>\n\n                    <p class=\"offlightWhite pt-3 text-md\">Nell\u2019attuale mercato globale, le aziende devono condurre affari in diversi paesi e valute. Il software Cloud MLM include un modulo multivaluta, utile quando \u00e8 necessario mostrare le conversioni in almeno due valute.  <\/p>\n\n                <\/div>\n\n            <\/div>\n        <\/div>\n    <\/div>\n    <!-- ************************************************************************************* -->\n\n    <section class=\"p-sectionpadding\">\n        <div class=\"container mx-auto pt-20\">\n            <div class=\"flex flex-wrap items-start md:items-center flex-col-reverse md:flex-row\">\n                <div class=\"flex-1 w-full pr-0 md:pr-7 pr-0 mt-3\">\n                    <div class=\"relative\">\n\n                        <h2 class=\"text-3xl titleColor lg:leading-snug capitalize\">\n                             <span class=\"font-bold\">Potenziare il business globale: <\/span> integrazione multivaluta con il software <span class=\"font-bold\">MLM cloud <\/span> <\/h2>\n                       \n                        <p class=\"pt-6 font-light leading-6 text-textpara contentColor\">Il nostro modulo multivaluta ti consente di condurre affari con lo stesso prodotto in valute diverse. L&#8217;unico requisito \u00e8 che il prodotto abbia lo stesso nome sia nella lingua locale che in inglese. Questa funzione ti aiuta a condurre la tua attivit\u00e0 nella valuta che ti \u00e8 familiare: la tua. In genere, la valuta predefinita impostata nel software MLM di base \u00e8 il dollaro statunitense ($). Se desideri impostare un&#8217;altra valuta nel tuo software MLM, possiamo integrare questo modulo con il software Cloud MLM e personalizzarlo per soddisfare le tue esigenze specifiche. L&#8217;opzione multivaluta funziona bene con la funzionalit\u00e0 multilingue, consentendo agli utenti di condurre affari in varie lingue e quindi ottenere pi\u00f9 risposte dai clienti.      <\/p>\n                        <p class=\"pt-6 font-light leading-6 text-textpara contentColor\">Il modulo multivaluta Cloud MLM migliora il tuo sito web con funzionalit\u00e0 per cambi di valuta, informazioni e metadati sulla valuta e visualizzazione di importi e prezzi. Siamo inoltre pronti a fornire un&#8217;opzione completa di integrazione multivaluta insieme al software MLM per le valute specifiche richieste dai clienti, offrendo supporto per qualsiasi valuta all&#8217;interno del nostro pacchetto software MLM. I nostri sviluppatori professionisti sono attrezzati per offrire un&#8217;opzione multivaluta produttiva con il tuo software MLM. Il software Cloud MLM fornisce integrazione multivaluta con piattaforme CMS di e-commerce come OpenCart e Magento, su misura per le richieste dei clienti.    <\/p>\n                    <\/div>\n                <\/div>\n                <div class=\"hidden lg:flex items-end justify-right w-[360px] primaryColor rounded-2xl pt-20 pl-10 ml-0 md:ml-10 mb-2 pb-0 overflow-hidden mt-3\">\n                    <img decoding=\"async\" src=\"\/wp-content\/uploads\/2024\/08\/modulemulticurrencyIntro.svg\" alt=\"immagine\" class=\"relative right-[-10px] w-full rounded-tl-xl\"\/>\n                <\/div>\n            <\/div>\n        <\/div>\n    <\/section>\n\n    <!-- ================================================================================================ -->\n    <section class=\"p-sectionpadding\">\n        <div class=\"container mx-auto \">\n            <div class=\"relative darkblue rounded-2xl p-7 md:p-12 py-16 overflow-hidden\">\n                <div class=\"flex flex-wrap items-center\">\n\n                    <div class=\"relative w-full lg:w-5\/12 pr-0 lg:pr-12\">\n                        <img decoding=\"async\" src=\"\/wp-content\/uploads\/2024\/08\/modulemullanguage2.webp\" alt=\"immagine\" class=\"mb-4 w-full\"\/>\n                    <\/div>\n\n                    <div class=\"lg:flex-shrink-0 w-full lg:w-7\/12 \">\n                        <h3 class=\"text-3xl text-white lg:leading-snug capitalize\">\n                             <span class=\"font-bold\">Caratteristiche<\/span> del modulo <span class=\"font-bold\">multivaluta<\/span> <\/h3>\n                        <ul class=\"flex flex-wrap space-x-2 mt-6 ml-[-12px] list1\">\n                            <li class=\"text-textpara text-white font-light leading-6 mb-3 ml-2\">Ti consente di fare affari in diverse valute per gli stessi prodotti o servizi<\/li>\n                            <li class=\"text-textpara text-white font-light leading-6 mb-3 ml-2\">Esperienza del cliente<\/li>\n                            <li class=\"text-textpara text-white font-light leading-6 mb-3 ml-2\">Localizzazione<\/li>\n                            <li class=\"text-textpara text-white font-light leading-6 mb-3 ml-2\">Progresso universale investendo nel mercato internazionale<\/li>\n                            <li class=\"text-textpara text-white font-light leading-6 mb-3 ml-2\">Pagamento attraverso diversi mezzi<\/li>\n                            <li class=\"text-textpara text-white font-light leading-6 mb-3 ml-2\">Ottieni pi\u00f9 clienti<\/li>\n                            <li class=\"text-textpara text-white font-light leading-6 mb-3 ml-2\">Il software di marketing Cloud MLM deve aiutare l&#8217;attivit\u00e0 di vendita e le quote da pagare in pi\u00f9 valute.<\/li>\n                            <li class=\"text-textpara text-white font-light leading-6 mb-3 ml-2\">Imposta la valuta in base alle necessit\u00e0<\/li>\n\n                        <\/ul>\n                    <\/div>\n                <\/div>\n            <\/div>\n        <\/div>\n    <\/section>\n\n\n    <!-- ************************************************************************************* -->\n    <section class=\"p-sectionpadding\">\n        <div class=\"container mx-auto\">\n            <div class=\"w-full md:w-6\/12\">\n                <h3 class=\"lg:text-TitlesemiFontSize text-2xl titleColor lg:leading-snug mt-3 capitalize\">\n                    <span class=\"font-bold\">Vantaggi <\/span> del modulo <span class=\"font-bold\">Multivaluta <\/span> <\/h3>\n                <p class=\"text-textSubtitle contentColor text-sm font-light pt-5 leading-6 mb-3\"> Ecco i vantaggi del nostro modulo multivaluta. <\/p>\n            <\/div>\n\n            <div class=\"relative primaryColor rounded-2xl p-7 sm:p-9 overflow-hidden mt-8\">\n                <div class=\"flex flex-wrap items-center lg:flex-row flex-col-reverse\">\n                    <div class=\"w-full lg:w-7\/12\">\n                      \n                            <h2 class=\"text-2xl text-white font-light leading-8 py-3 pr-0 sm:pr-10\"> In qualit\u00e0 di <span class=\"font-bold\">amministratore<\/span> del software, il modulo <span class=\"font-bold\"> Cloud MLM<\/span> Multi valuta ti aiuta a:<\/h2>\n                        \n                        <ul class=\"mt-4 block pr-0 sm:pr-10\">\n                            <li class=\"flex items-center space-x-2 bg-white duration-300 py-3 px-4 rounded-xl mb-3 w-full md:w-auto\">\n                                <img decoding=\"async\" src=\"\/wp-content\/uploads\/2024\/07\/list1.webp\" width=\"20\" height=\"20\" alt=\"software mlm\"\/>\n                                <b class=\"font-normal text-slate-950 text-sm\">Scegli una valuta locale o la valuta principale per la tua attivit\u00e0<\/b>\n                            <\/li>\n                            <li class=\"flex items-center space-x-2 bg-white duration-300 py-3 px-4 rounded-xl mb-3 w-full md:w-auto\">\n                                <img decoding=\"async\" src=\"\/wp-content\/uploads\/2024\/07\/list1.webp\" width=\"20\" height=\"20\" alt=\"software mlm\"\/>\n                                <b class=\"font-normal text-slate-950 text-sm\">Attiva un elenco di altre valute per i tuoi rivenditori<\/b>\n                            <\/li>\n                            <li class=\"flex items-center space-x-2 bg-white duration-300 py-3 px-4 rounded-xl mb-3 w-full md:w-auto\">\n                                <img decoding=\"async\" src=\"\/wp-content\/uploads\/2024\/07\/list1.webp\" width=\"20\" height=\"20\" alt=\"software mlm\"\/>\n                                <b class=\"font-normal text-slate-950 text-sm\">Ripristina i tassi di conversione della valuta durante le interruzioni periodiche<\/b>\n                            <\/li>\n\n                        <\/ul>\n                    <\/div>\n\n                    <div class=\"lg:flex-shrink-0 w-full lg:w-5\/12 mt-3\">\n                        <img decoding=\"async\" src=\"\/wp-content\/uploads\/2024\/08\/modulemulticurrency3.svg\" alt=\"immagine\" class=\"mb-4 w-full\"\/>\n\n                    <\/div>\n                <\/div>\n            <\/div>\n            <!-- ********************** -->\n\n\n            <div class=\"relative offade rounded-2xl p-7 sm:p-12 overflow-hidden mt-16\">\n                <div class=\"flex flex-wrap items-center lg:flex-row flex-col-reverse\">\n                    <div class=\"lg:flex-shrink-0 w-full lg:w-5\/12 mt-3\">\n                        <img decoding=\"async\" src=\"\/wp-content\/uploads\/2024\/08\/modulemultilanguage4.webp\" alt=\"immagine\" class=\"relative mb-4 lg:mb-0 bottom-0 lg:bottom-[-90px] left-0 lg:left-[-80px] w-full rounded lg:rounded-tr-xl\"\/>\n                    <\/div>\n\n\n                    <div class=\"w-full lg:w-7\/12\">\n                      \n                            <h2 class=\"text-2xl titleColor font-light leading-8 py-3 pr-0 sm:pr-10\"> In qualit\u00e0 di <span class=\"font-bold\"> rivenditore<\/span>, il modulo multivaluta Cloud MLM ti aiuta a:<\/h2>\n                        \n                        <ul class=\"mt-4 block pr-0 sm:pr-10\">\n                            <li class=\"flex items-start space-x-2 bg-white py-3 px-4 rounded-xl mb-3 w-full md:w-auto\">\n                                <img decoding=\"async\" src=\"\/wp-content\/uploads\/2024\/07\/list1.webp\" width=\"20\" height=\"20\" alt=\"software mlm\"\/>\n                                <b class=\"font-normal text-slate-950 text-sm\">Visualizza i report nella tua valuta principale.<\/b>\n                            <\/li>\n                            <li class=\"flex items-start space-x-2 bg-white py-3 px-4 rounded-xl mb-3 w-full md:w-auto\">\n                                <img decoding=\"async\" src=\"\/wp-content\/uploads\/2024\/07\/list1.webp\" width=\"20\" height=\"20\" alt=\"software mlm\"\/>\n                                <b class=\"font-normal text-slate-950 text-sm\">Accetta la valuta desiderata mentre entri nella colonna dell&#8217;importo per un&#8217;attivit\u00e0 o altre funzioni simili.<\/b>\n                            <\/li>\n                            <li class=\"flex items-start space-x-2 bg-white py-3 px-4 rounded-xl mb-3 w-full md:w-auto\">\n                                <img decoding=\"async\" src=\"\/wp-content\/uploads\/2024\/07\/list1.webp\" width=\"20\" height=\"20\" alt=\"software mlm\"\/>\n                                <b class=\"font-normal text-slate-950 text-sm\">Sviluppa ordini commerciali, ordini di investimento e conti nella valuta preferita.<\/b>\n                            <\/li>\n\n                        <\/ul>\n                    <\/div>\n\n                    \n                <\/div>\n            <\/div>\n            <!-- ********************** -->\n\n        <\/div>\n    <\/section>\n","protected":false},"excerpt":{"rendered":"<p>Modulo multivaluta Nell\u2019attuale mercato globale, le aziende devono condurre affari in diversi paesi e valute. Il software Cloud MLM include un modulo multivaluta, utile quando \u00e8 necessario mostrare le conversioni in almeno due valute. Potenziare il business globale: integrazione multivaluta con il software MLM cloud Il nostro modulo multivaluta ti consente di condurre affari con [&hellip;]<\/p>\n","protected":false},"author":1,"featured_media":0,"parent":0,"menu_order":0,"comment_status":"closed","ping_status":"closed","template":"modulemulticurrency-page.php","meta":{"_acf_changed":false,"footnotes":""},"class_list":["post-14074","page","type-page","status-publish","hentry"],"acf":[],"yoast_head":"<!-- This site is optimized with the Yoast SEO Premium plugin v23.6 (Yoast SEO v25.9) - https:\/\/yoast.com\/wordpress\/plugins\/seo\/ -->\n<title>modulo multivaluta - Cloud MLM Software<\/title>\n<meta name=\"robots\" content=\"index, follow, max-snippet:-1, max-image-preview:large, max-video-preview:-1\" \/>\n<link rel=\"canonical\" href=\"https:\/\/cloudmlmsoftware.com\/it\/multi-modulo-di-valuta\/\" \/>\n<meta property=\"og:locale\" content=\"it_IT\" \/>\n<meta property=\"og:type\" content=\"article\" \/>\n<meta property=\"og:title\" content=\"modulo multivaluta\" \/>\n<meta property=\"og:description\" content=\"Modulo multivaluta Nell\u2019attuale mercato globale, le aziende devono condurre affari in diversi paesi e valute. Il software Cloud MLM include un modulo multivaluta, utile quando \u00e8 necessario mostrare le conversioni in almeno due valute. Potenziare il business globale: integrazione multivaluta con il software MLM cloud Il nostro modulo multivaluta ti consente di condurre affari con [&hellip;]\" \/>\n<meta property=\"og:url\" content=\"https:\/\/cloudmlmsoftware.com\/it\/multi-modulo-di-valuta\/\" \/>\n<meta property=\"og:site_name\" content=\"Cloud MLM Software\" \/>\n<meta property=\"article:modified_time\" content=\"2024-09-17T12:14:01+00:00\" \/>\n<meta name=\"twitter:card\" content=\"summary_large_image\" \/>\n<meta name=\"twitter:label1\" content=\"Tempo di lettura stimato\" \/>\n\t<meta name=\"twitter:data1\" content=\"2 minuti\" \/>\n<!-- \/ Yoast SEO Premium plugin. -->","yoast_head_json":{"title":"modulo multivaluta - Cloud MLM Software","robots":{"index":"index","follow":"follow","max-snippet":"max-snippet:-1","max-image-preview":"max-image-preview:large","max-video-preview":"max-video-preview:-1"},"canonical":"https:\/\/cloudmlmsoftware.com\/it\/multi-modulo-di-valuta\/","og_locale":"it_IT","og_type":"article","og_title":"modulo multivaluta","og_description":"Modulo multivaluta Nell\u2019attuale mercato globale, le aziende devono condurre affari in diversi paesi e valute. Il software Cloud MLM include un modulo multivaluta, utile quando \u00e8 necessario mostrare le conversioni in almeno due valute. Potenziare il business globale: integrazione multivaluta con il software MLM cloud Il nostro modulo multivaluta ti consente di condurre affari con [&hellip;]","og_url":"https:\/\/cloudmlmsoftware.com\/it\/multi-modulo-di-valuta\/","og_site_name":"Cloud MLM Software","article_modified_time":"2024-09-17T12:14:01+00:00","twitter_card":"summary_large_image","twitter_misc":{"Tempo di lettura stimato":"2 minuti"},"schema":{"@context":"https:\/\/schema.org","@graph":[{"@type":"WebPage","@id":"https:\/\/cloudmlmsoftware.com\/it\/multi-modulo-di-valuta\/","url":"https:\/\/cloudmlmsoftware.com\/it\/multi-modulo-di-valuta\/","name":"modulo multivaluta - Cloud MLM Software","isPartOf":{"@id":"https:\/\/cloudmlmsoftware.com\/it\/#website"},"datePublished":"2024-05-22T13:36:32+00:00","dateModified":"2024-09-17T12:14:01+00:00","breadcrumb":{"@id":"https:\/\/cloudmlmsoftware.com\/it\/multi-modulo-di-valuta\/#breadcrumb"},"inLanguage":"it-IT","potentialAction":[{"@type":"ReadAction","target":["https:\/\/cloudmlmsoftware.com\/it\/multi-modulo-di-valuta\/"]}]},{"@type":"BreadcrumbList","@id":"https:\/\/cloudmlmsoftware.com\/it\/multi-modulo-di-valuta\/#breadcrumb","itemListElement":[{"@type":"ListItem","position":1,"name":"Home","item":"https:\/\/cloudmlmsoftware.com\/it\/"},{"@type":"ListItem","position":2,"name":"modulo multivaluta"}]},{"@type":"WebSite","@id":"https:\/\/cloudmlmsoftware.com\/it\/#website","url":"https:\/\/cloudmlmsoftware.com\/it\/","name":"Cloud MLM Software","description":"","publisher":{"@id":"https:\/\/cloudmlmsoftware.com\/it\/#organization"},"potentialAction":[{"@type":"SearchAction","target":{"@type":"EntryPoint","urlTemplate":"https:\/\/cloudmlmsoftware.com\/it\/?s={search_term_string}"},"query-input":{"@type":"PropertyValueSpecification","valueRequired":true,"valueName":"search_term_string"}}],"inLanguage":"it-IT"},{"@type":"Organization","@id":"https:\/\/cloudmlmsoftware.com\/it\/#organization","name":"Cloud MLM Software","url":"https:\/\/cloudmlmsoftware.com\/it\/","logo":{"@type":"ImageObject","inLanguage":"it-IT","@id":"https:\/\/cloudmlmsoftware.com\/it\/#\/schema\/logo\/image\/","url":"https:\/\/cloudmlmsoftware.com\/wp-content\/uploads\/2024\/09\/cloudmlm-logo.webp","contentUrl":"https:\/\/cloudmlmsoftware.com\/wp-content\/uploads\/2024\/09\/cloudmlm-logo.webp","width":200,"height":40,"caption":"Cloud MLM Software"},"image":{"@id":"https:\/\/cloudmlmsoftware.com\/it\/#\/schema\/logo\/image\/"}}]}},"_links":{"self":[{"href":"https:\/\/cloudmlmsoftware.com\/it\/wp-json\/wp\/v2\/pages\/14074","targetHints":{"allow":["GET"]}}],"collection":[{"href":"https:\/\/cloudmlmsoftware.com\/it\/wp-json\/wp\/v2\/pages"}],"about":[{"href":"https:\/\/cloudmlmsoftware.com\/it\/wp-json\/wp\/v2\/types\/page"}],"author":[{"embeddable":true,"href":"https:\/\/cloudmlmsoftware.com\/it\/wp-json\/wp\/v2\/users\/1"}],"replies":[{"embeddable":true,"href":"https:\/\/cloudmlmsoftware.com\/it\/wp-json\/wp\/v2\/comments?post=14074"}],"version-history":[{"count":0,"href":"https:\/\/cloudmlmsoftware.com\/it\/wp-json\/wp\/v2\/pages\/14074\/revisions"}],"wp:attachment":[{"href":"https:\/\/cloudmlmsoftware.com\/it\/wp-json\/wp\/v2\/media?parent=14074"}],"curies":[{"name":"wp","href":"https:\/\/api.w.org\/{rel}","templated":true}]}}