{"id":14064,"date":"2024-05-22T13:35:48","date_gmt":"2024-05-22T13:35:48","guid":{"rendered":"https:\/\/cloudmlmsoftware.com\/sistema-multilingue\/"},"modified":"2024-11-07T12:35:41","modified_gmt":"2024-11-07T12:35:41","slug":"sistema-multilingue","status":"publish","type":"page","link":"https:\/\/cloudmlmsoftware.com\/it\/sistema-multilingue\/","title":{"rendered":"sistema multilingue"},"content":{"rendered":"\n<div class=\"bannerBgcolor BannerBg pt-16 pb-20 relative overflow-hidden\">\n        <div class=\"animation-wrapper\">\n            <div class=\"particle particle-1\"><\/div>\n            <div class=\"particle particle-2\"><\/div>\n            <div class=\"particle particle-3\"><\/div>\n            <div class=\"particle particle-4\"><\/div>\n        <\/div>\n\n        <div class=\"container mx-auto xl:h-[504px] lg:h-[450px] h-auto relative z-1\">\n            <div class=\"flex flex-wrap items-center\">\n                <div class=\"md:basis-5\/12 sm:basis-12\/12 pr-4 pr-0 py-14\">\n                    <img decoding=\"async\" src=\"\/wp-content\/uploads\/2024\/08\/Modulesbanner.webp\" width=\"467\" height=\"411\" alt=\"miglior software mlm negli Stati Uniti\" class=\"pulseBannerImg\"\/>\n                <\/div>\n                <div class=\"md:basis-7\/12 sm:basis-12\/12\">\n                    <h1 class=\"lg:text-mainTitleFontSize sm:text-3xl text-3xl text-white lg:leading-snug \">\n                        Sistema <span class=\"font-bold animate-charcter-offwhite\">multilingue<\/span> <\/h1>\n\n                    <p class=\"offlightWhite pt-3 text-md\">Un sistema MLM multilingue consente agli utenti di tutto il mondo di navigare facilmente nel tuo sistema e gestire tutte le attivit\u00e0 MLM. Il software Cloud MLM \u00e8 una delle migliori opzioni per un sistema MLM multilingue nel nostro portafoglio software.  <\/p>\n\n                <\/div>\n\n            <\/div>\n        <\/div>\n    <\/div>\n    <!-- ************************************************************************************* -->\n\n    <section class=\"p-sectionpadding\">\n        <div class=\"container mx-auto pt-20\">\n            <div class=\"flex flex-wrap flex-col-reverse md:flex-row\">\n                <div class=\"flex-1 w-full pr-0 md:pr-7 pr-0 mt-3\">\n                    <div class=\"relative\">\n\n                        <h2 class=\"text-3xl titleColor lg:leading-snug capitalize\">\n                             <span class=\"font-bold\">Sbloccare i mercati globali:<\/span> l\u2019importanza del software <span class=\"font-bold\"> MLM multilingue<\/span> <\/h2>\n                       \n                        <p class=\"pt-6 font-light leading-6 text-textpara contentColor\">Sappiamo tutti che l&#8217;inglese \u00e8 considerata una lingua universale. Tuttavia, questo linguaggio globale \u00e8 familiare a milioni di persone in tutto il mondo? La risposta \u00e8 \u201cno\u201d: molte persone nel mondo conoscono solo la propria lingua madre. Come imprenditore che mira a vendere il tuo prodotto a livello globale, devi considerare questo.    <\/p>\n                        <p class=\"pt-6 font-light leading-6 text-textpara contentColor\">Oggi, il software MLM multilingue \u00e8 essenziale per espandere un\u2019attivit\u00e0 MLM oltre i suoi confini e aumentare la popolarit\u00e0 dell\u2019azienda. Un sistema MLM multilingue consente agli utenti di tutto il mondo di navigare facilmente nel tuo sistema e gestire tutte le attivit\u00e0 MLM. Il software Cloud MLM \u00e8 una delle migliori opzioni disponibili per un sistema MLM multilingue. Abbiamo gi\u00e0 configurato lingue come inglese, spagnolo, francese, italiano, portoghese e cinese e forniamo una sezione separata nel software per aggiungere ulteriori lingue in base alle tue esigenze.    <\/p>\n                    <\/div>\n                <\/div>\n                <div class=\"hidden lg:flex items-end justify-right w-[360px] primaryColor rounded-2xl pt-20 pl-10 ml-0 md:ml-10 mb-2 pb-0 overflow-hidden mt-3\">\n                    <img decoding=\"async\" src=\"\/wp-content\/uploads\/2024\/08\/modulemultilingualIntro.webp\" alt=\"Immagine\" class=\"relative right-[-10px] w-full rounded-tl-xl\"\/>\n                <\/div>\n            <\/div>\n        <\/div>\n    <\/section>\n\n    <!-- ================================================================================================ -->\n    <section class=\"p-sectionpadding\">\n        <div class=\"container mx-auto \">\n            <div class=\"relative darkblue rounded-2xl p-7 lg:p-12 py-16 overflow-hidden\">\n                <div class=\"flex flex-wrap items-center\">\n\n                    <div class=\"relative w-full lg:w-5\/12 pr-0 lg:pr-12\">\n                        <img decoding=\"async\" src=\"\/wp-content\/uploads\/2024\/08\/modulemultilingual2-1.webp\" alt=\"Immagine\" class=\"mb-4 w-full\"\/>\n                    <\/div>\n\n                    <div class=\"lg:flex-shrink-0 w-full lg:w-7\/12 \">\n                        <h3 class=\"text-3xl text-white lg:leading-snug capitalize\">\n                             <span class=\"font-bold\">Superare i confini: <\/span> soluzioni MLM perfettamente multilingue e multivaluta <\/h3>\n                        <p class=\"pt-6 font-light leading-6 text-textpara offWhite\">Con il nostro sistema MLM multilingue, puoi facilmente attirare molti utenti da tutto il mondo e vendere loro prodotti. Potresti chiederti come avvengono le transazioni monetarie. Non preoccuparti: oltre a pi\u00f9 lingue, il nostro software fornisce un metodo di pagamento multivaluta. Questo sistema consente agli utenti di vari paesi di effettuare transazioni di denaro nelle proprie valute.    <\/p>\n                        \n                        <p class=\"pt-6 font-light leading-6 text-textpara offWhite\"> Pertanto, gli imprenditori possono vendere i propri prodotti a livello globale e potenzialmente aumentare i ricavi delle vendite. Il nostro sistema multilingue e multivaluta funziona all&#8217;unisono; ad esempio, se un cliente spagnolo \u00e8 pronto ad acquistare un prodotto della tua azienda, la lingua della dashboard utente cambia in spagnolo e contemporaneamente il metodo di pagamento passa alla valuta locale. Inoltre, il nostro sistema multivaluta \u00e8 dotato di integrazione CMS.   <\/p>\n                    <\/div>\n                <\/div>\n            <\/div>\n        <\/div>\n    <\/section>\n","protected":false},"excerpt":{"rendered":"<p>Sistema multilingue Un sistema MLM multilingue consente agli utenti di tutto il mondo di navigare facilmente nel tuo sistema e gestire tutte le attivit\u00e0 MLM. Il software Cloud MLM \u00e8 una delle migliori opzioni per un sistema MLM multilingue nel nostro portafoglio software. Sbloccare i mercati globali: l\u2019importanza del software MLM multilingue Sappiamo tutti che [&hellip;]<\/p>\n","protected":false},"author":1,"featured_media":0,"parent":0,"menu_order":0,"comment_status":"closed","ping_status":"closed","template":"modulemultilingualsystem-page.php","meta":{"_acf_changed":false,"footnotes":""},"class_list":["post-14064","page","type-page","status-publish","hentry"],"acf":[],"yoast_head":"<!-- This site is optimized with the Yoast SEO Premium plugin v23.6 (Yoast SEO v25.9) - https:\/\/yoast.com\/wordpress\/plugins\/seo\/ -->\n<title>Sistema multilingue per l&#039;attivit\u00e0 di MLM | Raggiungimento globale semplificato<\/title>\n<meta name=\"description\" content=\"Espandi la portata della tua attivit\u00e0 MLM con un sistema multilingue. Supporto linguistico continuo per una migliore esperienza utente e una crescita internazionale.\" \/>\n<meta name=\"robots\" content=\"index, follow, max-snippet:-1, max-image-preview:large, max-video-preview:-1\" \/>\n<link rel=\"canonical\" href=\"https:\/\/cloudmlmsoftware.com\/it\/sistema-multilingue\/\" \/>\n<meta property=\"og:locale\" content=\"it_IT\" \/>\n<meta property=\"og:type\" content=\"article\" \/>\n<meta property=\"og:title\" content=\"sistema multilingue\" \/>\n<meta property=\"og:description\" content=\"Espandi la portata della tua attivit\u00e0 MLM con un sistema multilingue. Supporto linguistico continuo per una migliore esperienza utente e una crescita internazionale.\" \/>\n<meta property=\"og:url\" content=\"https:\/\/cloudmlmsoftware.com\/it\/sistema-multilingue\/\" \/>\n<meta property=\"og:site_name\" content=\"Cloud MLM Software\" \/>\n<meta property=\"article:modified_time\" content=\"2024-11-07T12:35:41+00:00\" \/>\n<meta name=\"twitter:card\" content=\"summary_large_image\" \/>\n<meta name=\"twitter:label1\" content=\"Tempo di lettura stimato\" \/>\n\t<meta name=\"twitter:data1\" content=\"2 minuti\" \/>\n<!-- \/ Yoast SEO Premium plugin. -->","yoast_head_json":{"title":"Sistema multilingue per l'attivit\u00e0 di MLM | Raggiungimento globale semplificato","description":"Espandi la portata della tua attivit\u00e0 MLM con un sistema multilingue. Supporto linguistico continuo per una migliore esperienza utente e una crescita internazionale.","robots":{"index":"index","follow":"follow","max-snippet":"max-snippet:-1","max-image-preview":"max-image-preview:large","max-video-preview":"max-video-preview:-1"},"canonical":"https:\/\/cloudmlmsoftware.com\/it\/sistema-multilingue\/","og_locale":"it_IT","og_type":"article","og_title":"sistema multilingue","og_description":"Espandi la portata della tua attivit\u00e0 MLM con un sistema multilingue. Supporto linguistico continuo per una migliore esperienza utente e una crescita internazionale.","og_url":"https:\/\/cloudmlmsoftware.com\/it\/sistema-multilingue\/","og_site_name":"Cloud MLM Software","article_modified_time":"2024-11-07T12:35:41+00:00","twitter_card":"summary_large_image","twitter_misc":{"Tempo di lettura stimato":"2 minuti"},"schema":{"@context":"https:\/\/schema.org","@graph":[{"@type":"WebPage","@id":"https:\/\/cloudmlmsoftware.com\/it\/sistema-multilingue\/","url":"https:\/\/cloudmlmsoftware.com\/it\/sistema-multilingue\/","name":"Sistema multilingue per l'attivit\u00e0 di MLM | Raggiungimento globale semplificato","isPartOf":{"@id":"https:\/\/cloudmlmsoftware.com\/it\/#website"},"datePublished":"2024-05-22T13:35:48+00:00","dateModified":"2024-11-07T12:35:41+00:00","description":"Espandi la portata della tua attivit\u00e0 MLM con un sistema multilingue. Supporto linguistico continuo per una migliore esperienza utente e una crescita internazionale.","breadcrumb":{"@id":"https:\/\/cloudmlmsoftware.com\/it\/sistema-multilingue\/#breadcrumb"},"inLanguage":"it-IT","potentialAction":[{"@type":"ReadAction","target":["https:\/\/cloudmlmsoftware.com\/it\/sistema-multilingue\/"]}]},{"@type":"BreadcrumbList","@id":"https:\/\/cloudmlmsoftware.com\/it\/sistema-multilingue\/#breadcrumb","itemListElement":[{"@type":"ListItem","position":1,"name":"Home","item":"https:\/\/cloudmlmsoftware.com\/it\/"},{"@type":"ListItem","position":2,"name":"sistema multilingue"}]},{"@type":"WebSite","@id":"https:\/\/cloudmlmsoftware.com\/it\/#website","url":"https:\/\/cloudmlmsoftware.com\/it\/","name":"Cloud MLM Software","description":"","publisher":{"@id":"https:\/\/cloudmlmsoftware.com\/it\/#organization"},"potentialAction":[{"@type":"SearchAction","target":{"@type":"EntryPoint","urlTemplate":"https:\/\/cloudmlmsoftware.com\/it\/?s={search_term_string}"},"query-input":{"@type":"PropertyValueSpecification","valueRequired":true,"valueName":"search_term_string"}}],"inLanguage":"it-IT"},{"@type":"Organization","@id":"https:\/\/cloudmlmsoftware.com\/it\/#organization","name":"Cloud MLM Software","url":"https:\/\/cloudmlmsoftware.com\/it\/","logo":{"@type":"ImageObject","inLanguage":"it-IT","@id":"https:\/\/cloudmlmsoftware.com\/it\/#\/schema\/logo\/image\/","url":"https:\/\/cloudmlmsoftware.com\/wp-content\/uploads\/2024\/09\/cloudmlm-logo.webp","contentUrl":"https:\/\/cloudmlmsoftware.com\/wp-content\/uploads\/2024\/09\/cloudmlm-logo.webp","width":200,"height":40,"caption":"Cloud MLM Software"},"image":{"@id":"https:\/\/cloudmlmsoftware.com\/it\/#\/schema\/logo\/image\/"}}]}},"_links":{"self":[{"href":"https:\/\/cloudmlmsoftware.com\/it\/wp-json\/wp\/v2\/pages\/14064","targetHints":{"allow":["GET"]}}],"collection":[{"href":"https:\/\/cloudmlmsoftware.com\/it\/wp-json\/wp\/v2\/pages"}],"about":[{"href":"https:\/\/cloudmlmsoftware.com\/it\/wp-json\/wp\/v2\/types\/page"}],"author":[{"embeddable":true,"href":"https:\/\/cloudmlmsoftware.com\/it\/wp-json\/wp\/v2\/users\/1"}],"replies":[{"embeddable":true,"href":"https:\/\/cloudmlmsoftware.com\/it\/wp-json\/wp\/v2\/comments?post=14064"}],"version-history":[{"count":0,"href":"https:\/\/cloudmlmsoftware.com\/it\/wp-json\/wp\/v2\/pages\/14064\/revisions"}],"wp:attachment":[{"href":"https:\/\/cloudmlmsoftware.com\/it\/wp-json\/wp\/v2\/media?parent=14064"}],"curies":[{"name":"wp","href":"https:\/\/api.w.org\/{rel}","templated":true}]}}