{"id":14054,"date":"2024-05-22T13:34:29","date_gmt":"2024-05-22T13:34:29","guid":{"rendered":"https:\/\/cloudmlmsoftware.com\/documentazione-kyc\/"},"modified":"2024-11-07T12:43:17","modified_gmt":"2024-11-07T12:43:17","slug":"documentazione-kyc","status":"publish","type":"page","link":"https:\/\/cloudmlmsoftware.com\/it\/documentazione-kyc\/","title":{"rendered":"documentazione kyc"},"content":{"rendered":"\n<div class=\"bannerBgcolor BannerBg pt-16 pb-20 relative overflow-hidden\">\n        <div class=\"animation-wrapper\">\n            <div class=\"particle particle-1\"><\/div>\n            <div class=\"particle particle-2\"><\/div>\n            <div class=\"particle particle-3\"><\/div>\n            <div class=\"particle particle-4\"><\/div>\n        <\/div>\n\n        <div class=\"container mx-auto xl:h-[504px] lg:h-[450px] h-auto relative z-1\">\n            <div class=\"flex flex-wrap items-center\">\n                <div class=\"md:basis-5\/12 sm:basis-12\/12 pr-4 pr-0 py-14\">\n                    <img decoding=\"async\" src=\"\/wp-content\/uploads\/2024\/08\/Modulesbanner.webp\" width=\"467\" height=\"411\" alt=\"miglior software mlm negli Stati Uniti\" class=\"pulseBannerImg\"\/>\n                <\/div>\n                <div class=\"md:basis-7\/12 sm:basis-12\/12\">\n                    <h1 class=\"lg:text-mainTitleFontSize sm:text-3xl text-3xl text-white lg:leading-snug \">\n                        Documentazione <span class=\"font-bold animate-charcter-offwhite\">KYC<\/span> <\/h1>\n\n                    <p class=\"offlightWhite pt-3 text-md\">La documentazione KYC viene fornita non solo al momento delle nuove adesioni ma anche per l&#8217;aggiornamento degli account. Aggiornare gli account dei membri \u00e8 necessario nel business MLM perch\u00e9 ci sono molti membri; alcuni sono pi\u00f9 attivi mentre altri sono inattivi.  <\/p>\n\n                <\/div>\n\n            <\/div>\n        <\/div>\n    <\/div>\n    <!-- ************************************************************************************* -->\n\n    <section class=\"p-sectionpadding\">\n        <div class=\"container mx-auto pt-20\">\n            <div class=\"flex flex-wrap items-start md:items-center flex-col-reverse md:flex-row\">\n                <div class=\"flex-1 w-full pr-0 md:pr-7 pr-0 mt-3\">\n                    <div class=\"relative\">\n\n                        <h2 class=\"lg:text-TitlesemiFontSize text-2xl titleColor lg:leading-snug capitalize\">\n                             <span class=\"font-bold\">Importanza <\/span> del <span class=\"font-bold\"> KYC<\/span> nel business MLM? <\/h2>\n                        <h3 class=\"text-lg mt-6\">Perch\u00e9 la documentazione KYC nel software mlm?<\/h3>\n                        <p class=\"pt-6 font-light leading-6 text-textpara contentColor\">Il software include un modulo di documentazione KYC principalmente per prevenire attivit\u00e0 fraudolente nel business MLM. Dato che la maggior parte delle attivit\u00e0 MLM sono condotte online, alcuni individui potrebbero unirsi all&#8217;azienda utilizzando nomi falsi e impegnarsi nel riciclaggio di denaro. A causa dell\u2019elevato numero di clienti, \u00e8 difficile per gli imprenditori identificare facilmente tali individui fraudolenti.   <\/p>\n                        <p class=\"pt-6 font-light leading-6 text-textpara contentColor\">Ci\u00f2 evidenzia l\u2019importanza del software MLM nel business MLM. Nel nostro software MLM forniamo un modulo KYC che assiste gli imprenditori nella prevenzione di attivit\u00e0 fraudolente. Per la documentazione KYC, i clienti che aderiscono all&#8217;attivit\u00e0 MLM devono caricare ai proprietari la propria prova di identit\u00e0, come un documento di identit\u00e0 elettorale o una patente di guida. Solo dopo aver effettuato con successo l&#8217;invio l&#8217;utente pu\u00f2 unirsi all&#8217;azienda. Inoltre, la documentazione KYC aiuta gli imprenditori a indagare sulla storia dell&#8217;adesione dei clienti per determinare se hanno precedenti oneri finanziari, consentendo ai proprietari di servirli meglio.     <\/p>\n                    <\/div>\n                <\/div>\n                <div class=\"hidden lg:flex items-end justify-right w-[360px] primaryColor rounded-2xl pt-20 pl-10 ml-0 md:ml-10 mb-2 pb-0 overflow-hidden mt-3\">\n                    <img decoding=\"async\" src=\"\/wp-content\/uploads\/2024\/08\/modulekycIntro.svg\" alt=\"Immagine\" class=\"relative right-[-10px] w-full rounded-tl-xl\"\/>\n                <\/div>\n            <\/div>\n        <\/div>\n    <\/section>\n\n    <!-- ================================================================================================ -->\n    <section class=\"p-sectionpadding\">\n        <div class=\"container mx-auto \">\n            <div class=\"relative darkblue rounded-2xl p-7 lg:p-12 py-16 overflow-hidden\">\n                <div class=\"flex flex-wrap items-center\">\n\n                    <div class=\"relative w-full lg:w-5\/12 pr-0 lg:pr-12\">\n                        <img decoding=\"async\" src=\"\/wp-content\/uploads\/2024\/08\/modulekyc2-1.webp\" alt=\"Immagine\" class=\"mb-4 lg:mb-0 w-full\"\/>\n                    <\/div>\n\n                    <div class=\"lg:flex-shrink-0 w-full lg:w-7\/12 \">\n                        <h4 class=\"lg:text-TitlesemiFontSize text-2xl text-white lg:leading-snug capitalize\">\n                             <span class=\"font-bold\">Periodicit\u00e0<\/span> dell&#8217;aggiornamento KYC <\/h4>\n                        <p class=\"pt-6 font-light leading-6 text-textpara offWhite\">La documentazione KYC \u00e8 richiesta non solo al momento di nuove adesioni ma anche al momento del rinnovo dell&#8217;account. Aggiornare i conti dei membri \u00e8 essenziale nel business MLM perch\u00e9 ci sono numerosi membri; alcuni sono pi\u00f9 attivi mentre altri sono inattivi. Gli imprenditori hanno principalmente bisogno di membri attivi nella loro attivit\u00e0, quindi danno loro maggiore priorit\u00e0 e migliorano i loro livelli. A livello di aggiornamento, l&#8217;utente deve fornire la documentazione KYC aggiornata. Inoltre, i membri esistenti che desiderano creare un nuovo account devono anche fornire una nuova documentazione KYC basata sulle ultime politiche KYC.     <\/p>\n                    <\/div>\n                <\/div>\n            <\/div>\n        <\/div>\n    <\/section>\n\n\n    <!-- ************************************************************************************* -->\n    <section class=\"p-sectionpadding\">\n        <div class=\"container mx-auto\">\n            <div class=\"flex flex-wrap flex-col-reverse md:flex-row\">\n\n                <div class=\"w-full md:w-6\/12 primaryColor rounded-2xl p-7 lg:p-10 mb-2 pb-8 md:pb-0 overflow-hidden mr-0 md:mr-5 mt-10 md:mt-3\">\n                <h4 class=\"text-2xl md:text-3xl text-white font-semibold lg:leading-snug capitalize mb-7\"> Conferma dei documenti KYC <\/h4>\n                <p class=\"pt-2 font-light leading-8 text-lg text-white\">Scopri che i tuoi clienti stanno elaborando laddove l&#8217;azienda \u00e8 in grado di conoscere e verificare i propri membri e clienti. Gli sviluppatori di software di comprendono l&#8217;importanza della privacy di questi documenti e utilizzano dati di origine affidabili e indipendenti e la sicurezza delle informazioni per mantenere una migliore politica sulla privacy. <\/p>\n            <\/div>\n\n                <div class=\"flex-1 flex flex-col items-center justify-end w-full md:w-6\/12 lighter rounded-2xl p-7 md:p-20 pb-0 md:pb-0 ml-0 md:ml-5 mb-2 pb-0 overflow-hidden mt-3\">\n                    <h4 class=\"text-xl md:text-3xl titleColor text-center font-bold lg:leading-snug capitalize mb-7\"> Completamento KYC <\/h4>\n                    <img decoding=\"async\" src=\"\/wp-content\/uploads\/2024\/07\/kycphoto-img.webp\" alt=\"Immagine\" class=\"w-full relative bottom-[-34px]\"\/>\n                <\/div>\n\n              \n\n            <\/div>\n        <\/div>\n    <\/section>\n","protected":false},"excerpt":{"rendered":"<p>Documentazione KYC La documentazione KYC viene fornita non solo al momento delle nuove adesioni ma anche per l&#8217;aggiornamento degli account. Aggiornare gli account dei membri \u00e8 necessario nel business MLM perch\u00e9 ci sono molti membri; alcuni sono pi\u00f9 attivi mentre altri sono inattivi. Importanza del KYC nel business MLM? Perch\u00e9 la documentazione KYC nel software [&hellip;]<\/p>\n","protected":false},"author":1,"featured_media":0,"parent":0,"menu_order":0,"comment_status":"closed","ping_status":"closed","template":"modulekycdocumentation-page.php","meta":{"_acf_changed":false,"footnotes":""},"class_list":["post-14054","page","type-page","status-publish","hentry"],"acf":[],"yoast_head":"<!-- This site is optimized with the Yoast SEO Premium plugin v23.6 (Yoast SEO v25.9) - https:\/\/yoast.com\/wordpress\/plugins\/seo\/ -->\n<title>Modulo di documentazione KYC sicuro | Semplifica la verifica<\/title>\n<meta name=\"description\" content=\"Semplifica il tuo processo di verifica con il nostro modulo di documentazione KYC. Soluzioni sicure, efficienti e conformi per transazioni senza interruzioni.\" \/>\n<meta name=\"robots\" content=\"index, follow, max-snippet:-1, max-image-preview:large, max-video-preview:-1\" \/>\n<link rel=\"canonical\" href=\"https:\/\/cloudmlmsoftware.com\/it\/documentazione-kyc\/\" \/>\n<meta property=\"og:locale\" content=\"it_IT\" \/>\n<meta property=\"og:type\" content=\"article\" \/>\n<meta property=\"og:title\" content=\"documentazione kyc\" \/>\n<meta property=\"og:description\" content=\"Semplifica il tuo processo di verifica con il nostro modulo di documentazione KYC. Soluzioni sicure, efficienti e conformi per transazioni senza interruzioni.\" \/>\n<meta property=\"og:url\" content=\"https:\/\/cloudmlmsoftware.com\/it\/documentazione-kyc\/\" \/>\n<meta property=\"og:site_name\" content=\"Cloud MLM Software\" \/>\n<meta property=\"article:modified_time\" content=\"2024-11-07T12:43:17+00:00\" \/>\n<meta name=\"twitter:card\" content=\"summary_large_image\" \/>\n<meta name=\"twitter:label1\" content=\"Tempo di lettura stimato\" \/>\n\t<meta name=\"twitter:data1\" content=\"2 minuti\" \/>\n<!-- \/ Yoast SEO Premium plugin. -->","yoast_head_json":{"title":"Modulo di documentazione KYC sicuro | Semplifica la verifica","description":"Semplifica il tuo processo di verifica con il nostro modulo di documentazione KYC. Soluzioni sicure, efficienti e conformi per transazioni senza interruzioni.","robots":{"index":"index","follow":"follow","max-snippet":"max-snippet:-1","max-image-preview":"max-image-preview:large","max-video-preview":"max-video-preview:-1"},"canonical":"https:\/\/cloudmlmsoftware.com\/it\/documentazione-kyc\/","og_locale":"it_IT","og_type":"article","og_title":"documentazione kyc","og_description":"Semplifica il tuo processo di verifica con il nostro modulo di documentazione KYC. Soluzioni sicure, efficienti e conformi per transazioni senza interruzioni.","og_url":"https:\/\/cloudmlmsoftware.com\/it\/documentazione-kyc\/","og_site_name":"Cloud MLM Software","article_modified_time":"2024-11-07T12:43:17+00:00","twitter_card":"summary_large_image","twitter_misc":{"Tempo di lettura stimato":"2 minuti"},"schema":{"@context":"https:\/\/schema.org","@graph":[{"@type":"WebPage","@id":"https:\/\/cloudmlmsoftware.com\/it\/documentazione-kyc\/","url":"https:\/\/cloudmlmsoftware.com\/it\/documentazione-kyc\/","name":"Modulo di documentazione KYC sicuro | Semplifica la verifica","isPartOf":{"@id":"https:\/\/cloudmlmsoftware.com\/it\/#website"},"datePublished":"2024-05-22T13:34:29+00:00","dateModified":"2024-11-07T12:43:17+00:00","description":"Semplifica il tuo processo di verifica con il nostro modulo di documentazione KYC. Soluzioni sicure, efficienti e conformi per transazioni senza interruzioni.","breadcrumb":{"@id":"https:\/\/cloudmlmsoftware.com\/it\/documentazione-kyc\/#breadcrumb"},"inLanguage":"it-IT","potentialAction":[{"@type":"ReadAction","target":["https:\/\/cloudmlmsoftware.com\/it\/documentazione-kyc\/"]}]},{"@type":"BreadcrumbList","@id":"https:\/\/cloudmlmsoftware.com\/it\/documentazione-kyc\/#breadcrumb","itemListElement":[{"@type":"ListItem","position":1,"name":"Home","item":"https:\/\/cloudmlmsoftware.com\/it\/"},{"@type":"ListItem","position":2,"name":"documentazione kyc"}]},{"@type":"WebSite","@id":"https:\/\/cloudmlmsoftware.com\/it\/#website","url":"https:\/\/cloudmlmsoftware.com\/it\/","name":"Cloud MLM Software","description":"","publisher":{"@id":"https:\/\/cloudmlmsoftware.com\/it\/#organization"},"potentialAction":[{"@type":"SearchAction","target":{"@type":"EntryPoint","urlTemplate":"https:\/\/cloudmlmsoftware.com\/it\/?s={search_term_string}"},"query-input":{"@type":"PropertyValueSpecification","valueRequired":true,"valueName":"search_term_string"}}],"inLanguage":"it-IT"},{"@type":"Organization","@id":"https:\/\/cloudmlmsoftware.com\/it\/#organization","name":"Cloud MLM Software","url":"https:\/\/cloudmlmsoftware.com\/it\/","logo":{"@type":"ImageObject","inLanguage":"it-IT","@id":"https:\/\/cloudmlmsoftware.com\/it\/#\/schema\/logo\/image\/","url":"https:\/\/cloudmlmsoftware.com\/wp-content\/uploads\/2024\/09\/cloudmlm-logo.webp","contentUrl":"https:\/\/cloudmlmsoftware.com\/wp-content\/uploads\/2024\/09\/cloudmlm-logo.webp","width":200,"height":40,"caption":"Cloud MLM Software"},"image":{"@id":"https:\/\/cloudmlmsoftware.com\/it\/#\/schema\/logo\/image\/"}}]}},"_links":{"self":[{"href":"https:\/\/cloudmlmsoftware.com\/it\/wp-json\/wp\/v2\/pages\/14054","targetHints":{"allow":["GET"]}}],"collection":[{"href":"https:\/\/cloudmlmsoftware.com\/it\/wp-json\/wp\/v2\/pages"}],"about":[{"href":"https:\/\/cloudmlmsoftware.com\/it\/wp-json\/wp\/v2\/types\/page"}],"author":[{"embeddable":true,"href":"https:\/\/cloudmlmsoftware.com\/it\/wp-json\/wp\/v2\/users\/1"}],"replies":[{"embeddable":true,"href":"https:\/\/cloudmlmsoftware.com\/it\/wp-json\/wp\/v2\/comments?post=14054"}],"version-history":[{"count":0,"href":"https:\/\/cloudmlmsoftware.com\/it\/wp-json\/wp\/v2\/pages\/14054\/revisions"}],"wp:attachment":[{"href":"https:\/\/cloudmlmsoftware.com\/it\/wp-json\/wp\/v2\/media?parent=14054"}],"curies":[{"name":"wp","href":"https:\/\/api.w.org\/{rel}","templated":true}]}}