{"id":13877,"date":"2024-05-22T13:10:45","date_gmt":"2024-05-22T13:10:45","guid":{"rendered":"https:\/\/cloudmlmsoftware.com\/e-mail\/"},"modified":"2024-10-14T09:11:22","modified_gmt":"2024-10-14T09:11:22","slug":"e-mail","status":"publish","type":"page","link":"https:\/\/cloudmlmsoftware.com\/it\/e-mail\/","title":{"rendered":"e-mail"},"content":{"rendered":"\n<div class=\"bannerBgcolor BannerBg pt-16 pb-20 relative overflow-hidden\">\n        <div class=\"animation-wrapper\">\n            <div class=\"particle particle-1\"><\/div>\n            <div class=\"particle particle-2\"><\/div>\n            <div class=\"particle particle-3\"><\/div>\n            <div class=\"particle particle-4\"><\/div>\n        <\/div>\n\n        <div class=\"container mx-auto xl:h-[504px] lg:h-[450px] h-auto relative z-1\">\n            <div class=\"flex flex-wrap items-center\">\n                <div class=\"md:basis-5\/12 sm:basis-12\/12 pr-4 pr-0 py-14\">\n                    <img decoding=\"async\" src=\"\/wp-content\/uploads\/2024\/08\/Modulesbanner.webp\" width=\"467\" height=\"411\" alt=\"miglior software mlm negli Stati Uniti\" class=\"pulseBannerImg\"\/>\n                <\/div>\n                <div class=\"md:basis-7\/12 sm:basis-12\/12\">\n                    <h1 class=\"lg:text-mainTitleFontSize sm:text-3xl text-3xl text-white lg:leading-snug \">\n                        <span class=\"font-bold animate-charcter-offwhite\">E-mail <\/span>\n                    <\/h1>\n\n                    <p class=\"offlightWhite pt-3 text-md\">Le e-mail sono un fattore significativo che influenza qualsiasi attivit\u00e0. Ora che il nostro mondo \u00e8 completamente digitalizzato, molte aziende utilizzano tecniche di email marketing per vendere i propri prodotti e servizi sul mercato. Questa tecnica \u00e8 molto conveniente perch\u00e9 richiede solo la raccolta di alcuni indirizzi e-mail aziendali dei dirigenti e il semplice invio di e-mail con il contenuto del tuo prodotto a tali indirizzi.   <\/p>\n\n                <\/div>\n\n            <\/div>\n        <\/div>\n    <\/div>\n    <!-- ************************************************************************************* -->\n\n\n    <section class=\"p-sectionpadding\">\n        <div class=\"container mx-auto pt-20\">\n            <div class=\"flex flex-wrap items-start md:items-center flex-col-reverse md:flex-row\">\n                <div class=\"flex-1 w-full md:w-8\/12 pr-0 lg:pr-7 pr-0 mt-3\">\n                    <div class=\"relative\">\n\n                        <h2 class=\"lg:text-TitlesemiFontSize text-2xl titleColor lg:leading-snug capitalize\"> Le <span class=\"font-bold\">e-mail sono importanti <\/span> per la tua attivit\u00e0 MLM? <\/h2>\n\n\n                        \n\n                        <p class=\"pt-6 font-light leading-6 text-textpara contentColor\">Le e-mail svolgono un ruolo cruciale nel business del MLM e il loro impatto sulle operazioni aziendali pu\u00f2 essere significativo. Utilizzando il software MLM, le e-mail diventano uno strumento vitale per la comunicazione e il marketing. Nel software MLM, in genere \u00e8 presente un modulo di posta elettronica che consente all&#8217;amministratore di pianificare orari, argomenti e configurare opzioni avanzate all&#8217;interno di un pannello di gestione. Le e-mail vengono quindi inviate automaticamente agli indirizzi forniti a intervalli regolari.    <\/p>\n\n\n                        <p class=\"pt-5 font-light leading-6 text-textpara contentColor\">Avere un sistema di posta elettronica integrato nel software MLM \u00e8 un sicuro vantaggio per qualsiasi azienda. Il nostro software MLM basato su cloud incorpora un modulo di posta elettronica di alto livello progettato per fornire risultati eccezionali. Con il nostro software MLM cloud, puoi sfruttare appieno le funzionalit\u00e0 del modulo e-mail. Questo modulo \u00e8 ottimizzato per la velocit\u00e0 e la precisione nell&#8217;invio di e-mail e pu\u00f2 essere facilmente gestito dall&#8217;amministratore.    <\/p>\n\n                    <\/div>\n                <\/div>\n\n\n                <div class=\"hidden lg:flex items-end justify-right w-[360px] primaryColor rounded-2xl pt-20 pl-10 ml-0 md:ml-10 mb-2 pb-0 overflow-hidden mt-3\">\n                    <img decoding=\"async\" src=\"\/wp-content\/uploads\/2024\/08\/emailmodule.svg\" alt=\"immagine\" class=\"relative right-[-10px] w-full\"\/>\n                <\/div>\n            <\/div>\n        <\/div>\n    <\/section>\n    <!-- ================================================================================================ -->\n    <section class=\"p-sectionpadding\">\n        <div class=\"container mx-auto \">\n            <div class=\"relative darkblue rounded-2xl p-7 lg:p-12 py-16 overflow-hidden\">\n                <div class=\"flex flex-wrap items-center\">\n\n                    <div class=\"relative w-full lg:w-5\/12 pr-0 lg:pr-12\">\n                        <img decoding=\"async\" src=\"\/wp-content\/uploads\/2024\/08\/moduleemail2.webp\" alt=\"immagine\" class=\"mb-4 lg:mb-0 w-full\"\/>\n                    <\/div>\n\n                    <div class=\"lg:flex-shrink-0 w-full lg:w-7\/12 \">\n                        <h4 class=\"lg:text-TitlesemiFontSize text-2xl text-white lg:leading-snug capitalize\">\n                             <span class=\"font-bold\">Funzionalit\u00e0 del modulo<\/span> email di Cloud MLM <\/h4>\n                        <ul class=\"flex flex-wrap space-x-2 mt-4 ml-[-12px] list1\">\n                            <li class=\"text-textpara text-white font-light leading-6 mb-3 ml-2\">Il nostro sistema di moduli e-mail aiuta ad aumentare i potenziali clienti e le entrate derivanti dalle vendite del tuo prodotto utilizzando i tuoi elenchi di marketing e-mail. <\/li>\n                            <li class=\"text-textpara text-white font-light leading-6 mb-3 ml-2\">Il sistema di moduli e-mail del software Cloud MLM consente a tutti i tipi di imprenditori di connettersi con i propri clienti e membri da qualsiasi dispositivo, ovunque nel mondo. <\/li>\n                            <li class=\"text-textpara text-white font-light leading-6 mb-3 ml-2\">Puoi facilmente aggiungere e rimuovere partecipanti nel nostro sistema di posta elettronica. Il nostro modulo di posta elettronica offre un servizio di posta elettronica automatizzato 24 ore su 24, 7 giorni su 7, che consuma memoria minima durante il funzionamento in background.  <\/li>\n                            <li class=\"text-textpara text-white font-light leading-6 mb-3 ml-2\"> Il nostro software \u00e8 integrato con plug-in di social network, consentendoti di inserire facilmente i collegamenti ai social network nelle e-mail e aumentare la fiducia nel tuo prodotto. <\/li>\n                           \n                        <\/ul>\n                    <\/div>\n                <\/div>\n            <\/div>\n        <\/div>\n    <\/section>\n","protected":false},"excerpt":{"rendered":"<p>E-mail Le e-mail sono un fattore significativo che influenza qualsiasi attivit\u00e0. Ora che il nostro mondo \u00e8 completamente digitalizzato, molte aziende utilizzano tecniche di email marketing per vendere i propri prodotti e servizi sul mercato. Questa tecnica \u00e8 molto conveniente perch\u00e9 richiede solo la raccolta di alcuni indirizzi e-mail aziendali dei dirigenti e il semplice [&hellip;]<\/p>\n","protected":false},"author":1,"featured_media":0,"parent":0,"menu_order":0,"comment_status":"closed","ping_status":"closed","template":"moduleemail-page.php","meta":{"_acf_changed":false,"footnotes":""},"class_list":["post-13877","page","type-page","status-publish","hentry"],"acf":[],"yoast_head":"<!-- This site is optimized with the Yoast SEO Premium plugin v23.6 (Yoast SEO v25.9) - https:\/\/yoast.com\/wordpress\/plugins\/seo\/ -->\n<title>Sistema di posta elettronica per una comunicazione efficiente<\/title>\n<meta name=\"description\" content=\"Passa al nostro sistema di posta elettronica avanzato per semplificare la tua comunicazione e aumentare la produttivit\u00e0.\" \/>\n<meta name=\"robots\" content=\"index, follow, max-snippet:-1, max-image-preview:large, max-video-preview:-1\" \/>\n<link rel=\"canonical\" href=\"https:\/\/cloudmlmsoftware.com\/it\/e-mail\/\" \/>\n<meta property=\"og:locale\" content=\"it_IT\" \/>\n<meta property=\"og:type\" content=\"article\" \/>\n<meta property=\"og:title\" content=\"e-mail\" \/>\n<meta property=\"og:description\" content=\"Passa al nostro sistema di posta elettronica avanzato per semplificare la tua comunicazione e aumentare la produttivit\u00e0.\" \/>\n<meta property=\"og:url\" content=\"https:\/\/cloudmlmsoftware.com\/it\/e-mail\/\" \/>\n<meta property=\"og:site_name\" content=\"Cloud MLM Software\" \/>\n<meta property=\"article:modified_time\" content=\"2024-10-14T09:11:22+00:00\" \/>\n<meta name=\"twitter:card\" content=\"summary_large_image\" \/>\n<meta name=\"twitter:label1\" content=\"Tempo di lettura stimato\" \/>\n\t<meta name=\"twitter:data1\" content=\"3 minuti\" \/>\n<!-- \/ Yoast SEO Premium plugin. -->","yoast_head_json":{"title":"Sistema di posta elettronica per una comunicazione efficiente","description":"Passa al nostro sistema di posta elettronica avanzato per semplificare la tua comunicazione e aumentare la produttivit\u00e0.","robots":{"index":"index","follow":"follow","max-snippet":"max-snippet:-1","max-image-preview":"max-image-preview:large","max-video-preview":"max-video-preview:-1"},"canonical":"https:\/\/cloudmlmsoftware.com\/it\/e-mail\/","og_locale":"it_IT","og_type":"article","og_title":"e-mail","og_description":"Passa al nostro sistema di posta elettronica avanzato per semplificare la tua comunicazione e aumentare la produttivit\u00e0.","og_url":"https:\/\/cloudmlmsoftware.com\/it\/e-mail\/","og_site_name":"Cloud MLM Software","article_modified_time":"2024-10-14T09:11:22+00:00","twitter_card":"summary_large_image","twitter_misc":{"Tempo di lettura stimato":"3 minuti"},"schema":{"@context":"https:\/\/schema.org","@graph":[{"@type":"WebPage","@id":"https:\/\/cloudmlmsoftware.com\/it\/e-mail\/","url":"https:\/\/cloudmlmsoftware.com\/it\/e-mail\/","name":"Sistema di posta elettronica per una comunicazione efficiente","isPartOf":{"@id":"https:\/\/cloudmlmsoftware.com\/it\/#website"},"datePublished":"2024-05-22T13:10:45+00:00","dateModified":"2024-10-14T09:11:22+00:00","description":"Passa al nostro sistema di posta elettronica avanzato per semplificare la tua comunicazione e aumentare la produttivit\u00e0.","breadcrumb":{"@id":"https:\/\/cloudmlmsoftware.com\/it\/e-mail\/#breadcrumb"},"inLanguage":"it-IT","potentialAction":[{"@type":"ReadAction","target":["https:\/\/cloudmlmsoftware.com\/it\/e-mail\/"]}]},{"@type":"BreadcrumbList","@id":"https:\/\/cloudmlmsoftware.com\/it\/e-mail\/#breadcrumb","itemListElement":[{"@type":"ListItem","position":1,"name":"Home","item":"https:\/\/cloudmlmsoftware.com\/it\/"},{"@type":"ListItem","position":2,"name":"e-mail"}]},{"@type":"WebSite","@id":"https:\/\/cloudmlmsoftware.com\/it\/#website","url":"https:\/\/cloudmlmsoftware.com\/it\/","name":"Cloud MLM Software","description":"","publisher":{"@id":"https:\/\/cloudmlmsoftware.com\/it\/#organization"},"potentialAction":[{"@type":"SearchAction","target":{"@type":"EntryPoint","urlTemplate":"https:\/\/cloudmlmsoftware.com\/it\/?s={search_term_string}"},"query-input":{"@type":"PropertyValueSpecification","valueRequired":true,"valueName":"search_term_string"}}],"inLanguage":"it-IT"},{"@type":"Organization","@id":"https:\/\/cloudmlmsoftware.com\/it\/#organization","name":"Cloud MLM Software","url":"https:\/\/cloudmlmsoftware.com\/it\/","logo":{"@type":"ImageObject","inLanguage":"it-IT","@id":"https:\/\/cloudmlmsoftware.com\/it\/#\/schema\/logo\/image\/","url":"https:\/\/cloudmlmsoftware.com\/wp-content\/uploads\/2024\/09\/cloudmlm-logo.webp","contentUrl":"https:\/\/cloudmlmsoftware.com\/wp-content\/uploads\/2024\/09\/cloudmlm-logo.webp","width":200,"height":40,"caption":"Cloud MLM Software"},"image":{"@id":"https:\/\/cloudmlmsoftware.com\/it\/#\/schema\/logo\/image\/"}}]}},"_links":{"self":[{"href":"https:\/\/cloudmlmsoftware.com\/it\/wp-json\/wp\/v2\/pages\/13877","targetHints":{"allow":["GET"]}}],"collection":[{"href":"https:\/\/cloudmlmsoftware.com\/it\/wp-json\/wp\/v2\/pages"}],"about":[{"href":"https:\/\/cloudmlmsoftware.com\/it\/wp-json\/wp\/v2\/types\/page"}],"author":[{"embeddable":true,"href":"https:\/\/cloudmlmsoftware.com\/it\/wp-json\/wp\/v2\/users\/1"}],"replies":[{"embeddable":true,"href":"https:\/\/cloudmlmsoftware.com\/it\/wp-json\/wp\/v2\/comments?post=13877"}],"version-history":[{"count":0,"href":"https:\/\/cloudmlmsoftware.com\/it\/wp-json\/wp\/v2\/pages\/13877\/revisions"}],"wp:attachment":[{"href":"https:\/\/cloudmlmsoftware.com\/it\/wp-json\/wp\/v2\/media?parent=13877"}],"curies":[{"name":"wp","href":"https:\/\/api.w.org\/{rel}","templated":true}]}}