{"id":13174,"date":"2024-03-22T13:59:08","date_gmt":"2024-03-22T13:59:08","guid":{"rendered":"https:\/\/cloudmlmsoftware.com\/servizi\/sviluppo-web\/"},"modified":"2024-11-08T09:22:46","modified_gmt":"2024-11-08T09:22:46","slug":"sviluppo-web","status":"publish","type":"page","link":"https:\/\/cloudmlmsoftware.com\/it\/services\/sviluppo-web\/","title":{"rendered":"sviluppo web"},"content":{"rendered":"\n<div class=\"bannerBgcolor BannerBg pt-16 relative overflow-hidden\">\n   <div class=\"animation-wrapper\">\n      <div class=\"particle particle-1\"><\/div>\n      <div class=\"particle particle-2\"><\/div>\n      <div class=\"particle particle-3\"><\/div>\n      <div class=\"particle particle-4\"><\/div>\n   <\/div>\n   <div class=\"container mx-auto pt-2 md:h-[600px] sm:h-[400px] h-[550px] overflow-hidden relative z-1\">\n      <div class=\"flex flex-wrap items-center\">\n         <div class=\"w-full md:w-10\/12 mx-auto text-center pt-10 mb-8\">\n            <h1 class=\"lg:text-mainTitleFontSize sm:text-3xl text-3xl text-white lg:leading-snug capitalize\">\n               Sviluppo <span class=\"font-bold animate-charcter-offwhite\">Web<\/span>\n            <\/h1>\n            <p class=\"offWhite pt-3 text-md md:text-lg font-light md:w-11\/12 mx-auto\">Migliora la tua presenza online con i servizi di sviluppo web di Cloud MLM Software Solutions. Sviluppiamo siti Web reattivi, dinamici e di facile utilizzo che si adattano ai tuoi obiettivi aziendali, garantendo un&#8217;esperienza fluida e coinvolgente per i tuoi utenti.  <\/p>\n<div class=\"w-8\/12 mx-auto text-center pt-6\">\n<a href=\"https:\/\/demo.cloudmlmsoftware.com\" class=\"button primaryColor px-4 py-3 w-[132px] mx-auto rounded-md text-white md:flex text-sm md:text-md sm:block btn1\">Prova \n la demo gratuita <\/a>\n<\/div>\n         <\/div>\n        <div class=\"w-full p-4 relative z-9\">\n<img fetchpriority=\"high\" decoding=\"async\" src=\"https:\/\/cloudmlmsoftware.com\/wp-content\/themes\/cloudmlmdemo\/assets\/images\/banner\/ServicesBanner.webp\" alt=\"software mlm\" width=\"900\" height=\"643\" class=\"mx-auto\"\/>\n<img decoding=\"async\" src=\"\/wp-content\/uploads\/2024\/08\/seraniImg1.webp\" alt=\"software mlm\" width=\"32\" height=\"32\" class=\"sevraniImg sevraniImg1\"\/>\n<img decoding=\"async\" src=\"\/wp-content\/uploads\/2024\/08\/seraniImg2.webp\" alt=\"software mlm\" width=\"20\" height=\"20\" class=\"sevraniImg sevraniImg2\"\/>\n<img loading=\"lazy\" decoding=\"async\" src=\"\/wp-content\/uploads\/2024\/08\/seraniImg3.webp\" alt=\"software mlm\" width=\"28\" height=\"28\" class=\"sevraniImg sevraniImg3\"\/>\n<img loading=\"lazy\" decoding=\"async\" src=\"\/wp-content\/uploads\/2024\/08\/seraniImg4.webp\" alt=\"software mlm\" width=\"24\" height=\"24\" class=\"sevraniImg sevraniImg4\"\/>\n<img loading=\"lazy\" decoding=\"async\" src=\"\/wp-content\/uploads\/2024\/08\/seraniImg5.webp\" alt=\"software mlm\" width=\"34\" height=\"34\" class=\"sevraniImg sevraniImg5\"\/>\n<img loading=\"lazy\" decoding=\"async\" src=\"\/wp-content\/uploads\/2024\/08\/seraniImg6.webp\" alt=\"software mlm\" width=\"24\" height=\"24\" class=\"sevraniImg sevraniImg6\"\/>\n<img loading=\"lazy\" decoding=\"async\" src=\"\/wp-content\/uploads\/2024\/08\/seraniImg7.webp\" alt=\"software mlm\" width=\"24\" height=\"24\" class=\"sevraniImg sevraniImg7\"\/>\n<img loading=\"lazy\" decoding=\"async\" src=\"\/wp-content\/uploads\/2024\/08\/seraniImg8.webp\" alt=\"software mlm\" width=\"24\" height=\"24\" class=\"sevraniImg sevraniImg8\"\/>\n<\/div>\n      <\/div>\n   <\/div>\n<\/div>\n<!-- ************************************************************************************* -->\n<section class=\"p-sectionpadding\">\n   <div class=\"container mx-auto mt-20\">\n      <div class=\"relative darkblue rounded-2xl p-6 md:p-12 py-10 md:py-16 overflow-hidden\">\n         <!-- Left side box -->\n         <div class=\"flex flex-wrap md:flex-row flex-col-reverse items-center\">\n            <div class=\" w-full md:w-8\/12 pb-4 pr-0 md:pr-12\">\n               <h2 class=\"md:text-TitlesemiFontSize text-xl text-white lg:leading-snug capitalize\">\n                  <span class=\"font-bold\">Trasforma la tua attivit\u00e0 MLM online: \n<\/span> \nSoluzioni web professionali di Cloud MLM\n               <\/h2>\n               <p class=\"text-textpara offWhite font-light leading-6 py-3\">\nUn sito Web \u00e8 fondamentale per un&#8217;attivit\u00e0 MLM poich\u00e9 offre una presenza online professionale, reclutamento semplificato e comunicazione efficiente. Fornisce strumenti per monitorare le prestazioni, gestire le downline ed elaborare le transazioni, aumentando la credibilit\u00e0 e il potenziale di crescita. \n               <\/p>\n               <p class=\"text-textpara offWhite font-light leading-6 py-3\">Software Solutions \u00e8 un&#8217;azienda che fornisce siti Web per attivit\u00e0 di marketing multilivello. Offriamo funzionalit\u00e0 e design su misura per soddisfare le esigenze specifiche delle aziende MLM. Abbiamo sviluppato molti siti Web MLM unici incentrati su obiettivi aziendali che ci rendono la migliore societ\u00e0 di sviluppo web al mondo.  \n               <\/p>\n            <\/div>\n            <div class=\"relative w-full md:w-4\/12 bottom-0 right-0 mb-6 md:mb-0\">\n               <img decoding=\"async\" src=\"\/wp-content\/uploads\/2024\/08\/webdevservcintro.webp\" alt=\"Immagine\" class=\"w-full\"\/>\n            <\/div>\n         <\/div>\n      <\/div>\n   <\/div>\n<\/section>\n<!-- ************************** -->\n<section class=\"p-sectionpadding\">\n   <div class=\"container mx-auto\">\n      <div class=\"w-full flex flex-wrap justify-between lg:space-x-8 space-x-0\">\n         <div class=\"lg:flex-1 w-full lg:w-6\/12 primaryColor px-7 pt-12 pb-6 md:pb-[100px] rounded-xl mt-5 text-lg relative overflow-hidden flex flex-col-reverse lg:flex-col\">\n            <div class=\"mt-3\">\n               <h3 class=\"text-2xl text-white lg:leading-snug capitalize\">Funzionalit\u00e0 \ndi <span class=\"font-bold\">amministrazione<\/span>\n               <\/h3>\n               <ul class=\"flex flex-wrap mt-5 list1\">\n                  <li class=\"text-textpara offWhite leading-6 mb-3 ml-2\">Gestisci il profilo del membro<\/li>\n                  <li class=\"text-textpara offWhite leading-6 mb-3 ml-2\">Area di login protetta con accesso completo <\/li>\n                  <li class=\"text-textpara offWhite leading-6 mb-3 ml-2\">Gestisci account <\/li>\n                  <li class=\"text-textpara offWhite leading-6 mb-3 ml-2\">Gestisci report<\/li>\n                  <li class=\"text-textpara offWhite leading-6 mb-3 ml-2\">Invia messaggi\/avvisi<\/li>\n               <\/ul>\n            <\/div>\n            <img decoding=\"async\" src=\"\/wp-content\/uploads\/2024\/08\/directselling.webp\" alt=\"Immagine\" class=\"md:absolute bottom-0 right-0 w-[270px]\"\/>\n         <\/div>\n         <div class=\"lg:flex-1 w-full lg:w-6\/12 lighter px-7 pt-12 pb-6 md:pb-[100px] rounded-xl mt-5 text-lg relative overflow-hidden flex flex-col-reverse lg:flex-col\">\n            <div class=\"mt-3\">\n               <h3 class=\"text-2xl titleColor lg:leading-snug capitalize\">Funzionalit\u00e0 \n <span class=\"font-bold\">utente<\/span>\n               <\/h3>\n               <ul class=\"flex flex-wrap mt-5 list1\">\n                  <li class=\"text-textpara leading-6 mb-3 ml-2\">Registrazione in linea<\/li>\n                  <li class=\"text-textpara leading-6 mb-3 ml-2\">Albero genealogico<\/li>\n                  <li class=\"text-textpara leading-6 mb-3 ml-2\">Visualizza\/modifica il profilo del membro<\/li>\n                  <li class=\"text-textpara leading-6 mb-3 ml-2\">Stato dei report online<\/li>\n                  <li class=\"text-textpara leading-6 mb-3 ml-2\">Trova i dettagli degli incentivi<\/li>\n                  <li class=\"text-textpara leading-6 mb-3 ml-2\">Messaggistica in linea<\/li>\n                  <li class=\"text-textpara leading-6 mb-3 ml-2\">Help Desk<\/li>\n               <\/ul>\n            <\/div>\n            <img decoding=\"async\" src=\"\/wp-content\/uploads\/2024\/08\/USERDB_Cloudtheme.webp\" alt=\"Immagine\" class=\"md:absolute bottom-0 right-0 w-[270px]\"\/>\n         <\/div>\n      <\/div>\n   <\/div>\n<\/section>\n<!-- ************************************************************************************* -->\n<section class=\"p-sectionpadding\">\n   <div class=\"container mx-auto\">\n      <div class=\"flex flex-wrap\">\n         <div class=\"w-full md:w-7\/12\">\n            <h3 class=\"lg:text-TitlesemiFontSize text-2xl titleColor lg:leading-snug mt-3 capitalize\">\n                <span class=\"font-bold\">Cose da rivedere<\/span> quando si seleziona una \n societ\u00e0 di sviluppo di siti Web\n            <\/h3>\n            <p class=\"text-textSubtitle contentColor text-lg font-semibold pt-5 leading-6 mb-3\">\n Alcuni fattori che devi considerare sono,\n            <\/p>\n         <\/div>\n         <div class=\"w-full flex flex-wrap justify-between mt-10\">\n            <div class=\"w-full flex flex-wrap justify-between lg:space-x-5 space-x-0 space-y-5 lg:space-y-0\">\n               <div class=\"flex-1 w-full lg:w-9\/12\">\n                  <div class=\"w-full flex flex-wrap justify-between lg:space-x-5 space-x-0 space-y-5 lg:space-y-0\">\n                     <div class=\"flex-1 lighter w-full lg:w-8\/12 px-12 py-12 rounded-xl text-lg flex items-center\">\n Assicurati che il tuo sito web aziendale sia progettato secondo le tue specifiche a tuo piacimento. Conferma che tutte le domande siano state risolte e che la societ\u00e0 di sviluppo del sito Web comprenda appieno le tue esigenze.  <\/div>\n                     <div class=\"lighter w-full lg:w-4\/12 px-12 py-12 rounded-xl mt-3 text-lg w-full\">\n Scegli un&#8217;azienda che rientra nel tuo budget e inizia a lavorare attentamente con \n i suoi sviluppatori.\n                     <\/div>\n                  <\/div>\n               <\/div>\n               <div class=\"w-full darkblue lg:w-3\/12 text-white px-10 py-12 rounded-xl mt-3 text-lg w-full\">\n L&#8217;esperienza \u00e8 una variabile essenziale da tenere a mente quando si decide su una societ\u00e0 di sviluppo web \n.\n               <\/div>\n            <\/div>\n            <div class=\"w-full flex flex-wrap justify-between lg:space-x-5 space-x-0\">\n               <div class=\"flex-1 w-full lg:w-9\/12 primaryColor px-7 py-12 text-white rounded-xl mt-5 text-lg w-full flex items-center\">\n Per assicurarti che il tuo sito web aziendale sia progettato come lo desideri, ogni volta \n che lo desideri. Verifica che tutte le domande siano state chiarite e che la societ\u00e0 di sviluppo del sito Web abbia compreso \n cosa le hai richiesto di fare. \n               <\/div>\n               <div class=\"w-full lg:w-3\/12 primaryColor px-8 py-12 rounded-xl mt-5 text-lg relative overflow-hidden min-h-[148px] lg:flex hidden w-full\">\n                  <img decoding=\"async\" src=\"\/wp-content\/uploads\/2024\/08\/WebsiteDevelopment3.webp\" alt=\"Immagine\" class=\"w-full\"\/>\n               <\/div>\n            <\/div>\n         <\/div>\n      <\/div>\n   <\/div>\n<\/section>\n<!-- ************************************************************************************* -->\n<section class=\"p-sectionpadding\">\n   <div class=\"container mx-auto\">\n      <div class=\"relative darklight rounded-2xl p-6 md:p-10 py-16 overflow-hidden\">\n         <!-- Left side box -->\n         <div class=\"flex flex-wrap md:flex-row flex-col-reverse items-center\">\n            <div class=\"relative hidden lg:block lg:w-4\/12 pr-0 md:pr-8\">\n               <img decoding=\"async\" src=\"\/wp-content\/uploads\/2024\/08\/webDevelopmentIntro.webp\" alt=\"Immagine\" class=\"w-full\"\/>\n            <\/div>\n            <div class=\" w-full lg:w-8\/12 pb-4\">\n               <h4 class=\"text-2xl titleColor text-white lg:leading-snug capitalize\">\n                  <span class=\"font-bold\">Sbloccare il successo: <\/span> \ntrovare il giusto partner per lo sviluppo di siti Web per il tuo budget\n               <\/h4>\n               <p class=\"text-textpara offWhite font-light leading-6 py-3\">Prima di iniziare a cercare di nominare \n una societ\u00e0 fornitrice di servizi di sviluppo di siti Web, devi decidere il budget che \nsei disposto a pagare. Assicurati di avere un&#8217;azienda come Cloud MLM Software Solutions che sia eccezionale e rientri \nnel tuo budget. Completa la tua ricerca e scopri come sono stati creati i prezzi \n, quindi stabilisci un budget e passa alla fase successiva.  \n               <\/p>\n               <p class=\"text-textpara offWhite font-light leading-6 pt-3\">La nostra azienda pu\u00f2 sviluppare vari \n tipi di app per la tua azienda e siamo creativi nel creare app aziendali. Ci\u00f2 include software MLM \n per il Web e Android. Sviluppiamo applicazioni di fascia alta utilizzando le \ntecnologie pi\u00f9 recenti. Abbiamo lavorato con successo con molte aziende MLM per raggiungere facilmente l&#8217;obiettivo \n di cui sopra in modo adeguato.   \n               <\/p>\n            <\/div>\n         <\/div>\n      <\/div>\n   <\/div>\n<\/section>\n<!-- ==================== ========================================================= -->\n","protected":false},"excerpt":{"rendered":"<p>Sviluppo Web Migliora la tua presenza online con i servizi di sviluppo web di Cloud MLM Software Solutions. Sviluppiamo siti Web reattivi, dinamici e di facile utilizzo che si adattano ai tuoi obiettivi aziendali, garantendo un&#8217;esperienza fluida e coinvolgente per i tuoi utenti. Prova la demo gratuita Trasforma la tua attivit\u00e0 MLM online: Soluzioni web [&hellip;]<\/p>\n","protected":false},"author":1,"featured_media":0,"parent":8119,"menu_order":0,"comment_status":"closed","ping_status":"closed","template":"webdevelopment-page.php","meta":{"_acf_changed":false,"footnotes":""},"class_list":["post-13174","page","type-page","status-publish","hentry"],"acf":[],"yoast_head":"<!-- This site is optimized with the Yoast SEO Premium plugin v23.6 (Yoast SEO v25.9) - https:\/\/yoast.com\/wordpress\/plugins\/seo\/ -->\n<title>Servizi di sviluppo Web | Costruisci siti web moderni e scalabili<\/title>\n<meta name=\"description\" content=\"Servizi di sviluppo Web per la creazione di siti Web moderni, scalabili e reattivi. Migliora la funzionalit\u00e0 e l&#039;esperienza dell&#039;utente.\" \/>\n<meta name=\"robots\" content=\"index, follow, max-snippet:-1, max-image-preview:large, max-video-preview:-1\" \/>\n<link rel=\"canonical\" href=\"https:\/\/cloudmlmsoftware.com\/it\/services\/sviluppo-web\/\" \/>\n<meta property=\"og:locale\" content=\"it_IT\" \/>\n<meta property=\"og:type\" content=\"article\" \/>\n<meta property=\"og:title\" content=\"sviluppo web\" \/>\n<meta property=\"og:description\" content=\"Servizi di sviluppo Web per la creazione di siti Web moderni, scalabili e reattivi. Migliora la funzionalit\u00e0 e l&#039;esperienza dell&#039;utente.\" \/>\n<meta property=\"og:url\" content=\"https:\/\/cloudmlmsoftware.com\/it\/services\/sviluppo-web\/\" \/>\n<meta property=\"og:site_name\" content=\"Cloud MLM Software\" \/>\n<meta property=\"article:modified_time\" content=\"2024-11-08T09:22:46+00:00\" \/>\n<meta property=\"og:image\" content=\"https:\/\/cloudmlmsoftware.com\/wp-content\/themes\/cloudmlmdemo\/assets\/images\/banner\/ServicesBanner.webp\" \/>\n<meta name=\"twitter:card\" content=\"summary_large_image\" \/>\n<meta name=\"twitter:label1\" content=\"Tempo di lettura stimato\" \/>\n\t<meta name=\"twitter:data1\" content=\"5 minuti\" \/>\n<!-- \/ Yoast SEO Premium plugin. -->","yoast_head_json":{"title":"Servizi di sviluppo Web | Costruisci siti web moderni e scalabili","description":"Servizi di sviluppo Web per la creazione di siti Web moderni, scalabili e reattivi. Migliora la funzionalit\u00e0 e l'esperienza dell'utente.","robots":{"index":"index","follow":"follow","max-snippet":"max-snippet:-1","max-image-preview":"max-image-preview:large","max-video-preview":"max-video-preview:-1"},"canonical":"https:\/\/cloudmlmsoftware.com\/it\/services\/sviluppo-web\/","og_locale":"it_IT","og_type":"article","og_title":"sviluppo web","og_description":"Servizi di sviluppo Web per la creazione di siti Web moderni, scalabili e reattivi. Migliora la funzionalit\u00e0 e l'esperienza dell'utente.","og_url":"https:\/\/cloudmlmsoftware.com\/it\/services\/sviluppo-web\/","og_site_name":"Cloud MLM Software","article_modified_time":"2024-11-08T09:22:46+00:00","og_image":[{"url":"https:\/\/cloudmlmsoftware.com\/wp-content\/themes\/cloudmlmdemo\/assets\/images\/banner\/ServicesBanner.webp","type":"","width":"","height":""}],"twitter_card":"summary_large_image","twitter_misc":{"Tempo di lettura stimato":"5 minuti"},"schema":{"@context":"https:\/\/schema.org","@graph":[{"@type":"WebPage","@id":"https:\/\/cloudmlmsoftware.com\/it\/services\/sviluppo-web\/","url":"https:\/\/cloudmlmsoftware.com\/it\/services\/sviluppo-web\/","name":"Servizi di sviluppo Web | Costruisci siti web moderni e scalabili","isPartOf":{"@id":"https:\/\/cloudmlmsoftware.com\/it\/#website"},"primaryImageOfPage":{"@id":"https:\/\/cloudmlmsoftware.com\/it\/services\/sviluppo-web\/#primaryimage"},"image":{"@id":"https:\/\/cloudmlmsoftware.com\/it\/services\/sviluppo-web\/#primaryimage"},"thumbnailUrl":"https:\/\/cloudmlmsoftware.com\/wp-content\/themes\/cloudmlmdemo\/assets\/images\/banner\/ServicesBanner.webp","datePublished":"2024-03-22T13:59:08+00:00","dateModified":"2024-11-08T09:22:46+00:00","description":"Servizi di sviluppo Web per la creazione di siti Web moderni, scalabili e reattivi. Migliora la funzionalit\u00e0 e l'esperienza dell'utente.","breadcrumb":{"@id":"https:\/\/cloudmlmsoftware.com\/it\/services\/sviluppo-web\/#breadcrumb"},"inLanguage":"it-IT","potentialAction":[{"@type":"ReadAction","target":["https:\/\/cloudmlmsoftware.com\/it\/services\/sviluppo-web\/"]}]},{"@type":"ImageObject","inLanguage":"it-IT","@id":"https:\/\/cloudmlmsoftware.com\/it\/services\/sviluppo-web\/#primaryimage","url":"https:\/\/cloudmlmsoftware.com\/wp-content\/themes\/cloudmlmdemo\/assets\/images\/banner\/ServicesBanner.webp","contentUrl":"https:\/\/cloudmlmsoftware.com\/wp-content\/themes\/cloudmlmdemo\/assets\/images\/banner\/ServicesBanner.webp"},{"@type":"BreadcrumbList","@id":"https:\/\/cloudmlmsoftware.com\/it\/services\/sviluppo-web\/#breadcrumb","itemListElement":[{"@type":"ListItem","position":1,"name":"Home","item":"https:\/\/cloudmlmsoftware.com\/it\/"},{"@type":"ListItem","position":2,"name":"Servizi","item":"https:\/\/cloudmlmsoftware.com\/it\/services\/"},{"@type":"ListItem","position":3,"name":"sviluppo web"}]},{"@type":"WebSite","@id":"https:\/\/cloudmlmsoftware.com\/it\/#website","url":"https:\/\/cloudmlmsoftware.com\/it\/","name":"Cloud MLM Software","description":"","publisher":{"@id":"https:\/\/cloudmlmsoftware.com\/it\/#organization"},"potentialAction":[{"@type":"SearchAction","target":{"@type":"EntryPoint","urlTemplate":"https:\/\/cloudmlmsoftware.com\/it\/?s={search_term_string}"},"query-input":{"@type":"PropertyValueSpecification","valueRequired":true,"valueName":"search_term_string"}}],"inLanguage":"it-IT"},{"@type":"Organization","@id":"https:\/\/cloudmlmsoftware.com\/it\/#organization","name":"Cloud MLM Software","url":"https:\/\/cloudmlmsoftware.com\/it\/","logo":{"@type":"ImageObject","inLanguage":"it-IT","@id":"https:\/\/cloudmlmsoftware.com\/it\/#\/schema\/logo\/image\/","url":"https:\/\/cloudmlmsoftware.com\/wp-content\/uploads\/2024\/09\/cloudmlm-logo.webp","contentUrl":"https:\/\/cloudmlmsoftware.com\/wp-content\/uploads\/2024\/09\/cloudmlm-logo.webp","width":200,"height":40,"caption":"Cloud MLM Software"},"image":{"@id":"https:\/\/cloudmlmsoftware.com\/it\/#\/schema\/logo\/image\/"}}]}},"_links":{"self":[{"href":"https:\/\/cloudmlmsoftware.com\/it\/wp-json\/wp\/v2\/pages\/13174","targetHints":{"allow":["GET"]}}],"collection":[{"href":"https:\/\/cloudmlmsoftware.com\/it\/wp-json\/wp\/v2\/pages"}],"about":[{"href":"https:\/\/cloudmlmsoftware.com\/it\/wp-json\/wp\/v2\/types\/page"}],"author":[{"embeddable":true,"href":"https:\/\/cloudmlmsoftware.com\/it\/wp-json\/wp\/v2\/users\/1"}],"replies":[{"embeddable":true,"href":"https:\/\/cloudmlmsoftware.com\/it\/wp-json\/wp\/v2\/comments?post=13174"}],"version-history":[{"count":0,"href":"https:\/\/cloudmlmsoftware.com\/it\/wp-json\/wp\/v2\/pages\/13174\/revisions"}],"up":[{"embeddable":true,"href":"https:\/\/cloudmlmsoftware.com\/it\/wp-json\/wp\/v2\/pages\/8119"}],"wp:attachment":[{"href":"https:\/\/cloudmlmsoftware.com\/it\/wp-json\/wp\/v2\/media?parent=13174"}],"curies":[{"name":"wp","href":"https:\/\/api.w.org\/{rel}","templated":true}]}}