{"id":13122,"date":"2024-03-21T14:08:07","date_gmt":"2024-03-21T14:08:07","guid":{"rendered":"https:\/\/cloudmlmsoftware.com\/servizi\/sviluppo-opencart\/"},"modified":"2024-11-08T09:58:55","modified_gmt":"2024-11-08T09:58:55","slug":"sviluppo-di-opencart","status":"publish","type":"page","link":"https:\/\/cloudmlmsoftware.com\/it\/services\/sviluppo-di-opencart\/","title":{"rendered":"sviluppo opencart"},"content":{"rendered":"\n<div class=\"bannerBgcolor BannerBg pt-16 relative overflow-hidden\">\n   <div class=\"animation-wrapper\">\n      <div class=\"particle particle-1\"><\/div>\n      <div class=\"particle particle-2\"><\/div>\n      <div class=\"particle particle-3\"><\/div>\n      <div class=\"particle particle-4\"><\/div>\n   <\/div>\n   <div class=\"container mx-auto pt-2 md:h-[600px] sm:h-[400px] h-[550px] overflow-hidden relative z-1\">\n      <div class=\"flex flex-wrap items-center\">\n         <div class=\"w-full md:w-10\/12 mx-auto text-center pt-10 mb-8\">\n            <h1 class=\"lg:text-mainTitleFontSize sm:text-3xl text-3xl text-white lg:leading-snug capitalize\"> Sviluppo a carrello <span class=\"font-bold animate-charcter-offwhite\">aperto<\/span> <\/h1>\n            <p class=\"offWhite pt-3 text-md md:text-lg font-light md:w-11\/12 mx-auto\">fornisce servizi di sviluppo Opencart intelligenti per supportarti nello svolgimento di attivit\u00e0 aziendali complete in modo semplice ed efficace, migliorare le prestazioni del tuo negozio, aumentare la tua percezione nel flusso aziendale e, infine, soddisfare al meglio le esigenze dei tuoi clienti.<\/p>\n<div class=\"w-8\/12 mx-auto text-center pt-6\">\n<a href=\"https:\/\/demo.cloudmlmsoftware.com\" class=\"button primaryColor px-4 py-3 w-[132px] mx-auto rounded-md text-white md:flex text-sm md:text-md sm:block btn1\">Prova la demo gratuita <\/a>\n<\/div>\n         <\/div>\n        <div class=\"w-full p-4 relative z-9\">\n<img fetchpriority=\"high\" decoding=\"async\" src=\"https:\/\/cloudmlmsoftware.com\/wp-content\/themes\/cloudmlmdemo\/assets\/images\/banner\/ServicesBanner.webp\" alt=\"software mlm\" width=\"900\" height=\"643\" class=\"mx-auto\"\/>\n<img decoding=\"async\" src=\"\/wp-content\/uploads\/2024\/08\/seraniImg1.webp\" alt=\"software mlm\" width=\"32\" height=\"32\" class=\"sevraniImg sevraniImg1\"\/>\n<img decoding=\"async\" src=\"\/wp-content\/uploads\/2024\/08\/seraniImg2.webp\" alt=\"software mlm\" width=\"20\" height=\"20\" class=\"sevraniImg sevraniImg2\"\/>\n<img loading=\"lazy\" decoding=\"async\" src=\"\/wp-content\/uploads\/2024\/08\/seraniImg3.webp\" alt=\"software mlm\" width=\"28\" height=\"28\" class=\"sevraniImg sevraniImg3\"\/>\n<img loading=\"lazy\" decoding=\"async\" src=\"\/wp-content\/uploads\/2024\/08\/seraniImg4.webp\" alt=\"software mlm\" width=\"24\" height=\"24\" class=\"sevraniImg sevraniImg4\"\/>\n<img loading=\"lazy\" decoding=\"async\" src=\"\/wp-content\/uploads\/2024\/08\/seraniImg5.webp\" alt=\"software mlm\" width=\"34\" height=\"34\" class=\"sevraniImg sevraniImg5\"\/>\n<img loading=\"lazy\" decoding=\"async\" src=\"\/wp-content\/uploads\/2024\/08\/seraniImg6.webp\" alt=\"software mlm\" width=\"24\" height=\"24\" class=\"sevraniImg sevraniImg6\"\/>\n<img loading=\"lazy\" decoding=\"async\" src=\"\/wp-content\/uploads\/2024\/08\/seraniImg7.webp\" alt=\"software mlm\" width=\"24\" height=\"24\" class=\"sevraniImg sevraniImg7\"\/>\n<img loading=\"lazy\" decoding=\"async\" src=\"\/wp-content\/uploads\/2024\/08\/seraniImg8.webp\" alt=\"software mlm\" width=\"24\" height=\"24\" class=\"sevraniImg sevraniImg8\"\/>\n<\/div>\n      <\/div>\n   <\/div>\n<\/div>\n<!-- ************************************************************************************* --> \n<section class=\"p-sectionpadding\">\n   <div class=\"container mx-auto mt-20\">\n      <div class=\"relative darklight rounded-2xl p-6 md:p-12 py-16 overflow-hidden\">\n         <!-- Left side box --> \n         <div class=\"flex flex-wrap md:flex-row flex-col-reverse\">\n            <div class=\"w-full md:w-9\/12 pb-4 md:pr-12 pr-0\">\n               <h2 class=\"md:text-TitlesemiFontSize text-2xl text-white lg:leading-snug capitalize\">Cos&#8217;\u00e8 <span class=\"font-bold\">Opencart?<\/span> <\/h2>\n               <p class=\"text-textpara font-light leading-6 offWhite py-3\">Opencart \u00e8 una delle soluzioni dinamiche di carrello della spesa open source ricca di funzionalit\u00e0 avanzate. \u00c8 facile da usare, facile da usare per i motori di ricerca e viene fornito con un&#8217;interfaccia visivamente accattivante. Questa soluzione di e-commerce aiuta i venditori online con la possibilit\u00e0 di creare il proprio business online ed operare nell&#8217;e-commerce a un prezzo conveniente.  <\/p>\n               <p class=\"text-textpara font-light leading-6 offWhite pb-3\">fornisce servizi di sviluppo Opencart intelligenti per supportarti nello svolgimento di attivit\u00e0 aziendali complete in modo semplice ed efficace, migliorare le prestazioni del tuo negozio, aumentare la tua percezione nel flusso aziendale e, infine, migliorare soddisfare le esigenze dei tuoi clienti.<\/p>\n            <\/div>\n            <div class=\"relative w-full md:w-3\/12 bottom-0 right-0 mb-6 md:mb-0\"> <img decoding=\"async\" src=\"\/wp-content\/uploads\/2024\/08\/opencartservice.webp\" alt=\"Immagine\" class=\"w-full\"\/> <\/div>\n         <\/div>\n      <\/div>\n   <\/div>\n<\/section>\n<!-- ************************** --> \n<section class=\"p-sectionpadding\">\n   <div class=\"container mx-auto\">\n      <!-- Left side box --> \n      <div class=\"flex flex-wrap items-center\">\n         <div class=\"w-full md:w-6\/12 pr-0 md:pr-16 mt-4\"> <img decoding=\"async\" src=\"\/wp-content\/uploads\/2024\/08\/opencar-innerpage.webp\" alt=\"Immagine\" class=\"w-full\"\/> <\/div>\n         <div class=\" w-full md:w-6\/12 pb-4\">\n            <h2 class=\"md:text-TitlesemiFontSize text-2xl lg:leading-snug capitalize mt-4\">  Servizi di sviluppo <span class=\"font-bold\">Opencart che abbiamo offerto<\/span> <\/h2>\n            <ul class=\"flex flex-wrap space-x-2 mt-2 list1\">\n               <li class=\"text-textpara contentColor font-light leading-6 mb-3 ml-2\">Progettazione, sviluppo e integrazione personalizzati<\/li>\n               <li class=\"text-textpara contentColor font-light leading-6 mb-3 ml-2\">Personalizzazione \/ installazione Opencart<\/li>\n               <li class=\"text-textpara contentColor font-light leading-6 mb-3 ml-2\">Sviluppo di negozi eCommerce personalizzati<\/li>\n               <li class=\"text-textpara contentColor font-light leading-6 mb-3 ml-2\">Progettazione e sviluppo di temi adattabili Opencart<\/li>\n               <li class=\"text-textpara contentColor font-light leading-6 mb-3 ml-2\">Servizi di supporto e manutenzione<\/li>\n               <li class=\"text-textpara contentColor font-light leading-6 mb-3 ml-2\">Integrazione del gateway di pagamento<\/li>\n               <li class=\"text-textpara contentColor font-light leading-6 mb-3 ml-2\">Sviluppo e personalizzazione del modulo Opencart <\/li>\n            <\/ul>\n         <\/div>\n      <\/div>\n   <\/div>\n<\/section>\n<!-- ************************** --> \n<section class=\"p-sectionpadding\">\n   <div class=\"container mx-auto\">\n      <div class=\"relative darklight rounded-2xl p-6 md:p-12 py-16 overflow-hidden\">\n         <!-- Left side box --> \n         <div class=\"flex flex-wrap items-center mt-4\">\n            <div class=\"relative w-full md:w-3\/12\"> <img decoding=\"async\" src=\"\/wp-content\/uploads\/2024\/08\/opencart4.webp\" alt=\"Immagine\" class=\"w-full\"\/> <\/div>\n            <div class=\" w-full md:w-9\/12 pb-4 mt-4 pl-0 md:pl-12\">\n               <h2 class=\"md:text-TitlesemiFontSize text-2xl text-white lg:leading-snug capitalize\">In che modo i <span class=\"font-bold\">servizi di sviluppo Opencart aiutano<\/span> la tua attivit\u00e0 di e-commerce? <\/h2>\n               <p class=\"text-textpara font-light leading-6 offWhite py-3\">Oggi ci sono varie soluzioni di carrello della spesa disponibili nel settore del marketing online. Tra questi, il software per il carrello degli acquisti e-commerce Opencart \u00e8 in realt\u00e0 lo strumento pi\u00f9 accessibile. Oltre a fornire un&#8217;interfaccia semplice da usare ma visivamente accattivante per i portali di e-commerce, offre quasi tutto per trasformare un semplice sito di e-commerce in uno che attrae le vendite.  <\/p>\n               <p class=\"text-textpara font-light leading-6 offWhite pb-3\">Esiste la possibilit\u00e0 per uno sponsor di utilizzare il software MLM e di attirare un numero illimitato di referral. Anche questo pu\u00f2 contribuire molto al loro successo. <\/p>\n            <\/div>\n         <\/div>\n      <\/div>\n   <\/div>\n<\/section>\n<!-- ************************** --> \n<section class=\"p-sectionpadding\">\n   <div class=\"container mx-auto\">\n      <div class=\"flex flex-wrap\">\n         <div class=\"w-full md:w-6\/12\">\n            <h2 class=\"lg:text-TitlesemiFontSize text-2xl titleColor lg:leading-snug mt-3\"> Alcuni dei <span class=\"font-bold\">vantaggi<\/span>  <\/h2>\n         <\/div>\n         <div class=\"w-full flex flex-wrap pt-2 justify-between\">\n            <div class=\"opencartBgDark px-10 py-16 rounded-xl mt-3 w-full lg:w-1\/3 lg:my-4 my-0 lg:mt-[27px] relative overflow-hidden\">\n               <img decoding=\"async\" src=\"\/wp-content\/uploads\/2024\/07\/opencartLogolight.webp\"\/> \n               <p class=\"text-white text-2xl mt-4\"><\/p>\n               <img decoding=\"async\" src=\"\/wp-content\/uploads\/2024\/07\/opencartlightIcon.webp\" class=\"absolute bottom-[-20px] right-[-40px]\"\/> \n            <\/div>\n            <div class=\"w-full lg:w-1\/3 px-0 lg:px-4 lg:py-4 py-0 flex flex-col justify-between pl-0 lg:pl-8\">\n               <div class=\"lighter px-8 py-12 rounded-xl mt-3 text-lg text-center\"> Ampia gamma di prodotti e tipologie, opzioni multilingue e multivaluta, backup e ripristino di emergenza <\/div>\n               <div class=\"lighter px-10 py-[60px] rounded-xl mt-3 text-lg text-center\"> Modelli attraenti accessibili per Opencart. <\/div>\n            <\/div>\n            <div class=\"w-full lg:w-1\/3 px-0 lg:px-4 lg:py-4 py-0 flex flex-col justify-between\">\n               <div class=\"lighter px-7 py-12 rounded-xl mt-3 text-lg text-center\"> SEO friendly grazie a funzionalit\u00e0 intrinseche come etichettatura personalizzata, URL basati sul prodotto e tipi autorizzati <\/div>\n               <div class=\"lighter px-10 py-12 rounded-xl mt-3 text-lg text-center mt-7\"> Il supporto illimitato applicabile tramite la community consente un aiuto regolare per aggiornamenti, segnalazioni di bug, integrazione e supporto concettuale. <\/div>\n            <\/div>\n         <\/div>\n      <\/div>\n   <\/div>\n<\/section>\n<!-- ************************************************************************************* --> \n<section class=\"p-sectionpadding\">\n   <div class=\"container mx-auto\">\n      <div class=\"flex flex-wrap items-center\">\n         <div class=\"w-full darkblue py-12 px-3 lg:px-12 rounded-2xl\">\n            <div class=\"relative z-10 pl-6 lg:pl-0\">\n               <div class=\"text-left lg:text-center\">\n                  <h3 class=\"text-white text-3xl lg:leading-snug capitalize mb-5 w-full md:w-4\/12 mx-auto\"> Perch\u00e9 <span class=\"font-bold\">Cloud MLM<\/span> per lo sviluppo di <span class=\"font-bold\">carrelli aperti? <\/span> <\/h3>\n                  <p class=\"text-white mb-6 w-full lg:w-6\/12 mx-auto font-light\">Il nostro team di sviluppo Opencart \u00e8 dotato di una profonda conoscenza delle seguenti competenze e tecnologie chiave<\/p>\n               <\/div>\n               <div class=\"flex flex-wrap mt-16 w-full md:w-10\/12 mx-auto\">\n                  <div class=\"w-full md:w-1\/2 font-light\">\n                     <ul class=\"flex flex-wrap space-x-2 mt-2 list1 lg:pr-6 pr-0\">\n                        <li class=\"text-textpara offWhite font-light leading-6 mb-3 ml-2\">Siamo esperti in PHP, MySQL, SQL Server, . Net, AJAX, HTML\/CSS, D HTML, XML e Java Script.<\/li>\n                        <li class=\"text-textpara offWhite font-light leading-6 mb-3 ml-2\">Siamo basati sul cliente e siamo noti per la distribuzione tempestiva<\/li>\n                        <li class=\"text-textpara offWhite font-light leading-6 mb-3 ml-2\">Team competente e professionale di sviluppatori Opencart.<\/li>\n                        <li class=\"text-textpara offWhite font-light leading-6 mb-3 ml-2\">Le soluzioni Opencart personalizzate prevedono progetti su larga e piccola scala<\/li>\n                        <li class=\"text-textpara offWhite font-light leading-6 mb-3 ml-2\">Supporto clienti 24 ore su 24, 7 giorni su 7<\/li>\n                     <\/ul>\n                  <\/div>\n                  <div class=\"w-full md:w-1\/2 font-light\">\n                     <ul class=\"flex flex-wrap space-x-2 mt-2 list1\">\n                        <li class=\"text-textpara offWhite font-light leading-6 mb-3 ml-2\">Comunicazione coerente<\/li>\n                        <li class=\"text-textpara offWhite font-light leading-6 mb-3 ml-2\">Ti gestiamo protetto per l&#8217;intera gamma di servizi di sviluppo Opencart<\/li>\n                        <li class=\"text-textpara offWhite font-light leading-6 mb-3 ml-2\">Forniamo prezzi modesti<\/li>\n                        <li class=\"text-textpara offWhite font-light leading-6 mb-3 ml-2\">Integrazione del gateway di pagamento<\/li>\n                        <li class=\"text-textpara offWhite font-light leading-6 mb-3 ml-2\">Soddisfazione del cliente al 100%.<\/li>\n                     <\/ul>\n                  <\/div>\n               <\/div>\n            <\/div>\n         <\/div>\n      <\/div>\n   <\/div>\n<\/section>\n<!-- ************************************************************************************* --> \n<section class=\"p-sectionpadding\">\n   <div class=\"container mx-auto mt-8\">\n      <!-- Left side box --> \n      <div class=\"flex flex-wrap lg:space-x-8\">\n         <div class=\"lg:flex-1 w-full lg:w-4\/12 primaryColor rounded-2xl p-12 pb-0 mb-2\">\n            <h4 class=\"text-3xl text-white lg:leading-snug capitalize\">Le competenze di <span class=\"font-bold\">come societ\u00e0<\/span> di <span class=\"font-bold\">sviluppo Opencart<\/span> <\/h4>\n            <img decoding=\"async\" src=\"\/wp-content\/uploads\/2024\/08\/opencart3.webp\" alt=\"Immagine\" class=\"w-full mt-4 rounded-t-lg\"\/> \n         <\/div>\n         <div class=\"w-full lg:w-8\/12 lighter flex-col flex justify-center rounded-2xl overflow-hidden p-12 mb-2\">\n            <h4 class=\"text-3xl titleColor lg:leading-snug capitalize\"> <span class=\"font-bold\">Con Opencart,<\/span> possiamo <\/h4>\n            <ul class=\"mt-6 lg:pr-6 pr-0\">\n               <li class=\"text-textpara offWhite leading-6 mb-3 flex items-start space-x-2\">\n                  <div class=\"primaryColor p-1 rounded-lg flex items-center justify-center w-8 h-8\"> <img decoding=\"async\" src=\"\/wp-content\/uploads\/2024\/07\/Develop-and-integrate.webp\" width=\"20\" height=\"20\" alt=\"software mlm\"\/> <\/div>\n                  <span class=\"titleColor\">Sviluppa e integra un nuovo tema personalizzato per il tuo negozio online<\/span> \n               <\/li>\n               <li class=\"text-textpara offWhite leading-6 mb-3 flex items-start space-x-2\">\n                  <div class=\"primaryColor p-1 rounded-lg flex items-center justify-center w-8 h-8\"> <img decoding=\"async\" src=\"\/wp-content\/uploads\/2024\/07\/Change-default-modules.webp\" width=\"20\" height=\"20\" alt=\"software mlm\"\/> <\/div>\n                  <span class=\"titleColor\">Modifica i moduli predefiniti in base alle tue esigenze.<\/span> \n               <\/li>\n               <li class=\"text-textpara offWhite leading-6 mb-3 flex items-start space-x-2\">\n                  <div class=\"primaryColor p-1 rounded-lg flex items-center justify-center w-8 h-8\"> <img decoding=\"async\" src=\"\/wp-content\/uploads\/2024\/07\/Create-extra.webp\" width=\"20\" height=\"20\" alt=\"software mlm\"\/> <\/div>\n                  <span class=\"titleColor\">Crea moduli e sviluppi extra personalizzati adatti alle tue esigenze.<\/span> \n               <\/li>\n               <li class=\"text-textpara offWhite leading-6 mb-3 flex items-start space-x-2\">\n                  <div class=\"primaryColor p-1 rounded-lg flex items-center justify-center w-8 h-8\"> <img decoding=\"async\" src=\"\/wp-content\/uploads\/2024\/07\/Debug.webp\" width=\"20\" height=\"20\" alt=\"software mlm\"\/> <\/div>\n                  <span class=\"titleColor\">Esegui il debug del tuo attuale Opencart.<\/span> \n               <\/li>\n               <li class=\"text-textpara offWhite leading-6 mb-3 flex items-start space-x-2\">\n                  <div class=\"primaryColor p-1 rounded-lg flex items-center justify-center w-8 h-8\"> <img decoding=\"async\" src=\"\/wp-content\/uploads\/2024\/07\/Test-your-store.webp\" width=\"20\" height=\"20\" alt=\"software mlm\"\/> <\/div>\n                  <span class=\"titleColor\">Metti alla prova la capacit\u00e0 di stress del tuo negozio<\/span> \n               <\/li>\n            <\/ul>\n         <\/div>\n      <\/div>\n   <\/div>\n<\/section>\n","protected":false},"excerpt":{"rendered":"<p>Sviluppo a carrello aperto fornisce servizi di sviluppo Opencart intelligenti per supportarti nello svolgimento di attivit\u00e0 aziendali complete in modo semplice ed efficace, migliorare le prestazioni del tuo negozio, aumentare la tua percezione nel flusso aziendale e, infine, soddisfare al meglio le esigenze dei tuoi clienti. Prova la demo gratuita Cos&#8217;\u00e8 Opencart? Opencart \u00e8 una [&hellip;]<\/p>\n","protected":false},"author":1,"featured_media":0,"parent":8119,"menu_order":0,"comment_status":"closed","ping_status":"closed","template":"opencart-page.php","meta":{"_acf_changed":false,"footnotes":""},"class_list":["post-13122","page","type-page","status-publish","hentry"],"acf":[],"yoast_head":"<!-- This site is optimized with the Yoast SEO Premium plugin v23.6 (Yoast SEO v25.9) - https:\/\/yoast.com\/wordpress\/plugins\/seo\/ -->\n<title>Servizi di sviluppo Opencart | Costruisci potenti negozi online<\/title>\n<meta name=\"description\" content=\"Servizi di sviluppo Opencart per creare negozi online potenti e personalizzabili. Migliora la funzionalit\u00e0 e l&#039;esperienza utente con soluzioni specializzate.\" \/>\n<meta name=\"robots\" content=\"index, follow, max-snippet:-1, max-image-preview:large, max-video-preview:-1\" \/>\n<link rel=\"canonical\" href=\"https:\/\/cloudmlmsoftware.com\/it\/services\/sviluppo-di-opencart\/\" \/>\n<meta property=\"og:locale\" content=\"it_IT\" \/>\n<meta property=\"og:type\" content=\"article\" \/>\n<meta property=\"og:title\" content=\"sviluppo opencart\" \/>\n<meta property=\"og:description\" content=\"Servizi di sviluppo Opencart per creare negozi online potenti e personalizzabili. Migliora la funzionalit\u00e0 e l&#039;esperienza utente con soluzioni specializzate.\" \/>\n<meta property=\"og:url\" content=\"https:\/\/cloudmlmsoftware.com\/it\/services\/sviluppo-di-opencart\/\" \/>\n<meta property=\"og:site_name\" content=\"Cloud MLM Software\" \/>\n<meta property=\"article:modified_time\" content=\"2024-11-08T09:58:55+00:00\" \/>\n<meta property=\"og:image\" content=\"https:\/\/cloudmlmsoftware.com\/wp-content\/themes\/cloudmlmdemo\/assets\/images\/banner\/ServicesBanner.webp\" \/>\n<meta name=\"twitter:card\" content=\"summary_large_image\" \/>\n<meta name=\"twitter:label1\" content=\"Tempo di lettura stimato\" \/>\n\t<meta name=\"twitter:data1\" content=\"3 minuti\" \/>\n<!-- \/ Yoast SEO Premium plugin. -->","yoast_head_json":{"title":"Servizi di sviluppo Opencart | Costruisci potenti negozi online","description":"Servizi di sviluppo Opencart per creare negozi online potenti e personalizzabili. Migliora la funzionalit\u00e0 e l'esperienza utente con soluzioni specializzate.","robots":{"index":"index","follow":"follow","max-snippet":"max-snippet:-1","max-image-preview":"max-image-preview:large","max-video-preview":"max-video-preview:-1"},"canonical":"https:\/\/cloudmlmsoftware.com\/it\/services\/sviluppo-di-opencart\/","og_locale":"it_IT","og_type":"article","og_title":"sviluppo opencart","og_description":"Servizi di sviluppo Opencart per creare negozi online potenti e personalizzabili. Migliora la funzionalit\u00e0 e l'esperienza utente con soluzioni specializzate.","og_url":"https:\/\/cloudmlmsoftware.com\/it\/services\/sviluppo-di-opencart\/","og_site_name":"Cloud MLM Software","article_modified_time":"2024-11-08T09:58:55+00:00","og_image":[{"url":"https:\/\/cloudmlmsoftware.com\/wp-content\/themes\/cloudmlmdemo\/assets\/images\/banner\/ServicesBanner.webp","type":"","width":"","height":""}],"twitter_card":"summary_large_image","twitter_misc":{"Tempo di lettura stimato":"3 minuti"},"schema":{"@context":"https:\/\/schema.org","@graph":[{"@type":"WebPage","@id":"https:\/\/cloudmlmsoftware.com\/it\/services\/sviluppo-di-opencart\/","url":"https:\/\/cloudmlmsoftware.com\/it\/services\/sviluppo-di-opencart\/","name":"Servizi di sviluppo Opencart | Costruisci potenti negozi online","isPartOf":{"@id":"https:\/\/cloudmlmsoftware.com\/it\/#website"},"primaryImageOfPage":{"@id":"https:\/\/cloudmlmsoftware.com\/it\/services\/sviluppo-di-opencart\/#primaryimage"},"image":{"@id":"https:\/\/cloudmlmsoftware.com\/it\/services\/sviluppo-di-opencart\/#primaryimage"},"thumbnailUrl":"https:\/\/cloudmlmsoftware.com\/wp-content\/themes\/cloudmlmdemo\/assets\/images\/banner\/ServicesBanner.webp","datePublished":"2024-03-21T14:08:07+00:00","dateModified":"2024-11-08T09:58:55+00:00","description":"Servizi di sviluppo Opencart per creare negozi online potenti e personalizzabili. Migliora la funzionalit\u00e0 e l'esperienza utente con soluzioni specializzate.","breadcrumb":{"@id":"https:\/\/cloudmlmsoftware.com\/it\/services\/sviluppo-di-opencart\/#breadcrumb"},"inLanguage":"it-IT","potentialAction":[{"@type":"ReadAction","target":["https:\/\/cloudmlmsoftware.com\/it\/services\/sviluppo-di-opencart\/"]}]},{"@type":"ImageObject","inLanguage":"it-IT","@id":"https:\/\/cloudmlmsoftware.com\/it\/services\/sviluppo-di-opencart\/#primaryimage","url":"https:\/\/cloudmlmsoftware.com\/wp-content\/themes\/cloudmlmdemo\/assets\/images\/banner\/ServicesBanner.webp","contentUrl":"https:\/\/cloudmlmsoftware.com\/wp-content\/themes\/cloudmlmdemo\/assets\/images\/banner\/ServicesBanner.webp"},{"@type":"BreadcrumbList","@id":"https:\/\/cloudmlmsoftware.com\/it\/services\/sviluppo-di-opencart\/#breadcrumb","itemListElement":[{"@type":"ListItem","position":1,"name":"Home","item":"https:\/\/cloudmlmsoftware.com\/it\/"},{"@type":"ListItem","position":2,"name":"Servizi","item":"https:\/\/cloudmlmsoftware.com\/it\/services\/"},{"@type":"ListItem","position":3,"name":"sviluppo opencart"}]},{"@type":"WebSite","@id":"https:\/\/cloudmlmsoftware.com\/it\/#website","url":"https:\/\/cloudmlmsoftware.com\/it\/","name":"Cloud MLM Software","description":"","publisher":{"@id":"https:\/\/cloudmlmsoftware.com\/it\/#organization"},"potentialAction":[{"@type":"SearchAction","target":{"@type":"EntryPoint","urlTemplate":"https:\/\/cloudmlmsoftware.com\/it\/?s={search_term_string}"},"query-input":{"@type":"PropertyValueSpecification","valueRequired":true,"valueName":"search_term_string"}}],"inLanguage":"it-IT"},{"@type":"Organization","@id":"https:\/\/cloudmlmsoftware.com\/it\/#organization","name":"Cloud MLM Software","url":"https:\/\/cloudmlmsoftware.com\/it\/","logo":{"@type":"ImageObject","inLanguage":"it-IT","@id":"https:\/\/cloudmlmsoftware.com\/it\/#\/schema\/logo\/image\/","url":"https:\/\/cloudmlmsoftware.com\/wp-content\/uploads\/2024\/09\/cloudmlm-logo.webp","contentUrl":"https:\/\/cloudmlmsoftware.com\/wp-content\/uploads\/2024\/09\/cloudmlm-logo.webp","width":200,"height":40,"caption":"Cloud MLM Software"},"image":{"@id":"https:\/\/cloudmlmsoftware.com\/it\/#\/schema\/logo\/image\/"}}]}},"_links":{"self":[{"href":"https:\/\/cloudmlmsoftware.com\/it\/wp-json\/wp\/v2\/pages\/13122","targetHints":{"allow":["GET"]}}],"collection":[{"href":"https:\/\/cloudmlmsoftware.com\/it\/wp-json\/wp\/v2\/pages"}],"about":[{"href":"https:\/\/cloudmlmsoftware.com\/it\/wp-json\/wp\/v2\/types\/page"}],"author":[{"embeddable":true,"href":"https:\/\/cloudmlmsoftware.com\/it\/wp-json\/wp\/v2\/users\/1"}],"replies":[{"embeddable":true,"href":"https:\/\/cloudmlmsoftware.com\/it\/wp-json\/wp\/v2\/comments?post=13122"}],"version-history":[{"count":0,"href":"https:\/\/cloudmlmsoftware.com\/it\/wp-json\/wp\/v2\/pages\/13122\/revisions"}],"up":[{"embeddable":true,"href":"https:\/\/cloudmlmsoftware.com\/it\/wp-json\/wp\/v2\/pages\/8119"}],"wp:attachment":[{"href":"https:\/\/cloudmlmsoftware.com\/it\/wp-json\/wp\/v2\/media?parent=13122"}],"curies":[{"name":"wp","href":"https:\/\/api.w.org\/{rel}","templated":true}]}}