{"id":13089,"date":"2024-03-21T13:51:56","date_gmt":"2024-03-21T13:51:56","guid":{"rendered":"https:\/\/cloudmlmsoftware.com\/servizi\/integrazione-delle-commerce\/"},"modified":"2024-11-08T09:53:09","modified_gmt":"2024-11-08T09:53:09","slug":"e-commerce-integration","status":"publish","type":"page","link":"https:\/\/cloudmlmsoftware.com\/it\/services\/e-commerce-integration\/","title":{"rendered":"integrazione dell&#8217;e-commerce"},"content":{"rendered":"\n<div class=\"bannerBgcolor BannerBg pt-16 relative overflow-hidden\">\n   <div class=\"animation-wrapper\">\n      <div class=\"particle particle-1\"><\/div>\n      <div class=\"particle particle-2\"><\/div>\n      <div class=\"particle particle-3\"><\/div>\n      <div class=\"particle particle-4\"><\/div>\n   <\/div>\n   <div class=\"container mx-auto pt-2 md:h-[600px] sm:h-[400px] h-[500px] overflow-hidden relative z-1\">\n      <div class=\"flex flex-wrap items-center\">\n         <div class=\"w-full md:w-10\/12 mx-auto text-center pt-10 mb-8\">\n            <h1 class=\"lg:text-mainTitleFontSize sm:text-3xl text-3xl text-white lg:leading-snug capitalize\"> Integrazione <span class=\"font-bold animate-charcter-offwhite\">dell&#8217;e-commerce<\/span> <\/h1>\n            <p class=\"offWhite pt-3 text-md md:text-lg font-light md:w-11\/12 mx-auto\">Il software \u00e8 fornito in bundle con moduli principali per l&#8217;integrazione con varie soluzioni di e-commerce. Abbiamo un team di esperti incaricato di integrare l&#8217;e-commerce con il software MLM. <\/p>\n<div class=\"w-8\/12 mx-auto text-center pt-6\">\n<a href=\"https:\/\/demo.cloudmlmsoftware.com\" class=\"button primaryColor px-4 py-3 w-[132px] mx-auto rounded-md text-white md:flex text-sm md:text-md sm:block btn1\">Prova \n la demo gratuita <\/a>\n<\/div>\n         <\/div>\n         <div class=\"w-full p-4 relative z-9\">\n<img fetchpriority=\"high\" decoding=\"async\" src=\"https:\/\/cloudmlmsoftware.com\/wp-content\/themes\/cloudmlmdemo\/assets\/images\/banner\/ServicesBanner.webp\" alt=\"software mlm\" width=\"900\" height=\"643\" class=\"mx-auto\"\/>\n<img decoding=\"async\" src=\"\/wp-content\/uploads\/2024\/08\/seraniImg1.webp\" alt=\"software mlm\" width=\"32\" height=\"32\" class=\"sevraniImg sevraniImg1\"\/>\n<img decoding=\"async\" src=\"\/wp-content\/uploads\/2024\/08\/seraniImg2.webp\" alt=\"software mlm\" width=\"20\" height=\"20\" class=\"sevraniImg sevraniImg2\"\/>\n<img loading=\"lazy\" decoding=\"async\" src=\"\/wp-content\/uploads\/2024\/08\/seraniImg3.webp\" alt=\"software mlm\" width=\"28\" height=\"28\" class=\"sevraniImg sevraniImg3\"\/>\n<img loading=\"lazy\" decoding=\"async\" src=\"\/wp-content\/uploads\/2024\/08\/seraniImg4.webp\" alt=\"software mlm\" width=\"24\" height=\"24\" class=\"sevraniImg sevraniImg4\"\/>\n<img loading=\"lazy\" decoding=\"async\" src=\"\/wp-content\/uploads\/2024\/08\/seraniImg5.webp\" alt=\"software mlm\" width=\"34\" height=\"34\" class=\"sevraniImg sevraniImg5\"\/>\n<img loading=\"lazy\" decoding=\"async\" src=\"\/wp-content\/uploads\/2024\/08\/seraniImg6.webp\" alt=\"software mlm\" width=\"24\" height=\"24\" class=\"sevraniImg sevraniImg6\"\/>\n<img loading=\"lazy\" decoding=\"async\" src=\"\/wp-content\/uploads\/2024\/08\/seraniImg7.webp\" alt=\"software mlm\" width=\"24\" height=\"24\" class=\"sevraniImg sevraniImg7\"\/>\n<img loading=\"lazy\" decoding=\"async\" src=\"\/wp-content\/uploads\/2024\/08\/seraniImg8.webp\" alt=\"software mlm\" width=\"24\" height=\"24\" class=\"sevraniImg sevraniImg8\"\/>\n<\/div>\n      <\/div>\n   <\/div>\n<\/div>\n      <!-- ************************************************************************************* --> \n \n<section class=\"p-sectionpadding\">\n   <div class=\"container mx-auto pt-20\">\n<div class=\"relative wordpressBg rounded-2xl p-7 sm:p-12 overflow-hidden mt-20\">\n         <div class=\"flex flex-wrap items-center\">\n            <div class=\"lg:flex-shrink-0 w-full lg:w-6\/12 mt-3 \">\n               <img decoding=\"async\" src=\"\/wp-content\/uploads\/2024\/10\/wordpress-logo.webp\" width=\"180\" height=\"51\" alt=\"software mlm\"\/> \n               <h4 class=\"lg:text-TitlesemiFontSize text-2xl text-slate-950 lg:leading-snug capitalize\"> integrazione<\/h4>\n               <p class=\"text-textpara text-slate-950 font-light leading-6 py-3 pt-3 \">WordPress \u00e8 un sistema di gestione dei contenuti versatile e ampiamente utilizzato, ma personalizzarlo e integrarlo con altre piattaforme pu\u00f2 essere impegnativo. Il nostro team \u00e8 specializzato nello sviluppo di WordPress, inclusa la progettazione di temi personalizzati, l&#8217;integrazione API e la conversione di siti Web esistenti in WordPress. \n<\/p>\n               <p class=\"text-textpara text-slate-950 font-light leading-6 py-3 pt-3\">Con un processo di sviluppo strutturato e una lista di controllo dettagliata, garantiamo un&#8217;integrazione impeccabile di WordPress. Il tuo sito web sar\u00e0 ottimizzato per le prestazioni, privo di bug e supportato anche dopo il lancio. <\/p>\n             <p class=\"text-textpara text-slate-950 font-light leading-6 py-3 pt-3\">Abbiamo un accordo? Ulteriori informazioni sullo <a class=\"transition-transform transform-gpu hover:scale-[1.02] wordpressTextColor cursor-pointer\" href=\"https:\/\/cloudmlmsoftware.com\/it\/services\/integrazione-woocommerce-con-cloud-mlm-software\/\"><b>sviluppo di WordPress.<\/b><\/a> <\/p>\n            <\/div>\n            <div class=\"w-full lg:w-6\/12\">\n               <h4 class=\"text-md text-slate-950 font-light leading-6 py-3 pl-0 sm:pl-10\"> Perch\u00e9 scegliere il nostro WordPress?<\/h4>\n               <ul class=\"mt-4 block pl-0 sm:pl-10\">\n                  <li class=\"flex items-center space-x-2 bg-white duration-300 py-3 px-4 rounded-xl mb-3 w-full md:w-auto\"> <img decoding=\"async\" src=\"\/wp-content\/uploads\/2024\/07\/list1.webp\" width=\"20\" height=\"20\" alt=\"software mlm\"\/> <b class=\"font-normal text-slate-950 text-sm\">Converti PSD in temi WordPress personalizzati<\/b> <\/li>\n                  <li class=\"flex items-center space-x-2 bg-white duration-300 py-3 px-4 rounded-xl mb-3 w-full md:w-auto\"> <img decoding=\"async\" src=\"\/wp-content\/uploads\/2024\/07\/list1.webp\" width=\"20\" height=\"20\" alt=\"software mlm\"\/> <b class=\"font-normal text-slate-950 text-sm\">Progetta e sviluppa temi WordPress personalizzati<\/b> <\/li>\n                  <li class=\"flex items-center space-x-2 bg-white duration-300 py-3 px-4 rounded-xl mb-3 w-full md:w-auto\"> <img decoding=\"async\" src=\"\/wp-content\/uploads\/2024\/07\/list1.webp\" width=\"20\" height=\"20\" alt=\"software mlm\"\/> <b class=\"font-normal text-slate-950 text-sm\">Integra WordPress con varie API<\/b> <\/li>\n                  <li class=\"flex items-center space-x-2 bg-white duration-300 py-3 px-4 rounded-xl mb-3 w-full md:w-auto\"> <img decoding=\"async\" src=\"\/wp-content\/uploads\/2024\/07\/list1.webp\" width=\"20\" height=\"20\" alt=\"software mlm\"\/> <b class=\"font-normal text-slate-950 text-sm\">Integra WordPress con il software MLM<\/b> <\/li>\n               <\/ul>\n            <\/div>\n         <\/div>\n      <\/div>\n<!-- ************************************************************************************* --> \n\n      <div class=\"relative opencartBg rounded-2xl p-7 sm:p-12 overflow-hidden mt-20\">\n         <div class=\"flex flex-wrap items-center lg:flex-row flex-col-reverse\">\n            <div class=\"w-full lg:w-6\/12\">\n               <h2 class=\"text-lg text-slate-950 font-light leading-6 py-3 pr-0 sm:pr-10\"> Offriamo pratiche di codifica di alto livello per tutti i nostri prodotti. Possiamo: <\/h2>\n               <ul class=\"mt-4 block pr-0 sm:pr-10\">\n                  <li class=\"flex items-center space-x-2 bg-white duration-300 py-3 px-4 rounded-xl mb-3 w-full md:w-auto\"> <img decoding=\"async\" src=\"\/wp-content\/uploads\/2024\/07\/list1.webp\" width=\"20\" height=\"20\" alt=\"software mlm\"\/> <b class=\"font-normal text-slate-950 text-sm\">Converti PSD in modello opencart.<\/b> <\/li>\n                  <li class=\"flex items-center space-x-2 bg-white duration-300 py-3 px-4 rounded-xl mb-3 w-full md:w-auto\"> <img decoding=\"async\" src=\"\/wp-content\/uploads\/2024\/07\/list1.webp\" width=\"20\" height=\"20\" alt=\"software mlm\"\/> <b class=\"font-normal text-slate-950 text-sm\">Progetta e sviluppa un modello opencart da zero.<\/b> <\/li>\n                  <li class=\"flex items-center space-x-2 bg-white duration-300 py-3 px-4 rounded-xl mb-3 w-full md:w-auto\"> <img decoding=\"async\" src=\"\/wp-content\/uploads\/2024\/07\/list1.webp\" width=\"20\" height=\"20\" alt=\"software mlm\"\/> <b class=\"font-normal text-slate-950 text-sm\">Integra opencart con varie API,<\/b> <\/li>\n                  <li class=\"flex items-center space-x-2 bg-white duration-300 py-3 px-4 rounded-xl mb-3 w-full md:w-auto\"> <img decoding=\"async\" src=\"\/wp-content\/uploads\/2024\/07\/list1.webp\" width=\"20\" height=\"20\" alt=\"software mlm\"\/> <b class=\"font-normal text-slate-950 text-sm\">Integra opencart con il software MLM.<\/b> <\/li>\n               <\/ul>\n            <\/div>\n            <div class=\"lg:flex-shrink-0 w-full lg:w-6\/12 mt-3\">\n               <img decoding=\"async\" src=\"\/wp-content\/uploads\/2024\/07\/opencart-logo.webp\" width=\"260\" height=\"51\" alt=\"software mlm\"\/> \n               <h3 class=\"lg:text-TitlesemiFontSize text-2xl text-slate-950 lg:leading-snug capitalize\"> Sviluppo <\/h3>\n               <p class=\"text-textpara contentColor font-light leading-6 py-3 pt-3 text-slate-950\">Opencart \u00e8 il sistema di e-commerce pi\u00f9 popolare e flessibile in circolazione. \u00c8 open source, gratuito da usare anche se potresti trovare difficile personalizzarlo secondo le tue necessit\u00e0. Disponiamo di un team di esperti per lo sviluppo di carrelli aperti, che include la progettazione, l&#8217;integrazione e la conversione di modelli opencart personalizzati in altri siti Web di e-commerce esistenti in opencart.  <\/p>\n               <p class=\"text-textpara text-slate-950 font-light leading-6 py-3 pt-3\">Con una serie di regole fisse e una lista di controllo per lo sviluppo di Opencart, lo facciamo perfettamente. quindi non \u00e8 mai difettoso e isolato dopo la produzione.  <\/p>\n               <p class=\"text-textpara text-slate-950 font-light leading-6 py-3 pt-3\">Leggi il processo di sviluppo nella pagina di <a class=\"opencartTextColor cursor-pointer\" href=\"https:\/\/cloudmlmsoftware.com\/it\/services\/sviluppo-di-opencart\/\"><b>sviluppo di Opencart.<\/b><\/a><\/p>\n            <\/div>\n         <\/div>\n      <\/div>\n      <!-- ************************************************************************************* --> \n      <div class=\"relative magentotBg rounded-2xl p-7 sm:p-12 overflow-hidden mt-20\">\n         <div class=\"flex flex-wrap items-center\">\n            <div class=\"lg:flex-shrink-0 w-full lg:w-6\/12 mt-3 \">\n               <img decoding=\"async\" src=\"\/wp-content\/uploads\/2024\/07\/Magento-logo.webp\" width=\"180\" height=\"51\" alt=\"software mlm\"\/> \n               <h4 class=\"lg:text-TitlesemiFontSize text-2xl text-slate-950 lg:leading-snug capitalize\"> Sviluppo <\/h4>\n               <p class=\"text-textpara text-slate-950 font-light leading-6 py-3 pt-3 \">Magento \u00e8 stato riconosciuto come il preferito degli ultimi anni. con la sua elevata scalabilit\u00e0 e sicurezza, Magento sta raggiungendo la prima fila delle soluzioni di e-commerce. <\/p>\n               <p class=\"text-textpara text-slate-950 font-light leading-6 py-3 pt-3\">Lo sviluppo di Magento avviene attraverso una pianificazione e un&#8217;esecuzione approfondite, ma non preoccuparti, prendiamo sul serio la tua attivit\u00e0, miglioriamo la tua attivit\u00e0 dal nostro punto di vista. <\/p>\n               <p class=\"text-textpara text-slate-950 font-light leading-6 py-3 pt-3\">Abbiamo un accordo? Maggiori informazioni sulla <a class=\"transition-transform transform-gpu hover:scale-[1.02] magentoTextColor cursor-pointer\" href=\"\"><b>pagina di sviluppo di Magento.<\/b><\/a> <\/p>\n            <\/div>\n            <div class=\"w-full lg:w-6\/12\">\n               <h4 class=\"text-md text-slate-950 font-light leading-6 py-3 pl-0 sm:pl-10\"> Lo sviluppo di Magento \u00e8 gestito da un gruppo di programmatori di talento che ti semplificano lo sviluppo di Magento. Qui possiamo: <\/h4>\n               <ul class=\"mt-4 block pl-0 sm:pl-10\">\n                  <li class=\"flex items-center space-x-2 bg-white duration-300 py-3 px-4 rounded-xl mb-3 w-full md:w-auto\"> <img decoding=\"async\" src=\"\/wp-content\/uploads\/2024\/07\/list1.webp\" width=\"20\" height=\"20\" alt=\"software mlm\"\/> <b class=\"font-normal text-slate-950 text-sm\">Sviluppa il modello PSD in Magento<\/b> <\/li>\n                  <li class=\"flex items-center space-x-2 bg-white duration-300 py-3 px-4 rounded-xl mb-3 w-full md:w-auto\"> <img decoding=\"async\" src=\"\/wp-content\/uploads\/2024\/07\/list1.webp\" width=\"20\" height=\"20\" alt=\"software mlm\"\/> <b class=\"font-normal text-slate-950 text-sm\">Progetta e sviluppa template Magento<\/b> <\/li>\n                  <li class=\"flex items-center space-x-2 bg-white duration-300 py-3 px-4 rounded-xl mb-3 w-full md:w-auto\"> <img decoding=\"async\" src=\"\/wp-content\/uploads\/2024\/07\/list1.webp\" width=\"20\" height=\"20\" alt=\"software mlm\"\/> <b class=\"font-normal text-slate-950 text-sm\">Integra Magento con varie API<\/b> <\/li>\n                  <li class=\"flex items-center space-x-2 bg-white duration-300 py-3 px-4 rounded-xl mb-3 w-full md:w-auto\"> <img decoding=\"async\" src=\"\/wp-content\/uploads\/2024\/07\/list1.webp\" width=\"20\" height=\"20\" alt=\"software mlm\"\/> <b class=\"font-normal text-slate-950 text-sm\">Integra Magento con il software MLM<\/b> <\/li>\n               <\/ul>\n            <\/div>\n         <\/div>\n      <\/div>\n      <!-- ************************************************************************************* --> \n      <div class=\"relative shopifyBg rounded-2xl p-7 sm:p-12 overflow-hidden mt-20\">\n         <div class=\"flex flex-wrap items-center\">\n            <div class=\"w-full lg:w-6\/12\">\n               <h4 class=\"text-md text-slate-950 font-light leading-6 py-3 pr-0 sm:pr-10\"> Il nostro approccio meticoloso, guidato da un insieme strutturato di regole e da una lista di controllo approfondita, garantisce che i nostri progetti di sviluppo Shopify vengano eseguiti in modo impeccabile, risultando in integrazioni stabili ed efficienti. <\/h4>\n               <ul class=\"mt-4 block pr-0 sm:pr-10\">\n                  <li class=\"flex items-center space-x-2 bg-white duration-300 py-3 px-4 rounded-xl mb-3 w-full md:w-auto\"> <img decoding=\"async\" src=\"\/wp-content\/uploads\/2024\/07\/list1.webp\" width=\"20\" height=\"20\" alt=\"software mlm\"\/> <b class=\"font-normal text-slate-950 text-sm\">Modelli Shopify personalizzati<\/b> <\/li>\n                  <li class=\"flex items-center space-x-2 bg-white duration-300 py-3 px-4 rounded-xl mb-3 w-full md:w-auto\"> <img decoding=\"async\" src=\"\/wp-content\/uploads\/2024\/07\/list1.webp\" width=\"20\" height=\"20\" alt=\"software mlm\"\/> <b class=\"font-normal text-slate-950 text-sm\">Progettazione di modelli su misura<\/b> <\/li>\n                  <li class=\"flex items-center space-x-2 bg-white duration-300 py-3 px-4 rounded-xl mb-3 w-full md:w-auto\"> <img decoding=\"async\" src=\"\/wp-content\/uploads\/2024\/07\/list1.webp\" width=\"20\" height=\"20\" alt=\"software mlm\"\/> <b class=\"font-normal text-slate-950 text-sm\">Integrazione API<\/b> <\/li>\n                  <li class=\"flex items-center space-x-2 bg-white duration-300 py-3 px-4 rounded-xl mb-3 w-full md:w-auto\"> <img decoding=\"async\" src=\"\/wp-content\/uploads\/2024\/07\/list1.webp\" width=\"20\" height=\"20\" alt=\"software mlm\"\/> <b class=\"font-normal text-slate-950 text-sm\">Integrazione del software MLM<\/b> <\/li>\n               <\/ul>\n            <\/div>\n            <div class=\"lg:flex-shrink-0 w-full lg:w-6\/12 mt-3 \">\n               <img decoding=\"async\" src=\"\/wp-content\/uploads\/2024\/08\/Shopify_Logo.webp\" width=\"180\" height=\"51\" alt=\"software mlm\"\/> \n               <h4 class=\"lg:text-TitlesemiFontSize text-2xl text-slate-950 lg:leading-snug capitalize\"> Integrazione <\/h4>\n               <p class=\"text-textpara text-slate-950 font-light leading-6 py-3 pt-3 \">Integrazione e-commerce con Shopify tramite il software Cloud MLM<\/p>\n               <p class=\"text-textpara text-slate-950 font-light leading-6 py-3 pt-3\">Shopify si distingue come una piattaforma di e-commerce leader nota per la sua versatilit\u00e0 e l&#8217;interfaccia user-friendly. Tuttavia, personalizzarlo per soddisfare specifici requisiti aziendali pu\u00f2 essere un compito complesso. Presso Cloud MLM Software, il nostro team di esperti eccelle nello sviluppo di Shopify, offrendo servizi che vanno dalla progettazione di modelli personalizzati alla perfetta integrazione dei siti Web di e-commerce esistenti in Shopify.   <\/p>\n               <p class=\"text-textpara text-slate-950 font-light leading-6 py-3 pt-3\">Per approfondimenti dettagliati sul nostro processo di sviluppo, visita la nostra <a class=\"transition-transform transform-gpu hover:scale-[1.02] shopifyTextColor cursor-pointer\" href=\"https:\/\/cloudmlmsoftware.com\/it\/services\/integrazione-di-shopify-nel-software-cloud-mlm\/\"><b>pagina Sviluppo Shopify.<\/b><\/a><\/p>\n            <\/div>\n         <\/div>\n      <\/div>\n      <!-- ************************************************************************************* --> \n   <\/div>\n<\/section>\n","protected":false},"excerpt":{"rendered":"<p>Integrazione dell&#8217;e-commerce Il software \u00e8 fornito in bundle con moduli principali per l&#8217;integrazione con varie soluzioni di e-commerce. Abbiamo un team di esperti incaricato di integrare l&#8217;e-commerce con il software MLM. Prova la demo gratuita integrazione WordPress \u00e8 un sistema di gestione dei contenuti versatile e ampiamente utilizzato, ma personalizzarlo e integrarlo con altre piattaforme [&hellip;]<\/p>\n","protected":false},"author":1,"featured_media":0,"parent":8119,"menu_order":0,"comment_status":"closed","ping_status":"closed","template":"ecommerse-page.php","meta":{"_acf_changed":false,"footnotes":""},"class_list":["post-13089","page","type-page","status-publish","hentry"],"acf":[],"yoast_head":"<!-- This site is optimized with the Yoast SEO Premium plugin v23.6 (Yoast SEO v25.9) - https:\/\/yoast.com\/wordpress\/plugins\/seo\/ -->\n<title>Servizi di integrazione e-commerce | Soluzioni online senza soluzione di continuit\u00e0<\/title>\n<meta name=\"description\" content=\"Servizi di integrazione e-commerce per connettere perfettamente il tuo negozio. Aumenta l&#039;efficienza, semplifica le operazioni e migliora l&#039;esperienza dell&#039;utente.\" \/>\n<meta name=\"robots\" content=\"index, follow, max-snippet:-1, max-image-preview:large, max-video-preview:-1\" \/>\n<link rel=\"canonical\" href=\"https:\/\/cloudmlmsoftware.com\/it\/services\/e-commerce-integration\/\" \/>\n<meta property=\"og:locale\" content=\"it_IT\" \/>\n<meta property=\"og:type\" content=\"article\" \/>\n<meta property=\"og:title\" content=\"integrazione dell&#039;e-commerce\" \/>\n<meta property=\"og:description\" content=\"Servizi di integrazione e-commerce per connettere perfettamente il tuo negozio. Aumenta l&#039;efficienza, semplifica le operazioni e migliora l&#039;esperienza dell&#039;utente.\" \/>\n<meta property=\"og:url\" content=\"https:\/\/cloudmlmsoftware.com\/it\/services\/e-commerce-integration\/\" \/>\n<meta property=\"og:site_name\" content=\"Cloud MLM Software\" \/>\n<meta property=\"article:modified_time\" content=\"2024-11-08T09:53:09+00:00\" \/>\n<meta property=\"og:image\" content=\"https:\/\/cloudmlmsoftware.com\/wp-content\/themes\/cloudmlmdemo\/assets\/images\/banner\/ServicesBanner.webp\" \/>\n<meta name=\"twitter:card\" content=\"summary_large_image\" \/>\n<meta name=\"twitter:label1\" content=\"Tempo di lettura stimato\" \/>\n\t<meta name=\"twitter:data1\" content=\"7 minuti\" \/>\n<!-- \/ Yoast SEO Premium plugin. -->","yoast_head_json":{"title":"Servizi di integrazione e-commerce | Soluzioni online senza soluzione di continuit\u00e0","description":"Servizi di integrazione e-commerce per connettere perfettamente il tuo negozio. Aumenta l'efficienza, semplifica le operazioni e migliora l'esperienza dell'utente.","robots":{"index":"index","follow":"follow","max-snippet":"max-snippet:-1","max-image-preview":"max-image-preview:large","max-video-preview":"max-video-preview:-1"},"canonical":"https:\/\/cloudmlmsoftware.com\/it\/services\/e-commerce-integration\/","og_locale":"it_IT","og_type":"article","og_title":"integrazione dell'e-commerce","og_description":"Servizi di integrazione e-commerce per connettere perfettamente il tuo negozio. Aumenta l'efficienza, semplifica le operazioni e migliora l'esperienza dell'utente.","og_url":"https:\/\/cloudmlmsoftware.com\/it\/services\/e-commerce-integration\/","og_site_name":"Cloud MLM Software","article_modified_time":"2024-11-08T09:53:09+00:00","og_image":[{"url":"https:\/\/cloudmlmsoftware.com\/wp-content\/themes\/cloudmlmdemo\/assets\/images\/banner\/ServicesBanner.webp","type":"","width":"","height":""}],"twitter_card":"summary_large_image","twitter_misc":{"Tempo di lettura stimato":"7 minuti"},"schema":{"@context":"https:\/\/schema.org","@graph":[{"@type":"WebPage","@id":"https:\/\/cloudmlmsoftware.com\/it\/services\/e-commerce-integration\/","url":"https:\/\/cloudmlmsoftware.com\/it\/services\/e-commerce-integration\/","name":"Servizi di integrazione e-commerce | Soluzioni online senza soluzione di continuit\u00e0","isPartOf":{"@id":"https:\/\/cloudmlmsoftware.com\/it\/#website"},"primaryImageOfPage":{"@id":"https:\/\/cloudmlmsoftware.com\/it\/services\/e-commerce-integration\/#primaryimage"},"image":{"@id":"https:\/\/cloudmlmsoftware.com\/it\/services\/e-commerce-integration\/#primaryimage"},"thumbnailUrl":"https:\/\/cloudmlmsoftware.com\/wp-content\/themes\/cloudmlmdemo\/assets\/images\/banner\/ServicesBanner.webp","datePublished":"2024-03-21T13:51:56+00:00","dateModified":"2024-11-08T09:53:09+00:00","description":"Servizi di integrazione e-commerce per connettere perfettamente il tuo negozio. Aumenta l'efficienza, semplifica le operazioni e migliora l'esperienza dell'utente.","breadcrumb":{"@id":"https:\/\/cloudmlmsoftware.com\/it\/services\/e-commerce-integration\/#breadcrumb"},"inLanguage":"it-IT","potentialAction":[{"@type":"ReadAction","target":["https:\/\/cloudmlmsoftware.com\/it\/services\/e-commerce-integration\/"]}]},{"@type":"ImageObject","inLanguage":"it-IT","@id":"https:\/\/cloudmlmsoftware.com\/it\/services\/e-commerce-integration\/#primaryimage","url":"https:\/\/cloudmlmsoftware.com\/wp-content\/themes\/cloudmlmdemo\/assets\/images\/banner\/ServicesBanner.webp","contentUrl":"https:\/\/cloudmlmsoftware.com\/wp-content\/themes\/cloudmlmdemo\/assets\/images\/banner\/ServicesBanner.webp"},{"@type":"BreadcrumbList","@id":"https:\/\/cloudmlmsoftware.com\/it\/services\/e-commerce-integration\/#breadcrumb","itemListElement":[{"@type":"ListItem","position":1,"name":"Home","item":"https:\/\/cloudmlmsoftware.com\/it\/"},{"@type":"ListItem","position":2,"name":"Servizi","item":"https:\/\/cloudmlmsoftware.com\/it\/services\/"},{"@type":"ListItem","position":3,"name":"integrazione dell&#8217;e-commerce"}]},{"@type":"WebSite","@id":"https:\/\/cloudmlmsoftware.com\/it\/#website","url":"https:\/\/cloudmlmsoftware.com\/it\/","name":"Cloud MLM Software","description":"","publisher":{"@id":"https:\/\/cloudmlmsoftware.com\/it\/#organization"},"potentialAction":[{"@type":"SearchAction","target":{"@type":"EntryPoint","urlTemplate":"https:\/\/cloudmlmsoftware.com\/it\/?s={search_term_string}"},"query-input":{"@type":"PropertyValueSpecification","valueRequired":true,"valueName":"search_term_string"}}],"inLanguage":"it-IT"},{"@type":"Organization","@id":"https:\/\/cloudmlmsoftware.com\/it\/#organization","name":"Cloud MLM Software","url":"https:\/\/cloudmlmsoftware.com\/it\/","logo":{"@type":"ImageObject","inLanguage":"it-IT","@id":"https:\/\/cloudmlmsoftware.com\/it\/#\/schema\/logo\/image\/","url":"https:\/\/cloudmlmsoftware.com\/wp-content\/uploads\/2024\/09\/cloudmlm-logo.webp","contentUrl":"https:\/\/cloudmlmsoftware.com\/wp-content\/uploads\/2024\/09\/cloudmlm-logo.webp","width":200,"height":40,"caption":"Cloud MLM Software"},"image":{"@id":"https:\/\/cloudmlmsoftware.com\/it\/#\/schema\/logo\/image\/"}}]}},"_links":{"self":[{"href":"https:\/\/cloudmlmsoftware.com\/it\/wp-json\/wp\/v2\/pages\/13089","targetHints":{"allow":["GET"]}}],"collection":[{"href":"https:\/\/cloudmlmsoftware.com\/it\/wp-json\/wp\/v2\/pages"}],"about":[{"href":"https:\/\/cloudmlmsoftware.com\/it\/wp-json\/wp\/v2\/types\/page"}],"author":[{"embeddable":true,"href":"https:\/\/cloudmlmsoftware.com\/it\/wp-json\/wp\/v2\/users\/1"}],"replies":[{"embeddable":true,"href":"https:\/\/cloudmlmsoftware.com\/it\/wp-json\/wp\/v2\/comments?post=13089"}],"version-history":[{"count":0,"href":"https:\/\/cloudmlmsoftware.com\/it\/wp-json\/wp\/v2\/pages\/13089\/revisions"}],"up":[{"embeddable":true,"href":"https:\/\/cloudmlmsoftware.com\/it\/wp-json\/wp\/v2\/pages\/8119"}],"wp:attachment":[{"href":"https:\/\/cloudmlmsoftware.com\/it\/wp-json\/wp\/v2\/media?parent=13089"}],"curies":[{"name":"wp","href":"https:\/\/api.w.org\/{rel}","templated":true}]}}