{"id":12378,"date":"2024-05-22T13:37:59","date_gmt":"2024-05-22T13:37:59","guid":{"rendered":"https:\/\/cloudmlmsoftware.com\/risponditore-automatico\/"},"modified":"2024-11-08T04:45:35","modified_gmt":"2024-11-08T04:45:35","slug":"risponditore-automatico","status":"publish","type":"page","link":"https:\/\/cloudmlmsoftware.com\/it\/risponditore-automatico\/","title":{"rendered":"risponditore automatico"},"content":{"rendered":"\n<div class=\"bannerBgcolor BannerBg pt-16 pb-20 relative overflow-hidden\">\n        <div class=\"animation-wrapper\">\n            <div class=\"particle particle-1\"><\/div>\n            <div class=\"particle particle-2\"><\/div>\n            <div class=\"particle particle-3\"><\/div>\n            <div class=\"particle particle-4\"><\/div>\n        <\/div>\n\n        <div class=\"container mx-auto xl:h-[504px] lg:h-[450px] h-auto relative z-1\">\n            <div class=\"flex flex-wrap items-center\">\n                <div class=\"md:basis-5\/12 sm:basis-12\/12 pr-4 pr-0 py-14\">\n                    <img decoding=\"async\" src=\"\/wp-content\/uploads\/2024\/08\/Modulesbanner.webp\" width=\"467\" height=\"411\" alt=\"miglior software mlm negli Stati Uniti\" class=\"pulseBannerImg\"\/>\n                <\/div>\n                <div class=\"md:basis-7\/12 sm:basis-12\/12\">\n                    <h1 class=\"lg:text-mainTitleFontSize sm:text-3xl text-3xl text-white lg:leading-snug \"> <span class=\"font-bold animate-charcter-offwhite\">risponditore<\/span> automatico \n                    <\/h1>\n\n\n                    <p class=\"offlightWhite pt-3 text-md\">La risposta automatica \u00e8 un programma software utilizzato per inviare e-mail automaticamente in base a pianificazioni o opzioni definite da un utente amministratore.<\/p>\n                <\/div>\n\n            <\/div>\n        <\/div>\n    <\/div>\n    <!-- ************************************************************************************* -->\n\n    <section class=\"p-sectionpadding\">\n        <div class=\"container mx-auto pt-20\">\n            <div class=\"flex flex-wrap items-start md:items-center flex-col-reverse md:flex-row\">\n                <div class=\"flex-1 w-full pr-0 md:pr-7 pr-0 mt-3\">\n                    <div class=\"relative\">\n\n                        <h2 class=\"lg:text-TitlesemiFontSize text-2xl titleColor lg:leading-snug capitalize\"> Cos&#8217;\u00e8 un <span class=\"font-bold\">risponditore automatico?<\/span>\n                        <\/h2>\n\n                        <p class=\"pt-6 font-light leading-6 text-textpara contentColor\">Un utente amministratore pu\u00f2 impostare l&#8217;ora, l&#8217;oggetto e le opzioni avanzate nel pannello di amministrazione e promuovere la tua attivit\u00e0 tramite e-mail automatizzate. \u00c8 anche definito uno strumento di email marketing, detto ci\u00f2, il sistema pu\u00f2 inviare automaticamente messaggi personalizzati o messaggi dinamici in un intervallo.  <\/p>\n                        <p class=\"pt-6 font-light leading-6 text-textpara contentColor\">Un software MLM con risponditore automatico potrebbe essere una buona scelta per te se hai intenzione di inviare e-mail dal tuo sistema. Nel software Cloud MLM, puoi utilizzare il modulo di risposta automatica in tutte le sue possibilit\u00e0. Abbiamo anche ottimizzato il sistema per una migliore velocit\u00e0 e precisione. questo modulo pu\u00f2 essere facilmente gestito dal lato amministratore.    <\/p>\n                    <\/div>\n                <\/div>\n                <div class=\"hidden lg:flex items-end justify-right w-[360px] primaryColor rounded-2xl pt-20 pl-10 ml-0 md:ml-10 mb-2 pb-0 overflow-hidden mt-3\">\n                    <img decoding=\"async\" src=\"\/wp-content\/uploads\/2024\/08\/atursondrIntro.webp\" alt=\"Immagine\" class=\"relative right-[-10px] w-full\"\/>\n                <\/div>\n            <\/div>\n        <\/div>\n    <\/section>\n\n    <!-- ================================================================================================ -->\n    <section class=\"p-sectionpadding\">\n        <div class=\"container mx-auto \">\n            <div class=\"relative darkblue rounded-2xl p-7 lg:p-12 py-16 overflow-hidden\">\n                <div class=\"flex flex-wrap items-center\">\n\n                    <div class=\"relative w-full lg:w-5\/12 pr-0 lg:pr-12\">\n                        <img decoding=\"async\" src=\"\/wp-content\/uploads\/2024\/08\/moduleautoresponder2.webp\" alt=\"Immagine\" class=\"mb-4 w-full\"\/>\n                    <\/div>\n\n                    <div class=\"lg:flex-shrink-0 w-full lg:w-7\/12 \">\n                        <h3 class=\"text-3xl text-white lg:leading-snug capitalize\">\n                             <span class=\"font-bold\">Caratteristiche<\/span> del modulo di <span class=\"font-bold\">risposta automatica <\/span> <\/h3>\n                        <ul class=\"flex flex-wrap space-x-2 mt-4 ml-[-12px] list1 mt-6\">\n                            <li class=\"text-textpara text-white font-light leading-6 mb-3 ml-2\">Questo robusto sistema ti consente di migliorare, guidare e trarre profitto facilmente dai tuoi elenchi di email marketing. <\/li>\n                            <li class=\"text-textpara text-white font-light leading-6 mb-3 ml-2\">Utilizzando le risposte automatiche per l&#8217;email marketing di Cloud MLM, tutti, come aziende, organizzazioni, club, uomini d&#8217;affari e professionisti da casa, possono facilmente rimanere in contatto con i propri clienti, promesse e membri da qualsiasi computer in qualsiasi parte del mondo.<\/li>\n                            <li class=\"text-textpara text-white font-light leading-6 mb-3 ml-2\">Puoi aggiungere partecipanti al sistema di risposta automatica e rimuoverli quando necessario.<\/li>\n                            <li class=\"text-textpara text-white font-light leading-6 mb-3 ml-2\">Il suo sistema cron automatizzato funziona 24 ore su 24, 7 giorni su 7 e utilizza solo bit di memoria per funzionare in background.<\/li>\n                            <li class=\"text-textpara text-white font-light leading-6 mb-3 ml-2\">Una volta ricevuta la configurazione del risponditore automatico, funziona con il pilota automatico.<\/li>\n                        <\/ul>\n                    <\/div>\n                <\/div>\n            <\/div>\n        <\/div>\n    <\/section>\n\n    <!-- ************************************************************************************* -->\n\n    <section class=\"p-sectionpadding\">\n        <div class=\"container mx-auto\">\n            <div class=\"flex flex-wrap\">\n                <div class=\"w-full\">\n                    <h3 class=\"lg:text-TitlesemiFontSize text-2xl titleColor lg:leading-snug mt-3\"> Alcuni dei <span class=\"font-bold\">vantaggi<\/span> \n                    <\/h3>\n                    <p class=\"text-textSubtitle contentColor text-sm font-light pt-5 leading-6 mb-3\"> La funzione di risposta automatica del nostro software Cloud MLM \u00e8 progettata per semplificare la comunicazione e migliorare il coinvolgimento con la tua rete. Questo strumento invia automaticamente risposte o messaggi tempestivi e pertinenti ai tuoi contatti e clienti, garantendo un&#8217;interazione continua senza sforzi manuali. Automatizzando follow-up, conferme e messaggi promozionali, riduce significativamente i tempi di risposta e aumenta l&#8217;efficienza. Ci\u00f2 ti consente di mantenere una presenza coerente con i tuoi contatti, portando a una migliore soddisfazione del cliente e tassi di conversione pi\u00f9 elevati. Che tu stia coltivando lead o supportando clienti esistenti, il nostro risponditore automatico garantisce che la tua attivit\u00e0 MLM comunichi in modo efficace e tempestivo.     <\/p>\n                <\/div>\n\n                <div class=\"w-full flex flex-wrap pt-2 justify-between\">\n\n\n                    <div class=\"w-full lg:w-1\/3 pr-0 lg:pr-5 lg:py-4 py-0 flex flex-col justify-between\">\n                        <div class=\"lighter px-7 py-8 rounded-xl mt-3 text-lg h-full flex flex-col justify-center\">\n                            <h4 class=\"text-xl titleColor lg:leading-snug mb-3 font-semibold mb-2\">Cattura il nome<\/h4>\n                            <p class=\"text-textSubtitle contentColor text-sm font-light leading-6\">Prendendo nomi, indirizzi e-mail e persino numeri di telefono.<\/p>\n                        <\/div>\n                        <div class=\"darkblue px-7 py-8 rounded-xl mt-4 text-lg h-full\">\n                            <h4 class=\"text-xl text-white lg:leading-snug mb-4 font-semibold mt-2\">Collegamento ai social media <\/h4>\n                            <p class=\"text-textSubtitle text-white text-sm font-light leading-6\">Ottieni titoli e intestazioni migliori e potresti ottenere pi\u00f9 persone<\/p>\n                        <\/div>\n                    <\/div>\n\n                    <div class=\"w-full lg:w-1\/3 pr-0 lg:pr-5 lg:py-4 py-0 flex flex-col justify-between\">\n                        <div class=\"primaryColor px-7 py-8 rounded-xl mt-3 text-lg h-full \">\n                            <h4 class=\"text-xl text-white lg:leading-snug mb-3 font-semibold mb-2\">Invia e-mail trasmesse <\/h4>\n                            <p class=\"text-textSubtitle text-white text-sm font-light leading-6\">Quando vuoi inviare un&#8217;e-mail in una data specifica, non devi sederti e inviare quel giorno, aggiungi invece all&#8217;elenco l&#8217;e-mail da inviare. Ci\u00f2 \u00e8 molto significativo quando si avvia un nuovo prodotto o si prendono le vendite di un altro prodotto. <\/p>\n                        <\/div>\n                        <div class=\"lighter px-7 lg:px-10 py-6 rounded-xl text-lg mt-3 lg:mt-4 h-full\">\n                            <h4 class=\"text-xl titleColor lg:leading-snug mb-3 font-semibold mb-2\">Collegamento ai blog<\/h4>\n                            <p class=\"text-textSubtitle contentColor text-sm font-light leading-6\">Ottieni risultati migliori utilizzando i blog<\/p>\n                        <\/div>\n                    <\/div>\n\n                    <div class=\"lighter px-7 lg:px-10 py-6 rounded-xl mt-3 w-full lg:w-1\/3 lg:my-4 my-0 lg:mt-[27px] relative overflow-hidden flex flex-col justify-center\">\n                        <h4 class=\"text-xl titleColor lg:leading-snug mb-4 font-semibold\">Invia e-mail pianificate<\/h4>\n                        <p class=\"text-textSubtitle contentColor text-sm font-light leading-6\">Invia email in modo pianificato. ad esempio: Quando hai deciso di inviare 5 email, invece di inviarle ogni giorno, puoi impostare di conservare tutte e 5 le email in anticipo e dare istruzioni in modo tale da inviare le email in un intervallo di 1 giorno alle persone nell&#8217;elenco e ulteriormente \u00e8 possibile estenderlo a un periodo di un anno.<\/p>\n                    <\/div>\n\n                <\/div>\n            <\/div>\n        <\/div>\n    <\/section>\n\n    <!-- ************************************************************************************* -->\n\n    <section class=\"p-sectionpadding\">\n        <div class=\"container mx-auto\">\n\n            <div class=\"w-full flex items-start flex-wrap pt-2 justify-between\">\n\n                <div class=\"primaryColor px-7 lg:px-12 py-16 rounded-2xl mt-3 w-full lg:w-1\/3 relative overflow-hidden\">\n                    <h4 class=\"text-3xl text-white lg:leading-snug mb-4 capitalize\">\n                         <span class=\"font-bold\">Tipi<\/span> di sistemi di <span class=\"font-bold\">risposta automatica MLM<\/span> <\/h4>\n\n\n                    <p class=\"text-textSubtitle text-white text-sm font-light leading-6\">Un buon autoresponder che ti aiuta a utilizzare i contatti che hai ottenuto, essendo in grado di importare i tuoi contatti e sapendo che vengono inviati per posta. Esistono 3 tipi base di sistemi sul mercato. Vuoi decidere quale \u00e8 il migliore e quello giusto per te.  <\/p>\n                <\/div>\n\n                <div class=\"px-0 lg:px-12 mt-3 w-full lg:w-2\/3\">\n                    <ul class=\"mt-10 lg:mt-0\">\n\n                        <li class=\"text-textpara offWhite leading-6 mb-6 flex items-start\">\n                            <div class=\"darkblue p-2 rounded-2xl flex items-center justify-center w-[60px] h-[60px] mr-6\">\n                                <img decoding=\"async\" src=\"\/wp-content\/uploads\/2024\/07\/Bulk-Emailers-img.webp\" width=\"32\" height=\"32\" alt=\"software mlm\"\/>\n                            <\/div>\n\n                            <div class=\"flex-1\">\n                                <h4 class=\"text-xl titleColor lg:leading-snug mb-3 font-semibold mb-2\">E-mail in blocco <\/h4>\n                                <p class=\"titleColor\">In questo caso trasferisci i messaggi una volta nella lista che hai importato. \u00c8 possibile trasferire orari diversi nella stessa lista, nel caso si tratti dello stesso messaggio, oppure trasferire messaggi diversi ogni volta. <\/p>\n                            <\/div>\n                        <\/li>\n                        <!-- ********************** -->\n\n                        <li class=\"text-textpara offWhite leading-6 mb-6 flex items-start\">\n                            <div class=\"darkblue p-2 rounded-2xl flex items-center justify-center w-[60px] h-[60px] mr-6\">\n                                <img decoding=\"async\" src=\"\/wp-content\/uploads\/2024\/07\/Open-Loop-img.webp\" width=\"32\" height=\"32\" alt=\"software mlm\"\/>\n                            <\/div>\n\n                            <div class=\"flex-1\">\n                                <h4 class=\"text-xl titleColor lg:leading-snug mb-3 font-semibold mb-2\">Open Loop&#8221; Risponditori automatici <\/h4>\n                                <p class=\"titleColor\">Oggi i risponditori automatici a circuito aperto sono rari. Molti ISP filtrano le email provenienti dagli AR Open Loops. L&#8217;unico modo per realizzare veramente un circuito aperto oggi \u00e8 ospitarlo da soli, il che pu\u00f2 essere piuttosto costoso ed \u00e8 per chi \u00e8 tecnicamente avanzato (non molto duplicabile)  <\/p>\n                            <\/div>\n                        <\/li>\n                        <!-- ********************** -->\n\n\n                        <li class=\"text-textpara offWhite leading-6 mb-6 flex items-start\">\n                            <div class=\"darkblue p-2 rounded-2xl flex items-center justify-center w-[60px] h-[60px] mr-6\">\n                                <img decoding=\"async\" src=\"\/wp-content\/uploads\/2024\/07\/Closed-Loop-img.webp\" width=\"32\" height=\"32\" alt=\"software mlm\"\/>\n                            <\/div>\n\n                            <div class=\"flex-1\">\n                                <h4 class=\"text-xl titleColor lg:leading-snug mb-3 font-semibold mb-2\">Risponditori automatici a circuito chiuso <\/h4>\n                                <p class=\"titleColor\">Questi richiedono che tu generi i tuoi contatti attraverso una pagina di acquisizione dei contatti. Gli AR a ciclo chiuso hanno il tasso di consegna pi\u00f9 elevato, ma non puoi importare i lead acquistati nel loro sistema. Ti consentono di impostare una serie di messaggi da consegnare anche ai potenziali clienti nel tempo.  <\/p>\n                            <\/div>\n                        <\/li>\n                        <!-- ********************** -->\n\n\n                    <\/ul>\n                <\/div>\n            <\/div>\n        <\/div>\n    <\/section>\n    <!-- ============================================================================================= -->\n    <section class=\"p-sectionpadding\">\n\n        <div class=\"container mx-auto\">\n            <div class=\"flex flex-wrap items-center\">\n                <div class=\"w-full xl:w-9\/12 mx-auto pt-10 mb-8\">\n                    <h4 class=\"lg:text-TitlesemiFontSize text-2xl titleColor lg:leading-snug text-center lg:w-7\/12 md:w-full mx-auto mt-7 capitalize\">\n                        <span class=\"font-bold animate-charcter\">Le chiavi<\/span> per <span class=\"font-bold animate-charcter\">avere successo<\/span> con i risponditori automatici <\/h4>\n                <\/div>\n                <div class=\"flex flex-wrap mt-8\">\n                    <div class=\"w-full lg:w-6\/12 mx-auto lg:pr-10 pr-0\">\n                        <ul class=\"flex flex-wrap ml-[-12px] list1 mt-6\">\n                            <li class=\"text-md font-light leading-6 mb-4 ml-2\">Assicurati di avere il tuo sito web <\/li>\n                            <li class=\"text-md font-light leading-6 mb-4 ml-2\">Le societ\u00e0 di mlm hanno i propri siti web replicati e vanno bene una volta che hai un potenziale cliente veramente &#8220;caldo&#8221; in linea. Ma quando si tratta di cercare e creare elenchi, desideri il tuo sito web per una serie di motivi. <\/li>\n                            <li class=\"text-md font-light font-light leading-6 mb-4 ml-2\">Avere il tuo sito web ti consente di costruire la tua credibilit\u00e0.<\/li>\n                            <li class=\"text-md font-light leading-6 mb-4 ml-2\">Avere il tuo sito web ti consente di costruire un rapporto personale con i potenziali clienti.<\/li>\n                            <li class=\"text-md font-light leading-6 mb-4 ml-2\">Avere il tuo sito web ti aiuta a distinguerti nei risultati dei motori di ricerca.<\/li>\n                            <li class=\"text-md font-light leading-6 mb-4 ml-2\">Avere il tuo sito web ti aiuta a distinguerti dalla concorrenza.<\/li>\n                            <li class=\"text-md font-light leading-6 mb-4 ml-2\">Il tuo sito web pu\u00f2 essere un semplice sito di una pagina che offre una panoramica di chi sei, della tua attivit\u00e0, del tuo stile di vita, ecc&#8230; <\/li>\n                            <li class=\"text-md font-light leading-6 mb-4 ml-2\">Il tuo sito web dovrebbe invitare i visitatori a richiederti informazioni gratuite. Questo ci porta alla chiave successiva: <\/li>\n                        <\/ul>\n\n                    <\/div>\n\n                    <div class=\"w-full lg:w-6\/12 mx-auto lg:pl-10 pl-0\">\n                        <ul class=\"flex flex-wrap ml-[-12px] list1 mt-6\">\n\n                            <li class=\"text-md font-light leading-6 mb-4 ml-2\">Aggiungi un modulo di iscrizione al tuo sito web.<\/li>\n                            <li class=\"text-md font-light leading-6 mb-4 ml-2\">Il modulo di iscrizione dovrebbe richiedere un nome e un indirizzo email. Questo modulo \u00e8 la chiave per trasformare i visitatori del sito web in potenziali clienti. <\/li>\n                            <li class=\"text-md font-light leading-6 mb-4 ml-2\">I tuoi messaggi di risposta automatica sono i punti in cui includi un collegamento al sito replicato offerto dalla tua societ\u00e0 di mlm.<\/li>\n                            <li class=\"text-md font-light leading-6 mb-4 ml-2\">Un ulteriore vantaggio di creare elenchi mirati con il tuo sito web e la tua risposta automatica \u00e8 che se la tua azienda di mlm dovesse riscontrare problemi, cessare l&#8217;attivit\u00e0 o diventare non disponibile per qualsiasi motivo, sarai in grado di continuare a costruire la tua credibilit\u00e0, cambiare ad un&#8217;altra societ\u00e0 e continuare le operazioni senza dover ricominciare da zero.<\/li>\n                            <li class=\"text-md font-light leading-6 mb-4 ml-2\">Quindi in realt\u00e0 un autoresponder \u00e8 qualcosa che viene utilizzato per raccogliere informazioni e puoi inviare e-mail a questi indirizzi che includono messaggi di vendita, messaggi di marketing, che dovrebbero contenere contenuti di qualit\u00e0 che il tuo cliente dovrebbe davvero apprezzare e dovrebbero promuovere il tuo prodotto. <\/li>\n                        <\/ul>\n\n\n\n                    <\/div>\n                <\/div>\n\n            <\/div>\n        <\/div>\n    <\/section>\n","protected":false},"excerpt":{"rendered":"<p>risponditore automatico La risposta automatica \u00e8 un programma software utilizzato per inviare e-mail automaticamente in base a pianificazioni o opzioni definite da un utente amministratore. Cos&#8217;\u00e8 un risponditore automatico? Un utente amministratore pu\u00f2 impostare l&#8217;ora, l&#8217;oggetto e le opzioni avanzate nel pannello di amministrazione e promuovere la tua attivit\u00e0 tramite e-mail automatizzate. \u00c8 anche definito [&hellip;]<\/p>\n","protected":false},"author":1,"featured_media":0,"parent":0,"menu_order":0,"comment_status":"closed","ping_status":"closed","template":"moduleautoresponder-page.php","meta":{"_acf_changed":false,"footnotes":""},"class_list":["post-12378","page","type-page","status-publish","hentry"],"acf":[],"yoast_head":"<!-- This site is optimized with the Yoast SEO Premium plugin v23.6 (Yoast SEO v25.9) - https:\/\/yoast.com\/wordpress\/plugins\/seo\/ -->\n<title>Risponditore automatico intelligente | Automatizza facilmente la tua comunicazione<\/title>\n<meta name=\"description\" content=\"Automatizza la tua comunicazione con il nostro risponditore automatico intelligente. Risparmia tempo, aumenta il coinvolgimento e fornisci risposte tempestive senza sforzo.\" \/>\n<meta name=\"robots\" content=\"index, follow, max-snippet:-1, max-image-preview:large, max-video-preview:-1\" \/>\n<link rel=\"canonical\" href=\"https:\/\/cloudmlmsoftware.com\/it\/risponditore-automatico\/\" \/>\n<meta property=\"og:locale\" content=\"it_IT\" \/>\n<meta property=\"og:type\" content=\"article\" \/>\n<meta property=\"og:title\" content=\"risponditore automatico\" \/>\n<meta property=\"og:description\" content=\"Automatizza la tua comunicazione con il nostro risponditore automatico intelligente. Risparmia tempo, aumenta il coinvolgimento e fornisci risposte tempestive senza sforzo.\" \/>\n<meta property=\"og:url\" content=\"https:\/\/cloudmlmsoftware.com\/it\/risponditore-automatico\/\" \/>\n<meta property=\"og:site_name\" content=\"Cloud MLM Software\" \/>\n<meta property=\"article:modified_time\" content=\"2024-11-08T04:45:35+00:00\" \/>\n<meta name=\"twitter:card\" content=\"summary_large_image\" \/>\n<meta name=\"twitter:label1\" content=\"Tempo di lettura stimato\" \/>\n\t<meta name=\"twitter:data1\" content=\"5 minuti\" \/>\n<!-- \/ Yoast SEO Premium plugin. -->","yoast_head_json":{"title":"Risponditore automatico intelligente | Automatizza facilmente la tua comunicazione","description":"Automatizza la tua comunicazione con il nostro risponditore automatico intelligente. Risparmia tempo, aumenta il coinvolgimento e fornisci risposte tempestive senza sforzo.","robots":{"index":"index","follow":"follow","max-snippet":"max-snippet:-1","max-image-preview":"max-image-preview:large","max-video-preview":"max-video-preview:-1"},"canonical":"https:\/\/cloudmlmsoftware.com\/it\/risponditore-automatico\/","og_locale":"it_IT","og_type":"article","og_title":"risponditore automatico","og_description":"Automatizza la tua comunicazione con il nostro risponditore automatico intelligente. Risparmia tempo, aumenta il coinvolgimento e fornisci risposte tempestive senza sforzo.","og_url":"https:\/\/cloudmlmsoftware.com\/it\/risponditore-automatico\/","og_site_name":"Cloud MLM Software","article_modified_time":"2024-11-08T04:45:35+00:00","twitter_card":"summary_large_image","twitter_misc":{"Tempo di lettura stimato":"5 minuti"},"schema":{"@context":"https:\/\/schema.org","@graph":[{"@type":"WebPage","@id":"https:\/\/cloudmlmsoftware.com\/it\/risponditore-automatico\/","url":"https:\/\/cloudmlmsoftware.com\/it\/risponditore-automatico\/","name":"Risponditore automatico intelligente | Automatizza facilmente la tua comunicazione","isPartOf":{"@id":"https:\/\/cloudmlmsoftware.com\/it\/#website"},"datePublished":"2024-05-22T13:37:59+00:00","dateModified":"2024-11-08T04:45:35+00:00","description":"Automatizza la tua comunicazione con il nostro risponditore automatico intelligente. Risparmia tempo, aumenta il coinvolgimento e fornisci risposte tempestive senza sforzo.","breadcrumb":{"@id":"https:\/\/cloudmlmsoftware.com\/it\/risponditore-automatico\/#breadcrumb"},"inLanguage":"it-IT","potentialAction":[{"@type":"ReadAction","target":["https:\/\/cloudmlmsoftware.com\/it\/risponditore-automatico\/"]}]},{"@type":"BreadcrumbList","@id":"https:\/\/cloudmlmsoftware.com\/it\/risponditore-automatico\/#breadcrumb","itemListElement":[{"@type":"ListItem","position":1,"name":"Home","item":"https:\/\/cloudmlmsoftware.com\/it\/"},{"@type":"ListItem","position":2,"name":"risponditore automatico"}]},{"@type":"WebSite","@id":"https:\/\/cloudmlmsoftware.com\/it\/#website","url":"https:\/\/cloudmlmsoftware.com\/it\/","name":"Cloud MLM Software","description":"","publisher":{"@id":"https:\/\/cloudmlmsoftware.com\/it\/#organization"},"potentialAction":[{"@type":"SearchAction","target":{"@type":"EntryPoint","urlTemplate":"https:\/\/cloudmlmsoftware.com\/it\/?s={search_term_string}"},"query-input":{"@type":"PropertyValueSpecification","valueRequired":true,"valueName":"search_term_string"}}],"inLanguage":"it-IT"},{"@type":"Organization","@id":"https:\/\/cloudmlmsoftware.com\/it\/#organization","name":"Cloud MLM Software","url":"https:\/\/cloudmlmsoftware.com\/it\/","logo":{"@type":"ImageObject","inLanguage":"it-IT","@id":"https:\/\/cloudmlmsoftware.com\/it\/#\/schema\/logo\/image\/","url":"https:\/\/cloudmlmsoftware.com\/wp-content\/uploads\/2024\/09\/cloudmlm-logo.webp","contentUrl":"https:\/\/cloudmlmsoftware.com\/wp-content\/uploads\/2024\/09\/cloudmlm-logo.webp","width":200,"height":40,"caption":"Cloud MLM Software"},"image":{"@id":"https:\/\/cloudmlmsoftware.com\/it\/#\/schema\/logo\/image\/"}}]}},"_links":{"self":[{"href":"https:\/\/cloudmlmsoftware.com\/it\/wp-json\/wp\/v2\/pages\/12378","targetHints":{"allow":["GET"]}}],"collection":[{"href":"https:\/\/cloudmlmsoftware.com\/it\/wp-json\/wp\/v2\/pages"}],"about":[{"href":"https:\/\/cloudmlmsoftware.com\/it\/wp-json\/wp\/v2\/types\/page"}],"author":[{"embeddable":true,"href":"https:\/\/cloudmlmsoftware.com\/it\/wp-json\/wp\/v2\/users\/1"}],"replies":[{"embeddable":true,"href":"https:\/\/cloudmlmsoftware.com\/it\/wp-json\/wp\/v2\/comments?post=12378"}],"version-history":[{"count":0,"href":"https:\/\/cloudmlmsoftware.com\/it\/wp-json\/wp\/v2\/pages\/12378\/revisions"}],"wp:attachment":[{"href":"https:\/\/cloudmlmsoftware.com\/it\/wp-json\/wp\/v2\/media?parent=12378"}],"curies":[{"name":"wp","href":"https:\/\/api.w.org\/{rel}","templated":true}]}}