{"id":12116,"date":"2024-03-22T05:18:17","date_gmt":"2024-03-22T05:18:17","guid":{"rendered":"https:\/\/cloudmlmsoftware.com\/servizi\/sviluppo-magento\/"},"modified":"2024-11-08T10:27:12","modified_gmt":"2024-11-08T10:27:12","slug":"sviluppo-magento","status":"publish","type":"page","link":"https:\/\/cloudmlmsoftware.com\/it\/services\/sviluppo-magento\/","title":{"rendered":"sviluppo-magento"},"content":{"rendered":"\n<div class=\"bannerBgcolor BannerBg pt-16 relative overflow-hidden\">\n   <div class=\"animation-wrapper\">\n      <div class=\"particle particle-1\"><\/div>\n      <div class=\"particle particle-2\"><\/div>\n      <div class=\"particle particle-3\"><\/div>\n      <div class=\"particle particle-4\"><\/div>\n   <\/div>\n   <div class=\"container mx-auto pt-2 md:h-[600px] sm:h-[400px] h-[500px] overflow-hidden relative z-1\">\n      <div class=\"flex flex-wrap items-center\">\n         <div class=\"w-full md:w-10\/12 mx-auto text-center pt-10 mb-8\">\n            <h1 class=\"lg:text-mainTitleFontSize sm:text-3xl text-3xl text-white lg:leading-snug capitalize\"> Sviluppo <span class=\"font-bold animate-charcter-offwhite\">Magento<\/span> <\/h1>\n            <p class=\"offWhite pt-3 text-md md:text-lg font-light md:w-11\/12 mx-auto\">Software Solutions \u00e8 una societ\u00e0 leader nello sviluppo di Magento dove puoi trovare competenze Magento a livello master. Forniamo siti Web Magento scalabili e ad alte prestazioni per la tua azienda. <\/p>\n<div class=\"w-8\/12 mx-auto text-center pt-6\">\n<a href=\"https:\/\/demo.cloudmlmsoftware.com\" class=\"button primaryColor px-4 py-3 w-[132px] mx-auto rounded-md text-white md:flex text-sm md:text-md sm:block btn1\">Prova la demo gratuita <\/a>\n<\/div>\n         <\/div>\n         <div class=\"w-full p-4 relative z-9\">\n<img fetchpriority=\"high\" decoding=\"async\" src=\"https:\/\/cloudmlmsoftware.com\/wp-content\/themes\/cloudmlmdemo\/assets\/images\/banner\/ServicesBanner.webp\" alt=\"software mlm\" width=\"900\" height=\"643\" class=\"mx-auto\"\/>\n<img decoding=\"async\" src=\"\/wp-content\/uploads\/2024\/08\/seraniImg1.webp\" alt=\"software mlm\" width=\"32\" height=\"32\" class=\"sevraniImg sevraniImg1\"\/>\n<img decoding=\"async\" src=\"\/wp-content\/uploads\/2024\/08\/seraniImg2.webp\" alt=\"software mlm\" width=\"20\" height=\"20\" class=\"sevraniImg sevraniImg2\"\/>\n<img loading=\"lazy\" decoding=\"async\" src=\"\/wp-content\/uploads\/2024\/08\/seraniImg3.webp\" alt=\"software mlm\" width=\"28\" height=\"28\" class=\"sevraniImg sevraniImg3\"\/>\n<img loading=\"lazy\" decoding=\"async\" src=\"\/wp-content\/uploads\/2024\/08\/seraniImg4.webp\" alt=\"software mlm\" width=\"24\" height=\"24\" class=\"sevraniImg sevraniImg4\"\/>\n<img loading=\"lazy\" decoding=\"async\" src=\"\/wp-content\/uploads\/2024\/08\/seraniImg5.webp\" alt=\"software mlm\" width=\"34\" height=\"34\" class=\"sevraniImg sevraniImg5\"\/>\n<img loading=\"lazy\" decoding=\"async\" src=\"\/wp-content\/uploads\/2024\/08\/seraniImg6.webp\" alt=\"software mlm\" width=\"24\" height=\"24\" class=\"sevraniImg sevraniImg6\"\/>\n<img loading=\"lazy\" decoding=\"async\" src=\"\/wp-content\/uploads\/2024\/08\/seraniImg7.webp\" alt=\"software mlm\" width=\"24\" height=\"24\" class=\"sevraniImg sevraniImg7\"\/>\n<img loading=\"lazy\" decoding=\"async\" src=\"\/wp-content\/uploads\/2024\/08\/seraniImg8.webp\" alt=\"software mlm\" width=\"24\" height=\"24\" class=\"sevraniImg sevraniImg8\"\/>\n<\/div>\n      <\/div>\n   <\/div>\n<\/div>\n<!-- ************************************************************************************* --> \n<section class=\"p-sectionpadding\">\n   <div class=\"container mx-auto pt-20\">\n      <!-- Left side box --> \n      <div class=\"flex flex-wrap lg:space-x-8\">\n         <div class=\"relative hidden lg:flex lg:flex-1 w-full lg:w-4\/12 primaryColor rounded-2xl p-12 pb-0 mb-2\"> <img decoding=\"async\" src=\"\/wp-content\/uploads\/2024\/08\/majento3.webp\" alt=\"Immagine\" class=\"absolute bottom-0 left-0 right-0 mx-auto w-[70%]\"\/> <\/div>\n         <div class=\"w-full lg:w-8\/12 lighter flex-col flex justify-center rounded-2xl overflow-hidden p-12 mb-2\">\n            <h2 class=\"md:text-TitlesemiFontSize text-2xl lg:leading-snug capitalize\">Informazioni <span class=\"font-bold\">sull&#8217;e-commerce Magento<\/span> <\/h2>\n            <p class=\"text-textpara font-light leading-6 py-3\">Piattaforma di e-commerce Magento per quanto riguarda la scelta di aziende open source di e-commerce pi\u00f9 grande e popolare al mondo, con una quota di mercato di circa il 25%. \u00c8 la soluzione giusta per i commercianti online in quanto fornisce servizi significativi e facilit\u00e0 d&#8217;uso a clienti e gestori di negozi. Con questa piattaforma, puoi facilmente migliorare la redditivit\u00e0 attraverso un&#8217;implementazione redditizia, un aumento del numero di visitatori, un supporto multilingue e multinazionale e cos\u00ec via.  <\/p>\n            <p class=\"text-textpara font-light leading-6 pb-3\">Si sta sviluppando come magnate nel settore CMS per l&#8217;e-commerce. Abbiamo un team di sviluppatori Magento certificati con anni di esperienza con una specializzazione nell&#8217;orientamento all&#8217;e-commerce sul web e quindi presentiamo anche progetti web Magento personalizzati. <\/p>\n         <\/div>\n      <\/div>\n   <\/div>\n<\/section>\n<!-- ************************** --> \n<section class=\"p-sectionpadding\">\n   <div class=\"container mx-auto\">\n      <!-- Left side box --> \n      <div class=\"flex flex-wrap items-center p-4\">\n         <div class=\" w-full md:w-6\/12 pb-4\">\n            <h3 class=\"md:text-TitlesemiFontSize text-2xl lg:leading-snug capitalize mt-4\"> Caratteristiche dello sviluppo <span class=\"font-bold\">Magento di Cloud MLM<\/span> <\/h3>\n            <ul class=\"flex flex-wrap space-x-2 mt-5 list1\">\n               <li class=\"text-textpara contentColor font-light leading-6 mb-3 ml-2\">Soluzioni personalizzate: forniamo soluzioni personalizzate con integrazione coerente<\/li>\n               <li class=\"text-textpara contentColor font-light leading-6 mb-3 ml-2\">Flessibilit\u00e0 nella selezione del servizio di hosting<\/li>\n               <li class=\"text-textpara contentColor font-light leading-6 mb-3 ml-2\">Supporto orologio: vendi i tuoi prodotti 24 ore su 24, 7 giorni su 7<\/li>\n               <li class=\"text-textpara contentColor font-light leading-6 mb-3 ml-2\">Moduli su misura<\/li>\n               <li class=\"text-textpara contentColor font-light leading-6 mb-3 ml-2\">Acquisti sicuri: forniamo acquisti altamente sicuri e protetti<\/li>\n               <li class=\"text-textpara contentColor font-light leading-6 mb-3 ml-2\">Costi operativi bassi<\/li>\n               <li class=\"text-textpara contentColor font-light leading-6 mb-3 ml-2\">Prezzo da pagare: perseguiamo prezzi competitivi <\/li>\n               <li class=\"text-textpara contentColor font-light leading-6 mb-3 ml-2\">Comunit\u00e0 attiva <\/li>\n            <\/ul>\n         <\/div>\n         <div class=\"w-full md:w-6\/12 pl-0 md:pl-16 mt-4\"> <img decoding=\"async\" src=\"\/wp-content\/uploads\/2024\/08\/majentoApi.webp\" alt=\"Immagine\" class=\"w-full\"\/> <\/div>\n      <\/div>\n   <\/div>\n<\/section>\n<!-- ************************** --> \n<section class=\"p-sectionpadding\">\n   <div class=\"container mx-auto\">\n      <div class=\"relative darklight rounded-2xl p-12 md:p-12 py-16 overflow-hidden\">\n         <!-- Left side box --> \n         <div class=\"flex flex-wrap items-center mt-4\">\n            <div class=\"relative w-full md:w-3\/12 left-0 md:left-[-50px]\"> <img decoding=\"async\" src=\"\/wp-content\/uploads\/2024\/08\/cloud-magento.webp\" alt=\"Immagine\" class=\"w-full\"\/> <\/div>\n            <div class=\" w-full md:w-9\/12 pb-4 mt-4\">\n               <h3 class=\"md:text-TitlesemiFontSize text-2xl text-white lg:leading-snug capitalize\">Cos&#8217;\u00e8 lo <span class=\"font-bold\">sviluppo Magento?<\/span>  <\/h3>\n               <p class=\"text-textpara font-light leading-6 offWhite py-3\">Software Solutions \u00e8 esperto nel lavorare nel campo della progettazione e sviluppo di Magento. Magento offre molti vantaggi: soluzioni di e-commerce personalizzabili e scalabili, solide funzionalit\u00e0 SEO, ampio mercato di plug-in ed estensioni, design ottimizzato per dispositivi mobili, potenti strumenti di marketing, gestione multi-negozio e forte supporto della comunit\u00e0.  <\/p>\n            <\/div>\n         <\/div>\n      <\/div>\n   <\/div>\n<\/section>\n<!-- ************************** --> \n<section class=\"p-sectionpadding\">\n   <div class=\"container mx-auto\">\n      <div class=\"flex flex-wrap\">\n         <div class=\"w-full md:w-6\/12\">\n            <h3 class=\"lg:text-TitlesemiFontSize text-2xl titleColor lg:leading-snug mt-3\"> Alcuni dei <span class=\"font-bold\">vantaggi<\/span>  <\/h3>\n            <p class=\"text-textSubtitle contentColor text-sm font-light pt-5 leading-6 mb-3\"> Magento ti permette di giocare bene le tue carte. Fornisce una raccolta di funzionalit\u00e0 flessibili e migliaia di estensioni con cui puoi giocare per modellare una soluzione perfetta per le tue esigenze di e-commerce.  <\/p>\n         <\/div>\n         <div class=\"w-full flex flex-wrap pt-2 justify-between\">\n            <div class=\"magentotBgDark px-16 py-16 rounded-xl mt-3 w-full lg:w-1\/3 lg:my-4 my-0 lg:mt-[27px] relative overflow-hidden\">\n               <img decoding=\"async\" src=\"\/wp-content\/uploads\/2024\/07\/magentologolight.webp\"\/> \n               <p class=\"text-white text-3xl mt-4\">Ricco di funzionalit\u00e0 e potente<\/p>\n               <img decoding=\"async\" src=\"\/wp-content\/uploads\/2024\/07\/magentolightIcon.webp\" class=\"absolute bottom-[-20px] right-[-40px]\"\/> \n            <\/div>\n            <div class=\"w-full lg:w-1\/3 px-0 lg:px-4 lg:py-4 py-0 flex flex-col justify-between pl-0 lg:pl-8\">\n               <div class=\"lighter px-8 py-10 rounded-xl mt-3 text-lg text-center\"> Con il nostro team di sviluppatori Magento approvato e professionale, ogni sito Web \u00e8 completamente ottimizzato per persistenza ed efficacia. <\/div>\n               <div class=\"lighter px-10 py-12 rounded-xl mt-3 text-lg text-center\"> Proteggiamo i negozi online dei nostri clienti Magento con un monitoraggio continuo e miglioramenti del sito. Dall&#8217;integrazione di nuove funzionalit\u00e0 agli arresti anomali dei siti Web, forniamo protezione immediata.  <\/div>\n            <\/div>\n            <div class=\"w-full lg:w-1\/3 px-0 lg:px-4 lg:py-4 py-0 flex flex-col justify-between\">\n               <div class=\"lighter px-10 py-12 rounded-xl mt-3 text-lg text-center\"> Servizi come la gestione del catalogo e il commercio mobile aiutano ad ampliare la tua base di clienti, mentre gli strumenti di marketing e di analisi aiutano a tenere sotto controllo cosa funziona e cosa no. <\/div>\n               <div class=\"lighter px-10 py-[55px] rounded-xl mt-3 text-lg text-center mt-8\"> I nostri sviluppatori Magento certificati creano estensioni affidabili che aumentano la produttivit\u00e0 e le entrate. <\/div>\n            <\/div>\n         <\/div>\n      <\/div>\n   <\/div>\n<\/section>\n<!-- ************************************************************************************* --> \n<section class=\"p-sectionpadding\">\n   <div class=\"container mx-auto\">\n      <div class=\"flex flex-wrap items-center\">\n         <div class=\"w-full darkblue py-12 px-3 lg:px-12 rounded-2xl\">\n            <div class=\"relative z-10 pl-6 lg:pl-0\">\n               <div class=\"text-left lg:text-center\">\n                  <h3 class=\"text-white text-3xl lg:leading-snug capitalize mb-5 w-full lg:w-4\/12 mx-auto\"> Servizi di <span class=\"font-bold\">sviluppo Magento<\/span> <\/h3>\n                  <p class=\"text-white mb-6 w-full lg:w-8\/12 mx-auto font-light\">Il nostro team di sviluppatori ha competenze complete nello sviluppo di negozi di e-commerce aggiornati e su larga scala che si adattano alle esigenze della tua azienda. Se vuoi sceglierci per il tuo progetto verifica i nostri servizi legati a Magento: <\/p>\n               <\/div>\n               <div class=\"flex flex-wrap mt-16 w-full md:w-10\/12 mx-auto\">\n                  <div class=\"w-full md:w-1\/2 font-light\">\n                     <ul class=\"flex flex-wrap space-x-2 list1 \">\n                        <li class=\"text-textpara offWhite font-light leading-6 mb-3 ml-2\">Progettazione e-commerce Magento<\/li>\n                        <li class=\"text-textpara offWhite font-light leading-6 mb-3 ml-2\">Personalizzazione Magento<\/li>\n                        <li class=\"text-textpara offWhite font-light leading-6 mb-3 ml-2\">Sviluppo dell&#8217;e-commerce Magento<\/li>\n                        <li class=\"text-textpara offWhite font-light leading-6 mb-3 ml-2\">Sviluppo di temi Magento<\/li>\n                        <li class=\"text-textpara offWhite font-light leading-6 mb-3 ml-2\">Sviluppo di vetrine personalizzate Magento<\/li>\n                        <li class=\"text-textpara offWhite font-light leading-6 mb-3 ml-2\">Sviluppo siti web Magento<\/li>\n                     <\/ul>\n                  <\/div>\n                  <div class=\"w-full md:w-1\/2 font-light\">\n                     <ul class=\"flex flex-wrap space-x-2 list1\">\n                        <li class=\"text-textpara offWhite font-light leading-6 mb-3 ml-2\">Servizi di progettazione di temi Magento personalizzati<\/li>\n                        <li class=\"text-textpara offWhite font-light leading-6 mb-3 ml-2\">Integrazione del gateway di pagamento Magento<\/li>\n                        <li class=\"text-textpara offWhite font-light leading-6 mb-3 ml-2\">Servizi di marketing e ottimizzazione dell&#8217;e-commerce Magento<\/li>\n                        <li class=\"text-textpara offWhite font-light leading-6 mb-3 ml-2\">Integrazione metodi di spedizione Magento<\/li>\n                        <li class=\"text-textpara offWhite font-light leading-6 mb-3 ml-2\">Servizi di skin Magento<\/li>\n                     <\/ul>\n                  <\/div>\n               <\/div>\n            <\/div>\n         <\/div>\n      <\/div>\n   <\/div>\n<\/section>\n<!-- ************************************************************************************* --> \n<section class=\"p-sectionpadding\">\n   <div class=\"container mx-auto\">\n      <div class=\"relative lighter rounded-2xl p-6 md:p-12 py-16 overflow-hidden\">\n         <!-- Left side box --> \n         <div class=\"flex flex-wrap md:flex-row flex-col-reverse\">\n            <div class=\" w-full md:w-9\/12 pb-4\">\n               <h4 class=\"md:text-TitlesemiFontSize text-2xl lg:leading-snug capitalize\"> <span class=\"font-bold\">Efficienza<\/span> nello sviluppo di siti web Magento&nbsp; <\/h4>\n               <p class=\"text-textpara font-light leading-6 py-3\">Oggi Magento \u00e8 diventato il primo nome nella progettazione e nello sviluppo di siti Web di e-commerce. The Cloud MLM Software Solutions \u00e8 un&#8217;efficiente societ\u00e0 di sviluppo di siti Web Magento. Forniamo la piattaforma mirata per i servizi di sviluppo Magento che integra funzionalit\u00e0 per garantire la migliore presenza commerciale nel dominio web. Noteremo i modelli pi\u00f9 eccezionali e redditizi di sviluppo Magento per lo sviluppo del tuo e-commerce.    <\/p>\n            <\/div>\n            <div class=\"relative w-full md:w-3\/12 bottom-0 right-0 mb-6 md:mb-0 pl-0 md:pl-12\"> <img decoding=\"async\" src=\"\/wp-content\/uploads\/2024\/08\/majento4.webp\" alt=\"Immagine\" class=\"w-full\"\/> <\/div>\n         <\/div>\n      <\/div>\n   <\/div>\n<\/section>\n","protected":false},"excerpt":{"rendered":"<p>Sviluppo Magento Software Solutions \u00e8 una societ\u00e0 leader nello sviluppo di Magento dove puoi trovare competenze Magento a livello master. Forniamo siti Web Magento scalabili e ad alte prestazioni per la tua azienda. Prova la demo gratuita Informazioni sull&#8217;e-commerce Magento Piattaforma di e-commerce Magento per quanto riguarda la scelta di aziende open source di e-commerce [&hellip;]<\/p>\n","protected":false},"author":1,"featured_media":0,"parent":8119,"menu_order":0,"comment_status":"closed","ping_status":"closed","template":"magento-page.php","meta":{"_acf_changed":false,"footnotes":""},"class_list":["post-12116","page","type-page","status-publish","hentry"],"acf":[],"yoast_head":"<!-- This site is optimized with the Yoast SEO Premium plugin v23.6 (Yoast SEO v25.9) - https:\/\/yoast.com\/wordpress\/plugins\/seo\/ -->\n<title>Servizi di sviluppo Magento | Costruisci robusti siti di e-commerce<\/title>\n<meta name=\"description\" content=\"Servizi di sviluppo Magento che offrono soluzioni di negozi online ricche di funzionalit\u00e0, sicure e facili da usare per tutte le tue esigenze di e-commerce.\" \/>\n<meta name=\"robots\" content=\"index, follow, max-snippet:-1, max-image-preview:large, max-video-preview:-1\" \/>\n<link rel=\"canonical\" href=\"https:\/\/cloudmlmsoftware.com\/it\/services\/sviluppo-magento\/\" \/>\n<meta property=\"og:locale\" content=\"it_IT\" \/>\n<meta property=\"og:type\" content=\"article\" \/>\n<meta property=\"og:title\" content=\"sviluppo-magento\" \/>\n<meta property=\"og:description\" content=\"Servizi di sviluppo Magento che offrono soluzioni di negozi online ricche di funzionalit\u00e0, sicure e facili da usare per tutte le tue esigenze di e-commerce.\" \/>\n<meta property=\"og:url\" content=\"https:\/\/cloudmlmsoftware.com\/it\/services\/sviluppo-magento\/\" \/>\n<meta property=\"og:site_name\" content=\"Cloud MLM Software\" \/>\n<meta property=\"article:modified_time\" content=\"2024-11-08T10:27:12+00:00\" \/>\n<meta property=\"og:image\" content=\"https:\/\/cloudmlmsoftware.com\/wp-content\/themes\/cloudmlmdemo\/assets\/images\/banner\/ServicesBanner.webp\" \/>\n<meta name=\"twitter:card\" content=\"summary_large_image\" \/>\n<meta name=\"twitter:label1\" content=\"Tempo di lettura stimato\" \/>\n\t<meta name=\"twitter:data1\" content=\"3 minuti\" \/>\n<!-- \/ Yoast SEO Premium plugin. -->","yoast_head_json":{"title":"Servizi di sviluppo Magento | Costruisci robusti siti di e-commerce","description":"Servizi di sviluppo Magento che offrono soluzioni di negozi online ricche di funzionalit\u00e0, sicure e facili da usare per tutte le tue esigenze di e-commerce.","robots":{"index":"index","follow":"follow","max-snippet":"max-snippet:-1","max-image-preview":"max-image-preview:large","max-video-preview":"max-video-preview:-1"},"canonical":"https:\/\/cloudmlmsoftware.com\/it\/services\/sviluppo-magento\/","og_locale":"it_IT","og_type":"article","og_title":"sviluppo-magento","og_description":"Servizi di sviluppo Magento che offrono soluzioni di negozi online ricche di funzionalit\u00e0, sicure e facili da usare per tutte le tue esigenze di e-commerce.","og_url":"https:\/\/cloudmlmsoftware.com\/it\/services\/sviluppo-magento\/","og_site_name":"Cloud MLM Software","article_modified_time":"2024-11-08T10:27:12+00:00","og_image":[{"url":"https:\/\/cloudmlmsoftware.com\/wp-content\/themes\/cloudmlmdemo\/assets\/images\/banner\/ServicesBanner.webp","type":"","width":"","height":""}],"twitter_card":"summary_large_image","twitter_misc":{"Tempo di lettura stimato":"3 minuti"},"schema":{"@context":"https:\/\/schema.org","@graph":[{"@type":"WebPage","@id":"https:\/\/cloudmlmsoftware.com\/it\/services\/sviluppo-magento\/","url":"https:\/\/cloudmlmsoftware.com\/it\/services\/sviluppo-magento\/","name":"Servizi di sviluppo Magento | Costruisci robusti siti di e-commerce","isPartOf":{"@id":"https:\/\/cloudmlmsoftware.com\/it\/#website"},"primaryImageOfPage":{"@id":"https:\/\/cloudmlmsoftware.com\/it\/services\/sviluppo-magento\/#primaryimage"},"image":{"@id":"https:\/\/cloudmlmsoftware.com\/it\/services\/sviluppo-magento\/#primaryimage"},"thumbnailUrl":"https:\/\/cloudmlmsoftware.com\/wp-content\/themes\/cloudmlmdemo\/assets\/images\/banner\/ServicesBanner.webp","datePublished":"2024-03-22T05:18:17+00:00","dateModified":"2024-11-08T10:27:12+00:00","description":"Servizi di sviluppo Magento che offrono soluzioni di negozi online ricche di funzionalit\u00e0, sicure e facili da usare per tutte le tue esigenze di e-commerce.","breadcrumb":{"@id":"https:\/\/cloudmlmsoftware.com\/it\/services\/sviluppo-magento\/#breadcrumb"},"inLanguage":"it-IT","potentialAction":[{"@type":"ReadAction","target":["https:\/\/cloudmlmsoftware.com\/it\/services\/sviluppo-magento\/"]}]},{"@type":"ImageObject","inLanguage":"it-IT","@id":"https:\/\/cloudmlmsoftware.com\/it\/services\/sviluppo-magento\/#primaryimage","url":"https:\/\/cloudmlmsoftware.com\/wp-content\/themes\/cloudmlmdemo\/assets\/images\/banner\/ServicesBanner.webp","contentUrl":"https:\/\/cloudmlmsoftware.com\/wp-content\/themes\/cloudmlmdemo\/assets\/images\/banner\/ServicesBanner.webp"},{"@type":"BreadcrumbList","@id":"https:\/\/cloudmlmsoftware.com\/it\/services\/sviluppo-magento\/#breadcrumb","itemListElement":[{"@type":"ListItem","position":1,"name":"Home","item":"https:\/\/cloudmlmsoftware.com\/it\/"},{"@type":"ListItem","position":2,"name":"Servizi","item":"https:\/\/cloudmlmsoftware.com\/it\/services\/"},{"@type":"ListItem","position":3,"name":"sviluppo-magento"}]},{"@type":"WebSite","@id":"https:\/\/cloudmlmsoftware.com\/it\/#website","url":"https:\/\/cloudmlmsoftware.com\/it\/","name":"Cloud MLM Software","description":"","publisher":{"@id":"https:\/\/cloudmlmsoftware.com\/it\/#organization"},"potentialAction":[{"@type":"SearchAction","target":{"@type":"EntryPoint","urlTemplate":"https:\/\/cloudmlmsoftware.com\/it\/?s={search_term_string}"},"query-input":{"@type":"PropertyValueSpecification","valueRequired":true,"valueName":"search_term_string"}}],"inLanguage":"it-IT"},{"@type":"Organization","@id":"https:\/\/cloudmlmsoftware.com\/it\/#organization","name":"Cloud MLM Software","url":"https:\/\/cloudmlmsoftware.com\/it\/","logo":{"@type":"ImageObject","inLanguage":"it-IT","@id":"https:\/\/cloudmlmsoftware.com\/it\/#\/schema\/logo\/image\/","url":"https:\/\/cloudmlmsoftware.com\/wp-content\/uploads\/2024\/09\/cloudmlm-logo.webp","contentUrl":"https:\/\/cloudmlmsoftware.com\/wp-content\/uploads\/2024\/09\/cloudmlm-logo.webp","width":200,"height":40,"caption":"Cloud MLM Software"},"image":{"@id":"https:\/\/cloudmlmsoftware.com\/it\/#\/schema\/logo\/image\/"}}]}},"_links":{"self":[{"href":"https:\/\/cloudmlmsoftware.com\/it\/wp-json\/wp\/v2\/pages\/12116","targetHints":{"allow":["GET"]}}],"collection":[{"href":"https:\/\/cloudmlmsoftware.com\/it\/wp-json\/wp\/v2\/pages"}],"about":[{"href":"https:\/\/cloudmlmsoftware.com\/it\/wp-json\/wp\/v2\/types\/page"}],"author":[{"embeddable":true,"href":"https:\/\/cloudmlmsoftware.com\/it\/wp-json\/wp\/v2\/users\/1"}],"replies":[{"embeddable":true,"href":"https:\/\/cloudmlmsoftware.com\/it\/wp-json\/wp\/v2\/comments?post=12116"}],"version-history":[{"count":0,"href":"https:\/\/cloudmlmsoftware.com\/it\/wp-json\/wp\/v2\/pages\/12116\/revisions"}],"up":[{"embeddable":true,"href":"https:\/\/cloudmlmsoftware.com\/it\/wp-json\/wp\/v2\/pages\/8119"}],"wp:attachment":[{"href":"https:\/\/cloudmlmsoftware.com\/it\/wp-json\/wp\/v2\/media?parent=12116"}],"curies":[{"name":"wp","href":"https:\/\/api.w.org\/{rel}","templated":true}]}}