{"id":8143,"date":"2024-03-20T05:05:17","date_gmt":"2024-03-20T05:05:17","guid":{"rendered":"https:\/\/cloudmlmsoftware.com\/plans-mlm\/"},"modified":"2024-09-24T11:53:36","modified_gmt":"2024-09-24T11:53:36","slug":"forfaits-mlm","status":"publish","type":"page","link":"https:\/\/cloudmlmsoftware.com\/fr\/forfaits-mlm\/","title":{"rendered":"Plans MLM"},"content":{"rendered":"","protected":false},"excerpt":{"rendered":"","protected":false},"author":1,"featured_media":0,"parent":0,"menu_order":0,"comment_status":"closed","ping_status":"closed","template":"plan-page.php","meta":{"_acf_changed":false,"footnotes":""},"class_list":["post-8143","page","type-page","status-publish","hentry"],"acf":[],"yoast_head":"<!-- This site is optimized with the Yoast SEO Premium plugin v23.6 (Yoast SEO v25.9) - https:\/\/yoast.com\/wordpress\/plugins\/seo\/ -->\n<title>Plans MLM | \u200b\u200bPlans d&#039;affaires de marketing \u00e0 plusieurs niveaux<\/title>\n<meta name=\"description\" content=\"Pour que chaque entreprise MLM r\u00e9ussisse, il doit exister un plan MLM solide et fiable pour ses utilisateurs. Nous proposons diff\u00e9rents PLANS MLM en fonction des besoins des clients.\" \/>\n<meta name=\"robots\" content=\"index, follow, max-snippet:-1, max-image-preview:large, max-video-preview:-1\" \/>\n<link rel=\"canonical\" href=\"https:\/\/cloudmlmsoftware.com\/fr\/forfaits-mlm\/\" \/>\n<meta property=\"og:locale\" content=\"fr_FR\" \/>\n<meta property=\"og:type\" content=\"article\" \/>\n<meta property=\"og:title\" content=\"Plans MLM\" \/>\n<meta property=\"og:description\" content=\"Pour que chaque entreprise MLM r\u00e9ussisse, il doit exister un plan MLM solide et fiable pour ses utilisateurs. Nous proposons diff\u00e9rents PLANS MLM en fonction des besoins des clients.\" \/>\n<meta property=\"og:url\" content=\"https:\/\/cloudmlmsoftware.com\/fr\/forfaits-mlm\/\" \/>\n<meta property=\"og:site_name\" content=\"Cloud MLM Software\" \/>\n<meta property=\"article:modified_time\" content=\"2024-09-24T11:53:36+00:00\" \/>\n<meta name=\"twitter:card\" content=\"summary_large_image\" \/>\n<!-- \/ Yoast SEO Premium plugin. -->","yoast_head_json":{"title":"Plans MLM | \u200b\u200bPlans d'affaires de marketing \u00e0 plusieurs niveaux","description":"Pour que chaque entreprise MLM r\u00e9ussisse, il doit exister un plan MLM solide et fiable pour ses utilisateurs. Nous proposons diff\u00e9rents PLANS MLM en fonction des besoins des clients.","robots":{"index":"index","follow":"follow","max-snippet":"max-snippet:-1","max-image-preview":"max-image-preview:large","max-video-preview":"max-video-preview:-1"},"canonical":"https:\/\/cloudmlmsoftware.com\/fr\/forfaits-mlm\/","og_locale":"fr_FR","og_type":"article","og_title":"Plans MLM","og_description":"Pour que chaque entreprise MLM r\u00e9ussisse, il doit exister un plan MLM solide et fiable pour ses utilisateurs. Nous proposons diff\u00e9rents PLANS MLM en fonction des besoins des clients.","og_url":"https:\/\/cloudmlmsoftware.com\/fr\/forfaits-mlm\/","og_site_name":"Cloud MLM Software","article_modified_time":"2024-09-24T11:53:36+00:00","twitter_card":"summary_large_image","schema":{"@context":"https:\/\/schema.org","@graph":[{"@type":"WebPage","@id":"https:\/\/cloudmlmsoftware.com\/fr\/forfaits-mlm\/","url":"https:\/\/cloudmlmsoftware.com\/fr\/forfaits-mlm\/","name":"Plans MLM | \u200b\u200bPlans d'affaires de marketing \u00e0 plusieurs niveaux","isPartOf":{"@id":"https:\/\/cloudmlmsoftware.com\/fr\/#website"},"datePublished":"2024-03-20T05:05:17+00:00","dateModified":"2024-09-24T11:53:36+00:00","description":"Pour que chaque entreprise MLM r\u00e9ussisse, il doit exister un plan MLM solide et fiable pour ses utilisateurs. Nous proposons diff\u00e9rents PLANS MLM en fonction des besoins des clients.","breadcrumb":{"@id":"https:\/\/cloudmlmsoftware.com\/fr\/forfaits-mlm\/#breadcrumb"},"inLanguage":"fr-FR","potentialAction":[{"@type":"ReadAction","target":["https:\/\/cloudmlmsoftware.com\/fr\/forfaits-mlm\/"]}]},{"@type":"BreadcrumbList","@id":"https:\/\/cloudmlmsoftware.com\/fr\/forfaits-mlm\/#breadcrumb","itemListElement":[{"@type":"ListItem","position":1,"name":"Home","item":"https:\/\/cloudmlmsoftware.com\/fr\/"},{"@type":"ListItem","position":2,"name":"Plans MLM"}]},{"@type":"WebSite","@id":"https:\/\/cloudmlmsoftware.com\/fr\/#website","url":"https:\/\/cloudmlmsoftware.com\/fr\/","name":"Cloud MLM Software","description":"","publisher":{"@id":"https:\/\/cloudmlmsoftware.com\/fr\/#organization"},"potentialAction":[{"@type":"SearchAction","target":{"@type":"EntryPoint","urlTemplate":"https:\/\/cloudmlmsoftware.com\/fr\/?s={search_term_string}"},"query-input":{"@type":"PropertyValueSpecification","valueRequired":true,"valueName":"search_term_string"}}],"inLanguage":"fr-FR"},{"@type":"Organization","@id":"https:\/\/cloudmlmsoftware.com\/fr\/#organization","name":"Cloud MLM Software","url":"https:\/\/cloudmlmsoftware.com\/fr\/","logo":{"@type":"ImageObject","inLanguage":"fr-FR","@id":"https:\/\/cloudmlmsoftware.com\/fr\/#\/schema\/logo\/image\/","url":"https:\/\/cloudmlmsoftware.com\/wp-content\/uploads\/2024\/09\/cloudmlm-logo.webp","contentUrl":"https:\/\/cloudmlmsoftware.com\/wp-content\/uploads\/2024\/09\/cloudmlm-logo.webp","width":200,"height":40,"caption":"Cloud MLM Software"},"image":{"@id":"https:\/\/cloudmlmsoftware.com\/fr\/#\/schema\/logo\/image\/"}}]}},"_links":{"self":[{"href":"https:\/\/cloudmlmsoftware.com\/fr\/wp-json\/wp\/v2\/pages\/8143","targetHints":{"allow":["GET"]}}],"collection":[{"href":"https:\/\/cloudmlmsoftware.com\/fr\/wp-json\/wp\/v2\/pages"}],"about":[{"href":"https:\/\/cloudmlmsoftware.com\/fr\/wp-json\/wp\/v2\/types\/page"}],"author":[{"embeddable":true,"href":"https:\/\/cloudmlmsoftware.com\/fr\/wp-json\/wp\/v2\/users\/1"}],"replies":[{"embeddable":true,"href":"https:\/\/cloudmlmsoftware.com\/fr\/wp-json\/wp\/v2\/comments?post=8143"}],"version-history":[{"count":0,"href":"https:\/\/cloudmlmsoftware.com\/fr\/wp-json\/wp\/v2\/pages\/8143\/revisions"}],"wp:attachment":[{"href":"https:\/\/cloudmlmsoftware.com\/fr\/wp-json\/wp\/v2\/media?parent=8143"}],"curies":[{"name":"wp","href":"https:\/\/api.w.org\/{rel}","templated":true}]}}