{"id":8125,"date":"2024-03-20T13:11:40","date_gmt":"2024-03-20T13:11:40","guid":{"rendered":"https:\/\/cloudmlmsoftware.com\/contact\/"},"modified":"2024-09-24T12:28:54","modified_gmt":"2024-09-24T12:28:54","slug":"contact","status":"publish","type":"page","link":"https:\/\/cloudmlmsoftware.com\/fr\/contact\/","title":{"rendered":"Contact"},"content":{"rendered":"","protected":false},"excerpt":{"rendered":"","protected":false},"author":1,"featured_media":0,"parent":0,"menu_order":0,"comment_status":"closed","ping_status":"closed","template":"contact-page.php","meta":{"_acf_changed":false,"footnotes":""},"class_list":["post-8125","page","type-page","status-publish","hentry"],"acf":[],"yoast_head":"<!-- This site is optimized with the Yoast SEO Premium plugin v23.6 (Yoast SEO v25.9) - https:\/\/yoast.com\/wordpress\/plugins\/seo\/ -->\n<title>Contactez-nous | Logiciel MLM Cloud<\/title>\n<meta name=\"description\" content=\"Contactez-nous pour toute demande de renseignements ou d&#039;assistance. Notre \u00e9quipe amicale est pr\u00eate \u00e0 vous fournir les informations dont vous avez besoin. Contactez-nous !\" \/>\n<meta name=\"robots\" content=\"index, follow, max-snippet:-1, max-image-preview:large, max-video-preview:-1\" \/>\n<link rel=\"canonical\" href=\"https:\/\/cloudmlmsoftware.com\/fr\/contact\/\" \/>\n<meta property=\"og:locale\" content=\"fr_FR\" \/>\n<meta property=\"og:type\" content=\"article\" \/>\n<meta property=\"og:title\" content=\"Contact\" \/>\n<meta property=\"og:description\" content=\"Contactez-nous pour toute demande de renseignements ou d&#039;assistance. Notre \u00e9quipe amicale est pr\u00eate \u00e0 vous fournir les informations dont vous avez besoin. Contactez-nous !\" \/>\n<meta property=\"og:url\" content=\"https:\/\/cloudmlmsoftware.com\/fr\/contact\/\" \/>\n<meta property=\"og:site_name\" content=\"Cloud MLM Software\" \/>\n<meta property=\"article:modified_time\" content=\"2024-09-24T12:28:54+00:00\" \/>\n<meta name=\"twitter:card\" content=\"summary_large_image\" \/>\n<!-- \/ Yoast SEO Premium plugin. -->","yoast_head_json":{"title":"Contactez-nous | Logiciel MLM Cloud","description":"Contactez-nous pour toute demande de renseignements ou d'assistance. Notre \u00e9quipe amicale est pr\u00eate \u00e0 vous fournir les informations dont vous avez besoin. Contactez-nous !","robots":{"index":"index","follow":"follow","max-snippet":"max-snippet:-1","max-image-preview":"max-image-preview:large","max-video-preview":"max-video-preview:-1"},"canonical":"https:\/\/cloudmlmsoftware.com\/fr\/contact\/","og_locale":"fr_FR","og_type":"article","og_title":"Contact","og_description":"Contactez-nous pour toute demande de renseignements ou d'assistance. Notre \u00e9quipe amicale est pr\u00eate \u00e0 vous fournir les informations dont vous avez besoin. Contactez-nous !","og_url":"https:\/\/cloudmlmsoftware.com\/fr\/contact\/","og_site_name":"Cloud MLM Software","article_modified_time":"2024-09-24T12:28:54+00:00","twitter_card":"summary_large_image","schema":{"@context":"https:\/\/schema.org","@graph":[{"@type":"WebPage","@id":"https:\/\/cloudmlmsoftware.com\/fr\/contact\/","url":"https:\/\/cloudmlmsoftware.com\/fr\/contact\/","name":"Contactez-nous | Logiciel MLM Cloud","isPartOf":{"@id":"https:\/\/cloudmlmsoftware.com\/fr\/#website"},"datePublished":"2024-03-20T13:11:40+00:00","dateModified":"2024-09-24T12:28:54+00:00","description":"Contactez-nous pour toute demande de renseignements ou d'assistance. Notre \u00e9quipe amicale est pr\u00eate \u00e0 vous fournir les informations dont vous avez besoin. Contactez-nous !","breadcrumb":{"@id":"https:\/\/cloudmlmsoftware.com\/fr\/contact\/#breadcrumb"},"inLanguage":"fr-FR","potentialAction":[{"@type":"ReadAction","target":["https:\/\/cloudmlmsoftware.com\/fr\/contact\/"]}]},{"@type":"BreadcrumbList","@id":"https:\/\/cloudmlmsoftware.com\/fr\/contact\/#breadcrumb","itemListElement":[{"@type":"ListItem","position":1,"name":"Home","item":"https:\/\/cloudmlmsoftware.com\/fr\/"},{"@type":"ListItem","position":2,"name":"Contact"}]},{"@type":"WebSite","@id":"https:\/\/cloudmlmsoftware.com\/fr\/#website","url":"https:\/\/cloudmlmsoftware.com\/fr\/","name":"Cloud MLM Software","description":"","publisher":{"@id":"https:\/\/cloudmlmsoftware.com\/fr\/#organization"},"potentialAction":[{"@type":"SearchAction","target":{"@type":"EntryPoint","urlTemplate":"https:\/\/cloudmlmsoftware.com\/fr\/?s={search_term_string}"},"query-input":{"@type":"PropertyValueSpecification","valueRequired":true,"valueName":"search_term_string"}}],"inLanguage":"fr-FR"},{"@type":"Organization","@id":"https:\/\/cloudmlmsoftware.com\/fr\/#organization","name":"Cloud MLM Software","url":"https:\/\/cloudmlmsoftware.com\/fr\/","logo":{"@type":"ImageObject","inLanguage":"fr-FR","@id":"https:\/\/cloudmlmsoftware.com\/fr\/#\/schema\/logo\/image\/","url":"https:\/\/cloudmlmsoftware.com\/wp-content\/uploads\/2024\/09\/cloudmlm-logo.webp","contentUrl":"https:\/\/cloudmlmsoftware.com\/wp-content\/uploads\/2024\/09\/cloudmlm-logo.webp","width":200,"height":40,"caption":"Cloud MLM Software"},"image":{"@id":"https:\/\/cloudmlmsoftware.com\/fr\/#\/schema\/logo\/image\/"}}]}},"_links":{"self":[{"href":"https:\/\/cloudmlmsoftware.com\/fr\/wp-json\/wp\/v2\/pages\/8125","targetHints":{"allow":["GET"]}}],"collection":[{"href":"https:\/\/cloudmlmsoftware.com\/fr\/wp-json\/wp\/v2\/pages"}],"about":[{"href":"https:\/\/cloudmlmsoftware.com\/fr\/wp-json\/wp\/v2\/types\/page"}],"author":[{"embeddable":true,"href":"https:\/\/cloudmlmsoftware.com\/fr\/wp-json\/wp\/v2\/users\/1"}],"replies":[{"embeddable":true,"href":"https:\/\/cloudmlmsoftware.com\/fr\/wp-json\/wp\/v2\/comments?post=8125"}],"version-history":[{"count":0,"href":"https:\/\/cloudmlmsoftware.com\/fr\/wp-json\/wp\/v2\/pages\/8125\/revisions"}],"wp:attachment":[{"href":"https:\/\/cloudmlmsoftware.com\/fr\/wp-json\/wp\/v2\/media?parent=8125"}],"curies":[{"name":"wp","href":"https:\/\/api.w.org\/{rel}","templated":true}]}}