{"id":8065,"date":"2024-07-01T12:35:50","date_gmt":"2024-07-01T12:35:50","guid":{"rendered":"https:\/\/cloudmlmsoftware.com\/temoignages\/"},"modified":"2024-09-25T11:35:47","modified_gmt":"2024-09-25T11:35:47","slug":"testimonials","status":"publish","type":"page","link":"https:\/\/cloudmlmsoftware.com\/fr\/testimonials\/","title":{"rendered":"T\u00e9moignages"},"content":{"rendered":"\n<div class=\"bannerBgcolor BannerBg pt-16 pb-20 relative overflow-hidden\">\n        <div class=\"animation-wrapper\">\n            <div class=\"particle particle-1\"><\/div>\n            <div class=\"particle particle-2\"><\/div>\n            <div class=\"particle particle-3\"><\/div>\n            <div class=\"particle particle-4\"><\/div>\n        <\/div>\n\n        <div class=\"container mx-auto xl:h-[504px] lg:h-[450px] h-auto relative z-1\">\n            <div class=\"flex flex-wrap items-center\">\n                <div class=\"md:basis-5\/12 sm:basis-12\/12 pr-4 pr-0 py-14\">\n                    <img decoding=\"async\" src=\"\/wp-content\/uploads\/2024\/09\/testimonialBanner.webp\" width=\"467\" height=\"340\" alt=\"meilleur logiciel MLM aux Etats-Unis\"\/>\n                <\/div>\n                <div class=\"md:basis-7\/12 sm:basis-12\/12\">\n                    <h1 class=\"lg:text-mainTitleFontSize sm:text-3xl text-3xl text-white lg:leading-snug \"><span class=\"font-bold animate-charcter-offwhite\">Ce que nos clients <\/span> disent de nous<\/h1>\n                    <h2 class=\"offWhite pt-3 text-lg font-light\">Nous construisons des relations de confiance avec nos clients. Nous leur avons \u00e9galement fourni d&#8217;excellents logiciels. Notre devise est de r\u00e9pondre aux besoins de nos clients. Nous sommes ravis de publier ci-dessous les r\u00e9ponses positives de quelques-uns de nos clients.   <\/h2>\n\n\n                <\/div>\n\n            <\/div>\n        <\/div>\n    <\/div>\n","protected":false},"excerpt":{"rendered":"<p>Ce que nos clients disent de nous Nous construisons des relations de confiance avec nos clients. Nous leur avons \u00e9galement fourni d&#8217;excellents logiciels. Notre devise est de r\u00e9pondre aux besoins de nos clients. Nous sommes ravis de publier ci-dessous les r\u00e9ponses positives de quelques-uns de nos clients.<\/p>\n","protected":false},"author":1,"featured_media":0,"parent":0,"menu_order":0,"comment_status":"closed","ping_status":"closed","template":"testimonials-page.php","meta":{"_acf_changed":false,"footnotes":""},"class_list":["post-8065","page","type-page","status-publish","hentry"],"acf":[],"yoast_head":"<!-- This site is optimized with the Yoast SEO Premium plugin v23.6 (Yoast SEO v25.9) - https:\/\/yoast.com\/wordpress\/plugins\/seo\/ -->\n<title>T\u00e9moignages | Logiciel MLM Cloud<\/title>\n<meta name=\"description\" content=\"Lisez les pr\u00e9cieux avis de nos clients sur le logiciel MLM cloud, cela vous aide \u00e0 comprendre pourquoi nous devenons les meilleurs dans l&#039;industrie du MLM.\" \/>\n<meta name=\"robots\" content=\"index, follow, max-snippet:-1, max-image-preview:large, max-video-preview:-1\" \/>\n<link rel=\"canonical\" href=\"https:\/\/cloudmlmsoftware.com\/fr\/testimonials\/\" \/>\n<meta property=\"og:locale\" content=\"fr_FR\" \/>\n<meta property=\"og:type\" content=\"article\" \/>\n<meta property=\"og:title\" content=\"T\u00e9moignages\" \/>\n<meta property=\"og:description\" content=\"Lisez les pr\u00e9cieux avis de nos clients sur le logiciel MLM cloud, cela vous aide \u00e0 comprendre pourquoi nous devenons les meilleurs dans l&#039;industrie du MLM.\" \/>\n<meta property=\"og:url\" content=\"https:\/\/cloudmlmsoftware.com\/fr\/testimonials\/\" \/>\n<meta property=\"og:site_name\" content=\"Cloud MLM Software\" \/>\n<meta property=\"article:modified_time\" content=\"2024-09-25T11:35:47+00:00\" \/>\n<meta name=\"twitter:card\" content=\"summary_large_image\" \/>\n<meta name=\"twitter:label1\" content=\"Dur\u00e9e de lecture estim\u00e9e\" \/>\n\t<meta name=\"twitter:data1\" content=\"1 minute\" \/>\n<!-- \/ Yoast SEO Premium plugin. -->","yoast_head_json":{"title":"T\u00e9moignages | Logiciel MLM Cloud","description":"Lisez les pr\u00e9cieux avis de nos clients sur le logiciel MLM cloud, cela vous aide \u00e0 comprendre pourquoi nous devenons les meilleurs dans l'industrie du MLM.","robots":{"index":"index","follow":"follow","max-snippet":"max-snippet:-1","max-image-preview":"max-image-preview:large","max-video-preview":"max-video-preview:-1"},"canonical":"https:\/\/cloudmlmsoftware.com\/fr\/testimonials\/","og_locale":"fr_FR","og_type":"article","og_title":"T\u00e9moignages","og_description":"Lisez les pr\u00e9cieux avis de nos clients sur le logiciel MLM cloud, cela vous aide \u00e0 comprendre pourquoi nous devenons les meilleurs dans l'industrie du MLM.","og_url":"https:\/\/cloudmlmsoftware.com\/fr\/testimonials\/","og_site_name":"Cloud MLM Software","article_modified_time":"2024-09-25T11:35:47+00:00","twitter_card":"summary_large_image","twitter_misc":{"Dur\u00e9e de lecture estim\u00e9e":"1 minute"},"schema":{"@context":"https:\/\/schema.org","@graph":[{"@type":"WebPage","@id":"https:\/\/cloudmlmsoftware.com\/fr\/testimonials\/","url":"https:\/\/cloudmlmsoftware.com\/fr\/testimonials\/","name":"T\u00e9moignages | Logiciel MLM Cloud","isPartOf":{"@id":"https:\/\/cloudmlmsoftware.com\/fr\/#website"},"datePublished":"2024-07-01T12:35:50+00:00","dateModified":"2024-09-25T11:35:47+00:00","description":"Lisez les pr\u00e9cieux avis de nos clients sur le logiciel MLM cloud, cela vous aide \u00e0 comprendre pourquoi nous devenons les meilleurs dans l'industrie du MLM.","breadcrumb":{"@id":"https:\/\/cloudmlmsoftware.com\/fr\/testimonials\/#breadcrumb"},"inLanguage":"fr-FR","potentialAction":[{"@type":"ReadAction","target":["https:\/\/cloudmlmsoftware.com\/fr\/testimonials\/"]}]},{"@type":"BreadcrumbList","@id":"https:\/\/cloudmlmsoftware.com\/fr\/testimonials\/#breadcrumb","itemListElement":[{"@type":"ListItem","position":1,"name":"Home","item":"https:\/\/cloudmlmsoftware.com\/fr\/"},{"@type":"ListItem","position":2,"name":"T\u00e9moignages"}]},{"@type":"WebSite","@id":"https:\/\/cloudmlmsoftware.com\/fr\/#website","url":"https:\/\/cloudmlmsoftware.com\/fr\/","name":"Cloud MLM Software","description":"","publisher":{"@id":"https:\/\/cloudmlmsoftware.com\/fr\/#organization"},"potentialAction":[{"@type":"SearchAction","target":{"@type":"EntryPoint","urlTemplate":"https:\/\/cloudmlmsoftware.com\/fr\/?s={search_term_string}"},"query-input":{"@type":"PropertyValueSpecification","valueRequired":true,"valueName":"search_term_string"}}],"inLanguage":"fr-FR"},{"@type":"Organization","@id":"https:\/\/cloudmlmsoftware.com\/fr\/#organization","name":"Cloud MLM Software","url":"https:\/\/cloudmlmsoftware.com\/fr\/","logo":{"@type":"ImageObject","inLanguage":"fr-FR","@id":"https:\/\/cloudmlmsoftware.com\/fr\/#\/schema\/logo\/image\/","url":"https:\/\/cloudmlmsoftware.com\/wp-content\/uploads\/2024\/09\/cloudmlm-logo.webp","contentUrl":"https:\/\/cloudmlmsoftware.com\/wp-content\/uploads\/2024\/09\/cloudmlm-logo.webp","width":200,"height":40,"caption":"Cloud MLM Software"},"image":{"@id":"https:\/\/cloudmlmsoftware.com\/fr\/#\/schema\/logo\/image\/"}}]}},"_links":{"self":[{"href":"https:\/\/cloudmlmsoftware.com\/fr\/wp-json\/wp\/v2\/pages\/8065","targetHints":{"allow":["GET"]}}],"collection":[{"href":"https:\/\/cloudmlmsoftware.com\/fr\/wp-json\/wp\/v2\/pages"}],"about":[{"href":"https:\/\/cloudmlmsoftware.com\/fr\/wp-json\/wp\/v2\/types\/page"}],"author":[{"embeddable":true,"href":"https:\/\/cloudmlmsoftware.com\/fr\/wp-json\/wp\/v2\/users\/1"}],"replies":[{"embeddable":true,"href":"https:\/\/cloudmlmsoftware.com\/fr\/wp-json\/wp\/v2\/comments?post=8065"}],"version-history":[{"count":0,"href":"https:\/\/cloudmlmsoftware.com\/fr\/wp-json\/wp\/v2\/pages\/8065\/revisions"}],"wp:attachment":[{"href":"https:\/\/cloudmlmsoftware.com\/fr\/wp-json\/wp\/v2\/media?parent=8065"}],"curies":[{"name":"wp","href":"https:\/\/api.w.org\/{rel}","templated":true}]}}