{"id":8002,"date":"2024-08-10T06:02:15","date_gmt":"2024-08-10T06:02:15","guid":{"rendered":"https:\/\/cloudmlmsoftware.com\/cloud-mlm-mobile-app\/"},"modified":"2025-10-09T07:03:06","modified_gmt":"2025-10-09T07:03:06","slug":"application-mobile-cloud-mlm","status":"publish","type":"page","link":"https:\/\/cloudmlmsoftware.com\/fr\/application-mobile-cloud-mlm\/","title":{"rendered":"cloud-mlm-mobile-app"},"content":{"rendered":"\n<div class=\"bannerBgcolor BannerBg pt-16 pb-20 overflow-hidden relative\">\n   <div class=\"animation-wrapper\">\n      <div class=\"particle particle-1\"><\/div>\n      <div class=\"particle particle-2\"><\/div>\n      <div class=\"particle particle-3\"><\/div>\n      <div class=\"particle particle-4\"><\/div>\n   <\/div>\n   <div class=\"container mx-auto xl:h-[504px] h-auto\">\n      <div class=\"flex flex-wrap md:flex-row flex-col-reverse items-center\">\n         <div class=\"md:basis-7\/12 sm:basis-12\/12 pt-12\">\n            <h1 class=\"lg:text-mainTitleFontSize sm:text-3xl text-3xl text-white lg:leading-snug my-4\"><span class=\"font-bold animate-charcter\">Cloud <\/span>MLM <br\/> Application mobile <\/h1>\n            <p class=\"offlightWhite pt-3 text-md\">Rester \u00e0 la pointe des innovations technologiques a toujours \u00e9t\u00e9 notre priorit\u00e9.\nNous vous pr\u00e9sentons l&#8217;application mobile Cloud MLM, une solution compl\u00e8te con\u00e7ue pour r\u00e9volutionner le mode de fonctionnement des entreprises de marketing \u00e0 paliers multiples.\nDans le but d&#8217;am\u00e9liorer les op\u00e9rations MLM, cette application mobile fournit aux utilisateurs les outils n\u00e9cessaires \u00e0 une gestion efficace, \u00e0 une communication en temps r\u00e9el et \u00e0 une croissance strat\u00e9gique.    <\/p>\n              <div class=\"flex space-x-2 mt-5\"> <img decoding=\"async\" src=\"\/wp-content\/themes\/cloudmlmdemo\/assets\/images\/icon\/App-Store.webp\" \n     width=\"150\" \n     height=\"45\" \n     alt=\"Apple App Store download button for Cloud MLM Mobile App\" \n     class=\"btn1\">\n <a href=\"https:\/\/play.google.com\/store\/apps\/details?id=com.bpract.cloudmlm&#038;pli=1\" target=\"_blank\" rel=\"noopener\" class=\"relative\"><img decoding=\"async\" src=\"\/wp-content\/themes\/cloudmlmdemo\/assets\/images\/icon\/Google-Play.webp\" width=\"150\" height=\"45\" alt=\"mlm software\" class=\"transition-transform transform-gpu hover:scale-[1.02]\"><\/a> <\/div>\n         <\/div>\n         <div class=\"md:basis-5\/12 sm:basis-12\/12 pl-4 pr-0 py-14\"> <img decoding=\"async\" src=\"https:\/\/cloudmlmsoftware.com\/wp-content\/uploads\/2024\/07\/bannerImg.webp\" alt=\"logiciel mlm\" width=\"512\" height=\"422\" class=\"pulseBannerImg\"\/> <\/div>\n      <\/div>\n   <\/div>\n<\/div>\n<!-- ************************************************************************************* --> \n<section class=\"p-sectionpadding\">\n   <div class=\"container mx-auto pt-20\">\n      <div class=\"flex flex-wrap lg:space-x-8\">\n         <div class=\"relative hidden lg:flex lg:flex-1 w-full lg:w-4\/12 primaryColor rounded-2xl p-12 pb-0 mb-2\"> <img decoding=\"async\" src=\"\/wp-content\/uploads\/2024\/07\/customeAdmin-img.webp\" alt=\"Image\" class=\"absolute bottom-0 left-0 right-0 mx-auto\"\/> <\/div>\n         <div class=\"w-full lg:w-8\/12 lighter flex-col flex justify-center rounded-2xl overflow-hidden p-12 mb-2\">\n            <h2 class=\"md:text-TitlesemiFontSize text-2xl lg:leading-snug capitalize\">Connectez-vous avec le monde entier gr\u00e2ce \u00e0 l&#8217;<span class=\"font-bold\">application mobile Cloud MLM<\/span> <\/h2>\n            <p class=\"text-textpara font-light leading-6 py-3\">Dans le monde du marketing de r\u00e9seau, chaque connexion compte.\nL&#8217;application mobile de pointe de Cloud MLM Software r\u00e9pond aux diff\u00e9rents besoins des utilisateurs et les aide \u00e0 rester connect\u00e9s.\nAvec des ann\u00e9es d&#8217;exp\u00e9rience et des connaissances avanc\u00e9es dans la fourniture de solutions logicielles MLM de premier ordre, nous comprenons les d\u00e9fis et les opportunit\u00e9s uniques au sein de l&#8217;industrie.    <\/p>\n            <p class=\"text-textpara font-light leading-6 pb-3\">Nous sommes experts dans la fourniture des meilleures solutions, qu&#8217;il s&#8217;agisse d&#8217;une application MLM iOS ou d&#8217;une application MLM android.\nNotre application mobile garantit que vous \u00eates toujours connect\u00e9 \u00e0 votre r\u00e9seau.\nChaque opportunit\u00e9 est \u00e0 port\u00e9e de main avec l&#8217;utilisation ultime de l&#8217;application mobile Cloud MLM.    <\/p>\n         <\/div>\n      <\/div>\n   <\/div>\n<\/section>\n<!-- ************************************************************************************* --> \n<section class=\"p-sectionpadding\">\n   <div class=\"container mx-auto\">\n      <div class=\"flex flex-wrap\">\n         <div class=\"w-full md:w-6\/12\">\n            <h3 class=\"lg:text-TitlesemiFontSize text-2xl titleColor lg:leading-snug mt-3\">  Fa\u00e7onner l&#8217;avenir du MLM avec notre <span class=\"font-bold\"> application mobile <\/span>  <\/h3>\n            <p class=\"text-textSubtitle contentColor text-sm font-light pt-5 leading-6 mb-3\">L&#8217;application mobile Cloud MLM assure une communication transparente entre les utilisateurs et leur ligne ascendante, leur ligne descendante et leurs prospects.  <\/p>\n         <\/div>\n         <div class=\"w-full flex flex-wrap pt-2 justify-between\">\n            <div class=\"primaryColor px-8 py-10 mt-2 rounded-xl mt-3 w-full lg:w-1\/3 lg:my-4 my-0 relative overflow-hidden\">\n               <h4 class=\"text-white text-2xl mt-4\">Fa\u00e7onner l&#8217;avenir du MLM avec notre application mobile<\/h4>\n               <p class=\"text-textSubtitle text-white text-sm font-light pt-3 leading-6 mb-3\">L&#8217;application mobile Cloud MLM assure une communication transparente entre les utilisateurs et leur ligne ascendante, leur ligne descendante et leurs prospects.<\/p>\n               <img decoding=\"async\" src=\"\/wp-content\/uploads\/2024\/07\/customeAdmin-img.webp\" alt=\"Image\" class=\"relative lg:absolute bottom-[-50px] left-0 right-0 mx-auto\"\/> \n            <\/div>\n            <div class=\"w-full lg:w-1\/3 px-0 lg:px-2 lg:py-2 py-0 flex flex-col justify-between pl-0 lg:pl-4\">\n               <div class=\"lighter px-8 py-8 rounded-xl mt-2 text-lg\">\n                  <h4 class=\"font-semibold text-lg\">Une connectivit\u00e9 sans faille<\/h4>\n                  <p class=\"text-textSubtitle contentColor text-sm font-light pt-3 leading-6 mb-3\">  Int\u00e9grez le chat, le courrier \u00e9lectronique et les appels in-app pour rationaliser la communication au sein du r\u00e9seau et am\u00e9liorer la collaboration et l&#8217;assistance.  <\/p>\n               <\/div>\n               <div class=\"lighter px-8 py-8 rounded-xl mt-2 text-lg\">\n                  <h4 class=\"font-semibold text-lg\">Suivi des performances<\/h4>\n                  <p class=\"text-textSubtitle contentColor text-sm font-light pt-3 leading-6 mb-3\">  Notre application de marketing de r\u00e9seau est \u00e9quip\u00e9e d&#8217;outils complets de reporting et de suivi des performances.<\/p>\n               <\/div>\n            <\/div>\n            <div class=\"w-full lg:w-1\/3 px-0 lg:px-2 lg:py-2 py-0 flex flex-col justify-between\">\n               <div class=\"lighter px-8 py-8 rounded-xl mt-2 text-lg\">\n                  <h4 class=\"font-semibold text-lg\">Mobilit\u00e9 et flexibilit\u00e9<\/h4>\n                  <p class=\"text-textSubtitle contentColor text-sm font-light pt-3 leading-6 mb-3\">Gr\u00e2ce \u00e0 sa flexibilit\u00e9, notre application mobile avanc\u00e9e permet de communiquer, de suivre les progr\u00e8s de l&#8217;\u00e9quipe et d&#8217;effectuer des op\u00e9rations commerciales sans effort.\nfaites court.   <\/p>\n               <\/div>\n               <div class=\"lighter px-8 py-8 rounded-xl mt-2 text-lg\">\n                  <h4 class=\"font-semibold text-lg\">Communication instantan\u00e9e<\/h4>\n                  <p class=\"text-textSubtitle contentColor text-sm font-light pt-3 leading-6 mb-3\">  L&#8217;application mobile Cloud MLM assure une communication transparente entre les utilisateurs et leur ligne ascendante, leur ligne descendante et leurs prospects.<\/p>\n               <\/div>\n            <\/div>\n         <\/div>\n      <\/div>\n   <\/div>\n<\/section>\n<!-- ************************************************************************************* --> \n<section class=\"p-sectionpadding\">\n   <div class=\"container mx-auto\">\n      <div class=\"w-full flex lg:flex-wrap flex-wrap-reverse pt-2 justify-between\">\n         <div class=\"w-full lg:w-1\/3 px-0 lg:px-2 lg:py-2 py-0 flex flex-col justify-between pl-0 lg:pl-4\">\n            <div class=\"lighter px-4 py-4 rounded-xl mt-2 text-lg\">\n               <h4 class=\"font-semibold text-lg\">Tableau de bord<\/h4>\n               <p class=\"text-textSubtitle contentColor text-sm font-light pt-2 leading-6 mb-2\">  Les utilisateurs re\u00e7oivent une vue d&#8217;ensemble compl\u00e8te de leur activit\u00e9 MLM, mettant en \u00e9vidence des facteurs cl\u00e9s tels que les ventes, les commissions et l&#8217;efficacit\u00e9 de l&#8217;\u00e9quipe.  <\/p>\n            <\/div>\n            <div class=\"lighter px-4 py-4 rounded-xl mt-2 text-lg\">\n               <h4 class=\"font-semibold text-lg\">Portefeuille \u00e9lectronique<\/h4>\n               <p class=\"text-textSubtitle contentColor text-sm font-light pt-2 leading-6 mb-2\">  L&#8217;application mobile MLM offre aux utilisateurs un environnement s\u00e9curis\u00e9 pour conserver et contr\u00f4ler leurs finances num\u00e9riques dans le cadre de l&#8217;activit\u00e9 MLM.<\/p>\n            <\/div>\n            <div class=\"lighter px-4 py-4 rounded-xl mt-2 text-lg\">\n               <h4 class=\"font-semibold text-lg\">Gestion de la lign\u00e9e descendante<\/h4>\n               <p class=\"text-textSubtitle contentColor text-sm font-light pt-2 leading-6 mb-2\">  Outils de gestion efficaces pour superviser les activit\u00e9s de la lign\u00e9e descendante, y compris le recrutement, la formation et le suivi des ventes.\nCette fonction permet d&#8217;\u00e9laborer des strat\u00e9gies et de soutenir les membres de la lign\u00e9e descendante en vue d&#8217;une croissance mutuelle. <\/p>\n            <\/div>\n         <\/div>\n         <div class=\"w-full lg:w-1\/3 px-0 lg:px-2 lg:py-2 py-0 flex flex-col justify-between\">\n            <div class=\"lighter px-4 py-4 rounded-xl mt-2 text-lg\">\n               <h4 class=\"font-semibold text-lg\">Rapports<\/h4>\n               <p class=\"text-textSubtitle contentColor text-sm font-light pt-2 leading-6 mb-2\">Les utilisateurs ont acc\u00e8s \u00e0 des analyses d\u00e9taill\u00e9es et \u00e0 des informations pr\u00e9cieuses sur les ventes, l&#8217;expansion de l&#8217;\u00e9quipe, les commissions et bien d&#8217;autres param\u00e8tres essentiels.  <\/p>\n            <\/div>\n            <div class=\"lighter px-4 py-4 rounded-xl mt-2 text-lg\">\n               <h4 class=\"font-semibold text-lg\">Support multilingue<\/h4>\n               <p class=\"text-textSubtitle contentColor text-sm font-light pt-2 leading-6 mb-2\">L&#8217;application mobile Cloud MLM prend en charge les syst\u00e8mes de traduction multilingue con\u00e7us pour convertir le texte ou la parole d&#8217;une langue \u00e0 l&#8217;autre.<\/p>\n            <\/div>\n            <div class=\"lighter px-4 py-4 rounded-xl mt-2 text-lg\">\n               <h4 class=\"font-semibold text-lg\">Formation et ressources<\/h4>\n               <p class=\"text-textSubtitle contentColor text-sm font-light pt-2 leading-6 mb-2\">Une biblioth\u00e8que de mat\u00e9riel et de ressources de formation accessible partout et \u00e0 tout moment.\nCeci est essentiel pour le d\u00e9veloppement continu et le succ\u00e8s des distributeurs. <\/p>\n            <\/div>\n         <\/div>\n         <div class=\"pl-0 md:pl-8 py-0 mt-2 rounded-xl mt-3 w-full lg:w-1\/3 lg:my-4 my-0 relative overflow-hidden\"> <img decoding=\"async\" src=\"https:\/\/cloudmlmsoftware.com\/sites\/all\/themes\/cloudmlm\/assets\/images\/mobileAppFull.webp\" alt=\"Image\" class=\"relative mx-auto\"\/> <\/div>\n      <\/div>\n   <\/div>\n<\/section>\n<!-- ************************************************************************************* --> \n<section class=\"p-sectionpadding\">\n   <div class=\"container mx-auto\">\n      <div class=\"relative lighter rounded-2xl p-6 md:p-12 py-16 overflow-hidden\">\n         <div class=\"flex flex-wrap md:flex-row flex-col-reverse\">\n            <div class=\" w-full md:w-9\/12 pb-4\">\n               <h4 class=\"md:text-TitlesemiFontSize text-2xl lg:leading-snug capitalize\"> <span class=\"font-bold\">Boostez vos op\u00e9rations MLM <\/span> <br\/> avec les applications MLM en nuage  <\/h4>\n               <p class=\"text-textpara font-light leading-6 py-3\">Notre application mobile MLM est con\u00e7ue pour permettre aux entrepreneurs et aux soci\u00e9t\u00e9s de marketing de r\u00e9seau de disposer d&#8217;une plateforme robuste qui simplifie les complexit\u00e9s et amplifie les opportunit\u00e9s.\nQu&#8217;il s&#8217;agisse de g\u00e9rer votre \u00e9quipe, de suivre vos progr\u00e8s ou de vous engager avec votre r\u00e9seau, notre application offre une suite compl\u00e8te de fonctionnalit\u00e9s con\u00e7ues pour mener votre entreprise vers de nouveaux sommets. <\/p>\n            <\/div>\n            <div class=\"relative w-full md:w-3\/12 bottom-0 right-0 mb-6 md:mb-0\"> <img decoding=\"async\" src=\"\/wp-content\/uploads\/2024\/06\/brandtheme-img.webp\" alt=\"Image\" class=\"md:absolute bottom-[-80px] right-[-50px] w-full\"\/> <\/div>\n         <\/div>\n      <\/div>\n   <\/div>\n<\/section>\n","protected":false},"excerpt":{"rendered":"<p>Cloud MLM Application mobile Rester \u00e0 la pointe des innovations technologiques a toujours \u00e9t\u00e9 notre priorit\u00e9. Nous vous pr\u00e9sentons l&#8217;application mobile Cloud MLM, une solution compl\u00e8te con\u00e7ue pour r\u00e9volutionner le mode de fonctionnement des entreprises de marketing \u00e0 paliers multiples. Dans le but d&#8217;am\u00e9liorer les op\u00e9rations MLM, cette application mobile fournit aux utilisateurs les outils [&hellip;]<\/p>\n","protected":false},"author":1,"featured_media":0,"parent":0,"menu_order":0,"comment_status":"closed","ping_status":"closed","template":"cloudmlmmobileapp-page.php","meta":{"_acf_changed":false,"footnotes":""},"class_list":["post-8002","page","type-page","status-publish","hentry"],"acf":[],"yoast_head":"<!-- This site is optimized with the Yoast SEO Premium plugin v23.6 (Yoast SEO v25.9) - https:\/\/yoast.com\/wordpress\/plugins\/seo\/ -->\n<title>Application mobile MLM - Am\u00e9liorez votre strat\u00e9gie commerciale MLM<\/title>\n<meta name=\"description\" content=\"Application mobile MLM con\u00e7ue pour simplifier votre activit\u00e9 de marketing de r\u00e9seau. Suivez les prospects, g\u00e9rez les \u00e9quipes et d\u00e9veloppez votre activit\u00e9 MLM\" \/>\n<meta name=\"robots\" content=\"index, follow, max-snippet:-1, max-image-preview:large, max-video-preview:-1\" \/>\n<link rel=\"canonical\" href=\"https:\/\/cloudmlmsoftware.com\/fr\/application-mobile-cloud-mlm\/\" \/>\n<meta property=\"og:locale\" content=\"fr_FR\" \/>\n<meta property=\"og:type\" content=\"article\" \/>\n<meta property=\"og:title\" content=\"cloud-mlm-mobile-app\" \/>\n<meta property=\"og:description\" content=\"Application mobile MLM con\u00e7ue pour simplifier votre activit\u00e9 de marketing de r\u00e9seau. Suivez les prospects, g\u00e9rez les \u00e9quipes et d\u00e9veloppez votre activit\u00e9 MLM\" \/>\n<meta property=\"og:url\" content=\"https:\/\/cloudmlmsoftware.com\/fr\/application-mobile-cloud-mlm\/\" \/>\n<meta property=\"og:site_name\" content=\"Cloud MLM Software\" \/>\n<meta property=\"article:modified_time\" content=\"2025-10-09T07:03:06+00:00\" \/>\n<meta property=\"og:image\" content=\"https:\/\/cloudmlmsoftware.com\/wp-content\/uploads\/2024\/07\/bannerImg.webp\" \/>\n<meta name=\"twitter:card\" content=\"summary_large_image\" \/>\n<meta name=\"twitter:label1\" content=\"Dur\u00e9e de lecture estim\u00e9e\" \/>\n\t<meta name=\"twitter:data1\" content=\"5 minutes\" \/>\n<!-- \/ Yoast SEO Premium plugin. -->","yoast_head_json":{"title":"Application mobile MLM - Am\u00e9liorez votre strat\u00e9gie commerciale MLM","description":"Application mobile MLM con\u00e7ue pour simplifier votre activit\u00e9 de marketing de r\u00e9seau. Suivez les prospects, g\u00e9rez les \u00e9quipes et d\u00e9veloppez votre activit\u00e9 MLM","robots":{"index":"index","follow":"follow","max-snippet":"max-snippet:-1","max-image-preview":"max-image-preview:large","max-video-preview":"max-video-preview:-1"},"canonical":"https:\/\/cloudmlmsoftware.com\/fr\/application-mobile-cloud-mlm\/","og_locale":"fr_FR","og_type":"article","og_title":"cloud-mlm-mobile-app","og_description":"Application mobile MLM con\u00e7ue pour simplifier votre activit\u00e9 de marketing de r\u00e9seau. Suivez les prospects, g\u00e9rez les \u00e9quipes et d\u00e9veloppez votre activit\u00e9 MLM","og_url":"https:\/\/cloudmlmsoftware.com\/fr\/application-mobile-cloud-mlm\/","og_site_name":"Cloud MLM Software","article_modified_time":"2025-10-09T07:03:06+00:00","og_image":[{"url":"https:\/\/cloudmlmsoftware.com\/wp-content\/uploads\/2024\/07\/bannerImg.webp","type":"","width":"","height":""}],"twitter_card":"summary_large_image","twitter_misc":{"Dur\u00e9e de lecture estim\u00e9e":"5 minutes"},"schema":{"@context":"https:\/\/schema.org","@graph":[{"@type":"WebPage","@id":"https:\/\/cloudmlmsoftware.com\/fr\/application-mobile-cloud-mlm\/","url":"https:\/\/cloudmlmsoftware.com\/fr\/application-mobile-cloud-mlm\/","name":"Application mobile MLM - Am\u00e9liorez votre strat\u00e9gie commerciale MLM","isPartOf":{"@id":"https:\/\/cloudmlmsoftware.com\/fr\/#website"},"primaryImageOfPage":{"@id":"https:\/\/cloudmlmsoftware.com\/fr\/application-mobile-cloud-mlm\/#primaryimage"},"image":{"@id":"https:\/\/cloudmlmsoftware.com\/fr\/application-mobile-cloud-mlm\/#primaryimage"},"thumbnailUrl":"https:\/\/cloudmlmsoftware.com\/wp-content\/uploads\/2024\/07\/bannerImg.webp","datePublished":"2024-08-10T06:02:15+00:00","dateModified":"2025-10-09T07:03:06+00:00","description":"Application mobile MLM con\u00e7ue pour simplifier votre activit\u00e9 de marketing de r\u00e9seau. Suivez les prospects, g\u00e9rez les \u00e9quipes et d\u00e9veloppez votre activit\u00e9 MLM","breadcrumb":{"@id":"https:\/\/cloudmlmsoftware.com\/fr\/application-mobile-cloud-mlm\/#breadcrumb"},"inLanguage":"fr-FR","potentialAction":[{"@type":"ReadAction","target":["https:\/\/cloudmlmsoftware.com\/fr\/application-mobile-cloud-mlm\/"]}]},{"@type":"ImageObject","inLanguage":"fr-FR","@id":"https:\/\/cloudmlmsoftware.com\/fr\/application-mobile-cloud-mlm\/#primaryimage","url":"https:\/\/cloudmlmsoftware.com\/wp-content\/uploads\/2024\/07\/bannerImg.webp","contentUrl":"https:\/\/cloudmlmsoftware.com\/wp-content\/uploads\/2024\/07\/bannerImg.webp"},{"@type":"BreadcrumbList","@id":"https:\/\/cloudmlmsoftware.com\/fr\/application-mobile-cloud-mlm\/#breadcrumb","itemListElement":[{"@type":"ListItem","position":1,"name":"Home","item":"https:\/\/cloudmlmsoftware.com\/fr\/"},{"@type":"ListItem","position":2,"name":"cloud-mlm-mobile-app"}]},{"@type":"WebSite","@id":"https:\/\/cloudmlmsoftware.com\/fr\/#website","url":"https:\/\/cloudmlmsoftware.com\/fr\/","name":"Cloud MLM Software","description":"","publisher":{"@id":"https:\/\/cloudmlmsoftware.com\/fr\/#organization"},"potentialAction":[{"@type":"SearchAction","target":{"@type":"EntryPoint","urlTemplate":"https:\/\/cloudmlmsoftware.com\/fr\/?s={search_term_string}"},"query-input":{"@type":"PropertyValueSpecification","valueRequired":true,"valueName":"search_term_string"}}],"inLanguage":"fr-FR"},{"@type":"Organization","@id":"https:\/\/cloudmlmsoftware.com\/fr\/#organization","name":"Cloud MLM Software","url":"https:\/\/cloudmlmsoftware.com\/fr\/","logo":{"@type":"ImageObject","inLanguage":"fr-FR","@id":"https:\/\/cloudmlmsoftware.com\/fr\/#\/schema\/logo\/image\/","url":"https:\/\/cloudmlmsoftware.com\/wp-content\/uploads\/2024\/09\/cloudmlm-logo.webp","contentUrl":"https:\/\/cloudmlmsoftware.com\/wp-content\/uploads\/2024\/09\/cloudmlm-logo.webp","width":200,"height":40,"caption":"Cloud MLM Software"},"image":{"@id":"https:\/\/cloudmlmsoftware.com\/fr\/#\/schema\/logo\/image\/"}}]}},"_links":{"self":[{"href":"https:\/\/cloudmlmsoftware.com\/fr\/wp-json\/wp\/v2\/pages\/8002","targetHints":{"allow":["GET"]}}],"collection":[{"href":"https:\/\/cloudmlmsoftware.com\/fr\/wp-json\/wp\/v2\/pages"}],"about":[{"href":"https:\/\/cloudmlmsoftware.com\/fr\/wp-json\/wp\/v2\/types\/page"}],"author":[{"embeddable":true,"href":"https:\/\/cloudmlmsoftware.com\/fr\/wp-json\/wp\/v2\/users\/1"}],"replies":[{"embeddable":true,"href":"https:\/\/cloudmlmsoftware.com\/fr\/wp-json\/wp\/v2\/comments?post=8002"}],"version-history":[{"count":1,"href":"https:\/\/cloudmlmsoftware.com\/fr\/wp-json\/wp\/v2\/pages\/8002\/revisions"}],"predecessor-version":[{"id":28358,"href":"https:\/\/cloudmlmsoftware.com\/fr\/wp-json\/wp\/v2\/pages\/8002\/revisions\/28358"}],"wp:attachment":[{"href":"https:\/\/cloudmlmsoftware.com\/fr\/wp-json\/wp\/v2\/media?parent=8002"}],"curies":[{"name":"wp","href":"https:\/\/api.w.org\/{rel}","templated":true}]}}