{"id":8000,"date":"2024-08-10T06:06:45","date_gmt":"2024-08-10T06:06:45","guid":{"rendered":"https:\/\/cloudmlmsoftware.com\/script-hyip\/"},"modified":"2024-12-02T06:21:06","modified_gmt":"2024-12-02T06:21:06","slug":"script-hyip","status":"publish","type":"page","link":"https:\/\/cloudmlmsoftware.com\/fr\/script-hyip\/","title":{"rendered":"Script HYIP"},"content":{"rendered":"\n<div class=\"bannerBgcolor BannerBg pt-16 pb-20 overflow-hidden relative\">\n   <div class=\"animation-wrapper\">\n      <div class=\"particle particle-1\"><\/div>\n      <div class=\"particle particle-2\"><\/div>\n      <div class=\"particle particle-3\"><\/div>\n      <div class=\"particle particle-4\"><\/div>\n   <\/div>\n   <div class=\"container mx-auto xl:h-[504px] h-auto\">\n      <div class=\"flex flex-wrap md:flex-row flex-col-reverse items-center\">\n         <div class=\"md:basis-7\/12 sm:basis-12\/12 pt-12\">\n            <h1 class=\"lg:text-mainTitleFontSize sm:text-3xl text-3xl text-white lg:leading-snug my-4\"><span class=\"font-bold\">Qu&#8217;est-ce qu&#8217;un <\/span><span class=\"font-bold animate-charcter-offwhite\"> script HYIP ?<\/span><\/h1>\n            <p class=\"offlightWhite pt-3 text-md\">Le logiciel HYIP est une solution logicielle avanc\u00e9e con\u00e7ue pour cr\u00e9er et exploiter des plateformes d&#8217;investissement en ligne qui promettent des rendements \u00e9lev\u00e9s.\nConnu sous le nom de High Yield Investment Program (HYIP), il est devenu populaire en tant qu&#8217;option d&#8217;investissement en raison de sa promesse de rendements substantiels sur une courte p\u00e9riode. <\/p>\n            <p class=\"offlightWhite pt-3 text-md\">En r\u00e9ponse \u00e0 cette tendance croissante, nous avons incorpor\u00e9 un script HYIP dans notre logiciel MLM, marquant ainsi une innovation significative dans l&#8217;industrie.\nCe script est un \u00e9l\u00e9ment cl\u00e9 de tout logiciel moderne de marketing multi-niveaux (MLM).\nIl facilite la gestion des plans d&#8217;investissement et le suivi des gains.    <\/p>\n         <\/div>\n         <div class=\"md:basis-5\/12 sm:basis-12\/12 pl-4 pr-0 py-14\"> <img decoding=\"async\" src=\"\/wp-content\/uploads\/2024\/08\/directselling.webp\" alt=\"logiciel MLM\" width=\"512\" height=\"422\" class=\"pulseBannerImg\"\/> <\/div>\n      <\/div>\n   <\/div>\n<\/div>\n<!-- ********************************************************* --> \n<section class=\"p-sectionpadding\">\n   <div class=\"container mx-auto pt-20\">\n      <div class=\"flex flex-wrap lg:space-x-8 mt-5\">\n         <div class=\"w-full lg:w-8\/12 overflow-hidden lighter rounded-2xl px-6 md:px-8 py-10 md:py-8 mb-2\">\n            <h2 class=\"text-3xl titleColor lg:leading-snug\">  Pourquoi le <span class=\"font-bold\"> script HYIP<\/span> <br\/> est-il important dans un logiciel MLM ?  <\/h2>\n            <p class=\"font-light pt-3 leading-6\">  L&#8217;int\u00e9gration d&#8217;un script HYIP dans un logiciel MLM est cruciale.\nElle apporte plusieurs avantages,   <\/p>\n            <ul class=\"flex flex-wrap space-x-2 mt-6 ml-[-12px] list1\">\n               <li class=\"text-textpara contentColor font-light leading-6 mb-3 ml-2\">\n                  <b class=\"font-semibold text-lg\">Gestion efficace<\/b> \n                  <p class=\"font-light pt-1 leading-6\">  Il simplifie la gestion des plans d&#8217;investissement et des paiements complexes.  <\/p>\n               <\/li>\n               <li class=\"text-textpara contentColor font-light leading-6 mb-3 ml-2\">\n                  <b class=\"font-semibold text-lg\">Suivi et rapports<\/b> \n                  <p class=\"font-light pt-1 leading-6\">  Fournit des rapports d\u00e9taill\u00e9s et des options de suivi pour un meilleur contr\u00f4le.  <\/p>\n               <\/li>\n               <li class=\"text-textpara contentColor font-light leading-6 mb-3 ml-2\">\n                  <b class=\"font-semibold text-lg\">Convivialit\u00e9<\/b> \n                  <p class=\"font-light pt-1 leading-6\">  Facilite la navigation et l&#8217;utilisation de la plateforme, tant pour les administrateurs que pour les utilisateurs.  <\/p>\n               <\/li>\n            <\/ul>\n         <\/div>\n         <div class=\"lg:flex-1 w-full lg:w-4\/12 primaryColor rounded-2xl px-6 md:px-12 py-10 md:py-12 mb-2 relative overflow-hidden\">\n            <p><\/p>\n            <p class=\"text-white font-light pt-3 leading-6 offWhite\">  Chaque entreprise est unique, tout comme ses besoins.\nLa personnalisation du script HYIP est vitale car il peut \u00eatre adapt\u00e9 pour r\u00e9pondre aux exigences sp\u00e9cifiques de l&#8217;entreprise, s&#8217;ajuster aux besoins croissants des entreprises et offrir des fonctionnalit\u00e9s plus attrayantes pour des groupes d&#8217;utilisateurs sp\u00e9cifiques.\nCette flexibilit\u00e9 garantit que le script peut s&#8217;adapter et am\u00e9liorer votre mod\u00e8le commercial unique, amplifiant ainsi votre pr\u00e9sence et votre trafic en ligne.    <\/p>\n         <\/div>\n      <\/div>\n      <p> <\/p>\n   <\/div>\n<\/section>\n<!-- ************************************************************************************* --> \n<section class=\"p-sectionpadding\">\n   <div class=\"container mx-auto\">\n      <div class=\"flex flex-wrap lg:space-x-8 mt-5\">\n         <div class=\"lg:flex-1 w-full lg:w-4\/12 primaryColor rounded-2xl px-6 md:px-12 py-10 md:py-12 mb-2 relative overflow-hidden\"> <img decoding=\"async\" src=\"\/wp-content\/uploads\/2024\/09\/features.webp\" alt=\"Image\" class=\"relative lg:absolute bottom-0 left-0 right-0 mx-auto\"\/> <\/div>\n         <div class=\"w-full lg:w-8\/12 overflow-hidden lighter rounded-2xl px-6 md:px-8 py-10 md:py-8 mb-2\">\n            <h3 class=\"text-3xl titleColor lg:leading-snug\"> Principales fonctionnalit\u00e9s du <span class=\"font-bold\">script HYIP<\/span> de CloudMLM <\/h3>\n            <p class=\"font-light pt-3 leading-6\">  Notre script HYIP, int\u00e9gr\u00e9 dans un logiciel MLM, pr\u00e9sente plusieurs caract\u00e9ristiques.  <\/p>\n            <ul class=\"flex flex-wrap space-x-2 mt-6 ml-[-12px] list1\">\n               <li class=\"text-textpara contentColor font-light leading-6 mb-3 ml-2\">\n                  <b class=\"font-semibold text-lg\">Interface conviviale pour l&#8217;utilisateur<\/b> \n                  <p class=\"font-light pt-1 leading-6\">  Notre script HYIP est dot\u00e9 d&#8217;une interface conviviale qui simplifie la navigation et l&#8217;utilisation, ce qui le rend accessible aux utilisateurs ayant diff\u00e9rents niveaux de connaissances techniques.  <\/p>\n               <\/li>\n               <li class=\"text-textpara contentColor font-light leading-6 mb-3 ml-2\">\n                  <b class=\"font-semibold text-lg\">Support multilingue<\/b> \n                  <p class=\"font-light pt-1 leading-6\">  Pour r\u00e9pondre aux besoins d&#8217;un public international, le script prend en charge plusieurs langues, ce qui le rend accessible aux utilisateurs de diff\u00e9rents milieux linguistiques.  <\/p>\n               <\/li>\n               <li class=\"text-textpara contentColor font-light leading-6 mb-3 ml-2\">\n                  <b class=\"font-semibold text-lg\">Cadre technologique<\/b> \n                  <p class=\"font-light pt-1 leading-6\">  Construit sur le cadre PHP-MVC, il s&#8217;appuie sur une pile technologique famili\u00e8re et largement utilis\u00e9e.  <\/p>\n               <\/li>\n            <\/ul>\n         <\/div>\n      <\/div>\n   <\/div>\n<\/section>\n<!-- ********************************************************* --> \n<section class=\"p-sectionpadding\">\n   <div class=\"container mx-auto\">\n      <div class=\"flex flex-wrap\">\n         <div class=\"w-full md:w-8\/12\">\n            <h3 class=\"lg:text-TitlesemiFontSize text-2xl titleColor lg:leading-snug mt-3\"> <span class=\"font-bold\"> Fonctionnalit\u00e9s <\/span> avanc\u00e9es   <\/h3>\n            <p class=\"text-textSubtitle contentColor text-sm font-light pt-5 leading-6 mb-3\">  Notre script HYIP int\u00e9gr\u00e9 au logiciel MLM n&#8217;est pas seulement une solution technologique ; c&#8217;est un outil strat\u00e9gique qui \u00e9l\u00e8ve votre entreprise dans le domaine de l&#8217;investissement \u00e0 haut rendement.  <\/p>\n         <\/div>\n         <div class=\"w-full flex flex-wrap pt-2 justify-between\">\n            <div class=\"w-full lg:w-1\/3 pr-0 lg:pr-2 lg:py-2 py-0 flex flex-col justify-between\">\n               <div class=\"lighter px-7 py-7 rounded-xl mt-3 text-lg h-full\">\n                  <h4 class=\"font-semibold text-lg\">Cadre MVC<\/h4>\n                  <p class=\"text-textSubtitle contentColor text-sm font-light pt-3 leading-6 mb-3\">  R\u00e9dig\u00e9 dans le cadre de Model View Controller (MVC), il simplifie la cr\u00e9ation et la gestion de nouveaux sites web d&#8217;investissement avec un minimum de connaissances en mati\u00e8re de codage.  <\/p>\n               <\/div>\n            <\/div>\n            <div class=\"w-full lg:w-1\/3 px-0 lg:px-2 lg:py-2 py-0 flex flex-col justify-between\">\n               <div class=\"lighter px-7 py-7 rounded-xl mt-3 text-lg h-full\">\n                  <h4 class=\"font-semibold text-lg\">Prise en charge de plusieurs devises<\/h4>\n                  <p class=\"text-textSubtitle contentColor text-sm font-light pt-3 leading-6 mb-3\">  Il prend en charge plusieurs devises internationales, offrant ainsi des options de paiement flexibles aux utilisateurs.  <\/p>\n               <\/div>\n            <\/div>\n            <div class=\"w-full lg:w-1\/3 pl-0 lg:pl-2 lg:py-2 py-0 flex flex-col justify-between\">\n               <div class=\"lighter px-7 py-7 rounded-xl mt-3 text-lg h-full\">\n                  <h4 class=\"font-semibold text-lg\">Param\u00e8tres SMTP<\/h4>\n                  <p class=\"text-textSubtitle contentColor text-sm font-light pt-3 leading-6 mb-3\">  Permet de personnaliser les param\u00e8tres du protocole de transfert de courrier simple pour rationaliser les communications par courrier \u00e9lectronique.  <\/p>\n               <\/div>\n            <\/div>\n            <div class=\"w-full lg:w-1\/3 lg:py-2 py-0 flex flex-col justify-between pl-0 lg:pr-2\">\n               <div class=\"lighter px-7 py-7 rounded-xl mt-3 text-lg h-full\">\n                  <h4 class=\"font-semibold text-lg\">Syst\u00e8mes de paiement automatis\u00e9s<\/h4>\n                  <p class=\"text-textSubtitle contentColor text-sm font-light pt-3 leading-6 mb-3\">  Il comprend des syst\u00e8mes de paiement automatis\u00e9s qui prennent en charge diverses passerelles de paiement, garantissant ainsi un traitement fluide et efficace des transactions.  <\/p>\n               <\/div>\n            <\/div>\n            <div class=\"w-full lg:w-1\/3 px-0 lg:px-2 lg:py-2 py-0 flex flex-col justify-between\">\n               <div class=\"lighter px-7 py-7 rounded-xl mt-3 text-lg h-full\">\n                  <h4 class=\"font-semibold text-lg\">Syst\u00e8me de d\u00e9p\u00f4t convivial<\/h4>\n                  <p class=\"text-textSubtitle contentColor text-sm font-light pt-3 leading-6 mb-3\">  Incorpore les principales passerelles de paiement, ce qui simplifie le processus de d\u00e9p\u00f4t pour les utilisateurs.  <\/p>\n               <\/div>\n            <\/div>\n            <div class=\"w-full lg:w-1\/3 pl-0 lg:pl-2 lg:py-2 py-0 flex flex-col justify-between\">\n               <div class=\"lighter px-7 py-7 rounded-xl mt-3 text-lg h-full\">\n                  <h4 class=\"font-semibold text-lg\">Importation\/exportation de donn\u00e9es<\/h4>\n                  <p class=\"text-textSubtitle contentColor text-sm font-light pt-3 leading-6 mb-3\">  Offre une gestion ais\u00e9e des donn\u00e9es gr\u00e2ce \u00e0 la prise en charge de diff\u00e9rents formats de fichiers, exclusivement accessibles aux administrateurs.  <\/p>\n               <\/div>\n            <\/div>\n            <div class=\"w-full lg:w-4\/12 pr-0 lg:pr-2 lg:py-2 py-0 flex flex-col justify-between\">\n               <div class=\"lighter px-7 py-7 rounded-xl mt-3 text-lg h-full\">\n                  <h4 class=\"font-semibold text-lg\">Gestion illimit\u00e9e des r\u00f4les<\/h4>\n                  <p class=\"text-textSubtitle contentColor text-sm font-light pt-3 leading-6 mb-3\">  Permet un contr\u00f4le d&#8217;acc\u00e8s bas\u00e9 sur les r\u00f4les, am\u00e9liorant ainsi la s\u00e9curit\u00e9 des donn\u00e9es et l&#8217;efficacit\u00e9 de la gestion.  <\/p>\n               <\/div>\n            <\/div>\n            <div class=\"w-full lg:w-8\/12 pl-0 lg:pl-2 lg:py-2 py-0 flex flex-col justify-between\">\n               <div class=\"lighter px-7 py-7 rounded-xl mt-3 text-lg h-full\">\n                  <p class=\"text-textSubtitle contentColor text-sm font-light pt-3 leading-6 mb-3\">  Ces caract\u00e9ristiques suppl\u00e9mentaires, combin\u00e9es aux caract\u00e9ristiques fondamentales de notre script HYIP, cr\u00e9ent un outil puissant, polyvalent et s\u00e9curis\u00e9, am\u00e9liorant l&#8217;efficacit\u00e9 et l&#8217;attrait des logiciels MLM dans le secteur comp\u00e9titif de l&#8217;investissement.  <\/p>\n               <\/div>\n            <\/div>\n         <\/div>\n      <\/div>\n   <\/div>\n<\/section>\n\n\n<section class=\"p-sectionpadding\">\n   <div class=\"container mx-auto\">\n      <div class=\"relative lighter rounded-2xl p-6 md:p-12 py-16 overflow-hidden\">\n         <div class=\"flex flex-wrap md:flex-row flex-col-reverse\">\n            <div class=\"w-full md:w-9\/12 pb-4\">\n               <h4 class=\"md:text-TitlesemiFontSize text-2xl lg:leading-snug capitalize\">\n                  <span class=\"font-bold\">D\u00e9marrez avec la<\/span> d\u00e9mo du script HYIP <br\/>  <\/h4>\n               <p class=\"text-textpara font-light leading-6 py-3\"> Avec son m\u00e9lange de personnalisation, de fonctionnalit\u00e9s avanc\u00e9es et de conception conviviale, le module HYIP est un atout inestimable pour toute personne cherchant \u00e0 se faire une place dans le monde des investissements en ligne. <\/p>\n               <p class=\"text-textpara font-light leading-6 py-3\"> Essayez notre d\u00e9mo gratuite du logiciel MLM et d\u00e9veloppez un script HYIP adapt\u00e9 aux besoins sp\u00e9cifiques de votre entreprise. <\/p>\n               <div class=\"flex space-x-4 mt-6\">\n                   <a href=\"\/pricing\" target=\"_blank\" rel=\"noopener\" class=\"bg-blue-500 text-white py-2 px-4 rounded hover:bg-blue-600 transition\">Obtenir les prix<\/a> <a href=\"https:\/\/cloudmlmsoftware.com\/fr\/logiciel-mlm-instances-de-logiciels-dedemonstration-gratuits\/\" target=\"_blank\" rel=\"noopener\" class=\"bg-blue-500 text-white py-2 px-4 rounded hover:bg-blue-600 transition\">Voir la d\u00e9mo<\/a> \n               <\/div>\n            <\/div>\n            <div class=\"relative w-full md:w-3\/12 bottom-0 right-0 mb-6 md:mb-0\">\n               <img decoding=\"async\" src=\"\/wp-content\/uploads\/2024\/08\/widgets-reports-copy.webp\" alt=\"Image\" class=\"md:absolute bottom-[-80px] right-[-50px] w-full\"\/>\n            <\/div>\n         <\/div>\n      <\/div>\n   <\/div>\n<\/section>\n\n\n<p><\/p>\n","protected":false},"excerpt":{"rendered":"<p>Qu&#8217;est-ce qu&#8217;un script HYIP ? Le logiciel HYIP est une solution logicielle avanc\u00e9e con\u00e7ue pour cr\u00e9er et exploiter des plateformes d&#8217;investissement en ligne qui promettent des rendements \u00e9lev\u00e9s. Connu sous le nom de High Yield Investment Program (HYIP), il est devenu populaire en tant qu&#8217;option d&#8217;investissement en raison de sa promesse de rendements substantiels sur [&hellip;]<\/p>\n","protected":false},"author":1,"featured_media":0,"parent":0,"menu_order":0,"comment_status":"closed","ping_status":"closed","template":"hyipscript-page.php","meta":{"_acf_changed":false,"footnotes":""},"class_list":["post-8000","page","type-page","status-publish","hentry"],"acf":[],"yoast_head":"<!-- This site is optimized with the Yoast SEO Premium plugin v23.6 (Yoast SEO v25.9) - https:\/\/yoast.com\/wordpress\/plugins\/seo\/ -->\n<title>Script HYIP | Meilleur script de gestionnaire HYIP<\/title>\n<meta name=\"description\" content=\"D\u00e9veloppez vos opportunit\u00e9s commerciales en personnalisant les scripts HYIP. R\u00e9pondez \u00e0 vos attentes avec le module HYIP, adapt\u00e9 aux besoins sp\u00e9cifiques de votre entreprise.\" \/>\n<meta name=\"robots\" content=\"index, follow, max-snippet:-1, max-image-preview:large, max-video-preview:-1\" \/>\n<link rel=\"canonical\" href=\"https:\/\/cloudmlmsoftware.com\/fr\/script-hyip\/\" \/>\n<meta property=\"og:locale\" content=\"fr_FR\" \/>\n<meta property=\"og:type\" content=\"article\" \/>\n<meta property=\"og:title\" content=\"Script HYIP\" \/>\n<meta property=\"og:description\" content=\"D\u00e9veloppez vos opportunit\u00e9s commerciales en personnalisant les scripts HYIP. R\u00e9pondez \u00e0 vos attentes avec le module HYIP, adapt\u00e9 aux besoins sp\u00e9cifiques de votre entreprise.\" \/>\n<meta property=\"og:url\" content=\"https:\/\/cloudmlmsoftware.com\/fr\/script-hyip\/\" \/>\n<meta property=\"og:site_name\" content=\"Cloud MLM Software\" \/>\n<meta property=\"article:modified_time\" content=\"2024-12-02T06:21:06+00:00\" \/>\n<meta name=\"twitter:card\" content=\"summary_large_image\" \/>\n<meta name=\"twitter:label1\" content=\"Dur\u00e9e de lecture estim\u00e9e\" \/>\n\t<meta name=\"twitter:data1\" content=\"4 minutes\" \/>\n<!-- \/ Yoast SEO Premium plugin. -->","yoast_head_json":{"title":"Script HYIP | Meilleur script de gestionnaire HYIP","description":"D\u00e9veloppez vos opportunit\u00e9s commerciales en personnalisant les scripts HYIP. R\u00e9pondez \u00e0 vos attentes avec le module HYIP, adapt\u00e9 aux besoins sp\u00e9cifiques de votre entreprise.","robots":{"index":"index","follow":"follow","max-snippet":"max-snippet:-1","max-image-preview":"max-image-preview:large","max-video-preview":"max-video-preview:-1"},"canonical":"https:\/\/cloudmlmsoftware.com\/fr\/script-hyip\/","og_locale":"fr_FR","og_type":"article","og_title":"Script HYIP","og_description":"D\u00e9veloppez vos opportunit\u00e9s commerciales en personnalisant les scripts HYIP. R\u00e9pondez \u00e0 vos attentes avec le module HYIP, adapt\u00e9 aux besoins sp\u00e9cifiques de votre entreprise.","og_url":"https:\/\/cloudmlmsoftware.com\/fr\/script-hyip\/","og_site_name":"Cloud MLM Software","article_modified_time":"2024-12-02T06:21:06+00:00","twitter_card":"summary_large_image","twitter_misc":{"Dur\u00e9e de lecture estim\u00e9e":"4 minutes"},"schema":{"@context":"https:\/\/schema.org","@graph":[{"@type":"WebPage","@id":"https:\/\/cloudmlmsoftware.com\/fr\/script-hyip\/","url":"https:\/\/cloudmlmsoftware.com\/fr\/script-hyip\/","name":"Script HYIP | Meilleur script de gestionnaire HYIP","isPartOf":{"@id":"https:\/\/cloudmlmsoftware.com\/fr\/#website"},"datePublished":"2024-08-10T06:06:45+00:00","dateModified":"2024-12-02T06:21:06+00:00","description":"D\u00e9veloppez vos opportunit\u00e9s commerciales en personnalisant les scripts HYIP. R\u00e9pondez \u00e0 vos attentes avec le module HYIP, adapt\u00e9 aux besoins sp\u00e9cifiques de votre entreprise.","breadcrumb":{"@id":"https:\/\/cloudmlmsoftware.com\/fr\/script-hyip\/#breadcrumb"},"inLanguage":"fr-FR","potentialAction":[{"@type":"ReadAction","target":["https:\/\/cloudmlmsoftware.com\/fr\/script-hyip\/"]}]},{"@type":"BreadcrumbList","@id":"https:\/\/cloudmlmsoftware.com\/fr\/script-hyip\/#breadcrumb","itemListElement":[{"@type":"ListItem","position":1,"name":"Home","item":"https:\/\/cloudmlmsoftware.com\/fr\/"},{"@type":"ListItem","position":2,"name":"Script HYIP"}]},{"@type":"WebSite","@id":"https:\/\/cloudmlmsoftware.com\/fr\/#website","url":"https:\/\/cloudmlmsoftware.com\/fr\/","name":"Cloud MLM Software","description":"","publisher":{"@id":"https:\/\/cloudmlmsoftware.com\/fr\/#organization"},"potentialAction":[{"@type":"SearchAction","target":{"@type":"EntryPoint","urlTemplate":"https:\/\/cloudmlmsoftware.com\/fr\/?s={search_term_string}"},"query-input":{"@type":"PropertyValueSpecification","valueRequired":true,"valueName":"search_term_string"}}],"inLanguage":"fr-FR"},{"@type":"Organization","@id":"https:\/\/cloudmlmsoftware.com\/fr\/#organization","name":"Cloud MLM Software","url":"https:\/\/cloudmlmsoftware.com\/fr\/","logo":{"@type":"ImageObject","inLanguage":"fr-FR","@id":"https:\/\/cloudmlmsoftware.com\/fr\/#\/schema\/logo\/image\/","url":"https:\/\/cloudmlmsoftware.com\/wp-content\/uploads\/2024\/09\/cloudmlm-logo.webp","contentUrl":"https:\/\/cloudmlmsoftware.com\/wp-content\/uploads\/2024\/09\/cloudmlm-logo.webp","width":200,"height":40,"caption":"Cloud MLM Software"},"image":{"@id":"https:\/\/cloudmlmsoftware.com\/fr\/#\/schema\/logo\/image\/"}}]}},"_links":{"self":[{"href":"https:\/\/cloudmlmsoftware.com\/fr\/wp-json\/wp\/v2\/pages\/8000","targetHints":{"allow":["GET"]}}],"collection":[{"href":"https:\/\/cloudmlmsoftware.com\/fr\/wp-json\/wp\/v2\/pages"}],"about":[{"href":"https:\/\/cloudmlmsoftware.com\/fr\/wp-json\/wp\/v2\/types\/page"}],"author":[{"embeddable":true,"href":"https:\/\/cloudmlmsoftware.com\/fr\/wp-json\/wp\/v2\/users\/1"}],"replies":[{"embeddable":true,"href":"https:\/\/cloudmlmsoftware.com\/fr\/wp-json\/wp\/v2\/comments?post=8000"}],"version-history":[{"count":0,"href":"https:\/\/cloudmlmsoftware.com\/fr\/wp-json\/wp\/v2\/pages\/8000\/revisions"}],"wp:attachment":[{"href":"https:\/\/cloudmlmsoftware.com\/fr\/wp-json\/wp\/v2\/media?parent=8000"}],"curies":[{"name":"wp","href":"https:\/\/api.w.org\/{rel}","templated":true}]}}